{"id":22,"date":"2024-05-07T13:47:55","date_gmt":"2024-05-07T13:47:55","guid":{"rendered":"https:\/\/www.commoncause.org\/wisconsin\/our-impact\/"},"modified":"2025-07-03T08:53:51","modified_gmt":"2025-07-03T13:53:51","slug":"tac-dong-cua-chung-toi","status":"publish","type":"page","link":"https:\/\/www.commoncause.org\/wisconsin\/vi\/our-impact\/","title":{"rendered":"T\u00e1c \u0111\u1ed9ng c\u1ee7a ch\u00fang t\u00f4i"},"content":{"rendered":"","protected":false},"excerpt":{"rendered":"","protected":false},"author":1,"featured_media":0,"parent":0,"menu_order":0,"comment_status":"closed","ping_status":"closed","template":"","meta":{"_acf_changed":false,"_relevanssi_hide_post":"","_relevanssi_hide_content":"","_relevanssi_pin_for_all":"","_relevanssi_pin_keywords":"","_relevanssi_unpin_keywords":"","_relevanssi_related_keywords":"","_relevanssi_related_include_ids":"","_relevanssi_related_exclude_ids":"","_relevanssi_related_no_append":"","_relevanssi_related_not_related":"","_relevanssi_related_posts":"","_relevanssi_noindex_reason":""},"class_list":["post-22","page","type-page","status-publish","hentry"],"acf":{"header":{"component_page_header":{"header_type":"background","title":"T\u00e1c \u0111\u1ed9ng c\u1ee7a ch\u00fang t\u00f4i","lead":"When Common Cause Wisconsin takes action, we make a real difference for democracy.","image":14387,"subnavigation":false}},"sidebar":{"helper_enable_sidebar":false,"helper_media_contact":{"heading":"","manually_enter_person":false,"person":"","name":"","role":"","phone":"","email":""},"helper_links_downloads":{"heading":"","links":null}},"page_layout":[{"acf_fc_layout":"layout_wysiwyg","_acfe_flexible_toggle":"","component_wysiwyg":{"content":"<span style=\"font-weight: 400;\">V\u1edbi s\u1ef1 \u1ee7ng h\u1ed9 c\u1ee7a c\u00e1c th\u00e0nh vi\u00ean t\u1eadn t\u1ee5y, ch\u00fang t\u00f4i \u0111\u00e3 nhi\u1ec1u l\u1ea7n xu\u1ea5t hi\u1ec7n \u0111\u1ec3 b\u1ea3o v\u1ec7 quy\u1ec1n l\u1ee3i c\u1ee7a ng\u01b0\u1eddi d\u00e2n Wisconsin. Ch\u00fang t\u00f4i s\u1ebd ti\u1ebfp t\u1ee5c l\u00e0m cho ch\u00ednh quy\u1ec1n Wisconsin tr\u1edf n\u00ean c\u1edfi m\u1edf, trung th\u1ef1c v\u00e0 c\u00f3 tr\u00e1ch nhi\u1ec7m h\u01a1n. \u0110\u1ed3ng th\u1eddi, ch\u00fang t\u00f4i s\u1ebd gi\u00fap c\u1eed tri Wisconsin t\u1ef1 tin b\u1ecf phi\u1ebfu, tin t\u01b0\u1edfng r\u1eb1ng l\u00e1 phi\u1ebfu c\u1ee7a h\u1ecd s\u1ebd \u0111\u01b0\u1ee3c t\u00ednh.\u00a0<\/span>\r\n\r\n&nbsp;"}},{"acf_fc_layout":"layout_two_column_text_and_image","_acfe_flexible_toggle":"","component_two_column_text_and_image":{"heading":"Check out some of our [highlight]most impactful actions:[\/highlight]","columns":[{"image":7549,"title":"Helping College Students Vote","content":"We provide the state\u2019s only comprehensive, one-stop information site for college and university students on the photo ID requirements. This program was launched in time for the pivotal Supreme Court election in April 2023 which saw record turnout of college and university students. We continue to work to build on that success by continuing to educate, empower, and mobilize young voters across Wisconsin.","link":{"title":"Student Voting Guide","url":"https:\/\/www.commoncause.org\/wisconsin\/resources\/student-voting-guide\/","target":""}},{"image":14388,"title":"Recruiting Election Protection Volunteers","content":"Each election year, Common Cause Wisconsin recruits nonpartisan volunteers across the state to serve as a first line of defense for voters. These volunteers answer voters' questions at their polling places, make sure that voters know their rights, and report any attempts to intimidate or obstruct voters. This program has helped countless Wisconsinites make themselves heard at the ballot box.","link":{"title":"More information at Protect the Vote","url":"https:\/\/protectthevote.net\/","target":"_blank"}}]}},{"acf_fc_layout":"layout_article_and_press_listing","_acfe_flexible_toggle":"","component_article_and_press_listing":{"heading":"Read More about Common Cause in Wisconsin","posts":["{\"site_id\":\"83\",\"post_type\":\"\",\"post_id\":1815}","{\"site_id\":\"83\",\"post_type\":\"\",\"post_id\":1500}","{\"site_id\":\"83\",\"post_type\":\"\",\"post_id\":239}"]}},{"acf_fc_layout":"layout_wysiwyg","_acfe_flexible_toggle":"","component_wysiwyg":{"content":"<h3 style=\"text-align: center;\"><span style=\"font-weight: 400;\">S\u1ef1 \u1ee7ng h\u1ed9 c\u1ee7a b\u1ea1n \u0111\u1ea3m b\u1ea3o r\u1eb1ng ch\u00fang t\u00f4i c\u00f3 th\u1ec3 ti\u1ebfp t\u1ee5c \u0111\u1ea5u tranh cho m\u1ed9t n\u1ec1n d\u00e2n ch\u1ee7 t\u1ed1t \u0111\u1eb9p h\u01a1n \u1edf Wisconsin<\/span>.<\/h3>\r\n<h3 style=\"text-align: center;\"><a class=\"button1\" role=\"button\" href=\"https:\/\/www.commoncause.org\/wisconsin\/vi\/quyen-tang\/\">H\u1ed7 tr\u1ee3 c\u00f4ng vi\u1ec7c c\u1ee7a ch\u00fang t\u00f4i. H\u00e3y quy\u00ean g\u00f3p.<\/a><\/h3>"}}]},"yoast_head":"<!-- This site is optimized with the Yoast SEO Premium plugin v26.6 (Yoast SEO v27.1.1) - https:\/\/yoast.com\/product\/yoast-seo-premium-wordpress\/ -->\n<title>Our Impact - Common Cause Wisconsin<\/title>\n<meta name=\"robots\" content=\"index, follow, max-snippet:-1, max-image-preview:large, max-video-preview:-1\" \/>\n<link rel=\"canonical\" href=\"https:\/\/www.commoncause.org\/wisconsin\/vi\/tac-dong-cua-chung-toi\/\" \/>\n<meta property=\"og:locale\" content=\"vi_VN\" \/>\n<meta property=\"og:type\" content=\"article\" \/>\n<meta property=\"og:title\" content=\"Our Impact\" \/>\n<meta property=\"og:url\" content=\"https:\/\/www.commoncause.org\/wisconsin\/vi\/tac-dong-cua-chung-toi\/\" \/>\n<meta property=\"og:site_name\" content=\"Common Cause Wisconsin\" \/>\n<meta property=\"article:modified_time\" content=\"2025-07-03T13:53:51+00:00\" \/>\n<meta property=\"og:image\" content=\"https:\/\/www.commoncause.org\/wisconsin\/wp-content\/uploads\/2024\/08\/common-cause-share-image.png\" \/>\n\t<meta property=\"og:image:width\" content=\"1200\" \/>\n\t<meta property=\"og:image:height\" content=\"630\" \/>\n\t<meta property=\"og:image:type\" content=\"image\/png\" \/>\n<meta name=\"twitter:card\" content=\"summary_large_image\" \/>\n<script type=\"application\/ld+json\" class=\"yoast-schema-graph\">{\"@context\":\"https:\/\/schema.org\",\"@graph\":[{\"@type\":\"WebPage\",\"@id\":\"https:\/\/www.commoncause.org\/wisconsin\/our-impact\/\",\"url\":\"https:\/\/www.commoncause.org\/wisconsin\/our-impact\/\",\"name\":\"Our Impact - Common Cause Wisconsin\",\"isPartOf\":{\"@id\":\"https:\/\/www.commoncause.org\/wisconsin\/#website\"},\"datePublished\":\"2024-05-07T13:47:55+00:00\",\"dateModified\":\"2025-07-03T13:53:51+00:00\",\"breadcrumb\":{\"@id\":\"https:\/\/www.commoncause.org\/wisconsin\/our-impact\/#breadcrumb\"},\"inLanguage\":\"vi\",\"potentialAction\":[{\"@type\":\"ReadAction\",\"target\":[\"https:\/\/www.commoncause.org\/wisconsin\/our-impact\/\"]}]},{\"@type\":\"BreadcrumbList\",\"@id\":\"https:\/\/www.commoncause.org\/wisconsin\/our-impact\/#breadcrumb\",\"itemListElement\":[{\"@type\":\"ListItem\",\"position\":1,\"name\":\"Home\",\"item\":\"https:\/\/www.commoncause.org\/wisconsin\/\"},{\"@type\":\"ListItem\",\"position\":2,\"name\":\"Our Impact\"}]},{\"@type\":\"WebSite\",\"@id\":\"https:\/\/www.commoncause.org\/wisconsin\/#website\",\"url\":\"https:\/\/www.commoncause.org\/wisconsin\/\",\"name\":\"Common Cause Wisconsin\",\"description\":\"\",\"potentialAction\":[{\"@type\":\"SearchAction\",\"target\":{\"@type\":\"EntryPoint\",\"urlTemplate\":\"https:\/\/www.commoncause.org\/wisconsin\/?s={search_term_string}\"},\"query-input\":{\"@type\":\"PropertyValueSpecification\",\"valueRequired\":true,\"valueName\":\"search_term_string\"}}],\"inLanguage\":\"vi\"}]}<\/script>\n<!-- \/ Yoast SEO Premium plugin. -->","yoast_head_json":{"title":"T\u00e1c \u0111\u1ed9ng c\u1ee7a ch\u00fang t\u00f4i - Common Cause Wisconsin","robots":{"index":"index","follow":"follow","max-snippet":"max-snippet:-1","max-image-preview":"max-image-preview:large","max-video-preview":"max-video-preview:-1"},"canonical":"https:\/\/www.commoncause.org\/wisconsin\/vi\/tac-dong-cua-chung-toi\/","og_locale":"vi_VN","og_type":"article","og_title":"Our Impact","og_url":"https:\/\/www.commoncause.org\/wisconsin\/vi\/tac-dong-cua-chung-toi\/","og_site_name":"Common Cause Wisconsin","article_modified_time":"2025-07-03T13:53:51+00:00","og_image":[{"width":1200,"height":630,"url":"https:\/\/www.commoncause.org\/wisconsin\/wp-content\/uploads\/2024\/08\/common-cause-share-image.png","type":"image\/png"}],"twitter_card":"summary_large_image","schema":{"@context":"https:\/\/schema.org","@graph":[{"@type":"WebPage","@id":"https:\/\/www.commoncause.org\/wisconsin\/our-impact\/","url":"https:\/\/www.commoncause.org\/wisconsin\/our-impact\/","name":"T\u00e1c \u0111\u1ed9ng c\u1ee7a ch\u00fang t\u00f4i - Common Cause Wisconsin","isPartOf":{"@id":"https:\/\/www.commoncause.org\/wisconsin\/#website"},"datePublished":"2024-05-07T13:47:55+00:00","dateModified":"2025-07-03T13:53:51+00:00","breadcrumb":{"@id":"https:\/\/www.commoncause.org\/wisconsin\/our-impact\/#breadcrumb"},"inLanguage":"vi","potentialAction":[{"@type":"ReadAction","target":["https:\/\/www.commoncause.org\/wisconsin\/our-impact\/"]}]},{"@type":"BreadcrumbList","@id":"https:\/\/www.commoncause.org\/wisconsin\/our-impact\/#breadcrumb","itemListElement":[{"@type":"ListItem","position":1,"name":"Home","item":"https:\/\/www.commoncause.org\/wisconsin\/"},{"@type":"ListItem","position":2,"name":"Our Impact"}]},{"@type":"WebSite","@id":"https:\/\/www.commoncause.org\/wisconsin\/#website","url":"https:\/\/www.commoncause.org\/wisconsin\/","name":"Nguy\u00ean nh\u00e2n chung Wisconsin","description":"","potentialAction":[{"@type":"SearchAction","target":{"@type":"EntryPoint","urlTemplate":"https:\/\/www.commoncause.org\/wisconsin\/?s={search_term_string}"},"query-input":{"@type":"PropertyValueSpecification","valueRequired":true,"valueName":"search_term_string"}}],"inLanguage":"vi"}]}},"distributor_meta":false,"distributor_terms":false,"distributor_media":false,"distributor_original_site_name":"Common Cause Wisconsin","distributor_original_site_url":"https:\/\/www.commoncause.org\/wisconsin\/vi","push-errors":false,"_links":{"self":[{"href":"https:\/\/www.commoncause.org\/wisconsin\/vi\/wp-json\/wp\/v2\/pages\/22","targetHints":{"allow":["GET"]}}],"collection":[{"href":"https:\/\/www.commoncause.org\/wisconsin\/vi\/wp-json\/wp\/v2\/pages"}],"about":[{"href":"https:\/\/www.commoncause.org\/wisconsin\/vi\/wp-json\/wp\/v2\/types\/page"}],"author":[{"embeddable":true,"href":"https:\/\/www.commoncause.org\/wisconsin\/vi\/wp-json\/wp\/v2\/users\/1"}],"replies":[{"embeddable":true,"href":"https:\/\/www.commoncause.org\/wisconsin\/vi\/wp-json\/wp\/v2\/comments?post=22"}],"version-history":[{"count":18,"href":"https:\/\/www.commoncause.org\/wisconsin\/vi\/wp-json\/wp\/v2\/pages\/22\/revisions"}],"predecessor-version":[{"id":1848,"href":"https:\/\/www.commoncause.org\/wisconsin\/vi\/wp-json\/wp\/v2\/pages\/22\/revisions\/1848"}],"wp:attachment":[{"href":"https:\/\/www.commoncause.org\/wisconsin\/vi\/wp-json\/wp\/v2\/media?parent=22"}],"curies":[{"name":"wp","href":"https:\/\/api.w.org\/{rel}","templated":true}]}}