{"id":2,"date":"2024-04-25T12:45:51","date_gmt":"2024-04-25T12:45:51","guid":{"rendered":"https:\/\/www.commoncause.org\/wisconsin\/?page_id=2"},"modified":"2024-06-04T16:58:36","modified_gmt":"2024-06-04T16:58:36","slug":"trang-mau","status":"publish","type":"page","link":"https:\/\/www.commoncause.org\/wisconsin\/vi\/sample-page\/","title":{"rendered":"Trang m\u1eabu"},"content":{"rendered":"<p>\u0110\u00e2y l\u00e0 m\u1ed9t trang m\u1eabu. N\u00f3 kh\u00e1c v\u1edbi b\u00e0i \u0111\u0103ng tr\u00ean blog v\u00ec n\u00f3 s\u1ebd \u1edf m\u1ed9t v\u1ecb tr\u00ed v\u00e0 s\u1ebd hi\u1ec3n th\u1ecb trong \u0111i\u1ec1u h\u01b0\u1edbng trang web c\u1ee7a b\u1ea1n (trong h\u1ea7u h\u1ebft c\u00e1c ch\u1ee7 \u0111\u1ec1). H\u1ea7u h\u1ebft m\u1ecdi ng\u01b0\u1eddi b\u1eaft \u0111\u1ea7u b\u1eb1ng trang Gi\u1edbi thi\u1ec7u gi\u1edbi thi\u1ec7u h\u1ecd v\u1edbi nh\u1eefng ng\u01b0\u1eddi truy c\u1eadp trang web ti\u1ec1m n\u0103ng. N\u00f3 c\u00f3 th\u1ec3 n\u00f3i nh\u01b0 th\u1ebf n\u00e0y:<\/p>\n\n\n\n<blockquote class=\"wp-block-quote is-layout-flow wp-block-quote-is-layout-flow\"><p>Xin ch\u00e0o! T\u00f4i l\u00e0 ng\u01b0\u1eddi \u0111\u01b0a th\u01b0 b\u1eb1ng xe \u0111\u1ea1p v\u00e0o ban ng\u00e0y, l\u00e0 di\u1ec5n vi\u00ean \u0111\u1ea7y tham v\u1ecdng v\u00e0o ban \u0111\u00eam, v\u00e0 \u0111\u00e2y l\u00e0 trang web c\u1ee7a t\u00f4i. T\u00f4i s\u1ed1ng \u1edf Los Angeles, c\u00f3 m\u1ed9t ch\u00fa ch\u00f3 tuy\u1ec7t v\u1eddi t\u00ean l\u00e0 Jack, v\u00e0 t\u00f4i th\u00edch pi\u00f1a coladas. (V\u00e0 b\u1ecb m\u1eafc m\u01b0a.)<\/p><\/blockquote>\n\n\n\n<p>\u2026ho\u1eb7c t\u01b0\u01a1ng t\u1ef1 nh\u01b0 th\u1ebf n\u00e0y:<\/p>\n\n\n\n<blockquote class=\"wp-block-quote is-layout-flow wp-block-quote-is-layout-flow\"><p>C\u00f4ng ty XYZ Doohickey \u0111\u01b0\u1ee3c th\u00e0nh l\u1eadp v\u00e0o n\u0103m 1971 v\u00e0 \u0111\u00e3 cung c\u1ea5p \u0111\u1ed3 d\u00f9ng ch\u1ea5t l\u01b0\u1ee3ng cho c\u00f4ng ch\u00fang k\u1ec3 t\u1eeb \u0111\u00f3. T\u1ecda l\u1ea1c t\u1ea1i Th\u00e0nh ph\u1ed1 Gotham, XYZ tuy\u1ec3n d\u1ee5ng h\u01a1n 2.000 ng\u01b0\u1eddi v\u00e0 l\u00e0m \u0111\u1ee7 m\u1ecdi th\u1ee9 tuy\u1ec7t v\u1eddi cho c\u1ed9ng \u0111\u1ed3ng Gotham.<\/p><\/blockquote>\n\n\n\n<p>L\u00e0 ng\u01b0\u1eddi d\u00f9ng WordPress m\u1edbi, b\u1ea1n n\u00ean truy c\u1eadp <a href=\"https:\/\/www.commoncause.org\/wisconsin\/wp-admin\/\">b\u1ea3ng \u0111i\u1ec1u khi\u1ec3n c\u1ee7a b\u1ea1n<\/a> \u0111\u1ec3 x\u00f3a trang n\u00e0y v\u00e0 t\u1ea1o trang m\u1edbi cho n\u1ed9i dung c\u1ee7a b\u1ea1n. Ch\u00fac vui v\u1ebb!<\/p>","protected":false},"excerpt":{"rendered":"<p>This is an example page. It&#8217;s different from a blog post because it will stay in one place and will show up in your site navigation (in most themes). Most people start with an About page that introduces them to potential site visitors. It might say something like this: Hi there! I&#8217;m a bike messenger [&hellip;]<\/p>\n","protected":false},"author":1,"featured_media":0,"parent":0,"menu_order":0,"comment_status":"closed","ping_status":"closed","template":"","meta":{"_acf_changed":false,"_relevanssi_hide_post":"","_relevanssi_hide_content":"","_relevanssi_pin_for_all":"","_relevanssi_pin_keywords":"","_relevanssi_unpin_keywords":"","_relevanssi_related_keywords":"","_relevanssi_related_include_ids":"","_relevanssi_related_exclude_ids":"","_relevanssi_related_no_append":"","_relevanssi_related_not_related":"","_relevanssi_related_posts":"","_relevanssi_noindex_reason":""},"class_list":["post-2","page","type-page","status-publish","hentry"],"acf":{"header":{"component_page_header":{"header_type":"background","title":"N\u1ed9i dung ki\u1ec3m tra","lead":"We put our proven policy expertise, our network of grassroots supporters, and our nonpartisan approach into action to strengthen our democracy against the challenges it faces today. We work across Wisconsin on priorities that impact each of our lives\u2014like defending the right to vote, making our government more accountable, promoting transparency, and more.\r\n\r\n&nbsp;\r\n\r\nWhen We the People come together, we can make a real and lasting difference. Taking action with Common Cause Wisconsin means joining a powerful movement in pursuit of a democracy that gives all Wisconsinites a voice in the decisions that shape our future.","image":1831,"subnavigation":false}},"sidebar":{"helper_enable_sidebar":false,"helper_media_contact":{"heading":"Media Contact","manually_enter_person":false,"person":"","name":"","role":"","phone":"","email":""},"helper_links_downloads":{"heading":"Links & Downloads","links":null}},"page_layout":[{"acf_fc_layout":"layout_wysiwyg","_acfe_flexible_toggle":"","component_wysiwyg":{"content":"B\u00e0i ki\u1ec3m tra"}},{"acf_fc_layout":"layout_wysiwyg","_acfe_flexible_toggle":"","component_wysiwyg":{"content":"C\u1eadp nh\u1eadt n\u1ed9i dung ki\u1ec3m tra\r\n\r\n&nbsp;\r\n\r\n<img class=\"alignnone size-medium wp-image-17223\" src=\"https:\/\/www.commoncause.org\/wisconsin\/wp-content\/uploads\/2024\/06\/State_Capiol_building_in_Harrisburg_Pennsylvania-300x129.jpg\" alt=\"\" width=\"300\" height=\"129\" \/>"}},{"acf_fc_layout":"layout_wysiwyg","_acfe_flexible_toggle":"","component_wysiwyg":{"content":"M\u1ed9t s\u1ed1 n\u1ed9i dung ki\u1ec3m tra kh\u00e1c."}},{"acf_fc_layout":"layout_wysiwyg","_acfe_flexible_toggle":"","component_wysiwyg":{"content":"V\u00e0 m\u1ed9t s\u1ed1 n\u1ed9i dung ki\u1ec3m tra."}},{"acf_fc_layout":"layout_accordion","_acfe_flexible_toggle":"","component_accordion":{"heading":"","panels":[{"panel_heading":"Test","panel_copy":"Test"}]}},{"acf_fc_layout":"layout_two_column_text_and_image","_acfe_flexible_toggle":"","component_two_column_text_and_image":{"heading":"","columns":[{"image":"","title":"","content":"","link":""},{"image":"","title":"","content":"","link":""}]}},{"acf_fc_layout":"layout_wysiwyg","_acfe_flexible_toggle":"","component_wysiwyg":{"content":"B\u00e0i ki\u1ec3m tra"}}]},"yoast_head":"<!-- This site is optimized with the Yoast SEO Premium plugin v26.6 (Yoast SEO v27.1.1) - https:\/\/yoast.com\/product\/yoast-seo-premium-wordpress\/ -->\n<title>Sample Page - Common Cause Wisconsin<\/title>\n<meta name=\"robots\" content=\"index, follow, max-snippet:-1, max-image-preview:large, max-video-preview:-1\" \/>\n<link rel=\"canonical\" href=\"https:\/\/www.commoncause.org\/wisconsin\/vi\/trang-mau\/\" \/>\n<meta property=\"og:locale\" content=\"vi_VN\" \/>\n<meta property=\"og:type\" content=\"article\" \/>\n<meta property=\"og:title\" content=\"Sample Page\" \/>\n<meta property=\"og:description\" content=\"This is an example page. It&#8217;s different from a blog post because it will stay in one place and will show up in your site navigation (in most themes). Most people start with an About page that introduces them to potential site visitors. It might say something like this: Hi there! I&#8217;m a bike messenger [&hellip;]\" \/>\n<meta property=\"og:url\" content=\"https:\/\/www.commoncause.org\/wisconsin\/vi\/trang-mau\/\" \/>\n<meta property=\"og:site_name\" content=\"Common Cause Wisconsin\" \/>\n<meta property=\"article:modified_time\" content=\"2024-06-04T16:58:36+00:00\" \/>\n<meta property=\"og:image\" content=\"https:\/\/www.commoncause.org\/wisconsin\/wp-content\/uploads\/2024\/08\/common-cause-share-image.png\" \/>\n\t<meta property=\"og:image:width\" content=\"1200\" \/>\n\t<meta property=\"og:image:height\" content=\"630\" \/>\n\t<meta property=\"og:image:type\" content=\"image\/png\" \/>\n<meta name=\"twitter:card\" content=\"summary_large_image\" \/>\n<script type=\"application\/ld+json\" class=\"yoast-schema-graph\">{\"@context\":\"https:\/\/schema.org\",\"@graph\":[{\"@type\":\"WebPage\",\"@id\":\"https:\/\/www.commoncause.org\/wisconsin\/sample-page\/\",\"url\":\"https:\/\/www.commoncause.org\/wisconsin\/sample-page\/\",\"name\":\"Sample Page - Common Cause Wisconsin\",\"isPartOf\":{\"@id\":\"https:\/\/www.commoncause.org\/wisconsin\/#website\"},\"datePublished\":\"2024-04-25T12:45:51+00:00\",\"dateModified\":\"2024-06-04T16:58:36+00:00\",\"breadcrumb\":{\"@id\":\"https:\/\/www.commoncause.org\/wisconsin\/sample-page\/#breadcrumb\"},\"inLanguage\":\"vi\",\"potentialAction\":[{\"@type\":\"ReadAction\",\"target\":[\"https:\/\/www.commoncause.org\/wisconsin\/sample-page\/\"]}]},{\"@type\":\"BreadcrumbList\",\"@id\":\"https:\/\/www.commoncause.org\/wisconsin\/sample-page\/#breadcrumb\",\"itemListElement\":[{\"@type\":\"ListItem\",\"position\":1,\"name\":\"Home\",\"item\":\"https:\/\/www.commoncause.org\/wisconsin\/\"},{\"@type\":\"ListItem\",\"position\":2,\"name\":\"Sample Page\"}]},{\"@type\":\"WebSite\",\"@id\":\"https:\/\/www.commoncause.org\/wisconsin\/#website\",\"url\":\"https:\/\/www.commoncause.org\/wisconsin\/\",\"name\":\"Common Cause Wisconsin\",\"description\":\"\",\"potentialAction\":[{\"@type\":\"SearchAction\",\"target\":{\"@type\":\"EntryPoint\",\"urlTemplate\":\"https:\/\/www.commoncause.org\/wisconsin\/?s={search_term_string}\"},\"query-input\":{\"@type\":\"PropertyValueSpecification\",\"valueRequired\":true,\"valueName\":\"search_term_string\"}}],\"inLanguage\":\"vi\"}]}<\/script>\n<!-- \/ Yoast SEO Premium plugin. -->","yoast_head_json":{"title":"Trang m\u1eabu - Nguy\u00ean nh\u00e2n chung Wisconsin","robots":{"index":"index","follow":"follow","max-snippet":"max-snippet:-1","max-image-preview":"max-image-preview:large","max-video-preview":"max-video-preview:-1"},"canonical":"https:\/\/www.commoncause.org\/wisconsin\/vi\/trang-mau\/","og_locale":"vi_VN","og_type":"article","og_title":"Sample Page","og_description":"This is an example page. It&#8217;s different from a blog post because it will stay in one place and will show up in your site navigation (in most themes). Most people start with an About page that introduces them to potential site visitors. It might say something like this: Hi there! I&#8217;m a bike messenger [&hellip;]","og_url":"https:\/\/www.commoncause.org\/wisconsin\/vi\/trang-mau\/","og_site_name":"Common Cause Wisconsin","article_modified_time":"2024-06-04T16:58:36+00:00","og_image":[{"width":1200,"height":630,"url":"https:\/\/www.commoncause.org\/wisconsin\/wp-content\/uploads\/2024\/08\/common-cause-share-image.png","type":"image\/png"}],"twitter_card":"summary_large_image","schema":{"@context":"https:\/\/schema.org","@graph":[{"@type":"WebPage","@id":"https:\/\/www.commoncause.org\/wisconsin\/sample-page\/","url":"https:\/\/www.commoncause.org\/wisconsin\/sample-page\/","name":"Trang m\u1eabu - Nguy\u00ean nh\u00e2n chung Wisconsin","isPartOf":{"@id":"https:\/\/www.commoncause.org\/wisconsin\/#website"},"datePublished":"2024-04-25T12:45:51+00:00","dateModified":"2024-06-04T16:58:36+00:00","breadcrumb":{"@id":"https:\/\/www.commoncause.org\/wisconsin\/sample-page\/#breadcrumb"},"inLanguage":"vi","potentialAction":[{"@type":"ReadAction","target":["https:\/\/www.commoncause.org\/wisconsin\/sample-page\/"]}]},{"@type":"BreadcrumbList","@id":"https:\/\/www.commoncause.org\/wisconsin\/sample-page\/#breadcrumb","itemListElement":[{"@type":"ListItem","position":1,"name":"Home","item":"https:\/\/www.commoncause.org\/wisconsin\/"},{"@type":"ListItem","position":2,"name":"Sample Page"}]},{"@type":"WebSite","@id":"https:\/\/www.commoncause.org\/wisconsin\/#website","url":"https:\/\/www.commoncause.org\/wisconsin\/","name":"Nguy\u00ean nh\u00e2n chung Wisconsin","description":"","potentialAction":[{"@type":"SearchAction","target":{"@type":"EntryPoint","urlTemplate":"https:\/\/www.commoncause.org\/wisconsin\/?s={search_term_string}"},"query-input":{"@type":"PropertyValueSpecification","valueRequired":true,"valueName":"search_term_string"}}],"inLanguage":"vi"}]}},"distributor_meta":false,"distributor_terms":false,"distributor_media":false,"distributor_original_site_name":"Common Cause Wisconsin","distributor_original_site_url":"https:\/\/www.commoncause.org\/wisconsin\/vi","push-errors":false,"_links":{"self":[{"href":"https:\/\/www.commoncause.org\/wisconsin\/vi\/wp-json\/wp\/v2\/pages\/2","targetHints":{"allow":["GET"]}}],"collection":[{"href":"https:\/\/www.commoncause.org\/wisconsin\/vi\/wp-json\/wp\/v2\/pages"}],"about":[{"href":"https:\/\/www.commoncause.org\/wisconsin\/vi\/wp-json\/wp\/v2\/types\/page"}],"author":[{"embeddable":true,"href":"https:\/\/www.commoncause.org\/wisconsin\/vi\/wp-json\/wp\/v2\/users\/1"}],"replies":[{"embeddable":true,"href":"https:\/\/www.commoncause.org\/wisconsin\/vi\/wp-json\/wp\/v2\/comments?post=2"}],"version-history":[{"count":3,"href":"https:\/\/www.commoncause.org\/wisconsin\/vi\/wp-json\/wp\/v2\/pages\/2\/revisions"}],"predecessor-version":[{"id":427,"href":"https:\/\/www.commoncause.org\/wisconsin\/vi\/wp-json\/wp\/v2\/pages\/2\/revisions\/427"}],"wp:attachment":[{"href":"https:\/\/www.commoncause.org\/wisconsin\/vi\/wp-json\/wp\/v2\/media?parent=2"}],"curies":[{"name":"wp","href":"https:\/\/api.w.org\/{rel}","templated":true}]}}