{"id":2,"date":"2024-04-25T12:45:51","date_gmt":"2024-04-25T12:45:51","guid":{"rendered":"https:\/\/www.commoncause.org\/wisconsin\/?page_id=2"},"modified":"2024-06-04T16:58:36","modified_gmt":"2024-06-04T16:58:36","slug":"faqe-moster","status":"publish","type":"page","link":"https:\/\/www.commoncause.org\/wisconsin\/sq\/sample-page\/","title":{"rendered":"Faqe Shembull"},"content":{"rendered":"<p>Kjo \u00ebsht\u00eb nj\u00eb faqe shembull. \u00cbsht\u00eb e ndryshme nga nj\u00eb postim n\u00eb blog sepse do t\u00eb q\u00ebndroj\u00eb n\u00eb nj\u00eb vend dhe do t\u00eb shfaqet n\u00eb navigimin e faqes suaj (n\u00eb shumic\u00ebn e temave). Shumica e njer\u00ebzve fillojn\u00eb me nj\u00eb faqe &quot;Rreth nesh&quot; q\u00eb i prezanton ata me vizitor\u00ebt potencial\u00eb t\u00eb faqes. Mund t\u00eb thot\u00eb di\u00e7ka t\u00eb till\u00eb:<\/p>\n\n\n\n<blockquote class=\"wp-block-quote is-layout-flow wp-block-quote-is-layout-flow\"><p>P\u00ebrsh\u00ebndetje! Dit\u00ebn jam lajm\u00ebtar me bi\u00e7iklet\u00eb, nat\u00ebn aspiroj t\u00eb jem aktor dhe kjo \u00ebsht\u00eb faqja ime e internetit. Jetoj n\u00eb Los Angeles, kam nj\u00eb qen t\u00eb mrekulluesh\u00ebm me emrin Jack dhe m\u00eb p\u00eblqejn\u00eb pijet pi\u00f1a colada. (Dhe t\u00eb ngelem n\u00eb shi.)<\/p><\/blockquote>\n\n\n\n<p>... ose di\u00e7ka e till\u00eb:<\/p>\n\n\n\n<blockquote class=\"wp-block-quote is-layout-flow wp-block-quote-is-layout-flow\"><p>Kompania XYZ Doohickey u themelua n\u00eb vitin 1971 dhe q\u00eb at\u00ebher\u00eb i ka ofruar publikut doohickey cil\u00ebsor\u00eb. E vendosur n\u00eb Gotham City, XYZ pun\u00ebson mbi 2,000 njer\u00ebz dhe b\u00ebn t\u00eb gjitha llojet e gj\u00ebrave t\u00eb mrekullueshme p\u00ebr komunitetin e Gotham.<\/p><\/blockquote>\n\n\n\n<p>Si p\u00ebrdorues i ri i WordPress-it, duhet t\u00eb shkoni te <a href=\"https:\/\/www.commoncause.org\/wisconsin\/wp-admin\/\">paneli juaj i kontrollit<\/a> p\u00ebr t\u00eb fshir\u00eb k\u00ebt\u00eb faqe dhe p\u00ebr t\u00eb krijuar faqe t\u00eb reja p\u00ebr p\u00ebrmbajtjen tuaj. Arg\u00ebtohuni!<\/p>","protected":false},"excerpt":{"rendered":"<p>This is an example page. It&#8217;s different from a blog post because it will stay in one place and will show up in your site navigation (in most themes). Most people start with an About page that introduces them to potential site visitors. It might say something like this: Hi there! I&#8217;m a bike messenger [&hellip;]<\/p>\n","protected":false},"author":1,"featured_media":0,"parent":0,"menu_order":0,"comment_status":"closed","ping_status":"closed","template":"","meta":{"_acf_changed":false,"_relevanssi_hide_post":"","_relevanssi_hide_content":"","_relevanssi_pin_for_all":"","_relevanssi_pin_keywords":"","_relevanssi_unpin_keywords":"","_relevanssi_related_keywords":"","_relevanssi_related_include_ids":"","_relevanssi_related_exclude_ids":"","_relevanssi_related_no_append":"","_relevanssi_related_not_related":"","_relevanssi_related_posts":"","_relevanssi_noindex_reason":""},"class_list":["post-2","page","type-page","status-publish","hentry"],"acf":{"header":{"component_page_header":{"header_type":"background","title":"P\u00ebrmbajtja e testit","lead":"We put our proven policy expertise, our network of grassroots supporters, and our nonpartisan approach into action to strengthen our democracy against the challenges it faces today. We work across Wisconsin on priorities that impact each of our lives\u2014like defending the right to vote, making our government more accountable, promoting transparency, and more.\r\n\r\n&nbsp;\r\n\r\nWhen We the People come together, we can make a real and lasting difference. Taking action with Common Cause Wisconsin means joining a powerful movement in pursuit of a democracy that gives all Wisconsinites a voice in the decisions that shape our future.","image":1831,"subnavigation":false}},"sidebar":{"helper_enable_sidebar":false,"helper_media_contact":{"heading":"Media Contact","manually_enter_person":false,"person":"","name":"","role":"","phone":"","email":""},"helper_links_downloads":{"heading":"Links & Downloads","links":null}},"page_layout":[{"acf_fc_layout":"layout_wysiwyg","_acfe_flexible_toggle":"","component_wysiwyg":{"content":"Test"}},{"acf_fc_layout":"layout_wysiwyg","_acfe_flexible_toggle":"","component_wysiwyg":{"content":"P\u00ebrdit\u00ebsimi i p\u00ebrmbajtjes s\u00eb testit\r\n\r\n&nbsp;\r\n\r\n<img class=\"alignnone size-medium wp-image-17223\" src=\"https:\/\/www.commoncause.org\/wisconsin\/wp-content\/uploads\/2024\/06\/State_Capiol_building_in_Harrisburg_Pennsylvania-300x129.jpg\" alt=\"\" width=\"300\" height=\"129\" \/>"}},{"acf_fc_layout":"layout_wysiwyg","_acfe_flexible_toggle":"","component_wysiwyg":{"content":"Disa p\u00ebrmbajtje t\u00eb tjera testimi."}},{"acf_fc_layout":"layout_wysiwyg","_acfe_flexible_toggle":"","component_wysiwyg":{"content":"Dhe disa p\u00ebrmbajtje testimi."}},{"acf_fc_layout":"layout_accordion","_acfe_flexible_toggle":"","component_accordion":{"heading":"","panels":[{"panel_heading":"Test","panel_copy":"Test"}]}},{"acf_fc_layout":"layout_two_column_text_and_image","_acfe_flexible_toggle":"","component_two_column_text_and_image":{"heading":"","columns":[{"image":"","title":"","content":"","link":""},{"image":"","title":"","content":"","link":""}]}},{"acf_fc_layout":"layout_wysiwyg","_acfe_flexible_toggle":"","component_wysiwyg":{"content":"Test"}}]},"yoast_head":"<!-- This site is optimized with the Yoast SEO Premium plugin v26.6 (Yoast SEO v27.1.1) - https:\/\/yoast.com\/product\/yoast-seo-premium-wordpress\/ -->\n<title>Sample Page - Common Cause Wisconsin<\/title>\n<meta name=\"robots\" content=\"index, follow, max-snippet:-1, max-image-preview:large, max-video-preview:-1\" \/>\n<link rel=\"canonical\" href=\"https:\/\/www.commoncause.org\/wisconsin\/sq\/faqe-moster\/\" \/>\n<meta property=\"og:locale\" content=\"sq_AL\" \/>\n<meta property=\"og:type\" content=\"article\" \/>\n<meta property=\"og:title\" content=\"Sample Page\" \/>\n<meta property=\"og:description\" content=\"This is an example page. It&#8217;s different from a blog post because it will stay in one place and will show up in your site navigation (in most themes). Most people start with an About page that introduces them to potential site visitors. It might say something like this: Hi there! I&#8217;m a bike messenger [&hellip;]\" \/>\n<meta property=\"og:url\" content=\"https:\/\/www.commoncause.org\/wisconsin\/sq\/faqe-moster\/\" \/>\n<meta property=\"og:site_name\" content=\"Common Cause Wisconsin\" \/>\n<meta property=\"article:modified_time\" content=\"2024-06-04T16:58:36+00:00\" \/>\n<meta property=\"og:image\" content=\"https:\/\/www.commoncause.org\/wisconsin\/wp-content\/uploads\/2024\/08\/common-cause-share-image.png\" \/>\n\t<meta property=\"og:image:width\" content=\"1200\" \/>\n\t<meta property=\"og:image:height\" content=\"630\" \/>\n\t<meta property=\"og:image:type\" content=\"image\/png\" \/>\n<meta name=\"twitter:card\" content=\"summary_large_image\" \/>\n<script type=\"application\/ld+json\" class=\"yoast-schema-graph\">{\"@context\":\"https:\/\/schema.org\",\"@graph\":[{\"@type\":\"WebPage\",\"@id\":\"https:\/\/www.commoncause.org\/wisconsin\/sample-page\/\",\"url\":\"https:\/\/www.commoncause.org\/wisconsin\/sample-page\/\",\"name\":\"Sample Page - Common Cause Wisconsin\",\"isPartOf\":{\"@id\":\"https:\/\/www.commoncause.org\/wisconsin\/#website\"},\"datePublished\":\"2024-04-25T12:45:51+00:00\",\"dateModified\":\"2024-06-04T16:58:36+00:00\",\"breadcrumb\":{\"@id\":\"https:\/\/www.commoncause.org\/wisconsin\/sample-page\/#breadcrumb\"},\"inLanguage\":\"sq\",\"potentialAction\":[{\"@type\":\"ReadAction\",\"target\":[\"https:\/\/www.commoncause.org\/wisconsin\/sample-page\/\"]}]},{\"@type\":\"BreadcrumbList\",\"@id\":\"https:\/\/www.commoncause.org\/wisconsin\/sample-page\/#breadcrumb\",\"itemListElement\":[{\"@type\":\"ListItem\",\"position\":1,\"name\":\"Home\",\"item\":\"https:\/\/www.commoncause.org\/wisconsin\/\"},{\"@type\":\"ListItem\",\"position\":2,\"name\":\"Sample Page\"}]},{\"@type\":\"WebSite\",\"@id\":\"https:\/\/www.commoncause.org\/wisconsin\/#website\",\"url\":\"https:\/\/www.commoncause.org\/wisconsin\/\",\"name\":\"Common Cause Wisconsin\",\"description\":\"\",\"potentialAction\":[{\"@type\":\"SearchAction\",\"target\":{\"@type\":\"EntryPoint\",\"urlTemplate\":\"https:\/\/www.commoncause.org\/wisconsin\/?s={search_term_string}\"},\"query-input\":{\"@type\":\"PropertyValueSpecification\",\"valueRequired\":true,\"valueName\":\"search_term_string\"}}],\"inLanguage\":\"sq\"}]}<\/script>\n<!-- \/ Yoast SEO Premium plugin. -->","yoast_head_json":{"title":"Faqe e mostr\u00ebs - Shkaku i zakonsh\u00ebm Wisconsin","robots":{"index":"index","follow":"follow","max-snippet":"max-snippet:-1","max-image-preview":"max-image-preview:large","max-video-preview":"max-video-preview:-1"},"canonical":"https:\/\/www.commoncause.org\/wisconsin\/sq\/faqe-moster\/","og_locale":"sq_AL","og_type":"article","og_title":"Sample Page","og_description":"This is an example page. It&#8217;s different from a blog post because it will stay in one place and will show up in your site navigation (in most themes). Most people start with an About page that introduces them to potential site visitors. It might say something like this: Hi there! I&#8217;m a bike messenger [&hellip;]","og_url":"https:\/\/www.commoncause.org\/wisconsin\/sq\/faqe-moster\/","og_site_name":"Common Cause Wisconsin","article_modified_time":"2024-06-04T16:58:36+00:00","og_image":[{"width":1200,"height":630,"url":"https:\/\/www.commoncause.org\/wisconsin\/wp-content\/uploads\/2024\/08\/common-cause-share-image.png","type":"image\/png"}],"twitter_card":"summary_large_image","schema":{"@context":"https:\/\/schema.org","@graph":[{"@type":"WebPage","@id":"https:\/\/www.commoncause.org\/wisconsin\/sample-page\/","url":"https:\/\/www.commoncause.org\/wisconsin\/sample-page\/","name":"Faqe e mostr\u00ebs - Shkaku i zakonsh\u00ebm Wisconsin","isPartOf":{"@id":"https:\/\/www.commoncause.org\/wisconsin\/#website"},"datePublished":"2024-04-25T12:45:51+00:00","dateModified":"2024-06-04T16:58:36+00:00","breadcrumb":{"@id":"https:\/\/www.commoncause.org\/wisconsin\/sample-page\/#breadcrumb"},"inLanguage":"sq","potentialAction":[{"@type":"ReadAction","target":["https:\/\/www.commoncause.org\/wisconsin\/sample-page\/"]}]},{"@type":"BreadcrumbList","@id":"https:\/\/www.commoncause.org\/wisconsin\/sample-page\/#breadcrumb","itemListElement":[{"@type":"ListItem","position":1,"name":"Home","item":"https:\/\/www.commoncause.org\/wisconsin\/"},{"@type":"ListItem","position":2,"name":"Sample Page"}]},{"@type":"WebSite","@id":"https:\/\/www.commoncause.org\/wisconsin\/#website","url":"https:\/\/www.commoncause.org\/wisconsin\/","name":"Shkaku i p\u00ebrbashk\u00ebt Wisconsin","description":"","potentialAction":[{"@type":"SearchAction","target":{"@type":"EntryPoint","urlTemplate":"https:\/\/www.commoncause.org\/wisconsin\/?s={search_term_string}"},"query-input":{"@type":"PropertyValueSpecification","valueRequired":true,"valueName":"search_term_string"}}],"inLanguage":"sq"}]}},"distributor_meta":false,"distributor_terms":false,"distributor_media":false,"distributor_original_site_name":"Common Cause Wisconsin","distributor_original_site_url":"https:\/\/www.commoncause.org\/wisconsin\/sq","push-errors":false,"_links":{"self":[{"href":"https:\/\/www.commoncause.org\/wisconsin\/sq\/wp-json\/wp\/v2\/pages\/2","targetHints":{"allow":["GET"]}}],"collection":[{"href":"https:\/\/www.commoncause.org\/wisconsin\/sq\/wp-json\/wp\/v2\/pages"}],"about":[{"href":"https:\/\/www.commoncause.org\/wisconsin\/sq\/wp-json\/wp\/v2\/types\/page"}],"author":[{"embeddable":true,"href":"https:\/\/www.commoncause.org\/wisconsin\/sq\/wp-json\/wp\/v2\/users\/1"}],"replies":[{"embeddable":true,"href":"https:\/\/www.commoncause.org\/wisconsin\/sq\/wp-json\/wp\/v2\/comments?post=2"}],"version-history":[{"count":3,"href":"https:\/\/www.commoncause.org\/wisconsin\/sq\/wp-json\/wp\/v2\/pages\/2\/revisions"}],"predecessor-version":[{"id":427,"href":"https:\/\/www.commoncause.org\/wisconsin\/sq\/wp-json\/wp\/v2\/pages\/2\/revisions\/427"}],"wp:attachment":[{"href":"https:\/\/www.commoncause.org\/wisconsin\/sq\/wp-json\/wp\/v2\/media?parent=2"}],"curies":[{"name":"wp","href":"https:\/\/api.w.org\/{rel}","templated":true}]}}