{"id":2,"date":"2024-04-25T12:45:51","date_gmt":"2024-04-25T12:45:51","guid":{"rendered":"https:\/\/www.commoncause.org\/wisconsin\/?page_id=2"},"modified":"2024-06-04T16:58:36","modified_gmt":"2024-06-04T16:58:36","slug":"pagina-de-muestra","status":"publish","type":"page","link":"https:\/\/www.commoncause.org\/wisconsin\/es\/sample-page\/","title":{"rendered":"P\u00e1gina de muestra"},"content":{"rendered":"<p>Esta es una p\u00e1gina de ejemplo. Se diferencia de una entrada de blog porque permanece en un solo lugar y aparece en la navegaci\u00f3n del sitio (en la mayor\u00eda de los temas). La mayor\u00eda de las personas empiezan con una p\u00e1gina &quot;Acerca de&quot; que presenta a los posibles visitantes del sitio. Podr\u00eda decir algo como esto:<\/p>\n\n\n\n<blockquote class=\"wp-block-quote is-layout-flow wp-block-quote-is-layout-flow\"><p>\u00a1Hola! Soy mensajero en bicicleta de d\u00eda y aspirante a actor de noche, y este es mi sitio web. Vivo en Los \u00c1ngeles, tengo un perro genial llamado Jack y me encantan las pi\u00f1as coladas. (Y que me pille la lluvia).<\/p><\/blockquote>\n\n\n\n<p>\u2026o algo as\u00ed:<\/p>\n\n\n\n<blockquote class=\"wp-block-quote is-layout-flow wp-block-quote-is-layout-flow\"><p>La Compa\u00f1\u00eda XYZ de Art\u00edculos de Primera Calidad se fund\u00f3 en 1971 y desde entonces ha proporcionado art\u00edculos de primera calidad al p\u00fablico. Ubicada en Ciudad G\u00f3tica, XYZ emplea a m\u00e1s de 2000 personas y realiza una gran variedad de actividades para la comunidad de Ciudad G\u00f3tica.<\/p><\/blockquote>\n\n\n\n<p>Como nuevo usuario de WordPress, debes ir a <a href=\"https:\/\/www.commoncause.org\/wisconsin\/wp-admin\/\">tu tablero de instrumentos<\/a> Para eliminar esta p\u00e1gina y crear nuevas p\u00e1ginas para tu contenido. \u00a1Que te diviertas!<\/p>","protected":false},"excerpt":{"rendered":"<p>This is an example page. It&#8217;s different from a blog post because it will stay in one place and will show up in your site navigation (in most themes). Most people start with an About page that introduces them to potential site visitors. It might say something like this: Hi there! I&#8217;m a bike messenger [&hellip;]<\/p>\n","protected":false},"author":1,"featured_media":0,"parent":0,"menu_order":0,"comment_status":"closed","ping_status":"closed","template":"","meta":{"_acf_changed":false,"_relevanssi_hide_post":"","_relevanssi_hide_content":"","_relevanssi_pin_for_all":"","_relevanssi_pin_keywords":"","_relevanssi_unpin_keywords":"","_relevanssi_related_keywords":"","_relevanssi_related_include_ids":"","_relevanssi_related_exclude_ids":"","_relevanssi_related_no_append":"","_relevanssi_related_not_related":"","_relevanssi_related_posts":"","_relevanssi_noindex_reason":""},"class_list":["post-2","page","type-page","status-publish","hentry"],"acf":{"header":{"component_page_header":{"header_type":"background","title":"Contenido de la prueba","lead":"We put our proven policy expertise, our network of grassroots supporters, and our nonpartisan approach into action to strengthen our democracy against the challenges it faces today. We work across Wisconsin on priorities that impact each of our lives\u2014like defending the right to vote, making our government more accountable, promoting transparency, and more.\r\n\r\n&nbsp;\r\n\r\nWhen We the People come together, we can make a real and lasting difference. Taking action with Common Cause Wisconsin means joining a powerful movement in pursuit of a democracy that gives all Wisconsinites a voice in the decisions that shape our future.","image":1831,"subnavigation":false}},"sidebar":{"helper_enable_sidebar":false,"helper_media_contact":{"heading":"Media Contact","manually_enter_person":false,"person":"","name":"","role":"","phone":"","email":""},"helper_links_downloads":{"heading":"Links & Downloads","links":null}},"page_layout":[{"acf_fc_layout":"layout_wysiwyg","_acfe_flexible_toggle":"","component_wysiwyg":{"content":"Prueba"}},{"acf_fc_layout":"layout_wysiwyg","_acfe_flexible_toggle":"","component_wysiwyg":{"content":"Actualizaci\u00f3n del contenido de la prueba\r\n\r\n&nbsp;\r\n\r\n<img class=\"alignnone size-medium wp-image-17223\" src=\"https:\/\/www.commoncause.org\/wisconsin\/wp-content\/uploads\/2024\/06\/State_Capiol_building_in_Harrisburg_Pennsylvania-300x129.jpg\" alt=\"\" width=\"300\" height=\"129\" \/>"}},{"acf_fc_layout":"layout_wysiwyg","_acfe_flexible_toggle":"","component_wysiwyg":{"content":"M\u00e1s contenido de prueba."}},{"acf_fc_layout":"layout_wysiwyg","_acfe_flexible_toggle":"","component_wysiwyg":{"content":"Y algo de contenido de prueba."}},{"acf_fc_layout":"layout_accordion","_acfe_flexible_toggle":"","component_accordion":{"heading":"","panels":[{"panel_heading":"Test","panel_copy":"Test"}]}},{"acf_fc_layout":"layout_two_column_text_and_image","_acfe_flexible_toggle":"","component_two_column_text_and_image":{"heading":"","columns":[{"image":"","title":"","content":"","link":""},{"image":"","title":"","content":"","link":""}]}},{"acf_fc_layout":"layout_wysiwyg","_acfe_flexible_toggle":"","component_wysiwyg":{"content":"Prueba"}}]},"yoast_head":"<!-- This site is optimized with the Yoast SEO Premium plugin v26.6 (Yoast SEO v27.1.1) - https:\/\/yoast.com\/product\/yoast-seo-premium-wordpress\/ -->\n<title>Sample Page - Common Cause Wisconsin<\/title>\n<meta name=\"robots\" content=\"index, follow, max-snippet:-1, max-image-preview:large, max-video-preview:-1\" \/>\n<link rel=\"canonical\" href=\"https:\/\/www.commoncause.org\/wisconsin\/es\/pagina-de-muestra\/\" \/>\n<meta property=\"og:locale\" content=\"es_MX\" \/>\n<meta property=\"og:type\" content=\"article\" \/>\n<meta property=\"og:title\" content=\"Sample Page\" \/>\n<meta property=\"og:description\" content=\"This is an example page. It&#8217;s different from a blog post because it will stay in one place and will show up in your site navigation (in most themes). Most people start with an About page that introduces them to potential site visitors. It might say something like this: Hi there! I&#8217;m a bike messenger [&hellip;]\" \/>\n<meta property=\"og:url\" content=\"https:\/\/www.commoncause.org\/wisconsin\/es\/pagina-de-muestra\/\" \/>\n<meta property=\"og:site_name\" content=\"Common Cause Wisconsin\" \/>\n<meta property=\"article:modified_time\" content=\"2024-06-04T16:58:36+00:00\" \/>\n<meta property=\"og:image\" content=\"https:\/\/www.commoncause.org\/wisconsin\/wp-content\/uploads\/2024\/08\/common-cause-share-image.png\" \/>\n\t<meta property=\"og:image:width\" content=\"1200\" \/>\n\t<meta property=\"og:image:height\" content=\"630\" \/>\n\t<meta property=\"og:image:type\" content=\"image\/png\" \/>\n<meta name=\"twitter:card\" content=\"summary_large_image\" \/>\n<script type=\"application\/ld+json\" class=\"yoast-schema-graph\">{\"@context\":\"https:\/\/schema.org\",\"@graph\":[{\"@type\":\"WebPage\",\"@id\":\"https:\/\/www.commoncause.org\/wisconsin\/sample-page\/\",\"url\":\"https:\/\/www.commoncause.org\/wisconsin\/sample-page\/\",\"name\":\"Sample Page - Common Cause Wisconsin\",\"isPartOf\":{\"@id\":\"https:\/\/www.commoncause.org\/wisconsin\/#website\"},\"datePublished\":\"2024-04-25T12:45:51+00:00\",\"dateModified\":\"2024-06-04T16:58:36+00:00\",\"breadcrumb\":{\"@id\":\"https:\/\/www.commoncause.org\/wisconsin\/sample-page\/#breadcrumb\"},\"inLanguage\":\"es\",\"potentialAction\":[{\"@type\":\"ReadAction\",\"target\":[\"https:\/\/www.commoncause.org\/wisconsin\/sample-page\/\"]}]},{\"@type\":\"BreadcrumbList\",\"@id\":\"https:\/\/www.commoncause.org\/wisconsin\/sample-page\/#breadcrumb\",\"itemListElement\":[{\"@type\":\"ListItem\",\"position\":1,\"name\":\"Home\",\"item\":\"https:\/\/www.commoncause.org\/wisconsin\/\"},{\"@type\":\"ListItem\",\"position\":2,\"name\":\"Sample Page\"}]},{\"@type\":\"WebSite\",\"@id\":\"https:\/\/www.commoncause.org\/wisconsin\/#website\",\"url\":\"https:\/\/www.commoncause.org\/wisconsin\/\",\"name\":\"Common Cause Wisconsin\",\"description\":\"\",\"potentialAction\":[{\"@type\":\"SearchAction\",\"target\":{\"@type\":\"EntryPoint\",\"urlTemplate\":\"https:\/\/www.commoncause.org\/wisconsin\/?s={search_term_string}\"},\"query-input\":{\"@type\":\"PropertyValueSpecification\",\"valueRequired\":true,\"valueName\":\"search_term_string\"}}],\"inLanguage\":\"es\"}]}<\/script>\n<!-- \/ Yoast SEO Premium plugin. -->","yoast_head_json":{"title":"P\u00e1gina de muestra - Causa com\u00fan Wisconsin","robots":{"index":"index","follow":"follow","max-snippet":"max-snippet:-1","max-image-preview":"max-image-preview:large","max-video-preview":"max-video-preview:-1"},"canonical":"https:\/\/www.commoncause.org\/wisconsin\/es\/pagina-de-muestra\/","og_locale":"es_MX","og_type":"article","og_title":"Sample Page","og_description":"This is an example page. It&#8217;s different from a blog post because it will stay in one place and will show up in your site navigation (in most themes). Most people start with an About page that introduces them to potential site visitors. It might say something like this: Hi there! I&#8217;m a bike messenger [&hellip;]","og_url":"https:\/\/www.commoncause.org\/wisconsin\/es\/pagina-de-muestra\/","og_site_name":"Common Cause Wisconsin","article_modified_time":"2024-06-04T16:58:36+00:00","og_image":[{"width":1200,"height":630,"url":"https:\/\/www.commoncause.org\/wisconsin\/wp-content\/uploads\/2024\/08\/common-cause-share-image.png","type":"image\/png"}],"twitter_card":"summary_large_image","schema":{"@context":"https:\/\/schema.org","@graph":[{"@type":"WebPage","@id":"https:\/\/www.commoncause.org\/wisconsin\/sample-page\/","url":"https:\/\/www.commoncause.org\/wisconsin\/sample-page\/","name":"P\u00e1gina de muestra - Causa com\u00fan Wisconsin","isPartOf":{"@id":"https:\/\/www.commoncause.org\/wisconsin\/#website"},"datePublished":"2024-04-25T12:45:51+00:00","dateModified":"2024-06-04T16:58:36+00:00","breadcrumb":{"@id":"https:\/\/www.commoncause.org\/wisconsin\/sample-page\/#breadcrumb"},"inLanguage":"es","potentialAction":[{"@type":"ReadAction","target":["https:\/\/www.commoncause.org\/wisconsin\/sample-page\/"]}]},{"@type":"BreadcrumbList","@id":"https:\/\/www.commoncause.org\/wisconsin\/sample-page\/#breadcrumb","itemListElement":[{"@type":"ListItem","position":1,"name":"Home","item":"https:\/\/www.commoncause.org\/wisconsin\/"},{"@type":"ListItem","position":2,"name":"Sample Page"}]},{"@type":"WebSite","@id":"https:\/\/www.commoncause.org\/wisconsin\/#website","url":"https:\/\/www.commoncause.org\/wisconsin\/","name":"Causa com\u00fan Wisconsin","description":"","potentialAction":[{"@type":"SearchAction","target":{"@type":"EntryPoint","urlTemplate":"https:\/\/www.commoncause.org\/wisconsin\/?s={search_term_string}"},"query-input":{"@type":"PropertyValueSpecification","valueRequired":true,"valueName":"search_term_string"}}],"inLanguage":"es"}]}},"distributor_meta":false,"distributor_terms":false,"distributor_media":false,"distributor_original_site_name":"Common Cause Wisconsin","distributor_original_site_url":"https:\/\/www.commoncause.org\/wisconsin\/es","push-errors":false,"_links":{"self":[{"href":"https:\/\/www.commoncause.org\/wisconsin\/es\/wp-json\/wp\/v2\/pages\/2","targetHints":{"allow":["GET"]}}],"collection":[{"href":"https:\/\/www.commoncause.org\/wisconsin\/es\/wp-json\/wp\/v2\/pages"}],"about":[{"href":"https:\/\/www.commoncause.org\/wisconsin\/es\/wp-json\/wp\/v2\/types\/page"}],"author":[{"embeddable":true,"href":"https:\/\/www.commoncause.org\/wisconsin\/es\/wp-json\/wp\/v2\/users\/1"}],"replies":[{"embeddable":true,"href":"https:\/\/www.commoncause.org\/wisconsin\/es\/wp-json\/wp\/v2\/comments?post=2"}],"version-history":[{"count":3,"href":"https:\/\/www.commoncause.org\/wisconsin\/es\/wp-json\/wp\/v2\/pages\/2\/revisions"}],"predecessor-version":[{"id":427,"href":"https:\/\/www.commoncause.org\/wisconsin\/es\/wp-json\/wp\/v2\/pages\/2\/revisions\/427"}],"wp:attachment":[{"href":"https:\/\/www.commoncause.org\/wisconsin\/es\/wp-json\/wp\/v2\/media?parent=2"}],"curies":[{"name":"Gracias","href":"https:\/\/api.w.org\/{rel}","templated":true}]}}