{"id":2,"date":"2024-04-25T12:45:51","date_gmt":"2024-04-25T12:45:51","guid":{"rendered":"https:\/\/www.commoncause.org\/wisconsin\/?page_id=2"},"modified":"2024-06-04T16:58:36","modified_gmt":"2024-06-04T16:58:36","slug":"beispielseite","status":"publish","type":"page","link":"https:\/\/www.commoncause.org\/wisconsin\/de\/sample-page\/","title":{"rendered":"Beispielseite"},"content":{"rendered":"<p>Dies ist eine Beispielseite. Sie unterscheidet sich von einem Blogbeitrag, da sie an derselben Stelle verbleibt und (bei den meisten Themes) in der Navigation Ihrer Website angezeigt wird. Die meisten Nutzer beginnen mit einer \u201e\u00dcber uns\u201c-Seite, die sie potenziellen Website-Besuchern vorstellt. Dort k\u00f6nnte beispielsweise Folgendes stehen:<\/p>\n\n\n\n<blockquote class=\"wp-block-quote is-layout-flow wp-block-quote-is-layout-flow\"><p>Hallo! Tags\u00fcber bin ich Fahrradkurier, nachts aufstrebender Schauspieler, und das ist meine Website. Ich lebe in Los Angeles, habe einen tollen Hund namens Jack und mag Pi\u00f1a Coladas. (Und im Regen stehen.)<\/p><\/blockquote>\n\n\n\n<p>\u2026oder so etwas wie das hier:<\/p>\n\n\n\n<blockquote class=\"wp-block-quote is-layout-flow wp-block-quote-is-layout-flow\"><p>Die XYZ Doohickey Company wurde 1971 gegr\u00fcndet und versorgt die \u00d6ffentlichkeit seitdem mit hochwertigen Produkten. Das in Gotham City ans\u00e4ssige Unternehmen besch\u00e4ftigt \u00fcber 2.000 Mitarbeiter und leistet vielf\u00e4ltige Dienste f\u00fcr die Gotham-Community.<\/p><\/blockquote>\n\n\n\n<p>Als neuer WordPress-Benutzer sollten Sie zu <a href=\"https:\/\/www.commoncause.org\/wisconsin\/wp-admin\/\">Ihr Dashboard<\/a> um diese Seite zu l\u00f6schen und neue Seiten f\u00fcr Ihre Inhalte zu erstellen. Viel Spa\u00df!<\/p>","protected":false},"excerpt":{"rendered":"<p>This is an example page. It&#8217;s different from a blog post because it will stay in one place and will show up in your site navigation (in most themes). Most people start with an About page that introduces them to potential site visitors. It might say something like this: Hi there! I&#8217;m a bike messenger [&hellip;]<\/p>\n","protected":false},"author":1,"featured_media":0,"parent":0,"menu_order":0,"comment_status":"closed","ping_status":"closed","template":"","meta":{"_acf_changed":false,"_relevanssi_hide_post":"","_relevanssi_hide_content":"","_relevanssi_pin_for_all":"","_relevanssi_pin_keywords":"","_relevanssi_unpin_keywords":"","_relevanssi_related_keywords":"","_relevanssi_related_include_ids":"","_relevanssi_related_exclude_ids":"","_relevanssi_related_no_append":"","_relevanssi_related_not_related":"","_relevanssi_related_posts":"","_relevanssi_noindex_reason":""},"class_list":["post-2","page","type-page","status-publish","hentry"],"acf":{"header":{"component_page_header":{"header_type":"background","title":"Testinhalte","lead":"We put our proven policy expertise, our network of grassroots supporters, and our nonpartisan approach into action to strengthen our democracy against the challenges it faces today. We work across Wisconsin on priorities that impact each of our lives\u2014like defending the right to vote, making our government more accountable, promoting transparency, and more.\r\n\r\n&nbsp;\r\n\r\nWhen We the People come together, we can make a real and lasting difference. Taking action with Common Cause Wisconsin means joining a powerful movement in pursuit of a democracy that gives all Wisconsinites a voice in the decisions that shape our future.","image":1831,"subnavigation":false}},"sidebar":{"helper_enable_sidebar":false,"helper_media_contact":{"heading":"Media Contact","manually_enter_person":false,"person":"","name":"","role":"","phone":"","email":""},"helper_links_downloads":{"heading":"Links & Downloads","links":null}},"page_layout":[{"acf_fc_layout":"layout_wysiwyg","_acfe_flexible_toggle":"","component_wysiwyg":{"content":"Pr\u00fcfen"}},{"acf_fc_layout":"layout_wysiwyg","_acfe_flexible_toggle":"","component_wysiwyg":{"content":"Aktualisierung des Testinhalts\r\n\r\n&nbsp;\r\n\r\n<img class=\"alignnone size-medium wp-image-17223\" src=\"https:\/\/www.commoncause.org\/wisconsin\/wp-content\/uploads\/2024\/06\/State_Capiol_building_in_Harrisburg_Pennsylvania-300x129.jpg\" alt=\"\" width=\"300\" height=\"129\" \/>"}},{"acf_fc_layout":"layout_wysiwyg","_acfe_flexible_toggle":"","component_wysiwyg":{"content":"Noch mehr Testinhalte."}},{"acf_fc_layout":"layout_wysiwyg","_acfe_flexible_toggle":"","component_wysiwyg":{"content":"Und einige Testinhalte."}},{"acf_fc_layout":"layout_accordion","_acfe_flexible_toggle":"","component_accordion":{"heading":"","panels":[{"panel_heading":"Test","panel_copy":"Test"}]}},{"acf_fc_layout":"layout_two_column_text_and_image","_acfe_flexible_toggle":"","component_two_column_text_and_image":{"heading":"","columns":[{"image":"","title":"","content":"","link":""},{"image":"","title":"","content":"","link":""}]}},{"acf_fc_layout":"layout_wysiwyg","_acfe_flexible_toggle":"","component_wysiwyg":{"content":"Pr\u00fcfen"}}]},"yoast_head":"<!-- This site is optimized with the Yoast SEO Premium plugin v26.6 (Yoast SEO v27.1.1) - https:\/\/yoast.com\/product\/yoast-seo-premium-wordpress\/ -->\n<title>Sample Page - Common Cause Wisconsin<\/title>\n<meta name=\"robots\" content=\"index, follow, max-snippet:-1, max-image-preview:large, max-video-preview:-1\" \/>\n<link rel=\"canonical\" href=\"https:\/\/www.commoncause.org\/wisconsin\/de\/beispielseite\/\" \/>\n<meta property=\"og:locale\" content=\"de_DE\" \/>\n<meta property=\"og:type\" content=\"article\" \/>\n<meta property=\"og:title\" content=\"Sample Page\" \/>\n<meta property=\"og:description\" content=\"This is an example page. It&#8217;s different from a blog post because it will stay in one place and will show up in your site navigation (in most themes). Most people start with an About page that introduces them to potential site visitors. It might say something like this: Hi there! I&#8217;m a bike messenger [&hellip;]\" \/>\n<meta property=\"og:url\" content=\"https:\/\/www.commoncause.org\/wisconsin\/de\/beispielseite\/\" \/>\n<meta property=\"og:site_name\" content=\"Common Cause Wisconsin\" \/>\n<meta property=\"article:modified_time\" content=\"2024-06-04T16:58:36+00:00\" \/>\n<meta property=\"og:image\" content=\"https:\/\/www.commoncause.org\/wisconsin\/wp-content\/uploads\/2024\/08\/common-cause-share-image.png\" \/>\n\t<meta property=\"og:image:width\" content=\"1200\" \/>\n\t<meta property=\"og:image:height\" content=\"630\" \/>\n\t<meta property=\"og:image:type\" content=\"image\/png\" \/>\n<meta name=\"twitter:card\" content=\"summary_large_image\" \/>\n<script type=\"application\/ld+json\" class=\"yoast-schema-graph\">{\"@context\":\"https:\/\/schema.org\",\"@graph\":[{\"@type\":\"WebPage\",\"@id\":\"https:\/\/www.commoncause.org\/wisconsin\/sample-page\/\",\"url\":\"https:\/\/www.commoncause.org\/wisconsin\/sample-page\/\",\"name\":\"Sample Page - Common Cause Wisconsin\",\"isPartOf\":{\"@id\":\"https:\/\/www.commoncause.org\/wisconsin\/#website\"},\"datePublished\":\"2024-04-25T12:45:51+00:00\",\"dateModified\":\"2024-06-04T16:58:36+00:00\",\"breadcrumb\":{\"@id\":\"https:\/\/www.commoncause.org\/wisconsin\/sample-page\/#breadcrumb\"},\"inLanguage\":\"de\",\"potentialAction\":[{\"@type\":\"ReadAction\",\"target\":[\"https:\/\/www.commoncause.org\/wisconsin\/sample-page\/\"]}]},{\"@type\":\"BreadcrumbList\",\"@id\":\"https:\/\/www.commoncause.org\/wisconsin\/sample-page\/#breadcrumb\",\"itemListElement\":[{\"@type\":\"ListItem\",\"position\":1,\"name\":\"Home\",\"item\":\"https:\/\/www.commoncause.org\/wisconsin\/\"},{\"@type\":\"ListItem\",\"position\":2,\"name\":\"Sample Page\"}]},{\"@type\":\"WebSite\",\"@id\":\"https:\/\/www.commoncause.org\/wisconsin\/#website\",\"url\":\"https:\/\/www.commoncause.org\/wisconsin\/\",\"name\":\"Common Cause Wisconsin\",\"description\":\"\",\"potentialAction\":[{\"@type\":\"SearchAction\",\"target\":{\"@type\":\"EntryPoint\",\"urlTemplate\":\"https:\/\/www.commoncause.org\/wisconsin\/?s={search_term_string}\"},\"query-input\":{\"@type\":\"PropertyValueSpecification\",\"valueRequired\":true,\"valueName\":\"search_term_string\"}}],\"inLanguage\":\"de\"}]}<\/script>\n<!-- \/ Yoast SEO Premium plugin. -->","yoast_head_json":{"title":"Beispielseite - Common Cause Wisconsin","robots":{"index":"index","follow":"follow","max-snippet":"max-snippet:-1","max-image-preview":"max-image-preview:large","max-video-preview":"max-video-preview:-1"},"canonical":"https:\/\/www.commoncause.org\/wisconsin\/de\/beispielseite\/","og_locale":"de_DE","og_type":"article","og_title":"Sample Page","og_description":"This is an example page. It&#8217;s different from a blog post because it will stay in one place and will show up in your site navigation (in most themes). Most people start with an About page that introduces them to potential site visitors. It might say something like this: Hi there! I&#8217;m a bike messenger [&hellip;]","og_url":"https:\/\/www.commoncause.org\/wisconsin\/de\/beispielseite\/","og_site_name":"Common Cause Wisconsin","article_modified_time":"2024-06-04T16:58:36+00:00","og_image":[{"width":1200,"height":630,"url":"https:\/\/www.commoncause.org\/wisconsin\/wp-content\/uploads\/2024\/08\/common-cause-share-image.png","type":"image\/png"}],"twitter_card":"summary_large_image","schema":{"@context":"https:\/\/schema.org","@graph":[{"@type":"WebPage","@id":"https:\/\/www.commoncause.org\/wisconsin\/sample-page\/","url":"https:\/\/www.commoncause.org\/wisconsin\/sample-page\/","name":"Beispielseite - Common Cause Wisconsin","isPartOf":{"@id":"https:\/\/www.commoncause.org\/wisconsin\/#website"},"datePublished":"2024-04-25T12:45:51+00:00","dateModified":"2024-06-04T16:58:36+00:00","breadcrumb":{"@id":"https:\/\/www.commoncause.org\/wisconsin\/sample-page\/#breadcrumb"},"inLanguage":"de","potentialAction":[{"@type":"ReadAction","target":["https:\/\/www.commoncause.org\/wisconsin\/sample-page\/"]}]},{"@type":"BreadcrumbList","@id":"https:\/\/www.commoncause.org\/wisconsin\/sample-page\/#breadcrumb","itemListElement":[{"@type":"ListItem","position":1,"name":"Home","item":"https:\/\/www.commoncause.org\/wisconsin\/"},{"@type":"ListItem","position":2,"name":"Sample Page"}]},{"@type":"WebSite","@id":"https:\/\/www.commoncause.org\/wisconsin\/#website","url":"https:\/\/www.commoncause.org\/wisconsin\/","name":"Gemeinsame Sache, Wisconsin","description":"","potentialAction":[{"@type":"SearchAction","target":{"@type":"EntryPoint","urlTemplate":"https:\/\/www.commoncause.org\/wisconsin\/?s={search_term_string}"},"query-input":{"@type":"PropertyValueSpecification","valueRequired":true,"valueName":"search_term_string"}}],"inLanguage":"de"}]}},"distributor_meta":false,"distributor_terms":false,"distributor_media":false,"distributor_original_site_name":"Common Cause Wisconsin","distributor_original_site_url":"https:\/\/www.commoncause.org\/wisconsin\/de","push-errors":false,"_links":{"self":[{"href":"https:\/\/www.commoncause.org\/wisconsin\/de\/wp-json\/wp\/v2\/pages\/2","targetHints":{"allow":["GET"]}}],"collection":[{"href":"https:\/\/www.commoncause.org\/wisconsin\/de\/wp-json\/wp\/v2\/pages"}],"about":[{"href":"https:\/\/www.commoncause.org\/wisconsin\/de\/wp-json\/wp\/v2\/types\/page"}],"author":[{"embeddable":true,"href":"https:\/\/www.commoncause.org\/wisconsin\/de\/wp-json\/wp\/v2\/users\/1"}],"replies":[{"embeddable":true,"href":"https:\/\/www.commoncause.org\/wisconsin\/de\/wp-json\/wp\/v2\/comments?post=2"}],"version-history":[{"count":3,"href":"https:\/\/www.commoncause.org\/wisconsin\/de\/wp-json\/wp\/v2\/pages\/2\/revisions"}],"predecessor-version":[{"id":427,"href":"https:\/\/www.commoncause.org\/wisconsin\/de\/wp-json\/wp\/v2\/pages\/2\/revisions\/427"}],"wp:attachment":[{"href":"https:\/\/www.commoncause.org\/wisconsin\/de\/wp-json\/wp\/v2\/media?parent=2"}],"curies":[{"name":"wp","href":"https:\/\/api.w.org\/{rel}","templated":true}]}}