{"id":23,"date":"2024-05-07T13:48:58","date_gmt":"2024-05-07T13:48:58","guid":{"rendered":"https:\/\/www.commoncause.org\/virginia\/take-action\/"},"modified":"2024-07-03T15:05:05","modified_gmt":"2024-07-03T19:05:05","slug":"hanh-dong-3","status":"publish","type":"page","link":"https:\/\/www.commoncause.org\/virginia\/vi\/take-action\/","title":{"rendered":"H\u00e3y h\u00e0nh \u0111\u1ed9ng"},"content":{"rendered":"","protected":false},"excerpt":{"rendered":"","protected":false},"author":1,"featured_media":0,"parent":0,"menu_order":0,"comment_status":"closed","ping_status":"closed","template":"","meta":{"_acf_changed":false,"_relevanssi_hide_post":"","_relevanssi_hide_content":"","_relevanssi_pin_for_all":"","_relevanssi_pin_keywords":"","_relevanssi_unpin_keywords":"","_relevanssi_related_keywords":"","_relevanssi_related_include_ids":"","_relevanssi_related_exclude_ids":"","_relevanssi_related_no_append":"","_relevanssi_related_not_related":"","_relevanssi_related_posts":"","_relevanssi_noindex_reason":""},"class_list":["post-23","page","type-page","status-publish","hentry"],"acf":{"page_layout":[{"acf_fc_layout":"layout_listing_hero","_acfe_flexible_toggle":"","component_listing_hero":{"content_type":"act","manually_curate":true,"featured_post":["{\"site_id\":\"80\",\"post_type\":\"act\",\"post_id\":363}"],"sticker":"action"}},{"acf_fc_layout":"layout_featured_action","_acfe_flexible_toggle":"","component_featured_action":{"action_to_show":"manual","image_side":"right","action":null,"title":"T\u00ccNH NGUY\u1ec6N: Gi\u00fap kh\u00f4i ph\u1ee5c quy\u1ec1n b\u1ecf phi\u1ebfu c\u1ee7a ng\u01b0\u1eddi d\u00e2n Virginia","summary":"Become a trained Common Cause ambassador to educate your community and push the General Assembly to put forth a Constitutional amendment allowing returning citizens to vote. ","post_link":{"title":"Join the movement","url":"https:\/\/www.commoncause.org\/virginia\/actions\/volunteer-help-pressure-the-general-assembly-to-restore-rights\/","target":""},"secondary_link":""}},{"acf_fc_layout":"layout_voting_tools_promo","_acfe_flexible_toggle":"","component_voting_tools_promo":{"title":"Kh\u00e1m ph\u00e1 C\u00f4ng c\u1ee5 b\u1ecf phi\u1ebfu","subtitle":"As Americans, our right to vote is a right and a responsibility.","voting_tools":["{\"site_id\":\"1\",\"post_type\":\"resource\",\"post_id\":17000}","{\"site_id\":\"1\",\"post_type\":\"resource\",\"post_id\":17002}","{\"site_id\":\"1\",\"post_type\":\"resource\",\"post_id\":16031}","{\"site_id\":\"1\",\"post_type\":\"resource\",\"post_id\":17009}","{\"site_id\":\"1\",\"post_type\":\"resource\",\"post_id\":16055}","{\"site_id\":\"1\",\"post_type\":\"resource\",\"post_id\":17005}"],"image":19619}},{"acf_fc_layout":"layout_featured_resource","_acfe_flexible_toggle":"","component_featured_resource":{"manually_curate":false,"resource":["{\"site_id\":\"1\",\"post_type\":\"resource\",\"post_id\":20769}"],"brow_text":"Find Your Representatives","title":"Ai \u0111\u1ea1i di\u1ec7n cho b\u1ea1n?","summary":"Use this free tool to find your representatives, how to contact them, bills they\u2019ve introduced, committees they serve on, and political contributions they\u2019ve received. Enter your full address below to get started.","button_text":"Learn More","link":{"title":"Find Your Representative","url":"https:\/\/www.commoncause.org\/find-your-representative\/","target":""},"image":1355}},{"acf_fc_layout":"layout_actions_listing","_acfe_flexible_toggle":"","component_actions_listing":{"":null}}]},"yoast_head":"<!-- This site is optimized with the Yoast SEO Premium plugin v26.6 (Yoast SEO v27.1.1) - https:\/\/yoast.com\/product\/yoast-seo-premium-wordpress\/ -->\n<title>Take Action - Common Cause Virginia<\/title>\n<meta name=\"robots\" content=\"index, follow, max-snippet:-1, max-image-preview:large, max-video-preview:-1\" \/>\n<link rel=\"canonical\" href=\"https:\/\/www.commoncause.org\/virginia\/vi\/hanh-dong-3\/\" \/>\n<meta property=\"og:locale\" content=\"vi_VN\" \/>\n<meta property=\"og:type\" content=\"article\" \/>\n<meta property=\"og:title\" content=\"Take Action\" \/>\n<meta property=\"og:url\" content=\"https:\/\/www.commoncause.org\/virginia\/vi\/hanh-dong-3\/\" \/>\n<meta property=\"og:site_name\" content=\"Common Cause Virginia\" \/>\n<meta property=\"article:modified_time\" content=\"2024-07-03T19:05:05+00:00\" \/>\n<meta property=\"og:image\" content=\"https:\/\/www.commoncause.org\/virginia\/wp-content\/uploads\/2024\/08\/common-cause-share-image.png\" \/>\n\t<meta property=\"og:image:width\" content=\"1200\" \/>\n\t<meta property=\"og:image:height\" content=\"630\" \/>\n\t<meta property=\"og:image:type\" content=\"image\/png\" \/>\n<meta name=\"twitter:card\" content=\"summary_large_image\" \/>\n<script type=\"application\/ld+json\" class=\"yoast-schema-graph\">{\"@context\":\"https:\/\/schema.org\",\"@graph\":[{\"@type\":\"WebPage\",\"@id\":\"https:\/\/www.commoncause.org\/virginia\/take-action\/\",\"url\":\"https:\/\/www.commoncause.org\/virginia\/take-action\/\",\"name\":\"Take Action - Common Cause Virginia\",\"isPartOf\":{\"@id\":\"https:\/\/www.commoncause.org\/virginia\/#website\"},\"datePublished\":\"2024-05-07T13:48:58+00:00\",\"dateModified\":\"2024-07-03T19:05:05+00:00\",\"breadcrumb\":{\"@id\":\"https:\/\/www.commoncause.org\/virginia\/take-action\/#breadcrumb\"},\"inLanguage\":\"vi\",\"potentialAction\":[{\"@type\":\"ReadAction\",\"target\":[\"https:\/\/www.commoncause.org\/virginia\/take-action\/\"]}]},{\"@type\":\"BreadcrumbList\",\"@id\":\"https:\/\/www.commoncause.org\/virginia\/take-action\/#breadcrumb\",\"itemListElement\":[{\"@type\":\"ListItem\",\"position\":1,\"name\":\"Home\",\"item\":\"https:\/\/www.commoncause.org\/virginia\/\"},{\"@type\":\"ListItem\",\"position\":2,\"name\":\"Take Action\"}]},{\"@type\":\"WebSite\",\"@id\":\"https:\/\/www.commoncause.org\/virginia\/#website\",\"url\":\"https:\/\/www.commoncause.org\/virginia\/\",\"name\":\"Common Cause Virginia\",\"description\":\"\",\"potentialAction\":[{\"@type\":\"SearchAction\",\"target\":{\"@type\":\"EntryPoint\",\"urlTemplate\":\"https:\/\/www.commoncause.org\/virginia\/?s={search_term_string}\"},\"query-input\":{\"@type\":\"PropertyValueSpecification\",\"valueRequired\":true,\"valueName\":\"search_term_string\"}}],\"inLanguage\":\"vi\"}]}<\/script>\n<!-- \/ Yoast SEO Premium plugin. -->","yoast_head_json":{"title":"H\u00e3y h\u00e0nh \u0111\u1ed9ng - Nguy\u00ean nh\u00e2n chung Virginia","robots":{"index":"index","follow":"follow","max-snippet":"max-snippet:-1","max-image-preview":"max-image-preview:large","max-video-preview":"max-video-preview:-1"},"canonical":"https:\/\/www.commoncause.org\/virginia\/vi\/hanh-dong-3\/","og_locale":"vi_VN","og_type":"article","og_title":"Take Action","og_url":"https:\/\/www.commoncause.org\/virginia\/vi\/hanh-dong-3\/","og_site_name":"Common Cause Virginia","article_modified_time":"2024-07-03T19:05:05+00:00","og_image":[{"width":1200,"height":630,"url":"https:\/\/www.commoncause.org\/virginia\/wp-content\/uploads\/2024\/08\/common-cause-share-image.png","type":"image\/png"}],"twitter_card":"summary_large_image","schema":{"@context":"https:\/\/schema.org","@graph":[{"@type":"WebPage","@id":"https:\/\/www.commoncause.org\/virginia\/take-action\/","url":"https:\/\/www.commoncause.org\/virginia\/take-action\/","name":"H\u00e3y h\u00e0nh \u0111\u1ed9ng - Nguy\u00ean nh\u00e2n chung Virginia","isPartOf":{"@id":"https:\/\/www.commoncause.org\/virginia\/#website"},"datePublished":"2024-05-07T13:48:58+00:00","dateModified":"2024-07-03T19:05:05+00:00","breadcrumb":{"@id":"https:\/\/www.commoncause.org\/virginia\/take-action\/#breadcrumb"},"inLanguage":"vi","potentialAction":[{"@type":"ReadAction","target":["https:\/\/www.commoncause.org\/virginia\/take-action\/"]}]},{"@type":"BreadcrumbList","@id":"https:\/\/www.commoncause.org\/virginia\/take-action\/#breadcrumb","itemListElement":[{"@type":"ListItem","position":1,"name":"Home","item":"https:\/\/www.commoncause.org\/virginia\/"},{"@type":"ListItem","position":2,"name":"Take Action"}]},{"@type":"WebSite","@id":"https:\/\/www.commoncause.org\/virginia\/#website","url":"https:\/\/www.commoncause.org\/virginia\/","name":"Nguy\u00ean nh\u00e2n chung Virginia","description":"","potentialAction":[{"@type":"SearchAction","target":{"@type":"EntryPoint","urlTemplate":"https:\/\/www.commoncause.org\/virginia\/?s={search_term_string}"},"query-input":{"@type":"PropertyValueSpecification","valueRequired":true,"valueName":"search_term_string"}}],"inLanguage":"vi"}]}},"distributor_meta":false,"distributor_terms":false,"distributor_media":false,"distributor_original_site_name":"Common Cause Virginia","distributor_original_site_url":"https:\/\/www.commoncause.org\/virginia\/vi","push-errors":false,"_links":{"self":[{"href":"https:\/\/www.commoncause.org\/virginia\/vi\/wp-json\/wp\/v2\/pages\/23","targetHints":{"allow":["GET"]}}],"collection":[{"href":"https:\/\/www.commoncause.org\/virginia\/vi\/wp-json\/wp\/v2\/pages"}],"about":[{"href":"https:\/\/www.commoncause.org\/virginia\/vi\/wp-json\/wp\/v2\/types\/page"}],"author":[{"embeddable":true,"href":"https:\/\/www.commoncause.org\/virginia\/vi\/wp-json\/wp\/v2\/users\/1"}],"replies":[{"embeddable":true,"href":"https:\/\/www.commoncause.org\/virginia\/vi\/wp-json\/wp\/v2\/comments?post=23"}],"version-history":[{"count":22,"href":"https:\/\/www.commoncause.org\/virginia\/vi\/wp-json\/wp\/v2\/pages\/23\/revisions"}],"predecessor-version":[{"id":856,"href":"https:\/\/www.commoncause.org\/virginia\/vi\/wp-json\/wp\/v2\/pages\/23\/revisions\/856"}],"wp:attachment":[{"href":"https:\/\/www.commoncause.org\/virginia\/vi\/wp-json\/wp\/v2\/media?parent=23"}],"curies":[{"name":"wp","href":"https:\/\/api.w.org\/{rel}","templated":true}]}}