{"id":20,"date":"2024-05-07T13:45:47","date_gmt":"2024-05-07T13:45:47","guid":{"rendered":"https:\/\/www.commoncause.org\/virginia\/about-us\/"},"modified":"2024-06-28T23:16:47","modified_gmt":"2024-06-29T03:16:47","slug":"ve-chung-toi","status":"publish","type":"page","link":"https:\/\/www.commoncause.org\/virginia\/vi\/about-us\/","title":{"rendered":"Gi\u1edbi thi\u1ec7u v\u1ec1 ch\u00fang t\u00f4i"},"content":{"rendered":"","protected":false},"excerpt":{"rendered":"","protected":false},"author":2,"featured_media":0,"parent":0,"menu_order":0,"comment_status":"closed","ping_status":"closed","template":"","meta":{"_acf_changed":false,"_relevanssi_hide_post":"","_relevanssi_hide_content":"","_relevanssi_pin_for_all":"","_relevanssi_pin_keywords":"","_relevanssi_unpin_keywords":"","_relevanssi_related_keywords":"","_relevanssi_related_include_ids":"","_relevanssi_related_exclude_ids":"","_relevanssi_related_no_append":"","_relevanssi_related_not_related":"","_relevanssi_related_posts":"","_relevanssi_noindex_reason":""},"class_list":["post-20","page","type-page","status-publish","hentry"],"acf":{"header":{"component_page_header":{"header_type":"default","title":"","lead":"","image":"","subnavigation":false}},"sidebar":{"helper_enable_sidebar":false,"helper_media_contact":{"heading":"","manually_enter_person":false,"person":"","name":"","role":"","phone":"","email":""},"helper_links_downloads":{"heading":"","links":null}},"page_layout":[{"acf_fc_layout":"layout_wysiwyg","_acfe_flexible_toggle":"","component_wysiwyg":{"content":"<h3>Common Cause Virginia v\u00e0 c\u00e1c th\u00e0nh vi\u00ean c\u1ee7a ch\u00fang t\u00f4i \u0111ang \u0111\u1ea5u tranh cho n\u1ec1n d\u00e2n ch\u1ee7 m\u00e0 ch\u00fang t\u00f4i x\u1ee9ng \u0111\u00e1ng \u0111\u01b0\u1ee3c h\u01b0\u1edfng.<\/h3>\r\nCh\u00fang t\u00f4i v\u1eadn d\u1ee5ng chuy\u00ean m\u00f4n ch\u00ednh s\u00e1ch \u0111\u00e3 \u0111\u01b0\u1ee3c ch\u1ee9ng minh, m\u1ea1ng l\u01b0\u1edbi nh\u1eefng ng\u01b0\u1eddi \u1ee7ng h\u1ed9 c\u01a1 s\u1edf, v\u00e0 ph\u01b0\u01a1ng ph\u00e1p ti\u1ebfp c\u1eadn phi \u0111\u1ea3ng ph\u00e1i c\u1ee7a m\u00ecnh v\u00e0o h\u00e0nh \u0111\u1ed9ng \u0111\u1ec3 c\u1ee7ng c\u1ed1 n\u1ec1n d\u00e2n ch\u1ee7 tr\u01b0\u1edbc nh\u1eefng th\u00e1ch th\u1ee9c m\u00e0 n\u00f3 \u0111ang ph\u1ea3i \u0111\u1ed1i m\u1eb7t ng\u00e0y nay. Ch\u00fang t\u00f4i ho\u1ea1t \u0111\u1ed9ng tr\u00ean kh\u1eafp Virginia v\u1ec1 nh\u1eefng \u01b0u ti\u00ean \u1ea3nh h\u01b0\u1edfng \u0111\u1ebfn cu\u1ed9c s\u1ed1ng c\u1ee7a m\u1ed7i ng\u01b0\u1eddi\u2014nh\u01b0 b\u1ea3o v\u1ec7 quy\u1ec1n b\u1ea7u c\u1eed, n\u00e2ng cao tr\u00e1ch nhi\u1ec7m gi\u1ea3i tr\u00ecnh c\u1ee7a ch\u00ednh ph\u1ee7, th\u00fac \u0111\u1ea9y minh b\u1ea1ch, v.v. Khi Ch\u00fang ta, nh\u1eefng Ng\u01b0\u1eddi D\u00e2n, c\u00f9ng nhau \u0111o\u00e0n k\u1ebft, ch\u00fang ta c\u00f3 th\u1ec3 t\u1ea1o ra s\u1ef1 kh\u00e1c bi\u1ec7t th\u1ef1c s\u1ef1 v\u00e0 l\u00e2u d\u00e0i. H\u00e0nh \u0111\u1ed9ng c\u00f9ng Common Cause Virginia \u0111\u1ed3ng ngh\u0129a v\u1edbi vi\u1ec7c tham gia m\u1ed9t phong tr\u00e0o m\u1ea1nh m\u1ebd h\u01b0\u1edbng t\u1edbi m\u1ed9t n\u1ec1n d\u00e2n ch\u1ee7, trao cho t\u1ea5t c\u1ea3 ng\u01b0\u1eddi d\u00e2n Virginia ti\u1ebfng n\u00f3i trong nh\u1eefng quy\u1ebft \u0111\u1ecbnh \u0111\u1ecbnh h\u00ecnh t\u01b0\u01a1ng lai c\u1ee7a ch\u00fang ta."}},{"acf_fc_layout":"layout_accordion","_acfe_flexible_toggle":"","component_accordion":{"heading":"Common Cause Virginia works...","panels":[{"panel_heading":"In the Legislature","panel_copy":"Common Cause Virginia works with officials from across the political spectrum to pass proven, common-sense solutions and stop attacks on our rights. Our team members and supporters frequently meet with decision-makers to discuss target legislation. We have a long history of making lasting change through the legislative process."},{"panel_heading":"In the Courts","panel_copy":"As a national coalition, Common Cause has played a key role in some of the most impactful court cases over the last several decades. We work at every level of the country's legal system, including the U.S. Supreme Court, and have consistently demonstrated that through hard-hitting legal action, we can make real progress on the democracy issues that count\u2014like fair redistricting, government transparency, and campaign finance."},{"panel_heading":"On the Ground","panel_copy":"Common Cause's power lies in its 1.5 million supporters nationwide. In Virginia, we mobilize our members at lobby days in Richmond to advocate for key reforms and shut down harmful bills; as Election Protection monitors, helping voters each Election Day; at pro-democracy rallies and demonstrations across the Commonwealth; and much, much more. We know that when our members turn out and work together, we get results."},{"panel_heading":"And Beyond...","panel_copy":"Common Cause Virginia is committed to leading the most important fights for our democracy, no matter where they take place. We show up in many ways\u2014including online, where our members contact legislators in support of target bills, spread the word about our work on social media, and report harmful election disinformation."}]}},{"acf_fc_layout":"layout_two_column_text_and_image","_acfe_flexible_toggle":"","component_two_column_text_and_image":{"heading":"","columns":[{"image":"","title":"Our Impact","content":"Common Cause Virginia knows how to win reforms that reach every corner of our state. We lead the most important fights for our democracy, no matter where they take place. Learn more about some of our key victories\u2014and how you can play a meaningful role in the fight for an open, honest, and accountable government.","link":{"title":"Discover Our Impact","url":"https:\/\/www.commoncause.org\/virginia\/our-impact\/","target":""}},{"image":"","title":"Our Commitment to Equity","content":"At Common Cause, we know that racial equity and inclusion must be at the core of what we strive to be, as must equity and inclusion for all individuals across identities and differences (ethnicity, gender, disability, sexual orientation, gender identity, national origin, religious beliefs, tribe, caste, age, class, thinking and communication styles, etc.). These values are essential to the successful execution of our mission: creating a truly representative and inclusive government.","link":""}]}},{"acf_fc_layout":"layout_banner","_acfe_flexible_toggle":"","component_banner":{"use_donate_banner":true,"title":"Title [highlight]with highlighting[\/highlight] and additional text.","button":null,"image":null}}]},"yoast_head":"<!-- This site is optimized with the Yoast SEO Premium plugin v26.6 (Yoast SEO v27.1.1) - https:\/\/yoast.com\/product\/yoast-seo-premium-wordpress\/ -->\n<title>About Us - Common Cause Virginia<\/title>\n<meta name=\"robots\" content=\"index, follow, max-snippet:-1, max-image-preview:large, max-video-preview:-1\" \/>\n<link rel=\"canonical\" href=\"https:\/\/www.commoncause.org\/virginia\/vi\/ve-chung-toi\/\" \/>\n<meta property=\"og:locale\" content=\"vi_VN\" \/>\n<meta property=\"og:type\" content=\"article\" \/>\n<meta property=\"og:title\" content=\"About Us\" \/>\n<meta property=\"og:url\" content=\"https:\/\/www.commoncause.org\/virginia\/vi\/ve-chung-toi\/\" \/>\n<meta property=\"og:site_name\" content=\"Common Cause Virginia\" \/>\n<meta property=\"article:modified_time\" content=\"2024-06-29T03:16:47+00:00\" \/>\n<meta property=\"og:image\" content=\"https:\/\/www.commoncause.org\/virginia\/wp-content\/uploads\/2024\/08\/common-cause-share-image.png\" \/>\n\t<meta property=\"og:image:width\" content=\"1200\" \/>\n\t<meta property=\"og:image:height\" content=\"630\" \/>\n\t<meta property=\"og:image:type\" content=\"image\/png\" \/>\n<meta name=\"twitter:card\" content=\"summary_large_image\" \/>\n<script type=\"application\/ld+json\" class=\"yoast-schema-graph\">{\"@context\":\"https:\/\/schema.org\",\"@graph\":[{\"@type\":\"WebPage\",\"@id\":\"https:\/\/www.commoncause.org\/virginia\/about-us\/\",\"url\":\"https:\/\/www.commoncause.org\/virginia\/about-us\/\",\"name\":\"About Us - Common Cause Virginia\",\"isPartOf\":{\"@id\":\"https:\/\/www.commoncause.org\/virginia\/#website\"},\"datePublished\":\"2024-05-07T13:45:47+00:00\",\"dateModified\":\"2024-06-29T03:16:47+00:00\",\"breadcrumb\":{\"@id\":\"https:\/\/www.commoncause.org\/virginia\/about-us\/#breadcrumb\"},\"inLanguage\":\"vi\",\"potentialAction\":[{\"@type\":\"ReadAction\",\"target\":[\"https:\/\/www.commoncause.org\/virginia\/about-us\/\"]}]},{\"@type\":\"BreadcrumbList\",\"@id\":\"https:\/\/www.commoncause.org\/virginia\/about-us\/#breadcrumb\",\"itemListElement\":[{\"@type\":\"ListItem\",\"position\":1,\"name\":\"Home\",\"item\":\"https:\/\/www.commoncause.org\/virginia\/\"},{\"@type\":\"ListItem\",\"position\":2,\"name\":\"About Us\"}]},{\"@type\":\"WebSite\",\"@id\":\"https:\/\/www.commoncause.org\/virginia\/#website\",\"url\":\"https:\/\/www.commoncause.org\/virginia\/\",\"name\":\"Common Cause Virginia\",\"description\":\"\",\"potentialAction\":[{\"@type\":\"SearchAction\",\"target\":{\"@type\":\"EntryPoint\",\"urlTemplate\":\"https:\/\/www.commoncause.org\/virginia\/?s={search_term_string}\"},\"query-input\":{\"@type\":\"PropertyValueSpecification\",\"valueRequired\":true,\"valueName\":\"search_term_string\"}}],\"inLanguage\":\"vi\"}]}<\/script>\n<!-- \/ Yoast SEO Premium plugin. -->","yoast_head_json":{"title":"Gi\u1edbi thi\u1ec7u v\u1ec1 ch\u00fang t\u00f4i - Common Cause Virginia","robots":{"index":"index","follow":"follow","max-snippet":"max-snippet:-1","max-image-preview":"max-image-preview:large","max-video-preview":"max-video-preview:-1"},"canonical":"https:\/\/www.commoncause.org\/virginia\/vi\/ve-chung-toi\/","og_locale":"vi_VN","og_type":"article","og_title":"About Us","og_url":"https:\/\/www.commoncause.org\/virginia\/vi\/ve-chung-toi\/","og_site_name":"Common Cause Virginia","article_modified_time":"2024-06-29T03:16:47+00:00","og_image":[{"width":1200,"height":630,"url":"https:\/\/www.commoncause.org\/virginia\/wp-content\/uploads\/2024\/08\/common-cause-share-image.png","type":"image\/png"}],"twitter_card":"summary_large_image","schema":{"@context":"https:\/\/schema.org","@graph":[{"@type":"WebPage","@id":"https:\/\/www.commoncause.org\/virginia\/about-us\/","url":"https:\/\/www.commoncause.org\/virginia\/about-us\/","name":"Gi\u1edbi thi\u1ec7u v\u1ec1 ch\u00fang t\u00f4i - Common Cause Virginia","isPartOf":{"@id":"https:\/\/www.commoncause.org\/virginia\/#website"},"datePublished":"2024-05-07T13:45:47+00:00","dateModified":"2024-06-29T03:16:47+00:00","breadcrumb":{"@id":"https:\/\/www.commoncause.org\/virginia\/about-us\/#breadcrumb"},"inLanguage":"vi","potentialAction":[{"@type":"ReadAction","target":["https:\/\/www.commoncause.org\/virginia\/about-us\/"]}]},{"@type":"BreadcrumbList","@id":"https:\/\/www.commoncause.org\/virginia\/about-us\/#breadcrumb","itemListElement":[{"@type":"ListItem","position":1,"name":"Home","item":"https:\/\/www.commoncause.org\/virginia\/"},{"@type":"ListItem","position":2,"name":"About Us"}]},{"@type":"WebSite","@id":"https:\/\/www.commoncause.org\/virginia\/#website","url":"https:\/\/www.commoncause.org\/virginia\/","name":"Nguy\u00ean nh\u00e2n chung Virginia","description":"","potentialAction":[{"@type":"SearchAction","target":{"@type":"EntryPoint","urlTemplate":"https:\/\/www.commoncause.org\/virginia\/?s={search_term_string}"},"query-input":{"@type":"PropertyValueSpecification","valueRequired":true,"valueName":"search_term_string"}}],"inLanguage":"vi"}]}},"distributor_meta":false,"distributor_terms":false,"distributor_media":false,"distributor_original_site_name":"Common Cause Virginia","distributor_original_site_url":"https:\/\/www.commoncause.org\/virginia\/vi","push-errors":false,"_links":{"self":[{"href":"https:\/\/www.commoncause.org\/virginia\/vi\/wp-json\/wp\/v2\/pages\/20","targetHints":{"allow":["GET"]}}],"collection":[{"href":"https:\/\/www.commoncause.org\/virginia\/vi\/wp-json\/wp\/v2\/pages"}],"about":[{"href":"https:\/\/www.commoncause.org\/virginia\/vi\/wp-json\/wp\/v2\/types\/page"}],"author":[{"embeddable":true,"href":"https:\/\/www.commoncause.org\/virginia\/vi\/wp-json\/wp\/v2\/users\/2"}],"replies":[{"embeddable":true,"href":"https:\/\/www.commoncause.org\/virginia\/vi\/wp-json\/wp\/v2\/comments?post=20"}],"version-history":[{"count":14,"href":"https:\/\/www.commoncause.org\/virginia\/vi\/wp-json\/wp\/v2\/pages\/20\/revisions"}],"predecessor-version":[{"id":823,"href":"https:\/\/www.commoncause.org\/virginia\/vi\/wp-json\/wp\/v2\/pages\/20\/revisions\/823"}],"wp:attachment":[{"href":"https:\/\/www.commoncause.org\/virginia\/vi\/wp-json\/wp\/v2\/media?parent=20"}],"curies":[{"name":"wp","href":"https:\/\/api.w.org\/{rel}","templated":true}]}}