{"id":20,"date":"2024-05-07T13:45:47","date_gmt":"2024-05-07T13:45:47","guid":{"rendered":"https:\/\/www.commoncause.org\/virginia\/about-us\/"},"modified":"2024-06-28T23:16:47","modified_gmt":"2024-06-29T03:16:47","slug":"a-propos-de-nous","status":"publish","type":"page","link":"https:\/\/www.commoncause.org\/virginia\/fr\/about-us\/","title":{"rendered":"\u00c0 propos de nous"},"content":{"rendered":"","protected":false},"excerpt":{"rendered":"","protected":false},"author":2,"featured_media":0,"parent":0,"menu_order":0,"comment_status":"closed","ping_status":"closed","template":"","meta":{"_acf_changed":false,"_relevanssi_hide_post":"","_relevanssi_hide_content":"","_relevanssi_pin_for_all":"","_relevanssi_pin_keywords":"","_relevanssi_unpin_keywords":"","_relevanssi_related_keywords":"","_relevanssi_related_include_ids":"","_relevanssi_related_exclude_ids":"","_relevanssi_related_no_append":"","_relevanssi_related_not_related":"","_relevanssi_related_posts":"","_relevanssi_noindex_reason":""},"class_list":["post-20","page","type-page","status-publish","hentry"],"acf":{"header":{"component_page_header":{"header_type":"default","title":"","lead":"","image":"","subnavigation":false}},"sidebar":{"helper_enable_sidebar":false,"helper_media_contact":{"heading":"","manually_enter_person":false,"person":"","name":"","role":"","phone":"","email":""},"helper_links_downloads":{"heading":"","links":null}},"page_layout":[{"acf_fc_layout":"layout_wysiwyg","_acfe_flexible_toggle":"","component_wysiwyg":{"content":"<h3>Common Cause Virginia et nos membres se battent pour la d\u00e9mocratie que nous m\u00e9ritons.<\/h3>\r\nNous mettons notre expertise politique reconnue, notre r\u00e9seau de sympathisants et notre approche non partisane au service de notre d\u00e9mocratie face aux d\u00e9fis actuels. Nous \u0153uvrons dans toute la Virginie sur des priorit\u00e9s qui impactent nos vies, comme la d\u00e9fense du droit de vote, la responsabilisation de notre gouvernement, la promotion de la transparence, et bien plus encore. En nous rassemblant, nous pouvons faire une diff\u00e9rence r\u00e9elle et durable. Agir avec Common Cause Virginia, c&#039;est rejoindre un mouvement puissant en faveur d&#039;une d\u00e9mocratie qui donne \u00e0 tous les Virginiens la possibilit\u00e9 de participer aux d\u00e9cisions qui fa\u00e7onnent notre avenir."}},{"acf_fc_layout":"layout_accordion","_acfe_flexible_toggle":"","component_accordion":{"heading":"Common Cause Virginia works...","panels":[{"panel_heading":"In the Legislature","panel_copy":"Common Cause Virginia works with officials from across the political spectrum to pass proven, common-sense solutions and stop attacks on our rights. Our team members and supporters frequently meet with decision-makers to discuss target legislation. We have a long history of making lasting change through the legislative process."},{"panel_heading":"In the Courts","panel_copy":"As a national coalition, Common Cause has played a key role in some of the most impactful court cases over the last several decades. We work at every level of the country's legal system, including the U.S. Supreme Court, and have consistently demonstrated that through hard-hitting legal action, we can make real progress on the democracy issues that count\u2014like fair redistricting, government transparency, and campaign finance."},{"panel_heading":"On the Ground","panel_copy":"Common Cause's power lies in its 1.5 million supporters nationwide. In Virginia, we mobilize our members at lobby days in Richmond to advocate for key reforms and shut down harmful bills; as Election Protection monitors, helping voters each Election Day; at pro-democracy rallies and demonstrations across the Commonwealth; and much, much more. We know that when our members turn out and work together, we get results."},{"panel_heading":"And Beyond...","panel_copy":"Common Cause Virginia is committed to leading the most important fights for our democracy, no matter where they take place. We show up in many ways\u2014including online, where our members contact legislators in support of target bills, spread the word about our work on social media, and report harmful election disinformation."}]}},{"acf_fc_layout":"layout_two_column_text_and_image","_acfe_flexible_toggle":"","component_two_column_text_and_image":{"heading":"","columns":[{"image":"","title":"Our Impact","content":"Common Cause Virginia knows how to win reforms that reach every corner of our state. We lead the most important fights for our democracy, no matter where they take place. Learn more about some of our key victories\u2014and how you can play a meaningful role in the fight for an open, honest, and accountable government.","link":{"title":"Discover Our Impact","url":"https:\/\/www.commoncause.org\/virginia\/our-impact\/","target":""}},{"image":"","title":"Our Commitment to Equity","content":"At Common Cause, we know that racial equity and inclusion must be at the core of what we strive to be, as must equity and inclusion for all individuals across identities and differences (ethnicity, gender, disability, sexual orientation, gender identity, national origin, religious beliefs, tribe, caste, age, class, thinking and communication styles, etc.). These values are essential to the successful execution of our mission: creating a truly representative and inclusive government.","link":""}]}},{"acf_fc_layout":"layout_banner","_acfe_flexible_toggle":"","component_banner":{"use_donate_banner":true,"title":"Title [highlight]with highlighting[\/highlight] and additional text.","button":null,"image":null}}]},"yoast_head":"<!-- This site is optimized with the Yoast SEO Premium plugin v26.6 (Yoast SEO v27.1.1) - https:\/\/yoast.com\/product\/yoast-seo-premium-wordpress\/ -->\n<title>About Us - Common Cause Virginia<\/title>\n<meta name=\"robots\" content=\"index, follow, max-snippet:-1, max-image-preview:large, max-video-preview:-1\" \/>\n<link rel=\"canonical\" href=\"https:\/\/www.commoncause.org\/virginia\/fr\/a-propos-de-nous\/\" \/>\n<meta property=\"og:locale\" content=\"fr_FR\" \/>\n<meta property=\"og:type\" content=\"article\" \/>\n<meta property=\"og:title\" content=\"About Us\" \/>\n<meta property=\"og:url\" content=\"https:\/\/www.commoncause.org\/virginia\/fr\/a-propos-de-nous\/\" \/>\n<meta property=\"og:site_name\" content=\"Common Cause Virginia\" \/>\n<meta property=\"article:modified_time\" content=\"2024-06-29T03:16:47+00:00\" \/>\n<meta property=\"og:image\" content=\"https:\/\/www.commoncause.org\/virginia\/wp-content\/uploads\/2024\/08\/common-cause-share-image.png\" \/>\n\t<meta property=\"og:image:width\" content=\"1200\" \/>\n\t<meta property=\"og:image:height\" content=\"630\" \/>\n\t<meta property=\"og:image:type\" content=\"image\/png\" \/>\n<meta name=\"twitter:card\" content=\"summary_large_image\" \/>\n<script type=\"application\/ld+json\" class=\"yoast-schema-graph\">{\"@context\":\"https:\/\/schema.org\",\"@graph\":[{\"@type\":\"WebPage\",\"@id\":\"https:\/\/www.commoncause.org\/virginia\/about-us\/\",\"url\":\"https:\/\/www.commoncause.org\/virginia\/about-us\/\",\"name\":\"About Us - Common Cause Virginia\",\"isPartOf\":{\"@id\":\"https:\/\/www.commoncause.org\/virginia\/#website\"},\"datePublished\":\"2024-05-07T13:45:47+00:00\",\"dateModified\":\"2024-06-29T03:16:47+00:00\",\"breadcrumb\":{\"@id\":\"https:\/\/www.commoncause.org\/virginia\/about-us\/#breadcrumb\"},\"inLanguage\":\"fr-FR\",\"potentialAction\":[{\"@type\":\"ReadAction\",\"target\":[\"https:\/\/www.commoncause.org\/virginia\/about-us\/\"]}]},{\"@type\":\"BreadcrumbList\",\"@id\":\"https:\/\/www.commoncause.org\/virginia\/about-us\/#breadcrumb\",\"itemListElement\":[{\"@type\":\"ListItem\",\"position\":1,\"name\":\"Home\",\"item\":\"https:\/\/www.commoncause.org\/virginia\/\"},{\"@type\":\"ListItem\",\"position\":2,\"name\":\"About Us\"}]},{\"@type\":\"WebSite\",\"@id\":\"https:\/\/www.commoncause.org\/virginia\/#website\",\"url\":\"https:\/\/www.commoncause.org\/virginia\/\",\"name\":\"Common Cause Virginia\",\"description\":\"\",\"potentialAction\":[{\"@type\":\"SearchAction\",\"target\":{\"@type\":\"EntryPoint\",\"urlTemplate\":\"https:\/\/www.commoncause.org\/virginia\/?s={search_term_string}\"},\"query-input\":{\"@type\":\"PropertyValueSpecification\",\"valueRequired\":true,\"valueName\":\"search_term_string\"}}],\"inLanguage\":\"fr-FR\"}]}<\/script>\n<!-- \/ Yoast SEO Premium plugin. -->","yoast_head_json":{"title":"\u00c0 propos de nous \u2013 Common Cause Virginia","robots":{"index":"index","follow":"follow","max-snippet":"max-snippet:-1","max-image-preview":"max-image-preview:large","max-video-preview":"max-video-preview:-1"},"canonical":"https:\/\/www.commoncause.org\/virginia\/fr\/a-propos-de-nous\/","og_locale":"fr_FR","og_type":"article","og_title":"About Us","og_url":"https:\/\/www.commoncause.org\/virginia\/fr\/a-propos-de-nous\/","og_site_name":"Common Cause Virginia","article_modified_time":"2024-06-29T03:16:47+00:00","og_image":[{"width":1200,"height":630,"url":"https:\/\/www.commoncause.org\/virginia\/wp-content\/uploads\/2024\/08\/common-cause-share-image.png","type":"image\/png"}],"twitter_card":"summary_large_image","schema":{"@context":"https:\/\/schema.org","@graph":[{"@type":"WebPage","@id":"https:\/\/www.commoncause.org\/virginia\/about-us\/","url":"https:\/\/www.commoncause.org\/virginia\/about-us\/","name":"\u00c0 propos de nous \u2013 Common Cause Virginia","isPartOf":{"@id":"https:\/\/www.commoncause.org\/virginia\/#website"},"datePublished":"2024-05-07T13:45:47+00:00","dateModified":"2024-06-29T03:16:47+00:00","breadcrumb":{"@id":"https:\/\/www.commoncause.org\/virginia\/about-us\/#breadcrumb"},"inLanguage":"fr-FR","potentialAction":[{"@type":"ReadAction","target":["https:\/\/www.commoncause.org\/virginia\/about-us\/"]}]},{"@type":"BreadcrumbList","@id":"https:\/\/www.commoncause.org\/virginia\/about-us\/#breadcrumb","itemListElement":[{"@type":"ListItem","position":1,"name":"Home","item":"https:\/\/www.commoncause.org\/virginia\/"},{"@type":"ListItem","position":2,"name":"About Us"}]},{"@type":"WebSite","@id":"https:\/\/www.commoncause.org\/virginia\/#website","url":"https:\/\/www.commoncause.org\/virginia\/","name":"Cause commune Virginie","description":"","potentialAction":[{"@type":"SearchAction","target":{"@type":"EntryPoint","urlTemplate":"https:\/\/www.commoncause.org\/virginia\/?s={search_term_string}"},"query-input":{"@type":"PropertyValueSpecification","valueRequired":true,"valueName":"search_term_string"}}],"inLanguage":"fr-FR"}]}},"distributor_meta":false,"distributor_terms":false,"distributor_media":false,"distributor_original_site_name":"Common Cause Virginia","distributor_original_site_url":"https:\/\/www.commoncause.org\/virginia\/fr","push-errors":false,"_links":{"self":[{"href":"https:\/\/www.commoncause.org\/virginia\/fr\/wp-json\/wp\/v2\/pages\/20","targetHints":{"allow":["GET"]}}],"collection":[{"href":"https:\/\/www.commoncause.org\/virginia\/fr\/wp-json\/wp\/v2\/pages"}],"about":[{"href":"https:\/\/www.commoncause.org\/virginia\/fr\/wp-json\/wp\/v2\/types\/page"}],"author":[{"embeddable":true,"href":"https:\/\/www.commoncause.org\/virginia\/fr\/wp-json\/wp\/v2\/users\/2"}],"replies":[{"embeddable":true,"href":"https:\/\/www.commoncause.org\/virginia\/fr\/wp-json\/wp\/v2\/comments?post=20"}],"version-history":[{"count":14,"href":"https:\/\/www.commoncause.org\/virginia\/fr\/wp-json\/wp\/v2\/pages\/20\/revisions"}],"predecessor-version":[{"id":823,"href":"https:\/\/www.commoncause.org\/virginia\/fr\/wp-json\/wp\/v2\/pages\/20\/revisions\/823"}],"wp:attachment":[{"href":"https:\/\/www.commoncause.org\/virginia\/fr\/wp-json\/wp\/v2\/media?parent=20"}],"curies":[{"name":"wp","href":"https:\/\/api.w.org\/{rel}","templated":true}]}}