{"id":25,"date":"2024-05-07T13:51:03","date_gmt":"2024-05-07T13:51:03","guid":{"rendered":"https:\/\/www.commoncause.org\/virginia\/education-fund\/"},"modified":"2024-05-07T13:51:03","modified_gmt":"2024-05-07T13:51:03","slug":"fondo-de-educacion","status":"publish","type":"page","link":"https:\/\/www.commoncause.org\/virginia\/es\/education-fund\/","title":{"rendered":"Apoyar la causa com\u00fan"},"content":{"rendered":"","protected":false},"excerpt":{"rendered":"","protected":false},"author":1,"featured_media":0,"parent":0,"menu_order":0,"comment_status":"closed","ping_status":"closed","template":"","meta":{"_acf_changed":false,"_relevanssi_hide_post":"","_relevanssi_hide_content":"","_relevanssi_pin_for_all":"","_relevanssi_pin_keywords":"","_relevanssi_unpin_keywords":"","_relevanssi_related_keywords":"","_relevanssi_related_include_ids":"","_relevanssi_related_exclude_ids":"","_relevanssi_related_no_append":"","_relevanssi_related_not_related":"","_relevanssi_related_posts":"","_relevanssi_noindex_reason":""},"class_list":["post-25","page","type-page","status-publish","hentry"],"acf":{"header":{"component_page_header":{"header_type":"background","title":"Haga una donaci\u00f3n deducible de impuestos","lead":"","image":"","subnavigation":false}},"sidebar":{"helper_enable_sidebar":false,"helper_media_contact":{"heading":"","manually_enter_person":false,"person":"","name":"","role":"","phone":"","email":""},"helper_links_downloads":{"heading":"","links":null}},"page_layout":[{"acf_fc_layout":"layout_wysiwyg","_acfe_flexible_toggle":"","component_wysiwyg":{"content":"<a href=\"https:\/\/www.guidestar.org\/profile\/shared\/75cd21f5-907e-4302-974c-02a0cf53e8d5\" target=\"_blank\" rel=\"noopener\"><img class=\"alignright\" src=\"https:\/\/widgets.guidestar.org\/TransparencySeal\/7349865\" \/><\/a>Common Cause Education Fund utiliza la participaci\u00f3n c\u00edvica, la investigaci\u00f3n de pol\u00edticas, los litigios y otras herramientas para construir un gobierno abierto, honesto y responsable. Su donaci\u00f3n deducible de impuestos nos permite seguir empoderando a la gente com\u00fan para que haga o\u00edr su voz en el proceso democr\u00e1tico.\r\n\r\n<a href=\"https:\/\/www.charitynavigator.org\/ein\/311705370\"><img class=\"alignright\" src=\"https:\/\/www.commoncause.org\/wp-content\/uploads\/2024\/05\/Four-Star-Rating-Badge-1.svg\" alt=\"Insignia de calificaci\u00f3n de 4 estrellas de Charity Navigator\" width=\"133\" height=\"133\" \/><\/a>Common Cause Education Fund se enorgullece de tener una calificaci\u00f3n perfecta de 4 estrellas de Charity Navigator y un Sello de Oro de Transparencia de Guidestar."}},{"acf_fc_layout":"layout_basic_html","_acfe_flexible_toggle":"","component_basic_html":{"heading":"Support Common Cause Education Fund","code":"<!-- The script tags need to be included once per page where embeds appear. Putting it in the <head> tag will be fastest. -->\r\n<script>function abConfigure(c) {window.actblueConfig = c}<\/script>\r\n<script src=\"https:\/\/secure.actblue.com\/cf\/assets\/actblue.js\" async data-ab-source=\"snippet-20240607\"><\/script>\r\n<script>\r\n  actblue.addEventListener('contribute', function (contribution) {\r\n    window.dataLayer = window.dataLayer || [];\r\n    dataLayer.push({\r\n      event: 'transaction',\r\n      transaction_id: contribution.order_number,\r\n      currency: 'USD',\r\n      value: contribution.amount \/ 100, \/\/ convert from cents\r\n      ecommerce: {\r\n        transaction_id: contribution.order_number,\r\n        currency: 'USD',\r\n        value: contribution.amount \/ 100,\r\n        items: [{\r\n          item_name: contribution.name,\r\n          item_category: contribution.recurring ? 'recurring' : 'one-time',\r\n          quantity: 1,\r\n          price: contribution.amount \/ 100\r\n        }]\r\n      }\r\n    });\r\n  });\r\n<\/script>\r\n<!-- Google Tag Manager -->\r\n<script>(function(w,d,s,l,i){w[l]=w[l]||[];w[l].push({'gtm.start':\r\nnew Date().getTime(),event:'gtm.js'});var f=d.getElementsByTagName(s)[0],\r\nj=d.createElement(s),dl=l!='dataLayer'?'&l='+l:'';j.async=true;j.src=\r\n'https:\/\/www.googletagmanager.com\/gtm.js?id='+i+dl;f.parentNode.insertBefore(j,f);\r\n})(window,document,'script','dataLayer','GTM-PH9XXW5X');<\/script>\r\n<!-- End Google Tag Manager -->\r\n<!-- This div should be included in the page where you want the form to appear. -->\r\n<div data-ab-form\r\n data-ab-token=\"DXVXaWgNzixZGxUJpSYDMmny\"\r\n data-ab-height=\"auto\"\r\n>\r\n  <!-- Fall-back content (in case the embeddable doesn't load) -->\r\n  <a href=\"https:\/\/secure.actblue.com\/donate\/common-cause-education-fund-website\">Donate<\/a>\r\n<\/div>","width":"medium"}}]},"yoast_head":"<!-- This site is optimized with the Yoast SEO Premium plugin v26.6 (Yoast SEO v27.1.1) - https:\/\/yoast.com\/product\/yoast-seo-premium-wordpress\/ -->\n<title>Support Common Cause - Common Cause Virginia<\/title>\n<meta name=\"robots\" content=\"index, follow, max-snippet:-1, max-image-preview:large, max-video-preview:-1\" \/>\n<link rel=\"canonical\" href=\"https:\/\/www.commoncause.org\/virginia\/es\/donar\/fondo-de-educacion\/\" \/>\n<meta property=\"og:locale\" content=\"es_MX\" \/>\n<meta property=\"og:type\" content=\"article\" \/>\n<meta property=\"og:title\" content=\"Support Common Cause\" \/>\n<meta property=\"og:url\" content=\"https:\/\/www.commoncause.org\/virginia\/es\/fondo-de-educacion\/\" \/>\n<meta property=\"og:site_name\" content=\"Common Cause Virginia\" \/>\n<meta property=\"og:image\" content=\"https:\/\/www.commoncause.org\/virginia\/wp-content\/uploads\/2024\/08\/Gerrymandering_MainAlternate.jpeg\" \/>\n\t<meta property=\"og:image:width\" content=\"1680\" \/>\n\t<meta property=\"og:image:height\" content=\"1120\" \/>\n\t<meta property=\"og:image:type\" content=\"image\/jpeg\" \/>\n<meta name=\"twitter:card\" content=\"summary_large_image\" \/>\n<script type=\"application\/ld+json\" class=\"yoast-schema-graph\">{\"@context\":\"https:\/\/schema.org\",\"@graph\":[{\"@type\":\"WebPage\",\"@id\":\"https:\/\/www.commoncause.org\/virginia\/education-fund\/\",\"url\":\"https:\/\/www.commoncause.org\/virginia\/education-fund\/\",\"name\":\"Support Common Cause - Common Cause Virginia\",\"isPartOf\":{\"@id\":\"https:\/\/www.commoncause.org\/virginia\/#website\"},\"datePublished\":\"2024-05-07T13:51:03+00:00\",\"breadcrumb\":{\"@id\":\"https:\/\/www.commoncause.org\/virginia\/education-fund\/#breadcrumb\"},\"inLanguage\":\"es\",\"potentialAction\":[{\"@type\":\"ReadAction\",\"target\":[\"https:\/\/www.commoncause.org\/virginia\/education-fund\/\"]}]},{\"@type\":\"BreadcrumbList\",\"@id\":\"https:\/\/www.commoncause.org\/virginia\/education-fund\/#breadcrumb\",\"itemListElement\":[{\"@type\":\"ListItem\",\"position\":1,\"name\":\"Home\",\"item\":\"https:\/\/www.commoncause.org\/virginia\/\"},{\"@type\":\"ListItem\",\"position\":2,\"name\":\"Education Fund\"}]},{\"@type\":\"WebSite\",\"@id\":\"https:\/\/www.commoncause.org\/virginia\/#website\",\"url\":\"https:\/\/www.commoncause.org\/virginia\/\",\"name\":\"Common Cause Virginia\",\"description\":\"\",\"potentialAction\":[{\"@type\":\"SearchAction\",\"target\":{\"@type\":\"EntryPoint\",\"urlTemplate\":\"https:\/\/www.commoncause.org\/virginia\/?s={search_term_string}\"},\"query-input\":{\"@type\":\"PropertyValueSpecification\",\"valueRequired\":true,\"valueName\":\"search_term_string\"}}],\"inLanguage\":\"es\"}]}<\/script>\n<!-- \/ Yoast SEO Premium plugin. -->","yoast_head_json":{"title":"Apoye a Common Cause - Causa com\u00fan Virginia","robots":{"index":"index","follow":"follow","max-snippet":"max-snippet:-1","max-image-preview":"max-image-preview:large","max-video-preview":"max-video-preview:-1"},"canonical":"https:\/\/www.commoncause.org\/virginia\/es\/donar\/fondo-de-educacion\/","og_locale":"es_MX","og_type":"article","og_title":"Support Common Cause","og_url":"https:\/\/www.commoncause.org\/virginia\/es\/fondo-de-educacion\/","og_site_name":"Common Cause Virginia","og_image":[{"width":1680,"height":1120,"url":"https:\/\/www.commoncause.org\/virginia\/wp-content\/uploads\/2024\/08\/Gerrymandering_MainAlternate.jpeg","type":"image\/jpeg"}],"twitter_card":"summary_large_image","schema":{"@context":"https:\/\/schema.org","@graph":[{"@type":"WebPage","@id":"https:\/\/www.commoncause.org\/virginia\/education-fund\/","url":"https:\/\/www.commoncause.org\/virginia\/education-fund\/","name":"Apoye a Common Cause - Causa com\u00fan Virginia","isPartOf":{"@id":"https:\/\/www.commoncause.org\/virginia\/#website"},"datePublished":"2024-05-07T13:51:03+00:00","breadcrumb":{"@id":"https:\/\/www.commoncause.org\/virginia\/education-fund\/#breadcrumb"},"inLanguage":"es","potentialAction":[{"@type":"ReadAction","target":["https:\/\/www.commoncause.org\/virginia\/education-fund\/"]}]},{"@type":"BreadcrumbList","@id":"https:\/\/www.commoncause.org\/virginia\/education-fund\/#breadcrumb","itemListElement":[{"@type":"ListItem","position":1,"name":"Home","item":"https:\/\/www.commoncause.org\/virginia\/"},{"@type":"ListItem","position":2,"name":"Education Fund"}]},{"@type":"WebSite","@id":"https:\/\/www.commoncause.org\/virginia\/#website","url":"https:\/\/www.commoncause.org\/virginia\/","name":"Causa com\u00fan Virginia","description":"","potentialAction":[{"@type":"SearchAction","target":{"@type":"EntryPoint","urlTemplate":"https:\/\/www.commoncause.org\/virginia\/?s={search_term_string}"},"query-input":{"@type":"PropertyValueSpecification","valueRequired":true,"valueName":"search_term_string"}}],"inLanguage":"es"}]}},"distributor_meta":false,"distributor_terms":false,"distributor_media":false,"distributor_original_site_name":"Common Cause Virginia","distributor_original_site_url":"https:\/\/www.commoncause.org\/virginia\/es","push-errors":false,"_links":{"self":[{"href":"https:\/\/www.commoncause.org\/virginia\/es\/wp-json\/wp\/v2\/pages\/25","targetHints":{"allow":["GET"]}}],"collection":[{"href":"https:\/\/www.commoncause.org\/virginia\/es\/wp-json\/wp\/v2\/pages"}],"about":[{"href":"https:\/\/www.commoncause.org\/virginia\/es\/wp-json\/wp\/v2\/types\/page"}],"author":[{"embeddable":true,"href":"https:\/\/www.commoncause.org\/virginia\/es\/wp-json\/wp\/v2\/users\/1"}],"replies":[{"embeddable":true,"href":"https:\/\/www.commoncause.org\/virginia\/es\/wp-json\/wp\/v2\/comments?post=25"}],"version-history":[{"count":11,"href":"https:\/\/www.commoncause.org\/virginia\/es\/wp-json\/wp\/v2\/pages\/25\/revisions"}],"predecessor-version":[{"id":1631,"href":"https:\/\/www.commoncause.org\/virginia\/es\/wp-json\/wp\/v2\/pages\/25\/revisions\/1631"}],"wp:attachment":[{"href":"https:\/\/www.commoncause.org\/virginia\/es\/wp-json\/wp\/v2\/media?parent=25"}],"curies":[{"name":"Gracias","href":"https:\/\/api.w.org\/{rel}","templated":true}]}}