{"id":861,"date":"2024-04-09T10:52:36","date_gmt":"2024-04-09T14:52:36","guid":{"rendered":"http:\/\/www.commoncause.org\/?page_id=861"},"modified":"2026-04-07T15:10:26","modified_gmt":"2026-04-07T19:10:26","slug":"nghien-cuu-va-tai-nguyen","status":"publish","type":"page","link":"https:\/\/www.commoncause.org\/vi\/research-and-resources\/","title":{"rendered":"Th\u01b0 vi\u1ec7n t\u00e0i nguy\u00ean"},"content":{"rendered":"","protected":false},"excerpt":{"rendered":"","protected":false},"author":1,"featured_media":0,"parent":0,"menu_order":0,"comment_status":"closed","ping_status":"closed","template":"","meta":{"_acf_changed":false,"_relevanssi_hide_post":"","_relevanssi_hide_content":"","_relevanssi_pin_for_all":"","_relevanssi_pin_keywords":"","_relevanssi_unpin_keywords":"","_relevanssi_related_keywords":"","_relevanssi_related_include_ids":"","_relevanssi_related_exclude_ids":"","_relevanssi_related_no_append":"","_relevanssi_related_not_related":"","_relevanssi_related_posts":"","_relevanssi_noindex_reason":""},"class_list":["post-861","page","type-page","status-publish","hentry"],"acf":{"page_layout":[{"acf_fc_layout":"layout_listing_hero","_acfe_flexible_toggle":null,"component_listing_hero":{"content_type":"resource","manually_curate":true,"featured_post":["{\"site_id\":\"1\",\"post_type\":\"resource\",\"post_id\":59062}"],"sticker":"resources"}},{"acf_fc_layout":"layout_email_signup","_acfe_flexible_toggle":null,"component_email_signup":{"":null,"small_title":"","large_title":"","action_network_embed":"","disclaimer":""}},{"acf_fc_layout":"layout_latest_listing","_acfe_flexible_toggle":null,"component_latest_listing":{"post_types":["resource"],"filters":["issue_tax","state","resource_type"],"show_search":true,"show_date_filter":true,"posts_per_page":"12"}}]},"yoast_head":"<!-- This site is optimized with the Yoast SEO Premium plugin v26.6 (Yoast SEO v27.1.1) - https:\/\/yoast.com\/product\/yoast-seo-premium-wordpress\/ -->\n<title>The Common Cause Resource Library: Empowering Voters<\/title>\n<meta name=\"description\" content=\"Explore our Resource Library for a comprehensive collection of reports, guides, and tools to support your advocacy &amp; civic engagement efforts.\" \/>\n<meta name=\"robots\" content=\"index, follow, max-snippet:-1, max-image-preview:large, max-video-preview:-1\" \/>\n<link rel=\"canonical\" href=\"https:\/\/www.commoncause.org\/vi\/nghien-cuu-va-tai-nguyen\/\" \/>\n<meta property=\"og:locale\" content=\"vi_VN\" \/>\n<meta property=\"og:type\" content=\"article\" \/>\n<meta property=\"og:title\" content=\"Resource Library\" \/>\n<meta property=\"og:description\" content=\"Explore our Resource Library for a comprehensive collection of reports, guides, and tools to support your advocacy &amp; civic engagement efforts.\" \/>\n<meta property=\"og:url\" content=\"https:\/\/www.commoncause.org\/vi\/nghien-cuu-va-tai-nguyen\/\" \/>\n<meta property=\"og:site_name\" content=\"Common Cause\" \/>\n<meta property=\"article:publisher\" content=\"https:\/\/www.facebook.com\/CommonCause\" \/>\n<meta property=\"article:modified_time\" content=\"2026-04-07T19:10:26+00:00\" \/>\n<meta property=\"og:image\" content=\"https:\/\/www.commoncause.org\/wp-content\/uploads\/2024\/10\/CC-Share-Graphic-Main9.jpg\" \/>\n\t<meta property=\"og:image:width\" content=\"1200\" \/>\n\t<meta property=\"og:image:height\" content=\"630\" \/>\n\t<meta property=\"og:image:type\" content=\"image\/jpeg\" \/>\n<meta name=\"twitter:card\" content=\"summary_large_image\" \/>\n<meta name=\"twitter:site\" content=\"@CommonCause\" \/>\n<script type=\"application\/ld+json\" class=\"yoast-schema-graph\">{\"@context\":\"https:\/\/schema.org\",\"@graph\":[{\"@type\":\"WebPage\",\"@id\":\"https:\/\/www.commoncause.org\/research-and-resources\/\",\"url\":\"https:\/\/www.commoncause.org\/research-and-resources\/\",\"name\":\"The Common Cause Resource Library: Empowering Voters\",\"isPartOf\":{\"@id\":\"https:\/\/www.commoncause.org\/#website\"},\"datePublished\":\"2024-04-09T14:52:36+00:00\",\"dateModified\":\"2026-04-07T19:10:26+00:00\",\"description\":\"Explore our Resource Library for a comprehensive collection of reports, guides, and tools to support your advocacy & civic engagement efforts.\",\"breadcrumb\":{\"@id\":\"https:\/\/www.commoncause.org\/research-and-resources\/#breadcrumb\"},\"inLanguage\":\"vi\",\"potentialAction\":[{\"@type\":\"ReadAction\",\"target\":[\"https:\/\/www.commoncause.org\/research-and-resources\/\"]}]},{\"@type\":\"BreadcrumbList\",\"@id\":\"https:\/\/www.commoncause.org\/research-and-resources\/#breadcrumb\",\"itemListElement\":[{\"@type\":\"ListItem\",\"position\":1,\"name\":\"Home\",\"item\":\"https:\/\/www.commoncause.org\/\"},{\"@type\":\"ListItem\",\"position\":2,\"name\":\"Resource Library\"}]},{\"@type\":\"WebSite\",\"@id\":\"https:\/\/www.commoncause.org\/#website\",\"url\":\"https:\/\/www.commoncause.org\/\",\"name\":\"Common Cause\",\"description\":\"\",\"publisher\":{\"@id\":\"https:\/\/www.commoncause.org\/#organization\"},\"potentialAction\":[{\"@type\":\"SearchAction\",\"target\":{\"@type\":\"EntryPoint\",\"urlTemplate\":\"https:\/\/www.commoncause.org\/?s={search_term_string}\"},\"query-input\":{\"@type\":\"PropertyValueSpecification\",\"valueRequired\":true,\"valueName\":\"search_term_string\"}}],\"inLanguage\":\"vi\"},{\"@type\":\"Organization\",\"@id\":\"https:\/\/www.commoncause.org\/#organization\",\"name\":\"Common Cause\",\"url\":\"https:\/\/www.commoncause.org\/\",\"logo\":{\"@type\":\"ImageObject\",\"inLanguage\":\"vi\",\"@id\":\"https:\/\/www.commoncause.org\/#\/schema\/logo\/image\/\",\"url\":\"https:\/\/www.commoncause.org\/wp-content\/uploads\/2024\/05\/Common-Cause-Logo.png\",\"contentUrl\":\"https:\/\/www.commoncause.org\/wp-content\/uploads\/2024\/05\/Common-Cause-Logo.png\",\"width\":2066,\"height\":331,\"caption\":\"Common Cause\"},\"image\":{\"@id\":\"https:\/\/www.commoncause.org\/#\/schema\/logo\/image\/\"},\"sameAs\":[\"https:\/\/www.facebook.com\/CommonCause\",\"https:\/\/x.com\/CommonCause\",\"https:\/\/www.instagram.com\/ourcommoncause\/\"]}]}<\/script>\n<!-- \/ Yoast SEO Premium plugin. -->","yoast_head_json":{"title":"Th\u01b0 vi\u1ec7n t\u00e0i nguy\u00ean chung: Trao quy\u1ec1n cho c\u1eed tri","description":"Kh\u00e1m ph\u00e1 Th\u01b0 vi\u1ec7n t\u00e0i nguy\u00ean c\u1ee7a ch\u00fang t\u00f4i \u0111\u1ec3 c\u00f3 b\u1ed9 s\u01b0u t\u1eadp to\u00e0n di\u1ec7n c\u00e1c b\u00e1o c\u00e1o, h\u01b0\u1edbng d\u1eabn v\u00e0 c\u00f4ng c\u1ee5 h\u1ed7 tr\u1ee3 cho c\u00e1c n\u1ed7 l\u1ef1c v\u1eadn \u0111\u1ed9ng v\u00e0 tham gia c\u1ed9ng \u0111\u1ed3ng c\u1ee7a b\u1ea1n.","robots":{"index":"index","follow":"follow","max-snippet":"max-snippet:-1","max-image-preview":"max-image-preview:large","max-video-preview":"max-video-preview:-1"},"canonical":"https:\/\/www.commoncause.org\/vi\/nghien-cuu-va-tai-nguyen\/","og_locale":"vi_VN","og_type":"article","og_title":"Resource Library","og_description":"Explore our Resource Library for a comprehensive collection of reports, guides, and tools to support your advocacy & civic engagement efforts.","og_url":"https:\/\/www.commoncause.org\/vi\/nghien-cuu-va-tai-nguyen\/","og_site_name":"Common Cause","article_publisher":"https:\/\/www.facebook.com\/CommonCause","article_modified_time":"2026-04-07T19:10:26+00:00","og_image":[{"width":1200,"height":630,"url":"https:\/\/www.commoncause.org\/wp-content\/uploads\/2024\/10\/CC-Share-Graphic-Main9.jpg","type":"image\/jpeg"}],"twitter_card":"summary_large_image","twitter_site":"@CommonCause","schema":{"@context":"https:\/\/schema.org","@graph":[{"@type":"WebPage","@id":"https:\/\/www.commoncause.org\/research-and-resources\/","url":"https:\/\/www.commoncause.org\/research-and-resources\/","name":"Th\u01b0 vi\u1ec7n t\u00e0i nguy\u00ean chung: Trao quy\u1ec1n cho c\u1eed tri","isPartOf":{"@id":"https:\/\/www.commoncause.org\/#website"},"datePublished":"2024-04-09T14:52:36+00:00","dateModified":"2026-04-07T19:10:26+00:00","description":"Kh\u00e1m ph\u00e1 Th\u01b0 vi\u1ec7n t\u00e0i nguy\u00ean c\u1ee7a ch\u00fang t\u00f4i \u0111\u1ec3 c\u00f3 b\u1ed9 s\u01b0u t\u1eadp to\u00e0n di\u1ec7n c\u00e1c b\u00e1o c\u00e1o, h\u01b0\u1edbng d\u1eabn v\u00e0 c\u00f4ng c\u1ee5 h\u1ed7 tr\u1ee3 cho c\u00e1c n\u1ed7 l\u1ef1c v\u1eadn \u0111\u1ed9ng v\u00e0 tham gia c\u1ed9ng \u0111\u1ed3ng c\u1ee7a b\u1ea1n.","breadcrumb":{"@id":"https:\/\/www.commoncause.org\/research-and-resources\/#breadcrumb"},"inLanguage":"vi","potentialAction":[{"@type":"ReadAction","target":["https:\/\/www.commoncause.org\/research-and-resources\/"]}]},{"@type":"BreadcrumbList","@id":"https:\/\/www.commoncause.org\/research-and-resources\/#breadcrumb","itemListElement":[{"@type":"ListItem","position":1,"name":"Home","item":"https:\/\/www.commoncause.org\/"},{"@type":"ListItem","position":2,"name":"Resource Library"}]},{"@type":"WebSite","@id":"https:\/\/www.commoncause.org\/#website","url":"https:\/\/www.commoncause.org\/","name":"Nguy\u00ean nh\u00e2n ph\u1ed5 bi\u1ebfn","description":"","publisher":{"@id":"https:\/\/www.commoncause.org\/#organization"},"potentialAction":[{"@type":"SearchAction","target":{"@type":"EntryPoint","urlTemplate":"https:\/\/www.commoncause.org\/?s={search_term_string}"},"query-input":{"@type":"PropertyValueSpecification","valueRequired":true,"valueName":"search_term_string"}}],"inLanguage":"vi"},{"@type":"Organization","@id":"https:\/\/www.commoncause.org\/#organization","name":"Nguy\u00ean nh\u00e2n ph\u1ed5 bi\u1ebfn","url":"https:\/\/www.commoncause.org\/","logo":{"@type":"ImageObject","inLanguage":"vi","@id":"https:\/\/www.commoncause.org\/#\/schema\/logo\/image\/","url":"https:\/\/www.commoncause.org\/wp-content\/uploads\/2024\/05\/Common-Cause-Logo.png","contentUrl":"https:\/\/www.commoncause.org\/wp-content\/uploads\/2024\/05\/Common-Cause-Logo.png","width":2066,"height":331,"caption":"Common Cause"},"image":{"@id":"https:\/\/www.commoncause.org\/#\/schema\/logo\/image\/"},"sameAs":["https:\/\/www.facebook.com\/CommonCause","https:\/\/x.com\/CommonCause","https:\/\/www.instagram.com\/ourcommoncause\/"]}]}},"distributor_meta":false,"distributor_terms":false,"distributor_media":false,"distributor_original_site_name":"Common Cause","distributor_original_site_url":"https:\/\/www.commoncause.org\/vi","push-errors":false,"_links":{"self":[{"href":"https:\/\/www.commoncause.org\/vi\/wp-json\/wp\/v2\/pages\/861","targetHints":{"allow":["GET"]}}],"collection":[{"href":"https:\/\/www.commoncause.org\/vi\/wp-json\/wp\/v2\/pages"}],"about":[{"href":"https:\/\/www.commoncause.org\/vi\/wp-json\/wp\/v2\/types\/page"}],"author":[{"embeddable":true,"href":"https:\/\/www.commoncause.org\/vi\/wp-json\/wp\/v2\/users\/1"}],"replies":[{"embeddable":true,"href":"https:\/\/www.commoncause.org\/vi\/wp-json\/wp\/v2\/comments?post=861"}],"version-history":[{"count":16,"href":"https:\/\/www.commoncause.org\/vi\/wp-json\/wp\/v2\/pages\/861\/revisions"}],"predecessor-version":[{"id":59105,"href":"https:\/\/www.commoncause.org\/vi\/wp-json\/wp\/v2\/pages\/861\/revisions\/59105"}],"wp:attachment":[{"href":"https:\/\/www.commoncause.org\/vi\/wp-json\/wp\/v2\/media?parent=861"}],"curies":[{"name":"wp","href":"https:\/\/api.w.org\/{rel}","templated":true}]}}