{"id":6,"date":"2024-02-19T17:14:37","date_gmt":"2024-02-19T22:14:37","guid":{"rendered":"https:\/\/commoncause1.wpenginepowered.com\/?page_id=6"},"modified":"2026-04-04T00:11:18","modified_gmt":"2026-04-04T04:11:18","slug":"trang-chu","status":"publish","type":"page","link":"https:\/\/www.commoncause.org\/vi\/","title":{"rendered":"Trang ch\u1ee7"},"content":{"rendered":"","protected":false},"excerpt":{"rendered":"","protected":false},"author":2,"featured_media":0,"parent":0,"menu_order":0,"comment_status":"closed","ping_status":"closed","template":"","meta":{"_acf_changed":false,"_relevanssi_hide_post":"","_relevanssi_hide_content":"","_relevanssi_pin_for_all":"","_relevanssi_pin_keywords":"","_relevanssi_unpin_keywords":"","_relevanssi_related_keywords":"","_relevanssi_related_include_ids":"","_relevanssi_related_exclude_ids":"","_relevanssi_related_no_append":"","_relevanssi_related_not_related":"","_relevanssi_related_posts":"","_relevanssi_noindex_reason":""},"class_list":["post-6","page","type-page","status-publish","hentry"],"acf":{"page_layout":[{"acf_fc_layout":"layout_latest_victory","_acfe_flexible_toggle":null,"component_latest_victory":{"manually_curate":true,"latest_content":"article","button_text":"Read About Our Victory","title":"We're Suing Trump","summary":"Donald Trump wants to control the outcome of the 2026 midterms. We're taking him to court over his attack on our right to vote by mail.","button":{"title":"Read More","url":"https:\/\/www.commoncause.org\/press\/civil-rights-groups-sue-to-stop-trump-order-on-mail-in-ballots\/","target":""},"image":25609,"darker":true}},{"acf_fc_layout":"layout_featured_work","_acfe_flexible_toggle":null,"component_featured_work":{"content_type":"work","button_text":"View This Campaign","secondary_link":null,"manually_curate":true,"small_title":"","large_title":"Trump\u2019s Iran War is Illegal, and Congress Must Stop It. ","summary":"Common Cause is calling on Congress to assert its constitutional authority and hold the Trump Administration accountable for its unauthorized and illegal use of U.S. military forces in Iran.","button":{"title":"Read More","url":"https:\/\/www.commoncause.org\/resources\/trumps-iran-war-is-illegal-and-congress-must-stop-it\/","target":""},"small_link":{"title":"All Priorities","url":"https:\/\/www.commoncause.org\/priorities\/","target":""},"image":2386}},{"acf_fc_layout":"layout_about_us","_acfe_flexible_toggle":null,"component_about_us":{"intro_title":"About Us","main_title":"Building a Government that Works for [highlight]All of Us[\/highlight]","summary":"With the support of over 1.5 million members, Common Cause wins concrete, pro-democracy reforms that break down barriers to participation, promote accountability, and ensure that each of us has a voice.","button":{"title":"Discover Our Impact","url":"https:\/\/www.commoncause.org\/our-impact\/","target":""},"image":18922}},{"acf_fc_layout":"layout_featured_action","_acfe_flexible_toggle":null,"component_featured_action":{"action_to_show":"latest","image_side":"right","action":["{\"site_id\":\"1\",\"post_type\":\"act\",\"post_id\":56564}"],"title":"D\u1eebng l\u1ea1i Matt Gaetz","summary":"Rep. Matt Gaetz is an election denier and far-right ideologue who belongs nowhere near the Department of Justice.\r\n\r\nHe has proven time and time again that he is not fit to carry out the DOJ\u2019s duty to protect voting rights and civil rights for all Americans. The Senate must REJECT his nomination for Attorney General.","post_link":{"title":"Take Action","url":"https:\/\/act.commoncause.org\/petitions\/urge-the-senate-to-reject-matt-gaetz-for-ag\/","target":"_blank"},"secondary_link":""}},{"acf_fc_layout":"layout_email_signup","_acfe_flexible_toggle":null,"component_email_signup":{"":null,"small_title":"Sign up for breaking news and action alerts about democracy in your state and nationwide.","large_title":"JOIN OUR MOVEMENT","action_network_embed":"","disclaimer":"*By providing your phone number, you are consenting to receive mobile alerts from Common Cause at 95559. Message and data rates apply. Reply STOP to unsubscribe."}},{"acf_fc_layout":"layout_statistics","_acfe_flexible_toggle":null,"component_statistics":{"title":"Common Cause l\u00e0 m\u1ed9t t\u1ed5 ch\u1ee9c phi \u0111\u1ea3ng ph\u00e1i c\u00f3 th\u00e0nh vi\u00ean \u1edf m\u1ecdi khu v\u1ef1c qu\u1ed1c h\u1ed9i.","statistics":[{"component_statistic":{"number":"25","text":"State organizations","source":"Our local experts are on the ground, fighting for open and accountable democracy."}},{"component_statistic":{"number":"50+","text":"Years of victories","source":"Since 1970, we have won some of the nation's most impactful reforms."}}]}},{"acf_fc_layout":"layout_map","_acfe_flexible_toggle":null,"component_map":{"":null}}]},"yoast_head":"<!-- This site is optimized with the Yoast SEO Premium plugin v26.6 (Yoast SEO v27.1.1) - https:\/\/yoast.com\/product\/yoast-seo-premium-wordpress\/ -->\n<title>Common Cause: Fighting For The Democracy We Deserve - Common Cause<\/title>\n<meta name=\"description\" content=\"With the support of over 1.5 million members, Common Cause wins concrete, pro-democracy reforms that break down barriers to participation, promote accountability, and ensure that each of us has a voice.\" \/>\n<meta name=\"robots\" content=\"index, follow, max-snippet:-1, max-image-preview:large, max-video-preview:-1\" \/>\n<link rel=\"canonical\" href=\"https:\/\/www.commoncause.org\/vi\/\" \/>\n<meta property=\"og:locale\" content=\"vi_VN\" \/>\n<meta property=\"og:type\" content=\"article\" \/>\n<meta property=\"og:title\" content=\"Home\" \/>\n<meta property=\"og:description\" content=\"With the support of over 1.5 million members, Common Cause wins concrete, pro-democracy reforms that break down barriers to participation, promote accountability, and ensure that each of us has a voice.\" \/>\n<meta property=\"og:url\" content=\"https:\/\/www.commoncause.org\/vi\/\" \/>\n<meta property=\"og:site_name\" content=\"Common Cause\" \/>\n<meta property=\"article:publisher\" content=\"https:\/\/www.facebook.com\/CommonCause\" \/>\n<meta property=\"article:modified_time\" content=\"2026-04-04T04:11:18+00:00\" \/>\n<meta property=\"og:image\" content=\"https:\/\/www.commoncause.org\/wp-content\/uploads\/2024\/10\/CC-Share-Graphic-Main9.jpg\" \/>\n\t<meta property=\"og:image:width\" content=\"1200\" \/>\n\t<meta property=\"og:image:height\" content=\"630\" \/>\n\t<meta property=\"og:image:type\" content=\"image\/jpeg\" \/>\n<meta name=\"twitter:card\" content=\"summary_large_image\" \/>\n<meta name=\"twitter:site\" content=\"@CommonCause\" \/>\n<script type=\"application\/ld+json\" class=\"yoast-schema-graph\">{\"@context\":\"https:\/\/schema.org\",\"@graph\":[{\"@type\":\"WebPage\",\"@id\":\"https:\/\/www.commoncause.org\/\",\"url\":\"https:\/\/www.commoncause.org\/\",\"name\":\"Common Cause: Fighting For The Democracy We Deserve - Common Cause\",\"isPartOf\":{\"@id\":\"https:\/\/www.commoncause.org\/#website\"},\"datePublished\":\"2024-02-19T22:14:37+00:00\",\"dateModified\":\"2026-04-04T04:11:18+00:00\",\"description\":\"With the support of over 1.5 million members, Common Cause wins concrete, pro-democracy reforms that break down barriers to participation, promote accountability, and ensure that each of us has a voice.\",\"breadcrumb\":{\"@id\":\"https:\/\/www.commoncause.org\/#breadcrumb\"},\"inLanguage\":\"vi\",\"potentialAction\":[{\"@type\":\"ReadAction\",\"target\":[\"https:\/\/www.commoncause.org\/\"]}]},{\"@type\":\"BreadcrumbList\",\"@id\":\"https:\/\/www.commoncause.org\/#breadcrumb\",\"itemListElement\":[{\"@type\":\"ListItem\",\"position\":1,\"name\":\"Home\",\"item\":\"https:\/\/www.commoncause.org\/\"},{\"@type\":\"ListItem\",\"position\":2,\"name\":\"Home\"}]},{\"@type\":\"WebSite\",\"@id\":\"https:\/\/www.commoncause.org\/#website\",\"url\":\"https:\/\/www.commoncause.org\/\",\"name\":\"Common Cause\",\"description\":\"\",\"publisher\":{\"@id\":\"https:\/\/www.commoncause.org\/#organization\"},\"potentialAction\":[{\"@type\":\"SearchAction\",\"target\":{\"@type\":\"EntryPoint\",\"urlTemplate\":\"https:\/\/www.commoncause.org\/?s={search_term_string}\"},\"query-input\":{\"@type\":\"PropertyValueSpecification\",\"valueRequired\":true,\"valueName\":\"search_term_string\"}}],\"inLanguage\":\"vi\"},{\"@type\":\"Organization\",\"@id\":\"https:\/\/www.commoncause.org\/#organization\",\"name\":\"Common Cause\",\"url\":\"https:\/\/www.commoncause.org\/\",\"logo\":{\"@type\":\"ImageObject\",\"inLanguage\":\"vi\",\"@id\":\"https:\/\/www.commoncause.org\/#\/schema\/logo\/image\/\",\"url\":\"https:\/\/www.commoncause.org\/wp-content\/uploads\/2024\/05\/Common-Cause-Logo.png\",\"contentUrl\":\"https:\/\/www.commoncause.org\/wp-content\/uploads\/2024\/05\/Common-Cause-Logo.png\",\"width\":2066,\"height\":331,\"caption\":\"Common Cause\"},\"image\":{\"@id\":\"https:\/\/www.commoncause.org\/#\/schema\/logo\/image\/\"},\"sameAs\":[\"https:\/\/www.facebook.com\/CommonCause\",\"https:\/\/x.com\/CommonCause\",\"https:\/\/www.instagram.com\/ourcommoncause\/\"]}]}<\/script>\n<!-- \/ Yoast SEO Premium plugin. -->","yoast_head_json":{"title":"Nguy\u00ean nh\u00e2n chung: \u0110\u1ea5u tranh cho n\u1ec1n d\u00e2n ch\u1ee7 m\u00e0 ch\u00fang ta x\u1ee9ng \u0111\u00e1ng - Nguy\u00ean nh\u00e2n chung","description":"V\u1edbi s\u1ef1 \u1ee7ng h\u1ed9 c\u1ee7a h\u01a1n 1,5 tri\u1ec7u th\u00e0nh vi\u00ean, Common Cause gi\u00e0nh \u0111\u01b0\u1ee3c nh\u1eefng c\u1ea3i c\u00e1ch c\u1ee5 th\u1ec3, \u1ee7ng h\u1ed9 d\u00e2n ch\u1ee7, ph\u00e1 b\u1ecf r\u00e0o c\u1ea3n tham gia, th\u00fac \u0111\u1ea9y tr\u00e1ch nhi\u1ec7m gi\u1ea3i tr\u00ecnh v\u00e0 \u0111\u1ea3m b\u1ea3o r\u1eb1ng m\u1ed7i ng\u01b0\u1eddi ch\u00fang ta \u0111\u1ec1u c\u00f3 ti\u1ebfng n\u00f3i.","robots":{"index":"index","follow":"follow","max-snippet":"max-snippet:-1","max-image-preview":"max-image-preview:large","max-video-preview":"max-video-preview:-1"},"canonical":"https:\/\/www.commoncause.org\/vi\/","og_locale":"vi_VN","og_type":"article","og_title":"Home","og_description":"With the support of over 1.5 million members, Common Cause wins concrete, pro-democracy reforms that break down barriers to participation, promote accountability, and ensure that each of us has a voice.","og_url":"https:\/\/www.commoncause.org\/vi\/","og_site_name":"Common Cause","article_publisher":"https:\/\/www.facebook.com\/CommonCause","article_modified_time":"2026-04-04T04:11:18+00:00","og_image":[{"width":1200,"height":630,"url":"https:\/\/www.commoncause.org\/wp-content\/uploads\/2024\/10\/CC-Share-Graphic-Main9.jpg","type":"image\/jpeg"}],"twitter_card":"summary_large_image","twitter_site":"@CommonCause","schema":{"@context":"https:\/\/schema.org","@graph":[{"@type":"WebPage","@id":"https:\/\/www.commoncause.org\/","url":"https:\/\/www.commoncause.org\/","name":"Nguy\u00ean nh\u00e2n chung: \u0110\u1ea5u tranh cho n\u1ec1n d\u00e2n ch\u1ee7 m\u00e0 ch\u00fang ta x\u1ee9ng \u0111\u00e1ng - Nguy\u00ean nh\u00e2n chung","isPartOf":{"@id":"https:\/\/www.commoncause.org\/#website"},"datePublished":"2024-02-19T22:14:37+00:00","dateModified":"2026-04-04T04:11:18+00:00","description":"V\u1edbi s\u1ef1 \u1ee7ng h\u1ed9 c\u1ee7a h\u01a1n 1,5 tri\u1ec7u th\u00e0nh vi\u00ean, Common Cause gi\u00e0nh \u0111\u01b0\u1ee3c nh\u1eefng c\u1ea3i c\u00e1ch c\u1ee5 th\u1ec3, \u1ee7ng h\u1ed9 d\u00e2n ch\u1ee7, ph\u00e1 b\u1ecf r\u00e0o c\u1ea3n tham gia, th\u00fac \u0111\u1ea9y tr\u00e1ch nhi\u1ec7m gi\u1ea3i tr\u00ecnh v\u00e0 \u0111\u1ea3m b\u1ea3o r\u1eb1ng m\u1ed7i ng\u01b0\u1eddi ch\u00fang ta \u0111\u1ec1u c\u00f3 ti\u1ebfng n\u00f3i.","breadcrumb":{"@id":"https:\/\/www.commoncause.org\/#breadcrumb"},"inLanguage":"vi","potentialAction":[{"@type":"ReadAction","target":["https:\/\/www.commoncause.org\/"]}]},{"@type":"BreadcrumbList","@id":"https:\/\/www.commoncause.org\/#breadcrumb","itemListElement":[{"@type":"ListItem","position":1,"name":"Home","item":"https:\/\/www.commoncause.org\/"},{"@type":"ListItem","position":2,"name":"Home"}]},{"@type":"WebSite","@id":"https:\/\/www.commoncause.org\/#website","url":"https:\/\/www.commoncause.org\/","name":"Nguy\u00ean nh\u00e2n ph\u1ed5 bi\u1ebfn","description":"","publisher":{"@id":"https:\/\/www.commoncause.org\/#organization"},"potentialAction":[{"@type":"SearchAction","target":{"@type":"EntryPoint","urlTemplate":"https:\/\/www.commoncause.org\/?s={search_term_string}"},"query-input":{"@type":"PropertyValueSpecification","valueRequired":true,"valueName":"search_term_string"}}],"inLanguage":"vi"},{"@type":"Organization","@id":"https:\/\/www.commoncause.org\/#organization","name":"Nguy\u00ean nh\u00e2n ph\u1ed5 bi\u1ebfn","url":"https:\/\/www.commoncause.org\/","logo":{"@type":"ImageObject","inLanguage":"vi","@id":"https:\/\/www.commoncause.org\/#\/schema\/logo\/image\/","url":"https:\/\/www.commoncause.org\/wp-content\/uploads\/2024\/05\/Common-Cause-Logo.png","contentUrl":"https:\/\/www.commoncause.org\/wp-content\/uploads\/2024\/05\/Common-Cause-Logo.png","width":2066,"height":331,"caption":"Common Cause"},"image":{"@id":"https:\/\/www.commoncause.org\/#\/schema\/logo\/image\/"},"sameAs":["https:\/\/www.facebook.com\/CommonCause","https:\/\/x.com\/CommonCause","https:\/\/www.instagram.com\/ourcommoncause\/"]}]}},"distributor_meta":false,"distributor_terms":false,"distributor_media":false,"distributor_original_site_name":"Common Cause","distributor_original_site_url":"https:\/\/www.commoncause.org\/vi","push-errors":false,"_links":{"self":[{"href":"https:\/\/www.commoncause.org\/vi\/wp-json\/wp\/v2\/pages\/6","targetHints":{"allow":["GET"]}}],"collection":[{"href":"https:\/\/www.commoncause.org\/vi\/wp-json\/wp\/v2\/pages"}],"about":[{"href":"https:\/\/www.commoncause.org\/vi\/wp-json\/wp\/v2\/types\/page"}],"author":[{"embeddable":true,"href":"https:\/\/www.commoncause.org\/vi\/wp-json\/wp\/v2\/users\/2"}],"replies":[{"embeddable":true,"href":"https:\/\/www.commoncause.org\/vi\/wp-json\/wp\/v2\/comments?post=6"}],"version-history":[{"count":227,"href":"https:\/\/www.commoncause.org\/vi\/wp-json\/wp\/v2\/pages\/6\/revisions"}],"predecessor-version":[{"id":58906,"href":"https:\/\/www.commoncause.org\/vi\/wp-json\/wp\/v2\/pages\/6\/revisions\/58906"}],"wp:attachment":[{"href":"https:\/\/www.commoncause.org\/vi\/wp-json\/wp\/v2\/media?parent=6"}],"curies":[{"name":"wp","href":"https:\/\/api.w.org\/{rel}","templated":true}]}}