{"id":23750,"date":"2024-10-18T16:30:23","date_gmt":"2024-10-18T20:30:23","guid":{"rendered":"https:\/\/www.commoncause.org\/?page_id=23750"},"modified":"2024-10-30T16:50:51","modified_gmt":"2024-10-30T20:50:51","slug":"quy-giao-duc-vi-muc-dich-chung","status":"publish","type":"page","link":"https:\/\/www.commoncause.org\/vi\/about-us\/common-cause-education-fund\/","title":{"rendered":"Qu\u1ef9 Gi\u00e1o d\u1ee5c v\u00ec m\u1ee5c \u0111\u00edch chung"},"content":{"rendered":"","protected":false},"excerpt":{"rendered":"","protected":false},"author":35,"featured_media":0,"parent":696,"menu_order":0,"comment_status":"closed","ping_status":"closed","template":"","meta":{"_acf_changed":false,"_relevanssi_hide_post":"","_relevanssi_hide_content":"","_relevanssi_pin_for_all":"","_relevanssi_pin_keywords":"","_relevanssi_unpin_keywords":"","_relevanssi_related_keywords":"","_relevanssi_related_include_ids":"","_relevanssi_related_exclude_ids":"","_relevanssi_related_no_append":"","_relevanssi_related_not_related":"","_relevanssi_related_posts":"","_relevanssi_noindex_reason":""},"class_list":["post-23750","page","type-page","status-publish","hentry"],"acf":{"header":{"component_page_header":{"header_type":"default","title":"","lead":"","image":23977,"subnavigation":false}},"sidebar":{"helper_enable_sidebar":false,"helper_media_contact":{"heading":"Media Contact","manually_enter_person":false,"person":"","name":"","role":"","phone":"","email":""},"helper_links_downloads":{"heading":"Links & Downloads","links":null}},"page_layout":[{"acf_fc_layout":"layout_wysiwyg","_acfe_flexible_toggle":"","component_wysiwyg":{"content":"<p style=\"font-weight: 400;\">Qu\u1ef9 Gi\u00e1o d\u1ee5c v\u00ec m\u1ee5c \u0111\u00edch chung khai th\u00e1c s\u1ee9c m\u1ea1nh c\u1ee7a ho\u1ea1t \u0111\u1ed9ng t\u1eeb thi\u1ec7n \u0111\u1ec3 t\u1ea1o ra m\u1ed9t n\u1ec1n d\u00e2n ch\u1ee7 th\u1ef1c s\u1ef1 \u0111\u1ea1i di\u1ec7n, ch\u1ecbu tr\u00e1ch nhi\u1ec7m tr\u01b0\u1edbc ng\u01b0\u1eddi d\u00e2n ch\u1ee9 kh\u00f4ng ph\u1ea3i tr\u01b0\u1edbc nh\u1eefng k\u1ebb c\u00f3 quy\u1ec1n l\u1ef1c. S\u1eed d\u1ee5ng nghi\u00ean c\u1ee9u, gi\u00e1o d\u1ee5c c\u00f4ng ch\u00fang, s\u1ef1 tham gia c\u1ee7a c\u00f4ng d\u00e2n, ph\u00e1t tri\u1ec3n ch\u00ednh s\u00e1ch v\u00e0 ki\u1ec7n t\u1ee5ng, ch\u00fang t\u00f4i th\u00fac \u0111\u1ea9y c\u00e1c n\u1ed7 l\u1ef1c c\u1ee7a qu\u1ed1c gia, ti\u1ec3u bang v\u00e0 \u0111\u1ecba ph\u01b0\u01a1ng \u0111\u1ec3 c\u1ee7ng c\u1ed1 n\u1ec1n d\u00e2n ch\u1ee7 c\u1ee7a ch\u00fang t\u00f4i.<\/p>\r\n<p style=\"font-weight: 400;\">Qu\u1ef9 Gi\u00e1o d\u1ee5c Nguy\u00ean nh\u00e2n Chung t\u1ef1 h\u00e0o c\u00f3 x\u1ebfp h\u1ea1ng b\u1ed1n sao ho\u00e0n h\u1ea3o t\u1eeb Charity Navigator v\u00e0 Con d\u1ea5u V\u00e0ng Minh b\u1ea1ch c\u1ee7a Guidestar. M\u00e3 s\u1ed1 nh\u1eadn d\u1ea1ng thu\u1ebf c\u1ee7a ch\u00fang t\u00f4i l\u00e0 <strong>31-1705370.\u00a0<\/strong><\/p>\r\n<a href=\"https:\/\/www.commoncause.org\/vi\/quyen-tang\/quy-giao-duc-3\/\">Nh\u1ea5p v\u00e0o \u0111\u00e2y \u0111\u1ec3 \u0111\u00f3ng g\u00f3p cho Qu\u1ef9 Gi\u00e1o d\u1ee5c v\u00ec m\u1ee5c \u0111\u00edch chung<\/a>\r\n\r\n<img class=\"aligncenter wp-image-23938 size-full\" src=\"https:\/\/www.commoncause.org\/wp-content\/uploads\/2024\/10\/Untitled-design-11.png\" alt=\"\" width=\"500\" height=\"300\" \/>\r\n<p style=\"font-weight: 400;\"><strong>QU\u1ef8 GI\u00c1O D\u1ee4C COMMON CAUSE KH\u00c1C V\u1edaI QU\u1ef8 COMMON CAUSE NH\u01af TH\u1ebe N\u00c0O?<\/strong><\/p>\r\n<p style=\"font-weight: 400;\">Common Cause \u0111\u01b0\u1ee3c th\u00e0nh l\u1eadp v\u00e0o n\u0103m 1970 \u0111\u1ec3 tr\u1edf th\u00e0nh m\u1ed9t t\u1ed5 ch\u1ee9c v\u1eadn \u0111\u1ed9ng h\u00e0nh lang phi \u0111\u1ea3ng ph\u00e1i c\u1ee7a ng\u01b0\u1eddi d\u00e2n v\u00ec d\u00e2n ch\u1ee7. M\u1ed9t y\u1ebfu t\u1ed1 c\u1ed1t l\u00f5i c\u1ee7a s\u1ee9 m\u1ec7nh \u0111\u00f3 l\u00e0 \u1ee7ng h\u1ed9 c\u00e1c lu\u1eadt l\u1ec7 v\u00e0 ch\u00ednh s\u00e1ch \u0111\u1ec3 x\u00e2y d\u1ef1ng m\u1ed9t n\u1ec1n d\u00e2n ch\u1ee7 m\u1ea1nh m\u1ebd h\u01a1n cho t\u1ea5t c\u1ea3 m\u1ecdi ng\u01b0\u1eddi. V\u00ec Common Cause v\u1eadn \u0111\u1ed9ng h\u00e0nh lang thay m\u1eb7t cho l\u1ee3i \u00edch c\u00f4ng c\u1ed9ng trong c\u00e1c c\u01a1 quan l\u1eadp ph\u00e1p ti\u1ec3u bang, trong Qu\u1ed1c h\u1ed9i v\u00e0 c\u00e1c s\u00e1ng ki\u1ebfn b\u1ecf phi\u1ebfu, n\u00ean t\u1ed5 ch\u1ee9c n\u00e0y \u0111\u01b0\u1ee3c \u0111\u0103ng k\u00fd l\u00e0 t\u1ed5 ch\u1ee9c phi l\u1ee3i nhu\u1eadn 501(c)4 v\u1edbi IRS v\u00e0 c\u00e1c kho\u1ea3n \u0111\u00f3ng g\u00f3p cho t\u1ed5 ch\u1ee9c n\u00e0y kh\u00f4ng \u0111\u01b0\u1ee3c kh\u1ea5u tr\u1eeb thu\u1ebf.<\/p>\r\n<p style=\"font-weight: 400;\">Qu\u1ef9 Gi\u00e1o d\u1ee5c Nguy\u00ean nh\u00e2n Chung \u0111\u01b0\u1ee3c th\u00e0nh l\u1eadp v\u00e0o n\u0103m 2000 v\u1edbi t\u01b0 c\u00e1ch l\u00e0 m\u1ed9t t\u1ed5 ch\u1ee9c t\u1eeb thi\u1ec7n 501(c)3 li\u00ean k\u1ebft v\u00e0 chia s\u1ebb nh\u00e2n vi\u00ean v\u00e0 v\u0103n ph\u00f2ng v\u1edbi Common Cause. Qu\u1ef9 Gi\u00e1o d\u1ee5c Nguy\u00ean nh\u00e2n Chung ch\u1ec9 c\u00f3 th\u1ec3 ti\u1ebfn h\u00e0nh ho\u1ea1t \u0111\u1ed9ng v\u1eadn \u0111\u1ed9ng h\u00e0nh lang h\u1ea1n ch\u1ebf, nh\u01b0ng s\u1eed d\u1ee5ng nhi\u1ec1u c\u00f4ng c\u1ee5 kh\u00e1c \u0111\u1ec3 th\u00fac \u0111\u1ea9y c\u1ea3i c\u00e1ch d\u00e2n ch\u1ee7, bao g\u1ed3m nghi\u00ean c\u1ee9u, gi\u00e1o d\u1ee5c c\u00f4ng ch\u00fang, ki\u1ec7n t\u1ee5ng v\u00e0 b\u1ea3o v\u1ec7 c\u1eed tri. C\u00e1c kho\u1ea3n \u0111\u00f3ng g\u00f3p cho Qu\u1ef9 Gi\u00e1o d\u1ee5c Nguy\u00ean nh\u00e2n Chung \u0111\u01b0\u1ee3c kh\u1ea5u tr\u1eeb thu\u1ebf ho\u00e0n to\u00e0n. M\u00e3 s\u1ed1 thu\u1ebf c\u1ee7a ch\u00fang t\u00f4i l\u00e0 31-1705370.<\/p>\r\n<p style=\"font-weight: 400;\"><strong>HAI T\u1ed4 CH\u1ee8C. M\u1ed8T S\u1ee8 M\u1ea0NG CHUNG.<\/strong><\/p>\r\n<p style=\"font-weight: 400;\">Gi\u1ed1ng nh\u01b0 Common Cause, Qu\u1ef9 Gi\u00e1o d\u1ee5c Common Cause l\u00e0 m\u1ed9t \u0111\u1ed9ng c\u01a1 th\u00fac \u0111\u1ea9y s\u1ef1 thay \u0111\u1ed5i do ng\u01b0\u1eddi d\u00e2n th\u00fac \u0111\u1ea9y v\u1edbi 1,5 tri\u1ec7u th\u00e0nh vi\u00ean v\u00e0 ng\u01b0\u1eddi \u1ee7ng h\u1ed9 \u0111\u1ebfn t\u1eeb t\u1ea5t c\u1ea3 n\u0103m m\u01b0\u01a1i ti\u1ec3u bang. 25 v\u0103n ph\u00f2ng ti\u1ec3u bang c\u1ee7a ch\u00fang t\u00f4i \u0111\u01b0\u1ee3c \u0111i\u1ec1u h\u00e0nh b\u1edfi c\u00e1c nh\u00e0 t\u1ed5 ch\u1ee9c, lu\u1eadt s\u01b0 v\u00e0 chuy\u00ean gia t\u1ea1i ch\u1ed7 \u2014 k\u1ebft h\u1ee3p c\u00f4ng t\u00e1c d\u00e2n ch\u1ee7 \u0111\u1ecba ph\u01b0\u01a1ng, ti\u1ec3u bang v\u00e0 li\u00ean bang v\u00e0 gi\u00e0nh \u0111\u01b0\u1ee3c k\u1ebft qu\u1ea3. Ch\u00fang t\u00f4i l\u00e0 m\u1ed9t t\u1ed5 ch\u1ee9c phi \u0111\u1ea3ng ph\u00e1i, c\u01a1 s\u1edf t\u1eadn t\u1ee5y b\u1ea3o v\u1ec7 c\u00e1c gi\u00e1 tr\u1ecb c\u1ed1t l\u00f5i c\u1ee7a n\u1ec1n d\u00e2n ch\u1ee7 Hoa K\u1ef3. Ch\u00fang t\u00f4i n\u1ed7 l\u1ef1c t\u1ea1o ra ch\u00ednh ph\u1ee7 c\u1edfi m\u1edf, trung th\u1ef1c v\u00e0 c\u00f3 tr\u00e1ch nhi\u1ec7m ph\u1ee5c v\u1ee5 l\u1ee3i \u00edch c\u00f4ng c\u1ed9ng; th\u00fac \u0111\u1ea9y quy\u1ec1n b\u00ecnh \u0111\u1eb3ng, c\u01a1 h\u1ed9i v\u00e0 \u0111\u1ea1i di\u1ec7n cho t\u1ea5t c\u1ea3 m\u1ecdi ng\u01b0\u1eddi; v\u00e0 trao quy\u1ec1n cho t\u1ea5t c\u1ea3 m\u1ecdi ng\u01b0\u1eddi \u0111\u1ec3 ti\u1ebfng n\u00f3i c\u1ee7a h\u1ecd \u0111\u01b0\u1ee3c l\u1eafng nghe trong ti\u1ebfn tr\u00ecnh ch\u00ednh tr\u1ecb.<\/p>\r\n<p style=\"font-weight: 400;\">As a supporter, you make\u00a0our\u00a0work possible.\u00a0Because of you,\u00a0we're\u00a0able\u00a0to:<\/p>\r\n<p style=\"font-weight: 400;\"><strong>B\u1ea2O V\u1ec6 PHI\u1ebeU B\u1ea6U<\/strong><\/p>\r\n\r\n<ul style=\"font-weight: 400;\">\r\n \t<li>Ch\u00fang t\u00f4i tuy\u1ec3n d\u1ee5ng, \u0111\u00e0o t\u1ea1o v\u00e0 tri\u1ec3n khai c\u00e1c t\u00ecnh nguy\u1ec7n vi\u00ean B\u1ea3o v\u1ec7 B\u1ea7u c\u1eed \u2014 ch\u00fang t\u00f4i \u0111\u00e3 tuy\u1ec3n d\u1ee5ng h\u01a1n 50.000 ng\u01b0\u1eddi gi\u00e1m s\u00e1t t\u1ea1i 40 ti\u1ec3u bang t\u1eeb n\u0103m 2020 \u0111\u1ebfn n\u0103m 2022. \u0110\u1ebfn n\u0103m 2024, ch\u00fang t\u00f4i \u0111ang tr\u00ean \u0111\u00e0 v\u01b0\u1ee3t qua con s\u1ed1 \u0111\u00f3.<\/li>\r\n<\/ul>\r\n<p style=\"font-weight: 400;\"><strong>CH\u1ed0NG L\u1ea0I S\u1ef0 \u0110\u00c0N \u00c1P B\u1ea6U C\u1eec<\/strong><\/p>\r\n\r\n<ul style=\"font-weight: 400;\">\r\n \t<li>T\u1ea1i Georgia, ch\u00fang t\u00f4i \u0111ang tuy\u1ec3n d\u1ee5ng v\u00e0 \u0111\u00e0o t\u1ea1o c\u00e1c t\u00ecnh nguy\u1ec7n vi\u00ean c\u1ed9ng \u0111\u1ed3ng \u0111\u1ec3 gi\u00e1m s\u00e1t H\u1ed9i \u0111\u1ed3ng B\u1ea7u c\u1eed Ti\u1ec3u bang v\u00e0 c\u00e1c h\u1ed9i \u0111\u1ed3ng b\u1ea7u c\u1eed \u0111\u1ecba ph\u01b0\u01a1ng m\u1ee5c ti\u00eau t\u1ea1i 12 qu\u1eadn. Nh\u1eefng t\u00ecnh nguy\u1ec7n vi\u00ean n\u00e0y s\u1ebd l\u00e0 ch\u00fa chim ho\u00e0ng y\u1ebfn trong m\u1ecf than \u0111\u1ec3 c\u1ea3nh b\u00e1o nh\u1eefng ng\u01b0\u1eddi \u1ee7ng h\u1ed9 v\u00e0 lu\u1eadt s\u01b0 B\u1ea3o v\u1ec7 B\u1ea7u c\u1eed - v\u00e0 ph\u01b0\u01a1ng ti\u1ec7n truy\u1ec1n th\u00f4ng - khi v\u00e0 n\u1ebfu c\u00f3 b\u1ea5t k\u1ef3 n\u1ed7 l\u1ef1c n\u00e0o nh\u1eb1m ph\u00e1 ho\u1ea1i k\u1ebft qu\u1ea3 b\u1ea7u c\u1eed.<\/li>\r\n<\/ul>\r\n<p style=\"font-weight: 400;\"><strong>\u0110\u00c1P TR\u1ea2 \u1ede T\u00d2A \u00c1N<\/strong><\/p>\r\n\r\n<ul style=\"font-weight: 400;\">\r\n \t<li>T\u00f2a \u00e1n T\u1ed1i cao Hoa K\u1ef3 \u0111\u00e3 ra ph\u00e1n quy\u1ebft c\u00f3 l\u1ee3i cho ch\u00fang ta b\u1eb1ng c\u00e1ch b\u00e1c b\u1ecf n\u1ed7 l\u1ef1c nguy hi\u1ec3m nh\u1eb1m ph\u00e1 ho\u1ea1i n\u1ec1n d\u00e2n ch\u1ee7 c\u1ee7a ch\u00fang ta <em>Moore ki\u1ec7n Harper<\/em> tr\u01b0\u1eddng h\u1ee3p. Neal Katyal (Quy\u1ec1n T\u1ed5ng c\u1ed1 v\u1ea5n c\u1ee7a Hoa K\u1ef3 d\u01b0\u1edbi th\u1eddi Ch\u00ednh quy\u1ec1n Obama) cho bi\u1ebft, \u201cVai tr\u00f2 \u0111\u1ea1i di\u1ec7n cho Common Cause l\u00e0 m\u1ed9t \u0111\u1eb7c \u00e2n \u0111\u1ed1i v\u1edbi t\u00f4i v\u00ec Common Cause \u0111\u00e3 truy\u1ec1n c\u1ea3m h\u1ee9ng cho t\u00f4i trong nhi\u1ec1u th\u1eadp k\u1ef7 nay, v\u1edbi s\u1ee9 m\u1ec7nh phi \u0111\u1ea3ng ph\u00e1i l\u00e0 \u0111\u1ea5u tranh cho quy\u1ec1n b\u1ecf phi\u1ebfu.\u201d<\/li>\r\n<\/ul>\r\n<p style=\"font-weight: 400;\"><strong>CH\u1ed0NG L\u1ea0I TH\u00d4NG TIN SAI L\u1ea6M V\u1ec0 N\u1ec0N D\u00c2N CH\u1ee6<\/strong><\/p>\r\n\r\n<ul style=\"font-weight: 400;\">\r\n \t<li>T\u1ea1i California, ch\u00fang t\u00f4i \u0111\u00e3 ban h\u00e0nh hai lu\u1eadt m\u1edbi \u0111\u1ec3 gi\u1ea3i quy\u1ebft m\u1ed1i \u0111e d\u1ecda c\u1ee7a AI kh\u00f4ng \u0111\u01b0\u1ee3c qu\u1ea3n l\u00fd \u0111\u1ed1i v\u1edbi n\u1ec1n d\u00e2n ch\u1ee7. Lu\u1eadt \u0111\u1ea7u ti\u00ean ng\u0103n ch\u1eb7n c\u00e1c n\u1ed9i dung deepfake g\u00e2y hi\u1ec3u l\u1ea7m ra kh\u1ecfi c\u00e1c qu\u1ea3ng c\u00e1o chi\u1ebfn d\u1ecbch v\u00e0 th\u00f4ng tin li\u00ean l\u1ea1c v\u1ec1 b\u1ea7u c\u1eed g\u1ea7n Ng\u00e0y b\u1ea7u c\u1eed, b\u1ea3o v\u1ec7 c\u00e1c \u1ee9ng c\u1eed vi\u00ean v\u00e0 quan ch\u1ee9c b\u1ea7u c\u1eed trong khi v\u1eabn t\u00f4n tr\u1ecdng Tu ch\u00ednh \u00e1n th\u1ee9 nh\u1ea5t. Lu\u1eadt th\u1ee9 hai \u0111\u1eb7t ra y\u00eau c\u1ea7u \u0111\u1ed1i v\u1edbi c\u00e1c n\u1ec1n t\u1ea3ng tr\u1ef1c tuy\u1ebfn l\u1edbn ph\u1ea3i x\u00f3a ho\u1eb7c g\u1eafn nh\u00e3n n\u1ed9i dung k\u1ef9 thu\u1eadt s\u1ed1 l\u1eeba \u0111\u1ea3o li\u00ean quan \u0111\u1ebfn b\u1ea7u c\u1eed.<\/li>\r\n<\/ul>\r\n<p style=\"font-weight: 400;\"><strong>B\u1ea2O V\u1ec6 PHI\u1ebeU B\u1ea6U TH\u01af<\/strong><\/p>\r\n\r\n<ul style=\"font-weight: 400;\">\r\n \t<li>In Pennsylvania, we've secured important victories to protect voters from having their voices silenced, a problem that disproportionately affects Pennsylvania\u2019s Black and Latino voters. Following our advocacy, Dauphin and Allegheny counties adopted strong notice and cure policies, allowing voters to fix clerical errors so their votes can be counted. And Allegheny County created satellite elections offices that allow voters to vote early in person using an over-the-counter mail ballot request.<\/li>\r\n<\/ul>\r\n<p style=\"font-weight: 400;\"><strong>K\u00cdCH HO\u1ea0T B\u1ea6U C\u1eec C\u1ee6A GI\u1edaI TR\u1eba<\/strong><\/p>\r\n\r\n<ul style=\"font-weight: 400;\">\r\n \t<li>T\u1ea1i B\u1eafc Carolina, ch\u00fang t\u00f4i \u0111\u00e3 t\u1eadp h\u1ee3p g\u1ea7n 5.000 ng\u01b0\u1eddi tr\u1ebb \u0111\u1ec3 th\u1ec3 hi\u1ec7n s\u1ee9c m\u1ea1nh c\u00f4ng d\u00e2n c\u1ee7a h\u1ecd trong l\u1ec5 h\u1ed9i ngh\u1ec7 thu\u1eadt v\u00e0 \u00e2m nh\u1ea1c c\u1ee7a ch\u00fang t\u00f4i t\u1ea1i Raleigh. Ca s\u0129 ki\u00eam di\u1ec5n vi\u00ean \u0111\u01b0\u1ee3c \u0111\u1ec1 c\u1eed gi\u1ea3i Grammy m\u01b0\u1eddi l\u1ea7n Janelle Mon\u00e1e \u0111\u00e3 d\u1eabn \u0111\u1ea7u m\u1ed9t \u0111\u1ed9i h\u00ecnh to\u00e0n sao g\u1ed3m nh\u1eefng ng\u01b0\u1eddi bi\u1ec3u di\u1ec5n. Nh\u1eefng ng\u01b0\u1eddi tr\u1ebb tu\u1ed5i v\u00e0 c\u00e1c nh\u00e0 ho\u1ea1t \u0111\u1ed9ng c\u01a1 s\u1edf \u0111\u00e3 l\u00ean s\u00e2n kh\u1ea5u \u0111\u1ec3 b\u00e0y t\u1ecf l\u00fd do t\u1ea1i sao th\u1ebf h\u1ec7 c\u1eed tri m\u1edbi n\u00e0y ph\u1ea3i s\u1eed d\u1ee5ng s\u1ee9c m\u1ea1nh c\u1ee7a l\u00e1 phi\u1ebfu c\u1ee7a h\u1ecd.<\/li>\r\n<\/ul>\r\n<p style=\"font-weight: 400;\"><strong>CUNG C\u1ea4P B\u1ea2N \u0110\u1ed2 C\u00d4NG B\u1eb0NG<\/strong><\/p>\r\n\r\n<ul style=\"font-weight: 400;\">\r\n \t<li>Sau m\u1ed9t th\u1eadp k\u1ef7 chi\u1ebfn d\u1ecbch gi\u00e1o d\u1ee5c c\u00f4ng ch\u00fang v\u00e0 huy \u0111\u1ed9ng c\u01a1 s\u1edf, ch\u00fang t\u00f4i \u0111\u00e3 \u0111\u01b0a ra c\u00e1c b\u1ea3n \u0111\u1ed3 l\u1eadp ph\u00e1p ti\u1ec3u bang c\u00f4ng b\u1eb1ng ph\u1ea3n \u00e1nh \u0111\u00fang s\u1edf th\u00edch \u0111\u1ea3ng ph\u00e1i c\u1ee7a c\u1eed tri Wisconsin v\u00e0 s\u1ebd mang l\u1ea1i s\u1ef1 \u1ed5n \u0111\u1ecbnh v\u00e0 ch\u1eafc ch\u1eafn cho c\u1eed tri v\u1ec1 c\u00e1c khu v\u1ef1c b\u1ecf phi\u1ebfu l\u1eadp ph\u00e1p ti\u1ec3u bang m\u1edbi c\u1ee7a h\u1ecd cho \u0111\u1ebfn n\u0103m 2024 v\u00e0 sau \u0111\u00f3.<\/li>\r\n<\/ul>\r\n<p style=\"font-weight: 400;\"><\/p>"}}]},"yoast_head":"<!-- This site is optimized with the Yoast SEO Premium plugin v26.6 (Yoast SEO v27.1.1) - https:\/\/yoast.com\/product\/yoast-seo-premium-wordpress\/ -->\n<title>Common Cause Education Fund - Common Cause<\/title>\n<meta name=\"robots\" content=\"index, follow, max-snippet:-1, max-image-preview:large, max-video-preview:-1\" \/>\n<link rel=\"canonical\" href=\"https:\/\/www.commoncause.org\/vi\/ve-chung-toi\/quy-giao-duc-vi-muc-dich-chung\/\" \/>\n<meta property=\"og:locale\" content=\"vi_VN\" \/>\n<meta property=\"og:type\" content=\"article\" \/>\n<meta property=\"og:title\" content=\"Common Cause Education Fund\" \/>\n<meta property=\"og:url\" content=\"https:\/\/www.commoncause.org\/vi\/ve-chung-toi\/quy-giao-duc-vi-muc-dich-chung\/\" \/>\n<meta property=\"og:site_name\" content=\"Common Cause\" \/>\n<meta property=\"article:publisher\" content=\"https:\/\/www.facebook.com\/CommonCause\" \/>\n<meta property=\"article:modified_time\" content=\"2024-10-30T20:50:51+00:00\" \/>\n<meta property=\"og:image\" content=\"https:\/\/www.commoncause.org\/wp-content\/uploads\/2024\/10\/CC-Share-Graphic-Main9.jpg\" \/>\n\t<meta property=\"og:image:width\" content=\"1200\" \/>\n\t<meta property=\"og:image:height\" content=\"630\" \/>\n\t<meta property=\"og:image:type\" content=\"image\/jpeg\" \/>\n<meta name=\"twitter:card\" content=\"summary_large_image\" \/>\n<meta name=\"twitter:site\" content=\"@CommonCause\" \/>\n<script type=\"application\/ld+json\" class=\"yoast-schema-graph\">{\"@context\":\"https:\/\/schema.org\",\"@graph\":[{\"@type\":\"WebPage\",\"@id\":\"https:\/\/www.commoncause.org\/about-us\/common-cause-education-fund\/\",\"url\":\"https:\/\/www.commoncause.org\/about-us\/common-cause-education-fund\/\",\"name\":\"Common Cause Education Fund - Common Cause\",\"isPartOf\":{\"@id\":\"https:\/\/www.commoncause.org\/#website\"},\"datePublished\":\"2024-10-18T20:30:23+00:00\",\"dateModified\":\"2024-10-30T20:50:51+00:00\",\"breadcrumb\":{\"@id\":\"https:\/\/www.commoncause.org\/about-us\/common-cause-education-fund\/#breadcrumb\"},\"inLanguage\":\"vi\",\"potentialAction\":[{\"@type\":\"ReadAction\",\"target\":[\"https:\/\/www.commoncause.org\/about-us\/common-cause-education-fund\/\"]}]},{\"@type\":\"BreadcrumbList\",\"@id\":\"https:\/\/www.commoncause.org\/about-us\/common-cause-education-fund\/#breadcrumb\",\"itemListElement\":[{\"@type\":\"ListItem\",\"position\":1,\"name\":\"Home\",\"item\":\"https:\/\/www.commoncause.org\/\"},{\"@type\":\"ListItem\",\"position\":2,\"name\":\"About Us\",\"item\":\"https:\/\/www.commoncause.org\/about-us\/\"},{\"@type\":\"ListItem\",\"position\":3,\"name\":\"Common Cause Education Fund\"}]},{\"@type\":\"WebSite\",\"@id\":\"https:\/\/www.commoncause.org\/#website\",\"url\":\"https:\/\/www.commoncause.org\/\",\"name\":\"Common Cause\",\"description\":\"\",\"publisher\":{\"@id\":\"https:\/\/www.commoncause.org\/#organization\"},\"potentialAction\":[{\"@type\":\"SearchAction\",\"target\":{\"@type\":\"EntryPoint\",\"urlTemplate\":\"https:\/\/www.commoncause.org\/?s={search_term_string}\"},\"query-input\":{\"@type\":\"PropertyValueSpecification\",\"valueRequired\":true,\"valueName\":\"search_term_string\"}}],\"inLanguage\":\"vi\"},{\"@type\":\"Organization\",\"@id\":\"https:\/\/www.commoncause.org\/#organization\",\"name\":\"Common Cause\",\"url\":\"https:\/\/www.commoncause.org\/\",\"logo\":{\"@type\":\"ImageObject\",\"inLanguage\":\"vi\",\"@id\":\"https:\/\/www.commoncause.org\/#\/schema\/logo\/image\/\",\"url\":\"https:\/\/www.commoncause.org\/wp-content\/uploads\/2024\/05\/Common-Cause-Logo.png\",\"contentUrl\":\"https:\/\/www.commoncause.org\/wp-content\/uploads\/2024\/05\/Common-Cause-Logo.png\",\"width\":2066,\"height\":331,\"caption\":\"Common Cause\"},\"image\":{\"@id\":\"https:\/\/www.commoncause.org\/#\/schema\/logo\/image\/\"},\"sameAs\":[\"https:\/\/www.facebook.com\/CommonCause\",\"https:\/\/x.com\/CommonCause\",\"https:\/\/www.instagram.com\/ourcommoncause\/\"]}]}<\/script>\n<!-- \/ Yoast SEO Premium plugin. -->","yoast_head_json":{"title":"Qu\u1ef9 Gi\u00e1o d\u1ee5c Nguy\u00ean nh\u00e2n Chung - Nguy\u00ean nh\u00e2n Chung","robots":{"index":"index","follow":"follow","max-snippet":"max-snippet:-1","max-image-preview":"max-image-preview:large","max-video-preview":"max-video-preview:-1"},"canonical":"https:\/\/www.commoncause.org\/vi\/ve-chung-toi\/quy-giao-duc-vi-muc-dich-chung\/","og_locale":"vi_VN","og_type":"article","og_title":"Common Cause Education Fund","og_url":"https:\/\/www.commoncause.org\/vi\/ve-chung-toi\/quy-giao-duc-vi-muc-dich-chung\/","og_site_name":"Common Cause","article_publisher":"https:\/\/www.facebook.com\/CommonCause","article_modified_time":"2024-10-30T20:50:51+00:00","og_image":[{"width":1200,"height":630,"url":"https:\/\/www.commoncause.org\/wp-content\/uploads\/2024\/10\/CC-Share-Graphic-Main9.jpg","type":"image\/jpeg"}],"twitter_card":"summary_large_image","twitter_site":"@CommonCause","schema":{"@context":"https:\/\/schema.org","@graph":[{"@type":"WebPage","@id":"https:\/\/www.commoncause.org\/about-us\/common-cause-education-fund\/","url":"https:\/\/www.commoncause.org\/about-us\/common-cause-education-fund\/","name":"Qu\u1ef9 Gi\u00e1o d\u1ee5c Nguy\u00ean nh\u00e2n Chung - Nguy\u00ean nh\u00e2n Chung","isPartOf":{"@id":"https:\/\/www.commoncause.org\/#website"},"datePublished":"2024-10-18T20:30:23+00:00","dateModified":"2024-10-30T20:50:51+00:00","breadcrumb":{"@id":"https:\/\/www.commoncause.org\/about-us\/common-cause-education-fund\/#breadcrumb"},"inLanguage":"vi","potentialAction":[{"@type":"ReadAction","target":["https:\/\/www.commoncause.org\/about-us\/common-cause-education-fund\/"]}]},{"@type":"BreadcrumbList","@id":"https:\/\/www.commoncause.org\/about-us\/common-cause-education-fund\/#breadcrumb","itemListElement":[{"@type":"ListItem","position":1,"name":"Home","item":"https:\/\/www.commoncause.org\/"},{"@type":"ListItem","position":2,"name":"About Us","item":"https:\/\/www.commoncause.org\/about-us\/"},{"@type":"ListItem","position":3,"name":"Common Cause Education Fund"}]},{"@type":"WebSite","@id":"https:\/\/www.commoncause.org\/#website","url":"https:\/\/www.commoncause.org\/","name":"Nguy\u00ean nh\u00e2n ph\u1ed5 bi\u1ebfn","description":"","publisher":{"@id":"https:\/\/www.commoncause.org\/#organization"},"potentialAction":[{"@type":"SearchAction","target":{"@type":"EntryPoint","urlTemplate":"https:\/\/www.commoncause.org\/?s={search_term_string}"},"query-input":{"@type":"PropertyValueSpecification","valueRequired":true,"valueName":"search_term_string"}}],"inLanguage":"vi"},{"@type":"Organization","@id":"https:\/\/www.commoncause.org\/#organization","name":"Nguy\u00ean nh\u00e2n ph\u1ed5 bi\u1ebfn","url":"https:\/\/www.commoncause.org\/","logo":{"@type":"ImageObject","inLanguage":"vi","@id":"https:\/\/www.commoncause.org\/#\/schema\/logo\/image\/","url":"https:\/\/www.commoncause.org\/wp-content\/uploads\/2024\/05\/Common-Cause-Logo.png","contentUrl":"https:\/\/www.commoncause.org\/wp-content\/uploads\/2024\/05\/Common-Cause-Logo.png","width":2066,"height":331,"caption":"Common Cause"},"image":{"@id":"https:\/\/www.commoncause.org\/#\/schema\/logo\/image\/"},"sameAs":["https:\/\/www.facebook.com\/CommonCause","https:\/\/x.com\/CommonCause","https:\/\/www.instagram.com\/ourcommoncause\/"]}]}},"distributor_meta":false,"distributor_terms":false,"distributor_media":false,"distributor_original_site_name":"Common Cause","distributor_original_site_url":"https:\/\/www.commoncause.org\/vi","push-errors":false,"_links":{"self":[{"href":"https:\/\/www.commoncause.org\/vi\/wp-json\/wp\/v2\/pages\/23750","targetHints":{"allow":["GET"]}}],"collection":[{"href":"https:\/\/www.commoncause.org\/vi\/wp-json\/wp\/v2\/pages"}],"about":[{"href":"https:\/\/www.commoncause.org\/vi\/wp-json\/wp\/v2\/types\/page"}],"author":[{"embeddable":true,"href":"https:\/\/www.commoncause.org\/vi\/wp-json\/wp\/v2\/users\/35"}],"replies":[{"embeddable":true,"href":"https:\/\/www.commoncause.org\/vi\/wp-json\/wp\/v2\/comments?post=23750"}],"version-history":[{"count":12,"href":"https:\/\/www.commoncause.org\/vi\/wp-json\/wp\/v2\/pages\/23750\/revisions"}],"predecessor-version":[{"id":23983,"href":"https:\/\/www.commoncause.org\/vi\/wp-json\/wp\/v2\/pages\/23750\/revisions\/23983"}],"up":[{"embeddable":true,"href":"https:\/\/www.commoncause.org\/vi\/wp-json\/wp\/v2\/pages\/696"}],"wp:attachment":[{"href":"https:\/\/www.commoncause.org\/vi\/wp-json\/wp\/v2\/media?parent=23750"}],"curies":[{"name":"wp","href":"https:\/\/api.w.org\/{rel}","templated":true}]}}