{"id":14030,"date":"2018-03-23T19:36:51","date_gmt":"2018-03-23T19:36:51","guid":{"rendered":"https:\/\/www.commoncause.org\/website-policies\/"},"modified":"2024-09-03T13:07:12","modified_gmt":"2024-09-03T17:07:12","slug":"chinh-sach-trang-web","status":"publish","type":"page","link":"https:\/\/www.commoncause.org\/vi\/website-policies\/","title":{"rendered":"Ch\u00ednh s\u00e1ch trang web"},"content":{"rendered":"","protected":false},"excerpt":{"rendered":"","protected":false},"author":6,"featured_media":0,"parent":0,"menu_order":0,"comment_status":"closed","ping_status":"closed","template":"","meta":{"_acf_changed":false,"_relevanssi_hide_post":"","_relevanssi_hide_content":"","_relevanssi_pin_for_all":"","_relevanssi_pin_keywords":"","_relevanssi_unpin_keywords":"","_relevanssi_related_keywords":"","_relevanssi_related_include_ids":"","_relevanssi_related_exclude_ids":"","_relevanssi_related_no_append":"","_relevanssi_related_not_related":"","_relevanssi_related_posts":"","_relevanssi_noindex_reason":""},"class_list":["post-14030","page","type-page","status-publish","hentry"],"acf":{"header":{"component_page_header":{"header_type":"default","title":"Ch\u00ednh s\u00e1ch s\u1eed d\u1ee5ng d\u1eef li\u1ec7u v\u00e0 trang web","lead":"Your right to privacy is important to Common Cause. We are committed to maintaining your trust.","image":"","subnavigation":false}},"sidebar":{"helper_enable_sidebar":false,"helper_media_contact":{"heading":"Media Contact","manually_enter_person":false,"person":"","name":"","role":"","phone":"","email":""},"helper_links_downloads":{"heading":"Links & Downloads","links":null}},"page_layout":[{"acf_fc_layout":"layout_wysiwyg","_acfe_flexible_toggle":"","component_wysiwyg":{"content":"<h2>Ch\u00ednh s\u00e1ch s\u1eed d\u1ee5ng d\u1eef li\u1ec7u v\u00e0 trang web<\/h2>"}},{"acf_fc_layout":"layout_wysiwyg","_acfe_flexible_toggle":"","component_wysiwyg":{"content":"Your right to privacy is important to Common Cause. We are committed to maintaining your trust.\r\n\r\nBecause Common Cause is committed to a policy of open and full transparency, information about our funding sources, including foundations and individual donors, is made available.\u00a0 The names of donors who give $250 or more are available for public inspection at our Washington, DC office upon request, and may also be included in our annual report.\u00a0 No addresses or specific information about donations\u00a0will be provided.\u00a0 Individuals who wish to make anonymous donations may do so by contacting Bette Marchant, Chief Financial Officer.\r\n\r\nCommon Cause may, from time to time, share the names and mailing addresses of\u00a0our supporters with\u00a0like-minded non-profit organizations. This does not apply to our short code program, in which there will be no third-party data sharing for any purpose.\u00a0If you do not wish to have your name shared in this manner,\u00a0please contact our Membership Services Department at 202.833.1200.\u00a0 We will never rent, share or sell your email address with any third party.\r\n\r\n<a title=\"Ch\u00ednh s\u00e1ch minh b\u1ea1ch c\u1ee7a nh\u00e0 t\u00e0i tr\u1ee3\" href=\"\/vi\/chinh-sach-minh-bach-cua-nha-tai-tro\/\">Ch\u00ednh s\u00e1ch minh b\u1ea1ch c\u1ee7a nh\u00e0 t\u00e0i tr\u1ee3<\/a>\r\n\r\n<a title=\"Nguy\u00ean t\u1eafc c\u1ed9ng \u0111\u1ed3ng m\u1ea1ng x\u00e3 h\u1ed9i\" href=\"\/vi\/huong-dan-cong-dong-mang-xa-hoi\/\">Nguy\u00ean t\u1eafc c\u1ed9ng \u0111\u1ed3ng m\u1ea1ng x\u00e3 h\u1ed9i<\/a>\r\n\r\n<strong>\u0110i\u1ec1u kho\u1ea3n d\u1ecbch v\u1ee5 SMS c\u1ee7a ch\u00fang t\u00f4i l\u00e0 g\u00ec?<\/strong>\r\n\r\nPlease read Common Cause's <a href=\"https:\/\/www.commoncause.org\/vi\/dieu-khoan-dich-vu-sms\/\">\u0110i\u1ec1u kho\u1ea3n d\u1ecbch v\u1ee5 SMS<\/a>.\r\n\r\n<strong>Ch\u00fang t\u00f4i thu th\u1eadp nh\u1eefng th\u00f4ng tin g\u00ec?<\/strong>\r\n\r\nCh\u00fang t\u00f4i thu th\u1eadp th\u00f4ng tin t\u1eeb b\u1ea1n khi b\u1ea1n \u0111\u0103ng k\u00fd nh\u1eadn b\u1ea3n tin email c\u1ee7a ch\u00fang t\u00f4i, th\u1ef1c hi\u1ec7n h\u00e0nh \u0111\u1ed9ng, quy\u00ean g\u00f3p, \u0111\u0103ng k\u00fd s\u1ef1 ki\u1ec7n ho\u1eb7c \u0111i\u1ec1n v\u00e0o bi\u1ec3u m\u1eabu. Khi b\u1ea1n th\u1ef1c hi\u1ec7n m\u1ed9t trong nh\u1eefng ho\u1ea1t \u0111\u1ed9ng n\u00e0y tr\u00ean trang web c\u1ee7a ch\u00fang t\u00f4i, b\u1ea1n c\u00f3 th\u1ec3 \u0111\u01b0\u1ee3c y\u00eau c\u1ea7u nh\u1eadp t\u00ean, \u0111\u1ecba ch\u1ec9 email, \u0111\u1ecba ch\u1ec9 g\u1eedi th\u01b0, s\u1ed1 \u0111i\u1ec7n tho\u1ea1i ho\u1eb7c th\u00f4ng tin th\u1ebb t\u00edn d\u1ee5ng.\r\n\r\n<strong>Ch\u00fang t\u00f4i s\u1eed d\u1ee5ng th\u00f4ng tin c\u1ee7a b\u1ea1n v\u00e0o m\u1ee5c \u0111\u00edch g\u00ec?<\/strong>\r\n\r\nB\u1ea5t k\u1ef3 th\u00f4ng tin n\u00e0o ch\u00fang t\u00f4i thu th\u1eadp t\u1eeb b\u1ea1n \u0111\u1ec1u c\u00f3 th\u1ec3 \u0111\u01b0\u1ee3c s\u1eed d\u1ee5ng theo m\u1ed9t trong nh\u1eefng c\u00e1ch sau:\r\n<ul class=\"circles\">\r\n \t<li>\u0110\u1ec3 c\u1ea3i thi\u1ec7n trang web c\u1ee7a ch\u00fang t\u00f4i (ch\u00fang t\u00f4i li\u00ean t\u1ee5c n\u1ed7 l\u1ef1c c\u1ea3i thi\u1ec7n c\u00e1c d\u1ecbch v\u1ee5 tr\u00ean trang web c\u1ee7a m\u00ecnh d\u1ef1a tr\u00ean th\u00f4ng tin v\u00e0 ph\u1ea3n h\u1ed3i ch\u00fang t\u00f4i nh\u1eadn \u0111\u01b0\u1ee3c t\u1eeb b\u1ea1n)<\/li>\r\n<\/ul>\r\n<ul class=\"circles\">\r\n \t<li>\u0110\u1ec3 x\u1eed l\u00fd giao d\u1ecbch<\/li>\r\n<\/ul>\r\n<ul class=\"circles\">\r\n \t<li>To send activists' messages\u00a0to targeted government officials or corporate leaders<\/li>\r\n<\/ul>\r\n<ul class=\"circles\">\r\n \t<li>\u0110\u1ec3 g\u1eedi email \u0111\u1ecbnh k\u1ef3<\/li>\r\n<\/ul>\r\nL\u01b0u \u00fd: Common Cause kh\u00f4ng g\u1eedi tin nh\u1eafn email kh\u00f4ng mong mu\u1ed1n. N\u1ebfu b\u1ea1n mu\u1ed1n r\u1eddi kh\u1ecfi danh s\u00e1ch CauseNet c\u1ee7a ch\u00fang t\u00f4i, h\u00e3y nh\u1ea5p v\u00e0o li\u00ean k\u1ebft H\u1ee7y \u0111\u0103ng k\u00fd \u1edf cu\u1ed1i b\u1ea5t k\u1ef3 tin nh\u1eafn n\u00e0o v\u00e0 b\u1ea1n s\u1ebd \u0111\u01b0\u1ee3c h\u1ee7y \u0111\u0103ng k\u00fd ngay l\u1eadp t\u1ee9c. B\u1ea1n c\u0169ng c\u00f3 th\u1ec3 li\u00ean h\u1ec7 v\u1edbi ch\u00fang t\u00f4i t\u1ea1i <a href=\"mailto:grassroots@commoncause.org\">grassroots@commoncause.org<\/a> ho\u1eb7c 202.833.1200 \u0111\u1ec3 x\u00f3a kh\u1ecfi danh s\u00e1ch g\u1eedi th\u01b0 c\u1ee7a ch\u00fang t\u00f4i.\r\n\r\n<strong>Ch\u00fang t\u00f4i b\u1ea3o v\u1ec7 th\u00f4ng tin c\u1ee7a b\u1ea1n nh\u01b0 th\u1ebf n\u00e0o?<\/strong>\r\n\r\nWe implement a variety of security measures to maintain the safety of your personal information when you access your personal information.\u00a0 All supplied sensitive\/credit information is transmitted via Secure Socket Layer (SSL) technology and then encrypted into our payment gateway provider's database, only to be accessible by those authorized with special access rights to such systems, and are required to keep the information confidential.\r\n\r\n<strong>Ch\u00fang t\u00f4i c\u00f3 s\u1eed d\u1ee5ng cookie kh\u00f4ng?<\/strong>\r\n\r\nC\u00f3. Cookie l\u00e0 c\u00e1c t\u1ec7p nh\u1ecf m\u00e0 m\u1ed9t trang web ho\u1eb7c nh\u00e0 cung c\u1ea5p d\u1ecbch v\u1ee5 c\u1ee7a trang web \u0111\u00f3 chuy\u1ec3n \u0111\u1ebfn \u1ed5 c\u1ee9ng m\u00e1y t\u00ednh c\u1ee7a b\u1ea1n th\u00f4ng qua tr\u00ecnh duy\u1ec7t web c\u1ee7a b\u1ea1n (n\u1ebfu b\u1ea1n cho ph\u00e9p) cho ph\u00e9p c\u00e1c h\u1ec7 th\u1ed1ng c\u1ee7a trang web ho\u1eb7c nh\u00e0 cung c\u1ea5p d\u1ecbch v\u1ee5 nh\u1eadn d\u1ea1ng tr\u00ecnh duy\u1ec7t c\u1ee7a b\u1ea1n v\u00e0 thu th\u1eadp v\u00e0 ghi nh\u1edb m\u1ed9t s\u1ed1 th\u00f4ng tin nh\u1ea5t \u0111\u1ecbnh. Ch\u00fang t\u00f4i s\u1eed d\u1ee5ng cookie \u0111\u1ec3 bi\u00ean so\u1ea1n d\u1eef li\u1ec7u t\u1ed5ng h\u1ee3p v\u1ec1 l\u01b0u l\u01b0\u1ee3ng truy c\u1eadp trang web v\u00e0 t\u01b0\u01a1ng t\u00e1c trang web \u0111\u1ec3 ch\u00fang t\u00f4i c\u00f3 th\u1ec3 cung c\u1ea5p c\u00e1c c\u00f4ng c\u1ee5 v\u00e0 tr\u1ea3i nghi\u1ec7m trang web t\u1ed1t h\u01a1n trong t\u01b0\u01a1ng lai.\r\n\r\n<strong>Ch\u00fang t\u00f4i c\u00f3 ti\u1ebft l\u1ed9 th\u00f4ng tin n\u00e0o cho b\u00ean th\u1ee9 ba kh\u00f4ng?\r\n<\/strong>\r\nCommon Cause may, from time to time, share the names and mailing addresses of our members with like-minded non-profit organizations. If you do not wish to have your name shared in this manner, please contact our Membership Services Department at 202.833.1200. We will never rent, share or sell your email address with any third party.\r\n\r\nCommon Cause's website is hosted by a third party service provider and therefore any personal details you submit through the Common Cause website may be processed by that third party service provider.\u00a0 All third party service providers used by Common Cause will process your personal information only on Common Cause's behalf and will be bound by this privacy policy and strict confidentiality conditions.\r\n\r\n<strong>Li\u00ean k\u1ebft c\u1ee7a b\u00ean th\u1ee9 ba<\/strong>\r\n\r\nTh\u1ec9nh tho\u1ea3ng, theo quy\u1ebft \u0111\u1ecbnh c\u1ee7a ch\u00fang t\u00f4i, ch\u00fang t\u00f4i c\u00f3 th\u1ec3 bao g\u1ed3m ho\u1eb7c cung c\u1ea5p c\u00e1c s\u1ea3n ph\u1ea9m ho\u1eb7c d\u1ecbch v\u1ee5 c\u1ee7a b\u00ean th\u1ee9 ba tr\u00ean trang web c\u1ee7a ch\u00fang t\u00f4i. C\u00e1c trang web c\u1ee7a b\u00ean th\u1ee9 ba n\u00e0y c\u00f3 ch\u00ednh s\u00e1ch b\u1ea3o m\u1eadt ri\u00eang bi\u1ec7t v\u00e0 \u0111\u1ed9c l\u1eadp. Do \u0111\u00f3, ch\u00fang t\u00f4i kh\u00f4ng ch\u1ecbu tr\u00e1ch nhi\u1ec7m ho\u1eb7c ngh\u0129a v\u1ee5 ph\u00e1p l\u00fd \u0111\u1ed1i v\u1edbi n\u1ed9i dung v\u00e0 ho\u1ea1t \u0111\u1ed9ng c\u1ee7a c\u00e1c trang web \u0111\u01b0\u1ee3c li\u00ean k\u1ebft n\u00e0y. Tuy nhi\u00ean, ch\u00fang t\u00f4i t\u00ecm c\u00e1ch b\u1ea3o v\u1ec7 t\u00ednh to\u00e0n v\u1eb9n c\u1ee7a trang web c\u1ee7a m\u00ecnh v\u00e0 hoan ngh\u00eanh m\u1ecdi ph\u1ea3n h\u1ed3i v\u1ec1 c\u00e1c trang web n\u00e0y.\r\n\r\n<strong>Th\u00f4ng b\u00e1o vi ph\u1ea1m b\u1ea3n quy\u1ec1n<\/strong>\r\n\r\nIf you have a copyright complaint, please follow the procedures set forth in the Digital Millennium Copyright Act. Our agent for notice is Bette Marchant. The agent may be reached by phone at 202-833-1200 or by email at dmca@commoncause.org. Please direct your written correspondence to:\r\n\r\nBette Marchant\r\nCommon Cause\r\n805 15th St NW, Suite 800\r\nWashington, DC 20005\r\n\r\n<strong>S\u1ef1 \u0111\u1ed3ng \u00fd c\u1ee7a b\u1ea1n\r\n<\/strong>\r\nB\u1eb1ng c\u00e1ch s\u1eed d\u1ee5ng trang web c\u1ee7a ch\u00fang t\u00f4i, b\u1ea1n \u0111\u1ed3ng \u00fd v\u1edbi trang web v\u00e0 ch\u00ednh s\u00e1ch b\u1ea3o m\u1eadt c\u1ee7a ch\u00fang t\u00f4i.\r\n\r\n<strong>Li\u00ean h\u1ec7 v\u1edbi ch\u00fang t\u00f4i<\/strong>\r\n\r\nIf there are any questions regarding this privacy policy, you may contact us using the information below:\r\n\r\nEmail: <a href=\"mailto:grassroots@commoncause.org\">grassroots@commoncause.org<\/a>\r\nMailing Address: 805 15th St NW, Suite 800,\u00a0Washington, DC 20010\r\nPhone: 202.833.1200\r\n\r\nTo view IRS Form 990 for Common Cause and Common Cause Education Fund, and audited financial statements, please <a title=\"CC 990 n\u0103m t\u00e0i ch\u00ednh 2012\" href=\"\/vi\/quy-giao-duc-3\/tai-chinh\/\">nh\u1ea5p v\u00e0o \u0111\u00e2y<\/a>."}}]},"yoast_head":"<!-- This site is optimized with the Yoast SEO Premium plugin v26.6 (Yoast SEO v27.1.1) - https:\/\/yoast.com\/product\/yoast-seo-premium-wordpress\/ -->\n<title>Website Policies - Common Cause<\/title>\n<meta name=\"robots\" content=\"index, follow, max-snippet:-1, max-image-preview:large, max-video-preview:-1\" \/>\n<link rel=\"canonical\" href=\"https:\/\/www.commoncause.org\/vi\/chinh-sach-trang-web\/\" \/>\n<meta property=\"og:locale\" content=\"vi_VN\" \/>\n<meta property=\"og:type\" content=\"article\" \/>\n<meta property=\"og:title\" content=\"Website Policies\" \/>\n<meta property=\"og:url\" content=\"https:\/\/www.commoncause.org\/vi\/chinh-sach-trang-web\/\" \/>\n<meta property=\"og:site_name\" content=\"Common Cause\" \/>\n<meta property=\"article:publisher\" content=\"https:\/\/www.facebook.com\/CommonCause\" \/>\n<meta property=\"article:modified_time\" content=\"2024-09-03T17:07:12+00:00\" \/>\n<meta property=\"og:image\" content=\"https:\/\/www.commoncause.org\/wp-content\/uploads\/2024\/10\/CC-Share-Graphic-Main9.jpg\" \/>\n\t<meta property=\"og:image:width\" content=\"1200\" \/>\n\t<meta property=\"og:image:height\" content=\"630\" \/>\n\t<meta property=\"og:image:type\" content=\"image\/jpeg\" \/>\n<meta name=\"twitter:card\" content=\"summary_large_image\" \/>\n<meta name=\"twitter:site\" content=\"@CommonCause\" \/>\n<script type=\"application\/ld+json\" class=\"yoast-schema-graph\">{\"@context\":\"https:\/\/schema.org\",\"@graph\":[{\"@type\":\"WebPage\",\"@id\":\"https:\/\/www.commoncause.org\/website-policies\/\",\"url\":\"https:\/\/www.commoncause.org\/website-policies\/\",\"name\":\"Website Policies - Common Cause\",\"isPartOf\":{\"@id\":\"https:\/\/www.commoncause.org\/#website\"},\"datePublished\":\"2018-03-23T19:36:51+00:00\",\"dateModified\":\"2024-09-03T17:07:12+00:00\",\"breadcrumb\":{\"@id\":\"https:\/\/www.commoncause.org\/website-policies\/#breadcrumb\"},\"inLanguage\":\"vi\",\"potentialAction\":[{\"@type\":\"ReadAction\",\"target\":[\"https:\/\/www.commoncause.org\/website-policies\/\"]}]},{\"@type\":\"BreadcrumbList\",\"@id\":\"https:\/\/www.commoncause.org\/website-policies\/#breadcrumb\",\"itemListElement\":[{\"@type\":\"ListItem\",\"position\":1,\"name\":\"Home\",\"item\":\"https:\/\/www.commoncause.org\/\"},{\"@type\":\"ListItem\",\"position\":2,\"name\":\"Website Policies\"}]},{\"@type\":\"WebSite\",\"@id\":\"https:\/\/www.commoncause.org\/#website\",\"url\":\"https:\/\/www.commoncause.org\/\",\"name\":\"Common Cause\",\"description\":\"\",\"publisher\":{\"@id\":\"https:\/\/www.commoncause.org\/#organization\"},\"potentialAction\":[{\"@type\":\"SearchAction\",\"target\":{\"@type\":\"EntryPoint\",\"urlTemplate\":\"https:\/\/www.commoncause.org\/?s={search_term_string}\"},\"query-input\":{\"@type\":\"PropertyValueSpecification\",\"valueRequired\":true,\"valueName\":\"search_term_string\"}}],\"inLanguage\":\"vi\"},{\"@type\":\"Organization\",\"@id\":\"https:\/\/www.commoncause.org\/#organization\",\"name\":\"Common Cause\",\"url\":\"https:\/\/www.commoncause.org\/\",\"logo\":{\"@type\":\"ImageObject\",\"inLanguage\":\"vi\",\"@id\":\"https:\/\/www.commoncause.org\/#\/schema\/logo\/image\/\",\"url\":\"https:\/\/www.commoncause.org\/wp-content\/uploads\/2024\/05\/Common-Cause-Logo.png\",\"contentUrl\":\"https:\/\/www.commoncause.org\/wp-content\/uploads\/2024\/05\/Common-Cause-Logo.png\",\"width\":2066,\"height\":331,\"caption\":\"Common Cause\"},\"image\":{\"@id\":\"https:\/\/www.commoncause.org\/#\/schema\/logo\/image\/\"},\"sameAs\":[\"https:\/\/www.facebook.com\/CommonCause\",\"https:\/\/x.com\/CommonCause\",\"https:\/\/www.instagram.com\/ourcommoncause\/\"]}]}<\/script>\n<!-- \/ Yoast SEO Premium plugin. -->","yoast_head_json":{"title":"Ch\u00ednh s\u00e1ch trang web - Nguy\u00ean nh\u00e2n chung","robots":{"index":"index","follow":"follow","max-snippet":"max-snippet:-1","max-image-preview":"max-image-preview:large","max-video-preview":"max-video-preview:-1"},"canonical":"https:\/\/www.commoncause.org\/vi\/chinh-sach-trang-web\/","og_locale":"vi_VN","og_type":"article","og_title":"Website Policies","og_url":"https:\/\/www.commoncause.org\/vi\/chinh-sach-trang-web\/","og_site_name":"Common Cause","article_publisher":"https:\/\/www.facebook.com\/CommonCause","article_modified_time":"2024-09-03T17:07:12+00:00","og_image":[{"width":1200,"height":630,"url":"https:\/\/www.commoncause.org\/wp-content\/uploads\/2024\/10\/CC-Share-Graphic-Main9.jpg","type":"image\/jpeg"}],"twitter_card":"summary_large_image","twitter_site":"@CommonCause","schema":{"@context":"https:\/\/schema.org","@graph":[{"@type":"WebPage","@id":"https:\/\/www.commoncause.org\/website-policies\/","url":"https:\/\/www.commoncause.org\/website-policies\/","name":"Ch\u00ednh s\u00e1ch trang web - Nguy\u00ean nh\u00e2n chung","isPartOf":{"@id":"https:\/\/www.commoncause.org\/#website"},"datePublished":"2018-03-23T19:36:51+00:00","dateModified":"2024-09-03T17:07:12+00:00","breadcrumb":{"@id":"https:\/\/www.commoncause.org\/website-policies\/#breadcrumb"},"inLanguage":"vi","potentialAction":[{"@type":"ReadAction","target":["https:\/\/www.commoncause.org\/website-policies\/"]}]},{"@type":"BreadcrumbList","@id":"https:\/\/www.commoncause.org\/website-policies\/#breadcrumb","itemListElement":[{"@type":"ListItem","position":1,"name":"Home","item":"https:\/\/www.commoncause.org\/"},{"@type":"ListItem","position":2,"name":"Website Policies"}]},{"@type":"WebSite","@id":"https:\/\/www.commoncause.org\/#website","url":"https:\/\/www.commoncause.org\/","name":"Nguy\u00ean nh\u00e2n ph\u1ed5 bi\u1ebfn","description":"","publisher":{"@id":"https:\/\/www.commoncause.org\/#organization"},"potentialAction":[{"@type":"SearchAction","target":{"@type":"EntryPoint","urlTemplate":"https:\/\/www.commoncause.org\/?s={search_term_string}"},"query-input":{"@type":"PropertyValueSpecification","valueRequired":true,"valueName":"search_term_string"}}],"inLanguage":"vi"},{"@type":"Organization","@id":"https:\/\/www.commoncause.org\/#organization","name":"Nguy\u00ean nh\u00e2n ph\u1ed5 bi\u1ebfn","url":"https:\/\/www.commoncause.org\/","logo":{"@type":"ImageObject","inLanguage":"vi","@id":"https:\/\/www.commoncause.org\/#\/schema\/logo\/image\/","url":"https:\/\/www.commoncause.org\/wp-content\/uploads\/2024\/05\/Common-Cause-Logo.png","contentUrl":"https:\/\/www.commoncause.org\/wp-content\/uploads\/2024\/05\/Common-Cause-Logo.png","width":2066,"height":331,"caption":"Common Cause"},"image":{"@id":"https:\/\/www.commoncause.org\/#\/schema\/logo\/image\/"},"sameAs":["https:\/\/www.facebook.com\/CommonCause","https:\/\/x.com\/CommonCause","https:\/\/www.instagram.com\/ourcommoncause\/"]}]}},"distributor_meta":false,"distributor_terms":false,"distributor_media":false,"distributor_original_site_name":"Common Cause","distributor_original_site_url":"https:\/\/www.commoncause.org\/vi","push-errors":false,"_links":{"self":[{"href":"https:\/\/www.commoncause.org\/vi\/wp-json\/wp\/v2\/pages\/14030","targetHints":{"allow":["GET"]}}],"collection":[{"href":"https:\/\/www.commoncause.org\/vi\/wp-json\/wp\/v2\/pages"}],"about":[{"href":"https:\/\/www.commoncause.org\/vi\/wp-json\/wp\/v2\/types\/page"}],"author":[{"embeddable":true,"href":"https:\/\/www.commoncause.org\/vi\/wp-json\/wp\/v2\/users\/6"}],"replies":[{"embeddable":true,"href":"https:\/\/www.commoncause.org\/vi\/wp-json\/wp\/v2\/comments?post=14030"}],"version-history":[{"count":2,"href":"https:\/\/www.commoncause.org\/vi\/wp-json\/wp\/v2\/pages\/14030\/revisions"}],"predecessor-version":[{"id":22579,"href":"https:\/\/www.commoncause.org\/vi\/wp-json\/wp\/v2\/pages\/14030\/revisions\/22579"}],"wp:attachment":[{"href":"https:\/\/www.commoncause.org\/vi\/wp-json\/wp\/v2\/media?parent=14030"}],"curies":[{"name":"wp","href":"https:\/\/api.w.org\/{rel}","templated":true}]}}