{"id":14017,"date":"2018-03-23T19:41:39","date_gmt":"2018-03-23T19:41:39","guid":{"rendered":"https:\/\/www.commoncause.org\/social-media-community-guidelines\/"},"modified":"2018-03-23T19:41:39","modified_gmt":"2018-03-23T19:41:39","slug":"huong-dan-cong-dong-mang-xa-hoi","status":"publish","type":"page","link":"https:\/\/www.commoncause.org\/vi\/social-media-community-guidelines\/","title":{"rendered":"Nguy\u00ean t\u1eafc c\u1ed9ng \u0111\u1ed3ng m\u1ea1ng x\u00e3 h\u1ed9i"},"content":{"rendered":"","protected":false},"excerpt":{"rendered":"","protected":false},"author":0,"featured_media":0,"parent":0,"menu_order":0,"comment_status":"closed","ping_status":"closed","template":"","meta":{"_acf_changed":false,"_relevanssi_hide_post":"","_relevanssi_hide_content":"","_relevanssi_pin_for_all":"","_relevanssi_pin_keywords":"","_relevanssi_unpin_keywords":"","_relevanssi_related_keywords":"","_relevanssi_related_include_ids":"","_relevanssi_related_exclude_ids":"","_relevanssi_related_no_append":"","_relevanssi_related_not_related":"","_relevanssi_related_posts":"","_relevanssi_noindex_reason":""},"class_list":["post-14017","page","type-page","status-publish","hentry"],"acf":{"header":{"component_page_header":{"header_type":"default","title":"Nguy\u00ean t\u1eafc c\u1ed9ng \u0111\u1ed3ng m\u1ea1ng x\u00e3 h\u1ed9i","lead":"","image":null,"subnavigation":false}},"sidebar":{"helper_enable_sidebar":false,"helper_media_contact":{"heading":"Media Contact","manually_enter_person":false,"person":null,"name":"","role":"","phone":"","email":""},"helper_links_downloads":{"heading":"Links & Downloads","links":null}},"page_layout":[{"acf_fc_layout":"layout_wysiwyg","_acfe_flexible_toggle":null,"component_wysiwyg":{"content":"Common Cause t\u00ecm c\u00e1ch duy tr\u00ec m\u1ed9t c\u1ed9ng \u0111\u1ed3ng m\u1ea1nh m\u1ebd, \u0111\u1ea7y \u0111\u1ee7 c\u00e1c th\u00e0nh vi\u00ean v\u1edbi nhi\u1ec1u quan \u0111i\u1ec3m kh\u00e1c nhau. Ch\u00fang t\u00f4i khuy\u1ebfn kh\u00edch v\u00e0 hoan ngh\u00eanh c\u00e1c \u00fd ki\u1ebfn \u0111\u00f3ng g\u00f3p v\u00e0 s\u1ef1 tham gia c\u1ee7a b\u1ea1n. \u0110\u1ec3 t\u1ea1o ra m\u1ed9t c\u1ed9ng \u0111\u1ed3ng s\u00f4i n\u1ed5i v\u00e0 ch\u00e0o \u0111\u00f3n, ch\u00fang t\u00f4i y\u00eau c\u1ea7u c\u00e1c th\u00e0nh vi\u00ean c\u1ed9ng \u0111\u1ed3ng tu\u00e2n th\u1ee7 c\u00e1c h\u01b0\u1edbng d\u1eabn \u0111\u01a1n gi\u1ea3n sau.\r\n\r\n<strong>S\u1ef1 t\u00f4n tr\u1ecdng<\/strong>. M\u1ecdi ng\u01b0\u1eddi \u0111\u1ec1u \u0111\u00e1ng \u0111\u01b0\u1ee3c t\u00f4n tr\u1ecdng, b\u1ea5t k\u1ec3 b\u1ea1n c\u00f3 \u0111\u1ed3ng \u00fd v\u1edbi h\u1ecd hay kh\u00f4ng. C\u00f3 s\u1ef1 kh\u00e1c bi\u1ec7t gi\u1eefa &quot;T\u00f4i ngh\u0129 b\u1ea1n sai&quot; v\u00e0 &quot;T\u00f4i ngh\u0129 b\u1ea1n l\u00e0 m\u1ed9t th\u1eb1ng ng\u1ed1c&quot; (ho\u1eb7c t\u1ec7 h\u01a1n). Vui l\u00f2ng kh\u00f4ng tham gia v\u00e0o c\u00e1c cu\u1ed9c t\u1ea5n c\u00f4ng c\u00e1 nh\u00e2n, \u0111\u0103ng ng\u00f4n ng\u1eef g\u00e2y k\u00edch \u0111\u1ed9ng ho\u1eb7c g\u00e2y h\u1ea5n v\u1edbi c\u00e1c th\u00e0nh vi\u00ean kh\u00e1c trong c\u1ed9ng \u0111\u1ed3ng.\r\n\r\n<strong>Tr\u00e1ch nhi\u1ec7m.<\/strong> N\u1ed9i dung b\u1ea1n \u0111\u0103ng tr\u00ean b\u1ea5t k\u1ef3 trang web c\u1ed9ng \u0111\u1ed3ng n\u00e0o c\u1ee7a Common Cause \u0111\u1ec1u l\u00e0 c\u1ee7a ri\u00eang b\u1ea1n. Ngay c\u1ea3 khi qu\u1ea3ng b\u00e1 c\u00e1c v\u1ea5n \u0111\u1ec1 v\u00e0 l\u1eadp tr\u01b0\u1eddng ph\u00f9 h\u1ee3p v\u1edbi c\u00f4ng vi\u1ec7c c\u1ee7a t\u1ed5 ch\u1ee9c, n\u1ed9i dung tr\u1ef1c tuy\u1ebfn c\u1ee7a b\u1ea1n kh\u00f4ng c\u1ea5u th\u00e0nh c\u00f4ng vi\u1ec7c ho\u1eb7c h\u00e0nh \u0111\u1ed9ng thay m\u1eb7t cho Common Cause. Ch\u00fang t\u00f4i c\u1ed1 g\u1eafng duy tr\u00ec m\u1ed9t n\u01a1i an to\u00e0n v\u00e0 h\u1ee3p l\u00fd \u0111\u1ec3 th\u1ea3o lu\u1eadn, nh\u01b0ng ch\u00fang t\u00f4i kh\u00f4ng ch\u1ecbu tr\u00e1ch nhi\u1ec7m theo b\u1ea5t k\u1ef3 c\u00e1ch n\u00e0o \u0111\u1ed1i v\u1edbi n\u1ed9i dung c\u1ee7a c\u00e1c b\u00e0i \u0111\u0103ng ho\u1eb7c b\u1ea5t k\u1ef3 h\u00e0nh \u0111\u1ed9ng n\u00e0o b\u1ea1n c\u00f3 th\u1ec3 th\u1ef1c hi\u1ec7n do c\u00e1c b\u00e0i \u0111\u0103ng \u0111\u00f3. Tuy nhi\u00ean, ch\u00fang t\u00f4i c\u00f3 quy\u1ec1n t\u1eeb ch\u1ed1i ho\u1eb7c x\u00f3a c\u00e1c b\u00e0i \u0111\u0103ng vi ph\u1ea1m c\u00e1c quy t\u1eafc, theo quy\u1ebft \u0111\u1ecbnh ri\u00eang c\u1ee7a ch\u00fang t\u00f4i v\u00e0 kh\u00f4ng c\u1ea7n th\u00f4ng b\u00e1o tr\u01b0\u1edbc.\r\n\r\n<strong>T\u1eadp trung.<\/strong> C\u00e1c cu\u1ed9c tr\u00f2 chuy\u1ec7n c\u00f3 th\u1ec3 \u0111i ch\u1ec7ch h\u01b0\u1edbng, \u0111\u00f4i khi \u0111\u1ebfn nh\u1eefng n\u01a1i th\u1ef1c s\u1ef1 th\u00fa v\u1ecb, nh\u01b0ng ch\u00fang t\u00f4i y\u00eau c\u1ea7u b\u1ea1n gi\u1eef \u0111\u00fang ch\u1ee7 \u0111\u1ec1. C\u00e1c b\u00e0i \u0111\u0103ng l\u1ea1c \u0111\u1ec1 c\u00f3 th\u1ec3 tr\u1edf th\u00e0nh v\u1ea5n \u0111\u1ec1 cho c\u00e1c cu\u1ed9c th\u1ea3o lu\u1eadn trong t\u01b0\u01a1ng lai, nh\u01b0ng trong th\u1eddi gian ch\u1edd \u0111\u1ee3i, ch\u00fang t\u00f4i c\u00f3 th\u1ec3 di chuy\u1ec3n ho\u1eb7c x\u00f3a m\u00e0 kh\u00f4ng c\u1ea7n th\u00f4ng b\u00e1o n\u1ebfu ch\u00fang t\u00f4i tin r\u1eb1ng ch\u00fang \u0111ang can thi\u1ec7p v\u00e0o cu\u1ed9c th\u1ea3o lu\u1eadn hi\u1ec7n t\u1ea1i.\r\n\r\n<strong>B\u1ecb c\u1ea5m.<\/strong> Community participants may not post messages that are threatening, abusive, harassing, intimidating, libelous, defamatory, obscene, vulgar, pornographic, profane, indecent, illegal or unlawful. Spam is not allowed; we define spam as posting the same message repeatedly or posts related to commercial promotion.\r\n\r\nCommon Cause reserves the right to report unlawful behavior and vandalism of our communities to your internet service provider or to law enforcement. In addition, we retain sole discretion to reject posts, delete existing posts, or block users from further participation at any time and without prior notice."}}]},"yoast_head":"<!-- This site is optimized with the Yoast SEO Premium plugin v26.6 (Yoast SEO v27.1.1) - https:\/\/yoast.com\/product\/yoast-seo-premium-wordpress\/ -->\n<title>Social Media Community Guidelines - Common Cause<\/title>\n<meta name=\"robots\" content=\"index, follow, max-snippet:-1, max-image-preview:large, max-video-preview:-1\" \/>\n<link rel=\"canonical\" href=\"https:\/\/www.commoncause.org\/vi\/huong-dan-cong-dong-mang-xa-hoi\/\" \/>\n<meta property=\"og:locale\" content=\"vi_VN\" \/>\n<meta property=\"og:type\" content=\"article\" \/>\n<meta property=\"og:title\" content=\"Social Media Community Guidelines\" \/>\n<meta property=\"og:url\" content=\"https:\/\/www.commoncause.org\/vi\/huong-dan-cong-dong-mang-xa-hoi\/\" \/>\n<meta property=\"og:site_name\" content=\"Common Cause\" \/>\n<meta property=\"article:publisher\" content=\"https:\/\/www.facebook.com\/CommonCause\" \/>\n<meta property=\"og:image\" content=\"https:\/\/www.commoncause.org\/wp-content\/uploads\/2024\/10\/CC-Share-Graphic-Main9.jpg\" \/>\n\t<meta property=\"og:image:width\" content=\"1200\" \/>\n\t<meta property=\"og:image:height\" content=\"630\" \/>\n\t<meta property=\"og:image:type\" content=\"image\/jpeg\" \/>\n<meta name=\"twitter:card\" content=\"summary_large_image\" \/>\n<meta name=\"twitter:site\" content=\"@CommonCause\" \/>\n<script type=\"application\/ld+json\" class=\"yoast-schema-graph\">{\"@context\":\"https:\/\/schema.org\",\"@graph\":[{\"@type\":\"WebPage\",\"@id\":\"https:\/\/www.commoncause.org\/social-media-community-guidelines\/\",\"url\":\"https:\/\/www.commoncause.org\/social-media-community-guidelines\/\",\"name\":\"Social Media Community Guidelines - Common Cause\",\"isPartOf\":{\"@id\":\"https:\/\/www.commoncause.org\/#website\"},\"datePublished\":\"2018-03-23T19:41:39+00:00\",\"breadcrumb\":{\"@id\":\"https:\/\/www.commoncause.org\/social-media-community-guidelines\/#breadcrumb\"},\"inLanguage\":\"vi\",\"potentialAction\":[{\"@type\":\"ReadAction\",\"target\":[\"https:\/\/www.commoncause.org\/social-media-community-guidelines\/\"]}]},{\"@type\":\"BreadcrumbList\",\"@id\":\"https:\/\/www.commoncause.org\/social-media-community-guidelines\/#breadcrumb\",\"itemListElement\":[{\"@type\":\"ListItem\",\"position\":1,\"name\":\"Home\",\"item\":\"https:\/\/www.commoncause.org\/\"},{\"@type\":\"ListItem\",\"position\":2,\"name\":\"Social Media Community Guidelines\"}]},{\"@type\":\"WebSite\",\"@id\":\"https:\/\/www.commoncause.org\/#website\",\"url\":\"https:\/\/www.commoncause.org\/\",\"name\":\"Common Cause\",\"description\":\"\",\"publisher\":{\"@id\":\"https:\/\/www.commoncause.org\/#organization\"},\"potentialAction\":[{\"@type\":\"SearchAction\",\"target\":{\"@type\":\"EntryPoint\",\"urlTemplate\":\"https:\/\/www.commoncause.org\/?s={search_term_string}\"},\"query-input\":{\"@type\":\"PropertyValueSpecification\",\"valueRequired\":true,\"valueName\":\"search_term_string\"}}],\"inLanguage\":\"vi\"},{\"@type\":\"Organization\",\"@id\":\"https:\/\/www.commoncause.org\/#organization\",\"name\":\"Common Cause\",\"url\":\"https:\/\/www.commoncause.org\/\",\"logo\":{\"@type\":\"ImageObject\",\"inLanguage\":\"vi\",\"@id\":\"https:\/\/www.commoncause.org\/#\/schema\/logo\/image\/\",\"url\":\"https:\/\/www.commoncause.org\/wp-content\/uploads\/2024\/05\/Common-Cause-Logo.png\",\"contentUrl\":\"https:\/\/www.commoncause.org\/wp-content\/uploads\/2024\/05\/Common-Cause-Logo.png\",\"width\":2066,\"height\":331,\"caption\":\"Common Cause\"},\"image\":{\"@id\":\"https:\/\/www.commoncause.org\/#\/schema\/logo\/image\/\"},\"sameAs\":[\"https:\/\/www.facebook.com\/CommonCause\",\"https:\/\/x.com\/CommonCause\",\"https:\/\/www.instagram.com\/ourcommoncause\/\"]}]}<\/script>\n<!-- \/ Yoast SEO Premium plugin. -->","yoast_head_json":{"title":"Nguy\u00ean t\u1eafc c\u1ed9ng \u0111\u1ed3ng m\u1ea1ng x\u00e3 h\u1ed9i - Nguy\u00ean nh\u00e2n chung","robots":{"index":"index","follow":"follow","max-snippet":"max-snippet:-1","max-image-preview":"max-image-preview:large","max-video-preview":"max-video-preview:-1"},"canonical":"https:\/\/www.commoncause.org\/vi\/huong-dan-cong-dong-mang-xa-hoi\/","og_locale":"vi_VN","og_type":"article","og_title":"Social Media Community Guidelines","og_url":"https:\/\/www.commoncause.org\/vi\/huong-dan-cong-dong-mang-xa-hoi\/","og_site_name":"Common Cause","article_publisher":"https:\/\/www.facebook.com\/CommonCause","og_image":[{"width":1200,"height":630,"url":"https:\/\/www.commoncause.org\/wp-content\/uploads\/2024\/10\/CC-Share-Graphic-Main9.jpg","type":"image\/jpeg"}],"twitter_card":"summary_large_image","twitter_site":"@CommonCause","schema":{"@context":"https:\/\/schema.org","@graph":[{"@type":"WebPage","@id":"https:\/\/www.commoncause.org\/social-media-community-guidelines\/","url":"https:\/\/www.commoncause.org\/social-media-community-guidelines\/","name":"Nguy\u00ean t\u1eafc c\u1ed9ng \u0111\u1ed3ng m\u1ea1ng x\u00e3 h\u1ed9i - Nguy\u00ean nh\u00e2n chung","isPartOf":{"@id":"https:\/\/www.commoncause.org\/#website"},"datePublished":"2018-03-23T19:41:39+00:00","breadcrumb":{"@id":"https:\/\/www.commoncause.org\/social-media-community-guidelines\/#breadcrumb"},"inLanguage":"vi","potentialAction":[{"@type":"ReadAction","target":["https:\/\/www.commoncause.org\/social-media-community-guidelines\/"]}]},{"@type":"BreadcrumbList","@id":"https:\/\/www.commoncause.org\/social-media-community-guidelines\/#breadcrumb","itemListElement":[{"@type":"ListItem","position":1,"name":"Home","item":"https:\/\/www.commoncause.org\/"},{"@type":"ListItem","position":2,"name":"Social Media Community Guidelines"}]},{"@type":"WebSite","@id":"https:\/\/www.commoncause.org\/#website","url":"https:\/\/www.commoncause.org\/","name":"Nguy\u00ean nh\u00e2n ph\u1ed5 bi\u1ebfn","description":"","publisher":{"@id":"https:\/\/www.commoncause.org\/#organization"},"potentialAction":[{"@type":"SearchAction","target":{"@type":"EntryPoint","urlTemplate":"https:\/\/www.commoncause.org\/?s={search_term_string}"},"query-input":{"@type":"PropertyValueSpecification","valueRequired":true,"valueName":"search_term_string"}}],"inLanguage":"vi"},{"@type":"Organization","@id":"https:\/\/www.commoncause.org\/#organization","name":"Nguy\u00ean nh\u00e2n ph\u1ed5 bi\u1ebfn","url":"https:\/\/www.commoncause.org\/","logo":{"@type":"ImageObject","inLanguage":"vi","@id":"https:\/\/www.commoncause.org\/#\/schema\/logo\/image\/","url":"https:\/\/www.commoncause.org\/wp-content\/uploads\/2024\/05\/Common-Cause-Logo.png","contentUrl":"https:\/\/www.commoncause.org\/wp-content\/uploads\/2024\/05\/Common-Cause-Logo.png","width":2066,"height":331,"caption":"Common Cause"},"image":{"@id":"https:\/\/www.commoncause.org\/#\/schema\/logo\/image\/"},"sameAs":["https:\/\/www.facebook.com\/CommonCause","https:\/\/x.com\/CommonCause","https:\/\/www.instagram.com\/ourcommoncause\/"]}]}},"distributor_meta":false,"distributor_terms":false,"distributor_media":false,"distributor_original_site_name":"Common Cause","distributor_original_site_url":"https:\/\/www.commoncause.org\/vi","push-errors":false,"_links":{"self":[{"href":"https:\/\/www.commoncause.org\/vi\/wp-json\/wp\/v2\/pages\/14017","targetHints":{"allow":["GET"]}}],"collection":[{"href":"https:\/\/www.commoncause.org\/vi\/wp-json\/wp\/v2\/pages"}],"about":[{"href":"https:\/\/www.commoncause.org\/vi\/wp-json\/wp\/v2\/types\/page"}],"replies":[{"embeddable":true,"href":"https:\/\/www.commoncause.org\/vi\/wp-json\/wp\/v2\/comments?post=14017"}],"version-history":[{"count":0,"href":"https:\/\/www.commoncause.org\/vi\/wp-json\/wp\/v2\/pages\/14017\/revisions"}],"wp:attachment":[{"href":"https:\/\/www.commoncause.org\/vi\/wp-json\/wp\/v2\/media?parent=14017"}],"curies":[{"name":"wp","href":"https:\/\/api.w.org\/{rel}","templated":true}]}}