{"id":14016,"date":"2021-03-18T14:47:22","date_gmt":"2021-03-18T18:47:22","guid":{"rendered":"https:\/\/www.commoncause.org\/sms-terms-of-service\/"},"modified":"2021-03-18T14:47:22","modified_gmt":"2021-03-18T18:47:22","slug":"dieu-khoan-dich-vu-sms","status":"publish","type":"page","link":"https:\/\/www.commoncause.org\/vi\/sms-terms-of-service\/","title":{"rendered":"\u0110i\u1ec1u kho\u1ea3n d\u1ecbch v\u1ee5 SMS"},"content":{"rendered":"","protected":false},"excerpt":{"rendered":"","protected":false},"author":0,"featured_media":0,"parent":0,"menu_order":0,"comment_status":"closed","ping_status":"closed","template":"","meta":{"_acf_changed":false,"_relevanssi_hide_post":"","_relevanssi_hide_content":"","_relevanssi_pin_for_all":"","_relevanssi_pin_keywords":"","_relevanssi_unpin_keywords":"","_relevanssi_related_keywords":"","_relevanssi_related_include_ids":"","_relevanssi_related_exclude_ids":"","_relevanssi_related_no_append":"","_relevanssi_related_not_related":"","_relevanssi_related_posts":"","_relevanssi_noindex_reason":""},"class_list":["post-14016","page","type-page","status-publish","hentry"],"acf":{"header":{"component_page_header":{"header_type":"default","title":"","lead":"Read the Terms of Service for Common Cause's SMS program below.","image":null,"subnavigation":false}},"sidebar":{"helper_enable_sidebar":false,"helper_media_contact":{"heading":"Media Contact","manually_enter_person":false,"person":null,"name":"","role":"","phone":"","email":""},"helper_links_downloads":{"heading":"Links & Downloads","links":null}},"page_layout":[{"acf_fc_layout":"layout_wysiwyg","_acfe_flexible_toggle":null,"component_wysiwyg":{"content":"<h2><span style=\"font-weight: 400;\">Nguy\u00ean nh\u00e2n ph\u1ed5 bi\u1ebfn<\/span><\/h2>\r\n<ol>\r\n \t<li><span style=\"font-weight: 400;\"><span style=\"font-weight: 400;\"><span style=\"font-weight: 400;\"> Ng\u01b0\u1eddi \u0111\u0103ng k\u00fd c\u00f3 th\u1ec3 mong \u0111\u1ee3i nh\u1eadn \u0111\u01b0\u1ee3c c\u00e1c th\u00f4ng \u0111i\u1ec7p \u1ee7ng h\u1ed9 \u0111\u1ecbnh k\u1ef3 v\u1edbi c\u00e1c c\u1eadp nh\u1eadt v\u00e0 tin t\u1ee9c v\u1ec1 c\u00f4ng vi\u1ec7c c\u1ee7a ch\u00fang t\u00f4i.<\/span><\/span><\/span><\/li>\r\n \t<li><span style=\"font-weight: 400;\">You can cancel the SMS service at any time. Just text \"STOP\" to the short code. After you send the SMS message \"STOP\" to us, we will send you an SMS message to confirm that you have been unsubscribed. After this, you will no longer receive SMS messages from us. If you want to join again, just sign up as you did the first time and we will start sending SMS messages to you again.<\/span><\/li>\r\n \t<li>N\u1ebfu b\u1ea1n \u0111ang g\u1eb7p s\u1ef1 c\u1ed1 v\u1edbi ch\u01b0\u01a1ng tr\u00ecnh nh\u1eafn tin, b\u1ea1n c\u00f3 th\u1ec3 tr\u1ea3 l\u1eddi b\u1eb1ng t\u1eeb kh\u00f3a HELP \u0111\u1ec3 \u0111\u01b0\u1ee3c h\u1ed7 tr\u1ee3 th\u00eam ho\u1eb7c b\u1ea1n c\u00f3 th\u1ec3 nh\u1eadn tr\u1ee3 gi\u00fap tr\u1ef1c ti\u1ebfp t\u1ea1i <a href=\"mailto:causenet@commoncause.org\">causenet@commoncause.org<\/a>.<\/li>\r\n \t<li>Nh\u00e0 m\u1ea1ng kh\u00f4ng ch\u1ecbu tr\u00e1ch nhi\u1ec7m v\u1ec1 c\u00e1c tin nh\u1eafn b\u1ecb ch\u1eadm tr\u1ec5 ho\u1eb7c kh\u00f4ng \u0111\u01b0\u1ee3c g\u1eedi \u0111\u1ebfn.<\/li>\r\n \t<li>Nh\u01b0 th\u01b0\u1eddng l\u1ec7, c\u01b0\u1edbc ph\u00ed tin nh\u1eafn v\u00e0 d\u1eef li\u1ec7u c\u00f3 th\u1ec3 \u00e1p d\u1ee5ng cho b\u1ea5t k\u1ef3 tin nh\u1eafn n\u00e0o ch\u00fang t\u00f4i g\u1eedi cho b\u1ea1n v\u00e0 b\u1ea1n g\u1eedi cho ch\u00fang t\u00f4i. T\u1ea7n su\u1ea5t tin nh\u1eafn thay \u0111\u1ed5i. N\u1ebfu b\u1ea1n c\u00f3 b\u1ea5t k\u1ef3 c\u00e2u h\u1ecfi n\u00e0o v\u1ec1 g\u00f3i tin nh\u1eafn v\u0103n b\u1ea3n ho\u1eb7c g\u00f3i d\u1eef li\u1ec7u c\u1ee7a m\u00ecnh, t\u1ed1t nh\u1ea5t l\u00e0 li\u00ean h\u1ec7 v\u1edbi nh\u00e0 cung c\u1ea5p d\u1ecbch v\u1ee5 kh\u00f4ng d\u00e2y c\u1ee7a b\u1ea1n.<\/li>\r\n \t<li>N\u1ebfu b\u1ea1n c\u00f3 b\u1ea5t k\u1ef3 c\u00e2u h\u1ecfi n\u00e0o v\u1ec1 quy\u1ec1n ri\u00eang t\u01b0, vui l\u00f2ng \u0111\u1ecdc ch\u00ednh s\u00e1ch quy\u1ec1n ri\u00eang t\u01b0 c\u1ee7a ch\u00fang t\u00f4i: <a href=\"https:\/\/www.commoncause.org\/vi\/chinh-sach-trang-web\/\">https:\/\/www.commoncause.org\/website-policies\/<\/a><\/li>\r\n<\/ol>"}}]},"yoast_head":"<!-- This site is optimized with the Yoast SEO Premium plugin v26.6 (Yoast SEO v27.1.1) - https:\/\/yoast.com\/product\/yoast-seo-premium-wordpress\/ -->\n<title>SMS Terms of Service - Common Cause<\/title>\n<meta name=\"robots\" content=\"index, follow, max-snippet:-1, max-image-preview:large, max-video-preview:-1\" \/>\n<link rel=\"canonical\" href=\"https:\/\/www.commoncause.org\/vi\/dieu-khoan-dich-vu-sms\/\" \/>\n<meta property=\"og:locale\" content=\"vi_VN\" \/>\n<meta property=\"og:type\" content=\"article\" \/>\n<meta property=\"og:title\" content=\"SMS Terms of Service\" \/>\n<meta property=\"og:url\" content=\"https:\/\/www.commoncause.org\/vi\/dieu-khoan-dich-vu-sms\/\" \/>\n<meta property=\"og:site_name\" content=\"Common Cause\" \/>\n<meta property=\"article:publisher\" content=\"https:\/\/www.facebook.com\/CommonCause\" \/>\n<meta property=\"og:image\" content=\"https:\/\/www.commoncause.org\/wp-content\/uploads\/2024\/10\/CC-Share-Graphic-Main9.jpg\" \/>\n\t<meta property=\"og:image:width\" content=\"1200\" \/>\n\t<meta property=\"og:image:height\" content=\"630\" \/>\n\t<meta property=\"og:image:type\" content=\"image\/jpeg\" \/>\n<meta name=\"twitter:card\" content=\"summary_large_image\" \/>\n<meta name=\"twitter:site\" content=\"@CommonCause\" \/>\n<script type=\"application\/ld+json\" class=\"yoast-schema-graph\">{\"@context\":\"https:\/\/schema.org\",\"@graph\":[{\"@type\":\"WebPage\",\"@id\":\"https:\/\/www.commoncause.org\/sms-terms-of-service\/\",\"url\":\"https:\/\/www.commoncause.org\/sms-terms-of-service\/\",\"name\":\"SMS Terms of Service - Common Cause\",\"isPartOf\":{\"@id\":\"https:\/\/www.commoncause.org\/#website\"},\"datePublished\":\"2021-03-18T18:47:22+00:00\",\"breadcrumb\":{\"@id\":\"https:\/\/www.commoncause.org\/sms-terms-of-service\/#breadcrumb\"},\"inLanguage\":\"vi\",\"potentialAction\":[{\"@type\":\"ReadAction\",\"target\":[\"https:\/\/www.commoncause.org\/sms-terms-of-service\/\"]}]},{\"@type\":\"BreadcrumbList\",\"@id\":\"https:\/\/www.commoncause.org\/sms-terms-of-service\/#breadcrumb\",\"itemListElement\":[{\"@type\":\"ListItem\",\"position\":1,\"name\":\"Home\",\"item\":\"https:\/\/www.commoncause.org\/\"},{\"@type\":\"ListItem\",\"position\":2,\"name\":\"SMS Terms of Service\"}]},{\"@type\":\"WebSite\",\"@id\":\"https:\/\/www.commoncause.org\/#website\",\"url\":\"https:\/\/www.commoncause.org\/\",\"name\":\"Common Cause\",\"description\":\"\",\"publisher\":{\"@id\":\"https:\/\/www.commoncause.org\/#organization\"},\"potentialAction\":[{\"@type\":\"SearchAction\",\"target\":{\"@type\":\"EntryPoint\",\"urlTemplate\":\"https:\/\/www.commoncause.org\/?s={search_term_string}\"},\"query-input\":{\"@type\":\"PropertyValueSpecification\",\"valueRequired\":true,\"valueName\":\"search_term_string\"}}],\"inLanguage\":\"vi\"},{\"@type\":\"Organization\",\"@id\":\"https:\/\/www.commoncause.org\/#organization\",\"name\":\"Common Cause\",\"url\":\"https:\/\/www.commoncause.org\/\",\"logo\":{\"@type\":\"ImageObject\",\"inLanguage\":\"vi\",\"@id\":\"https:\/\/www.commoncause.org\/#\/schema\/logo\/image\/\",\"url\":\"https:\/\/www.commoncause.org\/wp-content\/uploads\/2024\/05\/Common-Cause-Logo.png\",\"contentUrl\":\"https:\/\/www.commoncause.org\/wp-content\/uploads\/2024\/05\/Common-Cause-Logo.png\",\"width\":2066,\"height\":331,\"caption\":\"Common Cause\"},\"image\":{\"@id\":\"https:\/\/www.commoncause.org\/#\/schema\/logo\/image\/\"},\"sameAs\":[\"https:\/\/www.facebook.com\/CommonCause\",\"https:\/\/x.com\/CommonCause\",\"https:\/\/www.instagram.com\/ourcommoncause\/\"]}]}<\/script>\n<!-- \/ Yoast SEO Premium plugin. -->","yoast_head_json":{"title":"\u0110i\u1ec1u kho\u1ea3n d\u1ecbch v\u1ee5 SMS - Nguy\u00ean nh\u00e2n ph\u1ed5 bi\u1ebfn","robots":{"index":"index","follow":"follow","max-snippet":"max-snippet:-1","max-image-preview":"max-image-preview:large","max-video-preview":"max-video-preview:-1"},"canonical":"https:\/\/www.commoncause.org\/vi\/dieu-khoan-dich-vu-sms\/","og_locale":"vi_VN","og_type":"article","og_title":"SMS Terms of Service","og_url":"https:\/\/www.commoncause.org\/vi\/dieu-khoan-dich-vu-sms\/","og_site_name":"Common Cause","article_publisher":"https:\/\/www.facebook.com\/CommonCause","og_image":[{"width":1200,"height":630,"url":"https:\/\/www.commoncause.org\/wp-content\/uploads\/2024\/10\/CC-Share-Graphic-Main9.jpg","type":"image\/jpeg"}],"twitter_card":"summary_large_image","twitter_site":"@CommonCause","schema":{"@context":"https:\/\/schema.org","@graph":[{"@type":"WebPage","@id":"https:\/\/www.commoncause.org\/sms-terms-of-service\/","url":"https:\/\/www.commoncause.org\/sms-terms-of-service\/","name":"\u0110i\u1ec1u kho\u1ea3n d\u1ecbch v\u1ee5 SMS - Nguy\u00ean nh\u00e2n ph\u1ed5 bi\u1ebfn","isPartOf":{"@id":"https:\/\/www.commoncause.org\/#website"},"datePublished":"2021-03-18T18:47:22+00:00","breadcrumb":{"@id":"https:\/\/www.commoncause.org\/sms-terms-of-service\/#breadcrumb"},"inLanguage":"vi","potentialAction":[{"@type":"ReadAction","target":["https:\/\/www.commoncause.org\/sms-terms-of-service\/"]}]},{"@type":"BreadcrumbList","@id":"https:\/\/www.commoncause.org\/sms-terms-of-service\/#breadcrumb","itemListElement":[{"@type":"ListItem","position":1,"name":"Home","item":"https:\/\/www.commoncause.org\/"},{"@type":"ListItem","position":2,"name":"SMS Terms of Service"}]},{"@type":"WebSite","@id":"https:\/\/www.commoncause.org\/#website","url":"https:\/\/www.commoncause.org\/","name":"Nguy\u00ean nh\u00e2n ph\u1ed5 bi\u1ebfn","description":"","publisher":{"@id":"https:\/\/www.commoncause.org\/#organization"},"potentialAction":[{"@type":"SearchAction","target":{"@type":"EntryPoint","urlTemplate":"https:\/\/www.commoncause.org\/?s={search_term_string}"},"query-input":{"@type":"PropertyValueSpecification","valueRequired":true,"valueName":"search_term_string"}}],"inLanguage":"vi"},{"@type":"Organization","@id":"https:\/\/www.commoncause.org\/#organization","name":"Nguy\u00ean nh\u00e2n ph\u1ed5 bi\u1ebfn","url":"https:\/\/www.commoncause.org\/","logo":{"@type":"ImageObject","inLanguage":"vi","@id":"https:\/\/www.commoncause.org\/#\/schema\/logo\/image\/","url":"https:\/\/www.commoncause.org\/wp-content\/uploads\/2024\/05\/Common-Cause-Logo.png","contentUrl":"https:\/\/www.commoncause.org\/wp-content\/uploads\/2024\/05\/Common-Cause-Logo.png","width":2066,"height":331,"caption":"Common Cause"},"image":{"@id":"https:\/\/www.commoncause.org\/#\/schema\/logo\/image\/"},"sameAs":["https:\/\/www.facebook.com\/CommonCause","https:\/\/x.com\/CommonCause","https:\/\/www.instagram.com\/ourcommoncause\/"]}]}},"distributor_meta":false,"distributor_terms":false,"distributor_media":false,"distributor_original_site_name":"Common Cause","distributor_original_site_url":"https:\/\/www.commoncause.org\/vi","push-errors":false,"_links":{"self":[{"href":"https:\/\/www.commoncause.org\/vi\/wp-json\/wp\/v2\/pages\/14016","targetHints":{"allow":["GET"]}}],"collection":[{"href":"https:\/\/www.commoncause.org\/vi\/wp-json\/wp\/v2\/pages"}],"about":[{"href":"https:\/\/www.commoncause.org\/vi\/wp-json\/wp\/v2\/types\/page"}],"replies":[{"embeddable":true,"href":"https:\/\/www.commoncause.org\/vi\/wp-json\/wp\/v2\/comments?post=14016"}],"version-history":[{"count":0,"href":"https:\/\/www.commoncause.org\/vi\/wp-json\/wp\/v2\/pages\/14016\/revisions"}],"wp:attachment":[{"href":"https:\/\/www.commoncause.org\/vi\/wp-json\/wp\/v2\/media?parent=14016"}],"curies":[{"name":"wp","href":"https:\/\/api.w.org\/{rel}","templated":true}]}}