{"id":14015,"date":"2020-05-12T14:47:36","date_gmt":"2020-05-12T18:47:36","guid":{"rendered":"https:\/\/www.commoncause.org\/renew-your-annual-membership-direct-mail\/"},"modified":"2024-08-26T09:42:39","modified_gmt":"2024-08-26T13:42:39","slug":"gia-han-tu-cach-thanh-vien-hang-nam-cua-ban-qua-thu-truc-tiep","status":"publish","type":"page","link":"https:\/\/www.commoncause.org\/vi\/renew-your-annual-membership-direct-mail\/","title":{"rendered":"Gia h\u1ea1n t\u01b0 c\u00e1ch th\u00e0nh vi\u00ean h\u00e0ng n\u0103m c\u1ee7a b\u1ea1n \u2013 Th\u01b0 tr\u1ef1c ti\u1ebfp"},"content":{"rendered":"","protected":false},"excerpt":{"rendered":"","protected":false},"author":33,"featured_media":0,"parent":0,"menu_order":0,"comment_status":"closed","ping_status":"closed","template":"","meta":{"_acf_changed":false,"_relevanssi_hide_post":"","_relevanssi_hide_content":"","_relevanssi_pin_for_all":"","_relevanssi_pin_keywords":"","_relevanssi_unpin_keywords":"","_relevanssi_related_keywords":"","_relevanssi_related_include_ids":"","_relevanssi_related_exclude_ids":"","_relevanssi_related_no_append":"","_relevanssi_related_not_related":"","_relevanssi_related_posts":"","_relevanssi_noindex_reason":""},"class_list":["post-14015","page","type-page","status-publish","hentry"],"acf":{"header":{"component_page_header":{"header_type":"default","title":"Gia h\u1ea1n t\u01b0 c\u00e1ch th\u00e0nh vi\u00ean c\u1ee7a Common Cause","lead":"Love being a part of Common Cause? We need your help more than ever. Renew your membership today!","image":4595,"subnavigation":false}},"sidebar":{"helper_enable_sidebar":false,"helper_media_contact":{"heading":"Media Contact","manually_enter_person":false,"person":"","name":"","role":"","phone":"","email":""},"helper_links_downloads":{"heading":"Links & Downloads","links":null}},"page_layout":[{"acf_fc_layout":"layout_basic_html","_acfe_flexible_toggle":"","component_basic_html":{"heading":"Renew Your Membership","code":"<script src='https:\/\/actionnetwork.org\/widgets\/v5\/fundraising\/renew-your-annual-membership-3?format=js&source=website&css=whitelabel&'><\/script><div id='can-fundraising-area-renew-your-annual-membership-3' style='width: 100%'><\/div>","width":"medium"}},{"acf_fc_layout":"layout_wysiwyg","_acfe_flexible_toggle":"","component_wysiwyg":{"content":"<h2>Nh\u1eefng c\u00e1ch kh\u00e1c \u0111\u1ec3 cho<\/h2>\r\nThere are many ways to support Common Cause's mission to hold power accountable. If you have questions or do not see your preferred method of giving listed please contact Membership Services at <span class=\"w8qArf\"><span class=\"eTVOZd\">:<\/span> <\/span><span class=\"LrzXr zdqRlf kno-fv\"><span aria-label=\"G\u1ecdi s\u1ed1 \u0111i\u1ec7n tho\u1ea1i (202) 833-1200\">(202) 833-1200<\/span><\/span> ho\u1eb7c\u00a0<a href=\"mailto:giving@commoncause.org\">giving@commoncause.org<\/a>\u00a0and we'll be happy to discuss your options for making a contribution.\r\n<h4>\u0110\u00f3ng g\u00f3p h\u00e0ng th\u00e1ng<\/h4>\r\nTham gia\u00a0<a href=\"https:\/\/actionnetwork.org\/fundraising\/become-a-guardian-for-democracy\/\">Nh\u1eefng ng\u01b0\u1eddi b\u1ea3o v\u1ec7 cho n\u1ec1n d\u00e2n ch\u1ee7<\/a>\u00a0by making a recurring monthly contribution and help provide a steady and reliable income stream to support Common Cause's work in Washington and across the nation.\r\n<h4>T\u1eb7ng qu\u00e0 \u0111\u01b0\u1ee3c kh\u1ea5u tr\u1eeb thu\u1ebf<\/h4>\r\nNh\u1eefng m\u00f3n qu\u00e0 \u0111\u1ee7 \u0111i\u1ec1u ki\u1ec7n \u0111\u01b0\u1ee3c kh\u1ea5u tr\u1eeb thu\u1ebf t\u1eeb thi\u1ec7n c\u00f3 th\u1ec3 \u0111\u01b0\u1ee3c trao cho chi nh\u00e1nh c\u1ee7a ch\u00fang t\u00f4i\u00a0<a href=\"https:\/\/actionnetwork.org\/fundraising\/common-cause-education-fund\/\">Qu\u1ef9 Gi\u00e1o d\u1ee5c v\u00ec m\u1ee5c \u0111\u00edch chung<\/a>, h\u1ed7 tr\u1ee3 nh\u1eefng n\u1ed7 l\u1ef1c c\u1ee7a ch\u00fang ta nh\u1eb1m \u0111\u1ea3m b\u1ea3o quy\u1ec1n l\u1ef1c ph\u1ea3i ch\u1ecbu tr\u00e1ch nhi\u1ec7m th\u00f4ng qua s\u1ef1 tham gia c\u1ee7a c\u00f4ng d\u00e2n v\u00e0 gi\u00e1o d\u1ee5c c\u00f4ng ch\u00fang.\r\n<h4>K\u1ebf ho\u1ea1ch t\u1eb7ng qu\u00e0<\/h4>\r\nGi\u00fap \u0111\u1ea3m b\u1ea3o l\u1eddi h\u1ee9a v\u1ec1 n\u1ec1n d\u00e2n ch\u1ee7 cho th\u1ebf h\u1ec7 ti\u1ebfp theo b\u1eb1ng c\u00e1ch \u0111\u1ec3 l\u1ea1i m\u1ed9t\u00a0<a href=\"http:\/\/www.commoncause.org\/vi\/plannedgiving\/\">qu\u00e0 t\u1eb7ng b\u1ea5t \u0111\u1ed9ng s\u1ea3n, ch\u1eb3ng h\u1ea1n nh\u01b0 di ch\u00fac, ph\u00e2n ph\u1ed1i IRA ho\u1eb7c qu\u00e0 t\u1eb7ng theo k\u1ebf ho\u1ea1ch kh\u00e1c.<\/a>\r\n<h4>Qu\u00e0 t\u1eb7ng c\u1ed5 phi\u1ebfu<\/h4>\r\nC\u00f3 th\u1ec3 t\u1eb7ng c\u1ed5 phi\u1ebfu v\u00e0 ch\u1ee9ng kho\u00e1n cho Common Cause v\u00e0 Qu\u1ef9 gi\u00e1o d\u1ee5c Common Cause li\u00ean k\u1ebft c\u1ee7a ch\u00fang t\u00f4i th\u00f4ng qua Wells Fargo.\u00a0<a href=\"http:\/\/www.commoncause.org\/vi\/stockgift\/\">\u0110\u1ec3 bi\u1ebft th\u00eam chi ti\u1ebft, h\u00e3y nh\u1ea5p v\u00e0o \u0111\u00e2y.<\/a>\r\n<h4>Qu\u00e0 t\u1eb7ng t\u01b0\u1edfng ni\u1ec7m\/t\u00f4n vinh<\/h4>\r\n\u0110\u1ec3 t\u00f4n vinh ai \u0111\u00f3 th\u00f4ng qua m\u1ed9t\u00a0<a href=\"https:\/\/actionnetwork.org\/forms\/make-an-honor-or-memorial-gift\">qu\u00e0 t\u1eb7ng t\u01b0\u1edfng ni\u1ec7m ho\u1eb7c tri \u00e2n<\/a>\u00a0vui l\u00f2ng li\u00ean h\u1ec7 v\u1edbi D\u1ecbch v\u1ee5 Th\u00e0nh vi\u00ean t\u1ea1i <span class=\"w8qArf\"><span class=\"eTVOZd\">:<\/span> <\/span><span class=\"LrzXr zdqRlf kno-fv\"><span aria-label=\"G\u1ecdi s\u1ed1 \u0111i\u1ec7n tho\u1ea1i (202) 833-1200\">(202) 833-1200<\/span><\/span>.\r\n<h4>V\u00f2ng tr\u00f2n l\u00e3nh \u0111\u1ea1o<\/h4>\r\nThe Leadership Circle is an extraordinary group of our most steadfast supporters, who leave their own personal stamp on the nation's future by providing Common Cause with the resources needed in order to make sure our political system works for all Americans --\u00a0<a href=\"https:\/\/actionnetwork.org\/fundraising\/common-cause-leadership-circle\">h\u00e3y tham gia c\u00f9ng ch\u00fang t\u00f4i ngay h\u00f4m nay!<\/a>\r\n\r\n<em>Common Cause cam k\u1ebft th\u1ef1c hi\u1ec7n ch\u00ednh s\u00e1ch minh b\u1ea1ch v\u00e0 c\u00f4ng khai, do \u0111\u00f3, th\u00f4ng tin v\u1ec1 c\u00e1c ngu\u1ed3n t\u00e0i tr\u1ee3 c\u1ee7a ch\u00fang t\u00f4i, bao g\u1ed3m c\u1ea3 c\u00e1c nh\u00e0 t\u00e0i tr\u1ee3 c\u00e1 nh\u00e2n, \u0111\u01b0\u1ee3c c\u00f4ng khai; tuy nhi\u00ean, c\u00e1c kho\u1ea3n \u0111\u00f3ng g\u00f3p \u1ea9n danh c\u00f3 th\u1ec3 \u0111\u01b0\u1ee3c ch\u1ea5p nh\u1eadn trong m\u1ed9t s\u1ed1 tr\u01b0\u1eddng h\u1ee3p nh\u1ea5t \u0111\u1ecbnh theo y\u00eau c\u1ea7u c\u1ee7a nh\u00e0 t\u00e0i tr\u1ee3. \u0110\u1ec3 bi\u1ebft th\u00eam th\u00f4ng tin,\u00a0<a href=\"https:\/\/www.commoncause.org\/vi\/ve-chung-toi\/chinh-sach-minh-bach-cua-nha-tai-tro\/\" target=\"blank\">vui l\u00f2ng xem l\u1ea1i Ch\u00ednh s\u00e1ch minh b\u1ea1ch c\u1ee7a nh\u00e0 t\u00e0i tr\u1ee3 tr\u00ean trang web c\u1ee7a ch\u00fang t\u00f4i.<\/a><\/em>"}}]},"yoast_head":"<!-- This site is optimized with the Yoast SEO Premium plugin v26.6 (Yoast SEO v27.1.1) - https:\/\/yoast.com\/product\/yoast-seo-premium-wordpress\/ -->\n<title>Renew Your Annual Membership \u2013 Direct Mail - Common Cause<\/title>\n<meta name=\"robots\" content=\"index, follow, max-snippet:-1, max-image-preview:large, max-video-preview:-1\" \/>\n<link rel=\"canonical\" href=\"https:\/\/www.commoncause.org\/vi\/gia-han-tu-cach-thanh-vien-hang-nam-cua-ban-qua-thu-truc-tiep\/\" \/>\n<meta property=\"og:locale\" content=\"vi_VN\" \/>\n<meta property=\"og:type\" content=\"article\" \/>\n<meta property=\"og:title\" content=\"Renew Your Annual Membership \u2013 Direct Mail\" \/>\n<meta property=\"og:url\" content=\"https:\/\/www.commoncause.org\/vi\/gia-han-tu-cach-thanh-vien-hang-nam-cua-ban-qua-thu-truc-tiep\/\" \/>\n<meta property=\"og:site_name\" content=\"Common Cause\" \/>\n<meta property=\"article:publisher\" content=\"https:\/\/www.facebook.com\/CommonCause\" \/>\n<meta property=\"article:modified_time\" content=\"2024-08-26T13:42:39+00:00\" \/>\n<meta property=\"og:image\" content=\"https:\/\/www.commoncause.org\/wp-content\/uploads\/2024\/10\/CC-Share-Graphic-Main9.jpg\" \/>\n\t<meta property=\"og:image:width\" content=\"1200\" \/>\n\t<meta property=\"og:image:height\" content=\"630\" \/>\n\t<meta property=\"og:image:type\" content=\"image\/jpeg\" \/>\n<meta name=\"twitter:card\" content=\"summary_large_image\" \/>\n<meta name=\"twitter:site\" content=\"@CommonCause\" \/>\n<script type=\"application\/ld+json\" class=\"yoast-schema-graph\">{\"@context\":\"https:\/\/schema.org\",\"@graph\":[{\"@type\":\"WebPage\",\"@id\":\"https:\/\/www.commoncause.org\/renew-your-annual-membership-direct-mail\/\",\"url\":\"https:\/\/www.commoncause.org\/renew-your-annual-membership-direct-mail\/\",\"name\":\"Renew Your Annual Membership \u2013 Direct Mail - Common Cause\",\"isPartOf\":{\"@id\":\"https:\/\/www.commoncause.org\/#website\"},\"datePublished\":\"2020-05-12T18:47:36+00:00\",\"dateModified\":\"2024-08-26T13:42:39+00:00\",\"breadcrumb\":{\"@id\":\"https:\/\/www.commoncause.org\/renew-your-annual-membership-direct-mail\/#breadcrumb\"},\"inLanguage\":\"vi\",\"potentialAction\":[{\"@type\":\"ReadAction\",\"target\":[\"https:\/\/www.commoncause.org\/renew-your-annual-membership-direct-mail\/\"]}]},{\"@type\":\"BreadcrumbList\",\"@id\":\"https:\/\/www.commoncause.org\/renew-your-annual-membership-direct-mail\/#breadcrumb\",\"itemListElement\":[{\"@type\":\"ListItem\",\"position\":1,\"name\":\"Home\",\"item\":\"https:\/\/www.commoncause.org\/\"},{\"@type\":\"ListItem\",\"position\":2,\"name\":\"Renew Your Annual Membership \u2013 Direct Mail\"}]},{\"@type\":\"WebSite\",\"@id\":\"https:\/\/www.commoncause.org\/#website\",\"url\":\"https:\/\/www.commoncause.org\/\",\"name\":\"Common Cause\",\"description\":\"\",\"publisher\":{\"@id\":\"https:\/\/www.commoncause.org\/#organization\"},\"potentialAction\":[{\"@type\":\"SearchAction\",\"target\":{\"@type\":\"EntryPoint\",\"urlTemplate\":\"https:\/\/www.commoncause.org\/?s={search_term_string}\"},\"query-input\":{\"@type\":\"PropertyValueSpecification\",\"valueRequired\":true,\"valueName\":\"search_term_string\"}}],\"inLanguage\":\"vi\"},{\"@type\":\"Organization\",\"@id\":\"https:\/\/www.commoncause.org\/#organization\",\"name\":\"Common Cause\",\"url\":\"https:\/\/www.commoncause.org\/\",\"logo\":{\"@type\":\"ImageObject\",\"inLanguage\":\"vi\",\"@id\":\"https:\/\/www.commoncause.org\/#\/schema\/logo\/image\/\",\"url\":\"https:\/\/www.commoncause.org\/wp-content\/uploads\/2024\/05\/Common-Cause-Logo.png\",\"contentUrl\":\"https:\/\/www.commoncause.org\/wp-content\/uploads\/2024\/05\/Common-Cause-Logo.png\",\"width\":2066,\"height\":331,\"caption\":\"Common Cause\"},\"image\":{\"@id\":\"https:\/\/www.commoncause.org\/#\/schema\/logo\/image\/\"},\"sameAs\":[\"https:\/\/www.facebook.com\/CommonCause\",\"https:\/\/x.com\/CommonCause\",\"https:\/\/www.instagram.com\/ourcommoncause\/\"]}]}<\/script>\n<!-- \/ Yoast SEO Premium plugin. -->","yoast_head_json":{"title":"Gia h\u1ea1n t\u01b0 c\u00e1ch th\u00e0nh vi\u00ean h\u00e0ng n\u0103m c\u1ee7a b\u1ea1n \u2013 Th\u01b0 tr\u1ef1c ti\u1ebfp \u2013 Nguy\u00ean nh\u00e2n chung","robots":{"index":"index","follow":"follow","max-snippet":"max-snippet:-1","max-image-preview":"max-image-preview:large","max-video-preview":"max-video-preview:-1"},"canonical":"https:\/\/www.commoncause.org\/vi\/gia-han-tu-cach-thanh-vien-hang-nam-cua-ban-qua-thu-truc-tiep\/","og_locale":"vi_VN","og_type":"article","og_title":"Renew Your Annual Membership \u2013 Direct Mail","og_url":"https:\/\/www.commoncause.org\/vi\/gia-han-tu-cach-thanh-vien-hang-nam-cua-ban-qua-thu-truc-tiep\/","og_site_name":"Common Cause","article_publisher":"https:\/\/www.facebook.com\/CommonCause","article_modified_time":"2024-08-26T13:42:39+00:00","og_image":[{"width":1200,"height":630,"url":"https:\/\/www.commoncause.org\/wp-content\/uploads\/2024\/10\/CC-Share-Graphic-Main9.jpg","type":"image\/jpeg"}],"twitter_card":"summary_large_image","twitter_site":"@CommonCause","schema":{"@context":"https:\/\/schema.org","@graph":[{"@type":"WebPage","@id":"https:\/\/www.commoncause.org\/renew-your-annual-membership-direct-mail\/","url":"https:\/\/www.commoncause.org\/renew-your-annual-membership-direct-mail\/","name":"Gia h\u1ea1n t\u01b0 c\u00e1ch th\u00e0nh vi\u00ean h\u00e0ng n\u0103m c\u1ee7a b\u1ea1n \u2013 Th\u01b0 tr\u1ef1c ti\u1ebfp \u2013 Nguy\u00ean nh\u00e2n chung","isPartOf":{"@id":"https:\/\/www.commoncause.org\/#website"},"datePublished":"2020-05-12T18:47:36+00:00","dateModified":"2024-08-26T13:42:39+00:00","breadcrumb":{"@id":"https:\/\/www.commoncause.org\/renew-your-annual-membership-direct-mail\/#breadcrumb"},"inLanguage":"vi","potentialAction":[{"@type":"ReadAction","target":["https:\/\/www.commoncause.org\/renew-your-annual-membership-direct-mail\/"]}]},{"@type":"BreadcrumbList","@id":"https:\/\/www.commoncause.org\/renew-your-annual-membership-direct-mail\/#breadcrumb","itemListElement":[{"@type":"ListItem","position":1,"name":"Home","item":"https:\/\/www.commoncause.org\/"},{"@type":"ListItem","position":2,"name":"Renew Your Annual Membership \u2013 Direct Mail"}]},{"@type":"WebSite","@id":"https:\/\/www.commoncause.org\/#website","url":"https:\/\/www.commoncause.org\/","name":"Nguy\u00ean nh\u00e2n ph\u1ed5 bi\u1ebfn","description":"","publisher":{"@id":"https:\/\/www.commoncause.org\/#organization"},"potentialAction":[{"@type":"SearchAction","target":{"@type":"EntryPoint","urlTemplate":"https:\/\/www.commoncause.org\/?s={search_term_string}"},"query-input":{"@type":"PropertyValueSpecification","valueRequired":true,"valueName":"search_term_string"}}],"inLanguage":"vi"},{"@type":"Organization","@id":"https:\/\/www.commoncause.org\/#organization","name":"Nguy\u00ean nh\u00e2n ph\u1ed5 bi\u1ebfn","url":"https:\/\/www.commoncause.org\/","logo":{"@type":"ImageObject","inLanguage":"vi","@id":"https:\/\/www.commoncause.org\/#\/schema\/logo\/image\/","url":"https:\/\/www.commoncause.org\/wp-content\/uploads\/2024\/05\/Common-Cause-Logo.png","contentUrl":"https:\/\/www.commoncause.org\/wp-content\/uploads\/2024\/05\/Common-Cause-Logo.png","width":2066,"height":331,"caption":"Common Cause"},"image":{"@id":"https:\/\/www.commoncause.org\/#\/schema\/logo\/image\/"},"sameAs":["https:\/\/www.facebook.com\/CommonCause","https:\/\/x.com\/CommonCause","https:\/\/www.instagram.com\/ourcommoncause\/"]}]}},"distributor_meta":false,"distributor_terms":false,"distributor_media":false,"distributor_original_site_name":"Common Cause","distributor_original_site_url":"https:\/\/www.commoncause.org\/vi","push-errors":false,"_links":{"self":[{"href":"https:\/\/www.commoncause.org\/vi\/wp-json\/wp\/v2\/pages\/14015","targetHints":{"allow":["GET"]}}],"collection":[{"href":"https:\/\/www.commoncause.org\/vi\/wp-json\/wp\/v2\/pages"}],"about":[{"href":"https:\/\/www.commoncause.org\/vi\/wp-json\/wp\/v2\/types\/page"}],"author":[{"embeddable":true,"href":"https:\/\/www.commoncause.org\/vi\/wp-json\/wp\/v2\/users\/33"}],"replies":[{"embeddable":true,"href":"https:\/\/www.commoncause.org\/vi\/wp-json\/wp\/v2\/comments?post=14015"}],"version-history":[{"count":2,"href":"https:\/\/www.commoncause.org\/vi\/wp-json\/wp\/v2\/pages\/14015\/revisions"}],"predecessor-version":[{"id":22331,"href":"https:\/\/www.commoncause.org\/vi\/wp-json\/wp\/v2\/pages\/14015\/revisions\/22331"}],"wp:attachment":[{"href":"https:\/\/www.commoncause.org\/vi\/wp-json\/wp\/v2\/media?parent=14015"}],"curies":[{"name":"wp","href":"https:\/\/api.w.org\/{rel}","templated":true}]}}