{"id":13997,"date":"2021-12-06T16:01:07","date_gmt":"2021-12-06T21:01:07","guid":{"rendered":"https:\/\/www.commoncause.org\/gifts-of-stock\/"},"modified":"2025-12-17T15:40:07","modified_gmt":"2025-12-17T20:40:07","slug":"qua-tang-co-phieu","status":"publish","type":"page","link":"https:\/\/www.commoncause.org\/vi\/donate\/gifts-of-stock\/","title":{"rendered":"Qu\u00e0 t\u1eb7ng c\u1ed5 phi\u1ebfu"},"content":{"rendered":"","protected":false},"excerpt":{"rendered":"","protected":false},"author":35,"featured_media":0,"parent":1284,"menu_order":0,"comment_status":"closed","ping_status":"closed","template":"","meta":{"_acf_changed":false,"_relevanssi_hide_post":"","_relevanssi_hide_content":"","_relevanssi_pin_for_all":"","_relevanssi_pin_keywords":"","_relevanssi_unpin_keywords":"","_relevanssi_related_keywords":"","_relevanssi_related_include_ids":"","_relevanssi_related_exclude_ids":"","_relevanssi_related_no_append":"","_relevanssi_related_not_related":"","_relevanssi_related_posts":"","_relevanssi_noindex_reason":""},"class_list":["post-13997","page","type-page","status-publish","hentry"],"acf":{"header":{"component_page_header":{"header_type":"default","title":"","lead":"","image":"","subnavigation":false}},"sidebar":{"helper_enable_sidebar":false,"helper_media_contact":{"heading":"Media Contact","manually_enter_person":false,"person":"","name":"","role":"","phone":"","email":""},"helper_links_downloads":{"heading":"Links & Downloads","links":null}},"page_layout":[{"acf_fc_layout":"layout_wysiwyg","_acfe_flexible_toggle":null,"component_wysiwyg":{"content":"<h2>T\u1eb7ng m\u1ed9t m\u00f3n qu\u00e0 c\u1ed5 phi\u1ebfu<\/h2>\r\n<div class=\"description\">\r\n<p style=\"font-weight: 400;\">Vi\u1ec7c t\u1eb7ng c\u1ed5 phi\u1ebfu cho Qu\u1ef9 Gi\u00e1o d\u1ee5c v\u00ec M\u1ee5c \u0111\u00edch Chung ho\u1eb7c cho M\u1ee5c \u0111\u00edch Chung l\u00e0 m\u1ed9t c\u00e1ch d\u1ec5 d\u00e0ng \u0111\u1ec3 th\u00fac \u0111\u1ea9y n\u1ed7 l\u1ef1c c\u1ee7ng c\u1ed1 n\u1ec1n d\u00e2n ch\u1ee7 c\u1ee7a ch\u00fang ta.<\/p>\r\n<p style=\"font-weight: 400;\"><strong>Qu\u1ef9 Gi\u00e1o d\u1ee5c v\u00ec m\u1ee5c \u0111\u00edch chung<\/strong> l\u00e0 m\u1ed9t t\u1ed5 ch\u1ee9c 501(c)(3) v\u00e0 c\u00e1c kho\u1ea3n \u0111\u00f3ng g\u00f3p cho t\u1ed5 ch\u1ee9c n\u00e0y \u0111\u1ee7 \u0111i\u1ec1u ki\u1ec7n \u0111\u1ec3 \u0111\u01b0\u1ee3c kh\u1ea5u tr\u1eeb thu\u1ebf. Trong khi t\u1ea5t c\u1ea3 c\u00e1c kho\u1ea3n t\u1eb7ng cho Qu\u1ef9 Gi\u00e1o d\u1ee5c M\u1ee5c \u0111\u00edch Chung \u0111\u01b0\u1ee3c ho\u00e0n th\u00e0nh tr\u01b0\u1edbc ng\u00e0y 31 th\u00e1ng 12 \u0111\u1ec1u \u0111\u1ee7 \u0111i\u1ec1u ki\u1ec7n \u0111\u1ec3 \u0111\u01b0\u1ee3c kh\u1ea5u tr\u1eeb thu\u1ebf cho n\u0103m d\u01b0\u01a1ng l\u1ecbch, th\u00ec vi\u1ec7c t\u1eb7ng t\u00e0i s\u1ea3n \u0111\u01b0\u1ee3c \u0111\u00e1nh gi\u00e1 cao nh\u01b0 c\u1ed5 phi\u1ebfu, tr\u00e1i phi\u1ebfu v\u00e0 qu\u1ef9 t\u01b0\u01a1ng h\u1ed7 c\u00f3 th\u1ec3 d\u1eabn \u0111\u1ebfn kho\u1ea3n ti\u1ebft ki\u1ec7m thu\u1ebf b\u1ed5 sung. D\u01b0\u1edbi \u0111\u00e2y l\u00e0 th\u00f4ng tin li\u00ean h\u1ec7 v\u00e0 \u0111\u1ecbnh tuy\u1ebfn m\u00e0 b\u1ea1n c\u00f3 th\u1ec3 s\u1eed d\u1ee5ng \u0111\u1ec3 t\u1eb7ng c\u1ed5 phi\u1ebfu cho Qu\u1ef9 Gi\u00e1o d\u1ee5c M\u1ee5c \u0111\u00edch Chung.<\/p>\r\n<p style=\"font-weight: 400;\"><strong>M\u00f4i gi\u1edbi ch\u1ee9ng kho\u00e1n Qu\u1ef9 gi\u00e1o d\u1ee5c v\u00ec m\u1ee5c \u0111\u00edch chung: <\/strong>Bryan A. Lenet, C\u1ed1 v\u1ea5n t\u00e0i ch\u00ednh<\/p>\r\n<p style=\"font-weight: 400;\"><strong>\u0110\u1ecba ch\u1ec9:<\/strong> Wells Fargo Clearing Services, 7600 Wisconsin Ave., Suite 900, Bethesda, MD\u00a0 20814<\/p>\r\n<p style=\"font-weight: 400;\"><strong>S\u1ed1 \u0111i\u1ec7n tho\u1ea1i:<\/strong> 301-961-0129<\/p>\r\n<p style=\"font-weight: 400;\"><strong>M\u00e3 l\u1ed7i #:<\/strong> 0141<\/p>\r\n<p style=\"font-weight: 400;\"><strong>T\u00e0i kho\u1ea3n #:<\/strong> 2073-8017<\/p>\r\n<p style=\"font-weight: 400;\"><strong>Qu\u1ef9 Gi\u00e1o d\u1ee5c v\u00ec M\u1ee5c \u0111\u00edch Chung M\u00e3 s\u1ed1 Thu\u1ebf Li\u00ean bang #:<\/strong> 31-1705370<\/p>\r\n\r\n\r\n<hr \/>\r\n<p style=\"font-weight: 400;\">\u0110\u00f3ng g\u00f3p cho <strong>Nguy\u00ean nh\u00e2n ph\u1ed5 bi\u1ebfn<\/strong> kh\u00f4ng \u0111\u01b0\u1ee3c kh\u1ea5u tr\u1eeb thu\u1ebf nh\u01b0 c\u00e1c kho\u1ea3n \u0111\u00f3ng g\u00f3p t\u1eeb thi\u1ec7n v\u00ec ch\u00fang t\u00f4i l\u00e0 t\u1ed5 ch\u1ee9c v\u1eadn \u0111\u1ed9ng h\u00e0nh lang 501(c)(4). D\u01b0\u1edbi \u0111\u00e2y l\u00e0 th\u00f4ng tin li\u00ean h\u1ec7 v\u00e0 \u0111\u1ecbnh tuy\u1ebfn m\u00e0 b\u1ea1n c\u00f3 th\u1ec3 s\u1eed d\u1ee5ng \u0111\u1ec3 t\u1eb7ng c\u1ed5 phi\u1ebfu.<\/p>\r\n<p style=\"font-weight: 400;\"><strong>M\u00f4i gi\u1edbi ch\u1ee9ng kho\u00e1n nguy\u00ean nh\u00e2n chung<\/strong>:Bryan A. Lenet, C\u1ed1 v\u1ea5n t\u00e0i ch\u00ednh<\/p>\r\n<p style=\"font-weight: 400;\"><strong>\u0110\u1ecba ch\u1ec9: <\/strong>Wells Fargo Clearing Services, 7600 Wisconsin Ave., Suite 900<\/p>\r\n<p style=\"font-weight: 400;\">Bethesda, MD 20814<\/p>\r\n<p style=\"font-weight: 400;\"><strong>S\u1ed1 \u0111i\u1ec7n tho\u1ea1i:<\/strong> 301-961-0129<\/p>\r\n<p style=\"font-weight: 400;\"><strong>M\u00e3 l\u1ed7i #:<\/strong> 0141<\/p>\r\n<p style=\"font-weight: 400;\"><strong>T\u00e0i kho\u1ea3n #:<\/strong> 2073-8008<\/p>\r\n<p style=\"font-weight: 400;\"><strong>Nguy\u00ean nh\u00e2n chung M\u00e3 s\u1ed1 thu\u1ebf li\u00ean bang #:<\/strong> 52-6078441<\/p>\r\n<p style=\"font-weight: 400;\">If making an electronic transfer of stock, please call Bryan A. Lenet, Financial Advisor, at the above phone number (or if you have additional questions, email us at giving@commoncause.org). We will need to know the identity and address of the donor, as well as any restrictions to the gift (for example, a gift intended for use within a particular state). If requested, we will honor a donor's request for anonymity and will use contact information for internal record-keeping only.<\/p>\r\n\r\n<\/div>"}}]},"yoast_head":"<!-- This site is optimized with the Yoast SEO Premium plugin v26.6 (Yoast SEO v27.1.1) - https:\/\/yoast.com\/product\/yoast-seo-premium-wordpress\/ -->\n<title>Gifts of Stock - Common Cause<\/title>\n<meta name=\"robots\" content=\"index, follow, max-snippet:-1, max-image-preview:large, max-video-preview:-1\" \/>\n<link rel=\"canonical\" href=\"https:\/\/www.commoncause.org\/vi\/quyen-tang\/qua-tang-co-phieu\/\" \/>\n<meta property=\"og:locale\" content=\"vi_VN\" \/>\n<meta property=\"og:type\" content=\"article\" \/>\n<meta property=\"og:title\" content=\"Gifts of Stock\" \/>\n<meta property=\"og:url\" content=\"https:\/\/www.commoncause.org\/vi\/quyen-tang\/qua-tang-co-phieu\/\" \/>\n<meta property=\"og:site_name\" content=\"Common Cause\" \/>\n<meta property=\"article:publisher\" content=\"https:\/\/www.facebook.com\/CommonCause\" \/>\n<meta property=\"article:modified_time\" content=\"2025-12-17T20:40:07+00:00\" \/>\n<meta property=\"og:image\" content=\"https:\/\/www.commoncause.org\/wp-content\/uploads\/2024\/10\/CC-Share-Graphic-Main9.jpg\" \/>\n\t<meta property=\"og:image:width\" content=\"1200\" \/>\n\t<meta property=\"og:image:height\" content=\"630\" \/>\n\t<meta property=\"og:image:type\" content=\"image\/jpeg\" \/>\n<meta name=\"twitter:card\" content=\"summary_large_image\" \/>\n<meta name=\"twitter:site\" content=\"@CommonCause\" \/>\n<script type=\"application\/ld+json\" class=\"yoast-schema-graph\">{\"@context\":\"https:\/\/schema.org\",\"@graph\":[{\"@type\":\"WebPage\",\"@id\":\"https:\/\/www.commoncause.org\/donate\/gifts-of-stock\/\",\"url\":\"https:\/\/www.commoncause.org\/donate\/gifts-of-stock\/\",\"name\":\"Gifts of Stock - Common Cause\",\"isPartOf\":{\"@id\":\"https:\/\/www.commoncause.org\/#website\"},\"datePublished\":\"2021-12-06T21:01:07+00:00\",\"dateModified\":\"2025-12-17T20:40:07+00:00\",\"breadcrumb\":{\"@id\":\"https:\/\/www.commoncause.org\/donate\/gifts-of-stock\/#breadcrumb\"},\"inLanguage\":\"vi\",\"potentialAction\":[{\"@type\":\"ReadAction\",\"target\":[\"https:\/\/www.commoncause.org\/donate\/gifts-of-stock\/\"]}]},{\"@type\":\"BreadcrumbList\",\"@id\":\"https:\/\/www.commoncause.org\/donate\/gifts-of-stock\/#breadcrumb\",\"itemListElement\":[{\"@type\":\"ListItem\",\"position\":1,\"name\":\"Home\",\"item\":\"https:\/\/www.commoncause.org\/\"},{\"@type\":\"ListItem\",\"position\":2,\"name\":\"Donate\",\"item\":\"https:\/\/www.commoncause.org\/donate\/\"},{\"@type\":\"ListItem\",\"position\":3,\"name\":\"Gifts of Stock\"}]},{\"@type\":\"WebSite\",\"@id\":\"https:\/\/www.commoncause.org\/#website\",\"url\":\"https:\/\/www.commoncause.org\/\",\"name\":\"Common Cause\",\"description\":\"\",\"publisher\":{\"@id\":\"https:\/\/www.commoncause.org\/#organization\"},\"potentialAction\":[{\"@type\":\"SearchAction\",\"target\":{\"@type\":\"EntryPoint\",\"urlTemplate\":\"https:\/\/www.commoncause.org\/?s={search_term_string}\"},\"query-input\":{\"@type\":\"PropertyValueSpecification\",\"valueRequired\":true,\"valueName\":\"search_term_string\"}}],\"inLanguage\":\"vi\"},{\"@type\":\"Organization\",\"@id\":\"https:\/\/www.commoncause.org\/#organization\",\"name\":\"Common Cause\",\"url\":\"https:\/\/www.commoncause.org\/\",\"logo\":{\"@type\":\"ImageObject\",\"inLanguage\":\"vi\",\"@id\":\"https:\/\/www.commoncause.org\/#\/schema\/logo\/image\/\",\"url\":\"https:\/\/www.commoncause.org\/wp-content\/uploads\/2024\/05\/Common-Cause-Logo.png\",\"contentUrl\":\"https:\/\/www.commoncause.org\/wp-content\/uploads\/2024\/05\/Common-Cause-Logo.png\",\"width\":2066,\"height\":331,\"caption\":\"Common Cause\"},\"image\":{\"@id\":\"https:\/\/www.commoncause.org\/#\/schema\/logo\/image\/\"},\"sameAs\":[\"https:\/\/www.facebook.com\/CommonCause\",\"https:\/\/x.com\/CommonCause\",\"https:\/\/www.instagram.com\/ourcommoncause\/\"]}]}<\/script>\n<!-- \/ Yoast SEO Premium plugin. -->","yoast_head_json":{"title":"Qu\u00e0 t\u1eb7ng c\u1ed5 phi\u1ebfu - M\u1ee5c \u0111\u00edch chung","robots":{"index":"index","follow":"follow","max-snippet":"max-snippet:-1","max-image-preview":"max-image-preview:large","max-video-preview":"max-video-preview:-1"},"canonical":"https:\/\/www.commoncause.org\/vi\/quyen-tang\/qua-tang-co-phieu\/","og_locale":"vi_VN","og_type":"article","og_title":"Gifts of Stock","og_url":"https:\/\/www.commoncause.org\/vi\/quyen-tang\/qua-tang-co-phieu\/","og_site_name":"Common Cause","article_publisher":"https:\/\/www.facebook.com\/CommonCause","article_modified_time":"2025-12-17T20:40:07+00:00","og_image":[{"width":1200,"height":630,"url":"https:\/\/www.commoncause.org\/wp-content\/uploads\/2024\/10\/CC-Share-Graphic-Main9.jpg","type":"image\/jpeg"}],"twitter_card":"summary_large_image","twitter_site":"@CommonCause","schema":{"@context":"https:\/\/schema.org","@graph":[{"@type":"WebPage","@id":"https:\/\/www.commoncause.org\/donate\/gifts-of-stock\/","url":"https:\/\/www.commoncause.org\/donate\/gifts-of-stock\/","name":"Qu\u00e0 t\u1eb7ng c\u1ed5 phi\u1ebfu - M\u1ee5c \u0111\u00edch chung","isPartOf":{"@id":"https:\/\/www.commoncause.org\/#website"},"datePublished":"2021-12-06T21:01:07+00:00","dateModified":"2025-12-17T20:40:07+00:00","breadcrumb":{"@id":"https:\/\/www.commoncause.org\/donate\/gifts-of-stock\/#breadcrumb"},"inLanguage":"vi","potentialAction":[{"@type":"ReadAction","target":["https:\/\/www.commoncause.org\/donate\/gifts-of-stock\/"]}]},{"@type":"BreadcrumbList","@id":"https:\/\/www.commoncause.org\/donate\/gifts-of-stock\/#breadcrumb","itemListElement":[{"@type":"ListItem","position":1,"name":"Home","item":"https:\/\/www.commoncause.org\/"},{"@type":"ListItem","position":2,"name":"Donate","item":"https:\/\/www.commoncause.org\/donate\/"},{"@type":"ListItem","position":3,"name":"Gifts of Stock"}]},{"@type":"WebSite","@id":"https:\/\/www.commoncause.org\/#website","url":"https:\/\/www.commoncause.org\/","name":"Nguy\u00ean nh\u00e2n ph\u1ed5 bi\u1ebfn","description":"","publisher":{"@id":"https:\/\/www.commoncause.org\/#organization"},"potentialAction":[{"@type":"SearchAction","target":{"@type":"EntryPoint","urlTemplate":"https:\/\/www.commoncause.org\/?s={search_term_string}"},"query-input":{"@type":"PropertyValueSpecification","valueRequired":true,"valueName":"search_term_string"}}],"inLanguage":"vi"},{"@type":"Organization","@id":"https:\/\/www.commoncause.org\/#organization","name":"Nguy\u00ean nh\u00e2n ph\u1ed5 bi\u1ebfn","url":"https:\/\/www.commoncause.org\/","logo":{"@type":"ImageObject","inLanguage":"vi","@id":"https:\/\/www.commoncause.org\/#\/schema\/logo\/image\/","url":"https:\/\/www.commoncause.org\/wp-content\/uploads\/2024\/05\/Common-Cause-Logo.png","contentUrl":"https:\/\/www.commoncause.org\/wp-content\/uploads\/2024\/05\/Common-Cause-Logo.png","width":2066,"height":331,"caption":"Common Cause"},"image":{"@id":"https:\/\/www.commoncause.org\/#\/schema\/logo\/image\/"},"sameAs":["https:\/\/www.facebook.com\/CommonCause","https:\/\/x.com\/CommonCause","https:\/\/www.instagram.com\/ourcommoncause\/"]}]}},"distributor_meta":false,"distributor_terms":false,"distributor_media":false,"distributor_original_site_name":"Common Cause","distributor_original_site_url":"https:\/\/www.commoncause.org\/vi","push-errors":false,"_links":{"self":[{"href":"https:\/\/www.commoncause.org\/vi\/wp-json\/wp\/v2\/pages\/13997","targetHints":{"allow":["GET"]}}],"collection":[{"href":"https:\/\/www.commoncause.org\/vi\/wp-json\/wp\/v2\/pages"}],"about":[{"href":"https:\/\/www.commoncause.org\/vi\/wp-json\/wp\/v2\/types\/page"}],"author":[{"embeddable":true,"href":"https:\/\/www.commoncause.org\/vi\/wp-json\/wp\/v2\/users\/35"}],"replies":[{"embeddable":true,"href":"https:\/\/www.commoncause.org\/vi\/wp-json\/wp\/v2\/comments?post=13997"}],"version-history":[{"count":10,"href":"https:\/\/www.commoncause.org\/vi\/wp-json\/wp\/v2\/pages\/13997\/revisions"}],"predecessor-version":[{"id":53133,"href":"https:\/\/www.commoncause.org\/vi\/wp-json\/wp\/v2\/pages\/13997\/revisions\/53133"}],"up":[{"embeddable":true,"href":"https:\/\/www.commoncause.org\/vi\/wp-json\/wp\/v2\/pages\/1284"}],"wp:attachment":[{"href":"https:\/\/www.commoncause.org\/vi\/wp-json\/wp\/v2\/media?parent=13997"}],"curies":[{"name":"wp","href":"https:\/\/api.w.org\/{rel}","templated":true}]}}