{"id":13992,"date":"2019-11-05T10:55:10","date_gmt":"2019-11-05T15:55:10","guid":{"rendered":"https:\/\/www.commoncause.org\/estate-planning\/"},"modified":"2024-06-18T16:16:03","modified_gmt":"2024-06-18T20:16:03","slug":"lap-ke-hoach-bat-dong-san","status":"publish","type":"page","link":"https:\/\/www.commoncause.org\/vi\/donate\/estate-planning\/","title":{"rendered":"H\u1ed7 tr\u1ee3 m\u1ee5c \u0111\u00edch chung trong di ch\u00fac c\u1ee7a b\u1ea1n"},"content":{"rendered":"","protected":false},"excerpt":{"rendered":"","protected":false},"author":35,"featured_media":0,"parent":1284,"menu_order":0,"comment_status":"closed","ping_status":"closed","template":"","meta":{"_acf_changed":false,"_relevanssi_hide_post":"","_relevanssi_hide_content":"","_relevanssi_pin_for_all":"","_relevanssi_pin_keywords":"","_relevanssi_unpin_keywords":"","_relevanssi_related_keywords":"","_relevanssi_related_include_ids":"","_relevanssi_related_exclude_ids":"","_relevanssi_related_no_append":"","_relevanssi_related_not_related":"","_relevanssi_related_posts":"","_relevanssi_noindex_reason":""},"class_list":["post-13992","page","type-page","status-publish","hentry"],"acf":{"header":{"component_page_header":{"header_type":"default","title":"K\u1ebf ho\u1ea1ch b\u1ea5t \u0111\u1ed9ng s\u1ea3n","lead":"Common Cause is honored to be considered for remembrance in your estate plans.","image":"","subnavigation":false}},"sidebar":{"helper_enable_sidebar":false,"helper_media_contact":{"heading":"Media Contact","manually_enter_person":false,"person":"","name":"","role":"","phone":"","email":""},"helper_links_downloads":{"heading":"Links & Downloads","links":null}},"page_layout":[{"acf_fc_layout":"layout_wysiwyg","_acfe_flexible_toggle":"","component_wysiwyg":{"content":"<h2>Di ch\u00fac, T\u00e0i kho\u1ea3n h\u01b0u tr\u00ed v\u00e0 IRA<\/h2>\r\nCommon Cause r\u1ea5t vinh d\u1ef1 khi \u0111\u01b0\u1ee3c xem x\u00e9t \u0111\u1ec3 ghi nh\u1edb trong k\u1ebf ho\u1ea1ch di s\u1ea3n c\u1ee7a b\u1ea1n. C\u00f3 m\u1ed9t s\u1ed1 c\u00e1ch \u0111\u1ec3 t\u1eb7ng qu\u00e0 cho Common Cause m\u00e0 s\u1ebd t\u1ed3n t\u1ea1i l\u00e2u d\u00e0i sau khi b\u1ea1n qua \u0111\u1eddi, bao g\u1ed3m:\r\n<ul>\r\n \t<li><a href=\"#bequest\">\u0110\u1ec3 l\u1ea1i di ch\u00fac cho t\u1ed5 ch\u1ee9c Common Cause trong di ch\u00fac ho\u1eb7c \u1ee7y th\u00e1c c\u1ee7a b\u1ea1n.<\/a><\/li>\r\n \t<li><a href=\"https:\/\/www.commoncause.org\/vi\/retirement-funds-or-iras\/\">Ch\u1ec9 \u0111\u1ecbnh Nguy\u00ean nh\u00e2n chung l\u00e0 ng\u01b0\u1eddi th\u1ee5 h\u01b0\u1edfng c\u1ee7a t\u00e0i kho\u1ea3n h\u01b0u tr\u00ed ho\u1eb7c IRA<\/a><\/li>\r\n \t<li><a href=\"#life-insurance\">Ch\u1ec9 \u0111\u1ecbnh Nguy\u00ean nh\u00e2n chung l\u00e0 ng\u01b0\u1eddi th\u1ee5 h\u01b0\u1edfng h\u1ee3p \u0111\u1ed3ng b\u1ea3o hi\u1ec3m nh\u00e2n th\u1ecd<\/a><\/li>\r\n<\/ul>\r\nCh\u00fang t\u00f4i r\u1ea5t vui l\u00f2ng gi\u00fap b\u1ea1n c\u1ea5u tr\u00fac t\u00e0i s\u1ea3n c\u1ee7a m\u00ecnh \u0111\u1ec3 \u0111\u00e1p \u1ee9ng t\u1ed1t nh\u1ea5t c\u1ea3 m\u1ee5c ti\u00eau c\u00e1 nh\u00e2n v\u00e0 m\u1ee5c ti\u00eau t\u1eeb thi\u1ec7n c\u1ee7a b\u1ea1n. Nhi\u1ec1u k\u1ebf ho\u1ea1ch \u0111\u01b0\u1ee3c li\u1ec7t k\u00ea \u1edf tr\u00ean c\u00f3 th\u1ec3 mang l\u1ea1i l\u1ee3i th\u1ebf \u0111\u00e1ng k\u1ec3 v\u1ec1 thu\u1ebf v\u00e0 t\u00e0i ch\u00ednh.\r\n<blockquote>Common Cause Tax ID #: 52-6078441\r\nCommon Cause Education Fund Tax ID #: 31-1705370<\/blockquote>\r\nM\u1ed7i m\u00f3n qu\u00e0 tr\u00ean s\u1ebd gi\u00fap b\u1ea3o \u0111\u1ea3m n\u1ec1n d\u00e2n ch\u1ee7 cho th\u1ebf h\u1ec7 ti\u1ebfp theo v\u00e0 h\u01a1n th\u1ebf n\u1eefa. \u0110\u1ec3 bi\u1ebft th\u00eam th\u00f4ng tin v\u1ec1 vi\u1ec7c t\u1eb7ng qu\u00e0 theo k\u1ebf ho\u1ea1ch, vui l\u00f2ng li\u00ean h\u1ec7 v\u1edbi nh\u00f3m th\u00e0nh vi\u00ean t\u1ea1i <a class=\"ms-outlook-linkify\" href=\"mailto:giving@commoncause.org\">giving@commoncause.org<\/a>.\r\n\r\nWe\u2019ve partnered with FreeWill to make planned giving easier than ever. <a href=\"https:\/\/www.freewill.com\/commoncause?utm_source=partner&amp;utm_medium=donatepage&amp;utm_campaign=commoncause_website\"><strong>Nh\u1ea5p v\u00e0o \u0111\u00e2y<\/strong><\/a> to write a legal will for free and create your legacy with Common Cause.\r\n\r\nCommon Cause proudly holds a four-star rating (the highest possible) from <a href=\"https:\/\/www.charitynavigator.org\/index.cfm?bay=search.summary&amp;orgid=6539\" target=\"_blank\" rel=\"noopener\">Ng\u01b0\u1eddi d\u1eabn \u0111\u01b0\u1eddng t\u1eeb thi\u1ec7n.<\/a>\r\n\r\n<img class=\"size-full wp-image-20506 aligncenter\" src=\"https:\/\/www.commoncause.org\/wp-content\/uploads\/2024\/06\/120x60-300x150-1.jpg\" alt=\"\" width=\"300\" height=\"150\" \/>\r\n<h2 id=\"bequest\">\u0110\u1ec3 l\u1ea1i di ch\u00fac cho Qu\u1ef9 Gi\u00e1o d\u1ee5c v\u00ec m\u1ee5c \u0111\u00edch chung<\/h2>\r\n<div class=\"description\">\r\n\r\nM\u1ed9t c\u00e1ch \u0111\u01a1n gi\u1ea3n v\u00e0 hi\u1ec7u qu\u1ea3 \u0111\u1ec3 h\u1ed7 tr\u1ee3 Qu\u1ef9 Gi\u00e1o d\u1ee5c v\u00ec M\u1ee5c \u0111\u00edch Chung l\u00e0 l\u1eadp di ch\u00fac. B\u1eb1ng c\u00e1ch \u0111\u01b0a Qu\u1ef9 Gi\u00e1o d\u1ee5c v\u00ec M\u1ee5c \u0111\u00edch Chung v\u00e0o di ch\u00fac c\u1ee7a b\u1ea1n, b\u1ea1n s\u1ebd \u0111\u1ea3m b\u1ea3o r\u1eb1ng ch\u00fang t\u00f4i c\u00f3 \u0111\u1ee7 ngu\u1ed3n l\u1ef1c c\u1ea7n thi\u1ebft \u0111\u1ec3 l\u00e0m cho m\u1ed7i phi\u1ebfu b\u1ea7u c\u00f3 gi\u00e1 tr\u1ecb, m\u1ed7i nh\u00e0 l\u1eadp ph\u00e1p c\u00f3 tr\u00e1ch nhi\u1ec7m v\u00e0 m\u1ed7i lu\u1eadt c\u00f3 \u0111\u1ea1o \u0111\u1ee9c v\u00e0 c\u00f3 tr\u00e1ch nhi\u1ec7m. Sau khi b\u1ea1n qua \u0111\u1eddi, t\u00e0i s\u1ea3n m\u00e0 b\u1ea1n ch\u1ec9 \u0111\u1ecbnh s\u1ebd \u0111\u1ee7 \u0111i\u1ec1u ki\u1ec7n \u0111\u1ec3 kh\u1ea5u tr\u1eeb t\u1eeb thi\u1ec7n cho s\u1ed1 ti\u1ec1n di ch\u00fac c\u1ee7a b\u1ea1n.\r\n\r\n<strong>S\u1eb5n s\u00e0ng \u0111\u1ec3 b\u1eaft \u0111\u1ea7u ch\u01b0a? <\/strong>Ch\u00fang t\u00f4i \u0111\u00e3 h\u1ee3p t\u00e1c v\u1edbi FreeWill \u0111\u1ec3 gi\u00fap b\u1ea1n vi\u1ebft di ch\u00fac v\u00e0 t\u1ea1o di s\u1ea3n c\u1ee7a m\u00ecnh v\u1edbi Qu\u1ef9 Gi\u00e1o d\u1ee5c Nguy\u00ean nh\u00e2n Chung. C\u00f4ng c\u1ee5 tr\u1ef1c tuy\u1ebfn c\u1ee7a h\u1ecd gi\u00fap b\u1ea1n vi\u1ebft di ch\u00fac ho\u1eb7c \u1ee7y th\u00e1c h\u1ee3p ph\u00e1p nhanh ch\u00f3ng, d\u1ec5 d\u00e0ng v\u00e0 mi\u1ec5n ph\u00ed. C\u00f4ng c\u1ee5 n\u00e0y c\u0169ng gi\u00fap b\u1ea1n d\u1ec5 d\u00e0ng t\u1ea1o di ch\u00fac h\u1ed7 tr\u1ee3 Qu\u1ef9 Gi\u00e1o d\u1ee5c Nguy\u00ean nh\u00e2n Chung cho c\u00e1c th\u1ebf h\u1ec7 t\u01b0\u01a1ng lai. <a href=\"https:\/\/www.freewill.com\/commoncause?utm_source=partner&amp;utm_medium=donatepage&amp;utm_campaign=commoncause_website\"><strong>Nh\u1ea5p v\u00e0o \u0111\u00e2y \u0111\u1ec3 vi\u1ebft \u00fd ch\u00ed t\u1ef1 do c\u1ee7a b\u1ea1n.<\/strong><\/a>\r\n\r\nN\u1ebfu b\u1ea1n \u0111\u00e3 c\u00f3 di ch\u00fac, b\u1ea1n ch\u1ec9 c\u1ea7n th\u00eam ng\u00f4n ng\u1eef n\u00eau r\u00f5 vi\u1ec7c t\u1eb7ng cho theo m\u1ed9t trong nh\u1eefng c\u00e1ch sau:\r\n<ul>\r\n \t<li><strong data-redactor-tag=\"strong\">S\u1ed1 ti\u1ec1n c\u1ed1 \u0111\u1ecbnh:<\/strong> Ghi r\u00f5 s\u1ed1 ti\u1ec1n ho\u1eb7c t\u00e0i s\u1ea3n trong di ch\u00fac c\u1ee7a b\u1ea1n \u0111\u1ec3 quy\u00ean g\u00f3p cho t\u1ed5 ch\u1ee9c t\u1eeb thi\u1ec7n.<\/li>\r\n \t<li><strong data-redactor-tag=\"strong\">Ph\u1ea7n tr\u0103m:<\/strong> Ch\u1ec9 \u0111\u1ecbnh m\u1ed9t ph\u1ea7n tr\u0103m t\u00e0i s\u1ea3n c\u1ee7a b\u1ea1n \u0111\u1ec3 chuy\u1ec3n cho Common Cause. \u0110i\u1ec1u n\u00e0y cho ph\u00e9p quy m\u00f4 qu\u00e0 t\u1eb7ng c\u1ee7a b\u1ea1n thay \u0111\u1ed5i d\u1ef1a tr\u00ean nh\u1eefng thay \u0111\u1ed5i trong t\u00e0i s\u1ea3n c\u1ee7a b\u1ea1n.<\/li>\r\n \t<li><strong data-redactor-tag=\"strong\">D\u01b0:<\/strong> Vi\u1ec7c \u0111\u00f3ng g\u00f3p c\u1ee7a b\u1ea1n cho Common Cause \u0111\u01b0\u1ee3c th\u1ef1c hi\u1ec7n sau khi \u0111\u00e3 ph\u00e2n ph\u1ed1i cho gia \u0111\u00ecnh v\u00e0 b\u1ea1n b\u00e8 v\u00e0 thanh to\u00e1n t\u1ea5t c\u1ea3 c\u00e1c kho\u1ea3n n\u1ee3 v\u00e0 thu\u1ebf li\u00ean quan.<\/li>\r\n \t<li><strong data-redactor-tag=\"strong\">Ng\u1eabu nhi\u00ean:<\/strong> Nguy\u00ean nh\u00e2n chung \u0111\u01b0\u1ee3c ghi nh\u1edb l\u00e0 ng\u01b0\u1eddi th\u1ee5 h\u01b0\u1edfng d\u1ef1 ph\u00f2ng, trong tr\u01b0\u1eddng h\u1ee3p ng\u01b0\u1eddi th\u1ee5 h\u01b0\u1edfng ch\u00ednh c\u1ee7a b\u1ea1n qua \u0111\u1eddi tr\u01b0\u1edbc b\u1ea1n.<\/li>\r\n<\/ul>\r\n<strong data-redactor-tag=\"strong\">D\u01b0\u1edbi \u0111\u00e2y l\u00e0 m\u1eabu ng\u00f4n ng\u1eef b\u1ea1n c\u1ea7n cung c\u1ea5p cho lu\u1eadt s\u01b0 c\u1ee7a m\u00ecnh \u0111\u1ec3 ghi nh\u1edb Nguy\u00ean nh\u00e2n chung trong di ch\u00fac c\u1ee7a b\u1ea1n:<\/strong>\r\n\r\n\u201cI hereby bequeath ______ to Common Cause, a non-profit organization incorporated by the laws of the District of Columbia and having its principal office at 805 15th Street NW, Suite 800, Washington, DC 20005.\u201d\r\n\r\nBy notifying us of your intent to leave an estate gift, you automatically become members of the <strong>V\u00f2ng tr\u00f2n di s\u1ea3n John Gardner<\/strong>, our way of expressing our heartfelt appreciation to those who make a significant commitment to a government by and for all for our future generations.\r\n\r\nIn the meantime, if you have any questions about making an estate gift or need further details, please don\u2019t hesitate to contact our membership team at <a href=\"mailto:giving@commoncause.org\">giving@commoncause.org<\/a>.\r\n<h2>B\u1ea3o hi\u1ec3m nh\u00e2n th\u1ecd<\/h2>\r\nGiving an estate gift through your insurance policy is a great way to give significant support to an organization you love without interfering with your will\u2019s plans for your friends, family, and other loved ones. You can leave the entirety of the policy to Common Cause Education Fund, or designate a percentage. To include Common Cause Education Fund as a beneficiary of your insurance policy, simply complete a \u201cChange of Beneficiary\u201d form with your policy provider. You will likely need the following information to complete the form:\r\n\r\nCommon Cause\r\nAttn: Reggie Brewington\r\n805 15th Street NW, Suite 800\r\nWashington, DC 20005\r\nTax ID number 52-6078441\r\n\r\n<\/div>"}}]},"yoast_head":"<!-- This site is optimized with the Yoast SEO Premium plugin v26.6 (Yoast SEO v27.1.1) - https:\/\/yoast.com\/product\/yoast-seo-premium-wordpress\/ -->\n<title>Support Common Cause In Your Will - Common Cause<\/title>\n<meta name=\"robots\" content=\"index, follow, max-snippet:-1, max-image-preview:large, max-video-preview:-1\" \/>\n<link rel=\"canonical\" href=\"https:\/\/www.commoncause.org\/vi\/quyen-tang\/lap-ke-hoach-bat-dong-san\/\" \/>\n<meta property=\"og:locale\" content=\"vi_VN\" \/>\n<meta property=\"og:type\" content=\"article\" \/>\n<meta property=\"og:title\" content=\"Support Common Cause In Your Will\" \/>\n<meta property=\"og:url\" content=\"https:\/\/www.commoncause.org\/vi\/quyen-tang\/lap-ke-hoach-bat-dong-san\/\" \/>\n<meta property=\"og:site_name\" content=\"Common Cause\" \/>\n<meta property=\"article:publisher\" content=\"https:\/\/www.facebook.com\/CommonCause\" \/>\n<meta property=\"article:modified_time\" content=\"2024-06-18T20:16:03+00:00\" \/>\n<meta property=\"og:image\" content=\"https:\/\/www.commoncause.org\/wp-content\/uploads\/2024\/10\/CC-Share-Graphic-Main9.jpg\" \/>\n\t<meta property=\"og:image:width\" content=\"1200\" \/>\n\t<meta property=\"og:image:height\" content=\"630\" \/>\n\t<meta property=\"og:image:type\" content=\"image\/jpeg\" \/>\n<meta name=\"twitter:card\" content=\"summary_large_image\" \/>\n<meta name=\"twitter:site\" content=\"@CommonCause\" \/>\n<script type=\"application\/ld+json\" class=\"yoast-schema-graph\">{\"@context\":\"https:\/\/schema.org\",\"@graph\":[{\"@type\":\"WebPage\",\"@id\":\"https:\/\/www.commoncause.org\/donate\/estate-planning\/\",\"url\":\"https:\/\/www.commoncause.org\/donate\/estate-planning\/\",\"name\":\"Support Common Cause In Your Will - Common Cause\",\"isPartOf\":{\"@id\":\"https:\/\/www.commoncause.org\/#website\"},\"datePublished\":\"2019-11-05T15:55:10+00:00\",\"dateModified\":\"2024-06-18T20:16:03+00:00\",\"breadcrumb\":{\"@id\":\"https:\/\/www.commoncause.org\/donate\/estate-planning\/#breadcrumb\"},\"inLanguage\":\"vi\",\"potentialAction\":[{\"@type\":\"ReadAction\",\"target\":[\"https:\/\/www.commoncause.org\/donate\/estate-planning\/\"]}]},{\"@type\":\"BreadcrumbList\",\"@id\":\"https:\/\/www.commoncause.org\/donate\/estate-planning\/#breadcrumb\",\"itemListElement\":[{\"@type\":\"ListItem\",\"position\":1,\"name\":\"Home\",\"item\":\"https:\/\/www.commoncause.org\/\"},{\"@type\":\"ListItem\",\"position\":2,\"name\":\"Donate\",\"item\":\"https:\/\/www.commoncause.org\/donate\/\"},{\"@type\":\"ListItem\",\"position\":3,\"name\":\"Support Common Cause In Your Will\"}]},{\"@type\":\"WebSite\",\"@id\":\"https:\/\/www.commoncause.org\/#website\",\"url\":\"https:\/\/www.commoncause.org\/\",\"name\":\"Common Cause\",\"description\":\"\",\"publisher\":{\"@id\":\"https:\/\/www.commoncause.org\/#organization\"},\"potentialAction\":[{\"@type\":\"SearchAction\",\"target\":{\"@type\":\"EntryPoint\",\"urlTemplate\":\"https:\/\/www.commoncause.org\/?s={search_term_string}\"},\"query-input\":{\"@type\":\"PropertyValueSpecification\",\"valueRequired\":true,\"valueName\":\"search_term_string\"}}],\"inLanguage\":\"vi\"},{\"@type\":\"Organization\",\"@id\":\"https:\/\/www.commoncause.org\/#organization\",\"name\":\"Common Cause\",\"url\":\"https:\/\/www.commoncause.org\/\",\"logo\":{\"@type\":\"ImageObject\",\"inLanguage\":\"vi\",\"@id\":\"https:\/\/www.commoncause.org\/#\/schema\/logo\/image\/\",\"url\":\"https:\/\/www.commoncause.org\/wp-content\/uploads\/2024\/05\/Common-Cause-Logo.png\",\"contentUrl\":\"https:\/\/www.commoncause.org\/wp-content\/uploads\/2024\/05\/Common-Cause-Logo.png\",\"width\":2066,\"height\":331,\"caption\":\"Common Cause\"},\"image\":{\"@id\":\"https:\/\/www.commoncause.org\/#\/schema\/logo\/image\/\"},\"sameAs\":[\"https:\/\/www.facebook.com\/CommonCause\",\"https:\/\/x.com\/CommonCause\",\"https:\/\/www.instagram.com\/ourcommoncause\/\"]}]}<\/script>\n<!-- \/ Yoast SEO Premium plugin. -->","yoast_head_json":{"title":"H\u1ed7 tr\u1ee3 Nguy\u00ean nh\u00e2n chung trong Di ch\u00fac c\u1ee7a b\u1ea1n - Nguy\u00ean nh\u00e2n chung","robots":{"index":"index","follow":"follow","max-snippet":"max-snippet:-1","max-image-preview":"max-image-preview:large","max-video-preview":"max-video-preview:-1"},"canonical":"https:\/\/www.commoncause.org\/vi\/quyen-tang\/lap-ke-hoach-bat-dong-san\/","og_locale":"vi_VN","og_type":"article","og_title":"Support Common Cause In Your Will","og_url":"https:\/\/www.commoncause.org\/vi\/quyen-tang\/lap-ke-hoach-bat-dong-san\/","og_site_name":"Common Cause","article_publisher":"https:\/\/www.facebook.com\/CommonCause","article_modified_time":"2024-06-18T20:16:03+00:00","og_image":[{"width":1200,"height":630,"url":"https:\/\/www.commoncause.org\/wp-content\/uploads\/2024\/10\/CC-Share-Graphic-Main9.jpg","type":"image\/jpeg"}],"twitter_card":"summary_large_image","twitter_site":"@CommonCause","schema":{"@context":"https:\/\/schema.org","@graph":[{"@type":"WebPage","@id":"https:\/\/www.commoncause.org\/donate\/estate-planning\/","url":"https:\/\/www.commoncause.org\/donate\/estate-planning\/","name":"H\u1ed7 tr\u1ee3 Nguy\u00ean nh\u00e2n chung trong Di ch\u00fac c\u1ee7a b\u1ea1n - Nguy\u00ean nh\u00e2n chung","isPartOf":{"@id":"https:\/\/www.commoncause.org\/#website"},"datePublished":"2019-11-05T15:55:10+00:00","dateModified":"2024-06-18T20:16:03+00:00","breadcrumb":{"@id":"https:\/\/www.commoncause.org\/donate\/estate-planning\/#breadcrumb"},"inLanguage":"vi","potentialAction":[{"@type":"ReadAction","target":["https:\/\/www.commoncause.org\/donate\/estate-planning\/"]}]},{"@type":"BreadcrumbList","@id":"https:\/\/www.commoncause.org\/donate\/estate-planning\/#breadcrumb","itemListElement":[{"@type":"ListItem","position":1,"name":"Home","item":"https:\/\/www.commoncause.org\/"},{"@type":"ListItem","position":2,"name":"Donate","item":"https:\/\/www.commoncause.org\/donate\/"},{"@type":"ListItem","position":3,"name":"Support Common Cause In Your Will"}]},{"@type":"WebSite","@id":"https:\/\/www.commoncause.org\/#website","url":"https:\/\/www.commoncause.org\/","name":"Nguy\u00ean nh\u00e2n ph\u1ed5 bi\u1ebfn","description":"","publisher":{"@id":"https:\/\/www.commoncause.org\/#organization"},"potentialAction":[{"@type":"SearchAction","target":{"@type":"EntryPoint","urlTemplate":"https:\/\/www.commoncause.org\/?s={search_term_string}"},"query-input":{"@type":"PropertyValueSpecification","valueRequired":true,"valueName":"search_term_string"}}],"inLanguage":"vi"},{"@type":"Organization","@id":"https:\/\/www.commoncause.org\/#organization","name":"Nguy\u00ean nh\u00e2n ph\u1ed5 bi\u1ebfn","url":"https:\/\/www.commoncause.org\/","logo":{"@type":"ImageObject","inLanguage":"vi","@id":"https:\/\/www.commoncause.org\/#\/schema\/logo\/image\/","url":"https:\/\/www.commoncause.org\/wp-content\/uploads\/2024\/05\/Common-Cause-Logo.png","contentUrl":"https:\/\/www.commoncause.org\/wp-content\/uploads\/2024\/05\/Common-Cause-Logo.png","width":2066,"height":331,"caption":"Common Cause"},"image":{"@id":"https:\/\/www.commoncause.org\/#\/schema\/logo\/image\/"},"sameAs":["https:\/\/www.facebook.com\/CommonCause","https:\/\/x.com\/CommonCause","https:\/\/www.instagram.com\/ourcommoncause\/"]}]}},"distributor_meta":false,"distributor_terms":false,"distributor_media":false,"distributor_original_site_name":"Common Cause","distributor_original_site_url":"https:\/\/www.commoncause.org\/vi","push-errors":false,"_links":{"self":[{"href":"https:\/\/www.commoncause.org\/vi\/wp-json\/wp\/v2\/pages\/13992","targetHints":{"allow":["GET"]}}],"collection":[{"href":"https:\/\/www.commoncause.org\/vi\/wp-json\/wp\/v2\/pages"}],"about":[{"href":"https:\/\/www.commoncause.org\/vi\/wp-json\/wp\/v2\/types\/page"}],"author":[{"embeddable":true,"href":"https:\/\/www.commoncause.org\/vi\/wp-json\/wp\/v2\/users\/35"}],"replies":[{"embeddable":true,"href":"https:\/\/www.commoncause.org\/vi\/wp-json\/wp\/v2\/comments?post=13992"}],"version-history":[{"count":4,"href":"https:\/\/www.commoncause.org\/vi\/wp-json\/wp\/v2\/pages\/13992\/revisions"}],"predecessor-version":[{"id":20508,"href":"https:\/\/www.commoncause.org\/vi\/wp-json\/wp\/v2\/pages\/13992\/revisions\/20508"}],"up":[{"embeddable":true,"href":"https:\/\/www.commoncause.org\/vi\/wp-json\/wp\/v2\/pages\/1284"}],"wp:attachment":[{"href":"https:\/\/www.commoncause.org\/vi\/wp-json\/wp\/v2\/media?parent=13992"}],"curies":[{"name":"wp","href":"https:\/\/api.w.org\/{rel}","templated":true}]}}