{"id":13985,"date":"2018-05-15T11:06:49","date_gmt":"2018-05-15T11:06:49","guid":{"rendered":"https:\/\/www.commoncause.org\/financials\/"},"modified":"2024-07-31T15:44:28","modified_gmt":"2024-07-31T19:44:28","slug":"tai-chinh","status":"publish","type":"page","link":"https:\/\/www.commoncause.org\/vi\/financials\/","title":{"rendered":"T\u00e0i ch\u00ednh"},"content":{"rendered":"","protected":false},"excerpt":{"rendered":"","protected":false},"author":41,"featured_media":0,"parent":0,"menu_order":0,"comment_status":"closed","ping_status":"closed","template":"","meta":{"_acf_changed":false,"_relevanssi_hide_post":"","_relevanssi_hide_content":"","_relevanssi_pin_for_all":"","_relevanssi_pin_keywords":"","_relevanssi_unpin_keywords":"","_relevanssi_related_keywords":"","_relevanssi_related_include_ids":"","_relevanssi_related_exclude_ids":"","_relevanssi_related_no_append":"","_relevanssi_related_not_related":"","_relevanssi_related_posts":"","_relevanssi_noindex_reason":""},"class_list":["post-13985","page","type-page","status-publish","hentry"],"acf":{"header":{"component_page_header":{"header_type":"default","title":"","lead":"","image":"","subnavigation":false}},"sidebar":{"helper_enable_sidebar":false,"helper_media_contact":{"heading":"Media Contact","manually_enter_person":false,"person":"","name":"","role":"","phone":"","email":""},"helper_links_downloads":{"heading":"Links & Downloads","links":null}},"page_layout":[{"acf_fc_layout":"layout_wysiwyg","_acfe_flexible_toggle":"","component_wysiwyg":{"content":"<h2>Financials and 990's for Common Cause<\/h2>Common Cause l\u00e0 m\u1ed9t t\u1ed5 ch\u1ee9c phi l\u1ee3i nhu\u1eadn phi \u0111\u1ea3ng ph\u00e1i 501(c)(4) \u0111\u01b0\u1ee3c t\u00e0i tr\u1ee3 b\u1edfi s\u1ef1 k\u1ebft h\u1ee3p gi\u1eefa c\u00e1c kho\u1ea3n \u0111\u00f3ng g\u00f3p c\u1ee7a c\u00e1 nh\u00e2n v\u00e0 c\u00e1c kho\u1ea3n t\u00e0i tr\u1ee3 c\u1ee7a qu\u1ef9. Ch\u00fang t\u00f4i cam k\u1ebft minh b\u1ea1ch v\u00e0 c\u00f3 tr\u00e1ch nhi\u1ec7m gi\u1ea3i tr\u00ecnh, v\u00e0 khuy\u1ebfn kh\u00edch b\u1ea1n kh\u00e1m ph\u00e1 c\u00e1c b\u00e1o c\u00e1o t\u00e0i ch\u00ednh v\u00e0 990 c\u1ee7a ch\u00fang t\u00f4i cho Common Cause, b\u00ean d\u01b0\u1edbi, v\u00e0 Qu\u1ef9 gi\u00e1o d\u1ee5c Common Cause, t\u1ed5 ch\u1ee9c ch\u1ecb em 501(c)(3) c\u1ee7a ch\u00fang t\u00f4i t\u1ea1i <a href=\"http:\/\/www.commoncause.org\/vi\/quy-giao-duc-3\/\" target=\"_blank\" rel=\"noopener\">commoncause.org\/qu\u1ef9-gi\u00e1o-d\u1ee5c\/.<\/a>\r\n\r\nXem c\u1ee7a ch\u00fang t\u00f4i <a href=\"https:\/\/www.commoncause.org\/vi\/chinh-sach-minh-bach-cua-nha-tai-tro\/\">Ch\u00ednh s\u00e1ch minh b\u1ea1ch c\u1ee7a nh\u00e0 t\u00e0i tr\u1ee3<\/a>.\r\n\r\nIn addition to the links below, you can view <a href=\"http:\/\/www.commoncause.org\/vi\/quy-giao-duc-3\/ve-chung-toi\/tai-chinh\/\" target=\"_blank\" rel=\"noopener\">financials and 990's for Common Cause Education Fund<\/a>, t\u1ed5 ch\u1ee9c 501(c)(3) li\u00ean k\u1ebft c\u1ee7a ch\u00fang t\u00f4i."}},{"acf_fc_layout":"layout_wysiwyg","_acfe_flexible_toggle":"","component_wysiwyg":{"content":"<ul>\r\n \t<li><a href=\"https:\/\/www.commoncause.org\/wp-content\/uploads\/2024\/06\/CCAUSE-2023-06-Tax-Form-990-Public-Discolure-Copy.pdf\">M\u1eabu IRS 990 cho Nguy\u00ean nh\u00e2n chung n\u0103m 2023<\/a><\/li>\r\n \t<li><a href=\"https:\/\/www.commoncause.org\/wp-content\/uploads\/2024\/06\/253615-Common-Cause-AUD-623-Final-FS.pdf\">B\u00e1o c\u00e1o t\u00e0i ch\u00ednh h\u1ee3p nh\u1ea5t n\u0103m 2023 v\u00e0 th\u00f4ng tin b\u1ed5 sung<\/a><\/li>\r\n \t<li><a href=\"https:\/\/www.commoncause.org\/wp-content\/uploads\/2024\/06\/CCEF-2023-06-Tax-Form-990-Public-Disclosure-Copy.pdf\">Qu\u1ef9 Gi\u00e1o d\u1ee5c v\u00ec M\u1ee5c \u0111\u00edch Chung n\u0103m 2023 Bi\u1ec3u m\u1eabu IRS 990<\/a><\/li>\r\n<\/ul>\r\n\r\n<hr \/>\r\n\r\n<ul>\r\n \t<li><a href=\"https:\/\/www.commoncause.org\/wp-content\/uploads\/2023\/04\/CCAUSE-2022-06-Tax-Return-Public-Disclosure-Copy.pdf\">M\u1eabu IRS 990 cho Nguy\u00ean nh\u00e2n chung n\u0103m 2022<\/a><\/li>\r\n \t<li><a href=\"https:\/\/www.commoncause.org\/wp-content\/uploads\/2023\/04\/Common-Cause-2022-06-AUDIT-Final-FS.pdf\">B\u00e1o c\u00e1o t\u00e0i ch\u00ednh h\u1ee3p nh\u1ea5t n\u0103m 2022 v\u00e0 th\u00f4ng tin b\u1ed5 sung<\/a><\/li>\r\n \t<li><a href=\"https:\/\/www.commoncause.org\/wp-content\/uploads\/2023\/07\/CC_CCEF_FY22_AnnualReport.pdf\">B\u00e1o c\u00e1o th\u01b0\u1eddng ni\u00ean v\u1ec1 m\u1ee5c \u0111\u00edch chung n\u0103m 2022<\/a><\/li>\r\n<\/ul>\r\n\r\n<hr \/>\r\n\r\n<ul>\r\n \t<li><a href=\"https:\/\/www.commoncause.org\/wp-content\/uploads\/2022\/04\/R.990.02-CCAUSE-2020-990-PUBLIC-INSPECTION-COPY-LWH-signed.pdf\">M\u1eabu IRS 990 cho Nguy\u00ean nh\u00e2n chung n\u0103m 2021<\/a><\/li>\r\n \t<li><a href=\"https:\/\/www.commoncause.org\/wp-content\/uploads\/2022\/04\/Common-Cause-FY2021-Audited-Financial-Statements-Final.pdf\">B\u00e1o c\u00e1o t\u00e0i ch\u00ednh h\u1ee3p nh\u1ea5t \u0111\u00e3 ki\u1ec3m to\u00e1n n\u0103m t\u00e0i ch\u00ednh 2021<\/a><\/li>\r\n<\/ul>\r\n\r\n<hr \/>\r\n\r\n<ul>\r\n \t<li><a href=\"https:\/\/www.commoncause.org\/wp-content\/uploads\/2020\/03\/CCAUSE-2018-990-PUBLIC-INSPECTION-COPY.pdf\">M\u1eabu IRS 990 cho Nguy\u00ean nh\u00e2n chung n\u0103m 2019<\/a><\/li>\r\n<\/ul>\r\n<ul>\r\n \t<li><a href=\"https:\/\/www.commoncause.org\/wp-content\/uploads\/2020\/11\/CCAUSE-2019-990-PUBLIC-INSPECTION-COPY-LWH-signed.pdf\">M\u1eabu IRS 990 cho Nguy\u00ean nh\u00e2n chung n\u0103m 2020<\/a><\/li>\r\n \t<li><a href=\"https:\/\/www.commoncause.org\/wp-content\/uploads\/2021\/03\/Common-Cause-and-Affiliate_20-FS_Final.pdf\">B\u00e1o c\u00e1o t\u00e0i ch\u00ednh h\u1ee3p nh\u1ea5t \u0111\u00e3 ki\u1ec3m to\u00e1n n\u0103m t\u00e0i ch\u00ednh 2020<\/a><\/li>\r\n<\/ul>\r\n\r\n<hr \/>\r\n\r\n<ul>\r\n \t<li><a href=\"https:\/\/www.commoncause.org\/wp-content\/uploads\/2020\/03\/CCAUSE-2018-990-PUBLIC-INSPECTION-COPY.pdf\">M\u1eabu IRS 990 cho Nguy\u00ean nh\u00e2n chung n\u0103m 2019<\/a><\/li>\r\n \t<li><a href=\"https:\/\/www.commoncause.org\/wp-content\/uploads\/2020\/03\/Common-Cause-2019-Audited-Financial-Statements.pdf\">B\u00e1o c\u00e1o t\u00e0i ch\u00ednh \u0111\u00e3 ki\u1ec3m to\u00e1n n\u0103m 2019 c\u1ee7a Common Cause<\/a><\/li>\r\n<\/ul>\r\n\r\n<hr \/>\r\n\r\n<ul>\r\n \t<li><a href=\"https:\/\/www.commoncause.org\/wp-content\/uploads\/2018\/10\/CC-2017-990-PUBLIC-INSPECTION-COPY-LWH-signed.pdf\">M\u1eabu IRS 990 cho Nguy\u00ean nh\u00e2n chung n\u0103m 2018<\/a><\/li>\r\n \t<li><a href=\"https:\/\/www.commoncause.org\/wp-content\/uploads\/2018\/10\/Common-Cause-2018-Audited-Financial-Statements.pdf\">B\u00e1o c\u00e1o t\u00e0i ch\u00ednh h\u1ee3p nh\u1ea5t \u0111\u00e3 ki\u1ec3m to\u00e1n n\u0103m t\u00e0i ch\u00ednh 2018<\/a><\/li>\r\n<\/ul>\r\n\r\n<hr \/>\r\n\r\n<ul>\r\n \t<li><a href=\"https:\/\/www.commoncause.org\/wp-content\/uploads\/2018\/05\/2017-common-cause-990.pdf\" target=\"_blank\" rel=\"noopener\">M\u1eabu IRS 990 cho Nguy\u00ean nh\u00e2n chung n\u0103m 2017<\/a><\/li>\r\n \t<li><a href=\"\/education-fund\/wp-content\/uploads\/sites\/30\/2018\/03\/fiscal-year-2017-financial.pdf\">B\u00e1o c\u00e1o t\u00e0i ch\u00ednh h\u1ee3p nh\u1ea5t \u0111\u00e3 ki\u1ec3m to\u00e1n n\u0103m t\u00e0i ch\u00ednh 2017<\/a><\/li>\r\n<\/ul>\r\n&nbsp;\r\n\r\n<hr \/>\r\n\r\n<ul>\r\n \t<li><a href=\"https:\/\/www.commoncause.org\/wp-content\/uploads\/2018\/05\/2016-990-statement-common-1.pdf\" target=\"_blank\" rel=\"noopener\">M\u1eabu IRS 990 cho Nguy\u00ean nh\u00e2n chung n\u0103m 2016<\/a><\/li>\r\n \t<li><a href=\"\/education-fund\/wp-content\/uploads\/sites\/30\/2018\/03\/common-cause-2016-final.pdf\">B\u00e1o c\u00e1o t\u00e0i ch\u00ednh h\u1ee3p nh\u1ea5t \u0111\u00e3 ki\u1ec3m to\u00e1n n\u0103m t\u00e0i ch\u00ednh 2016<\/a><\/li>\r\n<\/ul>\r\n&nbsp;\r\n\r\n<hr \/>\r\n\r\n<ul>\r\n \t<li><a href=\"https:\/\/www.commoncause.org\/wp-content\/uploads\/2018\/05\/common-cause-990-fy2015.pdf\" target=\"_blank\" rel=\"noopener\">M\u1eabu IRS 990 cho Nguy\u00ean nh\u00e2n chung n\u0103m 2015<\/a><\/li>\r\n \t<li><a href=\"\/education-fund\/wp-content\/uploads\/sites\/30\/2018\/03\/common-cause-fiscal-year-2015.pdf\">B\u00e1o c\u00e1o t\u00e0i ch\u00ednh h\u1ee3p nh\u1ea5t \u0111\u00e3 ki\u1ec3m to\u00e1n n\u0103m t\u00e0i ch\u00ednh 2015<\/a><\/li>\r\n<\/ul>\r\n&nbsp;"}}]},"yoast_head":"<!-- This site is optimized with the Yoast SEO Premium plugin v26.6 (Yoast SEO v27.1.1) - https:\/\/yoast.com\/product\/yoast-seo-premium-wordpress\/ -->\n<title>Financials - Common Cause<\/title>\n<meta name=\"robots\" content=\"index, follow, max-snippet:-1, max-image-preview:large, max-video-preview:-1\" \/>\n<link rel=\"canonical\" href=\"https:\/\/www.commoncause.org\/vi\/tai-chinh\/\" \/>\n<meta property=\"og:locale\" content=\"vi_VN\" \/>\n<meta property=\"og:type\" content=\"article\" \/>\n<meta property=\"og:title\" content=\"Financials\" \/>\n<meta property=\"og:url\" content=\"https:\/\/www.commoncause.org\/vi\/tai-chinh\/\" \/>\n<meta property=\"og:site_name\" content=\"Common Cause\" \/>\n<meta property=\"article:publisher\" content=\"https:\/\/www.facebook.com\/CommonCause\" \/>\n<meta property=\"article:modified_time\" content=\"2024-07-31T19:44:28+00:00\" \/>\n<meta property=\"og:image\" content=\"https:\/\/www.commoncause.org\/wp-content\/uploads\/2024\/10\/CC-Share-Graphic-Main9.jpg\" \/>\n\t<meta property=\"og:image:width\" content=\"1200\" \/>\n\t<meta property=\"og:image:height\" content=\"630\" \/>\n\t<meta property=\"og:image:type\" content=\"image\/jpeg\" \/>\n<meta name=\"twitter:card\" content=\"summary_large_image\" \/>\n<meta name=\"twitter:site\" content=\"@CommonCause\" \/>\n<script type=\"application\/ld+json\" class=\"yoast-schema-graph\">{\"@context\":\"https:\/\/schema.org\",\"@graph\":[{\"@type\":\"WebPage\",\"@id\":\"https:\/\/www.commoncause.org\/financials\/\",\"url\":\"https:\/\/www.commoncause.org\/financials\/\",\"name\":\"Financials - Common Cause\",\"isPartOf\":{\"@id\":\"https:\/\/www.commoncause.org\/#website\"},\"datePublished\":\"2018-05-15T11:06:49+00:00\",\"dateModified\":\"2024-07-31T19:44:28+00:00\",\"breadcrumb\":{\"@id\":\"https:\/\/www.commoncause.org\/financials\/#breadcrumb\"},\"inLanguage\":\"vi\",\"potentialAction\":[{\"@type\":\"ReadAction\",\"target\":[\"https:\/\/www.commoncause.org\/financials\/\"]}]},{\"@type\":\"BreadcrumbList\",\"@id\":\"https:\/\/www.commoncause.org\/financials\/#breadcrumb\",\"itemListElement\":[{\"@type\":\"ListItem\",\"position\":1,\"name\":\"Home\",\"item\":\"https:\/\/www.commoncause.org\/\"},{\"@type\":\"ListItem\",\"position\":2,\"name\":\"Financials\"}]},{\"@type\":\"WebSite\",\"@id\":\"https:\/\/www.commoncause.org\/#website\",\"url\":\"https:\/\/www.commoncause.org\/\",\"name\":\"Common Cause\",\"description\":\"\",\"publisher\":{\"@id\":\"https:\/\/www.commoncause.org\/#organization\"},\"potentialAction\":[{\"@type\":\"SearchAction\",\"target\":{\"@type\":\"EntryPoint\",\"urlTemplate\":\"https:\/\/www.commoncause.org\/?s={search_term_string}\"},\"query-input\":{\"@type\":\"PropertyValueSpecification\",\"valueRequired\":true,\"valueName\":\"search_term_string\"}}],\"inLanguage\":\"vi\"},{\"@type\":\"Organization\",\"@id\":\"https:\/\/www.commoncause.org\/#organization\",\"name\":\"Common Cause\",\"url\":\"https:\/\/www.commoncause.org\/\",\"logo\":{\"@type\":\"ImageObject\",\"inLanguage\":\"vi\",\"@id\":\"https:\/\/www.commoncause.org\/#\/schema\/logo\/image\/\",\"url\":\"https:\/\/www.commoncause.org\/wp-content\/uploads\/2024\/05\/Common-Cause-Logo.png\",\"contentUrl\":\"https:\/\/www.commoncause.org\/wp-content\/uploads\/2024\/05\/Common-Cause-Logo.png\",\"width\":2066,\"height\":331,\"caption\":\"Common Cause\"},\"image\":{\"@id\":\"https:\/\/www.commoncause.org\/#\/schema\/logo\/image\/\"},\"sameAs\":[\"https:\/\/www.facebook.com\/CommonCause\",\"https:\/\/x.com\/CommonCause\",\"https:\/\/www.instagram.com\/ourcommoncause\/\"]}]}<\/script>\n<!-- \/ Yoast SEO Premium plugin. -->","yoast_head_json":{"title":"T\u00e0i ch\u00ednh - Nguy\u00ean nh\u00e2n chung","robots":{"index":"index","follow":"follow","max-snippet":"max-snippet:-1","max-image-preview":"max-image-preview:large","max-video-preview":"max-video-preview:-1"},"canonical":"https:\/\/www.commoncause.org\/vi\/tai-chinh\/","og_locale":"vi_VN","og_type":"article","og_title":"Financials","og_url":"https:\/\/www.commoncause.org\/vi\/tai-chinh\/","og_site_name":"Common Cause","article_publisher":"https:\/\/www.facebook.com\/CommonCause","article_modified_time":"2024-07-31T19:44:28+00:00","og_image":[{"width":1200,"height":630,"url":"https:\/\/www.commoncause.org\/wp-content\/uploads\/2024\/10\/CC-Share-Graphic-Main9.jpg","type":"image\/jpeg"}],"twitter_card":"summary_large_image","twitter_site":"@CommonCause","schema":{"@context":"https:\/\/schema.org","@graph":[{"@type":"WebPage","@id":"https:\/\/www.commoncause.org\/financials\/","url":"https:\/\/www.commoncause.org\/financials\/","name":"T\u00e0i ch\u00ednh - Nguy\u00ean nh\u00e2n chung","isPartOf":{"@id":"https:\/\/www.commoncause.org\/#website"},"datePublished":"2018-05-15T11:06:49+00:00","dateModified":"2024-07-31T19:44:28+00:00","breadcrumb":{"@id":"https:\/\/www.commoncause.org\/financials\/#breadcrumb"},"inLanguage":"vi","potentialAction":[{"@type":"ReadAction","target":["https:\/\/www.commoncause.org\/financials\/"]}]},{"@type":"BreadcrumbList","@id":"https:\/\/www.commoncause.org\/financials\/#breadcrumb","itemListElement":[{"@type":"ListItem","position":1,"name":"Home","item":"https:\/\/www.commoncause.org\/"},{"@type":"ListItem","position":2,"name":"Financials"}]},{"@type":"WebSite","@id":"https:\/\/www.commoncause.org\/#website","url":"https:\/\/www.commoncause.org\/","name":"Nguy\u00ean nh\u00e2n ph\u1ed5 bi\u1ebfn","description":"","publisher":{"@id":"https:\/\/www.commoncause.org\/#organization"},"potentialAction":[{"@type":"SearchAction","target":{"@type":"EntryPoint","urlTemplate":"https:\/\/www.commoncause.org\/?s={search_term_string}"},"query-input":{"@type":"PropertyValueSpecification","valueRequired":true,"valueName":"search_term_string"}}],"inLanguage":"vi"},{"@type":"Organization","@id":"https:\/\/www.commoncause.org\/#organization","name":"Nguy\u00ean nh\u00e2n ph\u1ed5 bi\u1ebfn","url":"https:\/\/www.commoncause.org\/","logo":{"@type":"ImageObject","inLanguage":"vi","@id":"https:\/\/www.commoncause.org\/#\/schema\/logo\/image\/","url":"https:\/\/www.commoncause.org\/wp-content\/uploads\/2024\/05\/Common-Cause-Logo.png","contentUrl":"https:\/\/www.commoncause.org\/wp-content\/uploads\/2024\/05\/Common-Cause-Logo.png","width":2066,"height":331,"caption":"Common Cause"},"image":{"@id":"https:\/\/www.commoncause.org\/#\/schema\/logo\/image\/"},"sameAs":["https:\/\/www.facebook.com\/CommonCause","https:\/\/x.com\/CommonCause","https:\/\/www.instagram.com\/ourcommoncause\/"]}]}},"distributor_meta":false,"distributor_terms":false,"distributor_media":false,"distributor_original_site_name":"Common Cause","distributor_original_site_url":"https:\/\/www.commoncause.org\/vi","push-errors":false,"_links":{"self":[{"href":"https:\/\/www.commoncause.org\/vi\/wp-json\/wp\/v2\/pages\/13985","targetHints":{"allow":["GET"]}}],"collection":[{"href":"https:\/\/www.commoncause.org\/vi\/wp-json\/wp\/v2\/pages"}],"about":[{"href":"https:\/\/www.commoncause.org\/vi\/wp-json\/wp\/v2\/types\/page"}],"author":[{"embeddable":true,"href":"https:\/\/www.commoncause.org\/vi\/wp-json\/wp\/v2\/users\/41"}],"replies":[{"embeddable":true,"href":"https:\/\/www.commoncause.org\/vi\/wp-json\/wp\/v2\/comments?post=13985"}],"version-history":[{"count":4,"href":"https:\/\/www.commoncause.org\/vi\/wp-json\/wp\/v2\/pages\/13985\/revisions"}],"predecessor-version":[{"id":20540,"href":"https:\/\/www.commoncause.org\/vi\/wp-json\/wp\/v2\/pages\/13985\/revisions\/20540"}],"wp:attachment":[{"href":"https:\/\/www.commoncause.org\/vi\/wp-json\/wp\/v2\/media?parent=13985"}],"curies":[{"name":"wp","href":"https:\/\/api.w.org\/{rel}","templated":true}]}}