{"id":13983,"date":"2018-03-23T19:38:21","date_gmt":"2018-03-23T19:38:21","guid":{"rendered":"https:\/\/www.commoncause.org\/donor-transparency-policy\/"},"modified":"2024-08-07T22:26:18","modified_gmt":"2024-08-08T02:26:18","slug":"chinh-sach-minh-bach-cua-nha-tai-tro","status":"publish","type":"page","link":"https:\/\/www.commoncause.org\/vi\/donate\/donor-transparency-policy\/","title":{"rendered":"Ch\u00ednh s\u00e1ch minh b\u1ea1ch c\u1ee7a nh\u00e0 t\u00e0i tr\u1ee3"},"content":{"rendered":"","protected":false},"excerpt":{"rendered":"","protected":false},"author":35,"featured_media":0,"parent":1284,"menu_order":0,"comment_status":"closed","ping_status":"closed","template":"","meta":{"_acf_changed":false,"_relevanssi_hide_post":"","_relevanssi_hide_content":"","_relevanssi_pin_for_all":"","_relevanssi_pin_keywords":"","_relevanssi_unpin_keywords":"","_relevanssi_related_keywords":"","_relevanssi_related_include_ids":"","_relevanssi_related_exclude_ids":"","_relevanssi_related_no_append":"","_relevanssi_related_not_related":"","_relevanssi_related_posts":"","_relevanssi_noindex_reason":""},"class_list":["post-13983","page","type-page","status-publish","hentry"],"acf":{"header":{"component_page_header":{"header_type":"default","title":"Ch\u00ednh s\u00e1ch minh b\u1ea1ch c\u1ee7a nh\u00e0 t\u00e0i tr\u1ee3","lead":"","image":"","subnavigation":false}},"sidebar":{"helper_enable_sidebar":false,"helper_media_contact":{"heading":"Media Contact","manually_enter_person":false,"person":"","name":"","role":"","phone":"","email":""},"helper_links_downloads":{"heading":"Links & Downloads","links":null}},"page_layout":[{"acf_fc_layout":"layout_wysiwyg","_acfe_flexible_toggle":"","component_wysiwyg":{"content":"<h2>Ch\u00ednh s\u00e1ch minh b\u1ea1ch c\u1ee7a nh\u00e0 t\u00e0i tr\u1ee3<\/h2>"}},{"acf_fc_layout":"layout_wysiwyg","_acfe_flexible_toggle":"","component_wysiwyg":{"content":"For Common Cause and the Common Cause Education Fund\r\n\r\nEffective July 1, 2009\r\n\r\nGeneral Disclosure Policy\r\n<ul class=\"circles\">\r\n \t<li>Information about donors who give $250 or more will be kept on file in Common Cause's Washington Office and made available upon request. Donors will be listed by contribution range, name, and state of residence. We plan to make the disclaimer clear and prominent enough so that people understand our new policy. We will not show the amount that a person contributes, just the range of contribution. No mailing addresses or email addresses will be provided. While we occasionally share our supporter list with like-minded nonprofit organizations, we never include financial and\/or donation information.\u00a0 Nor do we ever share email addresses.<\/li>\r\n<\/ul>\r\n<ul class=\"circles\">\r\n \t<li>Donations in the aggregate of $2,500 or more will be listed in Common Cause's Annual Report, which will also appear on Common Cause's website, listed by contribution range, name, and state of residence. (Donations of under $2,500 may also appear in the Annual Report at the discretion of the President and\/or CFO.) In addition, this information will be made available upon request.<\/li>\r\n<\/ul>\r\n<ul class=\"circles\">\r\n \t<li>C\u00e1c kho\u1ea3n quy\u00ean g\u00f3p t\u1eeb $2.500 tr\u1edf l\u00ean t\u1eeb Qu\u1ef9 do nh\u00e0 t\u00e0i tr\u1ee3 t\u01b0 v\u1ea5n s\u1ebd \u0111\u01b0\u1ee3c li\u1ec7t k\u00ea trong B\u00e1o c\u00e1o th\u01b0\u1eddng ni\u00ean v\u1ec1 m\u1ee5c \u0111\u00edch chung theo t\u00ean c\u1ee7a Qu\u1ef9 do nh\u00e0 t\u00e0i tr\u1ee3 t\u01b0 v\u1ea5n.<\/li>\r\n<\/ul>\r\n<ul class=\"circles\">\r\n \t<li>M\u1ecdi y\u00eau c\u1ea7u v\u1ec1 th\u00f4ng tin c\u1ee7a nh\u00e0 t\u00e0i tr\u1ee3 s\u1ebd \u0111\u01b0\u1ee3c x\u1eed l\u00fd theo khu\u00f4n kh\u1ed5 \u0111\u01b0\u1ee3c n\u00eau trong Ch\u00ednh s\u00e1ch minh b\u1ea1ch n\u00e0y. Vi\u1ec7c ti\u1ebft l\u1ed9 c\u00f3 th\u1ec3 b\u1ecb t\u1ea1m d\u1eebng khi c\u00f3 nh\u1eefng tr\u01b0\u1eddng h\u1ee3p b\u1ea5t th\u01b0\u1eddng cho th\u1ea5y l\u00fd do ch\u00ednh \u0111\u00e1ng \u0111\u1ec3 l\u00e0m nh\u01b0 v\u1eady. Quy\u1ebft \u0111\u1ecbnh t\u1ea1m d\u1eebng ti\u1ebft l\u1ed9 s\u1ebd \u0111\u01b0\u1ee3c b\u00e1o c\u00e1o ngay cho Ch\u1ee7 t\u1ecbch v\u00e0 \u1ee6y ban \u0111i\u1ec1u h\u00e0nh.<\/li>\r\n<\/ul>\r\n<p class=\"circles\">\u0110\u00f3ng g\u00f3p \u1ea9n danh<\/p>\r\n\r\n<ul class=\"circles\">\r\n \t<li>Ch\u00fang t\u00f4i s\u1ebd khuy\u1ebfn kh\u00edch T\u1ea4T C\u1ea2 c\u00e1c nh\u00e0 t\u00e0i tr\u1ee3 \u0111\u00f3ng g\u00f3p cho M\u1ee5c \u0111\u00edch chung v\u1edbi nh\u1eadn th\u1ee9c r\u1eb1ng ch\u00fang t\u00f4i mu\u1ed1n s\u1ef1 minh b\u1ea1ch ho\u00e0n to\u00e0n, nh\u01b0ng c\u00f3 th\u1ec3 c\u00f3 ngo\u1ea1i l\u1ec7 \u0111\u1ec3 cho ph\u00e9p c\u00e1c kho\u1ea3n \u0111\u00f3ng g\u00f3p \u1ea9n danh nh\u01b0 sau.<\/li>\r\n<\/ul>\r\n<ul class=\"circles\">\r\n \t<li>Common Cause s\u1ebd ch\u1ec9 ch\u1ea5p nh\u1eadn c\u00e1c kho\u1ea3n \u0111\u00f3ng g\u00f3p \u1ea9n danh t\u1eeb $25.000 tr\u1edf l\u00ean sau khi \u0111\u01b0\u1ee3c \u1ee6y ban \u0111i\u1ec1u h\u00e0nh c\u1ee7a Common Cause ch\u1ea5p thu\u1eadn.<\/li>\r\n<\/ul>\r\n<ul class=\"circles\">\r\n \t<li>Ngo\u00e0i ra, Common Cause s\u1ebd ch\u1ec9 ch\u1ea5p nh\u1eadn c\u00e1c kho\u1ea3n quy\u00ean g\u00f3p \u1ea9n danh d\u01b0\u1edbi $25.000 sau khi \u0111\u01b0\u1ee3c Ch\u1ee7 t\u1ecbch (CEO) v\u00e0\/ho\u1eb7c Ph\u00f3 ch\u1ee7 t\u1ecbch ph\u1ee5 tr\u00e1ch T\u00e0i ch\u00ednh v\u00e0 H\u00e0nh ch\u00ednh (CFO) ch\u1ea5p thu\u1eadn.<\/li>\r\n<\/ul>\r\n<ul class=\"circles\">\r\n \t<li>\u0110\u1ec3 h\u1ed7 tr\u1ee3 c\u1ea3 Ban ch\u1ea5p h\u00e0nh v\u00e0 Ban nh\u00e2n vi\u00ean c\u1ea5p cao trong vi\u1ec7c \u0111\u01b0a ra quy\u1ebft \u0111\u1ecbnh ch\u1ea5p nh\u1eadn hay t\u1eeb ch\u1ed1i m\u1ed9t m\u00f3n qu\u00e0 \u1ea9n danh, c\u00e1c ti\u00eau ch\u00ed s\u1ebd \u0111\u01b0\u1ee3c Ban ch\u1ea5p h\u00e0nh x\u00e2y d\u1ef1ng, sau khi tham v\u1ea5n v\u1edbi \u1ee6y ban t\u00e0i ch\u00ednh v\u00e0 h\u00e0nh ch\u00ednh, d\u1ef1a tr\u00ean c\u00e1c y\u00eau c\u1ea7u th\u1ef1c t\u1ebf c\u1ee7a c\u00e1c nh\u00e0 t\u00e0i tr\u1ee3 \u1ea9n danh g\u1eedi \u0111\u1ebfn Common Cause. Do t\u00ednh \u0111a d\u1ea1ng v\u00e0 ph\u1ee9c t\u1ea1p c\u1ee7a c\u00e1c y\u00eau c\u1ea7u c\u1ee7a t\u1eebng nh\u00e0 t\u00e0i tr\u1ee3, n\u00ean hi\u1ec7n t\u1ea1i r\u1ea5t kh\u00f3 \u0111\u1ec3 x\u00e1c \u0111\u1ecbnh m\u1ed9t b\u1ed9 ti\u00eau ch\u00ed r\u00f5 r\u00e0ng.<\/li>\r\n<\/ul>\r\n<ul class=\"circles\">\r\n \t<li>Tuy\u00ean b\u1ed1 t\u1eeb ch\u1ed1i tr\u00e1ch nhi\u1ec7m sau \u0111\u00e2y s\u1ebd xu\u1ea5t hi\u1ec7n tr\u00ean t\u1ea5t c\u1ea3 c\u00e1c th\u01b0 tr\u1ef1c ti\u1ebfp v\u00e0\/ho\u1eb7c th\u01b0 ch\u00e0o h\u00e0ng tr\u1ef1c tuy\u1ebfn trong t\u01b0\u01a1ng lai:<\/li>\r\n<\/ul>\r\n\"Common Cause is committed to a policy of open and full transparency and therefore makes information about our funding sources, including individual donors, publicly available; however, anonymous donations may be accepted under certain circumstances upon request of the donor. For more information, please review the Donor Transparency Policy on our website: <a href=\"http:\/\/www.commoncause.org\/vi\/quyen-tang\/donor-transparency-policy.html\/\">http:\/\/www.commoncause.org\/donate\/donor-transparency-policy.html<\/a>.\""}}]},"yoast_head":"<!-- This site is optimized with the Yoast SEO Premium plugin v26.6 (Yoast SEO v27.1.1) - https:\/\/yoast.com\/product\/yoast-seo-premium-wordpress\/ -->\n<title>Donor Transparency Policy - Common Cause<\/title>\n<meta name=\"robots\" content=\"index, follow, max-snippet:-1, max-image-preview:large, max-video-preview:-1\" \/>\n<link rel=\"canonical\" href=\"https:\/\/www.commoncause.org\/vi\/quyen-tang\/chinh-sach-minh-bach-cua-nha-tai-tro\/\" \/>\n<meta property=\"og:locale\" content=\"vi_VN\" \/>\n<meta property=\"og:type\" content=\"article\" \/>\n<meta property=\"og:title\" content=\"Donor Transparency Policy\" \/>\n<meta property=\"og:url\" content=\"https:\/\/www.commoncause.org\/vi\/quyen-tang\/chinh-sach-minh-bach-cua-nha-tai-tro\/\" \/>\n<meta property=\"og:site_name\" content=\"Common Cause\" \/>\n<meta property=\"article:publisher\" content=\"https:\/\/www.facebook.com\/CommonCause\" \/>\n<meta property=\"article:modified_time\" content=\"2024-08-08T02:26:18+00:00\" \/>\n<meta property=\"og:image\" content=\"https:\/\/www.commoncause.org\/wp-content\/uploads\/2024\/10\/CC-Share-Graphic-Main9.jpg\" \/>\n\t<meta property=\"og:image:width\" content=\"1200\" \/>\n\t<meta property=\"og:image:height\" content=\"630\" \/>\n\t<meta property=\"og:image:type\" content=\"image\/jpeg\" \/>\n<meta name=\"twitter:card\" content=\"summary_large_image\" \/>\n<meta name=\"twitter:site\" content=\"@CommonCause\" \/>\n<script type=\"application\/ld+json\" class=\"yoast-schema-graph\">{\"@context\":\"https:\/\/schema.org\",\"@graph\":[{\"@type\":\"WebPage\",\"@id\":\"https:\/\/www.commoncause.org\/donate\/donor-transparency-policy\/\",\"url\":\"https:\/\/www.commoncause.org\/donate\/donor-transparency-policy\/\",\"name\":\"Donor Transparency Policy - Common Cause\",\"isPartOf\":{\"@id\":\"https:\/\/www.commoncause.org\/#website\"},\"datePublished\":\"2018-03-23T19:38:21+00:00\",\"dateModified\":\"2024-08-08T02:26:18+00:00\",\"breadcrumb\":{\"@id\":\"https:\/\/www.commoncause.org\/donate\/donor-transparency-policy\/#breadcrumb\"},\"inLanguage\":\"vi\",\"potentialAction\":[{\"@type\":\"ReadAction\",\"target\":[\"https:\/\/www.commoncause.org\/donate\/donor-transparency-policy\/\"]}]},{\"@type\":\"BreadcrumbList\",\"@id\":\"https:\/\/www.commoncause.org\/donate\/donor-transparency-policy\/#breadcrumb\",\"itemListElement\":[{\"@type\":\"ListItem\",\"position\":1,\"name\":\"Home\",\"item\":\"https:\/\/www.commoncause.org\/\"},{\"@type\":\"ListItem\",\"position\":2,\"name\":\"Donate\",\"item\":\"https:\/\/www.commoncause.org\/donate\/\"},{\"@type\":\"ListItem\",\"position\":3,\"name\":\"Donor Transparency Policy\"}]},{\"@type\":\"WebSite\",\"@id\":\"https:\/\/www.commoncause.org\/#website\",\"url\":\"https:\/\/www.commoncause.org\/\",\"name\":\"Common Cause\",\"description\":\"\",\"publisher\":{\"@id\":\"https:\/\/www.commoncause.org\/#organization\"},\"potentialAction\":[{\"@type\":\"SearchAction\",\"target\":{\"@type\":\"EntryPoint\",\"urlTemplate\":\"https:\/\/www.commoncause.org\/?s={search_term_string}\"},\"query-input\":{\"@type\":\"PropertyValueSpecification\",\"valueRequired\":true,\"valueName\":\"search_term_string\"}}],\"inLanguage\":\"vi\"},{\"@type\":\"Organization\",\"@id\":\"https:\/\/www.commoncause.org\/#organization\",\"name\":\"Common Cause\",\"url\":\"https:\/\/www.commoncause.org\/\",\"logo\":{\"@type\":\"ImageObject\",\"inLanguage\":\"vi\",\"@id\":\"https:\/\/www.commoncause.org\/#\/schema\/logo\/image\/\",\"url\":\"https:\/\/www.commoncause.org\/wp-content\/uploads\/2024\/05\/Common-Cause-Logo.png\",\"contentUrl\":\"https:\/\/www.commoncause.org\/wp-content\/uploads\/2024\/05\/Common-Cause-Logo.png\",\"width\":2066,\"height\":331,\"caption\":\"Common Cause\"},\"image\":{\"@id\":\"https:\/\/www.commoncause.org\/#\/schema\/logo\/image\/\"},\"sameAs\":[\"https:\/\/www.facebook.com\/CommonCause\",\"https:\/\/x.com\/CommonCause\",\"https:\/\/www.instagram.com\/ourcommoncause\/\"]}]}<\/script>\n<!-- \/ Yoast SEO Premium plugin. -->","yoast_head_json":{"title":"Ch\u00ednh s\u00e1ch minh b\u1ea1ch c\u1ee7a nh\u00e0 t\u00e0i tr\u1ee3 - M\u1ee5c \u0111\u00edch chung","robots":{"index":"index","follow":"follow","max-snippet":"max-snippet:-1","max-image-preview":"max-image-preview:large","max-video-preview":"max-video-preview:-1"},"canonical":"https:\/\/www.commoncause.org\/vi\/quyen-tang\/chinh-sach-minh-bach-cua-nha-tai-tro\/","og_locale":"vi_VN","og_type":"article","og_title":"Donor Transparency Policy","og_url":"https:\/\/www.commoncause.org\/vi\/quyen-tang\/chinh-sach-minh-bach-cua-nha-tai-tro\/","og_site_name":"Common Cause","article_publisher":"https:\/\/www.facebook.com\/CommonCause","article_modified_time":"2024-08-08T02:26:18+00:00","og_image":[{"width":1200,"height":630,"url":"https:\/\/www.commoncause.org\/wp-content\/uploads\/2024\/10\/CC-Share-Graphic-Main9.jpg","type":"image\/jpeg"}],"twitter_card":"summary_large_image","twitter_site":"@CommonCause","schema":{"@context":"https:\/\/schema.org","@graph":[{"@type":"WebPage","@id":"https:\/\/www.commoncause.org\/donate\/donor-transparency-policy\/","url":"https:\/\/www.commoncause.org\/donate\/donor-transparency-policy\/","name":"Ch\u00ednh s\u00e1ch minh b\u1ea1ch c\u1ee7a nh\u00e0 t\u00e0i tr\u1ee3 - M\u1ee5c \u0111\u00edch chung","isPartOf":{"@id":"https:\/\/www.commoncause.org\/#website"},"datePublished":"2018-03-23T19:38:21+00:00","dateModified":"2024-08-08T02:26:18+00:00","breadcrumb":{"@id":"https:\/\/www.commoncause.org\/donate\/donor-transparency-policy\/#breadcrumb"},"inLanguage":"vi","potentialAction":[{"@type":"ReadAction","target":["https:\/\/www.commoncause.org\/donate\/donor-transparency-policy\/"]}]},{"@type":"BreadcrumbList","@id":"https:\/\/www.commoncause.org\/donate\/donor-transparency-policy\/#breadcrumb","itemListElement":[{"@type":"ListItem","position":1,"name":"Home","item":"https:\/\/www.commoncause.org\/"},{"@type":"ListItem","position":2,"name":"Donate","item":"https:\/\/www.commoncause.org\/donate\/"},{"@type":"ListItem","position":3,"name":"Donor Transparency Policy"}]},{"@type":"WebSite","@id":"https:\/\/www.commoncause.org\/#website","url":"https:\/\/www.commoncause.org\/","name":"Nguy\u00ean nh\u00e2n ph\u1ed5 bi\u1ebfn","description":"","publisher":{"@id":"https:\/\/www.commoncause.org\/#organization"},"potentialAction":[{"@type":"SearchAction","target":{"@type":"EntryPoint","urlTemplate":"https:\/\/www.commoncause.org\/?s={search_term_string}"},"query-input":{"@type":"PropertyValueSpecification","valueRequired":true,"valueName":"search_term_string"}}],"inLanguage":"vi"},{"@type":"Organization","@id":"https:\/\/www.commoncause.org\/#organization","name":"Nguy\u00ean nh\u00e2n ph\u1ed5 bi\u1ebfn","url":"https:\/\/www.commoncause.org\/","logo":{"@type":"ImageObject","inLanguage":"vi","@id":"https:\/\/www.commoncause.org\/#\/schema\/logo\/image\/","url":"https:\/\/www.commoncause.org\/wp-content\/uploads\/2024\/05\/Common-Cause-Logo.png","contentUrl":"https:\/\/www.commoncause.org\/wp-content\/uploads\/2024\/05\/Common-Cause-Logo.png","width":2066,"height":331,"caption":"Common Cause"},"image":{"@id":"https:\/\/www.commoncause.org\/#\/schema\/logo\/image\/"},"sameAs":["https:\/\/www.facebook.com\/CommonCause","https:\/\/x.com\/CommonCause","https:\/\/www.instagram.com\/ourcommoncause\/"]}]}},"distributor_meta":false,"distributor_terms":false,"distributor_media":false,"distributor_original_site_name":"Common Cause","distributor_original_site_url":"https:\/\/www.commoncause.org\/vi","push-errors":false,"_links":{"self":[{"href":"https:\/\/www.commoncause.org\/vi\/wp-json\/wp\/v2\/pages\/13983","targetHints":{"allow":["GET"]}}],"collection":[{"href":"https:\/\/www.commoncause.org\/vi\/wp-json\/wp\/v2\/pages"}],"about":[{"href":"https:\/\/www.commoncause.org\/vi\/wp-json\/wp\/v2\/types\/page"}],"author":[{"embeddable":true,"href":"https:\/\/www.commoncause.org\/vi\/wp-json\/wp\/v2\/users\/35"}],"replies":[{"embeddable":true,"href":"https:\/\/www.commoncause.org\/vi\/wp-json\/wp\/v2\/comments?post=13983"}],"version-history":[{"count":2,"href":"https:\/\/www.commoncause.org\/vi\/wp-json\/wp\/v2\/pages\/13983\/revisions"}],"predecessor-version":[{"id":21731,"href":"https:\/\/www.commoncause.org\/vi\/wp-json\/wp\/v2\/pages\/13983\/revisions\/21731"}],"up":[{"embeddable":true,"href":"https:\/\/www.commoncause.org\/vi\/wp-json\/wp\/v2\/pages\/1284"}],"wp:attachment":[{"href":"https:\/\/www.commoncause.org\/vi\/wp-json\/wp\/v2\/media?parent=13983"}],"curies":[{"name":"wp","href":"https:\/\/api.w.org\/{rel}","templated":true}]}}