{"id":1282,"date":"2024-04-15T18:25:36","date_gmt":"2024-04-15T22:25:36","guid":{"rendered":"http:\/\/www.commoncause.org\/?page_id=1282"},"modified":"2026-03-23T13:32:27","modified_gmt":"2026-03-23T17:32:27","slug":"hanh-dong-2","status":"publish","type":"page","link":"https:\/\/www.commoncause.org\/vi\/take-action\/","title":{"rendered":"H\u00e3y h\u00e0nh \u0111\u1ed9ng"},"content":{"rendered":"","protected":false},"excerpt":{"rendered":"","protected":false},"author":1,"featured_media":0,"parent":0,"menu_order":0,"comment_status":"closed","ping_status":"closed","template":"","meta":{"_acf_changed":false,"_relevanssi_hide_post":"","_relevanssi_hide_content":"","_relevanssi_pin_for_all":"","_relevanssi_pin_keywords":"","_relevanssi_unpin_keywords":"","_relevanssi_related_keywords":"","_relevanssi_related_include_ids":"","_relevanssi_related_exclude_ids":"","_relevanssi_related_no_append":"","_relevanssi_related_not_related":"","_relevanssi_related_posts":"","_relevanssi_noindex_reason":""},"class_list":["post-1282","page","type-page","status-publish","hentry"],"acf":{"page_layout":[{"acf_fc_layout":"layout_listing_hero","_acfe_flexible_toggle":null,"component_listing_hero":{"content_type":"act","manually_curate":false,"featured_post":["{\"site_id\":\"1\",\"post_type\":\"act\",\"post_id\":56959}"],"sticker":"action"}},{"acf_fc_layout":"layout_featured_action","_acfe_flexible_toggle":null,"component_featured_action":{"action_to_show":"latest","image_side":"right","action":["{\"site_id\":\"1\",\"post_type\":\"act\",\"post_id\":54814}"],"title":"\u0110\u1eebng \u0111\u1ec3 nh\u1eefng \u1ee9ng c\u1eed vi\u00ean thua phi\u1ebfu ph\u1ed5 th\u00f4ng gi\u00e0nh chi\u1ebfn th\u1eafng trong cu\u1ed9c b\u1ea7u c\u1eed t\u1ed5ng th\u1ed1ng","summary":"Our democracy shouldn\u2019t give some Americans\u2019 voices more weight than others.","post_link":{"title":"SIGN THE PETITION","url":"https:\/\/www.commoncause.org\/actions\/stop-letting-candidates-who-lose-the-popular-vote-win-the-presidency\/","target":"_blank"},"secondary_link":""}},{"acf_fc_layout":"layout_voting_tools_promo","_acfe_flexible_toggle":null,"component_voting_tools_promo":{"title":"Kh\u00e1m ph\u00e1 C\u00f4ng c\u1ee5 b\u1ecf phi\u1ebfu","subtitle":"As Americans, our right to vote is a right and a responsibility.","voting_tools":["{\"site_id\":\"1\",\"post_type\":\"resource\",\"post_id\":17000}","{\"site_id\":\"1\",\"post_type\":\"resource\",\"post_id\":17002}","{\"site_id\":\"1\",\"post_type\":\"resource\",\"post_id\":16031}","{\"site_id\":\"1\",\"post_type\":\"resource\",\"post_id\":17009}","{\"site_id\":\"1\",\"post_type\":\"resource\",\"post_id\":16055}","{\"site_id\":\"1\",\"post_type\":\"resource\",\"post_id\":17005}"],"image":19619}},{"acf_fc_layout":"layout_featured_resource","_acfe_flexible_toggle":null,"component_featured_resource":{"manually_curate":true,"resource":["{\"site_id\":\"1\",\"post_type\":\"resource\",\"post_id\":11937}"],"brow_text":"Find Your Representatives","title":"Ai \u0111\u1ea1i di\u1ec7n cho b\u1ea1n?","summary":"Use this free tool to find your representatives, how to contact them, bills they\u2019ve introduced, committees they serve on, and political contributions they\u2019ve received. Enter your full address below to get started.","button_text":"Read Report","link":{"title":"Find Your Representative","url":"https:\/\/www.commoncause.org\/find-your-representative\/","target":""},"image":1355}},{"acf_fc_layout":"layout_actions_listing","_acfe_flexible_toggle":null,"component_actions_listing":{"":null}}]},"yoast_head":"<!-- This site is optimized with the Yoast SEO Premium plugin v26.6 (Yoast SEO v27.1.1) - https:\/\/yoast.com\/product\/yoast-seo-premium-wordpress\/ -->\n<title>Take Action - Common Cause<\/title>\n<meta name=\"description\" content=\"Explore ways to take action in our democracy. Find your representatives, discover voting tools, and learn how to make your voice heard.\" \/>\n<meta name=\"robots\" content=\"index, follow, max-snippet:-1, max-image-preview:large, max-video-preview:-1\" \/>\n<link rel=\"canonical\" href=\"https:\/\/www.commoncause.org\/vi\/hanh-dong-2\/\" \/>\n<meta property=\"og:locale\" content=\"vi_VN\" \/>\n<meta property=\"og:type\" content=\"article\" \/>\n<meta property=\"og:title\" content=\"Take Action\" \/>\n<meta property=\"og:description\" content=\"Explore ways to take action in our democracy. Find your representatives, discover voting tools, and learn how to make your voice heard.\" \/>\n<meta property=\"og:url\" content=\"https:\/\/www.commoncause.org\/vi\/hanh-dong-2\/\" \/>\n<meta property=\"og:site_name\" content=\"Common Cause\" \/>\n<meta property=\"article:publisher\" content=\"https:\/\/www.facebook.com\/CommonCause\" \/>\n<meta property=\"article:modified_time\" content=\"2026-03-23T17:32:27+00:00\" \/>\n<meta property=\"og:image\" content=\"https:\/\/www.commoncause.org\/wp-content\/uploads\/2024\/10\/CC-Share-Graphic-Main9.jpg\" \/>\n\t<meta property=\"og:image:width\" content=\"1200\" \/>\n\t<meta property=\"og:image:height\" content=\"630\" \/>\n\t<meta property=\"og:image:type\" content=\"image\/jpeg\" \/>\n<meta name=\"twitter:card\" content=\"summary_large_image\" \/>\n<meta name=\"twitter:site\" content=\"@CommonCause\" \/>\n<script type=\"application\/ld+json\" class=\"yoast-schema-graph\">{\"@context\":\"https:\/\/schema.org\",\"@graph\":[{\"@type\":\"WebPage\",\"@id\":\"https:\/\/www.commoncause.org\/take-action\/\",\"url\":\"https:\/\/www.commoncause.org\/take-action\/\",\"name\":\"Take Action - Common Cause\",\"isPartOf\":{\"@id\":\"https:\/\/www.commoncause.org\/#website\"},\"datePublished\":\"2024-04-15T22:25:36+00:00\",\"dateModified\":\"2026-03-23T17:32:27+00:00\",\"description\":\"Explore ways to take action in our democracy. Find your representatives, discover voting tools, and learn how to make your voice heard.\",\"breadcrumb\":{\"@id\":\"https:\/\/www.commoncause.org\/take-action\/#breadcrumb\"},\"inLanguage\":\"vi\",\"potentialAction\":[{\"@type\":\"ReadAction\",\"target\":[\"https:\/\/www.commoncause.org\/take-action\/\"]}]},{\"@type\":\"BreadcrumbList\",\"@id\":\"https:\/\/www.commoncause.org\/take-action\/#breadcrumb\",\"itemListElement\":[{\"@type\":\"ListItem\",\"position\":1,\"name\":\"Home\",\"item\":\"https:\/\/www.commoncause.org\/\"},{\"@type\":\"ListItem\",\"position\":2,\"name\":\"Take Action\"}]},{\"@type\":\"WebSite\",\"@id\":\"https:\/\/www.commoncause.org\/#website\",\"url\":\"https:\/\/www.commoncause.org\/\",\"name\":\"Common Cause\",\"description\":\"\",\"publisher\":{\"@id\":\"https:\/\/www.commoncause.org\/#organization\"},\"potentialAction\":[{\"@type\":\"SearchAction\",\"target\":{\"@type\":\"EntryPoint\",\"urlTemplate\":\"https:\/\/www.commoncause.org\/?s={search_term_string}\"},\"query-input\":{\"@type\":\"PropertyValueSpecification\",\"valueRequired\":true,\"valueName\":\"search_term_string\"}}],\"inLanguage\":\"vi\"},{\"@type\":\"Organization\",\"@id\":\"https:\/\/www.commoncause.org\/#organization\",\"name\":\"Common Cause\",\"url\":\"https:\/\/www.commoncause.org\/\",\"logo\":{\"@type\":\"ImageObject\",\"inLanguage\":\"vi\",\"@id\":\"https:\/\/www.commoncause.org\/#\/schema\/logo\/image\/\",\"url\":\"https:\/\/www.commoncause.org\/wp-content\/uploads\/2024\/05\/Common-Cause-Logo.png\",\"contentUrl\":\"https:\/\/www.commoncause.org\/wp-content\/uploads\/2024\/05\/Common-Cause-Logo.png\",\"width\":2066,\"height\":331,\"caption\":\"Common Cause\"},\"image\":{\"@id\":\"https:\/\/www.commoncause.org\/#\/schema\/logo\/image\/\"},\"sameAs\":[\"https:\/\/www.facebook.com\/CommonCause\",\"https:\/\/x.com\/CommonCause\",\"https:\/\/www.instagram.com\/ourcommoncause\/\"]}]}<\/script>\n<!-- \/ Yoast SEO Premium plugin. -->","yoast_head_json":{"title":"H\u00e3y h\u00e0nh \u0111\u1ed9ng - Nguy\u00ean nh\u00e2n chung","description":"Kh\u00e1m ph\u00e1 nh\u1eefng c\u00e1ch \u0111\u1ec3 h\u00e0nh \u0111\u1ed9ng trong n\u1ec1n d\u00e2n ch\u1ee7 c\u1ee7a ch\u00fang ta. T\u00ecm \u0111\u1ea1i di\u1ec7n c\u1ee7a b\u1ea1n, kh\u00e1m ph\u00e1 c\u00e1c c\u00f4ng c\u1ee5 b\u1ecf phi\u1ebfu v\u00e0 t\u00ecm hi\u1ec3u c\u00e1ch \u0111\u1ec3 ti\u1ebfng n\u00f3i c\u1ee7a b\u1ea1n \u0111\u01b0\u1ee3c l\u1eafng nghe.","robots":{"index":"index","follow":"follow","max-snippet":"max-snippet:-1","max-image-preview":"max-image-preview:large","max-video-preview":"max-video-preview:-1"},"canonical":"https:\/\/www.commoncause.org\/vi\/hanh-dong-2\/","og_locale":"vi_VN","og_type":"article","og_title":"Take Action","og_description":"Explore ways to take action in our democracy. Find your representatives, discover voting tools, and learn how to make your voice heard.","og_url":"https:\/\/www.commoncause.org\/vi\/hanh-dong-2\/","og_site_name":"Common Cause","article_publisher":"https:\/\/www.facebook.com\/CommonCause","article_modified_time":"2026-03-23T17:32:27+00:00","og_image":[{"width":1200,"height":630,"url":"https:\/\/www.commoncause.org\/wp-content\/uploads\/2024\/10\/CC-Share-Graphic-Main9.jpg","type":"image\/jpeg"}],"twitter_card":"summary_large_image","twitter_site":"@CommonCause","schema":{"@context":"https:\/\/schema.org","@graph":[{"@type":"WebPage","@id":"https:\/\/www.commoncause.org\/take-action\/","url":"https:\/\/www.commoncause.org\/take-action\/","name":"H\u00e3y h\u00e0nh \u0111\u1ed9ng - Nguy\u00ean nh\u00e2n chung","isPartOf":{"@id":"https:\/\/www.commoncause.org\/#website"},"datePublished":"2024-04-15T22:25:36+00:00","dateModified":"2026-03-23T17:32:27+00:00","description":"Kh\u00e1m ph\u00e1 nh\u1eefng c\u00e1ch \u0111\u1ec3 h\u00e0nh \u0111\u1ed9ng trong n\u1ec1n d\u00e2n ch\u1ee7 c\u1ee7a ch\u00fang ta. T\u00ecm \u0111\u1ea1i di\u1ec7n c\u1ee7a b\u1ea1n, kh\u00e1m ph\u00e1 c\u00e1c c\u00f4ng c\u1ee5 b\u1ecf phi\u1ebfu v\u00e0 t\u00ecm hi\u1ec3u c\u00e1ch \u0111\u1ec3 ti\u1ebfng n\u00f3i c\u1ee7a b\u1ea1n \u0111\u01b0\u1ee3c l\u1eafng nghe.","breadcrumb":{"@id":"https:\/\/www.commoncause.org\/take-action\/#breadcrumb"},"inLanguage":"vi","potentialAction":[{"@type":"ReadAction","target":["https:\/\/www.commoncause.org\/take-action\/"]}]},{"@type":"BreadcrumbList","@id":"https:\/\/www.commoncause.org\/take-action\/#breadcrumb","itemListElement":[{"@type":"ListItem","position":1,"name":"Home","item":"https:\/\/www.commoncause.org\/"},{"@type":"ListItem","position":2,"name":"Take Action"}]},{"@type":"WebSite","@id":"https:\/\/www.commoncause.org\/#website","url":"https:\/\/www.commoncause.org\/","name":"Nguy\u00ean nh\u00e2n ph\u1ed5 bi\u1ebfn","description":"","publisher":{"@id":"https:\/\/www.commoncause.org\/#organization"},"potentialAction":[{"@type":"SearchAction","target":{"@type":"EntryPoint","urlTemplate":"https:\/\/www.commoncause.org\/?s={search_term_string}"},"query-input":{"@type":"PropertyValueSpecification","valueRequired":true,"valueName":"search_term_string"}}],"inLanguage":"vi"},{"@type":"Organization","@id":"https:\/\/www.commoncause.org\/#organization","name":"Nguy\u00ean nh\u00e2n ph\u1ed5 bi\u1ebfn","url":"https:\/\/www.commoncause.org\/","logo":{"@type":"ImageObject","inLanguage":"vi","@id":"https:\/\/www.commoncause.org\/#\/schema\/logo\/image\/","url":"https:\/\/www.commoncause.org\/wp-content\/uploads\/2024\/05\/Common-Cause-Logo.png","contentUrl":"https:\/\/www.commoncause.org\/wp-content\/uploads\/2024\/05\/Common-Cause-Logo.png","width":2066,"height":331,"caption":"Common Cause"},"image":{"@id":"https:\/\/www.commoncause.org\/#\/schema\/logo\/image\/"},"sameAs":["https:\/\/www.facebook.com\/CommonCause","https:\/\/x.com\/CommonCause","https:\/\/www.instagram.com\/ourcommoncause\/"]}]}},"distributor_meta":false,"distributor_terms":false,"distributor_media":false,"distributor_original_site_name":"Common Cause","distributor_original_site_url":"https:\/\/www.commoncause.org\/vi","push-errors":false,"_links":{"self":[{"href":"https:\/\/www.commoncause.org\/vi\/wp-json\/wp\/v2\/pages\/1282","targetHints":{"allow":["GET"]}}],"collection":[{"href":"https:\/\/www.commoncause.org\/vi\/wp-json\/wp\/v2\/pages"}],"about":[{"href":"https:\/\/www.commoncause.org\/vi\/wp-json\/wp\/v2\/types\/page"}],"author":[{"embeddable":true,"href":"https:\/\/www.commoncause.org\/vi\/wp-json\/wp\/v2\/users\/1"}],"replies":[{"embeddable":true,"href":"https:\/\/www.commoncause.org\/vi\/wp-json\/wp\/v2\/comments?post=1282"}],"version-history":[{"count":67,"href":"https:\/\/www.commoncause.org\/vi\/wp-json\/wp\/v2\/pages\/1282\/revisions"}],"predecessor-version":[{"id":57381,"href":"https:\/\/www.commoncause.org\/vi\/wp-json\/wp\/v2\/pages\/1282\/revisions\/57381"}],"wp:attachment":[{"href":"https:\/\/www.commoncause.org\/vi\/wp-json\/wp\/v2\/media?parent=1282"}],"curies":[{"name":"wp","href":"https:\/\/api.w.org\/{rel}","templated":true}]}}