{"id":1278,"date":"2024-04-15T18:24:38","date_gmt":"2024-04-15T22:24:38","guid":{"rendered":"http:\/\/www.commoncause.org\/?page_id=1278"},"modified":"2026-02-25T13:33:28","modified_gmt":"2026-02-25T18:33:28","slug":"uu-tien","status":"publish","type":"page","link":"https:\/\/www.commoncause.org\/vi\/priorities\/","title":{"rendered":"\u01afu ti\u00ean"},"content":{"rendered":"","protected":false},"excerpt":{"rendered":"","protected":false},"author":1,"featured_media":0,"parent":0,"menu_order":0,"comment_status":"closed","ping_status":"closed","template":"","meta":{"_acf_changed":false,"_relevanssi_hide_post":"","_relevanssi_hide_content":"","_relevanssi_pin_for_all":"","_relevanssi_pin_keywords":"","_relevanssi_unpin_keywords":"","_relevanssi_related_keywords":"","_relevanssi_related_include_ids":"","_relevanssi_related_exclude_ids":"","_relevanssi_related_no_append":"","_relevanssi_related_not_related":"","_relevanssi_related_posts":"","_relevanssi_noindex_reason":""},"class_list":["post-1278","page","type-page","status-publish","hentry"],"acf":{"page_layout":[{"acf_fc_layout":"layout_landing_hero","_acfe_flexible_toggle":null,"component_landing_hero":{"title":"\u01afu ti\u00ean","summary":"Common Cause works on the national, state, and local level to defend and strengthen American democracy.","image":17049}},{"acf_fc_layout":"layout_what_were_doing","_acfe_flexible_toggle":null,"component_what_were_doing":{"title":"Ch\u00fang t\u00f4i \u0111ang l\u00e0m g\u00ec","featured_work":""}},{"acf_fc_layout":"layout_featured_issues","_acfe_flexible_toggle":null,"component_featured_issues":{"title":"C\u00e1c v\u1ea5n \u0111\u1ec1 n\u1ed5i b\u1eadt","inherit_priority":true,"issues":[1990,1863,1861,1850],"more_issues_title":"More Issues","more_text":"Load More"}},{"acf_fc_layout":"layout_map","_acfe_flexible_toggle":null,"component_map":{"":null}}]},"yoast_head":"<!-- This site is optimized with the Yoast SEO Premium plugin v26.6 (Yoast SEO v27.1.1) - https:\/\/yoast.com\/product\/yoast-seo-premium-wordpress\/ -->\n<title>Priorities - Common Cause<\/title>\n<meta name=\"description\" content=\"Discover how Common Cause is working to defend our democracy. Learn about our top priorities at the national, state, and local levels.\" \/>\n<meta name=\"robots\" content=\"index, follow, max-snippet:-1, max-image-preview:large, max-video-preview:-1\" \/>\n<link rel=\"canonical\" href=\"https:\/\/www.commoncause.org\/vi\/uu-tien\/\" \/>\n<meta property=\"og:locale\" content=\"vi_VN\" \/>\n<meta property=\"og:type\" content=\"article\" \/>\n<meta property=\"og:title\" content=\"Priorities\" \/>\n<meta property=\"og:description\" content=\"Discover how Common Cause is working to defend our democracy. Learn about our top priorities at the national, state, and local levels.\" \/>\n<meta property=\"og:url\" content=\"https:\/\/www.commoncause.org\/vi\/uu-tien\/\" \/>\n<meta property=\"og:site_name\" content=\"Common Cause\" \/>\n<meta property=\"article:publisher\" content=\"https:\/\/www.facebook.com\/CommonCause\" \/>\n<meta property=\"article:modified_time\" content=\"2026-02-25T18:33:28+00:00\" \/>\n<meta property=\"og:image\" content=\"https:\/\/www.commoncause.org\/wp-content\/uploads\/2024\/10\/CC-Share-Graphic-Main9.jpg\" \/>\n\t<meta property=\"og:image:width\" content=\"1200\" \/>\n\t<meta property=\"og:image:height\" content=\"630\" \/>\n\t<meta property=\"og:image:type\" content=\"image\/jpeg\" \/>\n<meta name=\"twitter:card\" content=\"summary_large_image\" \/>\n<meta name=\"twitter:site\" content=\"@CommonCause\" \/>\n<script type=\"application\/ld+json\" class=\"yoast-schema-graph\">{\"@context\":\"https:\/\/schema.org\",\"@graph\":[{\"@type\":\"WebPage\",\"@id\":\"https:\/\/www.commoncause.org\/priorities\/\",\"url\":\"https:\/\/www.commoncause.org\/priorities\/\",\"name\":\"Priorities - Common Cause\",\"isPartOf\":{\"@id\":\"https:\/\/www.commoncause.org\/#website\"},\"datePublished\":\"2024-04-15T22:24:38+00:00\",\"dateModified\":\"2026-02-25T18:33:28+00:00\",\"description\":\"Discover how Common Cause is working to defend our democracy. Learn about our top priorities at the national, state, and local levels.\",\"breadcrumb\":{\"@id\":\"https:\/\/www.commoncause.org\/priorities\/#breadcrumb\"},\"inLanguage\":\"vi\",\"potentialAction\":[{\"@type\":\"ReadAction\",\"target\":[\"https:\/\/www.commoncause.org\/priorities\/\"]}]},{\"@type\":\"BreadcrumbList\",\"@id\":\"https:\/\/www.commoncause.org\/priorities\/#breadcrumb\",\"itemListElement\":[{\"@type\":\"ListItem\",\"position\":1,\"name\":\"Home\",\"item\":\"https:\/\/www.commoncause.org\/\"},{\"@type\":\"ListItem\",\"position\":2,\"name\":\"Priorities\"}]},{\"@type\":\"WebSite\",\"@id\":\"https:\/\/www.commoncause.org\/#website\",\"url\":\"https:\/\/www.commoncause.org\/\",\"name\":\"Common Cause\",\"description\":\"\",\"publisher\":{\"@id\":\"https:\/\/www.commoncause.org\/#organization\"},\"potentialAction\":[{\"@type\":\"SearchAction\",\"target\":{\"@type\":\"EntryPoint\",\"urlTemplate\":\"https:\/\/www.commoncause.org\/?s={search_term_string}\"},\"query-input\":{\"@type\":\"PropertyValueSpecification\",\"valueRequired\":true,\"valueName\":\"search_term_string\"}}],\"inLanguage\":\"vi\"},{\"@type\":\"Organization\",\"@id\":\"https:\/\/www.commoncause.org\/#organization\",\"name\":\"Common Cause\",\"url\":\"https:\/\/www.commoncause.org\/\",\"logo\":{\"@type\":\"ImageObject\",\"inLanguage\":\"vi\",\"@id\":\"https:\/\/www.commoncause.org\/#\/schema\/logo\/image\/\",\"url\":\"https:\/\/www.commoncause.org\/wp-content\/uploads\/2024\/05\/Common-Cause-Logo.png\",\"contentUrl\":\"https:\/\/www.commoncause.org\/wp-content\/uploads\/2024\/05\/Common-Cause-Logo.png\",\"width\":2066,\"height\":331,\"caption\":\"Common Cause\"},\"image\":{\"@id\":\"https:\/\/www.commoncause.org\/#\/schema\/logo\/image\/\"},\"sameAs\":[\"https:\/\/www.facebook.com\/CommonCause\",\"https:\/\/x.com\/CommonCause\",\"https:\/\/www.instagram.com\/ourcommoncause\/\"]}]}<\/script>\n<!-- \/ Yoast SEO Premium plugin. -->","yoast_head_json":{"title":"\u01afu ti\u00ean - Nguy\u00ean nh\u00e2n chung","description":"Kh\u00e1m ph\u00e1 c\u00e1ch Common Cause \u0111ang ho\u1ea1t \u0111\u1ed9ng \u0111\u1ec3 b\u1ea3o v\u1ec7 n\u1ec1n d\u00e2n ch\u1ee7 c\u1ee7a ch\u00fang ta. T\u00ecm hi\u1ec3u v\u1ec1 c\u00e1c \u01b0u ti\u00ean h\u00e0ng \u0111\u1ea7u c\u1ee7a ch\u00fang t\u00f4i \u1edf c\u1ea5p qu\u1ed1c gia, ti\u1ec3u bang v\u00e0 \u0111\u1ecba ph\u01b0\u01a1ng.","robots":{"index":"index","follow":"follow","max-snippet":"max-snippet:-1","max-image-preview":"max-image-preview:large","max-video-preview":"max-video-preview:-1"},"canonical":"https:\/\/www.commoncause.org\/vi\/uu-tien\/","og_locale":"vi_VN","og_type":"article","og_title":"Priorities","og_description":"Discover how Common Cause is working to defend our democracy. Learn about our top priorities at the national, state, and local levels.","og_url":"https:\/\/www.commoncause.org\/vi\/uu-tien\/","og_site_name":"Common Cause","article_publisher":"https:\/\/www.facebook.com\/CommonCause","article_modified_time":"2026-02-25T18:33:28+00:00","og_image":[{"width":1200,"height":630,"url":"https:\/\/www.commoncause.org\/wp-content\/uploads\/2024\/10\/CC-Share-Graphic-Main9.jpg","type":"image\/jpeg"}],"twitter_card":"summary_large_image","twitter_site":"@CommonCause","schema":{"@context":"https:\/\/schema.org","@graph":[{"@type":"WebPage","@id":"https:\/\/www.commoncause.org\/priorities\/","url":"https:\/\/www.commoncause.org\/priorities\/","name":"\u01afu ti\u00ean - Nguy\u00ean nh\u00e2n chung","isPartOf":{"@id":"https:\/\/www.commoncause.org\/#website"},"datePublished":"2024-04-15T22:24:38+00:00","dateModified":"2026-02-25T18:33:28+00:00","description":"Kh\u00e1m ph\u00e1 c\u00e1ch Common Cause \u0111ang ho\u1ea1t \u0111\u1ed9ng \u0111\u1ec3 b\u1ea3o v\u1ec7 n\u1ec1n d\u00e2n ch\u1ee7 c\u1ee7a ch\u00fang ta. T\u00ecm hi\u1ec3u v\u1ec1 c\u00e1c \u01b0u ti\u00ean h\u00e0ng \u0111\u1ea7u c\u1ee7a ch\u00fang t\u00f4i \u1edf c\u1ea5p qu\u1ed1c gia, ti\u1ec3u bang v\u00e0 \u0111\u1ecba ph\u01b0\u01a1ng.","breadcrumb":{"@id":"https:\/\/www.commoncause.org\/priorities\/#breadcrumb"},"inLanguage":"vi","potentialAction":[{"@type":"ReadAction","target":["https:\/\/www.commoncause.org\/priorities\/"]}]},{"@type":"BreadcrumbList","@id":"https:\/\/www.commoncause.org\/priorities\/#breadcrumb","itemListElement":[{"@type":"ListItem","position":1,"name":"Home","item":"https:\/\/www.commoncause.org\/"},{"@type":"ListItem","position":2,"name":"Priorities"}]},{"@type":"WebSite","@id":"https:\/\/www.commoncause.org\/#website","url":"https:\/\/www.commoncause.org\/","name":"Nguy\u00ean nh\u00e2n ph\u1ed5 bi\u1ebfn","description":"","publisher":{"@id":"https:\/\/www.commoncause.org\/#organization"},"potentialAction":[{"@type":"SearchAction","target":{"@type":"EntryPoint","urlTemplate":"https:\/\/www.commoncause.org\/?s={search_term_string}"},"query-input":{"@type":"PropertyValueSpecification","valueRequired":true,"valueName":"search_term_string"}}],"inLanguage":"vi"},{"@type":"Organization","@id":"https:\/\/www.commoncause.org\/#organization","name":"Nguy\u00ean nh\u00e2n ph\u1ed5 bi\u1ebfn","url":"https:\/\/www.commoncause.org\/","logo":{"@type":"ImageObject","inLanguage":"vi","@id":"https:\/\/www.commoncause.org\/#\/schema\/logo\/image\/","url":"https:\/\/www.commoncause.org\/wp-content\/uploads\/2024\/05\/Common-Cause-Logo.png","contentUrl":"https:\/\/www.commoncause.org\/wp-content\/uploads\/2024\/05\/Common-Cause-Logo.png","width":2066,"height":331,"caption":"Common Cause"},"image":{"@id":"https:\/\/www.commoncause.org\/#\/schema\/logo\/image\/"},"sameAs":["https:\/\/www.facebook.com\/CommonCause","https:\/\/x.com\/CommonCause","https:\/\/www.instagram.com\/ourcommoncause\/"]}]}},"distributor_meta":false,"distributor_terms":false,"distributor_media":false,"distributor_original_site_name":"Common Cause","distributor_original_site_url":"https:\/\/www.commoncause.org\/vi","push-errors":false,"_links":{"self":[{"href":"https:\/\/www.commoncause.org\/vi\/wp-json\/wp\/v2\/pages\/1278","targetHints":{"allow":["GET"]}}],"collection":[{"href":"https:\/\/www.commoncause.org\/vi\/wp-json\/wp\/v2\/pages"}],"about":[{"href":"https:\/\/www.commoncause.org\/vi\/wp-json\/wp\/v2\/types\/page"}],"author":[{"embeddable":true,"href":"https:\/\/www.commoncause.org\/vi\/wp-json\/wp\/v2\/users\/1"}],"replies":[{"embeddable":true,"href":"https:\/\/www.commoncause.org\/vi\/wp-json\/wp\/v2\/comments?post=1278"}],"version-history":[{"count":19,"href":"https:\/\/www.commoncause.org\/vi\/wp-json\/wp\/v2\/pages\/1278\/revisions"}],"predecessor-version":[{"id":56836,"href":"https:\/\/www.commoncause.org\/vi\/wp-json\/wp\/v2\/pages\/1278\/revisions\/56836"}],"wp:attachment":[{"href":"https:\/\/www.commoncause.org\/vi\/wp-json\/wp\/v2\/media?parent=1278"}],"curies":[{"name":"wp","href":"https:\/\/api.w.org\/{rel}","templated":true}]}}