{"id":30,"date":"2024-05-07T13:54:03","date_gmt":"2024-05-07T13:54:03","guid":{"rendered":"https:\/\/www.commoncause.org\/texas\/join-our-volunteer-team\/"},"modified":"2024-06-13T12:54:55","modified_gmt":"2024-06-13T17:54:55","slug":"tham-gia-doi-tinh-nguyen-cua-chung-toi","status":"publish","type":"page","link":"https:\/\/www.commoncause.org\/texas\/vi\/join-our-volunteer-team\/","title":{"rendered":"Tham gia \u0111\u1ed9i t\u00ecnh nguy\u1ec7n c\u1ee7a ch\u00fang t\u00f4i"},"content":{"rendered":"","protected":false},"excerpt":{"rendered":"","protected":false},"author":2,"featured_media":0,"parent":0,"menu_order":0,"comment_status":"closed","ping_status":"closed","template":"","meta":{"_acf_changed":false,"_relevanssi_hide_post":"","_relevanssi_hide_content":"","_relevanssi_pin_for_all":"","_relevanssi_pin_keywords":"","_relevanssi_unpin_keywords":"","_relevanssi_related_keywords":"","_relevanssi_related_include_ids":"","_relevanssi_related_exclude_ids":"","_relevanssi_related_no_append":"","_relevanssi_related_not_related":"","_relevanssi_related_posts":"","_relevanssi_noindex_reason":""},"class_list":["post-30","page","type-page","status-publish","hentry"],"acf":{"header":{"component_page_header":{"header_type":"background","title":"H\u00e3y gi\u00fap b\u1ea3o v\u1ec7 c\u1eed tri Texas kh\u1ecfi b\u1ecb \u0111e d\u1ecda t\u1ea1i c\u00e1c \u0111i\u1ec3m b\u1ecf phi\u1ebfu!","lead":"If you agree that every eligible voter deserves to have their voice count, you can take action from home or in person by serving as a nonpartisan Election Protection volunteer.\r\n\r\n&nbsp;","image":19925,"subnavigation":false}},"sidebar":{"helper_enable_sidebar":false,"helper_media_contact":{"heading":"Media Contact","manually_enter_person":false,"person":["{\"site_id\":\"78\",\"post_type\":\"person\",\"post_id\":155}"],"name":"","role":"","phone":"","email":""},"helper_links_downloads":{"heading":"Sign up here","links":[{"file_download":false,"link":{"title":"Join Our Election Protection Volunteers","url":"https:\/\/protectthevote.net\/#enroll","target":"_blank"},"file":null}]}},"page_layout":[{"acf_fc_layout":"layout_wysiwyg","_acfe_flexible_toggle":"","component_wysiwyg":{"content":"<a href=\"https:\/\/protectthevote.net\/#enroll\">\u0110\u0103ng k\u00fd \u0111\u1ec3 tr\u1edf th\u00e0nh ng\u01b0\u1eddi gi\u00e1m s\u00e1t b\u1ea7u c\u1eed phi \u0111\u1ea3ng ph\u00e1i v\u00e0 b\u1ea3o v\u1ec7 c\u1eed tri Texas kh\u1ecfi s\u1ef1 \u0111e d\u1ecda t\u1ea1i c\u00e1c \u0111i\u1ec3m b\u1ecf phi\u1ebfu!\u00a0<\/a>\r\n\r\nNg\u01b0\u1eddi gi\u00e1m s\u00e1t \u0111i\u1ec3m b\u1ecf phi\u1ebfu l\u00e0 m\u1ed9t t\u00ecnh nguy\u1ec7n vi\u00ean phi \u0111\u1ea3ng ph\u00e1i h\u1ed7 tr\u1ee3 c\u1eed tri b\u00ean ngo\u00e0i \u0111\u1ecba \u0111i\u1ec3m b\u1ecf phi\u1ebfu c\u1ee7a h\u1ecd. Ng\u01b0\u1eddi gi\u00e1m s\u00e1t \u0111i\u1ec3m b\u1ecf phi\u1ebfu l\u00e0 tai m\u1eaft tr\u00ean th\u1ef1c \u0111\u1ecba, b\u00ean ngo\u00e0i \u0111\u1ecba \u0111i\u1ec3m b\u1ecf phi\u1ebfu \u0111\u1ec3\u00a0<strong>b\u1ea3o v\u1ec7 c\u1eed tri<\/strong>\u00a0kh\u1ecfi s\u1ef1 \u0111e d\u1ecda ho\u1eb7c th\u00f4ng tin sai l\u1ec7ch t\u1ea1i c\u00e1c \u0111\u1ecba \u0111i\u1ec3m b\u1ecf phi\u1ebfu! N\u1ebfu kh\u00f4ng c\u00f3 ng\u01b0\u1eddi gi\u00e1m s\u00e1t cu\u1ed9c b\u1ecf phi\u1ebfu, ch\u00fang t\u00f4i s\u1ebd kh\u00f4ng th\u1ec3 #ProtectTheVote \u1edf Texas.\r\n\r\n<a href=\"https:\/\/protectthevote.net\/#enroll\">\u0110\u0103ng k\u00fd t\u1ea1i \u0111\u00e2y!\u00a0<\/a>"}}]},"yoast_head":"<!-- This site is optimized with the Yoast SEO Premium plugin v26.6 (Yoast SEO v27.1.1) - https:\/\/yoast.com\/product\/yoast-seo-premium-wordpress\/ -->\n<title>Join Our Volunteer Team - Common Cause Texas<\/title>\n<meta name=\"robots\" content=\"index, follow, max-snippet:-1, max-image-preview:large, max-video-preview:-1\" \/>\n<link rel=\"canonical\" href=\"https:\/\/www.commoncause.org\/texas\/vi\/tham-gia-doi-tinh-nguyen-cua-chung-toi\/\" \/>\n<meta property=\"og:locale\" content=\"vi_VN\" \/>\n<meta property=\"og:type\" content=\"article\" \/>\n<meta property=\"og:title\" content=\"Join Our Volunteer Team\" \/>\n<meta property=\"og:url\" content=\"https:\/\/www.commoncause.org\/texas\/vi\/tham-gia-doi-tinh-nguyen-cua-chung-toi\/\" \/>\n<meta property=\"og:site_name\" content=\"Common Cause Texas\" \/>\n<meta property=\"article:modified_time\" content=\"2024-06-13T17:54:55+00:00\" \/>\n<meta property=\"og:image\" content=\"https:\/\/www.commoncause.org\/texas\/wp-content\/uploads\/2024\/08\/common-cause-share-image.png\" \/>\n\t<meta property=\"og:image:width\" content=\"1200\" \/>\n\t<meta property=\"og:image:height\" content=\"630\" \/>\n\t<meta property=\"og:image:type\" content=\"image\/png\" \/>\n<meta name=\"twitter:card\" content=\"summary_large_image\" \/>\n<script type=\"application\/ld+json\" class=\"yoast-schema-graph\">{\"@context\":\"https:\/\/schema.org\",\"@graph\":[{\"@type\":\"WebPage\",\"@id\":\"https:\/\/www.commoncause.org\/texas\/join-our-volunteer-team\/\",\"url\":\"https:\/\/www.commoncause.org\/texas\/join-our-volunteer-team\/\",\"name\":\"Join Our Volunteer Team - Common Cause Texas\",\"isPartOf\":{\"@id\":\"https:\/\/www.commoncause.org\/texas\/#website\"},\"datePublished\":\"2024-05-07T13:54:03+00:00\",\"dateModified\":\"2024-06-13T17:54:55+00:00\",\"breadcrumb\":{\"@id\":\"https:\/\/www.commoncause.org\/texas\/join-our-volunteer-team\/#breadcrumb\"},\"inLanguage\":\"vi\",\"potentialAction\":[{\"@type\":\"ReadAction\",\"target\":[\"https:\/\/www.commoncause.org\/texas\/join-our-volunteer-team\/\"]}]},{\"@type\":\"BreadcrumbList\",\"@id\":\"https:\/\/www.commoncause.org\/texas\/join-our-volunteer-team\/#breadcrumb\",\"itemListElement\":[{\"@type\":\"ListItem\",\"position\":1,\"name\":\"Home\",\"item\":\"https:\/\/www.commoncause.org\/texas\/\"},{\"@type\":\"ListItem\",\"position\":2,\"name\":\"Join Our Volunteer Team\"}]},{\"@type\":\"WebSite\",\"@id\":\"https:\/\/www.commoncause.org\/texas\/#website\",\"url\":\"https:\/\/www.commoncause.org\/texas\/\",\"name\":\"Common Cause Texas\",\"description\":\"\",\"potentialAction\":[{\"@type\":\"SearchAction\",\"target\":{\"@type\":\"EntryPoint\",\"urlTemplate\":\"https:\/\/www.commoncause.org\/texas\/?s={search_term_string}\"},\"query-input\":{\"@type\":\"PropertyValueSpecification\",\"valueRequired\":true,\"valueName\":\"search_term_string\"}}],\"inLanguage\":\"vi\"}]}<\/script>\n<!-- \/ Yoast SEO Premium plugin. -->","yoast_head_json":{"title":"Tham gia nh\u00f3m t\u00ecnh nguy\u1ec7n c\u1ee7a ch\u00fang t\u00f4i - Common Cause Texas","robots":{"index":"index","follow":"follow","max-snippet":"max-snippet:-1","max-image-preview":"max-image-preview:large","max-video-preview":"max-video-preview:-1"},"canonical":"https:\/\/www.commoncause.org\/texas\/vi\/tham-gia-doi-tinh-nguyen-cua-chung-toi\/","og_locale":"vi_VN","og_type":"article","og_title":"Join Our Volunteer Team","og_url":"https:\/\/www.commoncause.org\/texas\/vi\/tham-gia-doi-tinh-nguyen-cua-chung-toi\/","og_site_name":"Common Cause Texas","article_modified_time":"2024-06-13T17:54:55+00:00","og_image":[{"width":1200,"height":630,"url":"https:\/\/www.commoncause.org\/texas\/wp-content\/uploads\/2024\/08\/common-cause-share-image.png","type":"image\/png"}],"twitter_card":"summary_large_image","schema":{"@context":"https:\/\/schema.org","@graph":[{"@type":"WebPage","@id":"https:\/\/www.commoncause.org\/texas\/join-our-volunteer-team\/","url":"https:\/\/www.commoncause.org\/texas\/join-our-volunteer-team\/","name":"Tham gia nh\u00f3m t\u00ecnh nguy\u1ec7n c\u1ee7a ch\u00fang t\u00f4i - Common Cause Texas","isPartOf":{"@id":"https:\/\/www.commoncause.org\/texas\/#website"},"datePublished":"2024-05-07T13:54:03+00:00","dateModified":"2024-06-13T17:54:55+00:00","breadcrumb":{"@id":"https:\/\/www.commoncause.org\/texas\/join-our-volunteer-team\/#breadcrumb"},"inLanguage":"vi","potentialAction":[{"@type":"ReadAction","target":["https:\/\/www.commoncause.org\/texas\/join-our-volunteer-team\/"]}]},{"@type":"BreadcrumbList","@id":"https:\/\/www.commoncause.org\/texas\/join-our-volunteer-team\/#breadcrumb","itemListElement":[{"@type":"ListItem","position":1,"name":"Home","item":"https:\/\/www.commoncause.org\/texas\/"},{"@type":"ListItem","position":2,"name":"Join Our Volunteer Team"}]},{"@type":"WebSite","@id":"https:\/\/www.commoncause.org\/texas\/#website","url":"https:\/\/www.commoncause.org\/texas\/","name":"Nguy\u00ean nh\u00e2n chung Texas","description":"","potentialAction":[{"@type":"SearchAction","target":{"@type":"EntryPoint","urlTemplate":"https:\/\/www.commoncause.org\/texas\/?s={search_term_string}"},"query-input":{"@type":"PropertyValueSpecification","valueRequired":true,"valueName":"search_term_string"}}],"inLanguage":"vi"}]}},"distributor_meta":false,"distributor_terms":false,"distributor_media":false,"distributor_original_site_name":"Common Cause Texas","distributor_original_site_url":"https:\/\/www.commoncause.org\/texas\/vi","push-errors":false,"_links":{"self":[{"href":"https:\/\/www.commoncause.org\/texas\/vi\/wp-json\/wp\/v2\/pages\/30","targetHints":{"allow":["GET"]}}],"collection":[{"href":"https:\/\/www.commoncause.org\/texas\/vi\/wp-json\/wp\/v2\/pages"}],"about":[{"href":"https:\/\/www.commoncause.org\/texas\/vi\/wp-json\/wp\/v2\/types\/page"}],"author":[{"embeddable":true,"href":"https:\/\/www.commoncause.org\/texas\/vi\/wp-json\/wp\/v2\/users\/2"}],"replies":[{"embeddable":true,"href":"https:\/\/www.commoncause.org\/texas\/vi\/wp-json\/wp\/v2\/comments?post=30"}],"version-history":[{"count":5,"href":"https:\/\/www.commoncause.org\/texas\/vi\/wp-json\/wp\/v2\/pages\/30\/revisions"}],"predecessor-version":[{"id":792,"href":"https:\/\/www.commoncause.org\/texas\/vi\/wp-json\/wp\/v2\/pages\/30\/revisions\/792"}],"wp:attachment":[{"href":"https:\/\/www.commoncause.org\/texas\/vi\/wp-json\/wp\/v2\/media?parent=30"}],"curies":[{"name":"wp","href":"https:\/\/api.w.org\/{rel}","templated":true}]}}