{"id":25,"date":"2024-05-07T13:51:02","date_gmt":"2024-05-07T13:51:02","guid":{"rendered":"https:\/\/www.commoncause.org\/texas\/education-fund\/"},"modified":"2024-05-07T13:51:02","modified_gmt":"2024-05-07T13:51:02","slug":"quy-giao-duc","status":"publish","type":"page","link":"https:\/\/www.commoncause.org\/texas\/vi\/education-fund\/","title":{"rendered":"H\u1ed7 tr\u1ee3 m\u1ee5c \u0111\u00edch chung"},"content":{"rendered":"","protected":false},"excerpt":{"rendered":"","protected":false},"author":1,"featured_media":0,"parent":0,"menu_order":0,"comment_status":"closed","ping_status":"closed","template":"","meta":{"_acf_changed":false,"_relevanssi_hide_post":"","_relevanssi_hide_content":"","_relevanssi_pin_for_all":"","_relevanssi_pin_keywords":"","_relevanssi_unpin_keywords":"","_relevanssi_related_keywords":"","_relevanssi_related_include_ids":"","_relevanssi_related_exclude_ids":"","_relevanssi_related_no_append":"","_relevanssi_related_not_related":"","_relevanssi_related_posts":"","_relevanssi_noindex_reason":""},"class_list":["post-25","page","type-page","status-publish","hentry"],"acf":{"header":{"component_page_header":{"header_type":"background","title":"Th\u1ef1c hi\u1ec7n m\u1ed9t kho\u1ea3n quy\u00ean g\u00f3p \u0111\u01b0\u1ee3c kh\u1ea5u tr\u1eeb thu\u1ebf","lead":"","image":"","subnavigation":false}},"sidebar":{"helper_enable_sidebar":false,"helper_media_contact":{"heading":"","manually_enter_person":false,"person":"","name":"","role":"","phone":"","email":""},"helper_links_downloads":{"heading":"","links":null}},"page_layout":[{"acf_fc_layout":"layout_wysiwyg","_acfe_flexible_toggle":"","component_wysiwyg":{"content":"<a href=\"https:\/\/www.guidestar.org\/profile\/shared\/75cd21f5-907e-4302-974c-02a0cf53e8d5\" target=\"_blank\" rel=\"noopener\"><img class=\"alignright\" src=\"https:\/\/widgets.guidestar.org\/TransparencySeal\/7349865\" \/><\/a>Qu\u1ef9 Gi\u00e1o d\u1ee5c Nguy\u00ean nh\u00e2n Chung s\u1eed d\u1ee5ng s\u1ef1 tham gia c\u1ee7a c\u00f4ng d\u00e2n, nghi\u00ean c\u1ee9u ch\u00ednh s\u00e1ch, ki\u1ec7n t\u1ee5ng v\u00e0 c\u00e1c c\u00f4ng c\u1ee5 kh\u00e1c \u0111\u1ec3 x\u00e2y d\u1ef1ng m\u1ed9t ch\u00ednh ph\u1ee7 c\u1edfi m\u1edf, trung th\u1ef1c v\u00e0 c\u00f3 tr\u00e1ch nhi\u1ec7m. M\u00f3n qu\u00e0 \u0111\u01b0\u1ee3c kh\u1ea5u tr\u1eeb thu\u1ebf c\u1ee7a b\u1ea1n cho ph\u00e9p ch\u00fang t\u00f4i ti\u1ebfp t\u1ee5c trao quy\u1ec1n cho nh\u1eefng ng\u01b0\u1eddi b\u00ecnh th\u01b0\u1eddng \u0111\u1ec3 h\u1ecd l\u00ean ti\u1ebfng trong qu\u00e1 tr\u00ecnh d\u00e2n ch\u1ee7.\r\n\r\n<a href=\"https:\/\/www.charitynavigator.org\/ein\/311705370\"><img class=\"alignright\" src=\"https:\/\/www.commoncause.org\/wp-content\/uploads\/2024\/05\/Four-Star-Rating-Badge-1.svg\" alt=\"Huy hi\u1ec7u x\u1ebfp h\u1ea1ng 4 sao c\u1ee7a Charity Navigator\" width=\"133\" height=\"133\" \/><\/a>Qu\u1ef9 Gi\u00e1o d\u1ee5c Common Cause t\u1ef1 h\u00e0o \u0111\u1ea1t x\u1ebfp h\u1ea1ng 4 sao ho\u00e0n h\u1ea3o t\u1eeb Charity Navigator v\u00e0 Ch\u1ee9ng nh\u1eadn Minh b\u1ea1ch V\u00e0ng t\u1eeb Guidestar."}},{"acf_fc_layout":"layout_basic_html","_acfe_flexible_toggle":"","component_basic_html":{"heading":"Support Common Cause Education Fund","code":"<!-- The script tags need to be included once per page where embeds appear. Putting it in the <head> tag will be fastest. -->\r\n<script>function abConfigure(c) {window.actblueConfig = c}<\/script>\r\n<script src=\"https:\/\/secure.actblue.com\/cf\/assets\/actblue.js\" async data-ab-source=\"snippet-20240607\"><\/script>\r\n<script>\r\n  actblue.addEventListener('contribute', function (contribution) {\r\n    window.dataLayer = window.dataLayer || [];\r\n    dataLayer.push({\r\n      event: 'transaction',\r\n      transaction_id: contribution.order_number,\r\n      currency: 'USD',\r\n      value: contribution.amount \/ 100, \/\/ convert from cents\r\n      ecommerce: {\r\n        transaction_id: contribution.order_number,\r\n        currency: 'USD',\r\n        value: contribution.amount \/ 100,\r\n        items: [{\r\n          item_name: contribution.name,\r\n          item_category: contribution.recurring ? 'recurring' : 'one-time',\r\n          quantity: 1,\r\n          price: contribution.amount \/ 100\r\n        }]\r\n      }\r\n    });\r\n  });\r\n<\/script>\r\n<!-- Google Tag Manager -->\r\n<script>(function(w,d,s,l,i){w[l]=w[l]||[];w[l].push({'gtm.start':\r\nnew Date().getTime(),event:'gtm.js'});var f=d.getElementsByTagName(s)[0],\r\nj=d.createElement(s),dl=l!='dataLayer'?'&l='+l:'';j.async=true;j.src=\r\n'https:\/\/www.googletagmanager.com\/gtm.js?id='+i+dl;f.parentNode.insertBefore(j,f);\r\n})(window,document,'script','dataLayer','GTM-PH9XXW5X');<\/script>\r\n<!-- End Google Tag Manager -->\r\n<!-- This div should be included in the page where you want the form to appear. -->\r\n<div data-ab-form\r\n data-ab-token=\"DXVXaWgNzixZGxUJpSYDMmny\"\r\n data-ab-height=\"auto\"\r\n>\r\n  <!-- Fall-back content (in case the embeddable doesn't load) -->\r\n  <a href=\"https:\/\/secure.actblue.com\/donate\/common-cause-education-fund-website\">Donate<\/a>\r\n<\/div>","width":"medium"}}]},"yoast_head":"<!-- This site is optimized with the Yoast SEO Premium plugin v26.6 (Yoast SEO v27.1.1) - https:\/\/yoast.com\/product\/yoast-seo-premium-wordpress\/ -->\n<title>Support Common Cause - Common Cause Texas<\/title>\n<meta name=\"robots\" content=\"index, follow, max-snippet:-1, max-image-preview:large, max-video-preview:-1\" \/>\n<link rel=\"canonical\" href=\"https:\/\/www.commoncause.org\/texas\/vi\/quyen-tang\/quy-giao-duc\/\" \/>\n<meta property=\"og:locale\" content=\"vi_VN\" \/>\n<meta property=\"og:type\" content=\"article\" \/>\n<meta property=\"og:title\" content=\"Support Common Cause\" \/>\n<meta property=\"og:url\" content=\"https:\/\/www.commoncause.org\/texas\/vi\/quy-giao-duc\/\" \/>\n<meta property=\"og:site_name\" content=\"Common Cause Texas\" \/>\n<meta property=\"og:image\" content=\"https:\/\/www.commoncause.org\/texas\/wp-content\/uploads\/2024\/08\/Gerrymandering_MainAlternate.jpeg\" \/>\n\t<meta property=\"og:image:width\" content=\"1680\" \/>\n\t<meta property=\"og:image:height\" content=\"1120\" \/>\n\t<meta property=\"og:image:type\" content=\"image\/jpeg\" \/>\n<meta name=\"twitter:card\" content=\"summary_large_image\" \/>\n<script type=\"application\/ld+json\" class=\"yoast-schema-graph\">{\"@context\":\"https:\/\/schema.org\",\"@graph\":[{\"@type\":\"WebPage\",\"@id\":\"https:\/\/www.commoncause.org\/texas\/education-fund\/\",\"url\":\"https:\/\/www.commoncause.org\/texas\/education-fund\/\",\"name\":\"Support Common Cause - Common Cause Texas\",\"isPartOf\":{\"@id\":\"https:\/\/www.commoncause.org\/texas\/#website\"},\"datePublished\":\"2024-05-07T13:51:02+00:00\",\"breadcrumb\":{\"@id\":\"https:\/\/www.commoncause.org\/texas\/education-fund\/#breadcrumb\"},\"inLanguage\":\"vi\",\"potentialAction\":[{\"@type\":\"ReadAction\",\"target\":[\"https:\/\/www.commoncause.org\/texas\/education-fund\/\"]}]},{\"@type\":\"BreadcrumbList\",\"@id\":\"https:\/\/www.commoncause.org\/texas\/education-fund\/#breadcrumb\",\"itemListElement\":[{\"@type\":\"ListItem\",\"position\":1,\"name\":\"Home\",\"item\":\"https:\/\/www.commoncause.org\/texas\/\"},{\"@type\":\"ListItem\",\"position\":2,\"name\":\"Education Fund\"}]},{\"@type\":\"WebSite\",\"@id\":\"https:\/\/www.commoncause.org\/texas\/#website\",\"url\":\"https:\/\/www.commoncause.org\/texas\/\",\"name\":\"Common Cause Texas\",\"description\":\"\",\"potentialAction\":[{\"@type\":\"SearchAction\",\"target\":{\"@type\":\"EntryPoint\",\"urlTemplate\":\"https:\/\/www.commoncause.org\/texas\/?s={search_term_string}\"},\"query-input\":{\"@type\":\"PropertyValueSpecification\",\"valueRequired\":true,\"valueName\":\"search_term_string\"}}],\"inLanguage\":\"vi\"}]}<\/script>\n<!-- \/ Yoast SEO Premium plugin. -->","yoast_head_json":{"title":"H\u1ed7 tr\u1ee3 Common Cause - Common Cause Texas","robots":{"index":"index","follow":"follow","max-snippet":"max-snippet:-1","max-image-preview":"max-image-preview:large","max-video-preview":"max-video-preview:-1"},"canonical":"https:\/\/www.commoncause.org\/texas\/vi\/quyen-tang\/quy-giao-duc\/","og_locale":"vi_VN","og_type":"article","og_title":"Support Common Cause","og_url":"https:\/\/www.commoncause.org\/texas\/vi\/quy-giao-duc\/","og_site_name":"Common Cause Texas","og_image":[{"width":1680,"height":1120,"url":"https:\/\/www.commoncause.org\/texas\/wp-content\/uploads\/2024\/08\/Gerrymandering_MainAlternate.jpeg","type":"image\/jpeg"}],"twitter_card":"summary_large_image","schema":{"@context":"https:\/\/schema.org","@graph":[{"@type":"WebPage","@id":"https:\/\/www.commoncause.org\/texas\/education-fund\/","url":"https:\/\/www.commoncause.org\/texas\/education-fund\/","name":"H\u1ed7 tr\u1ee3 Common Cause - Common Cause Texas","isPartOf":{"@id":"https:\/\/www.commoncause.org\/texas\/#website"},"datePublished":"2024-05-07T13:51:02+00:00","breadcrumb":{"@id":"https:\/\/www.commoncause.org\/texas\/education-fund\/#breadcrumb"},"inLanguage":"vi","potentialAction":[{"@type":"ReadAction","target":["https:\/\/www.commoncause.org\/texas\/education-fund\/"]}]},{"@type":"BreadcrumbList","@id":"https:\/\/www.commoncause.org\/texas\/education-fund\/#breadcrumb","itemListElement":[{"@type":"ListItem","position":1,"name":"Home","item":"https:\/\/www.commoncause.org\/texas\/"},{"@type":"ListItem","position":2,"name":"Education Fund"}]},{"@type":"WebSite","@id":"https:\/\/www.commoncause.org\/texas\/#website","url":"https:\/\/www.commoncause.org\/texas\/","name":"Nguy\u00ean nh\u00e2n chung Texas","description":"","potentialAction":[{"@type":"SearchAction","target":{"@type":"EntryPoint","urlTemplate":"https:\/\/www.commoncause.org\/texas\/?s={search_term_string}"},"query-input":{"@type":"PropertyValueSpecification","valueRequired":true,"valueName":"search_term_string"}}],"inLanguage":"vi"}]}},"distributor_meta":false,"distributor_terms":false,"distributor_media":false,"distributor_original_site_name":"Common Cause Texas","distributor_original_site_url":"https:\/\/www.commoncause.org\/texas\/vi","push-errors":false,"_links":{"self":[{"href":"https:\/\/www.commoncause.org\/texas\/vi\/wp-json\/wp\/v2\/pages\/25","targetHints":{"allow":["GET"]}}],"collection":[{"href":"https:\/\/www.commoncause.org\/texas\/vi\/wp-json\/wp\/v2\/pages"}],"about":[{"href":"https:\/\/www.commoncause.org\/texas\/vi\/wp-json\/wp\/v2\/types\/page"}],"author":[{"embeddable":true,"href":"https:\/\/www.commoncause.org\/texas\/vi\/wp-json\/wp\/v2\/users\/1"}],"replies":[{"embeddable":true,"href":"https:\/\/www.commoncause.org\/texas\/vi\/wp-json\/wp\/v2\/comments?post=25"}],"version-history":[{"count":11,"href":"https:\/\/www.commoncause.org\/texas\/vi\/wp-json\/wp\/v2\/pages\/25\/revisions"}],"predecessor-version":[{"id":1813,"href":"https:\/\/www.commoncause.org\/texas\/vi\/wp-json\/wp\/v2\/pages\/25\/revisions\/1813"}],"wp:attachment":[{"href":"https:\/\/www.commoncause.org\/texas\/vi\/wp-json\/wp\/v2\/media?parent=25"}],"curies":[{"name":"wp","href":"https:\/\/api.w.org\/{rel}","templated":true}]}}