{"id":24,"date":"2024-05-07T13:49:49","date_gmt":"2024-05-07T13:49:49","guid":{"rendered":"https:\/\/www.commoncause.org\/texas\/donate\/"},"modified":"2024-08-09T17:17:01","modified_gmt":"2024-08-09T22:17:01","slug":"quyen-tang","status":"publish","type":"page","link":"https:\/\/www.commoncause.org\/texas\/vi\/donate\/","title":{"rendered":"Quy\u00ean t\u1eb7ng"},"content":{"rendered":"","protected":false},"excerpt":{"rendered":"","protected":false},"author":1,"featured_media":0,"parent":0,"menu_order":0,"comment_status":"closed","ping_status":"closed","template":"","meta":{"_acf_changed":false,"_relevanssi_hide_post":"","_relevanssi_hide_content":"","_relevanssi_pin_for_all":"","_relevanssi_pin_keywords":"","_relevanssi_unpin_keywords":"","_relevanssi_related_keywords":"","_relevanssi_related_include_ids":"","_relevanssi_related_exclude_ids":"","_relevanssi_related_no_append":"","_relevanssi_related_not_related":"","_relevanssi_related_posts":"","_relevanssi_noindex_reason":""},"class_list":["post-24","page","type-page","status-publish","hentry"],"acf":{"header":{"component_page_header":{"header_type":"background","title":"Quy\u00ean g\u00f3p cho Common Cause Texas","lead":"","image":"","subnavigation":false}},"sidebar":{"helper_enable_sidebar":false,"helper_media_contact":{"heading":"","manually_enter_person":false,"person":"","name":"","role":"","phone":"","email":""},"helper_links_downloads":{"heading":"","links":null}},"page_layout":[{"acf_fc_layout":"layout_wysiwyg","_acfe_flexible_toggle":"","component_wysiwyg":{"content":"Common Cause Texas l\u00e0 \u0111\u01a1n v\u1ecb d\u1eabn \u0111\u1ea7u trong c\u00e1c cu\u1ed9c \u0111\u1ea5u tranh quan tr\u1ecdng \u1edf c\u1ea5p \u0111\u1ecba ph\u01b0\u01a1ng, ti\u1ec3u bang v\u00e0 qu\u1ed1c gia. S\u1ef1 \u1ee7ng h\u1ed9 c\u1ee7a b\u1ea1n th\u00fac \u0111\u1ea9y h\u00e0nh \u0111\u1ed9ng c\u01a1 s\u1edf, ph\u00e1p l\u00fd v\u00e0 l\u1eadp ph\u00e1p \u0111\u1ec3 ch\u1ed1ng l\u1ea1i c\u00e1c l\u1ee3i \u00edch \u0111\u1eb7c bi\u1ec7t, bu\u1ed9c c\u00e1c quan ch\u1ee9c \u0111\u01b0\u1ee3c b\u1ea7u ph\u1ea3i ch\u1ecbu tr\u00e1ch nhi\u1ec7m v\u00e0 x\u00e2y d\u1ef1ng n\u1ec1n d\u00e2n ch\u1ee7 m\u00e0 t\u1ea5t c\u1ea3 ng\u01b0\u1eddi M\u1ef9 x\u1ee9ng \u0111\u00e1ng \u0111\u01b0\u1ee3c h\u01b0\u1edfng."}},{"acf_fc_layout":"layout_basic_html","_acfe_flexible_toggle":"","component_basic_html":{"heading":"Be a champion for Democracy","code":"<script src='https:\/\/actionnetwork.org\/widgets\/v5\/fundraising\/common-cause-texas?format=js&source=website&css=whitelabel&'><\/script><div id='can-fundraising-area-common-cause-texas' style='width: 100%'><\/div>","width":"medium"}},{"acf_fc_layout":"layout_wysiwyg","_acfe_flexible_toggle":"","component_wysiwyg":{"content":"<h3>Nh\u1eefng c\u00e1ch kh\u00e1c \u0111\u1ec3 t\u1eb7ng\u2026<\/h3>\r\nC\u00f3 nhi\u1ec1u c\u00e1ch \u0111\u1ec3 h\u1ed7 tr\u1ee3 s\u1ee9 m\u1ec7nh c\u1ee7a Common Cause nh\u1eb1m bu\u1ed9c quy\u1ec1n l\u1ef1c ph\u1ea3i ch\u1ecbu tr\u00e1ch nhi\u1ec7m. N\u1ebfu b\u1ea1n c\u00f3 th\u1eafc m\u1eafc ho\u1eb7c kh\u00f4ng th\u1ea5y ph\u01b0\u01a1ng ph\u00e1p \u0111\u00f3ng g\u00f3p \u01b0a th\u00edch c\u1ee7a m\u00ecnh \u0111\u01b0\u1ee3c li\u1ec7t k\u00ea, vui l\u00f2ng li\u00ean h\u1ec7 v\u1edbi D\u1ecbch v\u1ee5 th\u00e0nh vi\u00ean theo s\u1ed1: (202) 833-1200 ho\u1eb7c\u00a0<a href=\"mailto:giving@commoncause.org\">giving@commoncause.org<\/a>\u00a0v\u00e0 ch\u00fang t\u00f4i r\u1ea5t vui khi \u0111\u01b0\u1ee3c th\u1ea3o lu\u1eadn v\u1ec1 c\u00e1c l\u1ef1a ch\u1ecdn \u0111\u00f3ng g\u00f3p c\u1ee7a b\u1ea1n.\r\n\r\n<strong>\u0110\u00f3ng g\u00f3p t\u1eeb Qu\u1ef9 do Nh\u00e0 t\u00e0i tr\u1ee3 t\u01b0 v\u1ea5n c\u1ee7a b\u1ea1n\u00a0<\/strong>\r\n\r\nH\u00e3y c\u00e2n nh\u1eafc vi\u1ec7c t\u1eb7ng qu\u00e0 cho Qu\u1ef9 Gi\u00e1o d\u1ee5c v\u00ec m\u1ee5c \u0111\u00edch chung th\u00f4ng qua qu\u1ef9 do b\u1ea1n t\u00e0i tr\u1ee3. <b>C\u00f3 c\u00e2u h\u1ecfi n\u00e0o kh\u00f4ng?<\/b> Vui l\u00f2ng g\u1eedi email ho\u1eb7c g\u1ecdi cho Rachel Queirolo, Gi\u00e1m \u0111\u1ed1c qu\u1ed1c gia c\u1ee7a Major Gifts theo s\u1ed1 <a href=\"mailto:rqueirolo@commoncause.org\">rqueirolo@commoncause.org<\/a> ho\u1eb7c (202)-736-5773.\r\n\r\n<strong>T\u1eb7ng qu\u00e0 \u0111\u01b0\u1ee3c kh\u1ea5u tr\u1eeb thu\u1ebf<\/strong>\r\n\r\n\u0110\u00f3ng g\u00f3p cho Common Cause kh\u00f4ng \u0111\u01b0\u1ee3c kh\u1ea5u tr\u1eeb thu\u1ebf v\u00ec c\u00f4ng vi\u1ec7c c\u1ee7a ch\u00fang t\u00f4i bao g\u1ed3m v\u1eadn \u0111\u1ed9ng h\u00e0nh lang cho c\u1ea3i c\u00e1ch. Nh\u01b0ng b\u1ea1n c\u00f3 th\u1ec3 \u0111\u00f3ng g\u00f3p \u0111\u01b0\u1ee3c kh\u1ea5u tr\u1eeb thu\u1ebf cho chi nh\u00e1nh c\u1ee7a ch\u00fang t\u00f4i, Common Cause Education Fund, m\u1ed9t t\u1ed5 ch\u1ee9c t\u1eeb thi\u1ec7n 501(c)3 h\u1ed7 tr\u1ee3 c\u00e1c n\u1ed7 l\u1ef1c c\u1ee7a ch\u00fang t\u00f4i nh\u1eb1m gi\u1eef quy\u1ec1n l\u1ef1c c\u00f3 tr\u00e1ch nhi\u1ec7m th\u00f4ng qua s\u1ef1 tham gia c\u1ee7a c\u00f4ng d\u00e2n v\u00e0 gi\u00e1o d\u1ee5c c\u00f4ng ch\u00fang. <a href=\"https:\/\/www.commoncause.org\/texas\/vi\/quyen-tang\/quy-giao-duc\/\">Nh\u1ea5p v\u00e0o \u0111\u00e2y \u0111\u1ec3 t\u1eb7ng qu\u00e0 \u0111\u01b0\u1ee3c kh\u1ea5u tr\u1eeb thu\u1ebf &gt;&gt;<\/a>\r\n\r\n<strong>T\u00e0i kho\u1ea3n h\u01b0u tr\u00ed v\u00e0 t\u1eb7ng IRA<\/strong>\r\n\r\nBao g\u1ed3m Qu\u1ef9 Gi\u00e1o d\u1ee5c v\u00ec M\u1ee5c \u0111\u00edch Chung v\u00e0o danh s\u00e1ch ng\u01b0\u1eddi th\u1ee5 h\u01b0\u1edfng trong t\u00e0i kho\u1ea3n h\u01b0u tr\u00ed ho\u1eb7c IRA c\u1ee7a b\u1ea1n l\u00e0 m\u1ed9t c\u00e1ch \u0111\u01a1n gi\u1ea3n v\u00e0 hi\u1ec7u qu\u1ea3 v\u1ec1 m\u1eb7t thu\u1ebf kh\u00e1c \u0111\u1ec3 c\u1ee7ng c\u1ed1 n\u1ec1n d\u00e2n ch\u1ee7 v\u00e0 th\u00fac \u0111\u1ea9y qu\u1ea3n tr\u1ecb t\u1ed1t. <a href=\"https:\/\/www.commoncause.org\/texas\/vi\/retirement-funds-or-iras\/\">Nh\u1ea5p v\u00e0o \u0111\u00e2y \u0111\u1ec3 t\u00ecm hi\u1ec3u th\u00eam v\u1ec1 t\u00e0i kho\u1ea3n h\u01b0u tr\u00ed v\u00e0 t\u00e0i kho\u1ea3n IRA.<\/a>\r\n\r\n<strong>H\u1ed7 tr\u1ee3 Nguy\u00ean nh\u00e2n chung trong Di ch\u00fac c\u1ee7a b\u1ea1n<\/strong>\r\n\r\nGi\u00fap \u0111\u1ea3m b\u1ea3o l\u1eddi h\u1ee9a v\u1ec1 n\u1ec1n d\u00e2n ch\u1ee7 cho th\u1ebf h\u1ec7 ti\u1ebfp theo b\u1eb1ng c\u00e1ch \u0111\u1ec3 l\u1ea1i m\u1ed9t <a href=\"https:\/\/www.commoncause.org\/texas\/vi\/support-common-cause-in-your-will\/\">qu\u00e0 t\u1eb7ng b\u1ea5t \u0111\u1ed9ng s\u1ea3n, ch\u1eb3ng h\u1ea1n nh\u01b0 di ch\u00fac ho\u1eb7c qu\u00e0 t\u1eb7ng theo k\u1ebf ho\u1ea1ch kh\u00e1c<\/a>. S\u1eed d\u1ee5ng c\u00e1i n\u00e0y <a href=\"https:\/\/www.freewill.com\/commoncause?utm_source=partner&amp;utm_medium=donatepage&amp;utm_campaign=commoncause_website\">C\u00f4ng c\u1ee5 vi\u1ebft di ch\u00fac MI\u1ec4N PH\u00cd<\/a> \u0111\u1ec3 b\u1eaft \u0111\u1ea7u nhanh ch\u00f3ng v\u00e0 d\u1ec5 d\u00e0ng.\r\n\r\n<strong>Quy\u00ean g\u00f3p t\u1ea1i n\u01a1i l\u00e0m vi\u1ec7c<\/strong>\r\n\r\nQuy\u00ean g\u00f3p cho Common Cause th\u00f4ng qua vi\u1ec7c \u0111\u00f3ng g\u00f3p t\u1ea1i n\u01a1i l\u00e0m vi\u1ec7c r\u1ea5t ti\u1ec7n l\u1ee3i v\u00e0 c\u00f3 t\u00e1c \u0111\u1ed9ng. N\u00f3 cho ph\u00e9p nh\u00e2n vi\u00ean h\u1ed7 tr\u1ee3 c\u00e1c n\u1ed7 l\u1ef1c c\u1ea3i c\u00e1ch tr\u00e1ch nhi\u1ec7m gi\u1ea3i tr\u00ecnh c\u1ee7a ch\u00ednh ph\u1ee7 v\u00e0 d\u00e2n ch\u1ee7 m\u1ed9t c\u00e1ch d\u1ec5 d\u00e0ng th\u00f4ng qua kh\u1ea5u tr\u1eeb ti\u1ec1n l\u01b0\u01a1ng. C\u00e1c ch\u01b0\u01a1ng tr\u00ecnh t\u1eb7ng qu\u00e0 ph\u00f9 h\u1ee3p c\u00f3 th\u1ec3 khu\u1ebfch \u0111\u1ea1i c\u00e1c kho\u1ea3n \u0111\u00f3ng g\u00f3p, t\u1ed1i \u0111a h\u00f3a t\u00e1c \u0111\u1ed9ng. <a href=\"https:\/\/www.commoncause.org\/texas\/vi\/workplace-giving\/\">T\u00ecm hi\u1ec3u th\u00eam v\u1ec1 vi\u1ec7c \u0111\u00f3ng g\u00f3p t\u1ea1i n\u01a1i l\u00e0m vi\u1ec7c \u1edf \u0111\u00e2y &gt;&gt;<\/a>\r\n\r\n<strong>Qu\u00e0 t\u1eb7ng c\u1ed5 phi\u1ebfu<\/strong>\r\n\r\nC\u00f3 th\u1ec3 t\u1eb7ng c\u1ed5 phi\u1ebfu v\u00e0 ch\u1ee9ng kho\u00e1n cho Common Cause v\u00e0 Qu\u1ef9 gi\u00e1o d\u1ee5c Common Cause li\u00ean k\u1ebft c\u1ee7a ch\u00fang t\u00f4i th\u00f4ng qua Wells Fargo. <a href=\"https:\/\/www.commoncause.org\/texas\/vi\/gifts-of-stock\/\">\u0110\u1ec3 bi\u1ebft th\u00f4ng tin chi ti\u1ebft v\u1ec1 qu\u00e0 t\u1eb7ng c\u1ed5 phi\u1ebfu, h\u00e3y nh\u1ea5p v\u00e0o \u0111\u00e2y &gt;&gt;<\/a>\r\n\r\n<strong>H\u1ed7 tr\u1ee3 m\u1ee5c \u0111\u00edch chung th\u00f4ng qua m\u1ed9t qu\u1ef9<\/strong>\r\n\r\nN\u1ebfu b\u1ea1n c\u00f3 li\u00ean k\u1ebft v\u1edbi m\u1ed9t t\u1ed5 ch\u1ee9c t\u1eeb thi\u1ec7n v\u00e0 b\u1ea1n mu\u1ed1n t\u00ecm hi\u1ec3u th\u00eam v\u1ec1 t\u00e1c \u0111\u1ed9ng c\u1ee7a ch\u00fang t\u00f4i ho\u1eb7c t\u00e0i tr\u1ee3 cho Qu\u1ef9 Gi\u00e1o d\u1ee5c v\u00ec M\u1ee5c \u0111\u00edch Chung, vui l\u00f2ng li\u00ean h\u1ec7 v\u1edbi Gi\u00e1m \u0111\u1ed1c Quan h\u1ec7 Qu\u1ef9 Sam Voorhees c\u1ee7a ch\u00fang t\u00f4i theo \u0111\u1ecba ch\u1ec9 <a href=\"mailto:svoorhees@commoncause.org\">svoorhees@commoncause.org<\/a> ho\u1eb7c (202)-736-5723.\r\n\r\n<strong>L\u00e3nh \u0111\u1ea1o cho \u0111i<\/strong>\r\n\r\nB\u1eb1ng c\u00e1ch t\u1eb7ng $10.000 tr\u1edf l\u00ean, b\u1ea1n s\u1ebd tham gia v\u00e0o nh\u00f3m nh\u1eefng ng\u01b0\u1eddi b\u1ea3o v\u1ec7 d\u00e2n ch\u1ee7 t\u1eadn t\u1ee5y tr\u00ean kh\u1eafp c\u1ea3 n\u01b0\u1edbc. M\u00f3n qu\u00e0 c\u1ee7a b\u1ea1n th\u00fac \u0111\u1ea9y c\u00f4ng t\u00e1c B\u1ea3o v\u1ec7 B\u1ea7u c\u1eed, ki\u1ec7n t\u1ee5ng, ph\u00e2n chia l\u1ea1i khu v\u1ef1c b\u1ea7u c\u1eed, ch\u1ed1ng th\u00f4ng tin sai l\u1ec7ch v\u1ec1 b\u1ea7u c\u1eed, bu\u1ed9c Trump ph\u1ea3i ch\u1ecbu tr\u00e1ch nhi\u1ec7m v\u00e0 nhi\u1ec1u h\u01a1n th\u1ebf n\u1eefa. <b>C\u00f3 c\u00e2u h\u1ecfi n\u00e0o kh\u00f4ng?<\/b> Vui l\u00f2ng g\u1eedi email ho\u1eb7c g\u1ecdi cho Rachel Queirolo, Gi\u00e1m \u0111\u1ed1c qu\u1ed1c gia c\u1ee7a Major Gifts theo s\u1ed1 <a href=\"mailto:rqueirolo@commoncause.org\">rqueirolo@commoncause.org<\/a> ho\u1eb7c (202)-736-5773.\r\n\r\n<strong>Qu\u00e0 t\u1eb7ng t\u01b0\u1edfng ni\u1ec7m v\u00e0 danh d\u1ef1<\/strong>\r\n\r\nM\u1ed9t m\u00f3n qu\u00e0 n\u00e2ng cao n\u1ec1n d\u00e2n ch\u1ee7 mang t\u00ean ng\u01b0\u1eddi th\u00e2n y\u00eau c\u1ee7a b\u1ea1n l\u00e0 m\u1ed9t c\u00e1ch tuy\u1ec7t v\u1eddi \u0111\u1ec3 th\u1ec3 hi\u1ec7n s\u1ef1 \u1ee7ng h\u1ed9 \u0111\u1ed1i v\u1edbi c\u00f4ng vi\u1ec7c c\u1ee7a Common Cause. <a href=\"https:\/\/www.commoncause.org\/texas\/vi\/memorial-honorary-gifts\/\">N\u1ebfu b\u1ea1n mu\u1ed1n t\u1eb7ng qu\u00e0 t\u01b0\u1edfng ni\u1ec7m ho\u1eb7c danh d\u1ef1, vui l\u00f2ng nh\u1ea5p v\u00e0o \u0111\u00e2y<\/a> ho\u1eb7c li\u00ean h\u1ec7 v\u1edbi Sam Anderson-Chinnes t\u1ea1i <a href=\"mailto:sanderson@commoncause.org\">sanderson@commoncause.org<\/a>."}}]},"yoast_head":"<!-- This site is optimized with the Yoast SEO Premium plugin v26.6 (Yoast SEO v27.1.1) - https:\/\/yoast.com\/product\/yoast-seo-premium-wordpress\/ -->\n<title>Donate - Common Cause Texas<\/title>\n<meta name=\"robots\" content=\"index, follow, max-snippet:-1, max-image-preview:large, max-video-preview:-1\" \/>\n<link rel=\"canonical\" href=\"https:\/\/www.commoncause.org\/texas\/vi\/quyen-tang\/\" \/>\n<meta property=\"og:locale\" content=\"vi_VN\" \/>\n<meta property=\"og:type\" content=\"article\" \/>\n<meta property=\"og:title\" content=\"Donate\" \/>\n<meta property=\"og:url\" content=\"https:\/\/www.commoncause.org\/texas\/vi\/quyen-tang\/\" \/>\n<meta property=\"og:site_name\" content=\"Common Cause Texas\" \/>\n<meta property=\"article:modified_time\" content=\"2024-08-09T22:17:01+00:00\" \/>\n<meta property=\"og:image\" content=\"https:\/\/www.commoncause.org\/texas\/wp-content\/uploads\/2024\/08\/common-cause-share-image.png\" \/>\n\t<meta property=\"og:image:width\" content=\"1200\" \/>\n\t<meta property=\"og:image:height\" content=\"630\" \/>\n\t<meta property=\"og:image:type\" content=\"image\/png\" \/>\n<meta name=\"twitter:card\" content=\"summary_large_image\" \/>\n<script type=\"application\/ld+json\" class=\"yoast-schema-graph\">{\"@context\":\"https:\/\/schema.org\",\"@graph\":[{\"@type\":\"WebPage\",\"@id\":\"https:\/\/www.commoncause.org\/texas\/donate\/\",\"url\":\"https:\/\/www.commoncause.org\/texas\/donate\/\",\"name\":\"Donate - Common Cause Texas\",\"isPartOf\":{\"@id\":\"https:\/\/www.commoncause.org\/texas\/#website\"},\"datePublished\":\"2024-05-07T13:49:49+00:00\",\"dateModified\":\"2024-08-09T22:17:01+00:00\",\"breadcrumb\":{\"@id\":\"https:\/\/www.commoncause.org\/texas\/donate\/#breadcrumb\"},\"inLanguage\":\"vi\",\"potentialAction\":[{\"@type\":\"ReadAction\",\"target\":[\"https:\/\/www.commoncause.org\/texas\/donate\/\"]}]},{\"@type\":\"BreadcrumbList\",\"@id\":\"https:\/\/www.commoncause.org\/texas\/donate\/#breadcrumb\",\"itemListElement\":[{\"@type\":\"ListItem\",\"position\":1,\"name\":\"Home\",\"item\":\"https:\/\/www.commoncause.org\/texas\/\"},{\"@type\":\"ListItem\",\"position\":2,\"name\":\"Donate\"}]},{\"@type\":\"WebSite\",\"@id\":\"https:\/\/www.commoncause.org\/texas\/#website\",\"url\":\"https:\/\/www.commoncause.org\/texas\/\",\"name\":\"Common Cause Texas\",\"description\":\"\",\"potentialAction\":[{\"@type\":\"SearchAction\",\"target\":{\"@type\":\"EntryPoint\",\"urlTemplate\":\"https:\/\/www.commoncause.org\/texas\/?s={search_term_string}\"},\"query-input\":{\"@type\":\"PropertyValueSpecification\",\"valueRequired\":true,\"valueName\":\"search_term_string\"}}],\"inLanguage\":\"vi\"}]}<\/script>\n<!-- \/ Yoast SEO Premium plugin. -->","yoast_head_json":{"title":"Quy\u00ean g\u00f3p - Common Cause Texas","robots":{"index":"index","follow":"follow","max-snippet":"max-snippet:-1","max-image-preview":"max-image-preview:large","max-video-preview":"max-video-preview:-1"},"canonical":"https:\/\/www.commoncause.org\/texas\/vi\/quyen-tang\/","og_locale":"vi_VN","og_type":"article","og_title":"Donate","og_url":"https:\/\/www.commoncause.org\/texas\/vi\/quyen-tang\/","og_site_name":"Common Cause Texas","article_modified_time":"2024-08-09T22:17:01+00:00","og_image":[{"width":1200,"height":630,"url":"https:\/\/www.commoncause.org\/texas\/wp-content\/uploads\/2024\/08\/common-cause-share-image.png","type":"image\/png"}],"twitter_card":"summary_large_image","schema":{"@context":"https:\/\/schema.org","@graph":[{"@type":"WebPage","@id":"https:\/\/www.commoncause.org\/texas\/donate\/","url":"https:\/\/www.commoncause.org\/texas\/donate\/","name":"Quy\u00ean g\u00f3p - Common Cause Texas","isPartOf":{"@id":"https:\/\/www.commoncause.org\/texas\/#website"},"datePublished":"2024-05-07T13:49:49+00:00","dateModified":"2024-08-09T22:17:01+00:00","breadcrumb":{"@id":"https:\/\/www.commoncause.org\/texas\/donate\/#breadcrumb"},"inLanguage":"vi","potentialAction":[{"@type":"ReadAction","target":["https:\/\/www.commoncause.org\/texas\/donate\/"]}]},{"@type":"BreadcrumbList","@id":"https:\/\/www.commoncause.org\/texas\/donate\/#breadcrumb","itemListElement":[{"@type":"ListItem","position":1,"name":"Home","item":"https:\/\/www.commoncause.org\/texas\/"},{"@type":"ListItem","position":2,"name":"Donate"}]},{"@type":"WebSite","@id":"https:\/\/www.commoncause.org\/texas\/#website","url":"https:\/\/www.commoncause.org\/texas\/","name":"Nguy\u00ean nh\u00e2n chung Texas","description":"","potentialAction":[{"@type":"SearchAction","target":{"@type":"EntryPoint","urlTemplate":"https:\/\/www.commoncause.org\/texas\/?s={search_term_string}"},"query-input":{"@type":"PropertyValueSpecification","valueRequired":true,"valueName":"search_term_string"}}],"inLanguage":"vi"}]}},"distributor_meta":false,"distributor_terms":false,"distributor_media":false,"distributor_original_site_name":"Common Cause Texas","distributor_original_site_url":"https:\/\/www.commoncause.org\/texas\/vi","push-errors":false,"_links":{"self":[{"href":"https:\/\/www.commoncause.org\/texas\/vi\/wp-json\/wp\/v2\/pages\/24","targetHints":{"allow":["GET"]}}],"collection":[{"href":"https:\/\/www.commoncause.org\/texas\/vi\/wp-json\/wp\/v2\/pages"}],"about":[{"href":"https:\/\/www.commoncause.org\/texas\/vi\/wp-json\/wp\/v2\/types\/page"}],"author":[{"embeddable":true,"href":"https:\/\/www.commoncause.org\/texas\/vi\/wp-json\/wp\/v2\/users\/1"}],"replies":[{"embeddable":true,"href":"https:\/\/www.commoncause.org\/texas\/vi\/wp-json\/wp\/v2\/comments?post=24"}],"version-history":[{"count":21,"href":"https:\/\/www.commoncause.org\/texas\/vi\/wp-json\/wp\/v2\/pages\/24\/revisions"}],"predecessor-version":[{"id":1224,"href":"https:\/\/www.commoncause.org\/texas\/vi\/wp-json\/wp\/v2\/pages\/24\/revisions\/1224"}],"wp:attachment":[{"href":"https:\/\/www.commoncause.org\/texas\/vi\/wp-json\/wp\/v2\/media?parent=24"}],"curies":[{"name":"wp","href":"https:\/\/api.w.org\/{rel}","templated":true}]}}