{"id":1488,"date":"2025-01-03T15:15:54","date_gmt":"2025-01-03T21:15:54","guid":{"rendered":"https:\/\/www.commoncause.org\/texas\/?page_id=1488"},"modified":"2025-07-16T15:03:14","modified_gmt":"2025-07-16T20:03:14","slug":"trung-tam-phap-ly","status":"publish","type":"page","link":"https:\/\/www.commoncause.org\/texas\/vi\/lege-hub\/","title":{"rendered":"Trung t\u00e2m h\u00e0nh \u0111\u1ed9ng l\u1eadp ph\u00e1p"},"content":{"rendered":"","protected":false},"excerpt":{"rendered":"","protected":false},"author":30,"featured_media":0,"parent":0,"menu_order":0,"comment_status":"closed","ping_status":"closed","template":"","meta":{"_acf_changed":false,"_relevanssi_hide_post":"","_relevanssi_hide_content":"","_relevanssi_pin_for_all":"","_relevanssi_pin_keywords":"","_relevanssi_unpin_keywords":"","_relevanssi_related_keywords":"","_relevanssi_related_include_ids":"","_relevanssi_related_exclude_ids":"","_relevanssi_related_no_append":"","_relevanssi_related_not_related":"","_relevanssi_related_posts":"","_relevanssi_noindex_reason":""},"class_list":["post-1488","page","type-page","status-publish","hentry"],"acf":{"header":{"component_page_header":{"header_type":"background","title":"Trung t\u00e2m h\u00e0nh \u0111\u1ed9ng l\u1eadp ph\u00e1p","lead":"Become a legislative advocate! Learn the basics of the Texas Legislature, keep up with State House and Senate hearings, get updates on what bills are advancing and more!","image":25121,"subnavigation":false}},"sidebar":{"helper_enable_sidebar":false,"helper_media_contact":{"heading":"Media Contact","manually_enter_person":false,"person":"","name":"","role":"","phone":"","email":""},"helper_links_downloads":{"heading":"Links & Downloads","links":null}},"page_layout":[{"acf_fc_layout":"layout_wysiwyg","_acfe_flexible_toggle":"","component_wysiwyg":{"content":"<p data-pm-slice=\"1 1 []\"><strong>Th\u1ed1ng \u0111\u1ed1c Abbott \u0111\u00e3 ch\u00ednh th\u1ee9c tri\u1ec7u t\u1eadp m\u1ed9t Phi\u00ean h\u1ecdp \u0110\u1eb7c bi\u1ec7t b\u1eaft \u0111\u1ea7u v\u00e0o Th\u1ee9 Hai, ng\u00e0y 21 th\u00e1ng 7. Trong 30 ng\u00e0y, C\u01a1 quan L\u1eadp ph\u00e1p Ti\u1ec3u bang Texas s\u1ebd h\u1ecdp phi\u00ean h\u1ecdp \u0111\u1eb7c bi\u1ec7t \u0111\u1ec3 s\u1eeda \u0111\u1ed5i lu\u1eadt ti\u1ec3u bang, v\u1ed1n \u0111ang chi ph\u1ed1i v\u00e0 \u1ea3nh h\u01b0\u1edfng \u0111\u1ebfn cu\u1ed9c s\u1ed1ng h\u00e0ng ng\u00e0y c\u1ee7a ch\u00fang ta. C\u00e1c n\u1ed9i dung ngh\u1ecb s\u1ef1 bao g\u1ed3m ph\u00e2n chia l\u1ea1i khu v\u1ef1c b\u1ea7u c\u1eed, c\u1ee9u tr\u1ee3 l\u0169 l\u1ee5t, thay \u0111\u1ed5i quy\u1ec1n b\u1ea7u c\u1eed c\u1ee7a T\u1ed5ng Ch\u01b0\u1edfng l\u00fd, v.v. Ch\u00fang ta c\u1ea7n \u0111\u1eb7t ng\u01b0\u1eddi d\u00e2n l\u00ean tr\u00ean ch\u00ednh tr\u1ecb; h\u00e3y th\u1ef1c hi\u1ec7n m\u1ed9t b\u01b0\u1edbc \u0111\u01a1n gi\u1ea3n \u0111\u1ec3 c\u1eadp nh\u1eadt th\u00f4ng tin v\u1ec1 phi\u00ean h\u1ecdp l\u1eadp ph\u00e1p s\u1eafp t\u1edbi v\u00e0 t\u00ecm hi\u1ec3u v\u1ec1 c\u00e1c c\u00e1ch th\u1ee9c thu h\u00fat s\u1ef1 tham gia c\u1ee7a c\u00e1c quan ch\u1ee9c d\u00e2n c\u1eed c\u1ee7a b\u1ea1n.<\/strong><\/p>"}},{"acf_fc_layout":"layout_basic_html","_acfe_flexible_toggle":"","component_basic_html":{"heading":"Not sure how to testify? We got you ","code":"<div style=\"position: relative; width: 100%; height: 0; padding-top: 56.2500%;\r\n padding-bottom: 0; box-shadow: 0 2px 8px 0 rgba(63,69,81,0.16); margin-top: 1.6em; margin-bottom: 0.9em; overflow: hidden;\r\n border-radius: 8px; will-change: transform;\">\r\n  <iframe loading=\"lazy\" style=\"position: absolute; width: 100%; height: 100%; top: 0; left: 0; border: none; padding: 0;margin: 0;\"\r\n    src=\"https:\/\/www.canva.com\/design\/DAGdhCrWLaI\/RkPbZJZvAMBeepTBxGARng\/view?embed\" allowfullscreen=\"allowfullscreen\" allow=\"fullscreen\">\r\n  <\/iframe>\r\n<\/div>\r\n<a href=\"https:&#x2F;&#x2F;www.canva.com&#x2F;design&#x2F;DAGdhCrWLaI&#x2F;RkPbZJZvAMBeepTBxGARng&#x2F;view?utm_content=DAGdhCrWLaI&amp;utm_campaign=designshare&amp;utm_medium=embeds&amp;utm_source=link\" target=\"_blank\" ","width":"medium"}},{"acf_fc_layout":"layout_basic_html","_acfe_flexible_toggle":"","component_basic_html":{"heading":"Watch our testimonies here!","code":"<div style=\"position: relative; width: 100%; height: 0; padding-top: 56.2500%;\r\n padding-bottom: 0; box-shadow: 0 2px 8px 0 rgba(63,69,81,0.16); margin-top: 1.6em; margin-bottom: 0.9em; overflow: hidden;\r\n border-radius: 8px; will-change: transform;\">\r\n  <iframe loading=\"lazy\" style=\"position: absolute; width: 100%; height: 100%; top: 0; left: 0; border: none; padding: 0;margin: 0;\"\r\n    src=\"https:\/\/www.canva.com\/design\/DAGiNaBscJ4\/zklzf6cYuvEEKhtx0qZ6dA\/view?embed\" allowfullscreen=\"allowfullscreen\" allow=\"fullscreen\">\r\n  <\/iframe>\r\n<\/div>\r\n<a href=\"https:&#x2F;&#x2F;www.canva.com&#x2F;design&#x2F;DAGiNaBscJ4&#x2F;zklzf6cYuvEEKhtx0qZ6dA&#x2F;view?utm_content=DAGiNaBscJ4&amp;utm_campaign=designshare&amp;utm_medium=embeds&amp;utm_source=link\" target=\"_blank\" rel=\"noopener\">","width":"medium"}},{"acf_fc_layout":"layout_accordion","_acfe_flexible_toggle":"","component_accordion":{"heading":"Stay informed","panels":[{"panel_heading":"Who is making decisions about Texas elections?","panel_copy":"<a href=\"https:\/\/docs.google.com\/document\/d\/e\/2PACX-1vQXZ4vL7YgfmQWgpkSGNnFOdDjJ6szQaT00FKQ0BBGQtjR3poYqwn6VAKs6CrXLVqU55Wjk_lAp0fbS\/pub\">See the House and Senate committee members (and the voting bills they've filed) here.<\/a>"},{"panel_heading":"Which bills has Common Cause taken action on?","panel_copy":"<a href=\"https:\/\/docs.google.com\/spreadsheets\/d\/e\/2PACX-1vRvUgIvHwUXdRalQvsNwViqoIErET5ibV0rmqKyT9jPvK76gVQsd8Q9jyzMQsIK3_uWEuM8Szx-1ZHx\/pubhtml?gid=1167506531&amp;single=true\">You can see issues we've testified or dropped cards on at this link<\/a>."},{"panel_heading":"Who represents me? ","panel_copy":"<a href=\"https:\/\/www.commoncause.org\/find-your-representative\">Find your representative here.\u00a0<\/a>"},{"panel_heading":"Contact your Senator!","panel_copy":"<a href=\"https:\/\/act.commoncause.org\/letters\/tell-your-senator-reject-anti-voter-bills\/?_ga=2.96236380.1594014462.1735934647-1953739359.1735934646\">Tell your senator to REJECT anti-voter bills here.\u00a0<\/a>"},{"panel_heading":"Watch House hearings here!","panel_copy":"Watch livestreams of the Texas House hearings <a href=\"https:\/\/house.texas.gov\/videos\">here.<\/a>"},{"panel_heading":"Watch Senate hearings here!","panel_copy":"Watch livestreams of the Texas Senate hearings <a href=\"https:\/\/www.senate.texas.gov\/av-live.php\">here.<\/a>\r\n\r\nDid you miss the livestream? Watch recorded hearings <a href=\"https:\/\/www.senate.texas.gov\/av-archive.php\">here.<\/a>"}]}},{"acf_fc_layout":"layout_basic_html","_acfe_flexible_toggle":"","component_basic_html":{"heading":"Everything you need to know about the Texas Legislature","code":"<div style=\"position: relative; width: 100%; height: 0; padding-top: 56.2500%;\r\n padding-bottom: 0; box-shadow: 0 2px 8px 0 rgba(63,69,81,0.16); margin-top: 1.6em; margin-bottom: 0.9em; overflow: hidden;\r\n border-radius: 8px; will-change: transform;\">\r\n  <iframe loading=\"lazy\" style=\"position: absolute; width: 100%; height: 100%; top: 0; left: 0; border: none; padding: 0;margin: 0;\"\r\n    src=\"https:\/\/www.canva.com\/design\/DAGb0dbOfi8\/wIcqZ5I7_kqRDbuEcO5bgA\/view?embed\" allowfullscreen=\"allowfullscreen\" allow=\"fullscreen\">\r\n  <\/iframe>\r\n<\/div>\r\n<a href=\"https:&#x2F;&#x2F;www.canva.com&#x2F;design&#x2F;DAGb0dbOfi8&#x2F;wIcqZ5I7_kqRDbuEcO5bgA&#x2F;view?utm_content=DAGb0dbOfi8&amp;utm_campaign=designshare&amp;utm_medium=embeds&amp;utm_source=link\" target=\"_blank\" rel=\"noopener\">","width":"medium"}},{"acf_fc_layout":"layout_email_signup","_acfe_flexible_toggle":"","component_email_signup":{"":null,"small_title":"","large_title":"Sign up for our Legislative e-newsletter!","action_network_embed":"","disclaimer":""}},{"acf_fc_layout":"layout_featured_action","_acfe_flexible_toggle":"","component_featured_action":{"action_to_show":"choose","image_side":"left","action":["{\"site_id\":\"78\",\"post_type\":\"act\",\"post_id\":421}"],"title":"","summary":"","post_link":null,"secondary_link":null}}]},"yoast_head":"<!-- This site is optimized with the Yoast SEO Premium plugin v26.6 (Yoast SEO v27.1.1) - https:\/\/yoast.com\/product\/yoast-seo-premium-wordpress\/ -->\n<title>Legislative Action Hub - Common Cause Texas<\/title>\n<meta name=\"description\" content=\"Learn the basics of the Texas Legislature, keep up with State House and Senate hearings, get updates on what bills are advancing and more!\" \/>\n<meta name=\"robots\" content=\"index, follow, max-snippet:-1, max-image-preview:large, max-video-preview:-1\" \/>\n<link rel=\"canonical\" href=\"https:\/\/www.commoncause.org\/texas\/vi\/trung-tam-phap-ly\/\" \/>\n<meta property=\"og:locale\" content=\"vi_VN\" \/>\n<meta property=\"og:type\" content=\"article\" \/>\n<meta property=\"og:title\" content=\"Legislative Action Hub\" \/>\n<meta property=\"og:description\" content=\"Learn the basics of the Texas Legislature, keep up with State House and Senate hearings, get updates on what bills are advancing and more!\" \/>\n<meta property=\"og:url\" content=\"https:\/\/www.commoncause.org\/texas\/vi\/trung-tam-phap-ly\/\" \/>\n<meta property=\"og:site_name\" content=\"Common Cause Texas\" \/>\n<meta property=\"article:modified_time\" content=\"2025-07-16T20:03:14+00:00\" \/>\n<meta property=\"og:image\" content=\"https:\/\/www.commoncause.org\/texas\/wp-content\/uploads\/2024\/08\/common-cause-share-image.png\" \/>\n\t<meta property=\"og:image:width\" content=\"1200\" \/>\n\t<meta property=\"og:image:height\" content=\"630\" \/>\n\t<meta property=\"og:image:type\" content=\"image\/png\" \/>\n<meta name=\"twitter:card\" content=\"summary_large_image\" \/>\n<script type=\"application\/ld+json\" class=\"yoast-schema-graph\">{\"@context\":\"https:\/\/schema.org\",\"@graph\":[{\"@type\":\"WebPage\",\"@id\":\"https:\/\/www.commoncause.org\/texas\/lege-hub\/\",\"url\":\"https:\/\/www.commoncause.org\/texas\/lege-hub\/\",\"name\":\"Legislative Action Hub - Common Cause Texas\",\"isPartOf\":{\"@id\":\"https:\/\/www.commoncause.org\/texas\/#website\"},\"datePublished\":\"2025-01-03T21:15:54+00:00\",\"dateModified\":\"2025-07-16T20:03:14+00:00\",\"description\":\"Learn the basics of the Texas Legislature, keep up with State House and Senate hearings, get updates on what bills are advancing and more!\",\"breadcrumb\":{\"@id\":\"https:\/\/www.commoncause.org\/texas\/lege-hub\/#breadcrumb\"},\"inLanguage\":\"vi\",\"potentialAction\":[{\"@type\":\"ReadAction\",\"target\":[\"https:\/\/www.commoncause.org\/texas\/lege-hub\/\"]}]},{\"@type\":\"BreadcrumbList\",\"@id\":\"https:\/\/www.commoncause.org\/texas\/lege-hub\/#breadcrumb\",\"itemListElement\":[{\"@type\":\"ListItem\",\"position\":1,\"name\":\"Home\",\"item\":\"https:\/\/www.commoncause.org\/texas\/\"},{\"@type\":\"ListItem\",\"position\":2,\"name\":\"Legislative Action Hub\"}]},{\"@type\":\"WebSite\",\"@id\":\"https:\/\/www.commoncause.org\/texas\/#website\",\"url\":\"https:\/\/www.commoncause.org\/texas\/\",\"name\":\"Common Cause Texas\",\"description\":\"\",\"potentialAction\":[{\"@type\":\"SearchAction\",\"target\":{\"@type\":\"EntryPoint\",\"urlTemplate\":\"https:\/\/www.commoncause.org\/texas\/?s={search_term_string}\"},\"query-input\":{\"@type\":\"PropertyValueSpecification\",\"valueRequired\":true,\"valueName\":\"search_term_string\"}}],\"inLanguage\":\"vi\"}]}<\/script>\n<!-- \/ Yoast SEO Premium plugin. -->","yoast_head_json":{"title":"Trung t\u00e2m h\u00e0nh \u0111\u1ed9ng l\u1eadp ph\u00e1p - Common Cause Texas","description":"T\u00ecm hi\u1ec3u nh\u1eefng ki\u1ebfn th\u1ee9c c\u01a1 b\u1ea3n v\u1ec1 C\u01a1 quan l\u1eadp ph\u00e1p Texas, theo d\u00f5i c\u00e1c phi\u00ean \u0111i\u1ec1u tr\u1ea7n c\u1ee7a H\u1ea1 vi\u1ec7n v\u00e0 Th\u01b0\u1ee3ng vi\u1ec7n, c\u1eadp nh\u1eadt th\u00f4ng tin v\u1ec1 c\u00e1c d\u1ef1 lu\u1eadt \u0111ang \u0111\u01b0\u1ee3c th\u00f4ng qua v\u00e0 nhi\u1ec1u th\u00f4ng tin kh\u00e1c!","robots":{"index":"index","follow":"follow","max-snippet":"max-snippet:-1","max-image-preview":"max-image-preview:large","max-video-preview":"max-video-preview:-1"},"canonical":"https:\/\/www.commoncause.org\/texas\/vi\/trung-tam-phap-ly\/","og_locale":"vi_VN","og_type":"article","og_title":"Legislative Action Hub","og_description":"Learn the basics of the Texas Legislature, keep up with State House and Senate hearings, get updates on what bills are advancing and more!","og_url":"https:\/\/www.commoncause.org\/texas\/vi\/trung-tam-phap-ly\/","og_site_name":"Common Cause Texas","article_modified_time":"2025-07-16T20:03:14+00:00","og_image":[{"width":1200,"height":630,"url":"https:\/\/www.commoncause.org\/texas\/wp-content\/uploads\/2024\/08\/common-cause-share-image.png","type":"image\/png"}],"twitter_card":"summary_large_image","schema":{"@context":"https:\/\/schema.org","@graph":[{"@type":"WebPage","@id":"https:\/\/www.commoncause.org\/texas\/lege-hub\/","url":"https:\/\/www.commoncause.org\/texas\/lege-hub\/","name":"Trung t\u00e2m h\u00e0nh \u0111\u1ed9ng l\u1eadp ph\u00e1p - Common Cause Texas","isPartOf":{"@id":"https:\/\/www.commoncause.org\/texas\/#website"},"datePublished":"2025-01-03T21:15:54+00:00","dateModified":"2025-07-16T20:03:14+00:00","description":"T\u00ecm hi\u1ec3u nh\u1eefng ki\u1ebfn th\u1ee9c c\u01a1 b\u1ea3n v\u1ec1 C\u01a1 quan l\u1eadp ph\u00e1p Texas, theo d\u00f5i c\u00e1c phi\u00ean \u0111i\u1ec1u tr\u1ea7n c\u1ee7a H\u1ea1 vi\u1ec7n v\u00e0 Th\u01b0\u1ee3ng vi\u1ec7n, c\u1eadp nh\u1eadt th\u00f4ng tin v\u1ec1 c\u00e1c d\u1ef1 lu\u1eadt \u0111ang \u0111\u01b0\u1ee3c th\u00f4ng qua v\u00e0 nhi\u1ec1u th\u00f4ng tin kh\u00e1c!","breadcrumb":{"@id":"https:\/\/www.commoncause.org\/texas\/lege-hub\/#breadcrumb"},"inLanguage":"vi","potentialAction":[{"@type":"ReadAction","target":["https:\/\/www.commoncause.org\/texas\/lege-hub\/"]}]},{"@type":"BreadcrumbList","@id":"https:\/\/www.commoncause.org\/texas\/lege-hub\/#breadcrumb","itemListElement":[{"@type":"ListItem","position":1,"name":"Home","item":"https:\/\/www.commoncause.org\/texas\/"},{"@type":"ListItem","position":2,"name":"Legislative Action Hub"}]},{"@type":"WebSite","@id":"https:\/\/www.commoncause.org\/texas\/#website","url":"https:\/\/www.commoncause.org\/texas\/","name":"Nguy\u00ean nh\u00e2n chung Texas","description":"","potentialAction":[{"@type":"SearchAction","target":{"@type":"EntryPoint","urlTemplate":"https:\/\/www.commoncause.org\/texas\/?s={search_term_string}"},"query-input":{"@type":"PropertyValueSpecification","valueRequired":true,"valueName":"search_term_string"}}],"inLanguage":"vi"}]}},"distributor_meta":false,"distributor_terms":false,"distributor_media":false,"distributor_original_site_name":"Common Cause Texas","distributor_original_site_url":"https:\/\/www.commoncause.org\/texas\/vi","push-errors":false,"_links":{"self":[{"href":"https:\/\/www.commoncause.org\/texas\/vi\/wp-json\/wp\/v2\/pages\/1488","targetHints":{"allow":["GET"]}}],"collection":[{"href":"https:\/\/www.commoncause.org\/texas\/vi\/wp-json\/wp\/v2\/pages"}],"about":[{"href":"https:\/\/www.commoncause.org\/texas\/vi\/wp-json\/wp\/v2\/types\/page"}],"author":[{"embeddable":true,"href":"https:\/\/www.commoncause.org\/texas\/vi\/wp-json\/wp\/v2\/users\/30"}],"replies":[{"embeddable":true,"href":"https:\/\/www.commoncause.org\/texas\/vi\/wp-json\/wp\/v2\/comments?post=1488"}],"version-history":[{"count":29,"href":"https:\/\/www.commoncause.org\/texas\/vi\/wp-json\/wp\/v2\/pages\/1488\/revisions"}],"predecessor-version":[{"id":1817,"href":"https:\/\/www.commoncause.org\/texas\/vi\/wp-json\/wp\/v2\/pages\/1488\/revisions\/1817"}],"wp:attachment":[{"href":"https:\/\/www.commoncause.org\/texas\/vi\/wp-json\/wp\/v2\/media?parent=1488"}],"curies":[{"name":"wp","href":"https:\/\/api.w.org\/{rel}","templated":true}]}}