{"id":47,"date":"2024-05-07T15:23:23","date_gmt":"2024-05-07T15:23:23","guid":{"rendered":"https:\/\/www.commoncause.org\/texas\/home\/"},"modified":"2026-03-19T16:06:24","modified_gmt":"2026-03-19T21:06:24","slug":"maison","status":"publish","type":"page","link":"https:\/\/www.commoncause.org\/texas\/fr\/","title":{"rendered":"Maison"},"content":{"rendered":"","protected":false},"excerpt":{"rendered":"","protected":false},"author":2,"featured_media":0,"parent":0,"menu_order":0,"comment_status":"closed","ping_status":"closed","template":"","meta":{"_acf_changed":false,"_relevanssi_hide_post":"","_relevanssi_hide_content":"","_relevanssi_pin_for_all":"","_relevanssi_pin_keywords":"","_relevanssi_unpin_keywords":"","_relevanssi_related_keywords":"","_relevanssi_related_include_ids":"","_relevanssi_related_exclude_ids":"","_relevanssi_related_no_append":"","_relevanssi_related_not_related":"","_relevanssi_related_posts":"","_relevanssi_noindex_reason":""},"class_list":["post-47","page","type-page","status-publish","hentry"],"acf":{"page_layout":[{"acf_fc_layout":"layout_latest_victory","_acfe_flexible_toggle":null,"component_latest_victory":{"manually_curate":true,"latest_content":"article","button_text":"Read About Our Victory","title":"Protecting and [highlight]Advancing[\/highlight] Democracy ","summary":"Election season is officially underway! Serve on the frontlines of democracy and protect Texas voters from intimidation. Sign up to be a nonpartisan volunteer poll monitor today! ","button":{"title":"Volunteer here:","url":"https:\/\/protectthevote.net\/","target":"_blank"},"image":19912,"darker":false}},{"acf_fc_layout":"layout_featured_work","_acfe_flexible_toggle":null,"component_featured_work":{"content_type":"work","button_text":"View This Campaign","secondary_link":null,"manually_curate":true,"small_title":"See what we're doing","large_title":"Online Voter Registration:","summary":"Texas is one of the few states left in the country that has not joined the modern age by enacting online voter registration.\r\n\r\nOnline Voter Registration:\r\n\r\n- Cuts wasteful spending and saves taxpayer money,\r\n- Makes voter lists more accurate by cleaning up the voter roll,\r\n- Makes our registration system more safe and secure\r\n\r\nA vast coalition of legislators, election administrators, local officials and nonpartisan experts have endorsed online voter registration for Texas. But we need your help to collect more endorsements from county officials! \r\n\r\nJoin us in working to pass this common sense measure for Texas.","button":{"title":"View This Work","url":"https:\/\/www.commoncause.org\/texas\/work\/online-voter-registration\/","target":""},"small_link":{"title":"See all priorities","url":"https:\/\/www.commoncause.org\/texas\/priorities\/","target":""},"image":19909}},{"acf_fc_layout":"layout_about_us","_acfe_flexible_toggle":null,"component_about_us":{"intro_title":"About Us","main_title":"Building a Government that Works for [highlight]All of Us[\/highlight]","summary":"With the support of our members, Common Cause Texas wins concrete, pro-democracy reforms that break down barriers to participation, promote accountability, and ensure that each of us has a voice.","button":{"title":"Discover Our Impact","url":"https:\/\/www.commoncause.org\/texas\/our-impact\/","target":""},"image":1663}},{"acf_fc_layout":"layout_featured_action","_acfe_flexible_toggle":null,"component_featured_action":{"action_to_show":"choose","image_side":"right","action":["{\"site_id\":\"78\",\"post_type\":\"act\",\"post_id\":421}"],"title":"Je m&#039;engage \u00e0 voter en 2024","summary":"Our votes are our voices, and democracy works best when we all participate. Take the pledge today and say: I will vote this year, and tell my friends, family, and everyone else I know to do the same.","post_link":{"title":"Other Ways To Give","url":"https:\/\/www.commoncause.org\/texas\/donate\/","target":""},"secondary_link":""}},{"acf_fc_layout":"layout_email_signup","_acfe_flexible_toggle":null,"component_email_signup":{"":null,"small_title":"Sign up for breaking news and action alerts about democracy in Texas and nationwide.","large_title":"JOIN OUR MOVEMENT","action_network_embed":"<script src='https:\/\/act.commoncause.org\/widgets\/v5\/form\/texas-quick-join-cc?format=js&source=widget'><\/script><div id='can-form-area-texas-quick-join-cc' style='width: 100%'><!-- this div is the target for our HTML insertion --><\/div>","disclaimer":"*Opt in to mobile messages from Common Cause. Message and data rates apply. Reply STOP to unsubscribe. Reply HELP for help. Periodic messages with updates and news about our work. Privacy policy & ToS."}},{"acf_fc_layout":"layout_statistics","_acfe_flexible_toggle":null,"component_statistics":{"title":"Depuis des ann\u00e9es, Common Cause Texas \u0153uvre dans tout notre \u00c9tat pour une d\u00e9mocratie plus forte.","statistics":[{"component_statistic":{"number":"70k","text":"Members and supporters","source":"People like you power everything that we do for our democracy."}},{"component_statistic":{"number":"254","text":"Counties with Common Cause Texas members","source":"Our supporters live and take action in every corner of our state."}},{"component_statistic":{"number":"25","text":"State organizations in our network","source":"Common Cause is working nationwide on the issues that count."}}]}},{"acf_fc_layout":"layout_map","_acfe_flexible_toggle":null,"component_map":{"":null}}]},"yoast_head":"<!-- This site is optimized with the Yoast SEO Premium plugin v26.6 (Yoast SEO v27.1.1) - https:\/\/yoast.com\/product\/yoast-seo-premium-wordpress\/ -->\n<title>Home - Common Cause Texas<\/title>\n<meta name=\"robots\" content=\"index, follow, max-snippet:-1, max-image-preview:large, max-video-preview:-1\" \/>\n<link rel=\"canonical\" href=\"https:\/\/www.commoncause.org\/texas\/fr\/\" \/>\n<meta property=\"og:locale\" content=\"fr_FR\" \/>\n<meta property=\"og:type\" content=\"article\" \/>\n<meta property=\"og:title\" content=\"Home\" \/>\n<meta property=\"og:url\" content=\"https:\/\/www.commoncause.org\/texas\/fr\/\" \/>\n<meta property=\"og:site_name\" content=\"Common Cause Texas\" \/>\n<meta property=\"article:modified_time\" content=\"2026-03-19T21:06:24+00:00\" \/>\n<meta property=\"og:image\" content=\"https:\/\/www.commoncause.org\/texas\/wp-content\/uploads\/2024\/08\/common-cause-share-image.png\" \/>\n\t<meta property=\"og:image:width\" content=\"1200\" \/>\n\t<meta property=\"og:image:height\" content=\"630\" \/>\n\t<meta property=\"og:image:type\" content=\"image\/png\" \/>\n<meta name=\"twitter:card\" content=\"summary_large_image\" \/>\n<script type=\"application\/ld+json\" class=\"yoast-schema-graph\">{\"@context\":\"https:\/\/schema.org\",\"@graph\":[{\"@type\":\"WebPage\",\"@id\":\"https:\/\/www.commoncause.org\/texas\/\",\"url\":\"https:\/\/www.commoncause.org\/texas\/\",\"name\":\"Home - Common Cause Texas\",\"isPartOf\":{\"@id\":\"https:\/\/www.commoncause.org\/texas\/#website\"},\"datePublished\":\"2024-05-07T15:23:23+00:00\",\"dateModified\":\"2026-03-19T21:06:24+00:00\",\"breadcrumb\":{\"@id\":\"https:\/\/www.commoncause.org\/texas\/#breadcrumb\"},\"inLanguage\":\"fr-FR\",\"potentialAction\":[{\"@type\":\"ReadAction\",\"target\":[\"https:\/\/www.commoncause.org\/texas\/\"]}]},{\"@type\":\"BreadcrumbList\",\"@id\":\"https:\/\/www.commoncause.org\/texas\/#breadcrumb\",\"itemListElement\":[{\"@type\":\"ListItem\",\"position\":1,\"name\":\"Home\",\"item\":\"https:\/\/www.commoncause.org\/texas\/\"},{\"@type\":\"ListItem\",\"position\":2,\"name\":\"Home\"}]},{\"@type\":\"WebSite\",\"@id\":\"https:\/\/www.commoncause.org\/texas\/#website\",\"url\":\"https:\/\/www.commoncause.org\/texas\/\",\"name\":\"Common Cause Texas\",\"description\":\"\",\"potentialAction\":[{\"@type\":\"SearchAction\",\"target\":{\"@type\":\"EntryPoint\",\"urlTemplate\":\"https:\/\/www.commoncause.org\/texas\/?s={search_term_string}\"},\"query-input\":{\"@type\":\"PropertyValueSpecification\",\"valueRequired\":true,\"valueName\":\"search_term_string\"}}],\"inLanguage\":\"fr-FR\"}]}<\/script>\n<!-- \/ Yoast SEO Premium plugin. -->","yoast_head_json":{"title":"Accueil \u2013 Cause commune Texas","robots":{"index":"index","follow":"follow","max-snippet":"max-snippet:-1","max-image-preview":"max-image-preview:large","max-video-preview":"max-video-preview:-1"},"canonical":"https:\/\/www.commoncause.org\/texas\/fr\/","og_locale":"fr_FR","og_type":"article","og_title":"Home","og_url":"https:\/\/www.commoncause.org\/texas\/fr\/","og_site_name":"Common Cause Texas","article_modified_time":"2026-03-19T21:06:24+00:00","og_image":[{"width":1200,"height":630,"url":"https:\/\/www.commoncause.org\/texas\/wp-content\/uploads\/2024\/08\/common-cause-share-image.png","type":"image\/png"}],"twitter_card":"summary_large_image","schema":{"@context":"https:\/\/schema.org","@graph":[{"@type":"WebPage","@id":"https:\/\/www.commoncause.org\/texas\/","url":"https:\/\/www.commoncause.org\/texas\/","name":"Accueil \u2013 Cause commune Texas","isPartOf":{"@id":"https:\/\/www.commoncause.org\/texas\/#website"},"datePublished":"2024-05-07T15:23:23+00:00","dateModified":"2026-03-19T21:06:24+00:00","breadcrumb":{"@id":"https:\/\/www.commoncause.org\/texas\/#breadcrumb"},"inLanguage":"fr-FR","potentialAction":[{"@type":"ReadAction","target":["https:\/\/www.commoncause.org\/texas\/"]}]},{"@type":"BreadcrumbList","@id":"https:\/\/www.commoncause.org\/texas\/#breadcrumb","itemListElement":[{"@type":"ListItem","position":1,"name":"Home","item":"https:\/\/www.commoncause.org\/texas\/"},{"@type":"ListItem","position":2,"name":"Home"}]},{"@type":"WebSite","@id":"https:\/\/www.commoncause.org\/texas\/#website","url":"https:\/\/www.commoncause.org\/texas\/","name":"Cause commune au Texas","description":"","potentialAction":[{"@type":"SearchAction","target":{"@type":"EntryPoint","urlTemplate":"https:\/\/www.commoncause.org\/texas\/?s={search_term_string}"},"query-input":{"@type":"PropertyValueSpecification","valueRequired":true,"valueName":"search_term_string"}}],"inLanguage":"fr-FR"}]}},"distributor_meta":false,"distributor_terms":false,"distributor_media":false,"distributor_original_site_name":"Common Cause Texas","distributor_original_site_url":"https:\/\/www.commoncause.org\/texas\/fr","push-errors":false,"_links":{"self":[{"href":"https:\/\/www.commoncause.org\/texas\/fr\/wp-json\/wp\/v2\/pages\/47","targetHints":{"allow":["GET"]}}],"collection":[{"href":"https:\/\/www.commoncause.org\/texas\/fr\/wp-json\/wp\/v2\/pages"}],"about":[{"href":"https:\/\/www.commoncause.org\/texas\/fr\/wp-json\/wp\/v2\/types\/page"}],"author":[{"embeddable":true,"href":"https:\/\/www.commoncause.org\/texas\/fr\/wp-json\/wp\/v2\/users\/2"}],"replies":[{"embeddable":true,"href":"https:\/\/www.commoncause.org\/texas\/fr\/wp-json\/wp\/v2\/comments?post=47"}],"version-history":[{"count":18,"href":"https:\/\/www.commoncause.org\/texas\/fr\/wp-json\/wp\/v2\/pages\/47\/revisions"}],"predecessor-version":[{"id":1957,"href":"https:\/\/www.commoncause.org\/texas\/fr\/wp-json\/wp\/v2\/pages\/47\/revisions\/1957"}],"wp:attachment":[{"href":"https:\/\/www.commoncause.org\/texas\/fr\/wp-json\/wp\/v2\/media?parent=47"}],"curies":[{"name":"wp","href":"https:\/\/api.w.org\/{rel}","templated":true}]}}