{"id":30,"date":"2024-05-07T13:54:03","date_gmt":"2024-05-07T13:54:03","guid":{"rendered":"https:\/\/www.commoncause.org\/texas\/join-our-volunteer-team\/"},"modified":"2024-06-13T12:54:55","modified_gmt":"2024-06-13T17:54:55","slug":"rejoignez-notre-equipe-de-benevoles","status":"publish","type":"page","link":"https:\/\/www.commoncause.org\/texas\/fr\/join-our-volunteer-team\/","title":{"rendered":"Rejoignez notre \u00e9quipe de b\u00e9n\u00e9voles"},"content":{"rendered":"","protected":false},"excerpt":{"rendered":"","protected":false},"author":2,"featured_media":0,"parent":0,"menu_order":0,"comment_status":"closed","ping_status":"closed","template":"","meta":{"_acf_changed":false,"_relevanssi_hide_post":"","_relevanssi_hide_content":"","_relevanssi_pin_for_all":"","_relevanssi_pin_keywords":"","_relevanssi_unpin_keywords":"","_relevanssi_related_keywords":"","_relevanssi_related_include_ids":"","_relevanssi_related_exclude_ids":"","_relevanssi_related_no_append":"","_relevanssi_related_not_related":"","_relevanssi_related_posts":"","_relevanssi_noindex_reason":""},"class_list":["post-30","page","type-page","status-publish","hentry"],"acf":{"header":{"component_page_header":{"header_type":"background","title":"Aidez \u00e0 prot\u00e9ger les \u00e9lecteurs du Texas contre l\u2019intimidation dans les bureaux de vote\u00a0!","lead":"If you agree that every eligible voter deserves to have their voice count, you can take action from home or in person by serving as a nonpartisan Election Protection volunteer.\r\n\r\n&nbsp;","image":19925,"subnavigation":false}},"sidebar":{"helper_enable_sidebar":false,"helper_media_contact":{"heading":"Media Contact","manually_enter_person":false,"person":["{\"site_id\":\"78\",\"post_type\":\"person\",\"post_id\":155}"],"name":"","role":"","phone":"","email":""},"helper_links_downloads":{"heading":"Sign up here","links":[{"file_download":false,"link":{"title":"Join Our Election Protection Volunteers","url":"https:\/\/protectthevote.net\/#enroll","target":"_blank"},"file":null}]}},"page_layout":[{"acf_fc_layout":"layout_wysiwyg","_acfe_flexible_toggle":"","component_wysiwyg":{"content":"<a href=\"https:\/\/protectthevote.net\/#enroll\">Inscrivez-vous pour devenir un observateur \u00e9lectoral non partisan et prot\u00e9gez les \u00e9lecteurs du Texas contre l&#039;intimidation dans les bureaux de vote !\u00a0<\/a>\r\n\r\nUn observateur \u00e9lectoral est un b\u00e9n\u00e9vole non partisan qui aide les \u00e9lecteurs \u00e0 l&#039;ext\u00e9rieur de leur bureau de vote. Les observateurs \u00e9lectoraux sont les yeux et les oreilles sur le terrain, \u00e0 l&#039;ext\u00e9rieur des bureaux de vote, pour\u00a0<strong>prot\u00e9ger les \u00e9lecteurs<\/strong>\u00a0contre l&#039;intimidation ou la d\u00e9sinformation dans les bureaux de vote ! Sans observateurs \u00e9lectoraux, nous ne serions pas en mesure de prot\u00e9ger le vote au Texas.\r\n\r\n<a href=\"https:\/\/protectthevote.net\/#enroll\">Inscrivez-vous ici !\u00a0<\/a>"}}]},"yoast_head":"<!-- This site is optimized with the Yoast SEO Premium plugin v26.6 (Yoast SEO v27.1.1) - https:\/\/yoast.com\/product\/yoast-seo-premium-wordpress\/ -->\n<title>Join Our Volunteer Team - Common Cause Texas<\/title>\n<meta name=\"robots\" content=\"index, follow, max-snippet:-1, max-image-preview:large, max-video-preview:-1\" \/>\n<link rel=\"canonical\" href=\"https:\/\/www.commoncause.org\/texas\/fr\/rejoignez-notre-equipe-de-benevoles\/\" \/>\n<meta property=\"og:locale\" content=\"fr_FR\" \/>\n<meta property=\"og:type\" content=\"article\" \/>\n<meta property=\"og:title\" content=\"Join Our Volunteer Team\" \/>\n<meta property=\"og:url\" content=\"https:\/\/www.commoncause.org\/texas\/fr\/rejoignez-notre-equipe-de-benevoles\/\" \/>\n<meta property=\"og:site_name\" content=\"Common Cause Texas\" \/>\n<meta property=\"article:modified_time\" content=\"2024-06-13T17:54:55+00:00\" \/>\n<meta property=\"og:image\" content=\"https:\/\/www.commoncause.org\/texas\/wp-content\/uploads\/2024\/08\/common-cause-share-image.png\" \/>\n\t<meta property=\"og:image:width\" content=\"1200\" \/>\n\t<meta property=\"og:image:height\" content=\"630\" \/>\n\t<meta property=\"og:image:type\" content=\"image\/png\" \/>\n<meta name=\"twitter:card\" content=\"summary_large_image\" \/>\n<script type=\"application\/ld+json\" class=\"yoast-schema-graph\">{\"@context\":\"https:\/\/schema.org\",\"@graph\":[{\"@type\":\"WebPage\",\"@id\":\"https:\/\/www.commoncause.org\/texas\/join-our-volunteer-team\/\",\"url\":\"https:\/\/www.commoncause.org\/texas\/join-our-volunteer-team\/\",\"name\":\"Join Our Volunteer Team - Common Cause Texas\",\"isPartOf\":{\"@id\":\"https:\/\/www.commoncause.org\/texas\/#website\"},\"datePublished\":\"2024-05-07T13:54:03+00:00\",\"dateModified\":\"2024-06-13T17:54:55+00:00\",\"breadcrumb\":{\"@id\":\"https:\/\/www.commoncause.org\/texas\/join-our-volunteer-team\/#breadcrumb\"},\"inLanguage\":\"fr-FR\",\"potentialAction\":[{\"@type\":\"ReadAction\",\"target\":[\"https:\/\/www.commoncause.org\/texas\/join-our-volunteer-team\/\"]}]},{\"@type\":\"BreadcrumbList\",\"@id\":\"https:\/\/www.commoncause.org\/texas\/join-our-volunteer-team\/#breadcrumb\",\"itemListElement\":[{\"@type\":\"ListItem\",\"position\":1,\"name\":\"Home\",\"item\":\"https:\/\/www.commoncause.org\/texas\/\"},{\"@type\":\"ListItem\",\"position\":2,\"name\":\"Join Our Volunteer Team\"}]},{\"@type\":\"WebSite\",\"@id\":\"https:\/\/www.commoncause.org\/texas\/#website\",\"url\":\"https:\/\/www.commoncause.org\/texas\/\",\"name\":\"Common Cause Texas\",\"description\":\"\",\"potentialAction\":[{\"@type\":\"SearchAction\",\"target\":{\"@type\":\"EntryPoint\",\"urlTemplate\":\"https:\/\/www.commoncause.org\/texas\/?s={search_term_string}\"},\"query-input\":{\"@type\":\"PropertyValueSpecification\",\"valueRequired\":true,\"valueName\":\"search_term_string\"}}],\"inLanguage\":\"fr-FR\"}]}<\/script>\n<!-- \/ Yoast SEO Premium plugin. -->","yoast_head_json":{"title":"Rejoignez notre \u00e9quipe de b\u00e9n\u00e9voles \u2013 Common Cause Texas","robots":{"index":"index","follow":"follow","max-snippet":"max-snippet:-1","max-image-preview":"max-image-preview:large","max-video-preview":"max-video-preview:-1"},"canonical":"https:\/\/www.commoncause.org\/texas\/fr\/rejoignez-notre-equipe-de-benevoles\/","og_locale":"fr_FR","og_type":"article","og_title":"Join Our Volunteer Team","og_url":"https:\/\/www.commoncause.org\/texas\/fr\/rejoignez-notre-equipe-de-benevoles\/","og_site_name":"Common Cause Texas","article_modified_time":"2024-06-13T17:54:55+00:00","og_image":[{"width":1200,"height":630,"url":"https:\/\/www.commoncause.org\/texas\/wp-content\/uploads\/2024\/08\/common-cause-share-image.png","type":"image\/png"}],"twitter_card":"summary_large_image","schema":{"@context":"https:\/\/schema.org","@graph":[{"@type":"WebPage","@id":"https:\/\/www.commoncause.org\/texas\/join-our-volunteer-team\/","url":"https:\/\/www.commoncause.org\/texas\/join-our-volunteer-team\/","name":"Rejoignez notre \u00e9quipe de b\u00e9n\u00e9voles \u2013 Common Cause Texas","isPartOf":{"@id":"https:\/\/www.commoncause.org\/texas\/#website"},"datePublished":"2024-05-07T13:54:03+00:00","dateModified":"2024-06-13T17:54:55+00:00","breadcrumb":{"@id":"https:\/\/www.commoncause.org\/texas\/join-our-volunteer-team\/#breadcrumb"},"inLanguage":"fr-FR","potentialAction":[{"@type":"ReadAction","target":["https:\/\/www.commoncause.org\/texas\/join-our-volunteer-team\/"]}]},{"@type":"BreadcrumbList","@id":"https:\/\/www.commoncause.org\/texas\/join-our-volunteer-team\/#breadcrumb","itemListElement":[{"@type":"ListItem","position":1,"name":"Home","item":"https:\/\/www.commoncause.org\/texas\/"},{"@type":"ListItem","position":2,"name":"Join Our Volunteer Team"}]},{"@type":"WebSite","@id":"https:\/\/www.commoncause.org\/texas\/#website","url":"https:\/\/www.commoncause.org\/texas\/","name":"Cause commune au Texas","description":"","potentialAction":[{"@type":"SearchAction","target":{"@type":"EntryPoint","urlTemplate":"https:\/\/www.commoncause.org\/texas\/?s={search_term_string}"},"query-input":{"@type":"PropertyValueSpecification","valueRequired":true,"valueName":"search_term_string"}}],"inLanguage":"fr-FR"}]}},"distributor_meta":false,"distributor_terms":false,"distributor_media":false,"distributor_original_site_name":"Common Cause Texas","distributor_original_site_url":"https:\/\/www.commoncause.org\/texas\/fr","push-errors":false,"_links":{"self":[{"href":"https:\/\/www.commoncause.org\/texas\/fr\/wp-json\/wp\/v2\/pages\/30","targetHints":{"allow":["GET"]}}],"collection":[{"href":"https:\/\/www.commoncause.org\/texas\/fr\/wp-json\/wp\/v2\/pages"}],"about":[{"href":"https:\/\/www.commoncause.org\/texas\/fr\/wp-json\/wp\/v2\/types\/page"}],"author":[{"embeddable":true,"href":"https:\/\/www.commoncause.org\/texas\/fr\/wp-json\/wp\/v2\/users\/2"}],"replies":[{"embeddable":true,"href":"https:\/\/www.commoncause.org\/texas\/fr\/wp-json\/wp\/v2\/comments?post=30"}],"version-history":[{"count":5,"href":"https:\/\/www.commoncause.org\/texas\/fr\/wp-json\/wp\/v2\/pages\/30\/revisions"}],"predecessor-version":[{"id":792,"href":"https:\/\/www.commoncause.org\/texas\/fr\/wp-json\/wp\/v2\/pages\/30\/revisions\/792"}],"wp:attachment":[{"href":"https:\/\/www.commoncause.org\/texas\/fr\/wp-json\/wp\/v2\/media?parent=30"}],"curies":[{"name":"wp","href":"https:\/\/api.w.org\/{rel}","templated":true}]}}