{"id":20,"date":"2024-05-07T13:45:46","date_gmt":"2024-05-07T13:45:46","guid":{"rendered":"https:\/\/www.commoncause.org\/texas\/about-us\/"},"modified":"2025-07-08T14:40:56","modified_gmt":"2025-07-08T19:40:56","slug":"a-propos-de-nous","status":"publish","type":"page","link":"https:\/\/www.commoncause.org\/texas\/fr\/about-us\/","title":{"rendered":"\u00c0 propos de nous"},"content":{"rendered":"","protected":false},"excerpt":{"rendered":"","protected":false},"author":2,"featured_media":0,"parent":0,"menu_order":0,"comment_status":"closed","ping_status":"closed","template":"","meta":{"_acf_changed":false,"_relevanssi_hide_post":"","_relevanssi_hide_content":"","_relevanssi_pin_for_all":"","_relevanssi_pin_keywords":"","_relevanssi_unpin_keywords":"","_relevanssi_related_keywords":"","_relevanssi_related_include_ids":"","_relevanssi_related_exclude_ids":"","_relevanssi_related_no_append":"","_relevanssi_related_not_related":"","_relevanssi_related_posts":"","_relevanssi_noindex_reason":""},"class_list":["post-20","page","type-page","status-publish","hentry"],"acf":{"header":{"component_page_header":{"header_type":"background","title":"Lutter pour la d\u00e9mocratie que nous m\u00e9ritons","lead":"","image":19364,"subnavigation":true}},"sidebar":{"helper_enable_sidebar":false,"helper_media_contact":{"heading":"","manually_enter_person":false,"person":["{\"site_id\":\"78\",\"post_type\":\"person\",\"post_id\":160}","{\"site_id\":\"78\",\"post_type\":\"person\",\"post_id\":155}"],"name":"","role":"","phone":"","email":""},"helper_links_downloads":{"heading":"","links":null}},"page_layout":[{"acf_fc_layout":"layout_wysiwyg","_acfe_flexible_toggle":"","component_wysiwyg":{"content":"<span style=\"font-weight: 400;\">Nous mettons \u00e0 profit notre expertise politique \u00e9prouv\u00e9e, notre r\u00e9seau de sympathisants locaux et notre approche non partisane pour renforcer notre d\u00e9mocratie face aux d\u00e9fis auxquels elle est confront\u00e9e aujourd&#039;hui. Nous travaillons dans tout le Texas sur des priorit\u00e9s qui ont un impact sur nos vies, comme la d\u00e9fense du droit de vote, la responsabilisation accrue de notre gouvernement, la promotion de la transparence, etc.<\/span>\r\n\r\n<span style=\"font-weight: 400;\">Lorsque nous, le peuple, nous nous unissons, nous pouvons faire une diff\u00e9rence r\u00e9elle et durable. Agir avec Common Cause Texas signifie rejoindre un mouvement puissant en qu\u00eate d&#039;une d\u00e9mocratie qui donne \u00e0 tous les Texans une voix dans les d\u00e9cisions qui fa\u00e7onnent notre avenir.<\/span>"}},{"acf_fc_layout":"layout_two_column_text_and_image","_acfe_flexible_toggle":"","component_two_column_text_and_image":{"heading":"","columns":[{"image":"","title":"Our Impact","content":"Common Cause Texas knows how to win reforms that reach every corner of our state. We lead the most important fights for our democracy, no matter where they take place. Learn more about some of our key victories, and how you can play a meaningful role in the fight for an open, honest, and accountable government.","link":{"title":"Our Impact","url":"https:\/\/www.commoncause.org\/texas\/our-impact\/","target":""}},{"image":"","title":"Our Team","content":"The staff at Common Cause Texas work day in and day out in defense of transparency, fairness, and the right to be heard in our democracy. Our expertise and creativity drive all of the crucial work we do for Texans. Get to know us, get connected\u2014and reach out with questions about Common Cause Texas's latest efforts.","link":{"title":"About Us","url":"https:\/\/www.commoncause.org\/texas\/our-people\/","target":""}}]}}]},"yoast_head":"<!-- This site is optimized with the Yoast SEO Premium plugin v26.6 (Yoast SEO v27.1.1) - https:\/\/yoast.com\/product\/yoast-seo-premium-wordpress\/ -->\n<title>About Us - Common Cause Texas<\/title>\n<meta name=\"robots\" content=\"index, follow, max-snippet:-1, max-image-preview:large, max-video-preview:-1\" \/>\n<link rel=\"canonical\" href=\"https:\/\/www.commoncause.org\/texas\/fr\/a-propos-de-nous\/\" \/>\n<meta property=\"og:locale\" content=\"fr_FR\" \/>\n<meta property=\"og:type\" content=\"article\" \/>\n<meta property=\"og:title\" content=\"About Us\" \/>\n<meta property=\"og:url\" content=\"https:\/\/www.commoncause.org\/texas\/fr\/a-propos-de-nous\/\" \/>\n<meta property=\"og:site_name\" content=\"Common Cause Texas\" \/>\n<meta property=\"article:modified_time\" content=\"2025-07-08T19:40:56+00:00\" \/>\n<meta property=\"og:image\" content=\"https:\/\/www.commoncause.org\/texas\/wp-content\/uploads\/2024\/08\/common-cause-share-image.png\" \/>\n\t<meta property=\"og:image:width\" content=\"1200\" \/>\n\t<meta property=\"og:image:height\" content=\"630\" \/>\n\t<meta property=\"og:image:type\" content=\"image\/png\" \/>\n<meta name=\"twitter:card\" content=\"summary_large_image\" \/>\n<script type=\"application\/ld+json\" class=\"yoast-schema-graph\">{\"@context\":\"https:\/\/schema.org\",\"@graph\":[{\"@type\":\"WebPage\",\"@id\":\"https:\/\/www.commoncause.org\/texas\/about-us\/\",\"url\":\"https:\/\/www.commoncause.org\/texas\/about-us\/\",\"name\":\"About Us - Common Cause Texas\",\"isPartOf\":{\"@id\":\"https:\/\/www.commoncause.org\/texas\/#website\"},\"datePublished\":\"2024-05-07T13:45:46+00:00\",\"dateModified\":\"2025-07-08T19:40:56+00:00\",\"breadcrumb\":{\"@id\":\"https:\/\/www.commoncause.org\/texas\/about-us\/#breadcrumb\"},\"inLanguage\":\"fr-FR\",\"potentialAction\":[{\"@type\":\"ReadAction\",\"target\":[\"https:\/\/www.commoncause.org\/texas\/about-us\/\"]}]},{\"@type\":\"BreadcrumbList\",\"@id\":\"https:\/\/www.commoncause.org\/texas\/about-us\/#breadcrumb\",\"itemListElement\":[{\"@type\":\"ListItem\",\"position\":1,\"name\":\"Home\",\"item\":\"https:\/\/www.commoncause.org\/texas\/\"},{\"@type\":\"ListItem\",\"position\":2,\"name\":\"About Us\"}]},{\"@type\":\"WebSite\",\"@id\":\"https:\/\/www.commoncause.org\/texas\/#website\",\"url\":\"https:\/\/www.commoncause.org\/texas\/\",\"name\":\"Common Cause Texas\",\"description\":\"\",\"potentialAction\":[{\"@type\":\"SearchAction\",\"target\":{\"@type\":\"EntryPoint\",\"urlTemplate\":\"https:\/\/www.commoncause.org\/texas\/?s={search_term_string}\"},\"query-input\":{\"@type\":\"PropertyValueSpecification\",\"valueRequired\":true,\"valueName\":\"search_term_string\"}}],\"inLanguage\":\"fr-FR\"}]}<\/script>\n<!-- \/ Yoast SEO Premium plugin. -->","yoast_head_json":{"title":"\u00c0 propos de nous \u2013 Common Cause Texas","robots":{"index":"index","follow":"follow","max-snippet":"max-snippet:-1","max-image-preview":"max-image-preview:large","max-video-preview":"max-video-preview:-1"},"canonical":"https:\/\/www.commoncause.org\/texas\/fr\/a-propos-de-nous\/","og_locale":"fr_FR","og_type":"article","og_title":"About Us","og_url":"https:\/\/www.commoncause.org\/texas\/fr\/a-propos-de-nous\/","og_site_name":"Common Cause Texas","article_modified_time":"2025-07-08T19:40:56+00:00","og_image":[{"width":1200,"height":630,"url":"https:\/\/www.commoncause.org\/texas\/wp-content\/uploads\/2024\/08\/common-cause-share-image.png","type":"image\/png"}],"twitter_card":"summary_large_image","schema":{"@context":"https:\/\/schema.org","@graph":[{"@type":"WebPage","@id":"https:\/\/www.commoncause.org\/texas\/about-us\/","url":"https:\/\/www.commoncause.org\/texas\/about-us\/","name":"\u00c0 propos de nous \u2013 Common Cause Texas","isPartOf":{"@id":"https:\/\/www.commoncause.org\/texas\/#website"},"datePublished":"2024-05-07T13:45:46+00:00","dateModified":"2025-07-08T19:40:56+00:00","breadcrumb":{"@id":"https:\/\/www.commoncause.org\/texas\/about-us\/#breadcrumb"},"inLanguage":"fr-FR","potentialAction":[{"@type":"ReadAction","target":["https:\/\/www.commoncause.org\/texas\/about-us\/"]}]},{"@type":"BreadcrumbList","@id":"https:\/\/www.commoncause.org\/texas\/about-us\/#breadcrumb","itemListElement":[{"@type":"ListItem","position":1,"name":"Home","item":"https:\/\/www.commoncause.org\/texas\/"},{"@type":"ListItem","position":2,"name":"About Us"}]},{"@type":"WebSite","@id":"https:\/\/www.commoncause.org\/texas\/#website","url":"https:\/\/www.commoncause.org\/texas\/","name":"Cause commune au Texas","description":"","potentialAction":[{"@type":"SearchAction","target":{"@type":"EntryPoint","urlTemplate":"https:\/\/www.commoncause.org\/texas\/?s={search_term_string}"},"query-input":{"@type":"PropertyValueSpecification","valueRequired":true,"valueName":"search_term_string"}}],"inLanguage":"fr-FR"}]}},"distributor_meta":false,"distributor_terms":false,"distributor_media":false,"distributor_original_site_name":"Common Cause Texas","distributor_original_site_url":"https:\/\/www.commoncause.org\/texas\/fr","push-errors":false,"_links":{"self":[{"href":"https:\/\/www.commoncause.org\/texas\/fr\/wp-json\/wp\/v2\/pages\/20","targetHints":{"allow":["GET"]}}],"collection":[{"href":"https:\/\/www.commoncause.org\/texas\/fr\/wp-json\/wp\/v2\/pages"}],"about":[{"href":"https:\/\/www.commoncause.org\/texas\/fr\/wp-json\/wp\/v2\/types\/page"}],"author":[{"embeddable":true,"href":"https:\/\/www.commoncause.org\/texas\/fr\/wp-json\/wp\/v2\/users\/2"}],"replies":[{"embeddable":true,"href":"https:\/\/www.commoncause.org\/texas\/fr\/wp-json\/wp\/v2\/comments?post=20"}],"version-history":[{"count":14,"href":"https:\/\/www.commoncause.org\/texas\/fr\/wp-json\/wp\/v2\/pages\/20\/revisions"}],"predecessor-version":[{"id":1812,"href":"https:\/\/www.commoncause.org\/texas\/fr\/wp-json\/wp\/v2\/pages\/20\/revisions\/1812"}],"wp:attachment":[{"href":"https:\/\/www.commoncause.org\/texas\/fr\/wp-json\/wp\/v2\/media?parent=20"}],"curies":[{"name":"wp","href":"https:\/\/api.w.org\/{rel}","templated":true}]}}