{"id":1488,"date":"2025-01-03T15:15:54","date_gmt":"2025-01-03T21:15:54","guid":{"rendered":"https:\/\/www.commoncause.org\/texas\/?page_id=1488"},"modified":"2025-07-16T15:03:14","modified_gmt":"2025-07-16T20:03:14","slug":"centro-de-lectura","status":"publish","type":"page","link":"https:\/\/www.commoncause.org\/texas\/es\/lege-hub\/","title":{"rendered":"Centro de Acci\u00f3n Legislativa"},"content":{"rendered":"","protected":false},"excerpt":{"rendered":"","protected":false},"author":30,"featured_media":0,"parent":0,"menu_order":0,"comment_status":"closed","ping_status":"closed","template":"","meta":{"_acf_changed":false,"_relevanssi_hide_post":"","_relevanssi_hide_content":"","_relevanssi_pin_for_all":"","_relevanssi_pin_keywords":"","_relevanssi_unpin_keywords":"","_relevanssi_related_keywords":"","_relevanssi_related_include_ids":"","_relevanssi_related_exclude_ids":"","_relevanssi_related_no_append":"","_relevanssi_related_not_related":"","_relevanssi_related_posts":"","_relevanssi_noindex_reason":""},"class_list":["post-1488","page","type-page","status-publish","hentry"],"acf":{"header":{"component_page_header":{"header_type":"background","title":"Centro de Acci\u00f3n Legislativa","lead":"Become a legislative advocate! Learn the basics of the Texas Legislature, keep up with State House and Senate hearings, get updates on what bills are advancing and more!","image":25121,"subnavigation":false}},"sidebar":{"helper_enable_sidebar":false,"helper_media_contact":{"heading":"Media Contact","manually_enter_person":false,"person":"","name":"","role":"","phone":"","email":""},"helper_links_downloads":{"heading":"Links & Downloads","links":null}},"page_layout":[{"acf_fc_layout":"layout_wysiwyg","_acfe_flexible_toggle":"","component_wysiwyg":{"content":"<p data-pm-slice=\"1 1 []\"><strong>Es oficial: el gobernador Abbott ha convocado una sesi\u00f3n extraordinaria que comenzar\u00e1 el lunes 21 de julio. Durante 30 d\u00edas, la Legislatura del Estado de Texas se reunir\u00e1 para realizar cambios en las leyes estatales que rigen y afectan nuestra vida cotidiana. Entre los temas a tratar se incluyen la redistribuci\u00f3n de distritos, la ayuda por inundaciones, cambios en las facultades electorales del Fiscal General y m\u00e1s. Debemos priorizar a las personas sobre la pol\u00edtica; inf\u00f3rmese f\u00e1cilmente sobre la pr\u00f3xima sesi\u00f3n legislativa y conozca las maneras de participar con sus representantes electos.<\/strong><\/p>"}},{"acf_fc_layout":"layout_basic_html","_acfe_flexible_toggle":"","component_basic_html":{"heading":"Not sure how to testify? We got you ","code":"<div style=\"position: relative; width: 100%; height: 0; padding-top: 56.2500%;\r\n padding-bottom: 0; box-shadow: 0 2px 8px 0 rgba(63,69,81,0.16); margin-top: 1.6em; margin-bottom: 0.9em; overflow: hidden;\r\n border-radius: 8px; will-change: transform;\">\r\n  <iframe loading=\"lazy\" style=\"position: absolute; width: 100%; height: 100%; top: 0; left: 0; border: none; padding: 0;margin: 0;\"\r\n    src=\"https:\/\/www.canva.com\/design\/DAGdhCrWLaI\/RkPbZJZvAMBeepTBxGARng\/view?embed\" allowfullscreen=\"allowfullscreen\" allow=\"fullscreen\">\r\n  <\/iframe>\r\n<\/div>\r\n<a href=\"https:&#x2F;&#x2F;www.canva.com&#x2F;design&#x2F;DAGdhCrWLaI&#x2F;RkPbZJZvAMBeepTBxGARng&#x2F;view?utm_content=DAGdhCrWLaI&amp;utm_campaign=designshare&amp;utm_medium=embeds&amp;utm_source=link\" target=\"_blank\" ","width":"medium"}},{"acf_fc_layout":"layout_basic_html","_acfe_flexible_toggle":"","component_basic_html":{"heading":"Watch our testimonies here!","code":"<div style=\"position: relative; width: 100%; height: 0; padding-top: 56.2500%;\r\n padding-bottom: 0; box-shadow: 0 2px 8px 0 rgba(63,69,81,0.16); margin-top: 1.6em; margin-bottom: 0.9em; overflow: hidden;\r\n border-radius: 8px; will-change: transform;\">\r\n  <iframe loading=\"lazy\" style=\"position: absolute; width: 100%; height: 100%; top: 0; left: 0; border: none; padding: 0;margin: 0;\"\r\n    src=\"https:\/\/www.canva.com\/design\/DAGiNaBscJ4\/zklzf6cYuvEEKhtx0qZ6dA\/view?embed\" allowfullscreen=\"allowfullscreen\" allow=\"fullscreen\">\r\n  <\/iframe>\r\n<\/div>\r\n<a href=\"https:&#x2F;&#x2F;www.canva.com&#x2F;design&#x2F;DAGiNaBscJ4&#x2F;zklzf6cYuvEEKhtx0qZ6dA&#x2F;view?utm_content=DAGiNaBscJ4&amp;utm_campaign=designshare&amp;utm_medium=embeds&amp;utm_source=link\" target=\"_blank\" rel=\"noopener\">","width":"medium"}},{"acf_fc_layout":"layout_accordion","_acfe_flexible_toggle":"","component_accordion":{"heading":"Stay informed","panels":[{"panel_heading":"Who is making decisions about Texas elections?","panel_copy":"<a href=\"https:\/\/docs.google.com\/document\/d\/e\/2PACX-1vQXZ4vL7YgfmQWgpkSGNnFOdDjJ6szQaT00FKQ0BBGQtjR3poYqwn6VAKs6CrXLVqU55Wjk_lAp0fbS\/pub\">See the House and Senate committee members (and the voting bills they've filed) here.<\/a>"},{"panel_heading":"Which bills has Common Cause taken action on?","panel_copy":"<a href=\"https:\/\/docs.google.com\/spreadsheets\/d\/e\/2PACX-1vRvUgIvHwUXdRalQvsNwViqoIErET5ibV0rmqKyT9jPvK76gVQsd8Q9jyzMQsIK3_uWEuM8Szx-1ZHx\/pubhtml?gid=1167506531&amp;single=true\">You can see issues we've testified or dropped cards on at this link<\/a>."},{"panel_heading":"Who represents me? ","panel_copy":"<a href=\"https:\/\/www.commoncause.org\/find-your-representative\">Find your representative here.\u00a0<\/a>"},{"panel_heading":"Contact your Senator!","panel_copy":"<a href=\"https:\/\/act.commoncause.org\/letters\/tell-your-senator-reject-anti-voter-bills\/?_ga=2.96236380.1594014462.1735934647-1953739359.1735934646\">Tell your senator to REJECT anti-voter bills here.\u00a0<\/a>"},{"panel_heading":"Watch House hearings here!","panel_copy":"Watch livestreams of the Texas House hearings <a href=\"https:\/\/house.texas.gov\/videos\">here.<\/a>"},{"panel_heading":"Watch Senate hearings here!","panel_copy":"Watch livestreams of the Texas Senate hearings <a href=\"https:\/\/www.senate.texas.gov\/av-live.php\">here.<\/a>\r\n\r\nDid you miss the livestream? Watch recorded hearings <a href=\"https:\/\/www.senate.texas.gov\/av-archive.php\">here.<\/a>"}]}},{"acf_fc_layout":"layout_basic_html","_acfe_flexible_toggle":"","component_basic_html":{"heading":"Everything you need to know about the Texas Legislature","code":"<div style=\"position: relative; width: 100%; height: 0; padding-top: 56.2500%;\r\n padding-bottom: 0; box-shadow: 0 2px 8px 0 rgba(63,69,81,0.16); margin-top: 1.6em; margin-bottom: 0.9em; overflow: hidden;\r\n border-radius: 8px; will-change: transform;\">\r\n  <iframe loading=\"lazy\" style=\"position: absolute; width: 100%; height: 100%; top: 0; left: 0; border: none; padding: 0;margin: 0;\"\r\n    src=\"https:\/\/www.canva.com\/design\/DAGb0dbOfi8\/wIcqZ5I7_kqRDbuEcO5bgA\/view?embed\" allowfullscreen=\"allowfullscreen\" allow=\"fullscreen\">\r\n  <\/iframe>\r\n<\/div>\r\n<a href=\"https:&#x2F;&#x2F;www.canva.com&#x2F;design&#x2F;DAGb0dbOfi8&#x2F;wIcqZ5I7_kqRDbuEcO5bgA&#x2F;view?utm_content=DAGb0dbOfi8&amp;utm_campaign=designshare&amp;utm_medium=embeds&amp;utm_source=link\" target=\"_blank\" rel=\"noopener\">","width":"medium"}},{"acf_fc_layout":"layout_email_signup","_acfe_flexible_toggle":"","component_email_signup":{"":null,"small_title":"","large_title":"Sign up for our Legislative e-newsletter!","action_network_embed":"","disclaimer":""}},{"acf_fc_layout":"layout_featured_action","_acfe_flexible_toggle":"","component_featured_action":{"action_to_show":"choose","image_side":"left","action":["{\"site_id\":\"78\",\"post_type\":\"act\",\"post_id\":421}"],"title":"","summary":"","post_link":null,"secondary_link":null}}]},"yoast_head":"<!-- This site is optimized with the Yoast SEO Premium plugin v26.6 (Yoast SEO v27.1.1) - https:\/\/yoast.com\/product\/yoast-seo-premium-wordpress\/ -->\n<title>Legislative Action Hub - Common Cause Texas<\/title>\n<meta name=\"description\" content=\"Learn the basics of the Texas Legislature, keep up with State House and Senate hearings, get updates on what bills are advancing and more!\" \/>\n<meta name=\"robots\" content=\"index, follow, max-snippet:-1, max-image-preview:large, max-video-preview:-1\" \/>\n<link rel=\"canonical\" href=\"https:\/\/www.commoncause.org\/texas\/es\/centro-de-lectura\/\" \/>\n<meta property=\"og:locale\" content=\"es_MX\" \/>\n<meta property=\"og:type\" content=\"article\" \/>\n<meta property=\"og:title\" content=\"Legislative Action Hub\" \/>\n<meta property=\"og:description\" content=\"Learn the basics of the Texas Legislature, keep up with State House and Senate hearings, get updates on what bills are advancing and more!\" \/>\n<meta property=\"og:url\" content=\"https:\/\/www.commoncause.org\/texas\/es\/centro-de-lectura\/\" \/>\n<meta property=\"og:site_name\" content=\"Common Cause Texas\" \/>\n<meta property=\"article:modified_time\" content=\"2025-07-16T20:03:14+00:00\" \/>\n<meta property=\"og:image\" content=\"https:\/\/www.commoncause.org\/texas\/wp-content\/uploads\/2024\/08\/common-cause-share-image.png\" \/>\n\t<meta property=\"og:image:width\" content=\"1200\" \/>\n\t<meta property=\"og:image:height\" content=\"630\" \/>\n\t<meta property=\"og:image:type\" content=\"image\/png\" \/>\n<meta name=\"twitter:card\" content=\"summary_large_image\" \/>\n<script type=\"application\/ld+json\" class=\"yoast-schema-graph\">{\"@context\":\"https:\/\/schema.org\",\"@graph\":[{\"@type\":\"WebPage\",\"@id\":\"https:\/\/www.commoncause.org\/texas\/lege-hub\/\",\"url\":\"https:\/\/www.commoncause.org\/texas\/lege-hub\/\",\"name\":\"Legislative Action Hub - Common Cause Texas\",\"isPartOf\":{\"@id\":\"https:\/\/www.commoncause.org\/texas\/#website\"},\"datePublished\":\"2025-01-03T21:15:54+00:00\",\"dateModified\":\"2025-07-16T20:03:14+00:00\",\"description\":\"Learn the basics of the Texas Legislature, keep up with State House and Senate hearings, get updates on what bills are advancing and more!\",\"breadcrumb\":{\"@id\":\"https:\/\/www.commoncause.org\/texas\/lege-hub\/#breadcrumb\"},\"inLanguage\":\"es\",\"potentialAction\":[{\"@type\":\"ReadAction\",\"target\":[\"https:\/\/www.commoncause.org\/texas\/lege-hub\/\"]}]},{\"@type\":\"BreadcrumbList\",\"@id\":\"https:\/\/www.commoncause.org\/texas\/lege-hub\/#breadcrumb\",\"itemListElement\":[{\"@type\":\"ListItem\",\"position\":1,\"name\":\"Home\",\"item\":\"https:\/\/www.commoncause.org\/texas\/\"},{\"@type\":\"ListItem\",\"position\":2,\"name\":\"Legislative Action Hub\"}]},{\"@type\":\"WebSite\",\"@id\":\"https:\/\/www.commoncause.org\/texas\/#website\",\"url\":\"https:\/\/www.commoncause.org\/texas\/\",\"name\":\"Common Cause Texas\",\"description\":\"\",\"potentialAction\":[{\"@type\":\"SearchAction\",\"target\":{\"@type\":\"EntryPoint\",\"urlTemplate\":\"https:\/\/www.commoncause.org\/texas\/?s={search_term_string}\"},\"query-input\":{\"@type\":\"PropertyValueSpecification\",\"valueRequired\":true,\"valueName\":\"search_term_string\"}}],\"inLanguage\":\"es\"}]}<\/script>\n<!-- \/ Yoast SEO Premium plugin. -->","yoast_head_json":{"title":"Centro de acci\u00f3n legislativa - Causa com\u00fan Texas","description":"\u00a1Aprenda los conceptos b\u00e1sicos de la Legislatura de Texas, mant\u00e9ngase al d\u00eda con las audiencias de la C\u00e1mara de Representantes y el Senado estatales, obtenga actualizaciones sobre qu\u00e9 proyectos de ley est\u00e1n avanzando y m\u00e1s!","robots":{"index":"index","follow":"follow","max-snippet":"max-snippet:-1","max-image-preview":"max-image-preview:large","max-video-preview":"max-video-preview:-1"},"canonical":"https:\/\/www.commoncause.org\/texas\/es\/centro-de-lectura\/","og_locale":"es_MX","og_type":"article","og_title":"Legislative Action Hub","og_description":"Learn the basics of the Texas Legislature, keep up with State House and Senate hearings, get updates on what bills are advancing and more!","og_url":"https:\/\/www.commoncause.org\/texas\/es\/centro-de-lectura\/","og_site_name":"Common Cause Texas","article_modified_time":"2025-07-16T20:03:14+00:00","og_image":[{"width":1200,"height":630,"url":"https:\/\/www.commoncause.org\/texas\/wp-content\/uploads\/2024\/08\/common-cause-share-image.png","type":"image\/png"}],"twitter_card":"summary_large_image","schema":{"@context":"https:\/\/schema.org","@graph":[{"@type":"WebPage","@id":"https:\/\/www.commoncause.org\/texas\/lege-hub\/","url":"https:\/\/www.commoncause.org\/texas\/lege-hub\/","name":"Centro de acci\u00f3n legislativa - Causa com\u00fan Texas","isPartOf":{"@id":"https:\/\/www.commoncause.org\/texas\/#website"},"datePublished":"2025-01-03T21:15:54+00:00","dateModified":"2025-07-16T20:03:14+00:00","description":"\u00a1Aprenda los conceptos b\u00e1sicos de la Legislatura de Texas, mant\u00e9ngase al d\u00eda con las audiencias de la C\u00e1mara de Representantes y el Senado estatales, obtenga actualizaciones sobre qu\u00e9 proyectos de ley est\u00e1n avanzando y m\u00e1s!","breadcrumb":{"@id":"https:\/\/www.commoncause.org\/texas\/lege-hub\/#breadcrumb"},"inLanguage":"es","potentialAction":[{"@type":"ReadAction","target":["https:\/\/www.commoncause.org\/texas\/lege-hub\/"]}]},{"@type":"BreadcrumbList","@id":"https:\/\/www.commoncause.org\/texas\/lege-hub\/#breadcrumb","itemListElement":[{"@type":"ListItem","position":1,"name":"Home","item":"https:\/\/www.commoncause.org\/texas\/"},{"@type":"ListItem","position":2,"name":"Legislative Action Hub"}]},{"@type":"WebSite","@id":"https:\/\/www.commoncause.org\/texas\/#website","url":"https:\/\/www.commoncause.org\/texas\/","name":"Causa com\u00fan en Texas","description":"","potentialAction":[{"@type":"SearchAction","target":{"@type":"EntryPoint","urlTemplate":"https:\/\/www.commoncause.org\/texas\/?s={search_term_string}"},"query-input":{"@type":"PropertyValueSpecification","valueRequired":true,"valueName":"search_term_string"}}],"inLanguage":"es"}]}},"distributor_meta":false,"distributor_terms":false,"distributor_media":false,"distributor_original_site_name":"Common Cause Texas","distributor_original_site_url":"https:\/\/www.commoncause.org\/texas\/es","push-errors":false,"_links":{"self":[{"href":"https:\/\/www.commoncause.org\/texas\/es\/wp-json\/wp\/v2\/pages\/1488","targetHints":{"allow":["GET"]}}],"collection":[{"href":"https:\/\/www.commoncause.org\/texas\/es\/wp-json\/wp\/v2\/pages"}],"about":[{"href":"https:\/\/www.commoncause.org\/texas\/es\/wp-json\/wp\/v2\/types\/page"}],"author":[{"embeddable":true,"href":"https:\/\/www.commoncause.org\/texas\/es\/wp-json\/wp\/v2\/users\/30"}],"replies":[{"embeddable":true,"href":"https:\/\/www.commoncause.org\/texas\/es\/wp-json\/wp\/v2\/comments?post=1488"}],"version-history":[{"count":29,"href":"https:\/\/www.commoncause.org\/texas\/es\/wp-json\/wp\/v2\/pages\/1488\/revisions"}],"predecessor-version":[{"id":1817,"href":"https:\/\/www.commoncause.org\/texas\/es\/wp-json\/wp\/v2\/pages\/1488\/revisions\/1817"}],"wp:attachment":[{"href":"https:\/\/www.commoncause.org\/texas\/es\/wp-json\/wp\/v2\/media?parent=1488"}],"curies":[{"name":"Gracias","href":"https:\/\/api.w.org\/{rel}","templated":true}]}}