{"id":47,"date":"2024-05-07T15:23:18","date_gmt":"2024-05-07T15:23:18","guid":{"rendered":"https:\/\/www.commoncause.org\/rhode-island\/home\/"},"modified":"2026-01-15T13:00:12","modified_gmt":"2026-01-15T18:00:12","slug":"lar","status":"publish","type":"page","link":"https:\/\/www.commoncause.org\/rhode-island\/pt\/","title":{"rendered":"Lar"},"content":{"rendered":"","protected":false},"excerpt":{"rendered":"","protected":false},"author":2,"featured_media":0,"parent":0,"menu_order":0,"comment_status":"closed","ping_status":"closed","template":"","meta":{"_acf_changed":false,"_relevanssi_hide_post":"","_relevanssi_hide_content":"","_relevanssi_pin_for_all":"","_relevanssi_pin_keywords":"","_relevanssi_unpin_keywords":"","_relevanssi_related_keywords":"","_relevanssi_related_include_ids":"","_relevanssi_related_exclude_ids":"","_relevanssi_related_no_append":"","_relevanssi_related_not_related":"","_relevanssi_related_posts":"","_relevanssi_noindex_reason":""},"class_list":["post-47","page","type-page","status-publish","hentry"],"acf":{"page_layout":[{"acf_fc_layout":"layout_latest_victory","_acfe_flexible_toggle":null,"component_latest_victory":{"manually_curate":true,"latest_content":"article","button_text":"Read About Our Victory","title":"Protegendo o direito ao voto em Rhode Island","summary":"We're fighting to protect your rights by passing the Rhode Island Voting Rights Act","button":{"title":"Learn about the Rhode Island Voting Rights Act","url":"https:\/\/act.commoncause.org\/events\/the-history-and-future-of-voting-rights-in-rhode-island\/","target":""},"image":19380,"darker":false}},{"acf_fc_layout":"layout_featured_work","_acfe_flexible_toggle":null,"component_featured_work":{"content_type":"work","button_text":"View This Campaign","secondary_link":null,"manually_curate":true,"small_title":"","large_title":"Demystifying Democracy 2026","summary":"Since 2017 we've educated thousands of Rhode Islanders to better understand state and local government and empower them to make change in their democracy","button":{"title":"Demystifying Democracy 2026","url":"https:\/\/www.commoncause.org\/rhode-island\/work\/demystifying-democracy\/","target":""},"small_link":{"title":"See all events","url":"https:\/\/www.commoncause.org\/rhode-island\/events\/","target":""},"image":25250}},{"acf_fc_layout":"layout_about_us","_acfe_flexible_toggle":null,"component_about_us":{"intro_title":"About Us","main_title":"Building a Government that Works for [highlight]All of Us[\/highlight]","summary":"With the support of our members, Common Cause Rhode Island wins concrete, pro-democracy reforms that break down barriers to participation, promote accountability, and ensure that each of us has a voice.","button":{"title":"Discover Our Impact","url":"https:\/\/www.commoncause.org\/our-impact\/","target":""},"image":1663}},{"acf_fc_layout":"layout_featured_action","_acfe_flexible_toggle":null,"component_featured_action":{"action_to_show":"manual","image_side":"right","action":[984],"title":"Registro de eleitores no mesmo dia","summary":"Rhode Island has the longest voter registration deadline in the country, disenfranchising thousands of otherwise eligible voters every election year. We are working to expand access to the ballot by bringing same day voter registration to Rhode Island. You can help us win this needed reform.","post_link":{"title":"Petition: Let RI Vote for Same Day Registration!","url":"https:\/\/www.commoncause.org\/rhode-island\/actions\/petition-let-ri-vote-for-same-day-registration\/","target":""},"secondary_link":""}},{"acf_fc_layout":"layout_email_signup","_acfe_flexible_toggle":null,"component_email_signup":{"":null,"small_title":"Sign up for breaking news and action alerts about democracy in your Rhode Island and nationwide.","large_title":"JOIN OUR MOVEMENT","action_network_embed":"","disclaimer":"*Opt in to mobile messages from Common Cause. Message and data rates apply. Reply STOP to unsubscribe. Reply HELP for help. Periodic messages with updates and news about our work. Privacy policy & ToS."}},{"acf_fc_layout":"layout_statistics","_acfe_flexible_toggle":null,"component_statistics":{"title":"A Common Cause \u00e9 uma organiza\u00e7\u00e3o apartid\u00e1ria com membros em todos os distritos eleitorais.","statistics":[{"component_statistic":{"number":"7,000","text":"Members and supporters in Rhode Island","source":"Rhode Islanders like you power everything that we do for our democracy."}},{"component_statistic":{"number":"39","text":"Cities and towns with Common Cause Rhode Island members","source":"Our supporters live and take action in every corner of Rhode Island."}},{"component_statistic":{"number":"50+","text":"Years of proven results in Rhode Island and nationally","source":"Common Cause Rhode Island has a half century track records of winning good government reform."}}]}},{"acf_fc_layout":"layout_map","_acfe_flexible_toggle":null,"component_map":{"":null}}]},"yoast_head":"<!-- This site is optimized with the Yoast SEO Premium plugin v26.6 (Yoast SEO v27.1.1) - https:\/\/yoast.com\/product\/yoast-seo-premium-wordpress\/ -->\n<title>Home - Common Cause Rhode Island<\/title>\n<meta name=\"robots\" content=\"index, follow, max-snippet:-1, max-image-preview:large, max-video-preview:-1\" \/>\n<link rel=\"canonical\" href=\"https:\/\/www.commoncause.org\/rhode-island\/pt\/\" \/>\n<meta property=\"og:locale\" content=\"pt_PT\" \/>\n<meta property=\"og:type\" content=\"article\" \/>\n<meta property=\"og:title\" content=\"Home\" \/>\n<meta property=\"og:url\" content=\"https:\/\/www.commoncause.org\/rhode-island\/pt\/\" \/>\n<meta property=\"og:site_name\" content=\"Common Cause Rhode Island\" \/>\n<meta property=\"article:modified_time\" content=\"2026-01-15T18:00:12+00:00\" \/>\n<meta property=\"og:image\" content=\"https:\/\/www.commoncause.org\/rhode-island\/wp-content\/uploads\/2024\/08\/common-cause-share-image.png\" \/>\n\t<meta property=\"og:image:width\" content=\"1200\" \/>\n\t<meta property=\"og:image:height\" content=\"630\" \/>\n\t<meta property=\"og:image:type\" content=\"image\/png\" \/>\n<meta name=\"twitter:card\" content=\"summary_large_image\" \/>\n<script type=\"application\/ld+json\" class=\"yoast-schema-graph\">{\"@context\":\"https:\/\/schema.org\",\"@graph\":[{\"@type\":\"WebPage\",\"@id\":\"https:\/\/www.commoncause.org\/rhode-island\/\",\"url\":\"https:\/\/www.commoncause.org\/rhode-island\/\",\"name\":\"Home - Common Cause Rhode Island\",\"isPartOf\":{\"@id\":\"https:\/\/www.commoncause.org\/rhode-island\/#website\"},\"datePublished\":\"2024-05-07T15:23:18+00:00\",\"dateModified\":\"2026-01-15T18:00:12+00:00\",\"breadcrumb\":{\"@id\":\"https:\/\/www.commoncause.org\/rhode-island\/#breadcrumb\"},\"inLanguage\":\"pt-PT\",\"potentialAction\":[{\"@type\":\"ReadAction\",\"target\":[\"https:\/\/www.commoncause.org\/rhode-island\/\"]}]},{\"@type\":\"BreadcrumbList\",\"@id\":\"https:\/\/www.commoncause.org\/rhode-island\/#breadcrumb\",\"itemListElement\":[{\"@type\":\"ListItem\",\"position\":1,\"name\":\"Home\",\"item\":\"https:\/\/www.commoncause.org\/rhode-island\/\"},{\"@type\":\"ListItem\",\"position\":2,\"name\":\"Home\"}]},{\"@type\":\"WebSite\",\"@id\":\"https:\/\/www.commoncause.org\/rhode-island\/#website\",\"url\":\"https:\/\/www.commoncause.org\/rhode-island\/\",\"name\":\"Common Cause Rhode Island\",\"description\":\"\",\"potentialAction\":[{\"@type\":\"SearchAction\",\"target\":{\"@type\":\"EntryPoint\",\"urlTemplate\":\"https:\/\/www.commoncause.org\/rhode-island\/?s={search_term_string}\"},\"query-input\":{\"@type\":\"PropertyValueSpecification\",\"valueRequired\":true,\"valueName\":\"search_term_string\"}}],\"inLanguage\":\"pt-PT\"}]}<\/script>\n<!-- \/ Yoast SEO Premium plugin. -->","yoast_head_json":{"title":"In\u00edcio - Causa Comum Rhode Island","robots":{"index":"index","follow":"follow","max-snippet":"max-snippet:-1","max-image-preview":"max-image-preview:large","max-video-preview":"max-video-preview:-1"},"canonical":"https:\/\/www.commoncause.org\/rhode-island\/pt\/","og_locale":"pt_PT","og_type":"article","og_title":"Home","og_url":"https:\/\/www.commoncause.org\/rhode-island\/pt\/","og_site_name":"Common Cause Rhode Island","article_modified_time":"2026-01-15T18:00:12+00:00","og_image":[{"width":1200,"height":630,"url":"https:\/\/www.commoncause.org\/rhode-island\/wp-content\/uploads\/2024\/08\/common-cause-share-image.png","type":"image\/png"}],"twitter_card":"summary_large_image","schema":{"@context":"https:\/\/schema.org","@graph":[{"@type":"WebPage","@id":"https:\/\/www.commoncause.org\/rhode-island\/","url":"https:\/\/www.commoncause.org\/rhode-island\/","name":"In\u00edcio - Causa Comum Rhode Island","isPartOf":{"@id":"https:\/\/www.commoncause.org\/rhode-island\/#website"},"datePublished":"2024-05-07T15:23:18+00:00","dateModified":"2026-01-15T18:00:12+00:00","breadcrumb":{"@id":"https:\/\/www.commoncause.org\/rhode-island\/#breadcrumb"},"inLanguage":"pt-PT","potentialAction":[{"@type":"ReadAction","target":["https:\/\/www.commoncause.org\/rhode-island\/"]}]},{"@type":"BreadcrumbList","@id":"https:\/\/www.commoncause.org\/rhode-island\/#breadcrumb","itemListElement":[{"@type":"ListItem","position":1,"name":"Home","item":"https:\/\/www.commoncause.org\/rhode-island\/"},{"@type":"ListItem","position":2,"name":"Home"}]},{"@type":"WebSite","@id":"https:\/\/www.commoncause.org\/rhode-island\/#website","url":"https:\/\/www.commoncause.org\/rhode-island\/","name":"Causa Comum Rhode Island","description":"","potentialAction":[{"@type":"SearchAction","target":{"@type":"EntryPoint","urlTemplate":"https:\/\/www.commoncause.org\/rhode-island\/?s={search_term_string}"},"query-input":{"@type":"PropertyValueSpecification","valueRequired":true,"valueName":"search_term_string"}}],"inLanguage":"pt-PT"}]}},"distributor_meta":false,"distributor_terms":false,"distributor_media":false,"distributor_original_site_name":"Common Cause Rhode Island","distributor_original_site_url":"https:\/\/www.commoncause.org\/rhode-island\/pt","push-errors":false,"_links":{"self":[{"href":"https:\/\/www.commoncause.org\/rhode-island\/pt\/wp-json\/wp\/v2\/pages\/47","targetHints":{"allow":["GET"]}}],"collection":[{"href":"https:\/\/www.commoncause.org\/rhode-island\/pt\/wp-json\/wp\/v2\/pages"}],"about":[{"href":"https:\/\/www.commoncause.org\/rhode-island\/pt\/wp-json\/wp\/v2\/types\/page"}],"author":[{"embeddable":true,"href":"https:\/\/www.commoncause.org\/rhode-island\/pt\/wp-json\/wp\/v2\/users\/2"}],"replies":[{"embeddable":true,"href":"https:\/\/www.commoncause.org\/rhode-island\/pt\/wp-json\/wp\/v2\/comments?post=47"}],"version-history":[{"count":16,"href":"https:\/\/www.commoncause.org\/rhode-island\/pt\/wp-json\/wp\/v2\/pages\/47\/revisions"}],"predecessor-version":[{"id":2348,"href":"https:\/\/www.commoncause.org\/rhode-island\/pt\/wp-json\/wp\/v2\/pages\/47\/revisions\/2348"}],"wp:attachment":[{"href":"https:\/\/www.commoncause.org\/rhode-island\/pt\/wp-json\/wp\/v2\/media?parent=47"}],"curies":[{"name":"wp","href":"https:\/\/api.w.org\/{rel}","templated":true}]}}