{"id":27,"date":"2024-05-07T13:52:01","date_gmt":"2024-05-07T13:52:01","guid":{"rendered":"https:\/\/www.commoncause.org\/rhode-island\/contact\/"},"modified":"2026-01-15T13:02:47","modified_gmt":"2026-01-15T18:02:47","slug":"contato","status":"publish","type":"page","link":"https:\/\/www.commoncause.org\/rhode-island\/pt\/contact\/","title":{"rendered":"Contate-nos"},"content":{"rendered":"","protected":false},"excerpt":{"rendered":"","protected":false},"author":2,"featured_media":0,"parent":0,"menu_order":0,"comment_status":"closed","ping_status":"closed","template":"","meta":{"_acf_changed":false,"_relevanssi_hide_post":"","_relevanssi_hide_content":"","_relevanssi_pin_for_all":"","_relevanssi_pin_keywords":"","_relevanssi_unpin_keywords":"","_relevanssi_related_keywords":"","_relevanssi_related_include_ids":"","_relevanssi_related_exclude_ids":"","_relevanssi_related_no_append":"","_relevanssi_related_not_related":"","_relevanssi_related_posts":"","_relevanssi_noindex_reason":""},"class_list":["post-27","page","type-page","status-publish","hentry"],"acf":{"header":{"component_page_header":{"header_type":"default","title":"Contate-nos","lead":"","image":19583,"subnavigation":false}},"sidebar":{"helper_enable_sidebar":false,"helper_media_contact":{"heading":"Media Contact","manually_enter_person":false,"person":["{\"site_id\":\"74\",\"post_type\":\"person\",\"post_id\":836}"],"name":"","role":"","phone":"","email":""},"helper_links_downloads":{"heading":"Links & Downloads","links":null}},"page_layout":[{"acf_fc_layout":"layout_wysiwyg","_acfe_flexible_toggle":null,"component_wysiwyg":{"content":"<div class=\"col-xs-12 col-md-8\">\r\n<h2>Entre em contato<\/h2>\r\nA Common Cause Rhode Island est\u00e1 comprometida em promover um governo honesto, aberto e respons\u00e1vel, bem como em incentivar a participa\u00e7\u00e3o cidad\u00e3 na democracia. Valorizamos a opini\u00e3o de nossos membros e apoiadores. Se voc\u00ea tiver alguma d\u00favida sobre a\u00e7\u00f5es de base, doa\u00e7\u00f5es (online ou offline) ou sobre como se tornar membro da Common Cause, entre em contato com Alicia pelo e-mail [inserir e-mail aqui]. <a href=\"mailto:rhodeisland@commoncause.org\">rhodeisland@commoncause.org<\/a> ou ligue para 401.861.2322. Se voc\u00ea for membro da imprensa, envie um e-mail para John Marion em <a href=\"mailto: jmarion@commoncause.org\">jmarion@commoncause.org<\/a> ou ligue para 401.861.2322. Nosso endere\u00e7o postal \u00e9: 245 Waterman Street, Suite 105, Providence, RI 02906. Nosso n\u00famero de telefone \u00e9 401.861.2322.\r\n\r\n<\/div>"}}]},"yoast_head":"<!-- This site is optimized with the Yoast SEO Premium plugin v26.6 (Yoast SEO v27.1.1) - https:\/\/yoast.com\/product\/yoast-seo-premium-wordpress\/ -->\n<title>Contact Us - Common Cause Rhode Island<\/title>\n<meta name=\"robots\" content=\"index, follow, max-snippet:-1, max-image-preview:large, max-video-preview:-1\" \/>\n<link rel=\"canonical\" href=\"https:\/\/www.commoncause.org\/rhode-island\/pt\/contato\/\" \/>\n<meta property=\"og:locale\" content=\"pt_PT\" \/>\n<meta property=\"og:type\" content=\"article\" \/>\n<meta property=\"og:title\" content=\"Contact Us\" \/>\n<meta property=\"og:url\" content=\"https:\/\/www.commoncause.org\/rhode-island\/pt\/contato\/\" \/>\n<meta property=\"og:site_name\" content=\"Common Cause Rhode Island\" \/>\n<meta property=\"article:modified_time\" content=\"2026-01-15T18:02:47+00:00\" \/>\n<meta property=\"og:image\" content=\"https:\/\/www.commoncause.org\/rhode-island\/wp-content\/uploads\/2024\/08\/common-cause-share-image.png\" \/>\n\t<meta property=\"og:image:width\" content=\"1200\" \/>\n\t<meta property=\"og:image:height\" content=\"630\" \/>\n\t<meta property=\"og:image:type\" content=\"image\/png\" \/>\n<meta name=\"twitter:card\" content=\"summary_large_image\" \/>\n<script type=\"application\/ld+json\" class=\"yoast-schema-graph\">{\"@context\":\"https:\/\/schema.org\",\"@graph\":[{\"@type\":\"WebPage\",\"@id\":\"https:\/\/www.commoncause.org\/rhode-island\/contact\/\",\"url\":\"https:\/\/www.commoncause.org\/rhode-island\/contact\/\",\"name\":\"Contact Us - Common Cause Rhode Island\",\"isPartOf\":{\"@id\":\"https:\/\/www.commoncause.org\/rhode-island\/#website\"},\"datePublished\":\"2024-05-07T13:52:01+00:00\",\"dateModified\":\"2026-01-15T18:02:47+00:00\",\"breadcrumb\":{\"@id\":\"https:\/\/www.commoncause.org\/rhode-island\/contact\/#breadcrumb\"},\"inLanguage\":\"pt-PT\",\"potentialAction\":[{\"@type\":\"ReadAction\",\"target\":[\"https:\/\/www.commoncause.org\/rhode-island\/contact\/\"]}]},{\"@type\":\"BreadcrumbList\",\"@id\":\"https:\/\/www.commoncause.org\/rhode-island\/contact\/#breadcrumb\",\"itemListElement\":[{\"@type\":\"ListItem\",\"position\":1,\"name\":\"Home\",\"item\":\"https:\/\/www.commoncause.org\/rhode-island\/\"},{\"@type\":\"ListItem\",\"position\":2,\"name\":\"Contact Us\"}]},{\"@type\":\"WebSite\",\"@id\":\"https:\/\/www.commoncause.org\/rhode-island\/#website\",\"url\":\"https:\/\/www.commoncause.org\/rhode-island\/\",\"name\":\"Common Cause Rhode Island\",\"description\":\"\",\"potentialAction\":[{\"@type\":\"SearchAction\",\"target\":{\"@type\":\"EntryPoint\",\"urlTemplate\":\"https:\/\/www.commoncause.org\/rhode-island\/?s={search_term_string}\"},\"query-input\":{\"@type\":\"PropertyValueSpecification\",\"valueRequired\":true,\"valueName\":\"search_term_string\"}}],\"inLanguage\":\"pt-PT\"}]}<\/script>\n<!-- \/ Yoast SEO Premium plugin. -->","yoast_head_json":{"title":"Entre em contato conosco - Common Cause Rhode Island","robots":{"index":"index","follow":"follow","max-snippet":"max-snippet:-1","max-image-preview":"max-image-preview:large","max-video-preview":"max-video-preview:-1"},"canonical":"https:\/\/www.commoncause.org\/rhode-island\/pt\/contato\/","og_locale":"pt_PT","og_type":"article","og_title":"Contact Us","og_url":"https:\/\/www.commoncause.org\/rhode-island\/pt\/contato\/","og_site_name":"Common Cause Rhode Island","article_modified_time":"2026-01-15T18:02:47+00:00","og_image":[{"width":1200,"height":630,"url":"https:\/\/www.commoncause.org\/rhode-island\/wp-content\/uploads\/2024\/08\/common-cause-share-image.png","type":"image\/png"}],"twitter_card":"summary_large_image","schema":{"@context":"https:\/\/schema.org","@graph":[{"@type":"WebPage","@id":"https:\/\/www.commoncause.org\/rhode-island\/contact\/","url":"https:\/\/www.commoncause.org\/rhode-island\/contact\/","name":"Entre em contato conosco - Common Cause Rhode Island","isPartOf":{"@id":"https:\/\/www.commoncause.org\/rhode-island\/#website"},"datePublished":"2024-05-07T13:52:01+00:00","dateModified":"2026-01-15T18:02:47+00:00","breadcrumb":{"@id":"https:\/\/www.commoncause.org\/rhode-island\/contact\/#breadcrumb"},"inLanguage":"pt-PT","potentialAction":[{"@type":"ReadAction","target":["https:\/\/www.commoncause.org\/rhode-island\/contact\/"]}]},{"@type":"BreadcrumbList","@id":"https:\/\/www.commoncause.org\/rhode-island\/contact\/#breadcrumb","itemListElement":[{"@type":"ListItem","position":1,"name":"Home","item":"https:\/\/www.commoncause.org\/rhode-island\/"},{"@type":"ListItem","position":2,"name":"Contact Us"}]},{"@type":"WebSite","@id":"https:\/\/www.commoncause.org\/rhode-island\/#website","url":"https:\/\/www.commoncause.org\/rhode-island\/","name":"Causa Comum Rhode Island","description":"","potentialAction":[{"@type":"SearchAction","target":{"@type":"EntryPoint","urlTemplate":"https:\/\/www.commoncause.org\/rhode-island\/?s={search_term_string}"},"query-input":{"@type":"PropertyValueSpecification","valueRequired":true,"valueName":"search_term_string"}}],"inLanguage":"pt-PT"}]}},"distributor_meta":false,"distributor_terms":false,"distributor_media":false,"distributor_original_site_name":"Common Cause Rhode Island","distributor_original_site_url":"https:\/\/www.commoncause.org\/rhode-island\/pt","push-errors":false,"_links":{"self":[{"href":"https:\/\/www.commoncause.org\/rhode-island\/pt\/wp-json\/wp\/v2\/pages\/27","targetHints":{"allow":["GET"]}}],"collection":[{"href":"https:\/\/www.commoncause.org\/rhode-island\/pt\/wp-json\/wp\/v2\/pages"}],"about":[{"href":"https:\/\/www.commoncause.org\/rhode-island\/pt\/wp-json\/wp\/v2\/types\/page"}],"author":[{"embeddable":true,"href":"https:\/\/www.commoncause.org\/rhode-island\/pt\/wp-json\/wp\/v2\/users\/2"}],"replies":[{"embeddable":true,"href":"https:\/\/www.commoncause.org\/rhode-island\/pt\/wp-json\/wp\/v2\/comments?post=27"}],"version-history":[{"count":21,"href":"https:\/\/www.commoncause.org\/rhode-island\/pt\/wp-json\/wp\/v2\/pages\/27\/revisions"}],"predecessor-version":[{"id":2349,"href":"https:\/\/www.commoncause.org\/rhode-island\/pt\/wp-json\/wp\/v2\/pages\/27\/revisions\/2349"}],"wp:attachment":[{"href":"https:\/\/www.commoncause.org\/rhode-island\/pt\/wp-json\/wp\/v2\/media?parent=27"}],"curies":[{"name":"wp","href":"https:\/\/api.w.org\/{rel}","templated":true}]}}