{"id":23,"date":"2024-05-07T13:48:53","date_gmt":"2024-05-07T13:48:53","guid":{"rendered":"https:\/\/www.commoncause.org\/rhode-island\/take-action\/"},"modified":"2024-06-12T18:36:56","modified_gmt":"2024-06-12T18:36:56","slug":"tome-uma-atitude","status":"publish","type":"page","link":"https:\/\/www.commoncause.org\/rhode-island\/pt\/take-action\/","title":{"rendered":"Tome uma atitude"},"content":{"rendered":"","protected":false},"excerpt":{"rendered":"","protected":false},"author":1,"featured_media":0,"parent":0,"menu_order":0,"comment_status":"closed","ping_status":"closed","template":"","meta":{"_acf_changed":false,"_relevanssi_hide_post":"","_relevanssi_hide_content":"","_relevanssi_pin_for_all":"","_relevanssi_pin_keywords":"","_relevanssi_unpin_keywords":"","_relevanssi_related_keywords":"","_relevanssi_related_include_ids":"","_relevanssi_related_exclude_ids":"","_relevanssi_related_no_append":"","_relevanssi_related_not_related":"","_relevanssi_related_posts":"","_relevanssi_noindex_reason":""},"class_list":["post-23","page","type-page","status-publish","hentry"],"acf":{"page_layout":[{"acf_fc_layout":"layout_listing_hero","_acfe_flexible_toggle":"","component_listing_hero":{"content_type":"act","manually_curate":true,"featured_post":["{\"site_id\":\"74\",\"post_type\":\"act\",\"post_id\":566}"],"sticker":"action"}},{"acf_fc_layout":"layout_featured_action","_acfe_flexible_toggle":"","component_featured_action":{"action_to_show":"manual","image_side":"right","action":null,"title":"Junte-se \u00e0 nossa equipe de a\u00e7\u00e3o","summary":"Join the thousands across the country who instantly rally when there is a threat to democracy.","post_link":{"title":"Join Our Action Team","url":"https:\/\/www.mobilize.us\/commoncause\/event\/634016\/","target":""},"secondary_link":""}},{"acf_fc_layout":"layout_voting_tools_promo","_acfe_flexible_toggle":"","component_voting_tools_promo":{"title":"Explorar ferramentas de vota\u00e7\u00e3o","subtitle":"As Americans, our right to vote is a right and a responsibility.","voting_tools":["{\"site_id\":\"1\",\"post_type\":\"resource\",\"post_id\":17000}","{\"site_id\":\"1\",\"post_type\":\"resource\",\"post_id\":17002}","{\"site_id\":\"1\",\"post_type\":\"resource\",\"post_id\":16031}","{\"site_id\":\"1\",\"post_type\":\"resource\",\"post_id\":17009}","{\"site_id\":\"1\",\"post_type\":\"resource\",\"post_id\":16055}","{\"site_id\":\"1\",\"post_type\":\"resource\",\"post_id\":17005}"],"image":1342}},{"acf_fc_layout":"layout_featured_resource","_acfe_flexible_toggle":"","component_featured_resource":{"manually_curate":true,"resource":["{\"site_id\":\"1\",\"post_type\":\"resource\",\"post_id\":11937}"],"brow_text":"Find Your Representatives","title":"Quem representa voc\u00ea?","summary":"Use this free tool to find your representatives, how to contact them, bills they\u2019ve introduced, committees they serve on, and political contributions they\u2019ve received. Enter your full address below to get started.","button_text":"Read Report","link":{"title":"Find Your Representative","url":"https:\/\/www.commoncause.org\/find-your-representative\/","target":""},"image":1355}},{"acf_fc_layout":"layout_actions_listing","_acfe_flexible_toggle":"","component_actions_listing":{"":null}}]},"yoast_head":"<!-- This site is optimized with the Yoast SEO Premium plugin v26.6 (Yoast SEO v27.1.1) - https:\/\/yoast.com\/product\/yoast-seo-premium-wordpress\/ -->\n<title>Take Action - Common Cause Rhode Island<\/title>\n<meta name=\"robots\" content=\"index, follow, max-snippet:-1, max-image-preview:large, max-video-preview:-1\" \/>\n<link rel=\"canonical\" href=\"https:\/\/www.commoncause.org\/rhode-island\/pt\/tome-uma-atitude\/\" \/>\n<meta property=\"og:locale\" content=\"pt_PT\" \/>\n<meta property=\"og:type\" content=\"article\" \/>\n<meta property=\"og:title\" content=\"Take Action\" \/>\n<meta property=\"og:url\" content=\"https:\/\/www.commoncause.org\/rhode-island\/pt\/tome-uma-atitude\/\" \/>\n<meta property=\"og:site_name\" content=\"Common Cause Rhode Island\" \/>\n<meta property=\"article:modified_time\" content=\"2024-06-12T18:36:56+00:00\" \/>\n<meta property=\"og:image\" content=\"https:\/\/www.commoncause.org\/rhode-island\/wp-content\/uploads\/2024\/08\/common-cause-share-image.png\" \/>\n\t<meta property=\"og:image:width\" content=\"1200\" \/>\n\t<meta property=\"og:image:height\" content=\"630\" \/>\n\t<meta property=\"og:image:type\" content=\"image\/png\" \/>\n<meta name=\"twitter:card\" content=\"summary_large_image\" \/>\n<script type=\"application\/ld+json\" class=\"yoast-schema-graph\">{\"@context\":\"https:\/\/schema.org\",\"@graph\":[{\"@type\":\"WebPage\",\"@id\":\"https:\/\/www.commoncause.org\/rhode-island\/take-action\/\",\"url\":\"https:\/\/www.commoncause.org\/rhode-island\/take-action\/\",\"name\":\"Take Action - Common Cause Rhode Island\",\"isPartOf\":{\"@id\":\"https:\/\/www.commoncause.org\/rhode-island\/#website\"},\"datePublished\":\"2024-05-07T13:48:53+00:00\",\"dateModified\":\"2024-06-12T18:36:56+00:00\",\"breadcrumb\":{\"@id\":\"https:\/\/www.commoncause.org\/rhode-island\/take-action\/#breadcrumb\"},\"inLanguage\":\"pt-PT\",\"potentialAction\":[{\"@type\":\"ReadAction\",\"target\":[\"https:\/\/www.commoncause.org\/rhode-island\/take-action\/\"]}]},{\"@type\":\"BreadcrumbList\",\"@id\":\"https:\/\/www.commoncause.org\/rhode-island\/take-action\/#breadcrumb\",\"itemListElement\":[{\"@type\":\"ListItem\",\"position\":1,\"name\":\"Home\",\"item\":\"https:\/\/www.commoncause.org\/rhode-island\/\"},{\"@type\":\"ListItem\",\"position\":2,\"name\":\"Take Action\"}]},{\"@type\":\"WebSite\",\"@id\":\"https:\/\/www.commoncause.org\/rhode-island\/#website\",\"url\":\"https:\/\/www.commoncause.org\/rhode-island\/\",\"name\":\"Common Cause Rhode Island\",\"description\":\"\",\"potentialAction\":[{\"@type\":\"SearchAction\",\"target\":{\"@type\":\"EntryPoint\",\"urlTemplate\":\"https:\/\/www.commoncause.org\/rhode-island\/?s={search_term_string}\"},\"query-input\":{\"@type\":\"PropertyValueSpecification\",\"valueRequired\":true,\"valueName\":\"search_term_string\"}}],\"inLanguage\":\"pt-PT\"}]}<\/script>\n<!-- \/ Yoast SEO Premium plugin. -->","yoast_head_json":{"title":"Tome uma atitude - Common Cause Rhode Island","robots":{"index":"index","follow":"follow","max-snippet":"max-snippet:-1","max-image-preview":"max-image-preview:large","max-video-preview":"max-video-preview:-1"},"canonical":"https:\/\/www.commoncause.org\/rhode-island\/pt\/tome-uma-atitude\/","og_locale":"pt_PT","og_type":"article","og_title":"Take Action","og_url":"https:\/\/www.commoncause.org\/rhode-island\/pt\/tome-uma-atitude\/","og_site_name":"Common Cause Rhode Island","article_modified_time":"2024-06-12T18:36:56+00:00","og_image":[{"width":1200,"height":630,"url":"https:\/\/www.commoncause.org\/rhode-island\/wp-content\/uploads\/2024\/08\/common-cause-share-image.png","type":"image\/png"}],"twitter_card":"summary_large_image","schema":{"@context":"https:\/\/schema.org","@graph":[{"@type":"WebPage","@id":"https:\/\/www.commoncause.org\/rhode-island\/take-action\/","url":"https:\/\/www.commoncause.org\/rhode-island\/take-action\/","name":"Tome uma atitude - Common Cause Rhode Island","isPartOf":{"@id":"https:\/\/www.commoncause.org\/rhode-island\/#website"},"datePublished":"2024-05-07T13:48:53+00:00","dateModified":"2024-06-12T18:36:56+00:00","breadcrumb":{"@id":"https:\/\/www.commoncause.org\/rhode-island\/take-action\/#breadcrumb"},"inLanguage":"pt-PT","potentialAction":[{"@type":"ReadAction","target":["https:\/\/www.commoncause.org\/rhode-island\/take-action\/"]}]},{"@type":"BreadcrumbList","@id":"https:\/\/www.commoncause.org\/rhode-island\/take-action\/#breadcrumb","itemListElement":[{"@type":"ListItem","position":1,"name":"Home","item":"https:\/\/www.commoncause.org\/rhode-island\/"},{"@type":"ListItem","position":2,"name":"Take Action"}]},{"@type":"WebSite","@id":"https:\/\/www.commoncause.org\/rhode-island\/#website","url":"https:\/\/www.commoncause.org\/rhode-island\/","name":"Causa Comum Rhode Island","description":"","potentialAction":[{"@type":"SearchAction","target":{"@type":"EntryPoint","urlTemplate":"https:\/\/www.commoncause.org\/rhode-island\/?s={search_term_string}"},"query-input":{"@type":"PropertyValueSpecification","valueRequired":true,"valueName":"search_term_string"}}],"inLanguage":"pt-PT"}]}},"distributor_meta":false,"distributor_terms":false,"distributor_media":false,"distributor_original_site_name":"Common Cause Rhode Island","distributor_original_site_url":"https:\/\/www.commoncause.org\/rhode-island\/pt","push-errors":false,"_links":{"self":[{"href":"https:\/\/www.commoncause.org\/rhode-island\/pt\/wp-json\/wp\/v2\/pages\/23","targetHints":{"allow":["GET"]}}],"collection":[{"href":"https:\/\/www.commoncause.org\/rhode-island\/pt\/wp-json\/wp\/v2\/pages"}],"about":[{"href":"https:\/\/www.commoncause.org\/rhode-island\/pt\/wp-json\/wp\/v2\/types\/page"}],"author":[{"embeddable":true,"href":"https:\/\/www.commoncause.org\/rhode-island\/pt\/wp-json\/wp\/v2\/users\/1"}],"replies":[{"embeddable":true,"href":"https:\/\/www.commoncause.org\/rhode-island\/pt\/wp-json\/wp\/v2\/comments?post=23"}],"version-history":[{"count":11,"href":"https:\/\/www.commoncause.org\/rhode-island\/pt\/wp-json\/wp\/v2\/pages\/23\/revisions"}],"predecessor-version":[{"id":949,"href":"https:\/\/www.commoncause.org\/rhode-island\/pt\/wp-json\/wp\/v2\/pages\/23\/revisions\/949"}],"wp:attachment":[{"href":"https:\/\/www.commoncause.org\/rhode-island\/pt\/wp-json\/wp\/v2\/media?parent=23"}],"curies":[{"name":"wp","href":"https:\/\/api.w.org\/{rel}","templated":true}]}}