{"id":22,"date":"2024-05-07T13:47:47","date_gmt":"2024-05-07T13:47:47","guid":{"rendered":"https:\/\/www.commoncause.org\/rhode-island\/our-impact\/"},"modified":"2024-05-31T19:55:40","modified_gmt":"2024-05-31T19:55:40","slug":"nosso-impacto","status":"publish","type":"page","link":"https:\/\/www.commoncause.org\/rhode-island\/pt\/our-impact\/","title":{"rendered":"Nosso Impacto"},"content":{"rendered":"","protected":false},"excerpt":{"rendered":"","protected":false},"author":1,"featured_media":0,"parent":0,"menu_order":0,"comment_status":"closed","ping_status":"closed","template":"","meta":{"_acf_changed":false,"_relevanssi_hide_post":"","_relevanssi_hide_content":"","_relevanssi_pin_for_all":"","_relevanssi_pin_keywords":"","_relevanssi_unpin_keywords":"","_relevanssi_related_keywords":"","_relevanssi_related_include_ids":"","_relevanssi_related_exclude_ids":"","_relevanssi_related_no_append":"","_relevanssi_related_not_related":"","_relevanssi_related_posts":"","_relevanssi_noindex_reason":""},"class_list":["post-22","page","type-page","status-publish","hentry"],"acf":{"header":{"component_page_header":{"header_type":"background","title":"Nosso Impacto","lead":"Common Cause Rhode Island has been fighting for and winning key democracy reforms since our founding in 1970.","image":1603,"subnavigation":false}},"sidebar":{"helper_enable_sidebar":false,"helper_media_contact":{"heading":"","manually_enter_person":false,"person":"","name":"","role":"","phone":"","email":""},"helper_links_downloads":{"heading":"","links":null}},"page_layout":[{"acf_fc_layout":"layout_wysiwyg","_acfe_flexible_toggle":"","component_wysiwyg":{"content":"<h4>A Common Cause Rhode Island vem lutando e conquistando reformas democr\u00e1ticas importantes desde nossa funda\u00e7\u00e3o em 1970.<\/h4>\r\nTrabalhamos para criar uma comiss\u00e3o de \u00e9tica constitucional, reformar nossa legislatura, promulgar a sele\u00e7\u00e3o de ju\u00edzes por m\u00e9rito, incluir a separa\u00e7\u00e3o de poderes na constitui\u00e7\u00e3o do nosso estado, expandir os direitos de voto e muito mais.\r\n\r\n&nbsp;"}},{"acf_fc_layout":"layout_timeline","_acfe_flexible_toggle":"","component_timeline":{"years":[{"title":"1970","wysiwyg":"John W. Gardner, a Republican who served in the Cabinet of President Lyndon Johnson (a Democrat) launches Common Cause as an independent, non-partisan organization \u201cfor those Americans who want to help in the rebuilding of the nation.\u201d 4,000 people responded to his initial newspaper ad calling for support\u2014several of whom are still Common Cause members to this day. Common Cause rises to prominence in the anti-Vietnam War movement, lobbying Congress to cut off funding for the war effort.\r\n\r\nNatalie C. Joslin responds to John Gardner's ad and holds the first meeting of Common Cause Rhode Island. She volunteers with the organization, including serving as president of the Rhode Island board, for 52 years."},{"title":"1986","wysiwyg":"Created one of the first constitutional ethics commissions in the United States with the power to enact an independent code of ethics."},{"title":"1992","wysiwyg":"Strengthened the executive branch by enacting four-year terms for statewide officers, including governor."},{"title":"1994","wysiwyg":"Enacted the most sweeping overhaul to judicial selection in the United States by adopting the transparent merit selection system."},{"title":"2004","wysiwyg":"Ended more than 200 years of legislative supremacy by enacting the Separation of Powers amendments."},{"title":"2006","wysiwyg":"Passed a ballot measure automatically restoring full voting rights to the formerly incarcerated post release, becoming the first in the nation."},{"title":"2012","wysiwyg":"Passed the Transparency in Political Spending Act, creating one of the most robust disclosure requirements for independent expenditures and electioneering communications in the nation."},{"title":"2016","wysiwyg":"Restored the full jurisdiction of the state's ethics commission over members of our General Assembly."},{"title":"2017","wysiwyg":"Became only the second state in the nation to require statewide risk-limiting post election audits."},{"title":"2022","wysiwyg":"Passed the Let RI Vote Act, expanding access to the ballot through early voting and vote by mail."}]}},{"acf_fc_layout":"layout_two_column_text_and_image","_acfe_flexible_toggle":"","component_two_column_text_and_image":{"heading":"Common Cause Rhode Island makes a difference","columns":[{"image":16961,"title":"Expanding Voting Rights in Rhode Island","content":"In 2022, the Let RI Vote Act was signed into law after a hard-fought campaign by Common Cause Rhode Island. The law makes elections in our state more accessible to eligible voters as well as more secure. Among other provisions, it requires the state to create a secure online mail ballot application system, conduct more frequent voter roll cleanups, and provide a multilingual voter hotline.","link":""},{"image":16963,"title":"Fighting for a Complete Census Count","content":"Common Cause Rhode Island helped make the 2020 Census a success in our state. We worked closely with partners, held informational events for Rhode Island residents, and even helped lead the state's Complete Count Committee\u2014which utilizes local knowledge and resources to educate communities and get out the count. This concerted effort helped Rhode Island maintain its second seat in the U.S. House and bring valuable financial resources back to the state.","link":""}]}},{"acf_fc_layout":"layout_banner","_acfe_flexible_toggle":"","component_banner":{"use_donate_banner":true,"title":"Title [highlight]with highlighting[\/highlight] and additional text.","button":null,"image":null}}]},"yoast_head":"<!-- This site is optimized with the Yoast SEO Premium plugin v26.6 (Yoast SEO v27.1.1) - https:\/\/yoast.com\/product\/yoast-seo-premium-wordpress\/ -->\n<title>Our Impact - Common Cause Rhode Island<\/title>\n<meta name=\"robots\" content=\"index, follow, max-snippet:-1, max-image-preview:large, max-video-preview:-1\" \/>\n<link rel=\"canonical\" href=\"https:\/\/www.commoncause.org\/rhode-island\/pt\/nosso-impacto\/\" \/>\n<meta property=\"og:locale\" content=\"pt_PT\" \/>\n<meta property=\"og:type\" content=\"article\" \/>\n<meta property=\"og:title\" content=\"Our Impact\" \/>\n<meta property=\"og:url\" content=\"https:\/\/www.commoncause.org\/rhode-island\/pt\/nosso-impacto\/\" \/>\n<meta property=\"og:site_name\" content=\"Common Cause Rhode Island\" \/>\n<meta property=\"article:modified_time\" content=\"2024-05-31T19:55:40+00:00\" \/>\n<meta property=\"og:image\" content=\"https:\/\/www.commoncause.org\/rhode-island\/wp-content\/uploads\/2024\/08\/common-cause-share-image.png\" \/>\n\t<meta property=\"og:image:width\" content=\"1200\" \/>\n\t<meta property=\"og:image:height\" content=\"630\" \/>\n\t<meta property=\"og:image:type\" content=\"image\/png\" \/>\n<meta name=\"twitter:card\" content=\"summary_large_image\" \/>\n<script type=\"application\/ld+json\" class=\"yoast-schema-graph\">{\"@context\":\"https:\/\/schema.org\",\"@graph\":[{\"@type\":\"WebPage\",\"@id\":\"https:\/\/www.commoncause.org\/rhode-island\/our-impact\/\",\"url\":\"https:\/\/www.commoncause.org\/rhode-island\/our-impact\/\",\"name\":\"Our Impact - Common Cause Rhode Island\",\"isPartOf\":{\"@id\":\"https:\/\/www.commoncause.org\/rhode-island\/#website\"},\"datePublished\":\"2024-05-07T13:47:47+00:00\",\"dateModified\":\"2024-05-31T19:55:40+00:00\",\"breadcrumb\":{\"@id\":\"https:\/\/www.commoncause.org\/rhode-island\/our-impact\/#breadcrumb\"},\"inLanguage\":\"pt-PT\",\"potentialAction\":[{\"@type\":\"ReadAction\",\"target\":[\"https:\/\/www.commoncause.org\/rhode-island\/our-impact\/\"]}]},{\"@type\":\"BreadcrumbList\",\"@id\":\"https:\/\/www.commoncause.org\/rhode-island\/our-impact\/#breadcrumb\",\"itemListElement\":[{\"@type\":\"ListItem\",\"position\":1,\"name\":\"Home\",\"item\":\"https:\/\/www.commoncause.org\/rhode-island\/\"},{\"@type\":\"ListItem\",\"position\":2,\"name\":\"Our Impact\"}]},{\"@type\":\"WebSite\",\"@id\":\"https:\/\/www.commoncause.org\/rhode-island\/#website\",\"url\":\"https:\/\/www.commoncause.org\/rhode-island\/\",\"name\":\"Common Cause Rhode Island\",\"description\":\"\",\"potentialAction\":[{\"@type\":\"SearchAction\",\"target\":{\"@type\":\"EntryPoint\",\"urlTemplate\":\"https:\/\/www.commoncause.org\/rhode-island\/?s={search_term_string}\"},\"query-input\":{\"@type\":\"PropertyValueSpecification\",\"valueRequired\":true,\"valueName\":\"search_term_string\"}}],\"inLanguage\":\"pt-PT\"}]}<\/script>\n<!-- \/ Yoast SEO Premium plugin. -->","yoast_head_json":{"title":"Nosso Impacto - Common Cause Rhode Island","robots":{"index":"index","follow":"follow","max-snippet":"max-snippet:-1","max-image-preview":"max-image-preview:large","max-video-preview":"max-video-preview:-1"},"canonical":"https:\/\/www.commoncause.org\/rhode-island\/pt\/nosso-impacto\/","og_locale":"pt_PT","og_type":"article","og_title":"Our Impact","og_url":"https:\/\/www.commoncause.org\/rhode-island\/pt\/nosso-impacto\/","og_site_name":"Common Cause Rhode Island","article_modified_time":"2024-05-31T19:55:40+00:00","og_image":[{"width":1200,"height":630,"url":"https:\/\/www.commoncause.org\/rhode-island\/wp-content\/uploads\/2024\/08\/common-cause-share-image.png","type":"image\/png"}],"twitter_card":"summary_large_image","schema":{"@context":"https:\/\/schema.org","@graph":[{"@type":"WebPage","@id":"https:\/\/www.commoncause.org\/rhode-island\/our-impact\/","url":"https:\/\/www.commoncause.org\/rhode-island\/our-impact\/","name":"Nosso Impacto - Common Cause Rhode Island","isPartOf":{"@id":"https:\/\/www.commoncause.org\/rhode-island\/#website"},"datePublished":"2024-05-07T13:47:47+00:00","dateModified":"2024-05-31T19:55:40+00:00","breadcrumb":{"@id":"https:\/\/www.commoncause.org\/rhode-island\/our-impact\/#breadcrumb"},"inLanguage":"pt-PT","potentialAction":[{"@type":"ReadAction","target":["https:\/\/www.commoncause.org\/rhode-island\/our-impact\/"]}]},{"@type":"BreadcrumbList","@id":"https:\/\/www.commoncause.org\/rhode-island\/our-impact\/#breadcrumb","itemListElement":[{"@type":"ListItem","position":1,"name":"Home","item":"https:\/\/www.commoncause.org\/rhode-island\/"},{"@type":"ListItem","position":2,"name":"Our Impact"}]},{"@type":"WebSite","@id":"https:\/\/www.commoncause.org\/rhode-island\/#website","url":"https:\/\/www.commoncause.org\/rhode-island\/","name":"Causa Comum Rhode Island","description":"","potentialAction":[{"@type":"SearchAction","target":{"@type":"EntryPoint","urlTemplate":"https:\/\/www.commoncause.org\/rhode-island\/?s={search_term_string}"},"query-input":{"@type":"PropertyValueSpecification","valueRequired":true,"valueName":"search_term_string"}}],"inLanguage":"pt-PT"}]}},"distributor_meta":false,"distributor_terms":false,"distributor_media":false,"distributor_original_site_name":"Common Cause Rhode Island","distributor_original_site_url":"https:\/\/www.commoncause.org\/rhode-island\/pt","push-errors":false,"_links":{"self":[{"href":"https:\/\/www.commoncause.org\/rhode-island\/pt\/wp-json\/wp\/v2\/pages\/22","targetHints":{"allow":["GET"]}}],"collection":[{"href":"https:\/\/www.commoncause.org\/rhode-island\/pt\/wp-json\/wp\/v2\/pages"}],"about":[{"href":"https:\/\/www.commoncause.org\/rhode-island\/pt\/wp-json\/wp\/v2\/types\/page"}],"author":[{"embeddable":true,"href":"https:\/\/www.commoncause.org\/rhode-island\/pt\/wp-json\/wp\/v2\/users\/1"}],"replies":[{"embeddable":true,"href":"https:\/\/www.commoncause.org\/rhode-island\/pt\/wp-json\/wp\/v2\/comments?post=22"}],"version-history":[{"count":11,"href":"https:\/\/www.commoncause.org\/rhode-island\/pt\/wp-json\/wp\/v2\/pages\/22\/revisions"}],"predecessor-version":[{"id":530,"href":"https:\/\/www.commoncause.org\/rhode-island\/pt\/wp-json\/wp\/v2\/pages\/22\/revisions\/530"}],"wp:attachment":[{"href":"https:\/\/www.commoncause.org\/rhode-island\/pt\/wp-json\/wp\/v2\/media?parent=22"}],"curies":[{"name":"wp","href":"https:\/\/api.w.org\/{rel}","templated":true}]}}