{"id":20,"date":"2024-05-07T13:45:45","date_gmt":"2024-05-07T13:45:45","guid":{"rendered":"https:\/\/www.commoncause.org\/rhode-island\/about-us\/"},"modified":"2024-09-04T21:33:02","modified_gmt":"2024-09-05T01:33:02","slug":"sobre-nos","status":"publish","type":"page","link":"https:\/\/www.commoncause.org\/rhode-island\/pt\/about-us\/","title":{"rendered":"Sobre n\u00f3s"},"content":{"rendered":"","protected":false},"excerpt":{"rendered":"","protected":false},"author":2,"featured_media":0,"parent":0,"menu_order":0,"comment_status":"closed","ping_status":"closed","template":"","meta":{"_acf_changed":false,"_relevanssi_hide_post":"","_relevanssi_hide_content":"","_relevanssi_pin_for_all":"","_relevanssi_pin_keywords":"","_relevanssi_unpin_keywords":"","_relevanssi_related_keywords":"","_relevanssi_related_include_ids":"","_relevanssi_related_exclude_ids":"","_relevanssi_related_no_append":"","_relevanssi_related_not_related":"","_relevanssi_related_posts":"","_relevanssi_noindex_reason":""},"class_list":["post-20","page","type-page","status-publish","hentry"],"acf":{"header":{"component_page_header":{"header_type":"default","title":"","lead":"","image":"","subnavigation":true}},"sidebar":{"helper_enable_sidebar":false,"helper_media_contact":{"heading":"","manually_enter_person":false,"person":"","name":"","role":"","phone":"","email":""},"helper_links_downloads":{"heading":"","links":null}},"page_layout":[{"acf_fc_layout":"layout_wysiwyg","_acfe_flexible_toggle":"","component_wysiwyg":{"content":"<h3>Por mais de 50 anos, a Common Cause Rhode Island e nossos membros lutam pela democracia que merecemos.<\/h3>\r\nEm 1970, Natalie C. Joslin, moradora de Rhode Island, respondeu a um an\u00fancio de jornal de John Gardner que buscava construir um &quot;Lobby Popular&quot; e fundou a Common Cause Rhode Island. Desde ent\u00e3o, a Common Cause Rhode Island tem estado na vanguarda da reforma no Estado Oce\u00e2nico. Das Leis de Transpar\u00eancia da d\u00e9cada de 1970, \u00e0 cria\u00e7\u00e3o da Comiss\u00e3o de \u00c9tica constitucional do estado na d\u00e9cada de 1980, ao estabelecimento da sele\u00e7\u00e3o de ju\u00edzes por m\u00e9rito na d\u00e9cada de 1990, \u00e0 separa\u00e7\u00e3o de poderes na d\u00e9cada de 2000, ao restabelecimento da jurisdi\u00e7\u00e3o da Comiss\u00e3o de \u00c9tica sobre a legislatura na d\u00e9cada de 2010, at\u00e9 nossa atual campanha pelo registro de eleitores no mesmo dia da vota\u00e7\u00e3o, temos liderado a luta por mudan\u00e7as por mais de cinco d\u00e9cadas. Esse trabalho \u00e9 fruto de gera\u00e7\u00f5es de funcion\u00e1rios, membros e l\u00edderes volunt\u00e1rios. A partir de 2004, come\u00e7amos a reconhecer alguns dos funcion\u00e1rios e l\u00edderes volunt\u00e1rios mais importantes de nossa hist\u00f3ria com a Bolsa John Gardner.\r\n<h3>Bolsistas John Gardner<\/h3>\r\nPortugu\u00eas Alan Flink (1927-2024), Alan Hassenfeld, Natalie C. Joslin (1927-2023), James C. Miller, John Sapinsley (1922-2012), Lila Sapinsley (1922-2014), Henry D. Sharpe, Jr. (1923-2022) e H. Philip West, Jr."}},{"acf_fc_layout":"layout_image_and_text","_acfe_flexible_toggle":"","component_image_and_text":{"manually_curate":true,"image_side":"left","row_color":"blue","work":null,"kicker_text":"","title":"Descubra o Fundo Educacional da Causa Comum","summary":"Common Cause\u2019s 501(c)(3) affiliate leads public education campaigns, spearheads key research efforts, and more. All Education Fund donations are tax-deductible.","image":1947,"post_link":"","button_text":"Learn More","secondary_link":""}},{"acf_fc_layout":"layout_accordion","_acfe_flexible_toggle":"","component_accordion":{"heading":"Common Cause works...","panels":[{"panel_heading":"In the Legislature","panel_copy":"At the national, state, and local level, Common Cause works with officials from across the political spectrum to pass proven, common-sense solutions and stop attacks on our rights. Our team members and supporters are frequent visitors to the U.S. Capitol and statehouses across the country, meeting with decision-makers to discuss target legislation. We have a long history of making lasting change through the legislative process."},{"panel_heading":"In the Courts","panel_copy":"Common Cause has played a key role in some of the most impactful court cases over the last several decades. We work at every level of the country's legal system, including the U.S. Supreme Court, and have consistently demonstrated that through hard-hitting legal action, we can make real progress on the democracy issues that count\u2014like fair redistricting, government transparency, and campaign finance."},{"panel_heading":"On the Ground","panel_copy":"Common Cause's power lies in its 1.5 million supporters nationwide. We mobilize our members at lobby days in statehouses to advocate for key reforms and shut down harmful bills; as Election Protection monitors, helping voters each Election Day; at pro-democracy rallies and demonstrations across the country; and much, much more. We know that when our members turn out and work together, we get results."},{"panel_heading":"And Beyond...","panel_copy":"Common Cause is committed to leading the most important fights for our democracy, no matter where they take place. We show up in many ways\u2014including online, where our members contact legislators in support of target bills, spread the word about our work on social media, and report harmful election disinformation."}]}},{"acf_fc_layout":"layout_two_column_text_and_image","_acfe_flexible_toggle":"","component_two_column_text_and_image":{"heading":"","columns":[{"image":"","title":"Our History","content":"John Gardner, a Republican who served in President Lyndon B. Johnson's Cabinet, founded Common Cause as \"a people's lobby\" in 1970. Today, we are 1.5 million members and supporters strong and have active offices in over 25 states. Our long and rich history includes milestones like lowering the national voting age to 18, enacting a ban on \"soft money\" in political campaigns, and helping to create the Office of Congressional Ethics.","link":{"title":"Discover Our Impact","url":"https:\/\/www.commoncause.org\/our-impact\/","target":""}},{"image":"","title":"Our Commitment to Equity","content":"At Common Cause, we know that racial equity and inclusion must be at the core of what we strive to be, as must equity and inclusion for all individuals across identities and differences (ethnicity, gender, disability, sexual orientation, gender identity, national origin, religious beliefs, tribe, caste, age, class, thinking and communication styles, etc.). These values are essential to the successful execution of our mission: creating a truly representative and inclusive government.","link":""}]}},{"acf_fc_layout":"layout_banner","_acfe_flexible_toggle":"","component_banner":{"use_donate_banner":true,"title":"Title [highlight]with highlighting[\/highlight] and additional text.","button":null,"image":null}}]},"yoast_head":"<!-- This site is optimized with the Yoast SEO Premium plugin v26.6 (Yoast SEO v27.1.1) - https:\/\/yoast.com\/product\/yoast-seo-premium-wordpress\/ -->\n<title>About Us - Common Cause Rhode Island<\/title>\n<meta name=\"robots\" content=\"index, follow, max-snippet:-1, max-image-preview:large, max-video-preview:-1\" \/>\n<link rel=\"canonical\" href=\"https:\/\/www.commoncause.org\/rhode-island\/pt\/sobre-nos\/\" \/>\n<meta property=\"og:locale\" content=\"pt_PT\" \/>\n<meta property=\"og:type\" content=\"article\" \/>\n<meta property=\"og:title\" content=\"About Us\" \/>\n<meta property=\"og:url\" content=\"https:\/\/www.commoncause.org\/rhode-island\/pt\/sobre-nos\/\" \/>\n<meta property=\"og:site_name\" content=\"Common Cause Rhode Island\" \/>\n<meta property=\"article:modified_time\" content=\"2024-09-05T01:33:02+00:00\" \/>\n<meta property=\"og:image\" content=\"https:\/\/www.commoncause.org\/rhode-island\/wp-content\/uploads\/2024\/08\/common-cause-share-image.png\" \/>\n\t<meta property=\"og:image:width\" content=\"1200\" \/>\n\t<meta property=\"og:image:height\" content=\"630\" \/>\n\t<meta property=\"og:image:type\" content=\"image\/png\" \/>\n<meta name=\"twitter:card\" content=\"summary_large_image\" \/>\n<script type=\"application\/ld+json\" class=\"yoast-schema-graph\">{\"@context\":\"https:\/\/schema.org\",\"@graph\":[{\"@type\":\"WebPage\",\"@id\":\"https:\/\/www.commoncause.org\/rhode-island\/about-us\/\",\"url\":\"https:\/\/www.commoncause.org\/rhode-island\/about-us\/\",\"name\":\"About Us - Common Cause Rhode Island\",\"isPartOf\":{\"@id\":\"https:\/\/www.commoncause.org\/rhode-island\/#website\"},\"datePublished\":\"2024-05-07T13:45:45+00:00\",\"dateModified\":\"2024-09-05T01:33:02+00:00\",\"breadcrumb\":{\"@id\":\"https:\/\/www.commoncause.org\/rhode-island\/about-us\/#breadcrumb\"},\"inLanguage\":\"pt-PT\",\"potentialAction\":[{\"@type\":\"ReadAction\",\"target\":[\"https:\/\/www.commoncause.org\/rhode-island\/about-us\/\"]}]},{\"@type\":\"BreadcrumbList\",\"@id\":\"https:\/\/www.commoncause.org\/rhode-island\/about-us\/#breadcrumb\",\"itemListElement\":[{\"@type\":\"ListItem\",\"position\":1,\"name\":\"Home\",\"item\":\"https:\/\/www.commoncause.org\/rhode-island\/\"},{\"@type\":\"ListItem\",\"position\":2,\"name\":\"About Us\"}]},{\"@type\":\"WebSite\",\"@id\":\"https:\/\/www.commoncause.org\/rhode-island\/#website\",\"url\":\"https:\/\/www.commoncause.org\/rhode-island\/\",\"name\":\"Common Cause Rhode Island\",\"description\":\"\",\"potentialAction\":[{\"@type\":\"SearchAction\",\"target\":{\"@type\":\"EntryPoint\",\"urlTemplate\":\"https:\/\/www.commoncause.org\/rhode-island\/?s={search_term_string}\"},\"query-input\":{\"@type\":\"PropertyValueSpecification\",\"valueRequired\":true,\"valueName\":\"search_term_string\"}}],\"inLanguage\":\"pt-PT\"}]}<\/script>\n<!-- \/ Yoast SEO Premium plugin. -->","yoast_head_json":{"title":"Sobre n\u00f3s - Common Cause Rhode Island","robots":{"index":"index","follow":"follow","max-snippet":"max-snippet:-1","max-image-preview":"max-image-preview:large","max-video-preview":"max-video-preview:-1"},"canonical":"https:\/\/www.commoncause.org\/rhode-island\/pt\/sobre-nos\/","og_locale":"pt_PT","og_type":"article","og_title":"About Us","og_url":"https:\/\/www.commoncause.org\/rhode-island\/pt\/sobre-nos\/","og_site_name":"Common Cause Rhode Island","article_modified_time":"2024-09-05T01:33:02+00:00","og_image":[{"width":1200,"height":630,"url":"https:\/\/www.commoncause.org\/rhode-island\/wp-content\/uploads\/2024\/08\/common-cause-share-image.png","type":"image\/png"}],"twitter_card":"summary_large_image","schema":{"@context":"https:\/\/schema.org","@graph":[{"@type":"WebPage","@id":"https:\/\/www.commoncause.org\/rhode-island\/about-us\/","url":"https:\/\/www.commoncause.org\/rhode-island\/about-us\/","name":"Sobre n\u00f3s - Common Cause Rhode Island","isPartOf":{"@id":"https:\/\/www.commoncause.org\/rhode-island\/#website"},"datePublished":"2024-05-07T13:45:45+00:00","dateModified":"2024-09-05T01:33:02+00:00","breadcrumb":{"@id":"https:\/\/www.commoncause.org\/rhode-island\/about-us\/#breadcrumb"},"inLanguage":"pt-PT","potentialAction":[{"@type":"ReadAction","target":["https:\/\/www.commoncause.org\/rhode-island\/about-us\/"]}]},{"@type":"BreadcrumbList","@id":"https:\/\/www.commoncause.org\/rhode-island\/about-us\/#breadcrumb","itemListElement":[{"@type":"ListItem","position":1,"name":"Home","item":"https:\/\/www.commoncause.org\/rhode-island\/"},{"@type":"ListItem","position":2,"name":"About Us"}]},{"@type":"WebSite","@id":"https:\/\/www.commoncause.org\/rhode-island\/#website","url":"https:\/\/www.commoncause.org\/rhode-island\/","name":"Causa Comum Rhode Island","description":"","potentialAction":[{"@type":"SearchAction","target":{"@type":"EntryPoint","urlTemplate":"https:\/\/www.commoncause.org\/rhode-island\/?s={search_term_string}"},"query-input":{"@type":"PropertyValueSpecification","valueRequired":true,"valueName":"search_term_string"}}],"inLanguage":"pt-PT"}]}},"distributor_meta":false,"distributor_terms":false,"distributor_media":false,"distributor_original_site_name":"Common Cause Rhode Island","distributor_original_site_url":"https:\/\/www.commoncause.org\/rhode-island\/pt","push-errors":false,"_links":{"self":[{"href":"https:\/\/www.commoncause.org\/rhode-island\/pt\/wp-json\/wp\/v2\/pages\/20","targetHints":{"allow":["GET"]}}],"collection":[{"href":"https:\/\/www.commoncause.org\/rhode-island\/pt\/wp-json\/wp\/v2\/pages"}],"about":[{"href":"https:\/\/www.commoncause.org\/rhode-island\/pt\/wp-json\/wp\/v2\/types\/page"}],"author":[{"embeddable":true,"href":"https:\/\/www.commoncause.org\/rhode-island\/pt\/wp-json\/wp\/v2\/users\/2"}],"replies":[{"embeddable":true,"href":"https:\/\/www.commoncause.org\/rhode-island\/pt\/wp-json\/wp\/v2\/comments?post=20"}],"version-history":[{"count":18,"href":"https:\/\/www.commoncause.org\/rhode-island\/pt\/wp-json\/wp\/v2\/pages\/20\/revisions"}],"predecessor-version":[{"id":1740,"href":"https:\/\/www.commoncause.org\/rhode-island\/pt\/wp-json\/wp\/v2\/pages\/20\/revisions\/1740"}],"wp:attachment":[{"href":"https:\/\/www.commoncause.org\/rhode-island\/pt\/wp-json\/wp\/v2\/media?parent=20"}],"curies":[{"name":"wp","href":"https:\/\/api.w.org\/{rel}","templated":true}]}}