{"id":30,"date":"2024-05-07T13:54:02","date_gmt":"2024-05-07T13:54:02","guid":{"rendered":"https:\/\/www.commoncause.org\/pennsylvania\/join-our-volunteer-team\/"},"modified":"2026-01-09T10:38:20","modified_gmt":"2026-01-09T15:38:20","slug":"tham-gia-cung-chung-toi","status":"publish","type":"page","link":"https:\/\/www.commoncause.org\/pennsylvania\/vi\/join-us\/","title":{"rendered":"Tham gia c\u00f9ng ch\u00fang t\u00f4i"},"content":{"rendered":"","protected":false},"excerpt":{"rendered":"","protected":false},"author":2,"featured_media":0,"parent":0,"menu_order":0,"comment_status":"closed","ping_status":"closed","template":"","meta":{"_acf_changed":false,"_relevanssi_hide_post":"","_relevanssi_hide_content":"","_relevanssi_pin_for_all":"","_relevanssi_pin_keywords":"","_relevanssi_unpin_keywords":"","_relevanssi_related_keywords":"","_relevanssi_related_include_ids":"","_relevanssi_related_exclude_ids":"","_relevanssi_related_no_append":"","_relevanssi_related_not_related":"","_relevanssi_related_posts":"","_relevanssi_noindex_reason":""},"class_list":["post-30","page","type-page","status-publish","hentry"],"acf":{"header":{"component_page_header":{"header_type":"default","title":"Tham gia c\u00f9ng ch\u00fang t\u00f4i","lead":"","image":"","subnavigation":false}},"sidebar":{"helper_enable_sidebar":false,"helper_media_contact":{"heading":"Media Contact","manually_enter_person":false,"person":"","name":"","role":"","phone":"","email":""},"helper_links_downloads":{"heading":"Links & Downloads","links":null}},"page_layout":[{"acf_fc_layout":"layout_wysiwyg","_acfe_flexible_toggle":null,"component_wysiwyg":{"content":"<span style=\"font-weight: 400;\"><strong>B\u1ea1n \u0111\u00e3 s\u1eb5n s\u00e0ng gi\u00fap ch\u00fang t\u00f4i v\u1eadn \u0111\u1ed9ng cho m\u1ed9t n\u1ec1n d\u00e2n ch\u1ee7 ph\u1ea3n \u00e1nh \u0111\u00fang th\u1ef1c t\u1ebf v\u00e0 \u0111\u1ea1i di\u1ec7n cho ng\u01b0\u1eddi d\u00e2n Pennsylvania ch\u01b0a?<\/strong> B\u1ea1n \u0111\u00e3 s\u1eb5n s\u00e0ng \u0111\u1ed1i \u0111\u1ea7u v\u1edbi nh\u1eefng k\u1ebb \u0111e d\u1ecda v\u00e0 l\u00e0m suy y\u1ebfu c\u00e1c th\u1ec3 ch\u1ebf d\u00e2n ch\u1ee7 c\u1ee7a ch\u00fang ta, bu\u1ed9c nh\u1eefng ng\u01b0\u1eddi c\u00f3 quy\u1ec1n l\u1ef1c ph\u1ea3i ch\u1ecbu tr\u00e1ch nhi\u1ec7m v\u00e0 \u0111\u1ea5u tranh \u0111\u1ec3 th\u00f4ng qua nh\u1eefng c\u1ea3i c\u00e1ch th\u1ef1c s\u1ef1 ch\u01b0a?\u00a0<\/span>\r\n\r\n<span style=\"font-weight: 400;\">T\u1ea1i Common Cause Pennsylvania, ch\u00fang t\u00f4i c\u1ea7n s\u1ef1 gi\u00fap \u0111\u1ee1 c\u1ee7a nh\u1eefng ng\u01b0\u1eddi \u1ee7ng h\u1ed9 t\u1eeb c\u01a1 s\u1edf nh\u01b0 b\u1ea1n \u0111\u1ec3 b\u1ea3o v\u1ec7 quy\u1ec1n l\u1ee3i c\u1ee7a ng\u01b0\u1eddi d\u00e2n v\u00e0 \u0111\u00f2i h\u1ecfi tr\u00e1ch nhi\u1ec7m gi\u1ea3i tr\u00ecnh c\u1ee7a ch\u00ednh ph\u1ee7. C\u00f3 m\u1ed9t v\u00e0i c\u00e1ch \u0111\u01a1n gi\u1ea3n \u0111\u1ec3 tham gia phong tr\u00e0o c\u1ee7a ch\u00fang t\u00f4i:<\/span>\r\n<ul>\r\n \t<li style=\"font-weight: 400;\" aria-level=\"1\"><strong><a href=\"https:\/\/actionnetwork.org\/forms\/pennsylvania-quick-join-cc?clear_id=true&amp;referrer=&amp;source=\">\u0110\u0102NG K\u00dd<\/a><\/strong><span style=\"font-weight: 400;\"> \u0110\u1ec3 nh\u1eadn tin t\u1ee9c v\u00e0 c\u1eadp nh\u1eadt t\u1eeb nh\u00f3m Common Cause Pennsylvania.<\/span><\/li>\r\n \t<li style=\"font-weight: 400;\" aria-level=\"1\"><a href=\"https:\/\/www.commoncause.org\/pennsylvania\/vi\/tinh-nguyen-vien\/\" target=\"_blank\" rel=\"noopener\"><strong>T\u00ccNH NGUY\u1ec6N VI\u00caN<\/strong><\/a><span style=\"font-weight: 400;\"> H\u00e3y tham gia c\u00f9ng ch\u00fang t\u00f4i! D\u00f9 tr\u1ef1c ti\u1ebfp hay tr\u1ef1c tuy\u1ebfn, ch\u00fang t\u00f4i \u0111\u1ec1u c\u00f3 c\u00e1c ch\u01b0\u01a1ng tr\u00ecnh \u0111\u1ec3 b\u1ea1n tham gia ngay t\u1ea1i Pennsylvania.\u00a0<\/span><\/li>\r\n \t<li style=\"font-weight: 400;\" aria-level=\"1\"><a href=\"https:\/\/www.commoncause.org\/pennsylvania\/vi\/hanh-dong-3\/\" target=\"_blank\" rel=\"noopener\"><strong>H\u00c0NH \u0110\u1ed8NG<\/strong><\/a><span style=\"font-weight: 400;\"><strong>N<\/strong> H\u00e3y c\u00f9ng ch\u00fang t\u00f4i tham gia c\u00e1c ho\u1ea1t \u0111\u1ed9ng v\u1eadn \u0111\u1ed9ng ch\u00ednh s\u00e1ch nh\u01b0 li\u00ean h\u1ec7 v\u1edbi c\u00e1c nh\u00e0 l\u1eadp ph\u00e1p, k\u00fd ki\u1ebfn ngh\u1ecb, g\u1ecdi \u0111i\u1ec7n v\u1eadn \u0111\u1ed9ng c\u1eed tri v\u00e0 nhi\u1ec1u ho\u1ea1t \u0111\u1ed9ng kh\u00e1c!<\/span><\/li>\r\n \t<li style=\"font-weight: 400;\" aria-level=\"1\"><span style=\"font-weight: 400;\"><strong>THEO D\u00d5I CH\u00daNG T\u00d4I<\/strong> tr\u00ean m\u1ea1ng x\u00e3 h\u1ed9i t\u1ea1i c\u00e1c t\u00e0i kho\u1ea3n c\u1ee7a ch\u00fang t\u00f4i tr\u00ean <\/span><a href=\"https:\/\/x.com\/commoncausepa\" target=\"_blank\" rel=\"noopener\"><span style=\"font-weight: 400;\">X (Twitter)<\/span><\/a><span style=\"font-weight: 400;\"> V\u00e0 <\/span><a href=\"https:\/\/www.facebook.com\/commoncausepa\/\" target=\"_blank\" rel=\"noopener\"><span style=\"font-weight: 400;\">Facebook<\/span><span style=\"font-weight: 400;\">.<\/span><\/a><\/li>\r\n \t<li style=\"font-weight: 400;\" aria-level=\"1\"><a href=\"https:\/\/www.commoncause.org\/pennsylvania\/vi\/quyen-tang\/\" target=\"_blank\" rel=\"noopener\"><strong>QUY\u00caN T\u1eb6NG<\/strong><\/a> H\u00e3y tham gia Common Cause Pennsylvania v\u00e0 tr\u1edf th\u00e0nh ng\u01b0\u1eddi \u0111\u00f3ng g\u00f3p t\u00edch c\u1ef1c cho n\u1ec1n d\u00e2n ch\u1ee7!<\/li>\r\n<\/ul>\r\n&nbsp;"}}]},"yoast_head":"<!-- This site is optimized with the Yoast SEO Premium plugin v26.6 (Yoast SEO v27.1.1) - https:\/\/yoast.com\/product\/yoast-seo-premium-wordpress\/ -->\n<title>Join Us - Common Cause Pennsylvania<\/title>\n<meta name=\"robots\" content=\"index, follow, max-snippet:-1, max-image-preview:large, max-video-preview:-1\" \/>\n<link rel=\"canonical\" href=\"https:\/\/www.commoncause.org\/pennsylvania\/vi\/tham-gia-cung-chung-toi\/\" \/>\n<meta property=\"og:locale\" content=\"vi_VN\" \/>\n<meta property=\"og:type\" content=\"article\" \/>\n<meta property=\"og:title\" content=\"Join Us\" \/>\n<meta property=\"og:url\" content=\"https:\/\/www.commoncause.org\/pennsylvania\/vi\/tham-gia-cung-chung-toi\/\" \/>\n<meta property=\"og:site_name\" content=\"Common Cause Pennsylvania\" \/>\n<meta property=\"article:modified_time\" content=\"2026-01-09T15:38:20+00:00\" \/>\n<meta property=\"og:image\" content=\"https:\/\/www.commoncause.org\/pennsylvania\/wp-content\/uploads\/2024\/08\/common-cause-share-image.png\" \/>\n\t<meta property=\"og:image:width\" content=\"1200\" \/>\n\t<meta property=\"og:image:height\" content=\"630\" \/>\n\t<meta property=\"og:image:type\" content=\"image\/png\" \/>\n<meta name=\"twitter:card\" content=\"summary_large_image\" \/>\n<script type=\"application\/ld+json\" class=\"yoast-schema-graph\">{\"@context\":\"https:\/\/schema.org\",\"@graph\":[{\"@type\":\"WebPage\",\"@id\":\"https:\/\/www.commoncause.org\/pennsylvania\/join-us\/\",\"url\":\"https:\/\/www.commoncause.org\/pennsylvania\/join-us\/\",\"name\":\"Join Us - Common Cause Pennsylvania\",\"isPartOf\":{\"@id\":\"https:\/\/www.commoncause.org\/pennsylvania\/#website\"},\"datePublished\":\"2024-05-07T13:54:02+00:00\",\"dateModified\":\"2026-01-09T15:38:20+00:00\",\"breadcrumb\":{\"@id\":\"https:\/\/www.commoncause.org\/pennsylvania\/join-us\/#breadcrumb\"},\"inLanguage\":\"vi\",\"potentialAction\":[{\"@type\":\"ReadAction\",\"target\":[\"https:\/\/www.commoncause.org\/pennsylvania\/join-us\/\"]}]},{\"@type\":\"BreadcrumbList\",\"@id\":\"https:\/\/www.commoncause.org\/pennsylvania\/join-us\/#breadcrumb\",\"itemListElement\":[{\"@type\":\"ListItem\",\"position\":1,\"name\":\"Home\",\"item\":\"https:\/\/www.commoncause.org\/pennsylvania\/\"},{\"@type\":\"ListItem\",\"position\":2,\"name\":\"Join Us\"}]},{\"@type\":\"WebSite\",\"@id\":\"https:\/\/www.commoncause.org\/pennsylvania\/#website\",\"url\":\"https:\/\/www.commoncause.org\/pennsylvania\/\",\"name\":\"Common Cause Pennsylvania\",\"description\":\"\",\"potentialAction\":[{\"@type\":\"SearchAction\",\"target\":{\"@type\":\"EntryPoint\",\"urlTemplate\":\"https:\/\/www.commoncause.org\/pennsylvania\/?s={search_term_string}\"},\"query-input\":{\"@type\":\"PropertyValueSpecification\",\"valueRequired\":true,\"valueName\":\"search_term_string\"}}],\"inLanguage\":\"vi\"}]}<\/script>\n<!-- \/ Yoast SEO Premium plugin. -->","yoast_head_json":{"title":"H\u00e3y tham gia c\u00f9ng ch\u00fang t\u00f4i - Common Cause Pennsylvania","robots":{"index":"index","follow":"follow","max-snippet":"max-snippet:-1","max-image-preview":"max-image-preview:large","max-video-preview":"max-video-preview:-1"},"canonical":"https:\/\/www.commoncause.org\/pennsylvania\/vi\/tham-gia-cung-chung-toi\/","og_locale":"vi_VN","og_type":"article","og_title":"Join Us","og_url":"https:\/\/www.commoncause.org\/pennsylvania\/vi\/tham-gia-cung-chung-toi\/","og_site_name":"Common Cause Pennsylvania","article_modified_time":"2026-01-09T15:38:20+00:00","og_image":[{"width":1200,"height":630,"url":"https:\/\/www.commoncause.org\/pennsylvania\/wp-content\/uploads\/2024\/08\/common-cause-share-image.png","type":"image\/png"}],"twitter_card":"summary_large_image","schema":{"@context":"https:\/\/schema.org","@graph":[{"@type":"WebPage","@id":"https:\/\/www.commoncause.org\/pennsylvania\/join-us\/","url":"https:\/\/www.commoncause.org\/pennsylvania\/join-us\/","name":"H\u00e3y tham gia c\u00f9ng ch\u00fang t\u00f4i - Common Cause Pennsylvania","isPartOf":{"@id":"https:\/\/www.commoncause.org\/pennsylvania\/#website"},"datePublished":"2024-05-07T13:54:02+00:00","dateModified":"2026-01-09T15:38:20+00:00","breadcrumb":{"@id":"https:\/\/www.commoncause.org\/pennsylvania\/join-us\/#breadcrumb"},"inLanguage":"vi","potentialAction":[{"@type":"ReadAction","target":["https:\/\/www.commoncause.org\/pennsylvania\/join-us\/"]}]},{"@type":"BreadcrumbList","@id":"https:\/\/www.commoncause.org\/pennsylvania\/join-us\/#breadcrumb","itemListElement":[{"@type":"ListItem","position":1,"name":"Home","item":"https:\/\/www.commoncause.org\/pennsylvania\/"},{"@type":"ListItem","position":2,"name":"Join Us"}]},{"@type":"WebSite","@id":"https:\/\/www.commoncause.org\/pennsylvania\/#website","url":"https:\/\/www.commoncause.org\/pennsylvania\/","name":"Nguy\u00ean nh\u00e2n chung Pennsylvania","description":"","potentialAction":[{"@type":"SearchAction","target":{"@type":"EntryPoint","urlTemplate":"https:\/\/www.commoncause.org\/pennsylvania\/?s={search_term_string}"},"query-input":{"@type":"PropertyValueSpecification","valueRequired":true,"valueName":"search_term_string"}}],"inLanguage":"vi"}]}},"distributor_meta":false,"distributor_terms":false,"distributor_media":false,"distributor_original_site_name":"Common Cause Pennsylvania","distributor_original_site_url":"https:\/\/www.commoncause.org\/pennsylvania\/vi","push-errors":false,"_links":{"self":[{"href":"https:\/\/www.commoncause.org\/pennsylvania\/vi\/wp-json\/wp\/v2\/pages\/30","targetHints":{"allow":["GET"]}}],"collection":[{"href":"https:\/\/www.commoncause.org\/pennsylvania\/vi\/wp-json\/wp\/v2\/pages"}],"about":[{"href":"https:\/\/www.commoncause.org\/pennsylvania\/vi\/wp-json\/wp\/v2\/types\/page"}],"author":[{"embeddable":true,"href":"https:\/\/www.commoncause.org\/pennsylvania\/vi\/wp-json\/wp\/v2\/users\/2"}],"replies":[{"embeddable":true,"href":"https:\/\/www.commoncause.org\/pennsylvania\/vi\/wp-json\/wp\/v2\/comments?post=30"}],"version-history":[{"count":22,"href":"https:\/\/www.commoncause.org\/pennsylvania\/vi\/wp-json\/wp\/v2\/pages\/30\/revisions"}],"predecessor-version":[{"id":2312,"href":"https:\/\/www.commoncause.org\/pennsylvania\/vi\/wp-json\/wp\/v2\/pages\/30\/revisions\/2312"}],"wp:attachment":[{"href":"https:\/\/www.commoncause.org\/pennsylvania\/vi\/wp-json\/wp\/v2\/media?parent=30"}],"curies":[{"name":"wp","href":"https:\/\/api.w.org\/{rel}","templated":true}]}}