{"id":2264,"date":"2026-01-08T14:17:56","date_gmt":"2026-01-08T19:17:56","guid":{"rendered":"https:\/\/www.commoncause.org\/pennsylvania\/?page_id=2264"},"modified":"2026-01-08T14:17:56","modified_gmt":"2026-01-08T19:17:56","slug":"tinh-nguyen-vien","status":"publish","type":"page","link":"https:\/\/www.commoncause.org\/pennsylvania\/vi\/volunteer\/","title":{"rendered":"T\u00ecnh nguy\u1ec7n vi\u00ean"},"content":{"rendered":"","protected":false},"excerpt":{"rendered":"","protected":false},"author":130,"featured_media":0,"parent":0,"menu_order":0,"comment_status":"closed","ping_status":"closed","template":"","meta":{"_acf_changed":false,"_relevanssi_hide_post":"","_relevanssi_hide_content":"","_relevanssi_pin_for_all":"","_relevanssi_pin_keywords":"","_relevanssi_unpin_keywords":"","_relevanssi_related_keywords":"","_relevanssi_related_include_ids":"","_relevanssi_related_exclude_ids":"","_relevanssi_related_no_append":"","_relevanssi_related_not_related":"","_relevanssi_related_posts":"","_relevanssi_noindex_reason":""},"class_list":["post-2264","page","type-page","status-publish","hentry"],"acf":{"header":{"component_page_header":{"header_type":"default","title":"T\u00ecnh nguy\u1ec7n vi\u00ean","lead":"","image":"","subnavigation":false}},"sidebar":{"helper_enable_sidebar":true,"helper_media_contact":{"heading":"Media Contact","manually_enter_person":false,"person":"","name":"","role":"","phone":"","email":""},"helper_links_downloads":{"heading":"Quick Sign-Ups","links":[{"file_download":false,"link":{"title":"Sign Up for the Pennsylvania Action Team","url":"https:\/\/act.commoncause.org\/forms\/action-team-interest-form-common-cause-pennsylvania","target":"_blank"},"file":null},{"file_download":false,"link":{"title":"Become a Watchdog for Democracy","url":"https:\/\/docs.google.com\/forms\/d\/15wvgcRGhj-lNPC9mweoRAnExHt8iznsKtDXcmAcpIEI\/viewform?edit_requested=true","target":"_blank"},"file":null},{"file_download":false,"link":{"title":"Volunteer for Election Protection 2026","url":"https:\/\/protectthevote.net\/","target":"_blank"},"file":null}]}},"page_layout":[{"acf_fc_layout":"layout_wysiwyg","_acfe_flexible_toggle":null,"component_wysiwyg":{"content":"M\u1ed7i ng\u00e0y \u0111\u1ec1u l\u00e0 m\u1ed9t ng\u00e0y tuy\u1ec7t v\u1eddi \u0111\u1ec3 \u0111\u1ea5u tranh cho m\u1ed9t n\u1ec1n d\u00e2n ch\u1ee7 ho\u1ea1t \u0111\u1ed9ng v\u00ec l\u1ee3i \u00edch c\u1ee7a t\u1ea5t c\u1ea3 m\u1ecdi ng\u01b0\u1eddi. T\u1ea1i Common Cause Pennsylvania, ch\u00fang t\u00f4i c\u00f3 nhi\u1ec1u c\u01a1 h\u1ed9i \u0111\u1ec3 tham gia v\u00e0 th\u00fac \u0111\u1ea9y c\u00f4ng vi\u1ec7c n\u00e0y tr\u00ean to\u00e0n ti\u1ec3u bang:<strong>\r\n\r\n<\/strong>\r\n<h4><b>1.) Nh\u00f3m H\u00e0nh \u0111\u1ed9ng v\u00ec M\u1ee5c ti\u00eau Chung Pennsylvania<\/b><\/h4>\r\n<span style=\"font-weight: 400;\"><img class=\"wp-image-38429 alignright\" src=\"https:\/\/www.commoncause.org\/pennsylvania\/wp-content\/uploads\/2025\/05\/PA-Action-Team-3200-x-1800-px-300x169.png\" alt=\"\" width=\"310\" height=\"175\" \/>\u0110\u00e2y l\u00e0 ch\u01b0\u01a1ng tr\u00ecnh v\u1eadn \u0111\u1ed9ng t\u00ecnh nguy\u1ec7n ch\u00ednh c\u1ee7a ch\u00fang t\u00f4i. C\u00e1c th\u00e0nh vi\u00ean nh\u00f3m s\u1ebd l\u00e0m vi\u1ec7c tr\u1ef1c ti\u1ebfp v\u1edbi nh\u00e2n vi\u00ean c\u1ee7a Common Cause Pennsylvania \u0111\u1ec3 th\u00fac \u0111\u1ea9y c\u00e1c chi\u1ebfn d\u1ecbch c\u1ee7a ch\u00fang t\u00f4i \u1edf c\u1ea5p c\u01a1 s\u1edf. L\u00e0 m\u1ed9t th\u00e0nh vi\u00ean c\u1ee7a Nh\u00f3m H\u00e0nh \u0111\u1ed9ng, ch\u00fang t\u00f4i s\u1ebd \u0111\u00e0o t\u1ea1o v\u00e0 h\u1ed7 tr\u1ee3 b\u1ea1n \u0111\u1ec3:\u00a0\u00a0<\/span>\r\n<ul>\r\n \t<li style=\"font-weight: 400;\" aria-level=\"1\"><span style=\"font-weight: 400;\">H\u00e3y g\u1eb7p g\u1ee1 c\u00e1c nh\u00e0 l\u1eadp ph\u00e1p c\u1ee7a b\u1ea1n \u0111\u1ec3 th\u1ea3o lu\u1eadn v\u1ec1 c\u00e1c v\u1ea5n \u0111\u1ec1 ch\u00ednh s\u00e1ch.<\/span><\/li>\r\n \t<li style=\"font-weight: 400;\" aria-level=\"1\"><span style=\"font-weight: 400;\">Tham d\u1ef1 ho\u1eb7c h\u1ed7 tr\u1ee3 t\u1ed5 ch\u1ee9c c\u00e1c cu\u1ed9c bi\u1ec3u t\u00ecnh, h\u1ed9i ngh\u1ecb c\u1ed9ng \u0111\u1ed3ng ho\u1eb7c h\u1ed9i th\u1ea3o tr\u1ef1c tuy\u1ebfn.<\/span><\/li>\r\n \t<li style=\"font-weight: 400;\" aria-level=\"1\"><span style=\"font-weight: 400;\">H\u1ed7 tr\u1ee3 nghi\u00ean c\u1ee9u v\u00e0 chu\u1ea9n b\u1ecb l\u1eddi khai tr\u01b0\u1edbc c\u00f4ng ch\u00fang.<\/span><\/li>\r\n \t<li style=\"font-weight: 400;\" aria-level=\"1\"><span style=\"font-weight: 400;\">Vi\u1ebft th\u01b0 cho t\u00f2a so\u1ea1n ho\u1eb7c g\u1eedi \u0111\u01a1n ki\u1ebfn ngh\u1ecb.<\/span><\/li>\r\n<\/ul>\r\n<span style=\"font-weight: 400;\">C\u00e1c c\u01a1 h\u1ed9i t\u00ecnh nguy\u1ec7n c\u1ee7a ch\u00fang t\u00f4i r\u1ea5t linh ho\u1ea1t, v\u00e0 ch\u00fang t\u00f4i s\u1ebd c\u00f9ng b\u1ea1n t\u00ecm ra nh\u1eefng c\u01a1 h\u1ed9i ph\u00f9 h\u1ee3p nh\u1ea5t. Quan t\u00e2m? H\u00e3y \u0111\u0103ng k\u00fd b\u00ean d\u01b0\u1edbi!\u00a0<\/span>\r\n\r\n<span style=\"font-weight: 400;\"><a href=\"https:\/\/act.commoncause.org\/forms\/action-team-interest-form-common-cause-pennsylvania\" target=\"_blank\" rel=\"noopener\"><strong>\u0110\u0103ng k\u00fd \u0111\u1ec3 tham gia \u0110\u1ed9i h\u00e0nh \u0111\u1ed9ng Pennsylvania<\/strong><\/a>\r\n\r\n<\/span>\r\n\r\n&nbsp;\r\n<h4><b>2.) C\u00e1c t\u1ed5 ch\u1ee9c gi\u00e1m s\u00e1t d\u00e2n ch\u1ee7: Gi\u00e1m s\u00e1t b\u1ea7u c\u1eed c\u1ea5p qu\u1eadn<\/b><\/h4>\r\n<span style=\"font-weight: 400;\"><img class=\"wp-image-53336 alignleft\" src=\"https:\/\/www.commoncause.org\/pennsylvania\/wp-content\/uploads\/2026\/01\/Watchdogs-for-Democracy-232x300.png\" alt=\"\" width=\"131\" height=\"170\" \/>T\u1ea1i Pennsylvania, c\u00e1c quy\u1ebft \u0111\u1ecbnh v\u1ec1 \u0111\u1ed9 d\u1ec5 hay kh\u00f3 c\u1ee7a vi\u1ec7c b\u1ecf phi\u1ebfu \u0111\u01b0\u1ee3c \u0111\u01b0a ra \u1edf c\u1ea5p qu\u1eadn. Ch\u00fang t\u00f4i \u0111ang t\u00edch c\u1ef1c tuy\u1ec3n t\u00ecnh nguy\u1ec7n vi\u00ean \u0111\u1ec3 l\u00e0m ng\u01b0\u1eddi gi\u00e1m s\u00e1t d\u00e2n ch\u1ee7 \u1edf c\u1ea5p \u0111\u1ecba ph\u01b0\u01a1ng. L\u00e0 th\u00e0nh vi\u00ean c\u1ee7a ch\u01b0\u01a1ng tr\u00ecnh Gi\u00e1m s\u00e1t c\u1ee7a ch\u00fang t\u00f4i, b\u1ea1n s\u1ebd t\u01b0\u01a1ng t\u00e1c v\u1edbi c\u00e1c nh\u00e0 qu\u1ea3n l\u00fd \u0111\u01b0\u1ee3c b\u1ea7u trong c\u1ed9ng \u0111\u1ed3ng c\u1ee7a m\u00ecnh b\u1eb1ng c\u00e1ch:<\/span>\r\n<ul>\r\n \t<li style=\"font-weight: 400;\" aria-level=\"1\"><span style=\"font-weight: 400;\">Tham d\u1ef1 ho\u1eb7c theo d\u00f5i c\u00e1c cu\u1ed9c h\u1ecdp c\u1ee7a h\u1ed9i \u0111\u1ed3ng b\u1ea7u c\u1eed v\u00e0 \u0111i\u1ec1n b\u00e1o c\u00e1o.<\/span><\/li>\r\n \t<li style=\"font-weight: 400;\" aria-level=\"1\"><span style=\"font-weight: 400;\">Ph\u00e1t bi\u1ec3u \u00fd ki\u1ebfn c\u00f4ng khai t\u1ea1i c\u00e1c cu\u1ed9c h\u1ecdp c\u1ee7a H\u1ed9i \u0111\u1ed3ng B\u1ea7u c\u1eed.<\/span><\/li>\r\n \t<li style=\"font-weight: 400;\" aria-level=\"1\"><span style=\"font-weight: 400;\">Li\u00ean h\u1ec7 v\u1edbi c\u00e1c quan ch\u1ee9c v\u00e0 nh\u00e2n vi\u00ean c\u1ea5p qu\u1eadn v\u1ec1 c\u00e1c v\u1ea5n \u0111\u1ec1 li\u00ean quan \u0111\u1ebfn b\u1ea7u c\u1eed.<\/span><\/li>\r\n \t<li style=\"font-weight: 400;\" aria-level=\"1\"><span style=\"font-weight: 400;\">Gi\u00e1m s\u00e1t c\u00e1c quy tr\u00ecnh c\u1ea5p qu\u1eadn v\u00e0 nh\u1eefng th\u00e1ch th\u1ee9c li\u00ean quan \u0111\u1ebfn b\u1ea7u c\u1eed<\/span><\/li>\r\n<\/ul>\r\n<span style=\"font-weight: 400;\">N\u1ebfu b\u1ea1n c\u00f3 th\u1ec3 gi\u00fap ch\u00fang t\u00f4i \u0111\u01b0a tin v\u1ec1 c\u00e1c cu\u1ed9c h\u1ecdp n\u00e0y t\u1ea1i b\u1ea5t k\u1ef3 qu\u1eadn n\u00e0o trong s\u1ed1 s\u00e1u m\u01b0\u01a1i b\u1ea3y qu\u1eadn c\u1ee7a Pennsylvania, h\u00e3y \u0111\u0103ng k\u00fd b\u00ean d\u01b0\u1edbi!<\/span>\r\n\r\n<strong><a href=\"https:\/\/docs.google.com\/forms\/d\/15wvgcRGhj-lNPC9mweoRAnExHt8iznsKtDXcmAcpIEI\/viewform?edit_requested=true\" target=\"_blank\" rel=\"noopener\">\u0110\u0103ng k\u00fd \u0111\u1ec3 tr\u1edf th\u00e0nh ng\u01b0\u1eddi b\u1ea3o v\u1ec7 n\u1ec1n d\u00e2n ch\u1ee7\r\n<\/a><\/strong><span style=\"font-weight: 400;\">\r\n\r\n<\/span>\r\n\r\n&nbsp;\r\n<h4><b>3.) B\u1ea3o v\u1ec7 b\u1ea7u c\u1eed: Chu k\u1ef3 n\u0103m 2026<\/b><\/h4>\r\n<span style=\"font-weight: 400;\"><img class=\"wp-image-53330 alignright\" src=\"https:\/\/www.commoncause.org\/pennsylvania\/wp-content\/uploads\/2026\/01\/866-OUR-VOTE-300x300.jpg\" alt=\"\" width=\"183\" height=\"183\" \/>Li\u00ean minh B\u1ea3o v\u1ec7 B\u1ea7u c\u1eed qu\u1ed1c gia, phi \u0111\u1ea3ng ph\u00e1i, ho\u1ea1t \u0111\u1ed9ng quanh n\u0103m \u0111\u1ec3 \u0111\u1ea3m b\u1ea3o t\u1ea5t c\u1ea3 c\u1eed tri \u0111\u1ec1u c\u00f3 c\u01a1 h\u1ed9i b\u00ecnh \u0111\u1eb3ng \u0111\u1ec3 b\u1ecf phi\u1ebfu v\u00e0 l\u00e1 phi\u1ebfu c\u1ee7a h\u1ecd \u0111\u01b0\u1ee3c t\u00ednh. N\u1ebfu b\u1ea1n \u0111\u1ed3ng \u00fd r\u1eb1ng m\u1ecdi c\u1eed tri \u0111\u1ee7 \u0111i\u1ec1u ki\u1ec7n \u0111\u1ec1u x\u1ee9ng \u0111\u00e1ng \u0111\u01b0\u1ee3c l\u1eafng nghe ti\u1ebfng n\u00f3i c\u1ee7a m\u00ecnh, b\u1ea1n c\u00f3 th\u1ec3 h\u00e0nh \u0111\u1ed9ng t\u1eeb nh\u00e0 ho\u1eb7c tr\u1ef1c ti\u1ebfp b\u1eb1ng c\u00e1ch tr\u1edf th\u00e0nh t\u00ecnh nguy\u1ec7n vi\u00ean phi \u0111\u1ea3ng ph\u00e1i c\u1ee7a Li\u00ean minh B\u1ea3o v\u1ec7 B\u1ea7u c\u1eed:<\/span><span style=\"font-weight: 400;\">\r\n<\/span>\r\n<ul>\r\n \t<li style=\"font-weight: 400;\" aria-level=\"1\"><span style=\"font-weight: 400;\">Gi\u00e1m s\u00e1t c\u00e1c \u0111i\u1ec3m b\u1ecf phi\u1ebfu v\u00e0 h\u1ed7 tr\u1ee3 c\u1eed tri trong Ng\u00e0y b\u1ea7u c\u1eed.<\/span><\/li>\r\n \t<li style=\"font-weight: 400;\" aria-level=\"1\"><span style=\"font-weight: 400;\">H\u00e3y lan t\u1ecfa s\u1ed1 \u0111i\u1ec7n tho\u1ea1i \u0111\u01b0\u1eddng d\u00e2y n\u00f3ng b\u1ea3o v\u1ec7 quy\u1ec1n b\u1ea7u c\u1eed 866-OUR-VOTE nh\u01b0 m\u1ed9t ngu\u1ed3n h\u1ed7 tr\u1ee3 c\u1eed tri.<\/span><span style=\"font-weight: 400;\">\r\n<\/span><\/li>\r\n<\/ul>\r\n<a href=\"https:\/\/protectthevote.net\/\"><strong>\u0110\u0103ng k\u00fd tr\u1edf th\u00e0nh ng\u01b0\u1eddi gi\u00e1m s\u00e1t \u0111i\u1ec3m b\u1ecf phi\u1ebfu phi \u0111\u1ea3ng ph\u00e1i<\/strong><\/a>"}}]},"yoast_head":"<!-- This site is optimized with the Yoast SEO Premium plugin v26.6 (Yoast SEO v27.1.1) - https:\/\/yoast.com\/product\/yoast-seo-premium-wordpress\/ -->\n<title>Volunteer - Common Cause Pennsylvania<\/title>\n<meta name=\"robots\" content=\"index, follow, max-snippet:-1, max-image-preview:large, max-video-preview:-1\" \/>\n<link rel=\"canonical\" href=\"https:\/\/www.commoncause.org\/pennsylvania\/vi\/tinh-nguyen-vien\/\" \/>\n<meta property=\"og:locale\" content=\"vi_VN\" \/>\n<meta property=\"og:type\" content=\"article\" \/>\n<meta property=\"og:title\" content=\"Volunteer\" \/>\n<meta property=\"og:url\" content=\"https:\/\/www.commoncause.org\/pennsylvania\/vi\/tinh-nguyen-vien\/\" \/>\n<meta property=\"og:site_name\" content=\"Common Cause Pennsylvania\" \/>\n<meta property=\"og:image\" content=\"https:\/\/www.commoncause.org\/pennsylvania\/wp-content\/uploads\/2024\/08\/common-cause-share-image.png\" \/>\n\t<meta property=\"og:image:width\" content=\"1200\" \/>\n\t<meta property=\"og:image:height\" content=\"630\" \/>\n\t<meta property=\"og:image:type\" content=\"image\/png\" \/>\n<meta name=\"twitter:card\" content=\"summary_large_image\" \/>\n<script type=\"application\/ld+json\" class=\"yoast-schema-graph\">{\"@context\":\"https:\/\/schema.org\",\"@graph\":[{\"@type\":\"WebPage\",\"@id\":\"https:\/\/www.commoncause.org\/pennsylvania\/volunteer\/\",\"url\":\"https:\/\/www.commoncause.org\/pennsylvania\/volunteer\/\",\"name\":\"Volunteer - Common Cause Pennsylvania\",\"isPartOf\":{\"@id\":\"https:\/\/www.commoncause.org\/pennsylvania\/#website\"},\"datePublished\":\"2026-01-08T19:17:56+00:00\",\"breadcrumb\":{\"@id\":\"https:\/\/www.commoncause.org\/pennsylvania\/volunteer\/#breadcrumb\"},\"inLanguage\":\"vi\",\"potentialAction\":[{\"@type\":\"ReadAction\",\"target\":[\"https:\/\/www.commoncause.org\/pennsylvania\/volunteer\/\"]}]},{\"@type\":\"BreadcrumbList\",\"@id\":\"https:\/\/www.commoncause.org\/pennsylvania\/volunteer\/#breadcrumb\",\"itemListElement\":[{\"@type\":\"ListItem\",\"position\":1,\"name\":\"Home\",\"item\":\"https:\/\/www.commoncause.org\/pennsylvania\/\"},{\"@type\":\"ListItem\",\"position\":2,\"name\":\"Volunteer\"}]},{\"@type\":\"WebSite\",\"@id\":\"https:\/\/www.commoncause.org\/pennsylvania\/#website\",\"url\":\"https:\/\/www.commoncause.org\/pennsylvania\/\",\"name\":\"Common Cause Pennsylvania\",\"description\":\"\",\"potentialAction\":[{\"@type\":\"SearchAction\",\"target\":{\"@type\":\"EntryPoint\",\"urlTemplate\":\"https:\/\/www.commoncause.org\/pennsylvania\/?s={search_term_string}\"},\"query-input\":{\"@type\":\"PropertyValueSpecification\",\"valueRequired\":true,\"valueName\":\"search_term_string\"}}],\"inLanguage\":\"vi\"}]}<\/script>\n<!-- \/ Yoast SEO Premium plugin. -->","yoast_head_json":{"title":"T\u00ecnh nguy\u1ec7n vi\u00ean - T\u1ed5 ch\u1ee9c Common Cause Pennsylvania","robots":{"index":"index","follow":"follow","max-snippet":"max-snippet:-1","max-image-preview":"max-image-preview:large","max-video-preview":"max-video-preview:-1"},"canonical":"https:\/\/www.commoncause.org\/pennsylvania\/vi\/tinh-nguyen-vien\/","og_locale":"vi_VN","og_type":"article","og_title":"Volunteer","og_url":"https:\/\/www.commoncause.org\/pennsylvania\/vi\/tinh-nguyen-vien\/","og_site_name":"Common Cause Pennsylvania","og_image":[{"width":1200,"height":630,"url":"https:\/\/www.commoncause.org\/pennsylvania\/wp-content\/uploads\/2024\/08\/common-cause-share-image.png","type":"image\/png"}],"twitter_card":"summary_large_image","schema":{"@context":"https:\/\/schema.org","@graph":[{"@type":"WebPage","@id":"https:\/\/www.commoncause.org\/pennsylvania\/volunteer\/","url":"https:\/\/www.commoncause.org\/pennsylvania\/volunteer\/","name":"T\u00ecnh nguy\u1ec7n vi\u00ean - T\u1ed5 ch\u1ee9c Common Cause Pennsylvania","isPartOf":{"@id":"https:\/\/www.commoncause.org\/pennsylvania\/#website"},"datePublished":"2026-01-08T19:17:56+00:00","breadcrumb":{"@id":"https:\/\/www.commoncause.org\/pennsylvania\/volunteer\/#breadcrumb"},"inLanguage":"vi","potentialAction":[{"@type":"ReadAction","target":["https:\/\/www.commoncause.org\/pennsylvania\/volunteer\/"]}]},{"@type":"BreadcrumbList","@id":"https:\/\/www.commoncause.org\/pennsylvania\/volunteer\/#breadcrumb","itemListElement":[{"@type":"ListItem","position":1,"name":"Home","item":"https:\/\/www.commoncause.org\/pennsylvania\/"},{"@type":"ListItem","position":2,"name":"Volunteer"}]},{"@type":"WebSite","@id":"https:\/\/www.commoncause.org\/pennsylvania\/#website","url":"https:\/\/www.commoncause.org\/pennsylvania\/","name":"Nguy\u00ean nh\u00e2n chung Pennsylvania","description":"","potentialAction":[{"@type":"SearchAction","target":{"@type":"EntryPoint","urlTemplate":"https:\/\/www.commoncause.org\/pennsylvania\/?s={search_term_string}"},"query-input":{"@type":"PropertyValueSpecification","valueRequired":true,"valueName":"search_term_string"}}],"inLanguage":"vi"}]}},"distributor_meta":false,"distributor_terms":false,"distributor_media":false,"distributor_original_site_name":"Common Cause Pennsylvania","distributor_original_site_url":"https:\/\/www.commoncause.org\/pennsylvania\/vi","push-errors":false,"_links":{"self":[{"href":"https:\/\/www.commoncause.org\/pennsylvania\/vi\/wp-json\/wp\/v2\/pages\/2264","targetHints":{"allow":["GET"]}}],"collection":[{"href":"https:\/\/www.commoncause.org\/pennsylvania\/vi\/wp-json\/wp\/v2\/pages"}],"about":[{"href":"https:\/\/www.commoncause.org\/pennsylvania\/vi\/wp-json\/wp\/v2\/types\/page"}],"author":[{"embeddable":true,"href":"https:\/\/www.commoncause.org\/pennsylvania\/vi\/wp-json\/wp\/v2\/users\/130"}],"replies":[{"embeddable":true,"href":"https:\/\/www.commoncause.org\/pennsylvania\/vi\/wp-json\/wp\/v2\/comments?post=2264"}],"version-history":[{"count":45,"href":"https:\/\/www.commoncause.org\/pennsylvania\/vi\/wp-json\/wp\/v2\/pages\/2264\/revisions"}],"predecessor-version":[{"id":2309,"href":"https:\/\/www.commoncause.org\/pennsylvania\/vi\/wp-json\/wp\/v2\/pages\/2264\/revisions\/2309"}],"wp:attachment":[{"href":"https:\/\/www.commoncause.org\/pennsylvania\/vi\/wp-json\/wp\/v2\/media?parent=2264"}],"curies":[{"name":"wp","href":"https:\/\/api.w.org\/{rel}","templated":true}]}}