{"id":22,"date":"2024-05-07T13:47:46","date_gmt":"2024-05-07T13:47:46","guid":{"rendered":"https:\/\/www.commoncause.org\/pennsylvania\/our-impact\/"},"modified":"2025-11-14T16:34:15","modified_gmt":"2025-11-14T21:34:15","slug":"tac-dong-cua-chung-toi","status":"publish","type":"page","link":"https:\/\/www.commoncause.org\/pennsylvania\/vi\/our-impact\/","title":{"rendered":"T\u00e1c \u0111\u1ed9ng c\u1ee7a ch\u00fang t\u00f4i"},"content":{"rendered":"","protected":false},"excerpt":{"rendered":"","protected":false},"author":1,"featured_media":0,"parent":0,"menu_order":0,"comment_status":"closed","ping_status":"closed","template":"","meta":{"_acf_changed":false,"_relevanssi_hide_post":"","_relevanssi_hide_content":"","_relevanssi_pin_for_all":"","_relevanssi_pin_keywords":"","_relevanssi_unpin_keywords":"","_relevanssi_related_keywords":"","_relevanssi_related_include_ids":"","_relevanssi_related_exclude_ids":"","_relevanssi_related_no_append":"","_relevanssi_related_not_related":"","_relevanssi_related_posts":"","_relevanssi_noindex_reason":""},"class_list":["post-22","page","type-page","status-publish","hentry"],"acf":{"header":{"component_page_header":{"header_type":"background","title":"T\u00e1c \u0111\u1ed9ng c\u1ee7a ch\u00fang t\u00f4i","lead":"<strong>When Common Cause Pennsylvania takes action, we make a real difference for democracy.\u00a0<\/strong>\r\n\r\nWith the support of our dedicated members, we have shown up time and time again to protect Pennsylvanians' rights. We will continue to make our government here in Pennsylvania more open, honest, and accountable.","image":"","subnavigation":false}},"sidebar":{"helper_enable_sidebar":true,"helper_media_contact":{"heading":"Media Contact","manually_enter_person":false,"person":["{\"site_id\":\"1\",\"post_type\":\"person\",\"post_id\":7755}"],"name":"","role":"","phone":"","email":""},"helper_links_downloads":{"heading":"","links":null}},"page_layout":[{"acf_fc_layout":"layout_wysiwyg","_acfe_flexible_toggle":"","component_wysiwyg":{"content":"<h4>Ch\u00fang t\u00f4i th\u00fac \u0111\u1ea9y m\u1ed9t n\u1ec1n d\u00e2n ch\u1ee7 ph\u1ea3n \u00e1nh, c\u00f3 t\u00ednh \u0111\u1ea1i di\u1ec7n v\u00e0 ph\u1ee5c v\u1ee5 cho t\u1ea5t c\u1ea3 m\u1ecdi ng\u01b0\u1eddi.<\/h4>\r\nV\u1edbi ph\u01b0\u01a1ng ph\u00e1p ti\u1ebfp c\u1eadn phi \u0111\u1ea3ng ph\u00e1i, h\u01b0\u1edbng \u0111\u1ebfn quy tr\u00ecnh, h\u01b0\u1edbng \u0111\u1ebfn k\u1ebft qu\u1ea3 v\u00e0 bao tr\u00f9m, ch\u00fang t\u00f4i \u0111\u00e3 n\u1ed7 l\u1ef1c gi\u00fap ch\u00ednh quy\u1ec1n Pennsylvania tr\u1edf n\u00ean trung th\u1ef1c, c\u1edfi m\u1edf v\u00e0 c\u00f3 tr\u00e1ch nhi\u1ec7m h\u01a1n. T\u1eeb vi\u1ec7c b\u1ea3o v\u1ec7 quy\u1ec1n b\u1ecf phi\u1ebfu qua th\u01b0 \u0111\u1ebfn th\u00fac \u0111\u1ea9y \u0111\u1ea1o \u0111\u1ee9c v\u00e0 tr\u00e1ch nhi\u1ec7m gi\u1ea3i tr\u00ecnh trong ch\u00ednh quy\u1ec1n, ch\u00fang t\u00f4i tham gia \u1edf c\u1ea5p ti\u1ec3u bang v\u00e0 \u0111\u1ecba ph\u01b0\u01a1ng \u0111\u1ec3 trao quy\u1ec1n cho c\u00f4ng d\u00e2n v\u00e0 \u0111\u1ea3m b\u1ea3o r\u1eb1ng ch\u00ednh quy\u1ec1n c\u1ee7a ch\u00fang t\u00f4i ph\u1ee5c v\u1ee5 ng\u01b0\u1eddi d\u00e2n t\u1ea1i n\u01a1i n\u1ec1n d\u00e2n ch\u1ee7 Hoa K\u1ef3 \u0111\u01b0\u1ee3c t\u1ea1o d\u1ef1ng. Nh\u1eefng th\u00e0nh t\u1ef1u g\u1ea7n \u0111\u00e2y c\u1ee7a ch\u00fang t\u00f4i bao g\u1ed3m:\r\n<ul>\r\n \t<li>vi\u1ec7c th\u00f4ng qua \u0110\u1ea1o lu\u1eadt 77 trao cho c\u1eed tri Pennsylvania quy\u1ec1n b\u1ecf phi\u1ebfu qua th\u01b0 m\u00e0 kh\u00f4ng c\u1ea7n l\u00fd do<\/li>\r\n \t<li>b\u1ea3n \u0111\u1ed3 khu v\u1ef1c l\u1eadp ph\u00e1p v\u00e0 qu\u1ed1c h\u1ed9i c\u00f4ng b\u1eb1ng, ph\u1ea3n \u00e1nh v\u00e0 mang t\u00ednh \u0111\u1ea1i di\u1ec7n<\/li>\r\n \t<li>t\u0103ng ng\u00e2n s\u00e1ch nh\u00e0 n\u01b0\u1edbc cho c\u00e1c cu\u1ed9c b\u1ea7u c\u1eed<\/li>\r\n \t<li>b\u1ea3o v\u1ec7 th\u00f4ng tin c\u00e1 nh\u00e2n ri\u00eang t\u01b0 c\u1ee7a c\u1eed tri<\/li>\r\n \t<li>b\u1ea3o v\u1ec7 c\u1eed tri kh\u1ecfi b\u1ecb lo\u1ea1i kh\u1ecfi danh s\u00e1ch c\u1eed tri<\/li>\r\n<\/ul>"}},{"acf_fc_layout":"layout_two_column_text_and_image","_acfe_flexible_toggle":"","component_two_column_text_and_image":{"heading":"","columns":[{"image":3453,"title":"Mobilizing Election Protection Volunteers","content":"Each federal election year, Common Cause Pennsylvania mobilizes nonpartisan volunteers across the state to serve as a first line of defense for voters. These volunteers answer voters' questions at their polling places, make sure that voters know their rights, and report any attempts to intimidate or obstruct voters. This program has helped tens of thousands of Pennsylvanians make themselves heard at the ballot box.","link":{"title":"Sign Up to Protect the Vote","url":"https:\/\/protectthevote.net\/?source=commoncause ","target":""}},{"image":3289,"title":"Securing Act 77","content":"In 2022, the Pennsylvania Supreme Court upheld Act 77\u2014a historic, bipartisan election reform bill passed in 2019 that permitted no-excuse vote-by-mail for the first time in the state's history. This important legal victory will protect Pennsylvania voters' right to cast their ballot securely and conveniently in the manner they choose. The lawsuit was filed by Common Cause Pennsylvania and partners.","link":{"title":"Learn more about our work to defend voting rights","url":"https:\/\/www.commoncause.org\/pennsylvania\/articles\/vote-by-mail-under-attack-act-77-update\/","target":""}}]}},{"acf_fc_layout":"layout_statistics","_acfe_flexible_toggle":"","component_statistics":{"title":"Trong nhi\u1ec1u n\u0103m qua, t\u1ed5 ch\u1ee9c Common Cause Pennsylvania \u0111\u00e3 ho\u1ea1t \u0111\u1ed9ng tr\u00ean kh\u1eafp ti\u1ec3u bang \u0111\u1ec3 x\u00e2y d\u1ef1ng n\u1ec1n d\u00e2n ch\u1ee7 v\u1eefng m\u1ea1nh h\u01a1n.","statistics":[{"component_statistic":{"number":"62k","text":"Members and Supporters","source":"People like you power everything that we do for our democracy."}},{"component_statistic":{"number":"67","text":"Counties with Common Cause members","source":"Our supporters live and take action in every corner of our state."}},{"component_statistic":{"number":"25","text":"State organizations in our network","source":"Common Cause is working nationwide on the issues that count."}}]}},{"acf_fc_layout":"layout_banner","_acfe_flexible_toggle":"","component_banner":{"use_donate_banner":true,"title":"Title [highlight]with highlighting[\/highlight] and additional text.","button":null,"image":null}}]},"yoast_head":"<!-- This site is optimized with the Yoast SEO Premium plugin v26.6 (Yoast SEO v27.1.1) - https:\/\/yoast.com\/product\/yoast-seo-premium-wordpress\/ -->\n<title>Our Impact - Common Cause Pennsylvania<\/title>\n<meta name=\"robots\" content=\"index, follow, max-snippet:-1, max-image-preview:large, max-video-preview:-1\" \/>\n<link rel=\"canonical\" href=\"https:\/\/www.commoncause.org\/pennsylvania\/vi\/tac-dong-cua-chung-toi\/\" \/>\n<meta property=\"og:locale\" content=\"vi_VN\" \/>\n<meta property=\"og:type\" content=\"article\" \/>\n<meta property=\"og:title\" content=\"Our Impact\" \/>\n<meta property=\"og:url\" content=\"https:\/\/www.commoncause.org\/pennsylvania\/vi\/tac-dong-cua-chung-toi\/\" \/>\n<meta property=\"og:site_name\" content=\"Common Cause Pennsylvania\" \/>\n<meta property=\"article:modified_time\" content=\"2025-11-14T21:34:15+00:00\" \/>\n<meta property=\"og:image\" content=\"https:\/\/www.commoncause.org\/pennsylvania\/wp-content\/uploads\/2024\/08\/common-cause-share-image.png\" \/>\n\t<meta property=\"og:image:width\" content=\"1200\" \/>\n\t<meta property=\"og:image:height\" content=\"630\" \/>\n\t<meta property=\"og:image:type\" content=\"image\/png\" \/>\n<meta name=\"twitter:card\" content=\"summary_large_image\" \/>\n<script type=\"application\/ld+json\" class=\"yoast-schema-graph\">{\"@context\":\"https:\/\/schema.org\",\"@graph\":[{\"@type\":\"WebPage\",\"@id\":\"https:\/\/www.commoncause.org\/pennsylvania\/our-impact\/\",\"url\":\"https:\/\/www.commoncause.org\/pennsylvania\/our-impact\/\",\"name\":\"Our Impact - Common Cause Pennsylvania\",\"isPartOf\":{\"@id\":\"https:\/\/www.commoncause.org\/pennsylvania\/#website\"},\"datePublished\":\"2024-05-07T13:47:46+00:00\",\"dateModified\":\"2025-11-14T21:34:15+00:00\",\"breadcrumb\":{\"@id\":\"https:\/\/www.commoncause.org\/pennsylvania\/our-impact\/#breadcrumb\"},\"inLanguage\":\"vi\",\"potentialAction\":[{\"@type\":\"ReadAction\",\"target\":[\"https:\/\/www.commoncause.org\/pennsylvania\/our-impact\/\"]}]},{\"@type\":\"BreadcrumbList\",\"@id\":\"https:\/\/www.commoncause.org\/pennsylvania\/our-impact\/#breadcrumb\",\"itemListElement\":[{\"@type\":\"ListItem\",\"position\":1,\"name\":\"Home\",\"item\":\"https:\/\/www.commoncause.org\/pennsylvania\/\"},{\"@type\":\"ListItem\",\"position\":2,\"name\":\"Our Impact\"}]},{\"@type\":\"WebSite\",\"@id\":\"https:\/\/www.commoncause.org\/pennsylvania\/#website\",\"url\":\"https:\/\/www.commoncause.org\/pennsylvania\/\",\"name\":\"Common Cause Pennsylvania\",\"description\":\"\",\"potentialAction\":[{\"@type\":\"SearchAction\",\"target\":{\"@type\":\"EntryPoint\",\"urlTemplate\":\"https:\/\/www.commoncause.org\/pennsylvania\/?s={search_term_string}\"},\"query-input\":{\"@type\":\"PropertyValueSpecification\",\"valueRequired\":true,\"valueName\":\"search_term_string\"}}],\"inLanguage\":\"vi\"}]}<\/script>\n<!-- \/ Yoast SEO Premium plugin. -->","yoast_head_json":{"title":"T\u00e1c \u0111\u1ed9ng c\u1ee7a ch\u00fang t\u00f4i - Common Cause Pennsylvania","robots":{"index":"index","follow":"follow","max-snippet":"max-snippet:-1","max-image-preview":"max-image-preview:large","max-video-preview":"max-video-preview:-1"},"canonical":"https:\/\/www.commoncause.org\/pennsylvania\/vi\/tac-dong-cua-chung-toi\/","og_locale":"vi_VN","og_type":"article","og_title":"Our Impact","og_url":"https:\/\/www.commoncause.org\/pennsylvania\/vi\/tac-dong-cua-chung-toi\/","og_site_name":"Common Cause Pennsylvania","article_modified_time":"2025-11-14T21:34:15+00:00","og_image":[{"width":1200,"height":630,"url":"https:\/\/www.commoncause.org\/pennsylvania\/wp-content\/uploads\/2024\/08\/common-cause-share-image.png","type":"image\/png"}],"twitter_card":"summary_large_image","schema":{"@context":"https:\/\/schema.org","@graph":[{"@type":"WebPage","@id":"https:\/\/www.commoncause.org\/pennsylvania\/our-impact\/","url":"https:\/\/www.commoncause.org\/pennsylvania\/our-impact\/","name":"T\u00e1c \u0111\u1ed9ng c\u1ee7a ch\u00fang t\u00f4i - Common Cause Pennsylvania","isPartOf":{"@id":"https:\/\/www.commoncause.org\/pennsylvania\/#website"},"datePublished":"2024-05-07T13:47:46+00:00","dateModified":"2025-11-14T21:34:15+00:00","breadcrumb":{"@id":"https:\/\/www.commoncause.org\/pennsylvania\/our-impact\/#breadcrumb"},"inLanguage":"vi","potentialAction":[{"@type":"ReadAction","target":["https:\/\/www.commoncause.org\/pennsylvania\/our-impact\/"]}]},{"@type":"BreadcrumbList","@id":"https:\/\/www.commoncause.org\/pennsylvania\/our-impact\/#breadcrumb","itemListElement":[{"@type":"ListItem","position":1,"name":"Home","item":"https:\/\/www.commoncause.org\/pennsylvania\/"},{"@type":"ListItem","position":2,"name":"Our Impact"}]},{"@type":"WebSite","@id":"https:\/\/www.commoncause.org\/pennsylvania\/#website","url":"https:\/\/www.commoncause.org\/pennsylvania\/","name":"Nguy\u00ean nh\u00e2n chung Pennsylvania","description":"","potentialAction":[{"@type":"SearchAction","target":{"@type":"EntryPoint","urlTemplate":"https:\/\/www.commoncause.org\/pennsylvania\/?s={search_term_string}"},"query-input":{"@type":"PropertyValueSpecification","valueRequired":true,"valueName":"search_term_string"}}],"inLanguage":"vi"}]}},"distributor_meta":false,"distributor_terms":false,"distributor_media":false,"distributor_original_site_name":"Common Cause Pennsylvania","distributor_original_site_url":"https:\/\/www.commoncause.org\/pennsylvania\/vi","push-errors":false,"_links":{"self":[{"href":"https:\/\/www.commoncause.org\/pennsylvania\/vi\/wp-json\/wp\/v2\/pages\/22","targetHints":{"allow":["GET"]}}],"collection":[{"href":"https:\/\/www.commoncause.org\/pennsylvania\/vi\/wp-json\/wp\/v2\/pages"}],"about":[{"href":"https:\/\/www.commoncause.org\/pennsylvania\/vi\/wp-json\/wp\/v2\/types\/page"}],"author":[{"embeddable":true,"href":"https:\/\/www.commoncause.org\/pennsylvania\/vi\/wp-json\/wp\/v2\/users\/1"}],"replies":[{"embeddable":true,"href":"https:\/\/www.commoncause.org\/pennsylvania\/vi\/wp-json\/wp\/v2\/comments?post=22"}],"version-history":[{"count":22,"href":"https:\/\/www.commoncause.org\/pennsylvania\/vi\/wp-json\/wp\/v2\/pages\/22\/revisions"}],"predecessor-version":[{"id":2228,"href":"https:\/\/www.commoncause.org\/pennsylvania\/vi\/wp-json\/wp\/v2\/pages\/22\/revisions\/2228"}],"wp:attachment":[{"href":"https:\/\/www.commoncause.org\/pennsylvania\/vi\/wp-json\/wp\/v2\/media?parent=22"}],"curies":[{"name":"wp","href":"https:\/\/api.w.org\/{rel}","templated":true}]}}