{"id":20,"date":"2024-05-07T13:45:45","date_gmt":"2024-05-07T13:45:45","guid":{"rendered":"https:\/\/www.commoncause.org\/pennsylvania\/about-us\/"},"modified":"2024-07-25T14:26:40","modified_gmt":"2024-07-25T18:26:40","slug":"ve-chung-toi","status":"publish","type":"page","link":"https:\/\/www.commoncause.org\/pennsylvania\/vi\/about-us\/","title":{"rendered":"Gi\u1edbi thi\u1ec7u v\u1ec1 ch\u00fang t\u00f4i"},"content":{"rendered":"","protected":false},"excerpt":{"rendered":"","protected":false},"author":2,"featured_media":0,"parent":0,"menu_order":0,"comment_status":"closed","ping_status":"closed","template":"","meta":{"_acf_changed":false,"_relevanssi_hide_post":"","_relevanssi_hide_content":"","_relevanssi_pin_for_all":"","_relevanssi_pin_keywords":"","_relevanssi_unpin_keywords":"","_relevanssi_related_keywords":"","_relevanssi_related_include_ids":"","_relevanssi_related_exclude_ids":"","_relevanssi_related_no_append":"","_relevanssi_related_not_related":"","_relevanssi_related_posts":"","_relevanssi_noindex_reason":""},"class_list":["post-20","page","type-page","status-publish","hentry"],"acf":{"header":{"component_page_header":{"header_type":"default","title":"V\u1ec1 Common Cause Pennsylvania","lead":"Common Cause Pennsylvania is a nonpartisan good government organization that stands as an independent voice for positive change, a watchdog against corruption, and a protector against abuse of power.\r\n\r\nWe work in the halls of power and in our communities to defend peoples' rights and hold public officials accountable to the people.\r\n\r\nOur record of success is a product of forward vision, and a powerful combination of grassroots organizing, coalition building, policy development, research, public education, lobbying and when necessary, litigation.","image":17225,"subnavigation":true}},"sidebar":{"helper_enable_sidebar":false,"helper_media_contact":{"heading":"","manually_enter_person":false,"person":"","name":"","role":"","phone":"","email":""},"helper_links_downloads":{"heading":"","links":null}},"page_layout":[{"acf_fc_layout":"layout_wysiwyg","_acfe_flexible_toggle":"","component_wysiwyg":{"content":"<table>\r\n<tbody>\r\n<tr>\r\n<td>\r\n<h3><strong>Common Cause Pennsylvania v\u00e0 c\u00e1c th\u00e0nh vi\u00ean c\u1ee7a ch\u00fang t\u00f4i \u0111ang \u0111\u1ea5u tranh cho n\u1ec1n d\u00e2n ch\u1ee7 m\u00e0 ch\u00fang t\u00f4i x\u1ee9ng \u0111\u00e1ng \u0111\u01b0\u1ee3c h\u01b0\u1edfng.<\/strong><\/h3>\r\n<\/td>\r\n<\/tr>\r\n<\/tbody>\r\n<\/table>\r\n<span style=\"font-weight: 400;\">Ch\u00fang t\u00f4i \u0111\u01b0a chuy\u00ean m\u00f4n ch\u00ednh s\u00e1ch \u0111\u00e3 \u0111\u01b0\u1ee3c ch\u1ee9ng minh, m\u1ea1ng l\u01b0\u1edbi nh\u1eefng ng\u01b0\u1eddi \u1ee7ng h\u1ed9 c\u01a1 s\u1edf v\u00e0 c\u00e1ch ti\u1ebfp c\u1eadn phi \u0111\u1ea3ng ph\u00e1i c\u1ee7a m\u00ecnh v\u00e0o h\u00e0nh \u0111\u1ed9ng \u0111\u1ec3 c\u1ee7ng c\u1ed1 n\u1ec1n d\u00e2n ch\u1ee7 c\u1ee7a ch\u00fang ta nh\u1eb1m \u0111\u00e1p \u1ee9ng nh\u1eefng th\u00e1ch th\u1ee9c m\u00e0 n\u00f3 \u0111ang ph\u1ea3i \u0111\u1ed1i m\u1eb7t ng\u00e0y nay. Ch\u00fang t\u00f4i l\u00e0m vi\u1ec7c tr\u00ean kh\u1eafp Pennsylvania v\u1ec1 c\u00e1c \u01b0u ti\u00ean t\u00e1c \u0111\u1ed9ng \u0111\u1ebfn cu\u1ed9c s\u1ed1ng c\u1ee7a m\u1ed7i ng\u01b0\u1eddi ch\u00fang ta\u2014nh\u01b0 b\u1ea3o v\u1ec7 quy\u1ec1n b\u1ecf phi\u1ebfu, khi\u1ebfn ch\u00ednh ph\u1ee7 c\u1ee7a ch\u00fang ta c\u00f3 tr\u00e1ch nhi\u1ec7m h\u01a1n, th\u00fac \u0111\u1ea9y t\u00ednh minh b\u1ea1ch, v.v.<\/span>\r\n\r\n<span style=\"font-weight: 400;\">Khi Ch\u00fang ta, nh\u1eefng Ng\u01b0\u1eddi d\u00e2n, c\u00f9ng nhau, ch\u00fang ta c\u00f3 th\u1ec3 t\u1ea1o ra s\u1ef1 kh\u00e1c bi\u1ec7t th\u1ef1c s\u1ef1 v\u00e0 l\u00e2u d\u00e0i. H\u00e0nh \u0111\u1ed9ng c\u00f9ng Common Cause Pennsylvania c\u00f3 ngh\u0129a l\u00e0 tham gia v\u00e0o m\u1ed9t phong tr\u00e0o m\u1ea1nh m\u1ebd theo \u0111u\u1ed5i n\u1ec1n d\u00e2n ch\u1ee7 trao cho t\u1ea5t c\u1ea3 ng\u01b0\u1eddi Pennsylvania ti\u1ebfng n\u00f3i trong c\u00e1c quy\u1ebft \u0111\u1ecbnh \u0111\u1ecbnh h\u00ecnh t\u01b0\u01a1ng lai c\u1ee7a ch\u00fang ta.<\/span>"}},{"acf_fc_layout":"layout_accordion","_acfe_flexible_toggle":"","component_accordion":{"heading":"Common Cause works...","panels":[{"panel_heading":"In the Legislature","panel_copy":"Common Cause Pennsylvania works with officials from across the political spectrum to pass proven, common-sense solutions and stop attacks on our rights. We have a long history of making lasting change through the legislative process."},{"panel_heading":"In the Courts","panel_copy":"Common Cause Pennsylvania has played a key role in some of the most impactful court cases and have consistently demonstrated that through hard-hitting legal action, we can make real progress on the democracy issues that count\u2014like fair redistricting, protecting voter privacy, and equal access to the ballot."},{"panel_heading":"On the Ground","panel_copy":"Common Cause Pennsylvania's power lies in its 36,000+ supporters throughout the commonwealth. We mobilize our members as Election Protection volunteers serving voters on Election Day and as advocates in their communities speaking out on issues that matter. We know that when our members turn out and work together, we get results."},{"panel_heading":"And Beyond...","panel_copy":"Common Cause is committed to leading the most important fights for our democracy, no matter where they take place. We show up in many ways\u2014including online, where our members contact legislators in support of target bills, spread the word about our work on social media, and report harmful election disinformation."}]}},{"acf_fc_layout":"layout_two_column_text_and_image","_acfe_flexible_toggle":"","component_two_column_text_and_image":{"heading":"","columns":[{"image":"","title":"Our Impact","content":"Common Cause Pennsylvania knows how to win reforms that reach every corner of our state. We lead the most important fights for our democracy, no matter where they take place. Learn more about some of our key victories\u2014and how you can play a meaningful role in the fight for an open, honest, and accountable government.","link":{"title":"Discover Our Impact","url":"https:\/\/www.commoncause.org\/pennsylvania\/our-impact\/","target":""}},{"image":"","title":"Our Team","content":"The staff at Common Cause Pennsylvania work relentlessly in defense of transparency, fairness, and the right to be heard in our democracy. Our expertise and creativity drive all of the crucial work we do for Pennsylvanians. Get to know us, get connected\u2014and reach out with questions about Common Cause Pennsylvania's latest efforts.","link":""}]}},{"acf_fc_layout":"layout_banner","_acfe_flexible_toggle":"","component_banner":{"use_donate_banner":true,"title":"Title [highlight]with highlighting[\/highlight] and additional text.","button":null,"image":null}}]},"yoast_head":"<!-- This site is optimized with the Yoast SEO Premium plugin v26.6 (Yoast SEO v27.1.1) - https:\/\/yoast.com\/product\/yoast-seo-premium-wordpress\/ -->\n<title>About Us - Common Cause Pennsylvania<\/title>\n<meta name=\"robots\" content=\"index, follow, max-snippet:-1, max-image-preview:large, max-video-preview:-1\" \/>\n<link rel=\"canonical\" href=\"https:\/\/www.commoncause.org\/pennsylvania\/vi\/ve-chung-toi\/\" \/>\n<meta property=\"og:locale\" content=\"vi_VN\" \/>\n<meta property=\"og:type\" content=\"article\" \/>\n<meta property=\"og:title\" content=\"About Us\" \/>\n<meta property=\"og:url\" content=\"https:\/\/www.commoncause.org\/pennsylvania\/vi\/ve-chung-toi\/\" \/>\n<meta property=\"og:site_name\" content=\"Common Cause Pennsylvania\" \/>\n<meta property=\"article:modified_time\" content=\"2024-07-25T18:26:40+00:00\" \/>\n<meta property=\"og:image\" content=\"https:\/\/www.commoncause.org\/pennsylvania\/wp-content\/uploads\/2024\/08\/common-cause-share-image.png\" \/>\n\t<meta property=\"og:image:width\" content=\"1200\" \/>\n\t<meta property=\"og:image:height\" content=\"630\" \/>\n\t<meta property=\"og:image:type\" content=\"image\/png\" \/>\n<meta name=\"twitter:card\" content=\"summary_large_image\" \/>\n<script type=\"application\/ld+json\" class=\"yoast-schema-graph\">{\"@context\":\"https:\/\/schema.org\",\"@graph\":[{\"@type\":\"WebPage\",\"@id\":\"https:\/\/www.commoncause.org\/pennsylvania\/about-us\/\",\"url\":\"https:\/\/www.commoncause.org\/pennsylvania\/about-us\/\",\"name\":\"About Us - Common Cause Pennsylvania\",\"isPartOf\":{\"@id\":\"https:\/\/www.commoncause.org\/pennsylvania\/#website\"},\"datePublished\":\"2024-05-07T13:45:45+00:00\",\"dateModified\":\"2024-07-25T18:26:40+00:00\",\"breadcrumb\":{\"@id\":\"https:\/\/www.commoncause.org\/pennsylvania\/about-us\/#breadcrumb\"},\"inLanguage\":\"vi\",\"potentialAction\":[{\"@type\":\"ReadAction\",\"target\":[\"https:\/\/www.commoncause.org\/pennsylvania\/about-us\/\"]}]},{\"@type\":\"BreadcrumbList\",\"@id\":\"https:\/\/www.commoncause.org\/pennsylvania\/about-us\/#breadcrumb\",\"itemListElement\":[{\"@type\":\"ListItem\",\"position\":1,\"name\":\"Home\",\"item\":\"https:\/\/www.commoncause.org\/pennsylvania\/\"},{\"@type\":\"ListItem\",\"position\":2,\"name\":\"About Us\"}]},{\"@type\":\"WebSite\",\"@id\":\"https:\/\/www.commoncause.org\/pennsylvania\/#website\",\"url\":\"https:\/\/www.commoncause.org\/pennsylvania\/\",\"name\":\"Common Cause Pennsylvania\",\"description\":\"\",\"potentialAction\":[{\"@type\":\"SearchAction\",\"target\":{\"@type\":\"EntryPoint\",\"urlTemplate\":\"https:\/\/www.commoncause.org\/pennsylvania\/?s={search_term_string}\"},\"query-input\":{\"@type\":\"PropertyValueSpecification\",\"valueRequired\":true,\"valueName\":\"search_term_string\"}}],\"inLanguage\":\"vi\"}]}<\/script>\n<!-- \/ Yoast SEO Premium plugin. -->","yoast_head_json":{"title":"Gi\u1edbi thi\u1ec7u v\u1ec1 ch\u00fang t\u00f4i - Common Cause Pennsylvania","robots":{"index":"index","follow":"follow","max-snippet":"max-snippet:-1","max-image-preview":"max-image-preview:large","max-video-preview":"max-video-preview:-1"},"canonical":"https:\/\/www.commoncause.org\/pennsylvania\/vi\/ve-chung-toi\/","og_locale":"vi_VN","og_type":"article","og_title":"About Us","og_url":"https:\/\/www.commoncause.org\/pennsylvania\/vi\/ve-chung-toi\/","og_site_name":"Common Cause Pennsylvania","article_modified_time":"2024-07-25T18:26:40+00:00","og_image":[{"width":1200,"height":630,"url":"https:\/\/www.commoncause.org\/pennsylvania\/wp-content\/uploads\/2024\/08\/common-cause-share-image.png","type":"image\/png"}],"twitter_card":"summary_large_image","schema":{"@context":"https:\/\/schema.org","@graph":[{"@type":"WebPage","@id":"https:\/\/www.commoncause.org\/pennsylvania\/about-us\/","url":"https:\/\/www.commoncause.org\/pennsylvania\/about-us\/","name":"Gi\u1edbi thi\u1ec7u v\u1ec1 ch\u00fang t\u00f4i - Common Cause Pennsylvania","isPartOf":{"@id":"https:\/\/www.commoncause.org\/pennsylvania\/#website"},"datePublished":"2024-05-07T13:45:45+00:00","dateModified":"2024-07-25T18:26:40+00:00","breadcrumb":{"@id":"https:\/\/www.commoncause.org\/pennsylvania\/about-us\/#breadcrumb"},"inLanguage":"vi","potentialAction":[{"@type":"ReadAction","target":["https:\/\/www.commoncause.org\/pennsylvania\/about-us\/"]}]},{"@type":"BreadcrumbList","@id":"https:\/\/www.commoncause.org\/pennsylvania\/about-us\/#breadcrumb","itemListElement":[{"@type":"ListItem","position":1,"name":"Home","item":"https:\/\/www.commoncause.org\/pennsylvania\/"},{"@type":"ListItem","position":2,"name":"About Us"}]},{"@type":"WebSite","@id":"https:\/\/www.commoncause.org\/pennsylvania\/#website","url":"https:\/\/www.commoncause.org\/pennsylvania\/","name":"Nguy\u00ean nh\u00e2n chung Pennsylvania","description":"","potentialAction":[{"@type":"SearchAction","target":{"@type":"EntryPoint","urlTemplate":"https:\/\/www.commoncause.org\/pennsylvania\/?s={search_term_string}"},"query-input":{"@type":"PropertyValueSpecification","valueRequired":true,"valueName":"search_term_string"}}],"inLanguage":"vi"}]}},"distributor_meta":false,"distributor_terms":false,"distributor_media":false,"distributor_original_site_name":"Common Cause Pennsylvania","distributor_original_site_url":"https:\/\/www.commoncause.org\/pennsylvania\/vi","push-errors":false,"_links":{"self":[{"href":"https:\/\/www.commoncause.org\/pennsylvania\/vi\/wp-json\/wp\/v2\/pages\/20","targetHints":{"allow":["GET"]}}],"collection":[{"href":"https:\/\/www.commoncause.org\/pennsylvania\/vi\/wp-json\/wp\/v2\/pages"}],"about":[{"href":"https:\/\/www.commoncause.org\/pennsylvania\/vi\/wp-json\/wp\/v2\/types\/page"}],"author":[{"embeddable":true,"href":"https:\/\/www.commoncause.org\/pennsylvania\/vi\/wp-json\/wp\/v2\/users\/2"}],"replies":[{"embeddable":true,"href":"https:\/\/www.commoncause.org\/pennsylvania\/vi\/wp-json\/wp\/v2\/comments?post=20"}],"version-history":[{"count":12,"href":"https:\/\/www.commoncause.org\/pennsylvania\/vi\/wp-json\/wp\/v2\/pages\/20\/revisions"}],"predecessor-version":[{"id":1268,"href":"https:\/\/www.commoncause.org\/pennsylvania\/vi\/wp-json\/wp\/v2\/pages\/20\/revisions\/1268"}],"wp:attachment":[{"href":"https:\/\/www.commoncause.org\/pennsylvania\/vi\/wp-json\/wp\/v2\/media?parent=20"}],"curies":[{"name":"wp","href":"https:\/\/api.w.org\/{rel}","templated":true}]}}