{"id":2264,"date":"2026-01-08T14:17:56","date_gmt":"2026-01-08T19:17:56","guid":{"rendered":"https:\/\/www.commoncause.org\/pennsylvania\/?page_id=2264"},"modified":"2026-01-08T14:17:56","modified_gmt":"2026-01-08T19:17:56","slug":"voluntario","status":"publish","type":"page","link":"https:\/\/www.commoncause.org\/pennsylvania\/pt\/volunteer\/","title":{"rendered":"Volunt\u00e1rio"},"content":{"rendered":"","protected":false},"excerpt":{"rendered":"","protected":false},"author":130,"featured_media":0,"parent":0,"menu_order":0,"comment_status":"closed","ping_status":"closed","template":"","meta":{"_acf_changed":false,"_relevanssi_hide_post":"","_relevanssi_hide_content":"","_relevanssi_pin_for_all":"","_relevanssi_pin_keywords":"","_relevanssi_unpin_keywords":"","_relevanssi_related_keywords":"","_relevanssi_related_include_ids":"","_relevanssi_related_exclude_ids":"","_relevanssi_related_no_append":"","_relevanssi_related_not_related":"","_relevanssi_related_posts":"","_relevanssi_noindex_reason":""},"class_list":["post-2264","page","type-page","status-publish","hentry"],"acf":{"header":{"component_page_header":{"header_type":"default","title":"Volunt\u00e1rio","lead":"","image":"","subnavigation":false}},"sidebar":{"helper_enable_sidebar":true,"helper_media_contact":{"heading":"Media Contact","manually_enter_person":false,"person":"","name":"","role":"","phone":"","email":""},"helper_links_downloads":{"heading":"Quick Sign-Ups","links":[{"file_download":false,"link":{"title":"Sign Up for the Pennsylvania Action Team","url":"https:\/\/act.commoncause.org\/forms\/action-team-interest-form-common-cause-pennsylvania","target":"_blank"},"file":null},{"file_download":false,"link":{"title":"Become a Watchdog for Democracy","url":"https:\/\/docs.google.com\/forms\/d\/15wvgcRGhj-lNPC9mweoRAnExHt8iznsKtDXcmAcpIEI\/viewform?edit_requested=true","target":"_blank"},"file":null},{"file_download":false,"link":{"title":"Volunteer for Election Protection 2026","url":"https:\/\/protectthevote.net\/","target":"_blank"},"file":null}]}},"page_layout":[{"acf_fc_layout":"layout_wysiwyg","_acfe_flexible_toggle":null,"component_wysiwyg":{"content":"Todo dia \u00e9 um \u00f3timo dia para defender uma democracia que funcione para todos. Na Common Cause Pennsylvania, oferecemos diversas oportunidades para voc\u00ea se envolver e impulsionar esse trabalho em todo o estado:<strong>\r\n\r\n<\/strong>\r\n<h4><b>1.) Equipe de A\u00e7\u00e3o da Common Cause Pennsylvania<\/b><\/h4>\r\n<span style=\"font-weight: 400;\"><img class=\"wp-image-38429 alignright\" src=\"https:\/\/www.commoncause.org\/pennsylvania\/wp-content\/uploads\/2025\/05\/PA-Action-Team-3200-x-1800-px-300x169.png\" alt=\"\" width=\"310\" height=\"175\" \/>Este \u00e9 o nosso principal programa de voluntariado em defesa de direitos. Os membros da equipe trabalhar\u00e3o diretamente com a equipe da Common Cause Pennsylvania para impulsionar nossas campanhas na base. Como membro da Equipe de A\u00e7\u00e3o, voc\u00ea receber\u00e1 treinamento e suporte para:\u00a0\u00a0<\/span>\r\n<ul>\r\n \t<li style=\"font-weight: 400;\" aria-level=\"1\"><span style=\"font-weight: 400;\">Re\u00fana-se com seus legisladores para discutir quest\u00f5es pol\u00edticas.<\/span><\/li>\r\n \t<li style=\"font-weight: 400;\" aria-level=\"1\"><span style=\"font-weight: 400;\">Participar ou ajudar a organizar manifesta\u00e7\u00f5es, assembleias p\u00fablicas ou webinars.<\/span><\/li>\r\n \t<li style=\"font-weight: 400;\" aria-level=\"1\"><span style=\"font-weight: 400;\">Auxiliar em pesquisas e depoimentos p\u00fablicos.<\/span><\/li>\r\n \t<li style=\"font-weight: 400;\" aria-level=\"1\"><span style=\"font-weight: 400;\">Escreva cartas ao editor ou entregue peti\u00e7\u00f5es.<\/span><\/li>\r\n<\/ul>\r\n<span style=\"font-weight: 400;\">Nossas oportunidades de voluntariado s\u00e3o flex\u00edveis e trabalharemos com voc\u00ea para encontrar as oportunidades certas que fa\u00e7am sentido para voc\u00ea. Interessado(a)? Inscreva-se abaixo!\u00a0<\/span>\r\n\r\n<span style=\"font-weight: 400;\"><a href=\"https:\/\/act.commoncause.org\/forms\/action-team-interest-form-common-cause-pennsylvania\" target=\"_blank\" rel=\"noopener\"><strong>Inscreva-se para se juntar \u00e0 Equipe de A\u00e7\u00e3o da Pensilv\u00e2nia<\/strong><\/a>\r\n\r\n<\/span>\r\n\r\n&nbsp;\r\n<h4><b>2.) Vigilantes da Democracia: Monitoramento das Elei\u00e7\u00f5es nos Condados<\/b><\/h4>\r\n<span style=\"font-weight: 400;\"><img class=\"wp-image-53336 alignleft\" src=\"https:\/\/www.commoncause.org\/pennsylvania\/wp-content\/uploads\/2026\/01\/Watchdogs-for-Democracy-232x300.png\" alt=\"\" width=\"131\" height=\"170\" \/>Aqui na Pensilv\u00e2nia, as decis\u00f5es que determinam a facilidade ou dificuldade do voto s\u00e3o tomadas em n\u00edvel de condado. Estamos recrutando ativamente volunt\u00e1rios para atuarem como fiscais da democracia em n\u00edvel local. Como membro do nosso programa de Fiscaliza\u00e7\u00e3o, voc\u00ea interagir\u00e1 com os administradores eleitos em sua pr\u00f3pria comunidade por meio de:<\/span>\r\n<ul>\r\n \t<li style=\"font-weight: 400;\" aria-level=\"1\"><span style=\"font-weight: 400;\">Comparecer ou acompanhar as reuni\u00f5es da junta eleitoral e preencher os relat\u00f3rios.<\/span><\/li>\r\n \t<li style=\"font-weight: 400;\" aria-level=\"1\"><span style=\"font-weight: 400;\">Apresenta\u00e7\u00e3o de coment\u00e1rios p\u00fablicos em reuni\u00f5es do Conselho Eleitoral.<\/span><\/li>\r\n \t<li style=\"font-weight: 400;\" aria-level=\"1\"><span style=\"font-weight: 400;\">Entrar em contato com autoridades e funcion\u00e1rios do condado sobre assuntos relacionados \u00e0s elei\u00e7\u00f5es.<\/span><\/li>\r\n \t<li style=\"font-weight: 400;\" aria-level=\"1\"><span style=\"font-weight: 400;\">Monitoramento dos processos do condado e dos desafios relacionados \u00e0s elei\u00e7\u00f5es<\/span><\/li>\r\n<\/ul>\r\n<span style=\"font-weight: 400;\">Se voc\u00ea puder nos ajudar a cobrir essas reuni\u00f5es em qualquer um dos sessenta e sete condados da Pensilv\u00e2nia, inscreva-se abaixo!<\/span>\r\n\r\n<strong><a href=\"https:\/\/docs.google.com\/forms\/d\/15wvgcRGhj-lNPC9mweoRAnExHt8iznsKtDXcmAcpIEI\/viewform?edit_requested=true\" target=\"_blank\" rel=\"noopener\">Inscreva-se para ser um defensor da democracia.\r\n<\/a><\/strong><span style=\"font-weight: 400;\">\r\n\r\n<\/span>\r\n\r\n&nbsp;\r\n<h4><b>3.) Prote\u00e7\u00e3o Eleitoral: Ciclo de 2026<\/b><\/h4>\r\n<span style=\"font-weight: 400;\"><img class=\"wp-image-53330 alignright\" src=\"https:\/\/www.commoncause.org\/pennsylvania\/wp-content\/uploads\/2026\/01\/866-OUR-VOTE-300x300.jpg\" alt=\"\" width=\"183\" height=\"183\" \/>A coaliz\u00e3o nacional e apartid\u00e1ria de Prote\u00e7\u00e3o Eleitoral trabalha o ano todo para garantir que todos os eleitores tenham igualdade de oportunidades para votar e que seus votos sejam contabilizados. Se voc\u00ea concorda que todo eleitor eleg\u00edvel merece ter sua voz ouvida, voc\u00ea pode agir de casa ou presencialmente, tornando-se um volunt\u00e1rio apartid\u00e1rio da Prote\u00e7\u00e3o Eleitoral:<\/span><span style=\"font-weight: 400;\">\r\n<\/span>\r\n<ul>\r\n \t<li style=\"font-weight: 400;\" aria-level=\"1\"><span style=\"font-weight: 400;\">Monitorar os locais de vota\u00e7\u00e3o e auxiliar os eleitores no dia da elei\u00e7\u00e3o.<\/span><\/li>\r\n \t<li style=\"font-weight: 400;\" aria-level=\"1\"><span style=\"font-weight: 400;\">Divulgue a linha direta de prote\u00e7\u00e3o eleitoral 866-OUR-VOTE como um recurso de assist\u00eancia ao eleitor.<\/span><span style=\"font-weight: 400;\">\r\n<\/span><\/li>\r\n<\/ul>\r\n<a href=\"https:\/\/protectthevote.net\/\"><strong>Inscreva-se para ser um observador de vota\u00e7\u00e3o apartid\u00e1rio.<\/strong><\/a>"}}]},"yoast_head":"<!-- This site is optimized with the Yoast SEO Premium plugin v26.6 (Yoast SEO v27.1.1) - https:\/\/yoast.com\/product\/yoast-seo-premium-wordpress\/ -->\n<title>Volunteer - Common Cause Pennsylvania<\/title>\n<meta name=\"robots\" content=\"index, follow, max-snippet:-1, max-image-preview:large, max-video-preview:-1\" \/>\n<link rel=\"canonical\" href=\"https:\/\/www.commoncause.org\/pennsylvania\/pt\/voluntario\/\" \/>\n<meta property=\"og:locale\" content=\"pt_PT\" \/>\n<meta property=\"og:type\" content=\"article\" \/>\n<meta property=\"og:title\" content=\"Volunteer\" \/>\n<meta property=\"og:url\" content=\"https:\/\/www.commoncause.org\/pennsylvania\/pt\/voluntario\/\" \/>\n<meta property=\"og:site_name\" content=\"Common Cause Pennsylvania\" \/>\n<meta property=\"og:image\" content=\"https:\/\/www.commoncause.org\/pennsylvania\/wp-content\/uploads\/2024\/08\/common-cause-share-image.png\" \/>\n\t<meta property=\"og:image:width\" content=\"1200\" \/>\n\t<meta property=\"og:image:height\" content=\"630\" \/>\n\t<meta property=\"og:image:type\" content=\"image\/png\" \/>\n<meta name=\"twitter:card\" content=\"summary_large_image\" \/>\n<script type=\"application\/ld+json\" class=\"yoast-schema-graph\">{\"@context\":\"https:\/\/schema.org\",\"@graph\":[{\"@type\":\"WebPage\",\"@id\":\"https:\/\/www.commoncause.org\/pennsylvania\/volunteer\/\",\"url\":\"https:\/\/www.commoncause.org\/pennsylvania\/volunteer\/\",\"name\":\"Volunteer - Common Cause Pennsylvania\",\"isPartOf\":{\"@id\":\"https:\/\/www.commoncause.org\/pennsylvania\/#website\"},\"datePublished\":\"2026-01-08T19:17:56+00:00\",\"breadcrumb\":{\"@id\":\"https:\/\/www.commoncause.org\/pennsylvania\/volunteer\/#breadcrumb\"},\"inLanguage\":\"pt-PT\",\"potentialAction\":[{\"@type\":\"ReadAction\",\"target\":[\"https:\/\/www.commoncause.org\/pennsylvania\/volunteer\/\"]}]},{\"@type\":\"BreadcrumbList\",\"@id\":\"https:\/\/www.commoncause.org\/pennsylvania\/volunteer\/#breadcrumb\",\"itemListElement\":[{\"@type\":\"ListItem\",\"position\":1,\"name\":\"Home\",\"item\":\"https:\/\/www.commoncause.org\/pennsylvania\/\"},{\"@type\":\"ListItem\",\"position\":2,\"name\":\"Volunteer\"}]},{\"@type\":\"WebSite\",\"@id\":\"https:\/\/www.commoncause.org\/pennsylvania\/#website\",\"url\":\"https:\/\/www.commoncause.org\/pennsylvania\/\",\"name\":\"Common Cause Pennsylvania\",\"description\":\"\",\"potentialAction\":[{\"@type\":\"SearchAction\",\"target\":{\"@type\":\"EntryPoint\",\"urlTemplate\":\"https:\/\/www.commoncause.org\/pennsylvania\/?s={search_term_string}\"},\"query-input\":{\"@type\":\"PropertyValueSpecification\",\"valueRequired\":true,\"valueName\":\"search_term_string\"}}],\"inLanguage\":\"pt-PT\"}]}<\/script>\n<!-- \/ Yoast SEO Premium plugin. -->","yoast_head_json":{"title":"Voluntariado - Common Cause Pensilv\u00e2nia","robots":{"index":"index","follow":"follow","max-snippet":"max-snippet:-1","max-image-preview":"max-image-preview:large","max-video-preview":"max-video-preview:-1"},"canonical":"https:\/\/www.commoncause.org\/pennsylvania\/pt\/voluntario\/","og_locale":"pt_PT","og_type":"article","og_title":"Volunteer","og_url":"https:\/\/www.commoncause.org\/pennsylvania\/pt\/voluntario\/","og_site_name":"Common Cause Pennsylvania","og_image":[{"width":1200,"height":630,"url":"https:\/\/www.commoncause.org\/pennsylvania\/wp-content\/uploads\/2024\/08\/common-cause-share-image.png","type":"image\/png"}],"twitter_card":"summary_large_image","schema":{"@context":"https:\/\/schema.org","@graph":[{"@type":"WebPage","@id":"https:\/\/www.commoncause.org\/pennsylvania\/volunteer\/","url":"https:\/\/www.commoncause.org\/pennsylvania\/volunteer\/","name":"Voluntariado - Common Cause Pensilv\u00e2nia","isPartOf":{"@id":"https:\/\/www.commoncause.org\/pennsylvania\/#website"},"datePublished":"2026-01-08T19:17:56+00:00","breadcrumb":{"@id":"https:\/\/www.commoncause.org\/pennsylvania\/volunteer\/#breadcrumb"},"inLanguage":"pt-PT","potentialAction":[{"@type":"ReadAction","target":["https:\/\/www.commoncause.org\/pennsylvania\/volunteer\/"]}]},{"@type":"BreadcrumbList","@id":"https:\/\/www.commoncause.org\/pennsylvania\/volunteer\/#breadcrumb","itemListElement":[{"@type":"ListItem","position":1,"name":"Home","item":"https:\/\/www.commoncause.org\/pennsylvania\/"},{"@type":"ListItem","position":2,"name":"Volunteer"}]},{"@type":"WebSite","@id":"https:\/\/www.commoncause.org\/pennsylvania\/#website","url":"https:\/\/www.commoncause.org\/pennsylvania\/","name":"Causa Comum Pensilv\u00e2nia","description":"","potentialAction":[{"@type":"SearchAction","target":{"@type":"EntryPoint","urlTemplate":"https:\/\/www.commoncause.org\/pennsylvania\/?s={search_term_string}"},"query-input":{"@type":"PropertyValueSpecification","valueRequired":true,"valueName":"search_term_string"}}],"inLanguage":"pt-PT"}]}},"distributor_meta":false,"distributor_terms":false,"distributor_media":false,"distributor_original_site_name":"Common Cause Pennsylvania","distributor_original_site_url":"https:\/\/www.commoncause.org\/pennsylvania\/pt","push-errors":false,"_links":{"self":[{"href":"https:\/\/www.commoncause.org\/pennsylvania\/pt\/wp-json\/wp\/v2\/pages\/2264","targetHints":{"allow":["GET"]}}],"collection":[{"href":"https:\/\/www.commoncause.org\/pennsylvania\/pt\/wp-json\/wp\/v2\/pages"}],"about":[{"href":"https:\/\/www.commoncause.org\/pennsylvania\/pt\/wp-json\/wp\/v2\/types\/page"}],"author":[{"embeddable":true,"href":"https:\/\/www.commoncause.org\/pennsylvania\/pt\/wp-json\/wp\/v2\/users\/130"}],"replies":[{"embeddable":true,"href":"https:\/\/www.commoncause.org\/pennsylvania\/pt\/wp-json\/wp\/v2\/comments?post=2264"}],"version-history":[{"count":45,"href":"https:\/\/www.commoncause.org\/pennsylvania\/pt\/wp-json\/wp\/v2\/pages\/2264\/revisions"}],"predecessor-version":[{"id":2309,"href":"https:\/\/www.commoncause.org\/pennsylvania\/pt\/wp-json\/wp\/v2\/pages\/2264\/revisions\/2309"}],"wp:attachment":[{"href":"https:\/\/www.commoncause.org\/pennsylvania\/pt\/wp-json\/wp\/v2\/media?parent=2264"}],"curies":[{"name":"wp","href":"https:\/\/api.w.org\/{rel}","templated":true}]}}