{"id":2264,"date":"2026-01-08T14:17:56","date_gmt":"2026-01-08T19:17:56","guid":{"rendered":"https:\/\/www.commoncause.org\/pennsylvania\/?page_id=2264"},"modified":"2026-01-08T14:17:56","modified_gmt":"2026-01-08T19:17:56","slug":"wolontariusz","status":"publish","type":"page","link":"https:\/\/www.commoncause.org\/pennsylvania\/pl\/volunteer\/","title":{"rendered":"Wolontariusz"},"content":{"rendered":"","protected":false},"excerpt":{"rendered":"","protected":false},"author":130,"featured_media":0,"parent":0,"menu_order":0,"comment_status":"closed","ping_status":"closed","template":"","meta":{"_acf_changed":false,"_relevanssi_hide_post":"","_relevanssi_hide_content":"","_relevanssi_pin_for_all":"","_relevanssi_pin_keywords":"","_relevanssi_unpin_keywords":"","_relevanssi_related_keywords":"","_relevanssi_related_include_ids":"","_relevanssi_related_exclude_ids":"","_relevanssi_related_no_append":"","_relevanssi_related_not_related":"","_relevanssi_related_posts":"","_relevanssi_noindex_reason":""},"class_list":["post-2264","page","type-page","status-publish","hentry"],"acf":{"header":{"component_page_header":{"header_type":"default","title":"Wolontariusz","lead":"","image":"","subnavigation":false}},"sidebar":{"helper_enable_sidebar":true,"helper_media_contact":{"heading":"Media Contact","manually_enter_person":false,"person":"","name":"","role":"","phone":"","email":""},"helper_links_downloads":{"heading":"Quick Sign-Ups","links":[{"file_download":false,"link":{"title":"Sign Up for the Pennsylvania Action Team","url":"https:\/\/act.commoncause.org\/forms\/action-team-interest-form-common-cause-pennsylvania","target":"_blank"},"file":null},{"file_download":false,"link":{"title":"Become a Watchdog for Democracy","url":"https:\/\/docs.google.com\/forms\/d\/15wvgcRGhj-lNPC9mweoRAnExHt8iznsKtDXcmAcpIEI\/viewform?edit_requested=true","target":"_blank"},"file":null},{"file_download":false,"link":{"title":"Volunteer for Election Protection 2026","url":"https:\/\/protectthevote.net\/","target":"_blank"},"file":null}]}},"page_layout":[{"acf_fc_layout":"layout_wysiwyg","_acfe_flexible_toggle":null,"component_wysiwyg":{"content":"Ka\u017cdy dzie\u0144 jest wspania\u0142ym dniem, by walczy\u0107 o demokracj\u0119, kt\u00f3ra s\u0142u\u017cy wszystkim. W Common Cause Pennsylvania oferujemy szereg mo\u017cliwo\u015bci zaanga\u017cowania si\u0119 i wspierania tej pracy w ca\u0142ej Wsp\u00f3lnocie:<strong>\r\n\r\n<\/strong>\r\n<h4><b>1.) Zesp\u00f3\u0142 akcji Common Cause Pennsylvania<\/b><\/h4>\r\n<span style=\"font-weight: 400;\"><img class=\"wp-image-38429 alignright\" src=\"https:\/\/www.commoncause.org\/pennsylvania\/wp-content\/uploads\/2025\/05\/PA-Action-Team-3200-x-1800-px-300x169.png\" alt=\"\" width=\"310\" height=\"175\" \/>To nasz g\u0142\u00f3wny program wolontariatu. Cz\u0142onkowie zespo\u0142u b\u0119d\u0105 wsp\u00f3\u0142pracowa\u0107 bezpo\u015brednio z personelem Common Cause Pennsylvania, aby rozwija\u0107 nasze kampanie na poziomie lokalnym. Jako cz\u0142onek Zespo\u0142u Akcji, zapewnimy Ci szkolenie i wsparcie w zakresie:\u00a0\u00a0<\/span>\r\n<ul>\r\n \t<li style=\"font-weight: 400;\" aria-level=\"1\"><span style=\"font-weight: 400;\">Spotkaj si\u0119 ze swoimi prawodawcami, aby om\u00f3wi\u0107 kwestie polityczne<\/span><\/li>\r\n \t<li style=\"font-weight: 400;\" aria-level=\"1\"><span style=\"font-weight: 400;\">We\u017a udzia\u0142 w wiecach, spotkaniach miejskich lub webinariach lub pom\u00f3\u017c je zorganizowa\u0107<\/span><\/li>\r\n \t<li style=\"font-weight: 400;\" aria-level=\"1\"><span style=\"font-weight: 400;\">Pomoc w badaniach i sk\u0142adaniu publicznych zezna\u0144<\/span><\/li>\r\n \t<li style=\"font-weight: 400;\" aria-level=\"1\"><span style=\"font-weight: 400;\">Napisz listy do redakcji lub dostarcz petycje<\/span><\/li>\r\n<\/ul>\r\n<span style=\"font-weight: 400;\">Nasze mo\u017cliwo\u015bci wolontariatu s\u0105 elastyczne i b\u0119dziemy z Tob\u0105 wsp\u00f3\u0142pracowa\u0107, aby znale\u017a\u0107 odpowiednie dla Ciebie oferty. Zainteresowany? Zarejestruj si\u0119 poni\u017cej!\u00a0<\/span>\r\n\r\n<span style=\"font-weight: 400;\"><a href=\"https:\/\/act.commoncause.org\/forms\/action-team-interest-form-common-cause-pennsylvania\" target=\"_blank\" rel=\"noopener\"><strong>Zarejestruj si\u0119, aby do\u0142\u0105czy\u0107 do zespo\u0142u akcji Pensylwanii<\/strong><\/a>\r\n\r\n<\/span>\r\n\r\n&nbsp;\r\n<h4><b>2.) Stra\u017cnicy demokracji: monitorowanie wybor\u00f3w w hrabstwach<\/b><\/h4>\r\n<span style=\"font-weight: 400;\"><img class=\"wp-image-53336 alignleft\" src=\"https:\/\/www.commoncause.org\/pennsylvania\/wp-content\/uploads\/2026\/01\/Watchdogs-for-Democracy-232x300.png\" alt=\"\" width=\"131\" height=\"170\" \/>Tutaj, w Pensylwanii, decyzje o tym, jak \u0142atwo lub trudno g\u0142osowa\u0107, zapadaj\u0105 na szczeblu hrabstwa. Aktywnie rekrutujemy wolontariuszy, kt\u00f3rzy b\u0119d\u0105 strzec demokracji na poziomie lokalnym. Jako cz\u0142onek naszego programu Watchdog, b\u0119dziesz wsp\u00f3\u0142pracowa\u0107 z wybranymi administratorami w swojej spo\u0142eczno\u015bci poprzez:<\/span>\r\n<ul>\r\n \t<li style=\"font-weight: 400;\" aria-level=\"1\"><span style=\"font-weight: 400;\">Uczestnictwo lub ogl\u0105danie posiedze\u0144 komisji wyborczej i sporz\u0105dzanie raport\u00f3w<\/span><\/li>\r\n \t<li style=\"font-weight: 400;\" aria-level=\"1\"><span style=\"font-weight: 400;\">Sk\u0142adanie publicznych komentarzy na posiedzeniach Rady Wyborczej<\/span><\/li>\r\n \t<li style=\"font-weight: 400;\" aria-level=\"1\"><span style=\"font-weight: 400;\">Kontaktowanie si\u0119 z urz\u0119dnikami i pracownikami powiatu w sprawach zwi\u0105zanych z wyborami<\/span><\/li>\r\n \t<li style=\"font-weight: 400;\" aria-level=\"1\"><span style=\"font-weight: 400;\">Monitorowanie proces\u00f3w powiatowych i wyzwa\u0144 zwi\u0105zanych z wyborami<\/span><\/li>\r\n<\/ul>\r\n<span style=\"font-weight: 400;\">Je\u015bli mo\u017cesz nam pom\u00f3c w organizacji tych spotka\u0144 w kt\u00f3rym\u015b z sze\u015b\u0107dziesi\u0119ciu siedmiu hrabstw Pensylwanii, zapisz si\u0119 poni\u017cej!<\/span>\r\n\r\n<strong><a href=\"https:\/\/docs.google.com\/forms\/d\/15wvgcRGhj-lNPC9mweoRAnExHt8iznsKtDXcmAcpIEI\/viewform?edit_requested=true\" target=\"_blank\" rel=\"noopener\">Zarejestruj si\u0119, aby zosta\u0107 stra\u017cnikiem demokracji\r\n<\/a><\/strong><span style=\"font-weight: 400;\">\r\n\r\n<\/span>\r\n\r\n&nbsp;\r\n<h4><b>3.) Ochrona wybor\u00f3w: Cykl 2026<\/b><\/h4>\r\n<span style=\"font-weight: 400;\"><img class=\"wp-image-53330 alignright\" src=\"https:\/\/www.commoncause.org\/pennsylvania\/wp-content\/uploads\/2026\/01\/866-OUR-VOTE-300x300.jpg\" alt=\"\" width=\"183\" height=\"183\" \/>Krajowa, bezpartyjna koalicja na rzecz ochrony wybor\u00f3w dzia\u0142a przez ca\u0142y rok, aby zapewni\u0107 wszystkim wyborcom r\u00f3wne szanse na oddanie g\u0142osu i jego uwzgl\u0119dnienie. Je\u015bli zgadzasz si\u0119, \u017ce ka\u017cdy uprawniony wyborca zas\u0142uguje na to, aby jego g\u0142os si\u0119 liczy\u0142, mo\u017cesz podj\u0105\u0107 dzia\u0142ania z domu lub osobi\u015bcie, b\u0119d\u0105c bezpartyjnym wolontariuszem w ramach ochrony wybor\u00f3w:<\/span><span style=\"font-weight: 400;\">\r\n<\/span>\r\n<ul>\r\n \t<li style=\"font-weight: 400;\" aria-level=\"1\"><span style=\"font-weight: 400;\">Monitoruj lokale wyborcze i pomagaj wyborcom w dniu wybor\u00f3w<\/span><\/li>\r\n \t<li style=\"font-weight: 400;\" aria-level=\"1\"><span style=\"font-weight: 400;\">Rozpowszechniaj infolini\u0119 ochrony wybor\u00f3w 866-OUR-VOTE jako \u017ar\u00f3d\u0142o pomocy dla wyborc\u00f3w<\/span><span style=\"font-weight: 400;\">\r\n<\/span><\/li>\r\n<\/ul>\r\n<a href=\"https:\/\/protectthevote.net\/\"><strong>Zarejestruj si\u0119, aby zosta\u0107 bezpartyjnym monitorem sonda\u017cy<\/strong><\/a>"}}]},"yoast_head":"<!-- This site is optimized with the Yoast SEO Premium plugin v26.6 (Yoast SEO v27.1.1) - https:\/\/yoast.com\/product\/yoast-seo-premium-wordpress\/ -->\n<title>Volunteer - Common Cause Pennsylvania<\/title>\n<meta name=\"robots\" content=\"index, follow, max-snippet:-1, max-image-preview:large, max-video-preview:-1\" \/>\n<link rel=\"canonical\" href=\"https:\/\/www.commoncause.org\/pennsylvania\/pl\/wolontariusz\/\" \/>\n<meta property=\"og:locale\" content=\"pl_PL\" \/>\n<meta property=\"og:type\" content=\"article\" \/>\n<meta property=\"og:title\" content=\"Volunteer\" \/>\n<meta property=\"og:url\" content=\"https:\/\/www.commoncause.org\/pennsylvania\/pl\/wolontariusz\/\" \/>\n<meta property=\"og:site_name\" content=\"Common Cause Pennsylvania\" \/>\n<meta property=\"og:image\" content=\"https:\/\/www.commoncause.org\/pennsylvania\/wp-content\/uploads\/2024\/08\/common-cause-share-image.png\" \/>\n\t<meta property=\"og:image:width\" content=\"1200\" \/>\n\t<meta property=\"og:image:height\" content=\"630\" \/>\n\t<meta property=\"og:image:type\" content=\"image\/png\" \/>\n<meta name=\"twitter:card\" content=\"summary_large_image\" \/>\n<script type=\"application\/ld+json\" class=\"yoast-schema-graph\">{\"@context\":\"https:\/\/schema.org\",\"@graph\":[{\"@type\":\"WebPage\",\"@id\":\"https:\/\/www.commoncause.org\/pennsylvania\/volunteer\/\",\"url\":\"https:\/\/www.commoncause.org\/pennsylvania\/volunteer\/\",\"name\":\"Volunteer - Common Cause Pennsylvania\",\"isPartOf\":{\"@id\":\"https:\/\/www.commoncause.org\/pennsylvania\/#website\"},\"datePublished\":\"2026-01-08T19:17:56+00:00\",\"breadcrumb\":{\"@id\":\"https:\/\/www.commoncause.org\/pennsylvania\/volunteer\/#breadcrumb\"},\"inLanguage\":\"pl-PL\",\"potentialAction\":[{\"@type\":\"ReadAction\",\"target\":[\"https:\/\/www.commoncause.org\/pennsylvania\/volunteer\/\"]}]},{\"@type\":\"BreadcrumbList\",\"@id\":\"https:\/\/www.commoncause.org\/pennsylvania\/volunteer\/#breadcrumb\",\"itemListElement\":[{\"@type\":\"ListItem\",\"position\":1,\"name\":\"Home\",\"item\":\"https:\/\/www.commoncause.org\/pennsylvania\/\"},{\"@type\":\"ListItem\",\"position\":2,\"name\":\"Volunteer\"}]},{\"@type\":\"WebSite\",\"@id\":\"https:\/\/www.commoncause.org\/pennsylvania\/#website\",\"url\":\"https:\/\/www.commoncause.org\/pennsylvania\/\",\"name\":\"Common Cause Pennsylvania\",\"description\":\"\",\"potentialAction\":[{\"@type\":\"SearchAction\",\"target\":{\"@type\":\"EntryPoint\",\"urlTemplate\":\"https:\/\/www.commoncause.org\/pennsylvania\/?s={search_term_string}\"},\"query-input\":{\"@type\":\"PropertyValueSpecification\",\"valueRequired\":true,\"valueName\":\"search_term_string\"}}],\"inLanguage\":\"pl-PL\"}]}<\/script>\n<!-- \/ Yoast SEO Premium plugin. -->","yoast_head_json":{"title":"Wolontariusz \u2013 Common Cause Pennsylvania","robots":{"index":"index","follow":"follow","max-snippet":"max-snippet:-1","max-image-preview":"max-image-preview:large","max-video-preview":"max-video-preview:-1"},"canonical":"https:\/\/www.commoncause.org\/pennsylvania\/pl\/wolontariusz\/","og_locale":"pl_PL","og_type":"article","og_title":"Volunteer","og_url":"https:\/\/www.commoncause.org\/pennsylvania\/pl\/wolontariusz\/","og_site_name":"Common Cause Pennsylvania","og_image":[{"width":1200,"height":630,"url":"https:\/\/www.commoncause.org\/pennsylvania\/wp-content\/uploads\/2024\/08\/common-cause-share-image.png","type":"image\/png"}],"twitter_card":"summary_large_image","schema":{"@context":"https:\/\/schema.org","@graph":[{"@type":"WebPage","@id":"https:\/\/www.commoncause.org\/pennsylvania\/volunteer\/","url":"https:\/\/www.commoncause.org\/pennsylvania\/volunteer\/","name":"Wolontariusz \u2013 Common Cause Pennsylvania","isPartOf":{"@id":"https:\/\/www.commoncause.org\/pennsylvania\/#website"},"datePublished":"2026-01-08T19:17:56+00:00","breadcrumb":{"@id":"https:\/\/www.commoncause.org\/pennsylvania\/volunteer\/#breadcrumb"},"inLanguage":"pl-PL","potentialAction":[{"@type":"ReadAction","target":["https:\/\/www.commoncause.org\/pennsylvania\/volunteer\/"]}]},{"@type":"BreadcrumbList","@id":"https:\/\/www.commoncause.org\/pennsylvania\/volunteer\/#breadcrumb","itemListElement":[{"@type":"ListItem","position":1,"name":"Home","item":"https:\/\/www.commoncause.org\/pennsylvania\/"},{"@type":"ListItem","position":2,"name":"Volunteer"}]},{"@type":"WebSite","@id":"https:\/\/www.commoncause.org\/pennsylvania\/#website","url":"https:\/\/www.commoncause.org\/pennsylvania\/","name":"Powszechna przyczyna Pensylwania","description":"","potentialAction":[{"@type":"SearchAction","target":{"@type":"EntryPoint","urlTemplate":"https:\/\/www.commoncause.org\/pennsylvania\/?s={search_term_string}"},"query-input":{"@type":"PropertyValueSpecification","valueRequired":true,"valueName":"search_term_string"}}],"inLanguage":"pl-PL"}]}},"distributor_meta":false,"distributor_terms":false,"distributor_media":false,"distributor_original_site_name":"Common Cause Pennsylvania","distributor_original_site_url":"https:\/\/www.commoncause.org\/pennsylvania\/pl","push-errors":false,"_links":{"self":[{"href":"https:\/\/www.commoncause.org\/pennsylvania\/pl\/wp-json\/wp\/v2\/pages\/2264","targetHints":{"allow":["GET"]}}],"collection":[{"href":"https:\/\/www.commoncause.org\/pennsylvania\/pl\/wp-json\/wp\/v2\/pages"}],"about":[{"href":"https:\/\/www.commoncause.org\/pennsylvania\/pl\/wp-json\/wp\/v2\/types\/page"}],"author":[{"embeddable":true,"href":"https:\/\/www.commoncause.org\/pennsylvania\/pl\/wp-json\/wp\/v2\/users\/130"}],"replies":[{"embeddable":true,"href":"https:\/\/www.commoncause.org\/pennsylvania\/pl\/wp-json\/wp\/v2\/comments?post=2264"}],"version-history":[{"count":45,"href":"https:\/\/www.commoncause.org\/pennsylvania\/pl\/wp-json\/wp\/v2\/pages\/2264\/revisions"}],"predecessor-version":[{"id":2309,"href":"https:\/\/www.commoncause.org\/pennsylvania\/pl\/wp-json\/wp\/v2\/pages\/2264\/revisions\/2309"}],"wp:attachment":[{"href":"https:\/\/www.commoncause.org\/pennsylvania\/pl\/wp-json\/wp\/v2\/media?parent=2264"}],"curies":[{"name":"wp","href":"https:\/\/api.w.org\/{rel}","templated":true}]}}