{"id":2264,"date":"2026-01-08T14:17:56","date_gmt":"2026-01-08T19:17:56","guid":{"rendered":"https:\/\/www.commoncause.org\/pennsylvania\/?page_id=2264"},"modified":"2026-01-08T14:17:56","modified_gmt":"2026-01-08T19:17:56","slug":"volontario","status":"publish","type":"page","link":"https:\/\/www.commoncause.org\/pennsylvania\/it\/volunteer\/","title":{"rendered":"Volontario"},"content":{"rendered":"","protected":false},"excerpt":{"rendered":"","protected":false},"author":130,"featured_media":0,"parent":0,"menu_order":0,"comment_status":"closed","ping_status":"closed","template":"","meta":{"_acf_changed":false,"_relevanssi_hide_post":"","_relevanssi_hide_content":"","_relevanssi_pin_for_all":"","_relevanssi_pin_keywords":"","_relevanssi_unpin_keywords":"","_relevanssi_related_keywords":"","_relevanssi_related_include_ids":"","_relevanssi_related_exclude_ids":"","_relevanssi_related_no_append":"","_relevanssi_related_not_related":"","_relevanssi_related_posts":"","_relevanssi_noindex_reason":""},"class_list":["post-2264","page","type-page","status-publish","hentry"],"acf":{"header":{"component_page_header":{"header_type":"default","title":"Volontario","lead":"","image":"","subnavigation":false}},"sidebar":{"helper_enable_sidebar":true,"helper_media_contact":{"heading":"Media Contact","manually_enter_person":false,"person":"","name":"","role":"","phone":"","email":""},"helper_links_downloads":{"heading":"Quick Sign-Ups","links":[{"file_download":false,"link":{"title":"Sign Up for the Pennsylvania Action Team","url":"https:\/\/act.commoncause.org\/forms\/action-team-interest-form-common-cause-pennsylvania","target":"_blank"},"file":null},{"file_download":false,"link":{"title":"Become a Watchdog for Democracy","url":"https:\/\/docs.google.com\/forms\/d\/15wvgcRGhj-lNPC9mweoRAnExHt8iznsKtDXcmAcpIEI\/viewform?edit_requested=true","target":"_blank"},"file":null},{"file_download":false,"link":{"title":"Volunteer for Election Protection 2026","url":"https:\/\/protectthevote.net\/","target":"_blank"},"file":null}]}},"page_layout":[{"acf_fc_layout":"layout_wysiwyg","_acfe_flexible_toggle":null,"component_wysiwyg":{"content":"Ogni giorno \u00e8 un giorno importante per sostenere una democrazia che sia al servizio di tutti. Noi di Common Cause Pennsylvania offriamo diverse opportunit\u00e0 per impegnarci e promuovere questo lavoro in tutto il Commonwealth:<strong>\r\n\r\n<\/strong>\r\n<h4><b>1.) Common Cause Pennsylvania Action Team<\/b><\/h4>\r\n<span style=\"font-weight: 400;\"><img class=\"wp-image-38429 alignright\" src=\"https:\/\/www.commoncause.org\/pennsylvania\/wp-content\/uploads\/2025\/05\/PA-Action-Team-3200-x-1800-px-300x169.png\" alt=\"\" width=\"310\" height=\"175\" \/>Questo \u00e8 il nostro principale programma di advocacy volontaria. I membri del team lavoreranno a diretto contatto con lo staff di Common Cause Pennsylvania per promuovere le nostre campagne a livello locale. Come membro dell&#039;Action Team, ti formeremo e ti supporteremo per:\u00a0\u00a0<\/span>\r\n<ul>\r\n \t<li style=\"font-weight: 400;\" aria-level=\"1\"><span style=\"font-weight: 400;\">Incontrare i legislatori per discutere di questioni politiche<\/span><\/li>\r\n \t<li style=\"font-weight: 400;\" aria-level=\"1\"><span style=\"font-weight: 400;\">Partecipare o aiutare a organizzare raduni, assemblee cittadine o webinar<\/span><\/li>\r\n \t<li style=\"font-weight: 400;\" aria-level=\"1\"><span style=\"font-weight: 400;\">Assistere con la ricerca e la testimonianza pubblica<\/span><\/li>\r\n \t<li style=\"font-weight: 400;\" aria-level=\"1\"><span style=\"font-weight: 400;\">Scrivere lettere al direttore o consegnare petizioni<\/span><\/li>\r\n<\/ul>\r\n<span style=\"font-weight: 400;\">Le nostre opportunit\u00e0 di volontariato sono flessibili e lavoreremo con te per trovare le opportunit\u00e0 pi\u00f9 adatte a te. Interessato? Iscriviti qui sotto!\u00a0<\/span>\r\n\r\n<span style=\"font-weight: 400;\"><a href=\"https:\/\/act.commoncause.org\/forms\/action-team-interest-form-common-cause-pennsylvania\" target=\"_blank\" rel=\"noopener\"><strong>Iscriviti per unirti al Pennsylvania Action Team<\/strong><\/a>\r\n\r\n<\/span>\r\n\r\n&nbsp;\r\n<h4><b>2.) I guardiani della democrazia: monitoraggio delle elezioni della contea<\/b><\/h4>\r\n<span style=\"font-weight: 400;\"><img class=\"wp-image-53336 alignleft\" src=\"https:\/\/www.commoncause.org\/pennsylvania\/wp-content\/uploads\/2026\/01\/Watchdogs-for-Democracy-232x300.png\" alt=\"\" width=\"131\" height=\"170\" \/>Qui in Pennsylvania, le decisioni che determinano quanto sia facile o difficile votare vengono prese a livello di contea. Stiamo reclutando attivamente volontari che si occupino di garantire la democrazia a livello locale. Come membro del nostro programma Watchdog, potrai interagire con gli amministratori eletti nella tua comunit\u00e0:<\/span>\r\n<ul>\r\n \t<li style=\"font-weight: 400;\" aria-level=\"1\"><span style=\"font-weight: 400;\">Partecipare o guardare le riunioni del consiglio elettorale e compilare i rapporti<\/span><\/li>\r\n \t<li style=\"font-weight: 400;\" aria-level=\"1\"><span style=\"font-weight: 400;\">Fornire commenti pubblici alle riunioni della Commissione elettorale<\/span><\/li>\r\n \t<li style=\"font-weight: 400;\" aria-level=\"1\"><span style=\"font-weight: 400;\">Contattare i funzionari e il personale della contea per questioni relative alle elezioni<\/span><\/li>\r\n \t<li style=\"font-weight: 400;\" aria-level=\"1\"><span style=\"font-weight: 400;\">Monitoraggio dei processi della contea e delle sfide legate alle elezioni<\/span><\/li>\r\n<\/ul>\r\n<span style=\"font-weight: 400;\">Se puoi aiutarci a coprire questi incontri in una qualsiasi delle sessantasette contee della Pennsylvania, iscriviti qui sotto!<\/span>\r\n\r\n<strong><a href=\"https:\/\/docs.google.com\/forms\/d\/15wvgcRGhj-lNPC9mweoRAnExHt8iznsKtDXcmAcpIEI\/viewform?edit_requested=true\" target=\"_blank\" rel=\"noopener\">Iscriviti per diventare un cane da guardia per la democrazia\r\n<\/a><\/strong><span style=\"font-weight: 400;\">\r\n\r\n<\/span>\r\n\r\n&nbsp;\r\n<h4><b>3.) Protezione elettorale: ciclo 2026<\/b><\/h4>\r\n<span style=\"font-weight: 400;\"><img class=\"wp-image-53330 alignright\" src=\"https:\/\/www.commoncause.org\/pennsylvania\/wp-content\/uploads\/2026\/01\/866-OUR-VOTE-300x300.jpg\" alt=\"\" width=\"183\" height=\"183\" \/>La coalizione nazionale e apartitica per la Protezione Elettorale lavora tutto l&#039;anno per garantire che tutti gli elettori abbiano pari opportunit\u00e0 di votare e che il loro voto conti. Se ritieni che ogni elettore avente diritto meriti che la propria voce conti, puoi agire da casa o di persona, diventando volontario apartitico per la Protezione Elettorale:<\/span><span style=\"font-weight: 400;\">\r\n<\/span>\r\n<ul>\r\n \t<li style=\"font-weight: 400;\" aria-level=\"1\"><span style=\"font-weight: 400;\">Monitorare i seggi elettorali e assistere gli elettori il giorno delle elezioni<\/span><\/li>\r\n \t<li style=\"font-weight: 400;\" aria-level=\"1\"><span style=\"font-weight: 400;\">Diffondi la hotline di protezione elettorale 866-OUR-VOTE come risorsa di assistenza agli elettori<\/span><span style=\"font-weight: 400;\">\r\n<\/span><\/li>\r\n<\/ul>\r\n<a href=\"https:\/\/protectthevote.net\/\"><strong>Iscriviti per diventare un osservatore apartitico dei sondaggi<\/strong><\/a>"}}]},"yoast_head":"<!-- This site is optimized with the Yoast SEO Premium plugin v26.6 (Yoast SEO v27.1.1) - https:\/\/yoast.com\/product\/yoast-seo-premium-wordpress\/ -->\n<title>Volunteer - Common Cause Pennsylvania<\/title>\n<meta name=\"robots\" content=\"index, follow, max-snippet:-1, max-image-preview:large, max-video-preview:-1\" \/>\n<link rel=\"canonical\" href=\"https:\/\/www.commoncause.org\/pennsylvania\/it\/volontario\/\" \/>\n<meta property=\"og:locale\" content=\"it_IT\" \/>\n<meta property=\"og:type\" content=\"article\" \/>\n<meta property=\"og:title\" content=\"Volunteer\" \/>\n<meta property=\"og:url\" content=\"https:\/\/www.commoncause.org\/pennsylvania\/it\/volontario\/\" \/>\n<meta property=\"og:site_name\" content=\"Common Cause Pennsylvania\" \/>\n<meta property=\"og:image\" content=\"https:\/\/www.commoncause.org\/pennsylvania\/wp-content\/uploads\/2024\/08\/common-cause-share-image.png\" \/>\n\t<meta property=\"og:image:width\" content=\"1200\" \/>\n\t<meta property=\"og:image:height\" content=\"630\" \/>\n\t<meta property=\"og:image:type\" content=\"image\/png\" \/>\n<meta name=\"twitter:card\" content=\"summary_large_image\" \/>\n<script type=\"application\/ld+json\" class=\"yoast-schema-graph\">{\"@context\":\"https:\/\/schema.org\",\"@graph\":[{\"@type\":\"WebPage\",\"@id\":\"https:\/\/www.commoncause.org\/pennsylvania\/volunteer\/\",\"url\":\"https:\/\/www.commoncause.org\/pennsylvania\/volunteer\/\",\"name\":\"Volunteer - Common Cause Pennsylvania\",\"isPartOf\":{\"@id\":\"https:\/\/www.commoncause.org\/pennsylvania\/#website\"},\"datePublished\":\"2026-01-08T19:17:56+00:00\",\"breadcrumb\":{\"@id\":\"https:\/\/www.commoncause.org\/pennsylvania\/volunteer\/#breadcrumb\"},\"inLanguage\":\"it-IT\",\"potentialAction\":[{\"@type\":\"ReadAction\",\"target\":[\"https:\/\/www.commoncause.org\/pennsylvania\/volunteer\/\"]}]},{\"@type\":\"BreadcrumbList\",\"@id\":\"https:\/\/www.commoncause.org\/pennsylvania\/volunteer\/#breadcrumb\",\"itemListElement\":[{\"@type\":\"ListItem\",\"position\":1,\"name\":\"Home\",\"item\":\"https:\/\/www.commoncause.org\/pennsylvania\/\"},{\"@type\":\"ListItem\",\"position\":2,\"name\":\"Volunteer\"}]},{\"@type\":\"WebSite\",\"@id\":\"https:\/\/www.commoncause.org\/pennsylvania\/#website\",\"url\":\"https:\/\/www.commoncause.org\/pennsylvania\/\",\"name\":\"Common Cause Pennsylvania\",\"description\":\"\",\"potentialAction\":[{\"@type\":\"SearchAction\",\"target\":{\"@type\":\"EntryPoint\",\"urlTemplate\":\"https:\/\/www.commoncause.org\/pennsylvania\/?s={search_term_string}\"},\"query-input\":{\"@type\":\"PropertyValueSpecification\",\"valueRequired\":true,\"valueName\":\"search_term_string\"}}],\"inLanguage\":\"it-IT\"}]}<\/script>\n<!-- \/ Yoast SEO Premium plugin. -->","yoast_head_json":{"title":"Volontario - Common Cause Pennsylvania","robots":{"index":"index","follow":"follow","max-snippet":"max-snippet:-1","max-image-preview":"max-image-preview:large","max-video-preview":"max-video-preview:-1"},"canonical":"https:\/\/www.commoncause.org\/pennsylvania\/it\/volontario\/","og_locale":"it_IT","og_type":"article","og_title":"Volunteer","og_url":"https:\/\/www.commoncause.org\/pennsylvania\/it\/volontario\/","og_site_name":"Common Cause Pennsylvania","og_image":[{"width":1200,"height":630,"url":"https:\/\/www.commoncause.org\/pennsylvania\/wp-content\/uploads\/2024\/08\/common-cause-share-image.png","type":"image\/png"}],"twitter_card":"summary_large_image","schema":{"@context":"https:\/\/schema.org","@graph":[{"@type":"WebPage","@id":"https:\/\/www.commoncause.org\/pennsylvania\/volunteer\/","url":"https:\/\/www.commoncause.org\/pennsylvania\/volunteer\/","name":"Volontario - Common Cause Pennsylvania","isPartOf":{"@id":"https:\/\/www.commoncause.org\/pennsylvania\/#website"},"datePublished":"2026-01-08T19:17:56+00:00","breadcrumb":{"@id":"https:\/\/www.commoncause.org\/pennsylvania\/volunteer\/#breadcrumb"},"inLanguage":"it-IT","potentialAction":[{"@type":"ReadAction","target":["https:\/\/www.commoncause.org\/pennsylvania\/volunteer\/"]}]},{"@type":"BreadcrumbList","@id":"https:\/\/www.commoncause.org\/pennsylvania\/volunteer\/#breadcrumb","itemListElement":[{"@type":"ListItem","position":1,"name":"Home","item":"https:\/\/www.commoncause.org\/pennsylvania\/"},{"@type":"ListItem","position":2,"name":"Volunteer"}]},{"@type":"WebSite","@id":"https:\/\/www.commoncause.org\/pennsylvania\/#website","url":"https:\/\/www.commoncause.org\/pennsylvania\/","name":"Causa comune Pennsylvania","description":"","potentialAction":[{"@type":"SearchAction","target":{"@type":"EntryPoint","urlTemplate":"https:\/\/www.commoncause.org\/pennsylvania\/?s={search_term_string}"},"query-input":{"@type":"PropertyValueSpecification","valueRequired":true,"valueName":"search_term_string"}}],"inLanguage":"it-IT"}]}},"distributor_meta":false,"distributor_terms":false,"distributor_media":false,"distributor_original_site_name":"Common Cause Pennsylvania","distributor_original_site_url":"https:\/\/www.commoncause.org\/pennsylvania\/it","push-errors":false,"_links":{"self":[{"href":"https:\/\/www.commoncause.org\/pennsylvania\/it\/wp-json\/wp\/v2\/pages\/2264","targetHints":{"allow":["GET"]}}],"collection":[{"href":"https:\/\/www.commoncause.org\/pennsylvania\/it\/wp-json\/wp\/v2\/pages"}],"about":[{"href":"https:\/\/www.commoncause.org\/pennsylvania\/it\/wp-json\/wp\/v2\/types\/page"}],"author":[{"embeddable":true,"href":"https:\/\/www.commoncause.org\/pennsylvania\/it\/wp-json\/wp\/v2\/users\/130"}],"replies":[{"embeddable":true,"href":"https:\/\/www.commoncause.org\/pennsylvania\/it\/wp-json\/wp\/v2\/comments?post=2264"}],"version-history":[{"count":45,"href":"https:\/\/www.commoncause.org\/pennsylvania\/it\/wp-json\/wp\/v2\/pages\/2264\/revisions"}],"predecessor-version":[{"id":2309,"href":"https:\/\/www.commoncause.org\/pennsylvania\/it\/wp-json\/wp\/v2\/pages\/2264\/revisions\/2309"}],"wp:attachment":[{"href":"https:\/\/www.commoncause.org\/pennsylvania\/it\/wp-json\/wp\/v2\/media?parent=2264"}],"curies":[{"name":"scrivere","href":"https:\/\/api.w.org\/{rel}","templated":true}]}}