{"id":30,"date":"2024-05-07T13:54:02","date_gmt":"2024-05-07T13:54:02","guid":{"rendered":"https:\/\/www.commoncause.org\/pennsylvania\/join-our-volunteer-team\/"},"modified":"2026-01-09T10:38:20","modified_gmt":"2026-01-09T15:38:20","slug":"rejoignez-nous","status":"publish","type":"page","link":"https:\/\/www.commoncause.org\/pennsylvania\/fr\/join-us\/","title":{"rendered":"Rejoignez-nous"},"content":{"rendered":"","protected":false},"excerpt":{"rendered":"","protected":false},"author":2,"featured_media":0,"parent":0,"menu_order":0,"comment_status":"closed","ping_status":"closed","template":"","meta":{"_acf_changed":false,"_relevanssi_hide_post":"","_relevanssi_hide_content":"","_relevanssi_pin_for_all":"","_relevanssi_pin_keywords":"","_relevanssi_unpin_keywords":"","_relevanssi_related_keywords":"","_relevanssi_related_include_ids":"","_relevanssi_related_exclude_ids":"","_relevanssi_related_no_append":"","_relevanssi_related_not_related":"","_relevanssi_related_posts":"","_relevanssi_noindex_reason":""},"class_list":["post-30","page","type-page","status-publish","hentry"],"acf":{"header":{"component_page_header":{"header_type":"default","title":"Rejoignez-nous","lead":"","image":"","subnavigation":false}},"sidebar":{"helper_enable_sidebar":false,"helper_media_contact":{"heading":"Media Contact","manually_enter_person":false,"person":"","name":"","role":"","phone":"","email":""},"helper_links_downloads":{"heading":"Links & Downloads","links":null}},"page_layout":[{"acf_fc_layout":"layout_wysiwyg","_acfe_flexible_toggle":null,"component_wysiwyg":{"content":"<span style=\"font-weight: 400;\"><strong>\u00cates-vous pr\u00eat \u00e0 nous aider \u00e0 d\u00e9fendre une d\u00e9mocratie repr\u00e9sentative et r\u00e9fl\u00e9chie en Pennsylvanie ?<\/strong> Pr\u00eats \u00e0 affronter ceux qui menacent et sapent nos institutions d\u00e9mocratiques, \u00e0 demander des comptes aux puissants et \u00e0 lutter pour faire adopter de v\u00e9ritables r\u00e9formes ?\u00a0<\/span>\r\n\r\n<span style=\"font-weight: 400;\">Chez Common Cause Pennsylvania, nous avons besoin du soutien de citoyens engag\u00e9s comme vous pour d\u00e9fendre les droits des citoyens et exiger la responsabilit\u00e9 du gouvernement. Il existe plusieurs fa\u00e7ons simples de rejoindre notre mouvement\u00a0:<\/span>\r\n<ul>\r\n \t<li style=\"font-weight: 400;\" aria-level=\"1\"><strong><a href=\"https:\/\/actionnetwork.org\/forms\/pennsylvania-quick-join-cc?clear_id=true&amp;referrer=&amp;source=\">S&#039;INSCRIRE<\/a><\/strong><span style=\"font-weight: 400;\"> Pour les actualit\u00e9s et les mises \u00e0 jour de l&#039;\u00e9quipe de Common Cause Pennsylvanie.<\/span><\/li>\r\n \t<li style=\"font-weight: 400;\" aria-level=\"1\"><a href=\"https:\/\/www.commoncause.org\/pennsylvania\/fr\/benevole\/\" target=\"_blank\" rel=\"noopener\"><strong>B\u00c9N\u00c9VOLE<\/strong><\/a><span style=\"font-weight: 400;\"> Rejoignez-nous ! Que ce soit en personne ou virtuellement, nous avons des programmes pour vous impliquer ici m\u00eame en Pennsylvanie.\u00a0<\/span><\/li>\r\n \t<li style=\"font-weight: 400;\" aria-level=\"1\"><a href=\"https:\/\/www.commoncause.org\/pennsylvania\/fr\/agir\/\" target=\"_blank\" rel=\"noopener\"><strong>PASSEZ \u00c0 L&#039;ACTION<\/strong><\/a><span style=\"font-weight: 400;\"><strong>N<\/strong> Rejoignez-nous gr\u00e2ce \u00e0 des opportunit\u00e9s de plaidoyer comme contacter les l\u00e9gislateurs, signer des p\u00e9titions, faire du d\u00e9marchage t\u00e9l\u00e9phonique et bien plus encore !<\/span><\/li>\r\n \t<li style=\"font-weight: 400;\" aria-level=\"1\"><span style=\"font-weight: 400;\"><strong>SUIVEZ-NOUS<\/strong> sur les r\u00e9seaux sociaux, sur nos comptes <\/span><a href=\"https:\/\/x.com\/commoncausepa\" target=\"_blank\" rel=\"noopener\"><span style=\"font-weight: 400;\">X (Twitter)<\/span><\/a><span style=\"font-weight: 400;\"> et <\/span><a href=\"https:\/\/www.facebook.com\/commoncausepa\/\" target=\"_blank\" rel=\"noopener\"><span style=\"font-weight: 400;\">Facebook<\/span><span style=\"font-weight: 400;\">.<\/span><\/a><\/li>\r\n \t<li style=\"font-weight: 400;\" aria-level=\"1\"><a href=\"https:\/\/www.commoncause.org\/pennsylvania\/fr\/faire-un-don\/\" target=\"_blank\" rel=\"noopener\"><strong>FAIRE UN DON<\/strong><\/a> Rejoignez Common Cause Pennsylvania et devenez un champion de la d\u00e9mocratie !<\/li>\r\n<\/ul>\r\n&nbsp;"}}]},"yoast_head":"<!-- This site is optimized with the Yoast SEO Premium plugin v26.6 (Yoast SEO v27.1.1) - https:\/\/yoast.com\/product\/yoast-seo-premium-wordpress\/ -->\n<title>Join Us - Common Cause Pennsylvania<\/title>\n<meta name=\"robots\" content=\"index, follow, max-snippet:-1, max-image-preview:large, max-video-preview:-1\" \/>\n<link rel=\"canonical\" href=\"https:\/\/www.commoncause.org\/pennsylvania\/fr\/rejoignez-nous\/\" \/>\n<meta property=\"og:locale\" content=\"fr_FR\" \/>\n<meta property=\"og:type\" content=\"article\" \/>\n<meta property=\"og:title\" content=\"Join Us\" \/>\n<meta property=\"og:url\" content=\"https:\/\/www.commoncause.org\/pennsylvania\/fr\/rejoignez-nous\/\" \/>\n<meta property=\"og:site_name\" content=\"Common Cause Pennsylvania\" \/>\n<meta property=\"article:modified_time\" content=\"2026-01-09T15:38:20+00:00\" \/>\n<meta property=\"og:image\" content=\"https:\/\/www.commoncause.org\/pennsylvania\/wp-content\/uploads\/2024\/08\/common-cause-share-image.png\" \/>\n\t<meta property=\"og:image:width\" content=\"1200\" \/>\n\t<meta property=\"og:image:height\" content=\"630\" \/>\n\t<meta property=\"og:image:type\" content=\"image\/png\" \/>\n<meta name=\"twitter:card\" content=\"summary_large_image\" \/>\n<script type=\"application\/ld+json\" class=\"yoast-schema-graph\">{\"@context\":\"https:\/\/schema.org\",\"@graph\":[{\"@type\":\"WebPage\",\"@id\":\"https:\/\/www.commoncause.org\/pennsylvania\/join-us\/\",\"url\":\"https:\/\/www.commoncause.org\/pennsylvania\/join-us\/\",\"name\":\"Join Us - Common Cause Pennsylvania\",\"isPartOf\":{\"@id\":\"https:\/\/www.commoncause.org\/pennsylvania\/#website\"},\"datePublished\":\"2024-05-07T13:54:02+00:00\",\"dateModified\":\"2026-01-09T15:38:20+00:00\",\"breadcrumb\":{\"@id\":\"https:\/\/www.commoncause.org\/pennsylvania\/join-us\/#breadcrumb\"},\"inLanguage\":\"fr-FR\",\"potentialAction\":[{\"@type\":\"ReadAction\",\"target\":[\"https:\/\/www.commoncause.org\/pennsylvania\/join-us\/\"]}]},{\"@type\":\"BreadcrumbList\",\"@id\":\"https:\/\/www.commoncause.org\/pennsylvania\/join-us\/#breadcrumb\",\"itemListElement\":[{\"@type\":\"ListItem\",\"position\":1,\"name\":\"Home\",\"item\":\"https:\/\/www.commoncause.org\/pennsylvania\/\"},{\"@type\":\"ListItem\",\"position\":2,\"name\":\"Join Us\"}]},{\"@type\":\"WebSite\",\"@id\":\"https:\/\/www.commoncause.org\/pennsylvania\/#website\",\"url\":\"https:\/\/www.commoncause.org\/pennsylvania\/\",\"name\":\"Common Cause Pennsylvania\",\"description\":\"\",\"potentialAction\":[{\"@type\":\"SearchAction\",\"target\":{\"@type\":\"EntryPoint\",\"urlTemplate\":\"https:\/\/www.commoncause.org\/pennsylvania\/?s={search_term_string}\"},\"query-input\":{\"@type\":\"PropertyValueSpecification\",\"valueRequired\":true,\"valueName\":\"search_term_string\"}}],\"inLanguage\":\"fr-FR\"}]}<\/script>\n<!-- \/ Yoast SEO Premium plugin. -->","yoast_head_json":{"title":"Rejoignez-nous - Common Cause Pennsylvanie","robots":{"index":"index","follow":"follow","max-snippet":"max-snippet:-1","max-image-preview":"max-image-preview:large","max-video-preview":"max-video-preview:-1"},"canonical":"https:\/\/www.commoncause.org\/pennsylvania\/fr\/rejoignez-nous\/","og_locale":"fr_FR","og_type":"article","og_title":"Join Us","og_url":"https:\/\/www.commoncause.org\/pennsylvania\/fr\/rejoignez-nous\/","og_site_name":"Common Cause Pennsylvania","article_modified_time":"2026-01-09T15:38:20+00:00","og_image":[{"width":1200,"height":630,"url":"https:\/\/www.commoncause.org\/pennsylvania\/wp-content\/uploads\/2024\/08\/common-cause-share-image.png","type":"image\/png"}],"twitter_card":"summary_large_image","schema":{"@context":"https:\/\/schema.org","@graph":[{"@type":"WebPage","@id":"https:\/\/www.commoncause.org\/pennsylvania\/join-us\/","url":"https:\/\/www.commoncause.org\/pennsylvania\/join-us\/","name":"Rejoignez-nous - Common Cause Pennsylvanie","isPartOf":{"@id":"https:\/\/www.commoncause.org\/pennsylvania\/#website"},"datePublished":"2024-05-07T13:54:02+00:00","dateModified":"2026-01-09T15:38:20+00:00","breadcrumb":{"@id":"https:\/\/www.commoncause.org\/pennsylvania\/join-us\/#breadcrumb"},"inLanguage":"fr-FR","potentialAction":[{"@type":"ReadAction","target":["https:\/\/www.commoncause.org\/pennsylvania\/join-us\/"]}]},{"@type":"BreadcrumbList","@id":"https:\/\/www.commoncause.org\/pennsylvania\/join-us\/#breadcrumb","itemListElement":[{"@type":"ListItem","position":1,"name":"Home","item":"https:\/\/www.commoncause.org\/pennsylvania\/"},{"@type":"ListItem","position":2,"name":"Join Us"}]},{"@type":"WebSite","@id":"https:\/\/www.commoncause.org\/pennsylvania\/#website","url":"https:\/\/www.commoncause.org\/pennsylvania\/","name":"Cause commune Pennsylvanie","description":"","potentialAction":[{"@type":"SearchAction","target":{"@type":"EntryPoint","urlTemplate":"https:\/\/www.commoncause.org\/pennsylvania\/?s={search_term_string}"},"query-input":{"@type":"PropertyValueSpecification","valueRequired":true,"valueName":"search_term_string"}}],"inLanguage":"fr-FR"}]}},"distributor_meta":false,"distributor_terms":false,"distributor_media":false,"distributor_original_site_name":"Common Cause Pennsylvania","distributor_original_site_url":"https:\/\/www.commoncause.org\/pennsylvania\/fr","push-errors":false,"_links":{"self":[{"href":"https:\/\/www.commoncause.org\/pennsylvania\/fr\/wp-json\/wp\/v2\/pages\/30","targetHints":{"allow":["GET"]}}],"collection":[{"href":"https:\/\/www.commoncause.org\/pennsylvania\/fr\/wp-json\/wp\/v2\/pages"}],"about":[{"href":"https:\/\/www.commoncause.org\/pennsylvania\/fr\/wp-json\/wp\/v2\/types\/page"}],"author":[{"embeddable":true,"href":"https:\/\/www.commoncause.org\/pennsylvania\/fr\/wp-json\/wp\/v2\/users\/2"}],"replies":[{"embeddable":true,"href":"https:\/\/www.commoncause.org\/pennsylvania\/fr\/wp-json\/wp\/v2\/comments?post=30"}],"version-history":[{"count":22,"href":"https:\/\/www.commoncause.org\/pennsylvania\/fr\/wp-json\/wp\/v2\/pages\/30\/revisions"}],"predecessor-version":[{"id":2312,"href":"https:\/\/www.commoncause.org\/pennsylvania\/fr\/wp-json\/wp\/v2\/pages\/30\/revisions\/2312"}],"wp:attachment":[{"href":"https:\/\/www.commoncause.org\/pennsylvania\/fr\/wp-json\/wp\/v2\/media?parent=30"}],"curies":[{"name":"wp","href":"https:\/\/api.w.org\/{rel}","templated":true}]}}