{"id":22,"date":"2024-05-07T13:47:46","date_gmt":"2024-05-07T13:47:46","guid":{"rendered":"https:\/\/www.commoncause.org\/pennsylvania\/our-impact\/"},"modified":"2025-11-14T16:34:15","modified_gmt":"2025-11-14T21:34:15","slug":"notre-impact","status":"publish","type":"page","link":"https:\/\/www.commoncause.org\/pennsylvania\/fr\/our-impact\/","title":{"rendered":"Notre impact"},"content":{"rendered":"","protected":false},"excerpt":{"rendered":"","protected":false},"author":1,"featured_media":0,"parent":0,"menu_order":0,"comment_status":"closed","ping_status":"closed","template":"","meta":{"_acf_changed":false,"_relevanssi_hide_post":"","_relevanssi_hide_content":"","_relevanssi_pin_for_all":"","_relevanssi_pin_keywords":"","_relevanssi_unpin_keywords":"","_relevanssi_related_keywords":"","_relevanssi_related_include_ids":"","_relevanssi_related_exclude_ids":"","_relevanssi_related_no_append":"","_relevanssi_related_not_related":"","_relevanssi_related_posts":"","_relevanssi_noindex_reason":""},"class_list":["post-22","page","type-page","status-publish","hentry"],"acf":{"header":{"component_page_header":{"header_type":"background","title":"Notre impact","lead":"<strong>When Common Cause Pennsylvania takes action, we make a real difference for democracy.\u00a0<\/strong>\r\n\r\nWith the support of our dedicated members, we have shown up time and time again to protect Pennsylvanians' rights. We will continue to make our government here in Pennsylvania more open, honest, and accountable.","image":"","subnavigation":false}},"sidebar":{"helper_enable_sidebar":true,"helper_media_contact":{"heading":"Media Contact","manually_enter_person":false,"person":["{\"site_id\":\"1\",\"post_type\":\"person\",\"post_id\":7755}"],"name":"","role":"","phone":"","email":""},"helper_links_downloads":{"heading":"","links":null}},"page_layout":[{"acf_fc_layout":"layout_wysiwyg","_acfe_flexible_toggle":"","component_wysiwyg":{"content":"<h4>Nous promouvons une d\u00e9mocratie r\u00e9fl\u00e9chie et repr\u00e9sentative qui \u0153uvre pour le bien de tous.<\/h4>\r\nGr\u00e2ce \u00e0 notre approche non partisane, rigoureuse, ax\u00e9e sur les r\u00e9sultats et inclusive, nous avons \u0153uvr\u00e9 pour rendre le gouvernement de Pennsylvanie plus honn\u00eate, transparent et responsable. De la pr\u00e9servation du droit de vote par correspondance \u00e0 la promotion de l&#039;\u00e9thique et de la responsabilit\u00e9 au sein du gouvernement, nous agissons aux niveaux \u00e9tatique et local pour donner aux citoyens les moyens d&#039;agir et garantir que notre gouvernement soit au service du peuple, l\u00e0 o\u00f9 la d\u00e9mocratie am\u00e9ricaine a vu le jour. Parmi nos r\u00e9centes victoires\u00a0:\r\n<ul>\r\n \t<li>L&#039;adoption de la loi 77 a accord\u00e9 aux \u00e9lecteurs de Pennsylvanie le droit de voter par correspondance sans justification.<\/li>\r\n \t<li>Cartes des districts congressionnels et l\u00e9gislatifs justes, repr\u00e9sentatives et refl\u00e9tants<\/li>\r\n \t<li>augmentation du financement public des \u00e9lections<\/li>\r\n \t<li>protection des informations personnelles priv\u00e9es des \u00e9lecteurs<\/li>\r\n \t<li>prot\u00e9ger les \u00e9lecteurs contre la radiation des listes \u00e9lectorales<\/li>\r\n<\/ul>"}},{"acf_fc_layout":"layout_two_column_text_and_image","_acfe_flexible_toggle":"","component_two_column_text_and_image":{"heading":"","columns":[{"image":3453,"title":"Mobilizing Election Protection Volunteers","content":"Each federal election year, Common Cause Pennsylvania mobilizes nonpartisan volunteers across the state to serve as a first line of defense for voters. These volunteers answer voters' questions at their polling places, make sure that voters know their rights, and report any attempts to intimidate or obstruct voters. This program has helped tens of thousands of Pennsylvanians make themselves heard at the ballot box.","link":{"title":"Sign Up to Protect the Vote","url":"https:\/\/protectthevote.net\/?source=commoncause ","target":""}},{"image":3289,"title":"Securing Act 77","content":"In 2022, the Pennsylvania Supreme Court upheld Act 77\u2014a historic, bipartisan election reform bill passed in 2019 that permitted no-excuse vote-by-mail for the first time in the state's history. This important legal victory will protect Pennsylvania voters' right to cast their ballot securely and conveniently in the manner they choose. The lawsuit was filed by Common Cause Pennsylvania and partners.","link":{"title":"Learn more about our work to defend voting rights","url":"https:\/\/www.commoncause.org\/pennsylvania\/articles\/vote-by-mail-under-attack-act-77-update\/","target":""}}]}},{"acf_fc_layout":"layout_statistics","_acfe_flexible_toggle":"","component_statistics":{"title":"Depuis des ann\u00e9es, Common Cause Pennsylvania \u0153uvre dans tout notre \u00c9tat pour une d\u00e9mocratie plus forte.","statistics":[{"component_statistic":{"number":"62k","text":"Members and Supporters","source":"People like you power everything that we do for our democracy."}},{"component_statistic":{"number":"67","text":"Counties with Common Cause members","source":"Our supporters live and take action in every corner of our state."}},{"component_statistic":{"number":"25","text":"State organizations in our network","source":"Common Cause is working nationwide on the issues that count."}}]}},{"acf_fc_layout":"layout_banner","_acfe_flexible_toggle":"","component_banner":{"use_donate_banner":true,"title":"Title [highlight]with highlighting[\/highlight] and additional text.","button":null,"image":null}}]},"yoast_head":"<!-- This site is optimized with the Yoast SEO Premium plugin v26.6 (Yoast SEO v27.1.1) - https:\/\/yoast.com\/product\/yoast-seo-premium-wordpress\/ -->\n<title>Our Impact - Common Cause Pennsylvania<\/title>\n<meta name=\"robots\" content=\"index, follow, max-snippet:-1, max-image-preview:large, max-video-preview:-1\" \/>\n<link rel=\"canonical\" href=\"https:\/\/www.commoncause.org\/pennsylvania\/fr\/notre-impact\/\" \/>\n<meta property=\"og:locale\" content=\"fr_FR\" \/>\n<meta property=\"og:type\" content=\"article\" \/>\n<meta property=\"og:title\" content=\"Our Impact\" \/>\n<meta property=\"og:url\" content=\"https:\/\/www.commoncause.org\/pennsylvania\/fr\/notre-impact\/\" \/>\n<meta property=\"og:site_name\" content=\"Common Cause Pennsylvania\" \/>\n<meta property=\"article:modified_time\" content=\"2025-11-14T21:34:15+00:00\" \/>\n<meta property=\"og:image\" content=\"https:\/\/www.commoncause.org\/pennsylvania\/wp-content\/uploads\/2024\/08\/common-cause-share-image.png\" \/>\n\t<meta property=\"og:image:width\" content=\"1200\" \/>\n\t<meta property=\"og:image:height\" content=\"630\" \/>\n\t<meta property=\"og:image:type\" content=\"image\/png\" \/>\n<meta name=\"twitter:card\" content=\"summary_large_image\" \/>\n<script type=\"application\/ld+json\" class=\"yoast-schema-graph\">{\"@context\":\"https:\/\/schema.org\",\"@graph\":[{\"@type\":\"WebPage\",\"@id\":\"https:\/\/www.commoncause.org\/pennsylvania\/our-impact\/\",\"url\":\"https:\/\/www.commoncause.org\/pennsylvania\/our-impact\/\",\"name\":\"Our Impact - Common Cause Pennsylvania\",\"isPartOf\":{\"@id\":\"https:\/\/www.commoncause.org\/pennsylvania\/#website\"},\"datePublished\":\"2024-05-07T13:47:46+00:00\",\"dateModified\":\"2025-11-14T21:34:15+00:00\",\"breadcrumb\":{\"@id\":\"https:\/\/www.commoncause.org\/pennsylvania\/our-impact\/#breadcrumb\"},\"inLanguage\":\"fr-FR\",\"potentialAction\":[{\"@type\":\"ReadAction\",\"target\":[\"https:\/\/www.commoncause.org\/pennsylvania\/our-impact\/\"]}]},{\"@type\":\"BreadcrumbList\",\"@id\":\"https:\/\/www.commoncause.org\/pennsylvania\/our-impact\/#breadcrumb\",\"itemListElement\":[{\"@type\":\"ListItem\",\"position\":1,\"name\":\"Home\",\"item\":\"https:\/\/www.commoncause.org\/pennsylvania\/\"},{\"@type\":\"ListItem\",\"position\":2,\"name\":\"Our Impact\"}]},{\"@type\":\"WebSite\",\"@id\":\"https:\/\/www.commoncause.org\/pennsylvania\/#website\",\"url\":\"https:\/\/www.commoncause.org\/pennsylvania\/\",\"name\":\"Common Cause Pennsylvania\",\"description\":\"\",\"potentialAction\":[{\"@type\":\"SearchAction\",\"target\":{\"@type\":\"EntryPoint\",\"urlTemplate\":\"https:\/\/www.commoncause.org\/pennsylvania\/?s={search_term_string}\"},\"query-input\":{\"@type\":\"PropertyValueSpecification\",\"valueRequired\":true,\"valueName\":\"search_term_string\"}}],\"inLanguage\":\"fr-FR\"}]}<\/script>\n<!-- \/ Yoast SEO Premium plugin. -->","yoast_head_json":{"title":"Notre impact - Common Cause Pennsylvania","robots":{"index":"index","follow":"follow","max-snippet":"max-snippet:-1","max-image-preview":"max-image-preview:large","max-video-preview":"max-video-preview:-1"},"canonical":"https:\/\/www.commoncause.org\/pennsylvania\/fr\/notre-impact\/","og_locale":"fr_FR","og_type":"article","og_title":"Our Impact","og_url":"https:\/\/www.commoncause.org\/pennsylvania\/fr\/notre-impact\/","og_site_name":"Common Cause Pennsylvania","article_modified_time":"2025-11-14T21:34:15+00:00","og_image":[{"width":1200,"height":630,"url":"https:\/\/www.commoncause.org\/pennsylvania\/wp-content\/uploads\/2024\/08\/common-cause-share-image.png","type":"image\/png"}],"twitter_card":"summary_large_image","schema":{"@context":"https:\/\/schema.org","@graph":[{"@type":"WebPage","@id":"https:\/\/www.commoncause.org\/pennsylvania\/our-impact\/","url":"https:\/\/www.commoncause.org\/pennsylvania\/our-impact\/","name":"Notre impact - Common Cause Pennsylvania","isPartOf":{"@id":"https:\/\/www.commoncause.org\/pennsylvania\/#website"},"datePublished":"2024-05-07T13:47:46+00:00","dateModified":"2025-11-14T21:34:15+00:00","breadcrumb":{"@id":"https:\/\/www.commoncause.org\/pennsylvania\/our-impact\/#breadcrumb"},"inLanguage":"fr-FR","potentialAction":[{"@type":"ReadAction","target":["https:\/\/www.commoncause.org\/pennsylvania\/our-impact\/"]}]},{"@type":"BreadcrumbList","@id":"https:\/\/www.commoncause.org\/pennsylvania\/our-impact\/#breadcrumb","itemListElement":[{"@type":"ListItem","position":1,"name":"Home","item":"https:\/\/www.commoncause.org\/pennsylvania\/"},{"@type":"ListItem","position":2,"name":"Our Impact"}]},{"@type":"WebSite","@id":"https:\/\/www.commoncause.org\/pennsylvania\/#website","url":"https:\/\/www.commoncause.org\/pennsylvania\/","name":"Cause commune Pennsylvanie","description":"","potentialAction":[{"@type":"SearchAction","target":{"@type":"EntryPoint","urlTemplate":"https:\/\/www.commoncause.org\/pennsylvania\/?s={search_term_string}"},"query-input":{"@type":"PropertyValueSpecification","valueRequired":true,"valueName":"search_term_string"}}],"inLanguage":"fr-FR"}]}},"distributor_meta":false,"distributor_terms":false,"distributor_media":false,"distributor_original_site_name":"Common Cause Pennsylvania","distributor_original_site_url":"https:\/\/www.commoncause.org\/pennsylvania\/fr","push-errors":false,"_links":{"self":[{"href":"https:\/\/www.commoncause.org\/pennsylvania\/fr\/wp-json\/wp\/v2\/pages\/22","targetHints":{"allow":["GET"]}}],"collection":[{"href":"https:\/\/www.commoncause.org\/pennsylvania\/fr\/wp-json\/wp\/v2\/pages"}],"about":[{"href":"https:\/\/www.commoncause.org\/pennsylvania\/fr\/wp-json\/wp\/v2\/types\/page"}],"author":[{"embeddable":true,"href":"https:\/\/www.commoncause.org\/pennsylvania\/fr\/wp-json\/wp\/v2\/users\/1"}],"replies":[{"embeddable":true,"href":"https:\/\/www.commoncause.org\/pennsylvania\/fr\/wp-json\/wp\/v2\/comments?post=22"}],"version-history":[{"count":22,"href":"https:\/\/www.commoncause.org\/pennsylvania\/fr\/wp-json\/wp\/v2\/pages\/22\/revisions"}],"predecessor-version":[{"id":2228,"href":"https:\/\/www.commoncause.org\/pennsylvania\/fr\/wp-json\/wp\/v2\/pages\/22\/revisions\/2228"}],"wp:attachment":[{"href":"https:\/\/www.commoncause.org\/pennsylvania\/fr\/wp-json\/wp\/v2\/media?parent=22"}],"curies":[{"name":"wp","href":"https:\/\/api.w.org\/{rel}","templated":true}]}}