{"id":2264,"date":"2026-01-08T14:17:56","date_gmt":"2026-01-08T19:17:56","guid":{"rendered":"https:\/\/www.commoncause.org\/pennsylvania\/?page_id=2264"},"modified":"2026-01-08T14:17:56","modified_gmt":"2026-01-08T19:17:56","slug":"voluntario","status":"publish","type":"page","link":"https:\/\/www.commoncause.org\/pennsylvania\/es\/volunteer\/","title":{"rendered":"Voluntario"},"content":{"rendered":"","protected":false},"excerpt":{"rendered":"","protected":false},"author":130,"featured_media":0,"parent":0,"menu_order":0,"comment_status":"closed","ping_status":"closed","template":"","meta":{"_acf_changed":false,"_relevanssi_hide_post":"","_relevanssi_hide_content":"","_relevanssi_pin_for_all":"","_relevanssi_pin_keywords":"","_relevanssi_unpin_keywords":"","_relevanssi_related_keywords":"","_relevanssi_related_include_ids":"","_relevanssi_related_exclude_ids":"","_relevanssi_related_no_append":"","_relevanssi_related_not_related":"","_relevanssi_related_posts":"","_relevanssi_noindex_reason":""},"class_list":["post-2264","page","type-page","status-publish","hentry"],"acf":{"header":{"component_page_header":{"header_type":"default","title":"Voluntario","lead":"","image":"","subnavigation":false}},"sidebar":{"helper_enable_sidebar":true,"helper_media_contact":{"heading":"Media Contact","manually_enter_person":false,"person":"","name":"","role":"","phone":"","email":""},"helper_links_downloads":{"heading":"Quick Sign-Ups","links":[{"file_download":false,"link":{"title":"Sign Up for the Pennsylvania Action Team","url":"https:\/\/act.commoncause.org\/forms\/action-team-interest-form-common-cause-pennsylvania","target":"_blank"},"file":null},{"file_download":false,"link":{"title":"Become a Watchdog for Democracy","url":"https:\/\/docs.google.com\/forms\/d\/15wvgcRGhj-lNPC9mweoRAnExHt8iznsKtDXcmAcpIEI\/viewform?edit_requested=true","target":"_blank"},"file":null},{"file_download":false,"link":{"title":"Volunteer for Election Protection 2026","url":"https:\/\/protectthevote.net\/","target":"_blank"},"file":null}]}},"page_layout":[{"acf_fc_layout":"layout_wysiwyg","_acfe_flexible_toggle":null,"component_wysiwyg":{"content":"Cada d\u00eda es un gran d\u00eda para defender una democracia que funcione para todos. En Common Cause Pennsylvania, ofrecemos diversas oportunidades para participar y promover esta labor en toda la Commonwealth:<strong>\r\n\r\n<\/strong>\r\n<h4><b>1.) Equipo de Acci\u00f3n de Causa Com\u00fan de Pensilvania<\/b><\/h4>\r\n<span style=\"font-weight: 400;\"><img class=\"wp-image-38429 alignright\" src=\"https:\/\/www.commoncause.org\/pennsylvania\/wp-content\/uploads\/2025\/05\/PA-Action-Team-3200-x-1800-px-300x169.png\" alt=\"\" width=\"310\" height=\"175\" \/>Este es nuestro principal programa de voluntariado para la defensa de los derechos de las personas. Los miembros del equipo trabajar\u00e1n directamente con el personal de Common Cause Pennsylvania para impulsar nuestras campa\u00f1as desde la base. Como miembro del Equipo de Acci\u00f3n, te capacitaremos y apoyaremos para:\u00a0\u00a0<\/span>\r\n<ul>\r\n \t<li style=\"font-weight: 400;\" aria-level=\"1\"><span style=\"font-weight: 400;\">Re\u00fanase con sus legisladores para tratar cuestiones de pol\u00edticas<\/span><\/li>\r\n \t<li style=\"font-weight: 400;\" aria-level=\"1\"><span style=\"font-weight: 400;\">Asistir o ayudar a organizar manifestaciones, reuniones p\u00fablicas o seminarios web.<\/span><\/li>\r\n \t<li style=\"font-weight: 400;\" aria-level=\"1\"><span style=\"font-weight: 400;\">Ayudar con la investigaci\u00f3n y el testimonio p\u00fablico.<\/span><\/li>\r\n \t<li style=\"font-weight: 400;\" aria-level=\"1\"><span style=\"font-weight: 400;\">Escribe cartas al editor o entrega peticiones<\/span><\/li>\r\n<\/ul>\r\n<span style=\"font-weight: 400;\">Nuestras oportunidades de voluntariado son flexibles y trabajaremos contigo para encontrar las oportunidades ideales para ti. \u00bfTe interesa? \u00a1Inscr\u00edbete abajo!\u00a0<\/span>\r\n\r\n<span style=\"font-weight: 400;\"><a href=\"https:\/\/act.commoncause.org\/forms\/action-team-interest-form-common-cause-pennsylvania\" target=\"_blank\" rel=\"noopener\"><strong>Reg\u00edstrese para unirse al Equipo de Acci\u00f3n de Pensilvania<\/strong><\/a>\r\n\r\n<\/span>\r\n\r\n&nbsp;\r\n<h4><b>2.) Vigilancia de la democracia: Monitoreo de las elecciones del condado<\/b><\/h4>\r\n<span style=\"font-weight: 400;\"><img class=\"wp-image-53336 alignleft\" src=\"https:\/\/www.commoncause.org\/pennsylvania\/wp-content\/uploads\/2026\/01\/Watchdogs-for-Democracy-232x300.png\" alt=\"\" width=\"131\" height=\"170\" \/>Aqu\u00ed en Pensilvania, las decisiones que determinan la facilidad o dificultad para votar se toman a nivel de condado. Estamos reclutando activamente voluntarios para que velen por la democracia a nivel local. Como miembro de nuestro programa de Vigilancia, interactuar\u00e1 con los administradores electos de su comunidad mediante:<\/span>\r\n<ul>\r\n \t<li style=\"font-weight: 400;\" aria-level=\"1\"><span style=\"font-weight: 400;\">Asistir o presenciar las reuniones de la junta electoral y completar informes<\/span><\/li>\r\n \t<li style=\"font-weight: 400;\" aria-level=\"1\"><span style=\"font-weight: 400;\">Presentaci\u00f3n de comentarios p\u00fablicos en las reuniones de la Junta Electoral<\/span><\/li>\r\n \t<li style=\"font-weight: 400;\" aria-level=\"1\"><span style=\"font-weight: 400;\">Comunicarse con los funcionarios y el personal del condado sobre asuntos relacionados con las elecciones<\/span><\/li>\r\n \t<li style=\"font-weight: 400;\" aria-level=\"1\"><span style=\"font-weight: 400;\">Monitoreo de los procesos del condado y los desaf\u00edos relacionados con las elecciones<\/span><\/li>\r\n<\/ul>\r\n<span style=\"font-weight: 400;\">Si puede ayudarnos a cubrir estas reuniones en cualquiera de los sesenta y siete condados de Pensilvania, \u00a1reg\u00edstrese a continuaci\u00f3n!<\/span>\r\n\r\n<strong><a href=\"https:\/\/docs.google.com\/forms\/d\/15wvgcRGhj-lNPC9mweoRAnExHt8iznsKtDXcmAcpIEI\/viewform?edit_requested=true\" target=\"_blank\" rel=\"noopener\">Reg\u00edstrate para ser un organismo de control de la democracia\r\n<\/a><\/strong><span style=\"font-weight: 400;\">\r\n\r\n<\/span>\r\n\r\n&nbsp;\r\n<h4><b>3.) Protecci\u00f3n Electoral: Ciclo 2026<\/b><\/h4>\r\n<span style=\"font-weight: 400;\"><img class=\"wp-image-53330 alignright\" src=\"https:\/\/www.commoncause.org\/pennsylvania\/wp-content\/uploads\/2026\/01\/866-OUR-VOTE-300x300.jpg\" alt=\"\" width=\"183\" height=\"183\" \/>La coalici\u00f3n nacional e independiente de Protecci\u00f3n Electoral trabaja todo el a\u00f1o para garantizar que todos los votantes tengan la misma oportunidad de votar y que su voto sea contabilizado. Si cree que cada votante elegible merece que su voz sea contabilizada, puede actuar desde casa o en persona como voluntario independiente de Protecci\u00f3n Electoral.<\/span><span style=\"font-weight: 400;\">\r\n<\/span>\r\n<ul>\r\n \t<li style=\"font-weight: 400;\" aria-level=\"1\"><span style=\"font-weight: 400;\">Supervisar los lugares de votaci\u00f3n y ayudar a los votantes el d\u00eda de las elecciones<\/span><\/li>\r\n \t<li style=\"font-weight: 400;\" aria-level=\"1\"><span style=\"font-weight: 400;\">Difunda la l\u00ednea directa de protecci\u00f3n electoral 866-OUR-VOTE como un recurso de asistencia al votante<\/span><span style=\"font-weight: 400;\">\r\n<\/span><\/li>\r\n<\/ul>\r\n<a href=\"https:\/\/protectthevote.net\/\"><strong>Reg\u00edstrese para ser un monitor de encuestas no partidista<\/strong><\/a>"}}]},"yoast_head":"<!-- This site is optimized with the Yoast SEO Premium plugin v26.6 (Yoast SEO v27.1.1) - https:\/\/yoast.com\/product\/yoast-seo-premium-wordpress\/ -->\n<title>Volunteer - Common Cause Pennsylvania<\/title>\n<meta name=\"robots\" content=\"index, follow, max-snippet:-1, max-image-preview:large, max-video-preview:-1\" \/>\n<link rel=\"canonical\" href=\"https:\/\/www.commoncause.org\/pennsylvania\/es\/voluntario\/\" \/>\n<meta property=\"og:locale\" content=\"es_MX\" \/>\n<meta property=\"og:type\" content=\"article\" \/>\n<meta property=\"og:title\" content=\"Volunteer\" \/>\n<meta property=\"og:url\" content=\"https:\/\/www.commoncause.org\/pennsylvania\/es\/voluntario\/\" \/>\n<meta property=\"og:site_name\" content=\"Common Cause Pennsylvania\" \/>\n<meta property=\"og:image\" content=\"https:\/\/www.commoncause.org\/pennsylvania\/wp-content\/uploads\/2024\/08\/common-cause-share-image.png\" \/>\n\t<meta property=\"og:image:width\" content=\"1200\" \/>\n\t<meta property=\"og:image:height\" content=\"630\" \/>\n\t<meta property=\"og:image:type\" content=\"image\/png\" \/>\n<meta name=\"twitter:card\" content=\"summary_large_image\" \/>\n<script type=\"application\/ld+json\" class=\"yoast-schema-graph\">{\"@context\":\"https:\/\/schema.org\",\"@graph\":[{\"@type\":\"WebPage\",\"@id\":\"https:\/\/www.commoncause.org\/pennsylvania\/volunteer\/\",\"url\":\"https:\/\/www.commoncause.org\/pennsylvania\/volunteer\/\",\"name\":\"Volunteer - Common Cause Pennsylvania\",\"isPartOf\":{\"@id\":\"https:\/\/www.commoncause.org\/pennsylvania\/#website\"},\"datePublished\":\"2026-01-08T19:17:56+00:00\",\"breadcrumb\":{\"@id\":\"https:\/\/www.commoncause.org\/pennsylvania\/volunteer\/#breadcrumb\"},\"inLanguage\":\"es\",\"potentialAction\":[{\"@type\":\"ReadAction\",\"target\":[\"https:\/\/www.commoncause.org\/pennsylvania\/volunteer\/\"]}]},{\"@type\":\"BreadcrumbList\",\"@id\":\"https:\/\/www.commoncause.org\/pennsylvania\/volunteer\/#breadcrumb\",\"itemListElement\":[{\"@type\":\"ListItem\",\"position\":1,\"name\":\"Home\",\"item\":\"https:\/\/www.commoncause.org\/pennsylvania\/\"},{\"@type\":\"ListItem\",\"position\":2,\"name\":\"Volunteer\"}]},{\"@type\":\"WebSite\",\"@id\":\"https:\/\/www.commoncause.org\/pennsylvania\/#website\",\"url\":\"https:\/\/www.commoncause.org\/pennsylvania\/\",\"name\":\"Common Cause Pennsylvania\",\"description\":\"\",\"potentialAction\":[{\"@type\":\"SearchAction\",\"target\":{\"@type\":\"EntryPoint\",\"urlTemplate\":\"https:\/\/www.commoncause.org\/pennsylvania\/?s={search_term_string}\"},\"query-input\":{\"@type\":\"PropertyValueSpecification\",\"valueRequired\":true,\"valueName\":\"search_term_string\"}}],\"inLanguage\":\"es\"}]}<\/script>\n<!-- \/ Yoast SEO Premium plugin. -->","yoast_head_json":{"title":"Voluntario - Causa Com\u00fan Pensilvania","robots":{"index":"index","follow":"follow","max-snippet":"max-snippet:-1","max-image-preview":"max-image-preview:large","max-video-preview":"max-video-preview:-1"},"canonical":"https:\/\/www.commoncause.org\/pennsylvania\/es\/voluntario\/","og_locale":"es_MX","og_type":"article","og_title":"Volunteer","og_url":"https:\/\/www.commoncause.org\/pennsylvania\/es\/voluntario\/","og_site_name":"Common Cause Pennsylvania","og_image":[{"width":1200,"height":630,"url":"https:\/\/www.commoncause.org\/pennsylvania\/wp-content\/uploads\/2024\/08\/common-cause-share-image.png","type":"image\/png"}],"twitter_card":"summary_large_image","schema":{"@context":"https:\/\/schema.org","@graph":[{"@type":"WebPage","@id":"https:\/\/www.commoncause.org\/pennsylvania\/volunteer\/","url":"https:\/\/www.commoncause.org\/pennsylvania\/volunteer\/","name":"Voluntario - Causa Com\u00fan Pensilvania","isPartOf":{"@id":"https:\/\/www.commoncause.org\/pennsylvania\/#website"},"datePublished":"2026-01-08T19:17:56+00:00","breadcrumb":{"@id":"https:\/\/www.commoncause.org\/pennsylvania\/volunteer\/#breadcrumb"},"inLanguage":"es","potentialAction":[{"@type":"ReadAction","target":["https:\/\/www.commoncause.org\/pennsylvania\/volunteer\/"]}]},{"@type":"BreadcrumbList","@id":"https:\/\/www.commoncause.org\/pennsylvania\/volunteer\/#breadcrumb","itemListElement":[{"@type":"ListItem","position":1,"name":"Home","item":"https:\/\/www.commoncause.org\/pennsylvania\/"},{"@type":"ListItem","position":2,"name":"Volunteer"}]},{"@type":"WebSite","@id":"https:\/\/www.commoncause.org\/pennsylvania\/#website","url":"https:\/\/www.commoncause.org\/pennsylvania\/","name":"Causa com\u00fan Pensilvania","description":"","potentialAction":[{"@type":"SearchAction","target":{"@type":"EntryPoint","urlTemplate":"https:\/\/www.commoncause.org\/pennsylvania\/?s={search_term_string}"},"query-input":{"@type":"PropertyValueSpecification","valueRequired":true,"valueName":"search_term_string"}}],"inLanguage":"es"}]}},"distributor_meta":false,"distributor_terms":false,"distributor_media":false,"distributor_original_site_name":"Common Cause Pennsylvania","distributor_original_site_url":"https:\/\/www.commoncause.org\/pennsylvania\/es","push-errors":false,"_links":{"self":[{"href":"https:\/\/www.commoncause.org\/pennsylvania\/es\/wp-json\/wp\/v2\/pages\/2264","targetHints":{"allow":["GET"]}}],"collection":[{"href":"https:\/\/www.commoncause.org\/pennsylvania\/es\/wp-json\/wp\/v2\/pages"}],"about":[{"href":"https:\/\/www.commoncause.org\/pennsylvania\/es\/wp-json\/wp\/v2\/types\/page"}],"author":[{"embeddable":true,"href":"https:\/\/www.commoncause.org\/pennsylvania\/es\/wp-json\/wp\/v2\/users\/130"}],"replies":[{"embeddable":true,"href":"https:\/\/www.commoncause.org\/pennsylvania\/es\/wp-json\/wp\/v2\/comments?post=2264"}],"version-history":[{"count":45,"href":"https:\/\/www.commoncause.org\/pennsylvania\/es\/wp-json\/wp\/v2\/pages\/2264\/revisions"}],"predecessor-version":[{"id":2309,"href":"https:\/\/www.commoncause.org\/pennsylvania\/es\/wp-json\/wp\/v2\/pages\/2264\/revisions\/2309"}],"wp:attachment":[{"href":"https:\/\/www.commoncause.org\/pennsylvania\/es\/wp-json\/wp\/v2\/media?parent=2264"}],"curies":[{"name":"Gracias","href":"https:\/\/api.w.org\/{rel}","templated":true}]}}