{"id":30,"date":"2024-05-07T13:54:02","date_gmt":"2024-05-07T13:54:02","guid":{"rendered":"https:\/\/www.commoncause.org\/pennsylvania\/join-our-volunteer-team\/"},"modified":"2026-01-09T10:38:20","modified_gmt":"2026-01-09T15:38:20","slug":"begleiten-sie-uns","status":"publish","type":"page","link":"https:\/\/www.commoncause.org\/pennsylvania\/de\/join-us\/","title":{"rendered":"Begleiten Sie uns"},"content":{"rendered":"","protected":false},"excerpt":{"rendered":"","protected":false},"author":2,"featured_media":0,"parent":0,"menu_order":0,"comment_status":"closed","ping_status":"closed","template":"","meta":{"_acf_changed":false,"_relevanssi_hide_post":"","_relevanssi_hide_content":"","_relevanssi_pin_for_all":"","_relevanssi_pin_keywords":"","_relevanssi_unpin_keywords":"","_relevanssi_related_keywords":"","_relevanssi_related_include_ids":"","_relevanssi_related_exclude_ids":"","_relevanssi_related_no_append":"","_relevanssi_related_not_related":"","_relevanssi_related_posts":"","_relevanssi_noindex_reason":""},"class_list":["post-30","page","type-page","status-publish","hentry"],"acf":{"header":{"component_page_header":{"header_type":"default","title":"Begleiten Sie uns","lead":"","image":"","subnavigation":false}},"sidebar":{"helper_enable_sidebar":false,"helper_media_contact":{"heading":"Media Contact","manually_enter_person":false,"person":"","name":"","role":"","phone":"","email":""},"helper_links_downloads":{"heading":"Links & Downloads","links":null}},"page_layout":[{"acf_fc_layout":"layout_wysiwyg","_acfe_flexible_toggle":null,"component_wysiwyg":{"content":"<span style=\"font-weight: 400;\"><strong>Sind Sie bereit, uns dabei zu unterst\u00fctzen, uns f\u00fcr eine reflektierende, repr\u00e4sentative Demokratie in Pennsylvania einzusetzen?<\/strong> Bereit, es mit denen aufzunehmen, die unsere demokratischen Institutionen bedrohen und untergraben, die M\u00e4chtigen zur Rechenschaft zu ziehen und f\u00fcr echte Reformen zu k\u00e4mpfen?\u00a0<\/span>\r\n\r\n<span style=\"font-weight: 400;\">Bei Common Cause Pennsylvania ben\u00f6tigen wir die Unterst\u00fctzung von engagierten Menschen wie Ihnen, um uns f\u00fcr B\u00fcrgerrechte und die Rechenschaftspflicht der Regierung einzusetzen. Es gibt einige einfache M\u00f6glichkeiten, sich unserer Bewegung anzuschlie\u00dfen:<\/span>\r\n<ul>\r\n \t<li style=\"font-weight: 400;\" aria-level=\"1\"><strong><a href=\"https:\/\/actionnetwork.org\/forms\/pennsylvania-quick-join-cc?clear_id=true&amp;referrer=&amp;source=\">MELDEN SIE SICH AN<\/a><\/strong><span style=\"font-weight: 400;\"> Neuigkeiten und Updates vom Common Cause Pennsylvania-Team.<\/span><\/li>\r\n \t<li style=\"font-weight: 400;\" aria-level=\"1\"><a href=\"https:\/\/www.commoncause.org\/pennsylvania\/de\/freiwilliger\/\" target=\"_blank\" rel=\"noopener\"><strong>FREIWILLIGER<\/strong><\/a><span style=\"font-weight: 400;\"> Mach mit! Ob pers\u00f6nlich oder virtuell, wir haben Programme, bei denen du dich direkt hier in Pennsylvania engagieren kannst.\u00a0<\/span><\/li>\r\n \t<li style=\"font-weight: 400;\" aria-level=\"1\"><a href=\"https:\/\/www.commoncause.org\/pennsylvania\/de\/werde-aktiv\/\" target=\"_blank\" rel=\"noopener\"><strong>HANDELN SIE!<\/strong><\/a><span style=\"font-weight: 400;\"><strong>N<\/strong> Unterst\u00fctzen Sie uns bei der Interessenvertretung durch M\u00f6glichkeiten wie die Kontaktaufnahme mit Abgeordneten, das Unterzeichnen von Petitionen, Telefonaktionen und vieles mehr!<\/span><\/li>\r\n \t<li style=\"font-weight: 400;\" aria-level=\"1\"><span style=\"font-weight: 400;\"><strong>FOLGEN SIE UNS<\/strong> auf unseren Social-Media-Konten auf <\/span><a href=\"https:\/\/x.com\/commoncausepa\" target=\"_blank\" rel=\"noopener\"><span style=\"font-weight: 400;\">X (Twitter)<\/span><\/a><span style=\"font-weight: 400;\"> Und <\/span><a href=\"https:\/\/www.facebook.com\/commoncausepa\/\" target=\"_blank\" rel=\"noopener\"><span style=\"font-weight: 400;\">auf facebook.<\/span><span style=\"font-weight: 400;\">.<\/span><\/a><\/li>\r\n \t<li style=\"font-weight: 400;\" aria-level=\"1\"><a href=\"https:\/\/www.commoncause.org\/pennsylvania\/de\/spenden\/\" target=\"_blank\" rel=\"noopener\"><strong>SPENDEN<\/strong><\/a> Werden Sie Teil von Common Cause Pennsylvania und engagieren Sie sich als Verfechter der Demokratie!<\/li>\r\n<\/ul>\r\n&nbsp;"}}]},"yoast_head":"<!-- This site is optimized with the Yoast SEO Premium plugin v26.6 (Yoast SEO v27.1.1) - https:\/\/yoast.com\/product\/yoast-seo-premium-wordpress\/ -->\n<title>Join Us - Common Cause Pennsylvania<\/title>\n<meta name=\"robots\" content=\"index, follow, max-snippet:-1, max-image-preview:large, max-video-preview:-1\" \/>\n<link rel=\"canonical\" href=\"https:\/\/www.commoncause.org\/pennsylvania\/de\/begleiten-sie-uns\/\" \/>\n<meta property=\"og:locale\" content=\"de_DE\" \/>\n<meta property=\"og:type\" content=\"article\" \/>\n<meta property=\"og:title\" content=\"Join Us\" \/>\n<meta property=\"og:url\" content=\"https:\/\/www.commoncause.org\/pennsylvania\/de\/begleiten-sie-uns\/\" \/>\n<meta property=\"og:site_name\" content=\"Common Cause Pennsylvania\" \/>\n<meta property=\"article:modified_time\" content=\"2026-01-09T15:38:20+00:00\" \/>\n<meta property=\"og:image\" content=\"https:\/\/www.commoncause.org\/pennsylvania\/wp-content\/uploads\/2024\/08\/common-cause-share-image.png\" \/>\n\t<meta property=\"og:image:width\" content=\"1200\" \/>\n\t<meta property=\"og:image:height\" content=\"630\" \/>\n\t<meta property=\"og:image:type\" content=\"image\/png\" \/>\n<meta name=\"twitter:card\" content=\"summary_large_image\" \/>\n<script type=\"application\/ld+json\" class=\"yoast-schema-graph\">{\"@context\":\"https:\/\/schema.org\",\"@graph\":[{\"@type\":\"WebPage\",\"@id\":\"https:\/\/www.commoncause.org\/pennsylvania\/join-us\/\",\"url\":\"https:\/\/www.commoncause.org\/pennsylvania\/join-us\/\",\"name\":\"Join Us - Common Cause Pennsylvania\",\"isPartOf\":{\"@id\":\"https:\/\/www.commoncause.org\/pennsylvania\/#website\"},\"datePublished\":\"2024-05-07T13:54:02+00:00\",\"dateModified\":\"2026-01-09T15:38:20+00:00\",\"breadcrumb\":{\"@id\":\"https:\/\/www.commoncause.org\/pennsylvania\/join-us\/#breadcrumb\"},\"inLanguage\":\"de\",\"potentialAction\":[{\"@type\":\"ReadAction\",\"target\":[\"https:\/\/www.commoncause.org\/pennsylvania\/join-us\/\"]}]},{\"@type\":\"BreadcrumbList\",\"@id\":\"https:\/\/www.commoncause.org\/pennsylvania\/join-us\/#breadcrumb\",\"itemListElement\":[{\"@type\":\"ListItem\",\"position\":1,\"name\":\"Home\",\"item\":\"https:\/\/www.commoncause.org\/pennsylvania\/\"},{\"@type\":\"ListItem\",\"position\":2,\"name\":\"Join Us\"}]},{\"@type\":\"WebSite\",\"@id\":\"https:\/\/www.commoncause.org\/pennsylvania\/#website\",\"url\":\"https:\/\/www.commoncause.org\/pennsylvania\/\",\"name\":\"Common Cause Pennsylvania\",\"description\":\"\",\"potentialAction\":[{\"@type\":\"SearchAction\",\"target\":{\"@type\":\"EntryPoint\",\"urlTemplate\":\"https:\/\/www.commoncause.org\/pennsylvania\/?s={search_term_string}\"},\"query-input\":{\"@type\":\"PropertyValueSpecification\",\"valueRequired\":true,\"valueName\":\"search_term_string\"}}],\"inLanguage\":\"de\"}]}<\/script>\n<!-- \/ Yoast SEO Premium plugin. -->","yoast_head_json":{"title":"Mach mit \u2013 Common Cause Pennsylvania","robots":{"index":"index","follow":"follow","max-snippet":"max-snippet:-1","max-image-preview":"max-image-preview:large","max-video-preview":"max-video-preview:-1"},"canonical":"https:\/\/www.commoncause.org\/pennsylvania\/de\/begleiten-sie-uns\/","og_locale":"de_DE","og_type":"article","og_title":"Join Us","og_url":"https:\/\/www.commoncause.org\/pennsylvania\/de\/begleiten-sie-uns\/","og_site_name":"Common Cause Pennsylvania","article_modified_time":"2026-01-09T15:38:20+00:00","og_image":[{"width":1200,"height":630,"url":"https:\/\/www.commoncause.org\/pennsylvania\/wp-content\/uploads\/2024\/08\/common-cause-share-image.png","type":"image\/png"}],"twitter_card":"summary_large_image","schema":{"@context":"https:\/\/schema.org","@graph":[{"@type":"WebPage","@id":"https:\/\/www.commoncause.org\/pennsylvania\/join-us\/","url":"https:\/\/www.commoncause.org\/pennsylvania\/join-us\/","name":"Mach mit \u2013 Common Cause Pennsylvania","isPartOf":{"@id":"https:\/\/www.commoncause.org\/pennsylvania\/#website"},"datePublished":"2024-05-07T13:54:02+00:00","dateModified":"2026-01-09T15:38:20+00:00","breadcrumb":{"@id":"https:\/\/www.commoncause.org\/pennsylvania\/join-us\/#breadcrumb"},"inLanguage":"de","potentialAction":[{"@type":"ReadAction","target":["https:\/\/www.commoncause.org\/pennsylvania\/join-us\/"]}]},{"@type":"BreadcrumbList","@id":"https:\/\/www.commoncause.org\/pennsylvania\/join-us\/#breadcrumb","itemListElement":[{"@type":"ListItem","position":1,"name":"Home","item":"https:\/\/www.commoncause.org\/pennsylvania\/"},{"@type":"ListItem","position":2,"name":"Join Us"}]},{"@type":"WebSite","@id":"https:\/\/www.commoncause.org\/pennsylvania\/#website","url":"https:\/\/www.commoncause.org\/pennsylvania\/","name":"Gemeinsame Sache Pennsylvania","description":"","potentialAction":[{"@type":"SearchAction","target":{"@type":"EntryPoint","urlTemplate":"https:\/\/www.commoncause.org\/pennsylvania\/?s={search_term_string}"},"query-input":{"@type":"PropertyValueSpecification","valueRequired":true,"valueName":"search_term_string"}}],"inLanguage":"de"}]}},"distributor_meta":false,"distributor_terms":false,"distributor_media":false,"distributor_original_site_name":"Common Cause Pennsylvania","distributor_original_site_url":"https:\/\/www.commoncause.org\/pennsylvania\/de","push-errors":false,"_links":{"self":[{"href":"https:\/\/www.commoncause.org\/pennsylvania\/de\/wp-json\/wp\/v2\/pages\/30","targetHints":{"allow":["GET"]}}],"collection":[{"href":"https:\/\/www.commoncause.org\/pennsylvania\/de\/wp-json\/wp\/v2\/pages"}],"about":[{"href":"https:\/\/www.commoncause.org\/pennsylvania\/de\/wp-json\/wp\/v2\/types\/page"}],"author":[{"embeddable":true,"href":"https:\/\/www.commoncause.org\/pennsylvania\/de\/wp-json\/wp\/v2\/users\/2"}],"replies":[{"embeddable":true,"href":"https:\/\/www.commoncause.org\/pennsylvania\/de\/wp-json\/wp\/v2\/comments?post=30"}],"version-history":[{"count":22,"href":"https:\/\/www.commoncause.org\/pennsylvania\/de\/wp-json\/wp\/v2\/pages\/30\/revisions"}],"predecessor-version":[{"id":2312,"href":"https:\/\/www.commoncause.org\/pennsylvania\/de\/wp-json\/wp\/v2\/pages\/30\/revisions\/2312"}],"wp:attachment":[{"href":"https:\/\/www.commoncause.org\/pennsylvania\/de\/wp-json\/wp\/v2\/media?parent=30"}],"curies":[{"name":"wp","href":"https:\/\/api.w.org\/{rel}","templated":true}]}}