{"id":2264,"date":"2026-01-08T14:17:56","date_gmt":"2026-01-08T19:17:56","guid":{"rendered":"https:\/\/www.commoncause.org\/pennsylvania\/?page_id=2264"},"modified":"2026-01-08T14:17:56","modified_gmt":"2026-01-08T19:17:56","slug":"freiwilliger","status":"publish","type":"page","link":"https:\/\/www.commoncause.org\/pennsylvania\/de\/volunteer\/","title":{"rendered":"Freiwilliger"},"content":{"rendered":"","protected":false},"excerpt":{"rendered":"","protected":false},"author":130,"featured_media":0,"parent":0,"menu_order":0,"comment_status":"closed","ping_status":"closed","template":"","meta":{"_acf_changed":false,"_relevanssi_hide_post":"","_relevanssi_hide_content":"","_relevanssi_pin_for_all":"","_relevanssi_pin_keywords":"","_relevanssi_unpin_keywords":"","_relevanssi_related_keywords":"","_relevanssi_related_include_ids":"","_relevanssi_related_exclude_ids":"","_relevanssi_related_no_append":"","_relevanssi_related_not_related":"","_relevanssi_related_posts":"","_relevanssi_noindex_reason":""},"class_list":["post-2264","page","type-page","status-publish","hentry"],"acf":{"header":{"component_page_header":{"header_type":"default","title":"Freiwilliger","lead":"","image":"","subnavigation":false}},"sidebar":{"helper_enable_sidebar":true,"helper_media_contact":{"heading":"Media Contact","manually_enter_person":false,"person":"","name":"","role":"","phone":"","email":""},"helper_links_downloads":{"heading":"Quick Sign-Ups","links":[{"file_download":false,"link":{"title":"Sign Up for the Pennsylvania Action Team","url":"https:\/\/act.commoncause.org\/forms\/action-team-interest-form-common-cause-pennsylvania","target":"_blank"},"file":null},{"file_download":false,"link":{"title":"Become a Watchdog for Democracy","url":"https:\/\/docs.google.com\/forms\/d\/15wvgcRGhj-lNPC9mweoRAnExHt8iznsKtDXcmAcpIEI\/viewform?edit_requested=true","target":"_blank"},"file":null},{"file_download":false,"link":{"title":"Volunteer for Election Protection 2026","url":"https:\/\/protectthevote.net\/","target":"_blank"},"file":null}]}},"page_layout":[{"acf_fc_layout":"layout_wysiwyg","_acfe_flexible_toggle":null,"component_wysiwyg":{"content":"Jeder Tag ist ein guter Tag, um sich f\u00fcr eine Demokratie einzusetzen, die allen zugutekommt. Bei Common Cause Pennsylvania bieten wir vielf\u00e4ltige M\u00f6glichkeiten, sich zu engagieren und diese Arbeit im gesamten Bundesstaat voranzutreiben:<strong>\r\n\r\n<\/strong>\r\n<h4><b>1.) Common Cause Pennsylvania Action Team<\/b><\/h4>\r\n<span style=\"font-weight: 400;\"><img class=\"wp-image-38429 alignright\" src=\"https:\/\/www.commoncause.org\/pennsylvania\/wp-content\/uploads\/2025\/05\/PA-Action-Team-3200-x-1800-px-300x169.png\" alt=\"\" width=\"310\" height=\"175\" \/>Dies ist unser wichtigstes ehrenamtliches Engagementprogramm. Teammitglieder arbeiten eng mit den Mitarbeitern von Common Cause Pennsylvania zusammen, um unsere Kampagnen an der Basis voranzubringen. Als Mitglied eines Aktionsteams werden Sie von uns geschult und unterst\u00fctzt, um:\u00a0\u00a0<\/span>\r\n<ul>\r\n \t<li style=\"font-weight: 400;\" aria-level=\"1\"><span style=\"font-weight: 400;\">Sprechen Sie mit Ihren Abgeordneten \u00fcber politische Themen.<\/span><\/li>\r\n \t<li style=\"font-weight: 400;\" aria-level=\"1\"><span style=\"font-weight: 400;\">Nehmen Sie an Kundgebungen, B\u00fcrgerversammlungen oder Webinaren teil oder helfen Sie bei deren Organisation.<\/span><\/li>\r\n \t<li style=\"font-weight: 400;\" aria-level=\"1\"><span style=\"font-weight: 400;\">Unterst\u00fctzung bei Recherchen und \u00f6ffentlichen Stellungnahmen<\/span><\/li>\r\n \t<li style=\"font-weight: 400;\" aria-level=\"1\"><span style=\"font-weight: 400;\">Schreiben Sie Leserbriefe oder geben Sie Petitionen ab.<\/span><\/li>\r\n<\/ul>\r\n<span style=\"font-weight: 400;\">Unsere Freiwilligenprojekte sind flexibel, und wir helfen Ihnen gerne, die passenden M\u00f6glichkeiten f\u00fcr Sie zu finden. Interessiert? Dann melden Sie sich unten an!\u00a0<\/span>\r\n\r\n<span style=\"font-weight: 400;\"><a href=\"https:\/\/act.commoncause.org\/forms\/action-team-interest-form-common-cause-pennsylvania\" target=\"_blank\" rel=\"noopener\"><strong>Melden Sie sich an, um dem Pennsylvania Action Team beizutreten<\/strong><\/a>\r\n\r\n<\/span>\r\n\r\n&nbsp;\r\n<h4><b>2.) W\u00e4chter der Demokratie: Wahlbeobachtung auf Bezirksebene<\/b><\/h4>\r\n<span style=\"font-weight: 400;\"><img class=\"wp-image-53336 alignleft\" src=\"https:\/\/www.commoncause.org\/pennsylvania\/wp-content\/uploads\/2026\/01\/Watchdogs-for-Democracy-232x300.png\" alt=\"\" width=\"131\" height=\"170\" \/>Hier in Pennsylvania werden Entscheidungen dar\u00fcber, wie einfach oder schwierig das W\u00e4hlen ist, auf Kreisebene getroffen. Wir suchen aktiv Freiwillige, die sich als W\u00e4chter der Demokratie vor Ort engagieren. Als Mitglied unseres W\u00e4chterprogramms k\u00f6nnen Sie mit gew\u00e4hlten Vertretern in Ihrer Gemeinde in Kontakt treten, indem Sie:<\/span>\r\n<ul>\r\n \t<li style=\"font-weight: 400;\" aria-level=\"1\"><span style=\"font-weight: 400;\">Teilnahme an oder Beobachtung von Sitzungen des Wahlausschusses und Ausf\u00fcllen von Berichten<\/span><\/li>\r\n \t<li style=\"font-weight: 400;\" aria-level=\"1\"><span style=\"font-weight: 400;\">Abgabe \u00f6ffentlicher Stellungnahmen bei Sitzungen des Wahlausschusses<\/span><\/li>\r\n \t<li style=\"font-weight: 400;\" aria-level=\"1\"><span style=\"font-weight: 400;\">Kontaktaufnahme mit Kreisbeamten und Mitarbeitern bez\u00fcglich wahlbezogener Angelegenheiten<\/span><\/li>\r\n \t<li style=\"font-weight: 400;\" aria-level=\"1\"><span style=\"font-weight: 400;\">\u00dcberwachung der Abl\u00e4ufe auf Bezirksebene und der Herausforderungen im Zusammenhang mit Wahlen<\/span><\/li>\r\n<\/ul>\r\n<span style=\"font-weight: 400;\">Wenn Sie uns bei der Berichterstattung \u00fcber diese Treffen in einem der 67 Landkreise Pennsylvanias unterst\u00fctzen k\u00f6nnen, melden Sie sich unten an!<\/span>\r\n\r\n<strong><a href=\"https:\/\/docs.google.com\/forms\/d\/15wvgcRGhj-lNPC9mweoRAnExHt8iznsKtDXcmAcpIEI\/viewform?edit_requested=true\" target=\"_blank\" rel=\"noopener\">Registrieren Sie sich als W\u00e4chter der Demokratie\r\n<\/a><\/strong><span style=\"font-weight: 400;\">\r\n\r\n<\/span>\r\n\r\n&nbsp;\r\n<h4><b>3.) Wahlschutz: Wahlzyklus 2026<\/b><\/h4>\r\n<span style=\"font-weight: 400;\"><img class=\"wp-image-53330 alignright\" src=\"https:\/\/www.commoncause.org\/pennsylvania\/wp-content\/uploads\/2026\/01\/866-OUR-VOTE-300x300.jpg\" alt=\"\" width=\"183\" height=\"183\" \/>Die nationale, \u00fcberparteiliche Wahlbeobachtungskoalition setzt sich ganzj\u00e4hrig daf\u00fcr ein, dass alle W\u00e4hlerinnen und W\u00e4hler die gleiche Chance haben, ihre Stimme abzugeben und dass diese auch z\u00e4hlt. Wenn Sie der Meinung sind, dass jede wahlberechtigte Person das Recht hat, ihre Stimme abzugeben, k\u00f6nnen Sie sich von zu Hause aus oder pers\u00f6nlich als \u00fcberparteilicher Wahlbeobachtungs-Freiwilliger engagieren:<\/span><span style=\"font-weight: 400;\">\r\n<\/span>\r\n<ul>\r\n \t<li style=\"font-weight: 400;\" aria-level=\"1\"><span style=\"font-weight: 400;\">Beobachten Sie die Wahllokale und unterst\u00fctzen Sie die W\u00e4hler am Wahltag.<\/span><\/li>\r\n \t<li style=\"font-weight: 400;\" aria-level=\"1\"><span style=\"font-weight: 400;\">Verbreiten Sie die Informationen zur Wahlhilfe-Hotline 866-OUR-VOTE als Anlaufstelle f\u00fcr W\u00e4hler.<\/span><span style=\"font-weight: 400;\">\r\n<\/span><\/li>\r\n<\/ul>\r\n<a href=\"https:\/\/protectthevote.net\/\"><strong>Registrieren Sie sich als \u00fcberparteilicher Wahlbeobachter<\/strong><\/a>"}}]},"yoast_head":"<!-- This site is optimized with the Yoast SEO Premium plugin v26.6 (Yoast SEO v27.1.1) - https:\/\/yoast.com\/product\/yoast-seo-premium-wordpress\/ -->\n<title>Volunteer - Common Cause Pennsylvania<\/title>\n<meta name=\"robots\" content=\"index, follow, max-snippet:-1, max-image-preview:large, max-video-preview:-1\" \/>\n<link rel=\"canonical\" href=\"https:\/\/www.commoncause.org\/pennsylvania\/de\/freiwilliger\/\" \/>\n<meta property=\"og:locale\" content=\"de_DE\" \/>\n<meta property=\"og:type\" content=\"article\" \/>\n<meta property=\"og:title\" content=\"Volunteer\" \/>\n<meta property=\"og:url\" content=\"https:\/\/www.commoncause.org\/pennsylvania\/de\/freiwilliger\/\" \/>\n<meta property=\"og:site_name\" content=\"Common Cause Pennsylvania\" \/>\n<meta property=\"og:image\" content=\"https:\/\/www.commoncause.org\/pennsylvania\/wp-content\/uploads\/2024\/08\/common-cause-share-image.png\" \/>\n\t<meta property=\"og:image:width\" content=\"1200\" \/>\n\t<meta property=\"og:image:height\" content=\"630\" \/>\n\t<meta property=\"og:image:type\" content=\"image\/png\" \/>\n<meta name=\"twitter:card\" content=\"summary_large_image\" \/>\n<script type=\"application\/ld+json\" class=\"yoast-schema-graph\">{\"@context\":\"https:\/\/schema.org\",\"@graph\":[{\"@type\":\"WebPage\",\"@id\":\"https:\/\/www.commoncause.org\/pennsylvania\/volunteer\/\",\"url\":\"https:\/\/www.commoncause.org\/pennsylvania\/volunteer\/\",\"name\":\"Volunteer - Common Cause Pennsylvania\",\"isPartOf\":{\"@id\":\"https:\/\/www.commoncause.org\/pennsylvania\/#website\"},\"datePublished\":\"2026-01-08T19:17:56+00:00\",\"breadcrumb\":{\"@id\":\"https:\/\/www.commoncause.org\/pennsylvania\/volunteer\/#breadcrumb\"},\"inLanguage\":\"de\",\"potentialAction\":[{\"@type\":\"ReadAction\",\"target\":[\"https:\/\/www.commoncause.org\/pennsylvania\/volunteer\/\"]}]},{\"@type\":\"BreadcrumbList\",\"@id\":\"https:\/\/www.commoncause.org\/pennsylvania\/volunteer\/#breadcrumb\",\"itemListElement\":[{\"@type\":\"ListItem\",\"position\":1,\"name\":\"Home\",\"item\":\"https:\/\/www.commoncause.org\/pennsylvania\/\"},{\"@type\":\"ListItem\",\"position\":2,\"name\":\"Volunteer\"}]},{\"@type\":\"WebSite\",\"@id\":\"https:\/\/www.commoncause.org\/pennsylvania\/#website\",\"url\":\"https:\/\/www.commoncause.org\/pennsylvania\/\",\"name\":\"Common Cause Pennsylvania\",\"description\":\"\",\"potentialAction\":[{\"@type\":\"SearchAction\",\"target\":{\"@type\":\"EntryPoint\",\"urlTemplate\":\"https:\/\/www.commoncause.org\/pennsylvania\/?s={search_term_string}\"},\"query-input\":{\"@type\":\"PropertyValueSpecification\",\"valueRequired\":true,\"valueName\":\"search_term_string\"}}],\"inLanguage\":\"de\"}]}<\/script>\n<!-- \/ Yoast SEO Premium plugin. -->","yoast_head_json":{"title":"Freiwilligenarbeit \u2013 Common Cause Pennsylvania","robots":{"index":"index","follow":"follow","max-snippet":"max-snippet:-1","max-image-preview":"max-image-preview:large","max-video-preview":"max-video-preview:-1"},"canonical":"https:\/\/www.commoncause.org\/pennsylvania\/de\/freiwilliger\/","og_locale":"de_DE","og_type":"article","og_title":"Volunteer","og_url":"https:\/\/www.commoncause.org\/pennsylvania\/de\/freiwilliger\/","og_site_name":"Common Cause Pennsylvania","og_image":[{"width":1200,"height":630,"url":"https:\/\/www.commoncause.org\/pennsylvania\/wp-content\/uploads\/2024\/08\/common-cause-share-image.png","type":"image\/png"}],"twitter_card":"summary_large_image","schema":{"@context":"https:\/\/schema.org","@graph":[{"@type":"WebPage","@id":"https:\/\/www.commoncause.org\/pennsylvania\/volunteer\/","url":"https:\/\/www.commoncause.org\/pennsylvania\/volunteer\/","name":"Freiwilligenarbeit \u2013 Common Cause Pennsylvania","isPartOf":{"@id":"https:\/\/www.commoncause.org\/pennsylvania\/#website"},"datePublished":"2026-01-08T19:17:56+00:00","breadcrumb":{"@id":"https:\/\/www.commoncause.org\/pennsylvania\/volunteer\/#breadcrumb"},"inLanguage":"de","potentialAction":[{"@type":"ReadAction","target":["https:\/\/www.commoncause.org\/pennsylvania\/volunteer\/"]}]},{"@type":"BreadcrumbList","@id":"https:\/\/www.commoncause.org\/pennsylvania\/volunteer\/#breadcrumb","itemListElement":[{"@type":"ListItem","position":1,"name":"Home","item":"https:\/\/www.commoncause.org\/pennsylvania\/"},{"@type":"ListItem","position":2,"name":"Volunteer"}]},{"@type":"WebSite","@id":"https:\/\/www.commoncause.org\/pennsylvania\/#website","url":"https:\/\/www.commoncause.org\/pennsylvania\/","name":"Gemeinsame Sache Pennsylvania","description":"","potentialAction":[{"@type":"SearchAction","target":{"@type":"EntryPoint","urlTemplate":"https:\/\/www.commoncause.org\/pennsylvania\/?s={search_term_string}"},"query-input":{"@type":"PropertyValueSpecification","valueRequired":true,"valueName":"search_term_string"}}],"inLanguage":"de"}]}},"distributor_meta":false,"distributor_terms":false,"distributor_media":false,"distributor_original_site_name":"Common Cause Pennsylvania","distributor_original_site_url":"https:\/\/www.commoncause.org\/pennsylvania\/de","push-errors":false,"_links":{"self":[{"href":"https:\/\/www.commoncause.org\/pennsylvania\/de\/wp-json\/wp\/v2\/pages\/2264","targetHints":{"allow":["GET"]}}],"collection":[{"href":"https:\/\/www.commoncause.org\/pennsylvania\/de\/wp-json\/wp\/v2\/pages"}],"about":[{"href":"https:\/\/www.commoncause.org\/pennsylvania\/de\/wp-json\/wp\/v2\/types\/page"}],"author":[{"embeddable":true,"href":"https:\/\/www.commoncause.org\/pennsylvania\/de\/wp-json\/wp\/v2\/users\/130"}],"replies":[{"embeddable":true,"href":"https:\/\/www.commoncause.org\/pennsylvania\/de\/wp-json\/wp\/v2\/comments?post=2264"}],"version-history":[{"count":45,"href":"https:\/\/www.commoncause.org\/pennsylvania\/de\/wp-json\/wp\/v2\/pages\/2264\/revisions"}],"predecessor-version":[{"id":2309,"href":"https:\/\/www.commoncause.org\/pennsylvania\/de\/wp-json\/wp\/v2\/pages\/2264\/revisions\/2309"}],"wp:attachment":[{"href":"https:\/\/www.commoncause.org\/pennsylvania\/de\/wp-json\/wp\/v2\/media?parent=2264"}],"curies":[{"name":"wp","href":"https:\/\/api.w.org\/{rel}","templated":true}]}}