{"id":47,"date":"2024-05-07T15:23:17","date_gmt":"2024-05-07T15:23:17","guid":{"rendered":"https:\/\/www.commoncause.org\/oregon\/home\/"},"modified":"2026-03-30T11:55:29","modified_gmt":"2026-03-30T18:55:29","slug":"trang-chu","status":"publish","type":"page","link":"https:\/\/www.commoncause.org\/oregon\/vi\/","title":{"rendered":"Trang ch\u1ee7 \u2013 Oregon"},"content":{"rendered":"","protected":false},"excerpt":{"rendered":"","protected":false},"author":2,"featured_media":0,"parent":23,"menu_order":1,"comment_status":"closed","ping_status":"closed","template":"","meta":{"_acf_changed":false,"_relevanssi_hide_post":"","_relevanssi_hide_content":"","_relevanssi_pin_for_all":"","_relevanssi_pin_keywords":"","_relevanssi_unpin_keywords":"","_relevanssi_related_keywords":"","_relevanssi_related_include_ids":"","_relevanssi_related_exclude_ids":"","_relevanssi_related_no_append":"","_relevanssi_related_not_related":"","_relevanssi_related_posts":"","_relevanssi_noindex_reason":""},"class_list":["post-47","page","type-page","status-publish","hentry"],"acf":{"page_layout":[{"acf_fc_layout":"layout_latest_victory","_acfe_flexible_toggle":null,"component_latest_victory":{"manually_curate":true,"latest_content":"article","button_text":"Read About Our Victory","title":"PROTECT [highlight]OREGON'S ELECTIONS[\/highlight] ","summary":"Sign up to join our Election Protection Team as we work to ensure our elections are fair and free of any tampering by the Trump administration.","button":{"title":"LEARN MORE","url":"https:\/\/act.commoncause.org\/forms\/join-our-election-protection-team?source=direct_link&","target":"_blank"},"image":7691,"darker":false}},{"acf_fc_layout":"layout_featured_work","_acfe_flexible_toggle":null,"component_featured_work":{"content_type":"work","button_text":"View This Campaign","secondary_link":null,"manually_curate":true,"small_title":"Our latest work:","large_title":"Knitting in Protest of Trump's Authoritarianism","summary":"Resist with every fiber of your being! Join us on April 11th as we continue to peacefully protest the authoritarianism being exhibited by the Trump administration. We will have canopies to keep us dry from any potential rain but please be sure to bring your camping chair, blankets to keep warm and either your knitting supplies or another hobby you'd like to work on as we sit in resistance to Trump's authoritarianism.","button":{"title":"Click here to join","url":"https:\/\/www.mobilize.us\/commoncause\/event\/866339\/","target":""},"small_link":"","image":58135}},{"acf_fc_layout":"layout_about_us","_acfe_flexible_toggle":null,"component_about_us":{"intro_title":"About Us","main_title":"Building a Democracy that Works for [highlight]All of Us[\/highlight]","summary":"With 1.5 million members, including 39,000 in Oregon, Common Cause wins concrete, pro-democracy reforms that break down barriers to participation, promote accountability, and ensure that each of us has a voice.","button":{"title":"DISCOVER OUT IMPACT","url":"https:\/\/www.commoncause.org\/oregon\/our-impact\/","target":""},"image":1663}},{"acf_fc_layout":"layout_featured_action","_acfe_flexible_toggle":null,"component_featured_action":{"action_to_show":"choose","image_side":"right","action":["{\"site_id\":\"1\",\"post_type\":\"act\",\"post_id\":56959}"],"title":"RA M\u1eaeT OREGON: CHI\u1ebeN D\u1ecaCH L\u1edcI H\u1ee8A C\u1ee6A NH\u00c2N D\u00c2N","summary":"Learn more about the People's Promise Campaign - and how you can have impact in Oregon!","post_link":{"title":"Click here to learn more","url":"https:\/\/peoplespromise.us\/","target":""},"secondary_link":""}},{"acf_fc_layout":"layout_email_signup","_acfe_flexible_toggle":null,"component_email_signup":{"":null,"small_title":"JOIN OUR MOVEMENT ","large_title":"Sign up for breaking news and action alerts about democracy in Oregon and nationwide. ","action_network_embed":"","disclaimer":"*Opt in to mobile messages from Common Cause. Message and data rates apply. Reply STOP to unsubscribe. Reply HELP for help. Periodic messages with updates and news about our work. Privacy policy & ToS."}},{"acf_fc_layout":"layout_statistics","_acfe_flexible_toggle":null,"component_statistics":{"title":"Common Cause l\u00e0 m\u1ed9t t\u1ed5 ch\u1ee9c phi \u0111\u1ea3ng ph\u00e1i c\u00f3 th\u00e0nh vi\u00ean \u1edf m\u1ecdi khu v\u1ef1c qu\u1ed1c h\u1ed9i.","statistics":[{"component_statistic":{"number":"39K","text":"Oregon Members & Supporters","source":"People like you power everything we do for democracy"}},{"component_statistic":{"number":"","text":"","source":""}},{"component_statistic":{"number":"50+","text":"Years of Victory","source":"Defending and advancing the unfinished promise of democracy"}}]}},{"acf_fc_layout":"layout_map","_acfe_flexible_toggle":null,"component_map":{"":null}}]},"yoast_head":"<!-- This site is optimized with the Yoast SEO Premium plugin v26.6 (Yoast SEO v27.1.1) - https:\/\/yoast.com\/product\/yoast-seo-premium-wordpress\/ -->\n<title>Home Page - Oregon - Common Cause Oregon<\/title>\n<meta name=\"robots\" content=\"index, follow, max-snippet:-1, max-image-preview:large, max-video-preview:-1\" \/>\n<link rel=\"canonical\" href=\"https:\/\/www.commoncause.org\/oregon\/vi\/\" \/>\n<meta property=\"og:locale\" content=\"vi_VN\" \/>\n<meta property=\"og:type\" content=\"article\" \/>\n<meta property=\"og:title\" content=\"Home Page - Oregon\" \/>\n<meta property=\"og:url\" content=\"https:\/\/www.commoncause.org\/oregon\/vi\/\" \/>\n<meta property=\"og:site_name\" content=\"Common Cause Oregon\" \/>\n<meta property=\"article:modified_time\" content=\"2026-03-30T18:55:29+00:00\" \/>\n<meta property=\"og:image\" content=\"https:\/\/www.commoncause.org\/oregon\/wp-content\/uploads\/2024\/08\/common-cause-share-image.png\" \/>\n\t<meta property=\"og:image:width\" content=\"1200\" \/>\n\t<meta property=\"og:image:height\" content=\"630\" \/>\n\t<meta property=\"og:image:type\" content=\"image\/png\" \/>\n<meta name=\"twitter:card\" content=\"summary_large_image\" \/>\n<script type=\"application\/ld+json\" class=\"yoast-schema-graph\">{\"@context\":\"https:\/\/schema.org\",\"@graph\":[{\"@type\":\"WebPage\",\"@id\":\"https:\/\/www.commoncause.org\/oregon\/\",\"url\":\"https:\/\/www.commoncause.org\/oregon\/\",\"name\":\"Home Page - Oregon - Common Cause Oregon\",\"isPartOf\":{\"@id\":\"https:\/\/www.commoncause.org\/oregon\/#website\"},\"datePublished\":\"2024-05-07T15:23:17+00:00\",\"dateModified\":\"2026-03-30T18:55:29+00:00\",\"breadcrumb\":{\"@id\":\"https:\/\/www.commoncause.org\/oregon\/#breadcrumb\"},\"inLanguage\":\"vi\",\"potentialAction\":[{\"@type\":\"ReadAction\",\"target\":[\"https:\/\/www.commoncause.org\/oregon\/\"]}]},{\"@type\":\"BreadcrumbList\",\"@id\":\"https:\/\/www.commoncause.org\/oregon\/#breadcrumb\",\"itemListElement\":[{\"@type\":\"ListItem\",\"position\":1,\"name\":\"Home\",\"item\":\"https:\/\/www.commoncause.org\/oregon\/\"},{\"@type\":\"ListItem\",\"position\":2,\"name\":\"Take Action\",\"item\":\"https:\/\/www.commoncause.org\/oregon\/take-action\/\"},{\"@type\":\"ListItem\",\"position\":3,\"name\":\"Home Page &#8211; Oregon\"}]},{\"@type\":\"WebSite\",\"@id\":\"https:\/\/www.commoncause.org\/oregon\/#website\",\"url\":\"https:\/\/www.commoncause.org\/oregon\/\",\"name\":\"Common Cause Oregon\",\"description\":\"\",\"potentialAction\":[{\"@type\":\"SearchAction\",\"target\":{\"@type\":\"EntryPoint\",\"urlTemplate\":\"https:\/\/www.commoncause.org\/oregon\/?s={search_term_string}\"},\"query-input\":{\"@type\":\"PropertyValueSpecification\",\"valueRequired\":true,\"valueName\":\"search_term_string\"}}],\"inLanguage\":\"vi\"}]}<\/script>\n<!-- \/ Yoast SEO Premium plugin. -->","yoast_head_json":{"title":"Trang ch\u1ee7 - Oregon - Common Cause Oregon","robots":{"index":"index","follow":"follow","max-snippet":"max-snippet:-1","max-image-preview":"max-image-preview:large","max-video-preview":"max-video-preview:-1"},"canonical":"https:\/\/www.commoncause.org\/oregon\/vi\/","og_locale":"vi_VN","og_type":"article","og_title":"Home Page - Oregon","og_url":"https:\/\/www.commoncause.org\/oregon\/vi\/","og_site_name":"Common Cause Oregon","article_modified_time":"2026-03-30T18:55:29+00:00","og_image":[{"width":1200,"height":630,"url":"https:\/\/www.commoncause.org\/oregon\/wp-content\/uploads\/2024\/08\/common-cause-share-image.png","type":"image\/png"}],"twitter_card":"summary_large_image","schema":{"@context":"https:\/\/schema.org","@graph":[{"@type":"WebPage","@id":"https:\/\/www.commoncause.org\/oregon\/","url":"https:\/\/www.commoncause.org\/oregon\/","name":"Trang ch\u1ee7 - Oregon - Common Cause Oregon","isPartOf":{"@id":"https:\/\/www.commoncause.org\/oregon\/#website"},"datePublished":"2024-05-07T15:23:17+00:00","dateModified":"2026-03-30T18:55:29+00:00","breadcrumb":{"@id":"https:\/\/www.commoncause.org\/oregon\/#breadcrumb"},"inLanguage":"vi","potentialAction":[{"@type":"ReadAction","target":["https:\/\/www.commoncause.org\/oregon\/"]}]},{"@type":"BreadcrumbList","@id":"https:\/\/www.commoncause.org\/oregon\/#breadcrumb","itemListElement":[{"@type":"ListItem","position":1,"name":"Home","item":"https:\/\/www.commoncause.org\/oregon\/"},{"@type":"ListItem","position":2,"name":"Take Action","item":"https:\/\/www.commoncause.org\/oregon\/take-action\/"},{"@type":"ListItem","position":3,"name":"Home Page &#8211; Oregon"}]},{"@type":"WebSite","@id":"https:\/\/www.commoncause.org\/oregon\/#website","url":"https:\/\/www.commoncause.org\/oregon\/","name":"Nguy\u00ean nh\u00e2n chung Oregon","description":"","potentialAction":[{"@type":"SearchAction","target":{"@type":"EntryPoint","urlTemplate":"https:\/\/www.commoncause.org\/oregon\/?s={search_term_string}"},"query-input":{"@type":"PropertyValueSpecification","valueRequired":true,"valueName":"search_term_string"}}],"inLanguage":"vi"}]}},"distributor_meta":false,"distributor_terms":false,"distributor_media":false,"distributor_original_site_name":"Common Cause Oregon","distributor_original_site_url":"https:\/\/www.commoncause.org\/oregon\/vi","push-errors":false,"_links":{"self":[{"href":"https:\/\/www.commoncause.org\/oregon\/vi\/wp-json\/wp\/v2\/pages\/47","targetHints":{"allow":["GET"]}}],"collection":[{"href":"https:\/\/www.commoncause.org\/oregon\/vi\/wp-json\/wp\/v2\/pages"}],"about":[{"href":"https:\/\/www.commoncause.org\/oregon\/vi\/wp-json\/wp\/v2\/types\/page"}],"author":[{"embeddable":true,"href":"https:\/\/www.commoncause.org\/oregon\/vi\/wp-json\/wp\/v2\/users\/2"}],"replies":[{"embeddable":true,"href":"https:\/\/www.commoncause.org\/oregon\/vi\/wp-json\/wp\/v2\/comments?post=47"}],"version-history":[{"count":67,"href":"https:\/\/www.commoncause.org\/oregon\/vi\/wp-json\/wp\/v2\/pages\/47\/revisions"}],"predecessor-version":[{"id":2025,"href":"https:\/\/www.commoncause.org\/oregon\/vi\/wp-json\/wp\/v2\/pages\/47\/revisions\/2025"}],"up":[{"embeddable":true,"href":"https:\/\/www.commoncause.org\/oregon\/vi\/wp-json\/wp\/v2\/pages\/23"}],"wp:attachment":[{"href":"https:\/\/www.commoncause.org\/oregon\/vi\/wp-json\/wp\/v2\/media?parent=47"}],"curies":[{"name":"wp","href":"https:\/\/api.w.org\/{rel}","templated":true}]}}