{"id":24,"date":"2024-05-07T13:49:46","date_gmt":"2024-05-07T13:49:46","guid":{"rendered":"https:\/\/www.commoncause.org\/oregon\/donate\/"},"modified":"2024-08-09T15:30:32","modified_gmt":"2024-08-09T22:30:32","slug":"faire-un-don","status":"publish","type":"page","link":"https:\/\/www.commoncause.org\/oregon\/fr\/donate\/","title":{"rendered":"Faire un don"},"content":{"rendered":"","protected":false},"excerpt":{"rendered":"","protected":false},"author":1,"featured_media":0,"parent":0,"menu_order":0,"comment_status":"closed","ping_status":"closed","template":"","meta":{"_acf_changed":false,"_relevanssi_hide_post":"","_relevanssi_hide_content":"","_relevanssi_pin_for_all":"","_relevanssi_pin_keywords":"","_relevanssi_unpin_keywords":"","_relevanssi_related_keywords":"","_relevanssi_related_include_ids":"","_relevanssi_related_exclude_ids":"","_relevanssi_related_no_append":"","_relevanssi_related_not_related":"","_relevanssi_related_posts":"","_relevanssi_noindex_reason":""},"class_list":["post-24","page","type-page","status-publish","hentry"],"acf":{"header":{"component_page_header":{"header_type":"default","title":"Faire un don \u00e0 Common Cause Oregon","lead":"","image":"","subnavigation":false}},"sidebar":{"helper_enable_sidebar":false,"helper_media_contact":{"heading":"","manually_enter_person":false,"person":"","name":"","role":"","phone":"","email":""},"helper_links_downloads":{"heading":"","links":null}},"page_layout":[{"acf_fc_layout":"layout_wysiwyg","_acfe_flexible_toggle":"","component_wysiwyg":{"content":"Common Cause Oregon est un leader dans les combats qui comptent au niveau local, \u00e9tatique et national. Votre soutien permet des actions locales, juridiques et l\u00e9gislatives pour lutter contre les int\u00e9r\u00eats particuliers, demander des comptes aux \u00e9lus et construire une d\u00e9mocratie qui nous repr\u00e9sente tous."}},{"acf_fc_layout":"layout_basic_html","_acfe_flexible_toggle":"","component_basic_html":{"heading":"Be a champion for Democracy","code":"<script src='https:\/\/actionnetwork.org\/widgets\/v5\/fundraising\/common-cause-oregon?format=js&source=website&css=whitelabel&'><\/script><div id='can-fundraising-area-common-cause-oregon' style='width: 100%'><\/div>","width":"medium"}},{"acf_fc_layout":"layout_wysiwyg","_acfe_flexible_toggle":"","component_wysiwyg":{"content":"<h3>Autres fa\u00e7ons de donner\u2026<\/h3>\r\nIl existe de nombreuses fa\u00e7ons de soutenir la mission de Common Cause Oregon visant \u00e0 responsabiliser les pouvoirs publics. Si vous avez des questions ou si vous ne voyez pas votre m\u00e9thode de don pr\u00e9f\u00e9r\u00e9e dans la liste, veuillez contacter la directrice ex\u00e9cutive de Common Cause Oregon, Kate Titus, au : (971) 361-4185 ou <a href=\"mailto:ktitus@commoncause.org\">ktitus@commoncause.org<\/a>\u00a0et nous serons heureux de discuter de vos options pour apporter une contribution.\r\n\r\n<strong>Dons d\u00e9ductibles d&#039;imp\u00f4t<\/strong>\r\n\r\nLes dons \u00e0 Common Cause Oregon ou \u00e0 Common Cause ne sont pas d\u00e9ductibles d&#039;imp\u00f4t, car notre action inclut le lobbying en faveur de r\u00e9formes. En revanche, vous pouvez faire un don d\u00e9ductible d&#039;imp\u00f4t au Common Cause Education Fund, une association affili\u00e9e \u00e0 Common Cause, une organisation caritative 501(c)3 qui soutient nos efforts pour responsabiliser les pouvoirs publics par l&#039;engagement civique et l&#039;\u00e9ducation du public. Vous pouvez \u00e9galement destiner ce don \u00e0 notre action en Oregon. <a href=\"https:\/\/actionnetwork.org\/fundraising\/common-cause-oregon-education-fund\">Cliquez ici pour faire votre don d\u00e9ductible des imp\u00f4ts &gt;&gt;<\/a>\r\n\r\n<strong>Faites un don \u00e0 partir de votre fonds conseill\u00e9 par le donateur\u00a0<\/strong>\r\n\r\nVeuillez envisager de faire un don au Common Cause Education Fund par le biais de votre fonds conseill\u00e9 par le donateur - et de d\u00e9signer sp\u00e9cifiquement ce don pour soutenir notre travail dans l&#039;Oregon. <b>Des questions ?<\/b> Envoyez un courriel ou appelez Rachel Queirolo, directrice nationale des dons majeurs au <a href=\"mailto:rqueirolo@commoncause.org\">rqueirolo@commoncause.org<\/a> ou (202)-736-5773.\r\n\r\n<strong>Dons sur compte de retraite et IRA<\/strong>\r\n\r\nInclure le Common Cause Education Fund comme b\u00e9n\u00e9ficiaire de votre compte de retraite ou de votre IRA est un autre moyen simple et fiscalement avantageux de renforcer la d\u00e9mocratie et de promouvoir la bonne gouvernance. Et vous pouvez d\u00e9signer ce don pour qu&#039;il soit utilis\u00e9 dans l&#039;Oregon. <a href=\"https:\/\/www.commoncause.org\/oregon\/fr\/retirement-funds-or-iras\/\">Cliquez ici pour en savoir plus sur les comptes de retraite et les dons IRA.<\/a>\r\n\r\n<strong>Soutenez Common Cause Oregon dans votre testament<\/strong>\r\n\r\nAidez \u00e0 garantir la promesse de la d\u00e9mocratie pour la prochaine g\u00e9n\u00e9ration en laissant un <a href=\"https:\/\/www.commoncause.org\/oregon\/fr\/support-common-cause-in-your-will\/\">don successoral, tel qu&#039;un legs ou un autre don planifi\u00e9<\/a>. Utilisez ceci <a href=\"https:\/\/www.freewill.com\/commoncause?utm_source=partner&amp;utm_medium=donatepage&amp;utm_campaign=commoncause_website\">Outil de r\u00e9daction de testament GRATUIT<\/a> pour commencer rapidement et facilement. D\u00e9signez votre don \u00e0 Common Cause Oregon.\r\n\r\n<strong>Dons en milieu de travail<\/strong>\r\n\r\nFaire un don \u00e0 Common Cause Oregon par le biais d&#039;un don sur le lieu de travail est pratique et efficace. Cela permet aux employ\u00e9s de soutenir les efforts de responsabilisation du gouvernement et de r\u00e9formes d\u00e9mocratiques sans effort via des retenues sur salaire. Les programmes de dons de contrepartie peuvent amplifier les contributions, maximisant ainsi l&#039;impact. <a href=\"https:\/\/www.commoncause.org\/oregon\/fr\/workplace-giving\/\">Apprenez-en davantage sur les dons en milieu de travail ici &gt;&gt;<\/a>\r\n\r\n<strong>Dons d&#039;actions<\/strong>\r\n\r\nLes dons d&#039;actions et de titres peuvent \u00eatre faits \u00e0 Common Cause et\/ou \u00e0 notre filiale Common Cause Education Fund via Wells Fargo et destin\u00e9s \u00e0 soutenir Common Cause Oregon. <a href=\"https:\/\/www.commoncause.org\/oregon\/fr\/gifts-of-stock\/\">Pour plus de d\u00e9tails sur les dons d&#039;actions, cliquez ici &gt;&gt;<\/a>\r\n\r\n<strong>Soutenir Common Cause Oregon gr\u00e2ce \u00e0 une fondation<\/strong>\r\n\r\nSi vous \u00eates affili\u00e9 \u00e0 une fondation et que vous souhaitez en savoir plus sur notre impact ou faire une subvention au Common Cause Education Fund pour notre travail dans l&#039;Oregon, veuillez contacter : Kate Titus, directrice ex\u00e9cutive de Common Cause Oregon (au 971-361-4185 ou <a href=\"mailto:ktitus@commoncause.org\">ktitus@commoncause.org<\/a>) ou le directeur national des relations avec les fondations, Sam Voorhees (au 202-736-5723 ou <a href=\"mailto:svoorhees@commoncause.org\">svoorhees@commoncause.org)<\/a>.\r\n\r\n<strong>Dons de leadership<\/strong>\r\n\r\nEn faisant un don de $10\u00a0000 ou plus, vous rejoindrez un groupe de d\u00e9fenseurs d\u00e9vou\u00e9s de la d\u00e9mocratie \u00e0 travers le pays. Et en destinant votre don au financement de notre action ici m\u00eame en Oregon, vous aurez un impact consid\u00e9rable. Ici, en Oregon, Common Cause joue un r\u00f4le majeur en pionni\u00e8re de la r\u00e9forme d\u00e9mocratique \u00e9quitable, tout en luttant contre les menaces antid\u00e9mocratiques nationales, \u00e9tatiques et locales. <b>Des questions ?<\/b> Veuillez envoyer un e-mail ou appeler : Kate Titus, directrice ex\u00e9cutive de Common Cause Oregon (au 971-361-4185 ou <a href=\"mailto:ktitus@commoncause.org\">ktitus@commoncause.org<\/a>) ou la directrice nationale des dons majeurs, Rachel Queirolo (\u00e0 <a href=\"mailto:rqueirolo@commoncause.org\">rqueirolo@commoncause.org<\/a> ou 202-736-5773).\r\n\r\n<strong>Dons comm\u00e9moratifs et honorifiques<\/strong>\r\n\r\nUn cadeau qui promeut la d\u00e9mocratie au nom de votre bien-aim\u00e9 est une merveilleuse fa\u00e7on de montrer votre soutien au travail de Common Cause. <a href=\"https:\/\/www.commoncause.org\/oregon\/fr\/memorial-honorary-gifts\/\">Si vous souhaitez faire un don comm\u00e9moratif ou honorifique, veuillez cliquer ici<\/a> ou contactez Sam Anderson-Chinnes au <a href=\"mailto:sanderson@commoncause.org\">sanderson@commoncause.org<\/a>Vous pouvez destiner cet argent \u00e0 Common Cause Oregon.\r\n\r\n<strong>Cause commune nationale<\/strong>\r\n\r\nPour plus d&#039;informations sur les dons \u00e0 l&#039;organisation nationale, contactez les services aux membres au : (202) 833-1200 ou <a href=\"mailto:giving@commoncause.org\">giving@commoncause.org<\/a>"}}]},"yoast_head":"<!-- This site is optimized with the Yoast SEO Premium plugin v26.6 (Yoast SEO v27.1.1) - https:\/\/yoast.com\/product\/yoast-seo-premium-wordpress\/ -->\n<title>Donate - Common Cause Oregon<\/title>\n<meta name=\"robots\" content=\"index, follow, max-snippet:-1, max-image-preview:large, max-video-preview:-1\" \/>\n<link rel=\"canonical\" href=\"https:\/\/www.commoncause.org\/oregon\/fr\/faire-un-don\/\" \/>\n<meta property=\"og:locale\" content=\"fr_FR\" \/>\n<meta property=\"og:type\" content=\"article\" \/>\n<meta property=\"og:title\" content=\"Donate\" \/>\n<meta property=\"og:url\" content=\"https:\/\/www.commoncause.org\/oregon\/fr\/faire-un-don\/\" \/>\n<meta property=\"og:site_name\" content=\"Common Cause Oregon\" \/>\n<meta property=\"article:modified_time\" content=\"2024-08-09T22:30:32+00:00\" \/>\n<meta property=\"og:image\" content=\"https:\/\/www.commoncause.org\/oregon\/wp-content\/uploads\/2024\/08\/common-cause-share-image.png\" \/>\n\t<meta property=\"og:image:width\" content=\"1200\" \/>\n\t<meta property=\"og:image:height\" content=\"630\" \/>\n\t<meta property=\"og:image:type\" content=\"image\/png\" \/>\n<meta name=\"twitter:card\" content=\"summary_large_image\" \/>\n<script type=\"application\/ld+json\" class=\"yoast-schema-graph\">{\"@context\":\"https:\/\/schema.org\",\"@graph\":[{\"@type\":\"WebPage\",\"@id\":\"https:\/\/www.commoncause.org\/oregon\/donate\/\",\"url\":\"https:\/\/www.commoncause.org\/oregon\/donate\/\",\"name\":\"Donate - Common Cause Oregon\",\"isPartOf\":{\"@id\":\"https:\/\/www.commoncause.org\/oregon\/#website\"},\"datePublished\":\"2024-05-07T13:49:46+00:00\",\"dateModified\":\"2024-08-09T22:30:32+00:00\",\"breadcrumb\":{\"@id\":\"https:\/\/www.commoncause.org\/oregon\/donate\/#breadcrumb\"},\"inLanguage\":\"fr-FR\",\"potentialAction\":[{\"@type\":\"ReadAction\",\"target\":[\"https:\/\/www.commoncause.org\/oregon\/donate\/\"]}]},{\"@type\":\"BreadcrumbList\",\"@id\":\"https:\/\/www.commoncause.org\/oregon\/donate\/#breadcrumb\",\"itemListElement\":[{\"@type\":\"ListItem\",\"position\":1,\"name\":\"Home\",\"item\":\"https:\/\/www.commoncause.org\/oregon\/\"},{\"@type\":\"ListItem\",\"position\":2,\"name\":\"Donate\"}]},{\"@type\":\"WebSite\",\"@id\":\"https:\/\/www.commoncause.org\/oregon\/#website\",\"url\":\"https:\/\/www.commoncause.org\/oregon\/\",\"name\":\"Common Cause Oregon\",\"description\":\"\",\"potentialAction\":[{\"@type\":\"SearchAction\",\"target\":{\"@type\":\"EntryPoint\",\"urlTemplate\":\"https:\/\/www.commoncause.org\/oregon\/?s={search_term_string}\"},\"query-input\":{\"@type\":\"PropertyValueSpecification\",\"valueRequired\":true,\"valueName\":\"search_term_string\"}}],\"inLanguage\":\"fr-FR\"}]}<\/script>\n<!-- \/ Yoast SEO Premium plugin. -->","yoast_head_json":{"title":"Faire un don \u2013 Common Cause Oregon","robots":{"index":"index","follow":"follow","max-snippet":"max-snippet:-1","max-image-preview":"max-image-preview:large","max-video-preview":"max-video-preview:-1"},"canonical":"https:\/\/www.commoncause.org\/oregon\/fr\/faire-un-don\/","og_locale":"fr_FR","og_type":"article","og_title":"Donate","og_url":"https:\/\/www.commoncause.org\/oregon\/fr\/faire-un-don\/","og_site_name":"Common Cause Oregon","article_modified_time":"2024-08-09T22:30:32+00:00","og_image":[{"width":1200,"height":630,"url":"https:\/\/www.commoncause.org\/oregon\/wp-content\/uploads\/2024\/08\/common-cause-share-image.png","type":"image\/png"}],"twitter_card":"summary_large_image","schema":{"@context":"https:\/\/schema.org","@graph":[{"@type":"WebPage","@id":"https:\/\/www.commoncause.org\/oregon\/donate\/","url":"https:\/\/www.commoncause.org\/oregon\/donate\/","name":"Faire un don \u2013 Common Cause Oregon","isPartOf":{"@id":"https:\/\/www.commoncause.org\/oregon\/#website"},"datePublished":"2024-05-07T13:49:46+00:00","dateModified":"2024-08-09T22:30:32+00:00","breadcrumb":{"@id":"https:\/\/www.commoncause.org\/oregon\/donate\/#breadcrumb"},"inLanguage":"fr-FR","potentialAction":[{"@type":"ReadAction","target":["https:\/\/www.commoncause.org\/oregon\/donate\/"]}]},{"@type":"BreadcrumbList","@id":"https:\/\/www.commoncause.org\/oregon\/donate\/#breadcrumb","itemListElement":[{"@type":"ListItem","position":1,"name":"Home","item":"https:\/\/www.commoncause.org\/oregon\/"},{"@type":"ListItem","position":2,"name":"Donate"}]},{"@type":"WebSite","@id":"https:\/\/www.commoncause.org\/oregon\/#website","url":"https:\/\/www.commoncause.org\/oregon\/","name":"Cause commune Oregon","description":"","potentialAction":[{"@type":"SearchAction","target":{"@type":"EntryPoint","urlTemplate":"https:\/\/www.commoncause.org\/oregon\/?s={search_term_string}"},"query-input":{"@type":"PropertyValueSpecification","valueRequired":true,"valueName":"search_term_string"}}],"inLanguage":"fr-FR"}]}},"distributor_meta":false,"distributor_terms":false,"distributor_media":false,"distributor_original_site_name":"Common Cause Oregon","distributor_original_site_url":"https:\/\/www.commoncause.org\/oregon\/fr","push-errors":false,"_links":{"self":[{"href":"https:\/\/www.commoncause.org\/oregon\/fr\/wp-json\/wp\/v2\/pages\/24","targetHints":{"allow":["GET"]}}],"collection":[{"href":"https:\/\/www.commoncause.org\/oregon\/fr\/wp-json\/wp\/v2\/pages"}],"about":[{"href":"https:\/\/www.commoncause.org\/oregon\/fr\/wp-json\/wp\/v2\/types\/page"}],"author":[{"embeddable":true,"href":"https:\/\/www.commoncause.org\/oregon\/fr\/wp-json\/wp\/v2\/users\/1"}],"replies":[{"embeddable":true,"href":"https:\/\/www.commoncause.org\/oregon\/fr\/wp-json\/wp\/v2\/comments?post=24"}],"version-history":[{"count":38,"href":"https:\/\/www.commoncause.org\/oregon\/fr\/wp-json\/wp\/v2\/pages\/24\/revisions"}],"predecessor-version":[{"id":1317,"href":"https:\/\/www.commoncause.org\/oregon\/fr\/wp-json\/wp\/v2\/pages\/24\/revisions\/1317"}],"wp:attachment":[{"href":"https:\/\/www.commoncause.org\/oregon\/fr\/wp-json\/wp\/v2\/media?parent=24"}],"curies":[{"name":"wp","href":"https:\/\/api.w.org\/{rel}","templated":true}]}}