{"id":22,"date":"2024-05-07T13:47:43","date_gmt":"2024-05-07T13:47:43","guid":{"rendered":"https:\/\/www.commoncause.org\/ohio\/our-impact\/"},"modified":"2024-07-31T20:04:07","modified_gmt":"2024-08-01T00:04:07","slug":"our-impact","status":"publish","type":"page","link":"https:\/\/www.commoncause.org\/ohio\/vi\/tac-dong-cua-chung-toi\/","title":{"rendered":"T\u00e1c \u0111\u1ed9ng c\u1ee7a ch\u00fang t\u00f4i"},"content":{"rendered":"","protected":false},"excerpt":{"rendered":"","protected":false},"author":1,"featured_media":0,"parent":0,"menu_order":0,"comment_status":"closed","ping_status":"closed","template":"","meta":{"_acf_changed":false,"_relevanssi_hide_post":"","_relevanssi_hide_content":"","_relevanssi_pin_for_all":"","_relevanssi_pin_keywords":"","_relevanssi_unpin_keywords":"","_relevanssi_related_keywords":"","_relevanssi_related_include_ids":"","_relevanssi_related_exclude_ids":"","_relevanssi_related_no_append":"","_relevanssi_related_not_related":"","_relevanssi_related_posts":"","_relevanssi_noindex_reason":""},"class_list":["post-22","page","type-page","status-publish","hentry"],"acf":{"header":{"component_page_header":{"header_type":"background","title":"T\u00e1c \u0111\u1ed9ng c\u1ee7a ch\u00fang t\u00f4i","lead":"Common Cause Ohio advocates for an open, accountable, and transparent government that works for all Ohioans.","image":"","subnavigation":false}},"sidebar":{"helper_enable_sidebar":false,"helper_media_contact":{"heading":"","manually_enter_person":false,"person":"","name":"","role":"","phone":"","email":""},"helper_links_downloads":{"heading":"","links":null}},"page_layout":[{"acf_fc_layout":"layout_wysiwyg","_acfe_flexible_toggle":"","component_wysiwyg":{"content":"<h3><strong>T\u1ed5 ch\u1ee9c Common Cause Ohio xu\u1ea5t hi\u1ec7n v\u00ec c\u1eed tri v\u00e0 n\u1ed7 l\u1ef1c \u0111\u1ec3 y\u00eau c\u1ea7u ch\u00ednh quy\u1ec1n ph\u1ea3i ch\u1ecbu tr\u00e1ch nhi\u1ec7m.<\/strong><\/h3>\r\n<span style=\"font-weight: 400;\">V\u1edbi s\u1ef1 \u1ee7ng h\u1ed9 c\u1ee7a c\u00e1c th\u00e0nh vi\u00ean t\u1eadn t\u1ee5y, ch\u00fang t\u00f4i \u0111\u00e3 nhi\u1ec1u l\u1ea7n xu\u1ea5t hi\u1ec7n \u0111\u1ec3 b\u1ea3o v\u1ec7 quy\u1ec1n l\u1ee3i c\u1ee7a ng\u01b0\u1eddi d\u00e2n Ohio. Ch\u00fang t\u00f4i s\u1ebd ti\u1ebfp t\u1ee5c n\u1ed7 l\u1ef1c \u0111\u1ec3 ch\u00ednh quy\u1ec1n Ohio tr\u1edf n\u00ean c\u1edfi m\u1edf, trung th\u1ef1c v\u00e0 \u0111\u00e1p \u1ee9ng t\u1ed1t h\u01a1n nhu c\u1ea7u c\u1ee7a c\u1eed tri. H\u00e3y c\u00f9ng \u0111i\u1ec3m qua m\u1ed9t s\u1ed1 chi\u1ebfn th\u1eafng c\u00f3 \u1ea3nh h\u01b0\u1edfng nh\u1ea5t c\u1ee7a ch\u00fang t\u00f4i:<\/span>"}},{"acf_fc_layout":"layout_featured_work","_acfe_flexible_toggle":"","component_featured_work":{"content_type":"","button_text":"View This Campaign","secondary_link":null,"manually_curate":true,"small_title":"The Fight for Fair Maps","large_title":"Redistricting Reform","summary":"Common Cause Ohio, through our Fair Districts Coalition, is leading the charge to establish a Citizens Redistricting Commission in Ohio, contributing decades of redistricting reform and grassroots mobilization expertise to the Citizens Not Politicians ballot initiative efforts. Our team has recruited, trained, and equipped more than 2,000 volunteers from 45+ counties to collect signatures and ensure the amendment is on the ballot in November 2024. (Photo courtesy of Paul Becker.)","button":{"title":"The Fight for Fair Maps","url":"https:\/\/www.commoncause.org\/ohio\/work\/fair-and-transparent-mapmaking\/","target":"_blank"},"small_link":"","image":20913}},{"acf_fc_layout":"layout_two_column_text_and_image","_acfe_flexible_toggle":"","component_two_column_text_and_image":{"heading":"Common Cause Ohio Has Deep Roots","columns":[{"image":17281,"title":"Mobilizing Redistricting Reformers","content":"Common Cause Ohio, through our Fair Districts Coalition, is leading the charge to establish a Citizens Redistricting Commission in Ohio, contributing decades of redistricting reform and grassroots mobilization expertise to the Citizens Not Politicians ballot initiative efforts. Our team has recruited, trained, and equipped more than 2,000 volunteers from 45+ counties to collect signatures and ensure the amendment is on the ballot in November 2024.","link":{"title":"","url":"https:\/\/docs.google.com\/forms\/d\/e\/1FAIpQLSfNiY4yqJuL57G5EjNoeg7CwlsD4XK2bzMvzy5dJhr7XZKaHA\/viewform","target":"_blank"}},{"image":16962,"title":"Training Voter Support Volunteers","content":"Each election year, Common Cause Ohio coordinates nonpartisan volunteers across the state to serve as a first line of defense for voters. These volunteers answer voters' questions, make sure that voters know their rights, and report any attempts to intimidate or obstruct voters. This program has helped countless Ohioans make themselves heard at the ballot box.","link":{"title":"","url":"https:\/\/protectthevote.net\/#enroll","target":"_blank"}}]}},{"acf_fc_layout":"layout_featured_work","_acfe_flexible_toggle":"","component_featured_work":{"content_type":"","button_text":"View This Campaign","secondary_link":null,"manually_curate":true,"small_title":"Ohio Campaign","large_title":"Election Protection","summary":"Each election year, Common Cause Ohio coordinates nonpartisan volunteers across the state to serve as a first line of defense for voters. These volunteers answer voters' questions, make sure that voters know their rights, monitor for mis\/disinformation, attend boards of elections meetings, and report any attempts to intimidate or obstruct voters. This program has helped countless Ohioans make themselves heard at the ballot box.","button":{"title":"Join Our Nonpartisan Team","url":"https:\/\/protectthevote.net\/","target":"_blank"},"small_link":"","image":17289}},{"acf_fc_layout":"layout_statistics","_acfe_flexible_toggle":"","component_statistics":{"title":"T\u1ed5 ch\u1ee9c Common Cause Ohio n\u1ed7 l\u1ef1c t\u0103ng c\u01b0\u1eddng s\u1ef1 tham gia c\u1ee7a c\u00f4ng ch\u00fang v\u00e0o n\u1ec1n d\u00e2n ch\u1ee7 c\u1ee7a ch\u00fang ta v\u00e0 \u0111\u1ea3m b\u1ea3o r\u1eb1ng c\u00e1c vi\u00ean ch\u1ee9c nh\u00e0 n\u01b0\u1edbc v\u00e0 c\u00e1c t\u1ed5 ch\u1ee9c c\u00f4ng ph\u1ea3i ch\u1ecbu tr\u00e1ch nhi\u1ec7m v\u00e0 ph\u1ea3n h\u1ed3i v\u1edbi ng\u01b0\u1eddi d\u00e2n.","statistics":[{"component_statistic":{"number":"48,000","text":"Members and supporters","source":"People like you power everything that we do for our democracy."}},{"component_statistic":{"number":"88","text":"Ohio Counties with Common Cause members","source":"Our supporters live and take action in every corner of our state."}},{"component_statistic":{"number":"1.5M","text":"Members Across the Country","source":"Common Cause is working nationwide on the issues that count."}}]}},{"acf_fc_layout":"layout_banner","_acfe_flexible_toggle":"","component_banner":{"use_donate_banner":true,"title":"Title [highlight]with highlighting[\/highlight] and additional text.","button":null,"image":null}}]},"yoast_head":"<!-- This site is optimized with the Yoast SEO Premium plugin v26.6 (Yoast SEO v27.1.1) - https:\/\/yoast.com\/product\/yoast-seo-premium-wordpress\/ -->\n<title>Our Impact - Common Cause Ohio<\/title>\n<meta name=\"robots\" content=\"index, follow, max-snippet:-1, max-image-preview:large, max-video-preview:-1\" \/>\n<link rel=\"canonical\" href=\"https:\/\/www.commoncause.org\/ohio\/vi\/tac-dong-cua-chung-toi\/\" \/>\n<meta property=\"og:locale\" content=\"vi_VN\" \/>\n<meta property=\"og:type\" content=\"article\" \/>\n<meta property=\"og:title\" content=\"Our Impact\" \/>\n<meta property=\"og:url\" content=\"https:\/\/www.commoncause.org\/ohio\/vi\/tac-dong-cua-chung-toi\/\" \/>\n<meta property=\"og:site_name\" content=\"Common Cause Ohio\" \/>\n<meta property=\"article:modified_time\" content=\"2024-08-01T00:04:07+00:00\" \/>\n<meta property=\"og:image\" content=\"https:\/\/www.commoncause.org\/ohio\/wp-content\/uploads\/2024\/08\/OH.png\" \/>\n\t<meta property=\"og:image:width\" content=\"1200\" \/>\n\t<meta property=\"og:image:height\" content=\"675\" \/>\n\t<meta property=\"og:image:type\" content=\"image\/png\" \/>\n<meta name=\"twitter:card\" content=\"summary_large_image\" \/>\n<script type=\"application\/ld+json\" class=\"yoast-schema-graph\">{\"@context\":\"https:\/\/schema.org\",\"@graph\":[{\"@type\":\"WebPage\",\"@id\":\"https:\/\/www.commoncause.org\/ohio\/our-impact\/\",\"url\":\"https:\/\/www.commoncause.org\/ohio\/our-impact\/\",\"name\":\"Our Impact - Common Cause Ohio\",\"isPartOf\":{\"@id\":\"https:\/\/www.commoncause.org\/ohio\/#website\"},\"datePublished\":\"2024-05-07T13:47:43+00:00\",\"dateModified\":\"2024-08-01T00:04:07+00:00\",\"breadcrumb\":{\"@id\":\"https:\/\/www.commoncause.org\/ohio\/our-impact\/#breadcrumb\"},\"inLanguage\":\"vi\",\"potentialAction\":[{\"@type\":\"ReadAction\",\"target\":[\"https:\/\/www.commoncause.org\/ohio\/our-impact\/\"]}]},{\"@type\":\"BreadcrumbList\",\"@id\":\"https:\/\/www.commoncause.org\/ohio\/our-impact\/#breadcrumb\",\"itemListElement\":[{\"@type\":\"ListItem\",\"position\":1,\"name\":\"Home\",\"item\":\"https:\/\/www.commoncause.org\/ohio\/\"},{\"@type\":\"ListItem\",\"position\":2,\"name\":\"Our Impact\"}]},{\"@type\":\"WebSite\",\"@id\":\"https:\/\/www.commoncause.org\/ohio\/#website\",\"url\":\"https:\/\/www.commoncause.org\/ohio\/\",\"name\":\"Common Cause Ohio\",\"description\":\"\",\"potentialAction\":[{\"@type\":\"SearchAction\",\"target\":{\"@type\":\"EntryPoint\",\"urlTemplate\":\"https:\/\/www.commoncause.org\/ohio\/?s={search_term_string}\"},\"query-input\":{\"@type\":\"PropertyValueSpecification\",\"valueRequired\":true,\"valueName\":\"search_term_string\"}}],\"inLanguage\":\"vi\"}]}<\/script>\n<!-- \/ Yoast SEO Premium plugin. -->","yoast_head_json":{"title":"T\u00e1c \u0111\u1ed9ng c\u1ee7a ch\u00fang t\u00f4i - Common Cause Ohio","robots":{"index":"index","follow":"follow","max-snippet":"max-snippet:-1","max-image-preview":"max-image-preview:large","max-video-preview":"max-video-preview:-1"},"canonical":"https:\/\/www.commoncause.org\/ohio\/vi\/tac-dong-cua-chung-toi\/","og_locale":"vi_VN","og_type":"article","og_title":"Our Impact","og_url":"https:\/\/www.commoncause.org\/ohio\/vi\/tac-dong-cua-chung-toi\/","og_site_name":"Common Cause Ohio","article_modified_time":"2024-08-01T00:04:07+00:00","og_image":[{"width":1200,"height":675,"url":"https:\/\/www.commoncause.org\/ohio\/wp-content\/uploads\/2024\/08\/OH.png","type":"image\/png"}],"twitter_card":"summary_large_image","schema":{"@context":"https:\/\/schema.org","@graph":[{"@type":"WebPage","@id":"https:\/\/www.commoncause.org\/ohio\/our-impact\/","url":"https:\/\/www.commoncause.org\/ohio\/our-impact\/","name":"T\u00e1c \u0111\u1ed9ng c\u1ee7a ch\u00fang t\u00f4i - Common Cause Ohio","isPartOf":{"@id":"https:\/\/www.commoncause.org\/ohio\/#website"},"datePublished":"2024-05-07T13:47:43+00:00","dateModified":"2024-08-01T00:04:07+00:00","breadcrumb":{"@id":"https:\/\/www.commoncause.org\/ohio\/our-impact\/#breadcrumb"},"inLanguage":"vi","potentialAction":[{"@type":"ReadAction","target":["https:\/\/www.commoncause.org\/ohio\/our-impact\/"]}]},{"@type":"BreadcrumbList","@id":"https:\/\/www.commoncause.org\/ohio\/our-impact\/#breadcrumb","itemListElement":[{"@type":"ListItem","position":1,"name":"Home","item":"https:\/\/www.commoncause.org\/ohio\/"},{"@type":"ListItem","position":2,"name":"Our Impact"}]},{"@type":"WebSite","@id":"https:\/\/www.commoncause.org\/ohio\/#website","url":"https:\/\/www.commoncause.org\/ohio\/","name":"Nguy\u00ean nh\u00e2n chung Ohio","description":"","potentialAction":[{"@type":"SearchAction","target":{"@type":"EntryPoint","urlTemplate":"https:\/\/www.commoncause.org\/ohio\/?s={search_term_string}"},"query-input":{"@type":"PropertyValueSpecification","valueRequired":true,"valueName":"search_term_string"}}],"inLanguage":"vi"}]}},"distributor_meta":false,"distributor_terms":false,"distributor_media":false,"distributor_original_site_name":"Common Cause Ohio","distributor_original_site_url":"https:\/\/www.commoncause.org\/ohio\/vi","push-errors":false,"_links":{"self":[{"href":"https:\/\/www.commoncause.org\/ohio\/vi\/wp-json\/wp\/v2\/pages\/22","targetHints":{"allow":["GET"]}}],"collection":[{"href":"https:\/\/www.commoncause.org\/ohio\/vi\/wp-json\/wp\/v2\/pages"}],"about":[{"href":"https:\/\/www.commoncause.org\/ohio\/vi\/wp-json\/wp\/v2\/types\/page"}],"author":[{"embeddable":true,"href":"https:\/\/www.commoncause.org\/ohio\/vi\/wp-json\/wp\/v2\/users\/1"}],"replies":[{"embeddable":true,"href":"https:\/\/www.commoncause.org\/ohio\/vi\/wp-json\/wp\/v2\/comments?post=22"}],"version-history":[{"count":39,"href":"https:\/\/www.commoncause.org\/ohio\/vi\/wp-json\/wp\/v2\/pages\/22\/revisions"}],"predecessor-version":[{"id":1407,"href":"https:\/\/www.commoncause.org\/ohio\/vi\/wp-json\/wp\/v2\/pages\/22\/revisions\/1407"}],"wp:attachment":[{"href":"https:\/\/www.commoncause.org\/ohio\/vi\/wp-json\/wp\/v2\/media?parent=22"}],"curies":[{"name":"wp","href":"https:\/\/api.w.org\/{rel}","templated":true}]}}